{"id":970,"date":"2020-08-26T16:09:11","date_gmt":"2020-08-26T16:09:11","guid":{"rendered":"http:\/\/thsc.pt\/?page_id=970"},"modified":"2023-08-01T17:01:24","modified_gmt":"2023-08-01T16:01:24","slug":"sala","status":"publish","type":"page","link":"http:\/\/thsc.pt\/?page_id=970","title":{"rendered":"Sala"},"content":{"rendered":"\t\t<div data-elementor-type=\"wp-page\" data-elementor-id=\"970\" class=\"elementor elementor-970\" data-elementor-settings=\"[]\">\n\t\t\t\t\t\t<div class=\"elementor-inner\">\n\t\t\t\t\t\t\t<div class=\"elementor-section-wrap\">\n\t\t\t\t\t\t\t<section class=\"elementor-section elementor-top-section elementor-element elementor-element-3b31956 elementor-section-full_width elementor-section-content-top elementor-section-stretched elementor-section-height-min-height elementor-section-height-default elementor-section-items-middle\" data-id=\"3b31956\" data-element_type=\"section\" data-settings=\"{&quot;background_background&quot;:&quot;classic&quot;,&quot;stretch_section&quot;:&quot;section-stretched&quot;}\">\n\t\t\t\t\t\t<div class=\"elementor-container elementor-column-gap-no\">\n\t\t\t\t\t\t\t<div class=\"elementor-row\">\n\t\t\t\t\t<div class=\"elementor-column elementor-col-50 elementor-top-column elementor-element elementor-element-7cd5816\" data-id=\"7cd5816\" data-element_type=\"column\">\n\t\t\t<div class=\"elementor-column-wrap elementor-element-populated\">\n\t\t\t\t\t\t\t<div class=\"elementor-widget-wrap\">\n\t\t\t\t\t\t<div class=\"elementor-element elementor-element-eec6bd5 elementor-widget elementor-widget-image\" data-id=\"eec6bd5\" data-element_type=\"widget\" data-widget_type=\"image.default\">\n\t\t\t\t<div class=\"elementor-widget-container\">\n\t\t\t\t\t<div class=\"elementor-image\">\n\t\t\t\t\t\t\t\t\t\t<img width=\"768\" height=\"432\" src=\"http:\/\/thsc.pt\/wp-content\/uploads\/2020\/08\/thsc1-768x432.jpg\" class=\"attachment-medium_large size-medium_large\" alt=\"\" decoding=\"async\" loading=\"lazy\" srcset=\"http:\/\/thsc.pt\/wp-content\/uploads\/2020\/08\/thsc1-768x432.jpg 768w, http:\/\/thsc.pt\/wp-content\/uploads\/2020\/08\/thsc1-300x169.jpg 300w, http:\/\/thsc.pt\/wp-content\/uploads\/2020\/08\/thsc1-1024x576.jpg 1024w, http:\/\/thsc.pt\/wp-content\/uploads\/2020\/08\/thsc1.jpg 1372w\" sizes=\"(max-width: 768px) 100vw, 768px\" \/>\t\t\t\t\t\t\t\t\t\t\t<\/div>\n\t\t\t\t<\/div>\n\t\t\t\t<\/div>\n\t\t\t\t<div class=\"elementor-element elementor-element-452253a elementor-widget elementor-widget-image\" data-id=\"452253a\" data-element_type=\"widget\" data-widget_type=\"image.default\">\n\t\t\t\t<div class=\"elementor-widget-container\">\n\t\t\t\t\t<div class=\"elementor-image\">\n\t\t\t\t\t\t\t\t\t\t<img decoding=\"async\" src=\"http:\/\/thsc.pt\/wp-content\/uploads\/elementor\/thumbs\/thsc_2-768x432-1-oug0xpimtnnr2242l9q8mi28dixr58sd7t9cpco4a4.jpg\" title=\"thsc_2-768&#215;432\" alt=\"thsc_2-768x432\" \/>\t\t\t\t\t\t\t\t\t\t\t<\/div>\n\t\t\t\t<\/div>\n\t\t\t\t<\/div>\n\t\t\t\t\t\t<\/div>\n\t\t\t\t\t<\/div>\n\t\t<\/div>\n\t\t\t\t<div class=\"elementor-column elementor-col-50 elementor-top-column elementor-element elementor-element-f5231ab\" data-id=\"f5231ab\" data-element_type=\"column\">\n\t\t\t<div class=\"elementor-column-wrap elementor-element-populated\">\n\t\t\t\t\t\t\t<div class=\"elementor-widget-wrap\">\n\t\t\t\t\t\t<div class=\"elementor-element elementor-element-c8c63ef elementor-widget elementor-widget-text-editor\" data-id=\"c8c63ef\" data-element_type=\"widget\" data-widget_type=\"text-editor.default\">\n\t\t\t\t<div class=\"elementor-widget-container\">\n\t\t\t\t\t<div class=\"elementor-text-editor elementor-clearfix\"><p><span style=\"color: var( --e-global-color-text ); font-family: var( --e-global-typography-text-font-family );\">O Teatro Helena S\u00e1 e Costa (THSC) \u00e9 uma estrutura integrada na Escola Superior de M\u00fasica e Artes do Espet\u00e1culo, constru\u00edda de raiz no seu p\u00e1tio interior. O THSC tem como miss\u00e3o divulgar e fomentar as Artes, enquanto ferramentas do processo do conhecimento e do crescimento integral do indiv\u00edduo, nas vertentes da dan\u00e7a, m\u00fasica e teatro, potenciando a revela\u00e7\u00e3o de novas tend\u00eancias e suportando movimentos de projetos art\u00edsticos embrion\u00e1rios dentro e fora da institui\u00e7\u00e3o. Os seus objetivos passam por promover projetos art\u00edsticos capazes de captar e fidelizar novos segmentos de p\u00fablico(s) e por participar na dinamiza\u00e7\u00e3o cultural da cidade do Porto. O THSC tem como estrat\u00e9gia a apresenta\u00e7\u00e3o de novas cria\u00e7\u00f5es e criadores, o acolhimento de produ\u00e7\u00f5es exteriores, particularmente inseridas nas novas linguagens das artes performativas e multim\u00e9dia e o acolhimento das produ\u00e7\u00f5es da ESMAE nas \u00e1reas da m\u00fasica e teatro. O Teatro Helena S\u00e1 e Costa oferece a todos os alunos, professores e funcion\u00e1rios uma caderneta de acessos gratuitos a espet\u00e1culos que fa\u00e7am parte da sua programa\u00e7\u00e3o.<\/span><\/p><\/div>\n\t\t\t\t<\/div>\n\t\t\t\t<\/div>\n\t\t\t\t<div class=\"elementor-element elementor-element-3f9e900 elementor-widget elementor-widget-text-editor\" data-id=\"3f9e900\" data-element_type=\"widget\" data-widget_type=\"text-editor.default\">\n\t\t\t\t<div class=\"elementor-widget-container\">\n\t\t\t\t\t<div class=\"elementor-text-editor elementor-clearfix\"><p><span style=\"color: #000000;\"><strong>LOTA\u00c7\u00c3O 224&nbsp;<\/strong><\/span><span style=\"color: #000000;\"><span style=\"caret-color: #000000;\"><b>lugares<\/b><\/span><\/span><\/p>\n<p><span style=\"color: #000000;\"><strong>Plateia<\/strong><\/span><br>176 lugares<\/p>\n<p><strong>Balc\u00e3o<\/strong><br>48 lugares<\/p>\n<p><span style=\"color: #000000;\"><strong>INFORMA\u00c7\u00d5ES T\u00c9CNICAS<\/strong><\/span><\/p>\n<p>Para a obten\u00e7\u00e3o de informa\u00e7\u00f5es t\u00e9cnicas enviar mail para&nbsp;<a href=\"mailto:thsc@esmae.ipp.pt\">thsc@esmae.ipp.pt&nbsp;<\/a><\/p><p><br><\/p><\/div>\n\t\t\t\t<\/div>\n\t\t\t\t<\/div>\n\t\t\t\t\t\t<\/div>\n\t\t\t\t\t<\/div>\n\t\t<\/div>\n\t\t\t\t\t\t\t\t<\/div>\n\t\t\t\t\t<\/div>\n\t\t<\/section>\n\t\t\t\t\t\t<\/div>\n\t\t\t\t\t\t<\/div>\n\t\t\t\t\t<\/div>\n\t\t","protected":false},"excerpt":{"rendered":"<p>O Teatro Helena S\u00e1 e Costa (THSC) \u00e9 uma estrutura integrada na Escola Superior de M\u00fasica e Artes do Espet\u00e1culo, [&hellip;]<\/p>\n","protected":false},"author":1,"featured_media":0,"parent":0,"menu_order":0,"comment_status":"closed","ping_status":"closed","template":"","meta":[],"_links":{"self":[{"href":"http:\/\/thsc.pt\/index.php?rest_route=\/wp\/v2\/pages\/970"}],"collection":[{"href":"http:\/\/thsc.pt\/index.php?rest_route=\/wp\/v2\/pages"}],"about":[{"href":"http:\/\/thsc.pt\/index.php?rest_route=\/wp\/v2\/types\/page"}],"author":[{"embeddable":true,"href":"http:\/\/thsc.pt\/index.php?rest_route=\/wp\/v2\/users\/1"}],"replies":[{"embeddable":true,"href":"http:\/\/thsc.pt\/index.php?rest_route=%2Fwp%2Fv2%2Fcomments&post=970"}],"version-history":[{"count":27,"href":"http:\/\/thsc.pt\/index.php?rest_route=\/wp\/v2\/pages\/970\/revisions"}],"predecessor-version":[{"id":4487,"href":"http:\/\/thsc.pt\/index.php?rest_route=\/wp\/v2\/pages\/970\/revisions\/4487"}],"wp:attachment":[{"href":"http:\/\/thsc.pt\/index.php?rest_route=%2Fwp%2Fv2%2Fmedia&parent=970"}],"curies":[{"name":"wp","href":"https:\/\/api.w.org\/{rel}","templated":true}]}}