{"id":6441,"date":"2026-05-08T15:06:54","date_gmt":"2026-05-08T14:06:54","guid":{"rendered":"http:\/\/thsc.pt\/?page_id=6441"},"modified":"2026-05-13T18:44:19","modified_gmt":"2026-05-13T17:44:19","slug":"o-empresario-e-outras-bagatelas-de-mozart-e-nao-so","status":"publish","type":"page","link":"http:\/\/thsc.pt\/?page_id=6441","title":{"rendered":"O Empres\u00e1rio e Outras Bagatelas, de Mozart e n\u00e3o s\u00f3"},"content":{"rendered":"\t\t<div data-elementor-type=\"wp-page\" data-elementor-id=\"6441\" class=\"elementor elementor-6441\" data-elementor-settings=\"[]\">\n\t\t\t\t\t\t<div class=\"elementor-inner\">\n\t\t\t\t\t\t\t<div class=\"elementor-section-wrap\">\n\t\t\t\t\t\t\t<section class=\"elementor-section elementor-top-section elementor-element elementor-element-7db854f3 elementor-section-height-min-height elementor-section-boxed elementor-section-height-default elementor-section-items-middle\" data-id=\"7db854f3\" data-element_type=\"section\" data-settings=\"{&quot;background_background&quot;:&quot;classic&quot;}\">\n\t\t\t\t\t\t\t<div class=\"elementor-background-overlay\"><\/div>\n\t\t\t\t\t\t\t<div class=\"elementor-container elementor-column-gap-default\">\n\t\t\t\t\t\t\t<div class=\"elementor-row\">\n\t\t\t\t\t<div class=\"elementor-column elementor-col-100 elementor-top-column elementor-element elementor-element-fb5b8c4\" data-id=\"fb5b8c4\" data-element_type=\"column\">\n\t\t\t<div class=\"elementor-column-wrap elementor-element-populated\">\n\t\t\t\t\t\t\t<div class=\"elementor-widget-wrap\">\n\t\t\t\t\t\t<div class=\"elementor-element elementor-element-29eb194b elementor-widget elementor-widget-spacer\" data-id=\"29eb194b\" data-element_type=\"widget\" data-widget_type=\"spacer.default\">\n\t\t\t\t<div class=\"elementor-widget-container\">\n\t\t\t\t\t<div class=\"elementor-spacer\">\n\t\t\t<div class=\"elementor-spacer-inner\"><\/div>\n\t\t<\/div>\n\t\t\t\t<\/div>\n\t\t\t\t<\/div>\n\t\t\t\t<div class=\"elementor-element elementor-element-4c0e15df elementor-widget elementor-widget-heading\" data-id=\"4c0e15df\" data-element_type=\"widget\" data-widget_type=\"heading.default\">\n\t\t\t\t<div class=\"elementor-widget-container\">\n\t\t\t<h1 class=\"elementor-heading-title elementor-size-large\">O EMPRES\u00c1RIO E OUTRAS BAGATELAS, DE MOZART E N\u00c3O S\u00d3<\/h1>\t\t<\/div>\n\t\t\t\t<\/div>\n\t\t\t\t<div class=\"elementor-element elementor-element-5ea651b6 elementor-widget elementor-widget-text-editor\" data-id=\"5ea651b6\" data-element_type=\"widget\" data-widget_type=\"text-editor.default\">\n\t\t\t\t<div class=\"elementor-widget-container\">\n\t\t\t\t\t<div class=\"elementor-text-editor elementor-clearfix\"><h2><strong><span style=\"color: #ffffff;\">5 e 6 de junho de 2026<\/span><\/strong><\/h2><p><strong><span style=\"color: #ffffff;\">Sexta \u2013 21h00<\/span><\/strong><br \/><strong><span style=\"color: #ffffff;\">S\u00e1bado \u2013 18h00<\/span><\/strong><\/p><\/div>\n\t\t\t\t<\/div>\n\t\t\t\t<\/div>\n\t\t\t\t<section class=\"elementor-section elementor-inner-section elementor-element elementor-element-38116974 elementor-section-content-middle elementor-section-boxed elementor-section-height-default elementor-section-height-default\" data-id=\"38116974\" data-element_type=\"section\">\n\t\t\t\t\t\t<div class=\"elementor-container elementor-column-gap-extended\">\n\t\t\t\t\t\t\t<div class=\"elementor-row\">\n\t\t\t\t\t<div class=\"elementor-column elementor-col-100 elementor-inner-column elementor-element elementor-element-27d01be0\" data-id=\"27d01be0\" data-element_type=\"column\">\n\t\t\t<div class=\"elementor-column-wrap elementor-element-populated\">\n\t\t\t\t\t\t\t<div class=\"elementor-widget-wrap\">\n\t\t\t\t\t\t<div class=\"elementor-element elementor-element-6ab2df5a elementor-widget elementor-widget-text-editor\" data-id=\"6ab2df5a\" data-element_type=\"widget\" data-widget_type=\"text-editor.default\">\n\t\t\t\t<div class=\"elementor-widget-container\">\n\t\t\t\t\t<div class=\"elementor-text-editor elementor-clearfix\"><h5><span style=\"color: #ffffff;\"><b><span style=\"font-family: var( --e-global-typography-text-font-family );\">M\/16 | BILHETES : 5,00 A 7,00 EUROS\u00a0<\/span><\/b><\/span><\/h5><\/div>\n\t\t\t\t<\/div>\n\t\t\t\t<\/div>\n\t\t\t\t\t\t<\/div>\n\t\t\t\t\t<\/div>\n\t\t<\/div>\n\t\t\t\t\t\t\t\t<\/div>\n\t\t\t\t\t<\/div>\n\t\t<\/section>\n\t\t\t\t\t\t<\/div>\n\t\t\t\t\t<\/div>\n\t\t<\/div>\n\t\t\t\t\t\t\t\t<\/div>\n\t\t\t\t\t<\/div>\n\t\t<\/section>\n\t\t\t\t<section class=\"elementor-section elementor-top-section elementor-element elementor-element-7b73353c elementor-section-boxed elementor-section-height-default elementor-section-height-default\" data-id=\"7b73353c\" data-element_type=\"section\" data-settings=\"{&quot;background_background&quot;:&quot;classic&quot;}\">\n\t\t\t\t\t\t<div class=\"elementor-container elementor-column-gap-default\">\n\t\t\t\t\t\t\t<div class=\"elementor-row\">\n\t\t\t\t\t<div class=\"elementor-column elementor-col-50 elementor-top-column elementor-element elementor-element-1fae30b7\" data-id=\"1fae30b7\" data-element_type=\"column\">\n\t\t\t<div class=\"elementor-column-wrap elementor-element-populated\">\n\t\t\t\t\t\t\t<div class=\"elementor-widget-wrap\">\n\t\t\t\t\t\t<div class=\"elementor-element elementor-element-72c08bd0 elementor-widget elementor-widget-spacer\" data-id=\"72c08bd0\" data-element_type=\"widget\" data-widget_type=\"spacer.default\">\n\t\t\t\t<div class=\"elementor-widget-container\">\n\t\t\t\t\t<div class=\"elementor-spacer\">\n\t\t\t<div class=\"elementor-spacer-inner\"><\/div>\n\t\t<\/div>\n\t\t\t\t<\/div>\n\t\t\t\t<\/div>\n\t\t\t\t<div class=\"elementor-element elementor-element-3d52ee8a elementor-widget elementor-widget-text-editor\" data-id=\"3d52ee8a\" data-element_type=\"widget\" data-widget_type=\"text-editor.default\">\n\t\t\t\t<div class=\"elementor-widget-container\">\n\t\t\t\t\t<div class=\"elementor-text-editor elementor-clearfix\"><p>Frank \u00e9 um empres\u00e1rio com altos padr\u00f5es de qualidade que trabalha com a sua assistente, uma aspirante a artista, na produ\u00e7\u00e3o de \u00f3peras e pe\u00e7as de teatro. Ao conseguirem um subs\u00eddio muito inferior ao solicitado para realizar uma produ\u00e7\u00e3o em Salzburgo, inicia-se uma verdadeira maratona na sele\u00e7\u00e3o dos cantores. Frank, apesar dos condicionalismos, deseja montar algo de bom gosto, de inquestion\u00e1vel qualidade, mas a sua assistente, de modo a viabilizar a produ\u00e7\u00e3o, s\u00f3 pensa em cantores e solu\u00e7\u00f5es alternativas. \u00c9 colocado um an\u00fancio para os testes de sele\u00e7\u00e3o e come\u00e7am a chegar os candidatos.<\/p><p><strong>Der Schauspieldirektor, K.486<\/strong> \u00e9 um exemplo cl\u00e1ssico do Singspiel, um g\u00e9nero alem\u00e3o que mistura partes faladas com n\u00fameros musicais \u2014 algo entre teatro e \u00f3pera. A obra foi composta por Wolfgang Amadeus Mozart em tempo recorde (cerca de 17 dias) e estreou no Pal\u00e1cio de Sch\u00f6nbrunn em 1786, com libreto de Johann Gottlieb Stephanie Jr. O que torna esta pe\u00e7a particularmente interessante \u00e9 o seu car\u00e1ter meta-teatral: fala sobre o pr\u00f3prio mundo do espet\u00e1culo. Na sinopse que apresentas, isso aparece de forma moderna e adaptada \u2014 Frank, o empres\u00e1rio exigente, e a sua assistente enfrentam limita\u00e7\u00f5es financeiras e entram numa corrida para montar uma produ\u00e7\u00e3o vi\u00e1vel. O conflito entre \u201cqualidade art\u00edstica\u201d e \u201cpragmatismo\u201d \u00e9 central e continua bastante atual. Al\u00e9m da abertura, a \u00f3pera \u00e9 constitu\u00edda por quatro n\u00fameros musicais.\u00a0 O libreto original cont\u00e9m seis pap\u00e9is para atores e quatro para cantores. Nesta produ\u00e7\u00e3o do Est\u00fadio de \u00d3pera da ESMAE, os atores s\u00e3o substitu\u00eddos por cantores que interpretam outras \u00e1rias (de Mozart e n\u00e3o s\u00f3) que mant\u00e9m a fluidez musical e d\u00e3o unidade ao espet\u00e1culo, ao mesmo tempo que homenageiam o repert\u00f3rio mais amplo.<\/p><p><strong><em>Ant\u00f3nio Dur\u00e3es<\/em><\/strong><\/p><p>\u00c9 comum dizer-se que a dupla Mozart\/ Da Ponte redefiniu a \u00f3pera, redimensionou a pot\u00eancia da rela\u00e7\u00e3o musico-teatral e, algu\u00e9m dizia at\u00e9 que poder\u00edamos bem viver s\u00f3 com as suas cria\u00e7\u00f5es. Prov\u00e1-lo n\u00e3o \u00e9 tarefa demorada nem \u00e1rdua. Percorram-se as partituras de <em>Cosi fan Tutte<\/em>, As <em>Bodas de F\u00edgaro<\/em> ou D. Giovanni, com olhos e ouvidos atentos, e ao cabo de algumas p\u00e1ginas teremos uma resposta, provavelmente, inequ\u00edvoca. Mas, tamb\u00e9m \u00e9 verdade que a longa viagem da \u00f3pera foi escrita por muitas outras m\u00e3os e esp\u00edritos extraordin\u00e1rios, trazendo \u00e0 m\u00fasica novas dimens\u00f5es teatrais. Elaborado num contexto de Est\u00fadio de \u00d3pera, o programa que hoje aqui nos traz, visita algumas p\u00e1ginas criadas por alguns dos esp\u00edritos teatrais que moldaram a \u00f3pera tal como a conhecemos: Bernstein, Verdi, Donizetti e, claro, Mozart. Mergulhar nestes diferentes universos \u00e9 indispens\u00e1vel para o crescimento do jovem cantor. Musica e teatro potenciam-se e oferecem o justo impulso ao jogo coletivo e \u00e0 descoberta individual. Pela justeza da escrita, abre-se, a cada regresso, uma nova leitura, uma outra possibilidade de realiza\u00e7\u00e3o, um novo insuflar de vida; recitativos, \u00e1rias, conjuntos e cenas s\u00e3o postas na mesa para dar a manusear tempos de a\u00e7\u00e3o, de espera, de rea\u00e7\u00e3o, de jogo teatral e musical, entre o \u201ceu\u201d e os outros, arriscando novos sons, gestos e \u2013 fundamental \u2013 novas formas de olhar e pensar o escrito. Visitar estas p\u00e1ginas \u00e9 como visitar aquele amigo que nos delicia contando sempre a mesma hist\u00f3ria de um modo diferente. Mas mais do que isso \u00e9 fazer dessa hist\u00f3ria a hist\u00f3ria de cada um dos que se cruzam com ela e a fazem sua. Viva Mozart.<\/p><p><strong><em>M\u00e1rio Alves<\/em><\/strong><\/p><\/div>\n\t\t\t\t<\/div>\n\t\t\t\t<\/div>\n\t\t\t\t\t\t<\/div>\n\t\t\t\t\t<\/div>\n\t\t<\/div>\n\t\t\t\t<div class=\"elementor-column elementor-col-50 elementor-top-column elementor-element elementor-element-210b6ce3\" data-id=\"210b6ce3\" data-element_type=\"column\" data-settings=\"{&quot;background_background&quot;:&quot;classic&quot;}\">\n\t\t\t<div class=\"elementor-column-wrap elementor-element-populated\">\n\t\t\t\t\t<div class=\"elementor-background-overlay\"><\/div>\n\t\t\t\t\t\t\t<div class=\"elementor-widget-wrap\">\n\t\t\t\t\t\t<div class=\"elementor-element elementor-element-c1de4d0 elementor-widget elementor-widget-image\" data-id=\"c1de4d0\" data-element_type=\"widget\" data-widget_type=\"image.default\">\n\t\t\t\t<div class=\"elementor-widget-container\">\n\t\t\t\t\t<div class=\"elementor-image\">\n\t\t\t\t\t\t\t\t\t\t<img width=\"724\" height=\"1024\" src=\"http:\/\/thsc.pt\/wp-content\/uploads\/2026\/05\/cartaz1-724x1024.png\" class=\"attachment-large size-large\" alt=\"\" decoding=\"async\" loading=\"lazy\" srcset=\"http:\/\/thsc.pt\/wp-content\/uploads\/2026\/05\/cartaz1-724x1024.png 724w, http:\/\/thsc.pt\/wp-content\/uploads\/2026\/05\/cartaz1-212x300.png 212w, http:\/\/thsc.pt\/wp-content\/uploads\/2026\/05\/cartaz1-768x1086.png 768w, http:\/\/thsc.pt\/wp-content\/uploads\/2026\/05\/cartaz1-1087x1536.png 1087w, http:\/\/thsc.pt\/wp-content\/uploads\/2026\/05\/cartaz1-1449x2048.png 1449w, http:\/\/thsc.pt\/wp-content\/uploads\/2026\/05\/cartaz1.png 1685w\" sizes=\"(max-width: 724px) 100vw, 724px\" \/>\t\t\t\t\t\t\t\t\t\t\t<\/div>\n\t\t\t\t<\/div>\n\t\t\t\t<\/div>\n\t\t\t\t\t\t<\/div>\n\t\t\t\t\t<\/div>\n\t\t<\/div>\n\t\t\t\t\t\t\t\t<\/div>\n\t\t\t\t\t<\/div>\n\t\t<\/section>\n\t\t\t\t<section class=\"elementor-section elementor-top-section elementor-element elementor-element-79f8201e elementor-section-boxed elementor-section-height-default elementor-section-height-default\" data-id=\"79f8201e\" data-element_type=\"section\" data-settings=\"{&quot;background_background&quot;:&quot;classic&quot;}\">\n\t\t\t\t\t\t<div class=\"elementor-container elementor-column-gap-default\">\n\t\t\t\t\t\t\t<div class=\"elementor-row\">\n\t\t\t\t\t\t\t\t\t<\/div>\n\t\t\t\t\t<\/div>\n\t\t<\/section>\n\t\t\t\t<section class=\"elementor-section elementor-top-section elementor-element elementor-element-aba16dc elementor-section-full_width elementor-section-height-min-height elementor-section-height-default elementor-section-items-middle\" data-id=\"aba16dc\" data-element_type=\"section\" data-settings=\"{&quot;background_background&quot;:&quot;classic&quot;}\">\n\t\t\t\t\t\t<div class=\"elementor-container elementor-column-gap-no\">\n\t\t\t\t\t\t\t<div class=\"elementor-row\">\n\t\t\t\t\t<div class=\"elementor-column elementor-col-50 elementor-top-column elementor-element elementor-element-7e150ed1\" data-id=\"7e150ed1\" data-element_type=\"column\">\n\t\t\t<div class=\"elementor-column-wrap elementor-element-populated\">\n\t\t\t\t\t\t\t<div class=\"elementor-widget-wrap\">\n\t\t\t\t\t\t<div class=\"elementor-element elementor-element-6c619a26 elementor-widget elementor-widget-text-editor\" data-id=\"6c619a26\" data-element_type=\"widget\" data-widget_type=\"text-editor.default\">\n\t\t\t\t<div class=\"elementor-widget-container\">\n\t\t\t\t\t<div class=\"elementor-text-editor elementor-clearfix\"><blockquote><p class=\"p1\"><span style=\"color: #333333;\"><strong>Equipa Criativa e Art\u00edstica<\/strong><\/span><\/p><\/blockquote><p class=\"p1\" style=\"padding-left: 40px;\"><span style=\"color: #333333;\"><strong>M\u00fasica<\/strong><\/span><br \/><span style=\"color: #333333;\">W. A. Mozart (1756-1791)<\/span><\/p><p class=\"p1\" style=\"padding-left: 40px;\"><span style=\"color: #333333;\"><strong>Libreto<\/strong><\/span><br \/><span style=\"color: #333333;\">Gottlieb Stephanie der J\u00fcngere (1741-1800)<\/span><\/p><p class=\"p1\" style=\"padding-left: 40px;\"><span style=\"color: #333333;\"><strong>Adapta\u00e7\u00e3o e (Re)Texto<\/strong><\/span><br \/><span style=\"color: #333333;\">Ant\u00f3nio Dur\u00e3es<br \/><em>a partir da tradu\u00e7\u00e3o e adapta\u00e7\u00e3o de Virg\u00edlio Melo<\/em><\/span><\/p><p class=\"p1\" style=\"padding-left: 40px;\"><span style=\"color: #333333;\"><strong>Dire\u00e7\u00e3o Art\u00edstica e Produ\u00e7\u00e3o<\/strong><\/span><br \/><span style=\"color: #333333;\">Ant\u00f3nio Salgado<\/span><\/p><p class=\"p1\" style=\"padding-left: 40px;\"><span style=\"color: #333333;\"><strong>Dire\u00e7\u00e3o Musical<\/strong><br \/>Jan Wierzba<\/span><\/p><p class=\"p1\" style=\"padding-left: 40px;\"><span style=\"color: #333333;\"><strong>Encena\u00e7\u00e3o<\/strong><br \/>Ant\u00f3nio Dur\u00e3es<br \/><em>inclui cenas anteriormente montadas por M\u00e1rio Jo\u00e3o Alves<\/em><\/span><\/p><p class=\"p1\" style=\"padding-left: 40px;\"><span style=\"color: #333333;\"><strong>Correpeti\u00e7\u00e3o<\/strong><br \/>David Ferreira<br \/>Andoni Mu\u00f1oz Z\u00e1bal<br \/>Miguel Santos<\/span><\/p><\/div>\n\t\t\t\t<\/div>\n\t\t\t\t<\/div>\n\t\t\t\t\t\t<\/div>\n\t\t\t\t\t<\/div>\n\t\t<\/div>\n\t\t\t\t<div class=\"elementor-column elementor-col-50 elementor-top-column elementor-element elementor-element-1cbd3961\" data-id=\"1cbd3961\" data-element_type=\"column\">\n\t\t\t<div class=\"elementor-column-wrap elementor-element-populated\">\n\t\t\t\t\t\t\t<div class=\"elementor-widget-wrap\">\n\t\t\t\t\t\t<div class=\"elementor-element elementor-element-7815509c elementor-widget elementor-widget-text-editor\" data-id=\"7815509c\" data-element_type=\"widget\" data-widget_type=\"text-editor.default\">\n\t\t\t\t<div class=\"elementor-widget-container\">\n\t\t\t\t\t<div class=\"elementor-text-editor elementor-clearfix\"><p class=\"p1\"><span style=\"color: #333333;\"><strong>Cenografia<\/strong><\/span><br \/><span style=\"color: #333333;\">Manuela Braga<\/span><\/p><p class=\"p1\"><span style=\"color: #333333;\"><strong>Luz<\/strong><\/span><br \/><span style=\"color: #333333;\">B\u00e1rbara Rey<\/span><\/p><p class=\"p1\"><span style=\"color: #333333;\"><strong>Figurinos<\/strong><\/span><br \/><span style=\"color: #333333;\">Ariana Pinto<br \/>Maria In\u00eas Ferreira<\/span><\/p><p class=\"p1\"><span style=\"color: #333333;\"><strong>Dire\u00e7\u00e3o de Cena e Produ\u00e7\u00e3o<\/strong><\/span><br \/><span style=\"color: #333333;\">\u00cdris Murta<\/span><\/p><p class=\"p1\"><strong><span style=\"color: #333333;\">Orquestra ESMAE<\/span><\/strong><\/p><p><strong>Produ\u00e7\u00e3o \u00d3pera Est\u00fadio ESMAE<\/strong><\/p><\/div>\n\t\t\t\t<\/div>\n\t\t\t\t<\/div>\n\t\t\t\t\t\t<\/div>\n\t\t\t\t\t<\/div>\n\t\t<\/div>\n\t\t\t\t\t\t\t\t<\/div>\n\t\t\t\t\t<\/div>\n\t\t<\/section>\n\t\t\t\t<section class=\"elementor-section elementor-top-section elementor-element elementor-element-126b8d86 elementor-section-full_width elementor-section-stretched elementor-section-height-default elementor-section-height-default\" data-id=\"126b8d86\" data-element_type=\"section\" data-settings=\"{&quot;stretch_section&quot;:&quot;section-stretched&quot;,&quot;background_background&quot;:&quot;classic&quot;}\">\n\t\t\t\t\t\t<div class=\"elementor-container elementor-column-gap-default\">\n\t\t\t\t\t\t\t<div class=\"elementor-row\">\n\t\t\t\t\t<div class=\"elementor-column elementor-col-100 elementor-top-column elementor-element elementor-element-1c9091a6\" data-id=\"1c9091a6\" data-element_type=\"column\">\n\t\t\t<div class=\"elementor-column-wrap elementor-element-populated\">\n\t\t\t\t\t\t\t<div class=\"elementor-widget-wrap\">\n\t\t\t\t\t\t<div class=\"elementor-element elementor-element-236a3690 elementor-widget elementor-widget-gallery\" data-id=\"236a3690\" data-element_type=\"widget\" data-settings=\"{&quot;gallery_layout&quot;:&quot;masonry&quot;,&quot;columns&quot;:2,&quot;columns_tablet&quot;:3,&quot;columns_mobile&quot;:2,&quot;lazyload&quot;:&quot;yes&quot;,&quot;gap&quot;:{&quot;unit&quot;:&quot;px&quot;,&quot;size&quot;:10,&quot;sizes&quot;:[]},&quot;gap_tablet&quot;:{&quot;unit&quot;:&quot;px&quot;,&quot;size&quot;:10,&quot;sizes&quot;:[]},&quot;gap_mobile&quot;:{&quot;unit&quot;:&quot;px&quot;,&quot;size&quot;:10,&quot;sizes&quot;:[]},&quot;overlay_background&quot;:&quot;yes&quot;,&quot;content_hover_animation&quot;:&quot;fade-in&quot;}\" data-widget_type=\"gallery.default\">\n\t\t\t\t<div class=\"elementor-widget-container\">\n\t\t\t\t\t<div class=\"elementor-gallery__container\">\n\t\t\t\t\t\t\t<div class=\"e-gallery-item elementor-gallery-item elementor-animated-content\">\n\t\t\t\t\t<div class=\"e-gallery-image elementor-gallery-item__image\" data-thumbnail=\"http:\/\/thsc.pt\/wp-content\/uploads\/2020\/08\/thsc_2-768x432-1.jpg\" data-width=\"768\" data-height=\"432\" alt=\"\" ><\/div>\n\t\t\t\t\t\t\t\t\t\t<div class=\"elementor-gallery-item__overlay\"><\/div>\n\t\t\t\t\t\t\t\t\t\t\t\t\t\t<\/div>\n\t\t\t\t\t\t\t<div class=\"e-gallery-item elementor-gallery-item elementor-animated-content\">\n\t\t\t\t\t<div class=\"e-gallery-image elementor-gallery-item__image\" data-thumbnail=\"http:\/\/thsc.pt\/wp-content\/uploads\/2020\/08\/thsc1-1024x576.jpg\" data-width=\"1024\" data-height=\"576\" alt=\"\" ><\/div>\n\t\t\t\t\t\t\t\t\t\t<div class=\"elementor-gallery-item__overlay\"><\/div>\n\t\t\t\t\t\t\t\t\t\t\t\t\t\t<\/div>\n\t\t\t\t\t<\/div>\n\t\t\t<\/div>\n\t\t\t\t<\/div>\n\t\t\t\t\t\t<\/div>\n\t\t\t\t\t<\/div>\n\t\t<\/div>\n\t\t\t\t\t\t\t\t<\/div>\n\t\t\t\t\t<\/div>\n\t\t<\/section>\n\t\t\t\t\t\t<\/div>\n\t\t\t\t\t\t<\/div>\n\t\t\t\t\t<\/div>\n\t\t","protected":false},"excerpt":{"rendered":"<p>O EMPRES\u00c1RIO E OUTRAS BAGATELAS, DE MOZART E N\u00c3O S\u00d3 5 e 6 de junho de 2026 Sexta \u2013 21h00S\u00e1bado [&hellip;]<\/p>\n","protected":false},"author":3,"featured_media":6442,"parent":0,"menu_order":0,"comment_status":"closed","ping_status":"closed","template":"","meta":[],"_links":{"self":[{"href":"http:\/\/thsc.pt\/index.php?rest_route=\/wp\/v2\/pages\/6441"}],"collection":[{"href":"http:\/\/thsc.pt\/index.php?rest_route=\/wp\/v2\/pages"}],"about":[{"href":"http:\/\/thsc.pt\/index.php?rest_route=\/wp\/v2\/types\/page"}],"author":[{"embeddable":true,"href":"http:\/\/thsc.pt\/index.php?rest_route=\/wp\/v2\/users\/3"}],"replies":[{"embeddable":true,"href":"http:\/\/thsc.pt\/index.php?rest_route=%2Fwp%2Fv2%2Fcomments&post=6441"}],"version-history":[{"count":3,"href":"http:\/\/thsc.pt\/index.php?rest_route=\/wp\/v2\/pages\/6441\/revisions"}],"predecessor-version":[{"id":6452,"href":"http:\/\/thsc.pt\/index.php?rest_route=\/wp\/v2\/pages\/6441\/revisions\/6452"}],"wp:featuredmedia":[{"embeddable":true,"href":"http:\/\/thsc.pt\/index.php?rest_route=\/wp\/v2\/media\/6442"}],"wp:attachment":[{"href":"http:\/\/thsc.pt\/index.php?rest_route=%2Fwp%2Fv2%2Fmedia&parent=6441"}],"curies":[{"name":"wp","href":"https:\/\/api.w.org\/{rel}","templated":true}]}}