{"id":6299,"date":"2026-03-17T12:55:58","date_gmt":"2026-03-17T11:55:58","guid":{"rendered":"http:\/\/thsc.pt\/?page_id=6299"},"modified":"2026-03-26T15:58:11","modified_gmt":"2026-03-26T14:58:11","slug":"feedback","status":"publish","type":"page","link":"http:\/\/thsc.pt\/?page_id=6299","title":{"rendered":"Feedback"},"content":{"rendered":"\t\t<div data-elementor-type=\"wp-page\" data-elementor-id=\"6299\" class=\"elementor elementor-6299\" data-elementor-settings=\"[]\">\n\t\t\t\t\t\t<div class=\"elementor-inner\">\n\t\t\t\t\t\t\t<div class=\"elementor-section-wrap\">\n\t\t\t\t\t\t\t<section class=\"elementor-section elementor-top-section elementor-element elementor-element-33185ef8 elementor-section-height-min-height elementor-section-boxed elementor-section-height-default elementor-section-items-middle\" data-id=\"33185ef8\" data-element_type=\"section\" data-settings=\"{&quot;background_background&quot;:&quot;classic&quot;}\">\n\t\t\t\t\t\t\t<div class=\"elementor-background-overlay\"><\/div>\n\t\t\t\t\t\t\t<div class=\"elementor-container elementor-column-gap-default\">\n\t\t\t\t\t\t\t<div class=\"elementor-row\">\n\t\t\t\t\t<div class=\"elementor-column elementor-col-100 elementor-top-column elementor-element elementor-element-324380b5\" data-id=\"324380b5\" data-element_type=\"column\">\n\t\t\t<div class=\"elementor-column-wrap elementor-element-populated\">\n\t\t\t\t\t\t\t<div class=\"elementor-widget-wrap\">\n\t\t\t\t\t\t<div class=\"elementor-element elementor-element-72ed6550 elementor-widget elementor-widget-spacer\" data-id=\"72ed6550\" data-element_type=\"widget\" data-widget_type=\"spacer.default\">\n\t\t\t\t<div class=\"elementor-widget-container\">\n\t\t\t\t\t<div class=\"elementor-spacer\">\n\t\t\t<div class=\"elementor-spacer-inner\"><\/div>\n\t\t<\/div>\n\t\t\t\t<\/div>\n\t\t\t\t<\/div>\n\t\t\t\t<div class=\"elementor-element elementor-element-5c9befd9 elementor-widget elementor-widget-heading\" data-id=\"5c9befd9\" data-element_type=\"widget\" data-widget_type=\"heading.default\">\n\t\t\t\t<div class=\"elementor-widget-container\">\n\t\t\t<h1 class=\"elementor-heading-title elementor-size-large\">FEEDBACK'26<\/h1>\t\t<\/div>\n\t\t\t\t<\/div>\n\t\t\t\t<div class=\"elementor-element elementor-element-a1d6f29 elementor-widget elementor-widget-text-editor\" data-id=\"a1d6f29\" data-element_type=\"widget\" data-widget_type=\"text-editor.default\">\n\t\t\t\t<div class=\"elementor-widget-container\">\n\t\t\t\t\t<div class=\"elementor-text-editor elementor-clearfix\"><h2><span style=\"color: #ffffff;\"><strong>2 e 3 de abril de 2026<\/strong><\/span><\/h2><\/div>\n\t\t\t\t<\/div>\n\t\t\t\t<\/div>\n\t\t\t\t<section class=\"elementor-section elementor-inner-section elementor-element elementor-element-15361e16 elementor-section-content-middle elementor-section-boxed elementor-section-height-default elementor-section-height-default\" data-id=\"15361e16\" data-element_type=\"section\">\n\t\t\t\t\t\t<div class=\"elementor-container elementor-column-gap-extended\">\n\t\t\t\t\t\t\t<div class=\"elementor-row\">\n\t\t\t\t\t<div class=\"elementor-column elementor-col-100 elementor-inner-column elementor-element elementor-element-6d4c2d03\" data-id=\"6d4c2d03\" data-element_type=\"column\">\n\t\t\t<div class=\"elementor-column-wrap elementor-element-populated\">\n\t\t\t\t\t\t\t<div class=\"elementor-widget-wrap\">\n\t\t\t\t\t\t<div class=\"elementor-element elementor-element-5f45932a elementor-widget elementor-widget-text-editor\" data-id=\"5f45932a\" data-element_type=\"widget\" data-widget_type=\"text-editor.default\">\n\t\t\t\t<div class=\"elementor-widget-container\">\n\t\t\t\t\t<div class=\"elementor-text-editor elementor-clearfix\"><h5><span style=\"color: #ffffff;\"><b><span style=\"font-family: var( --e-global-typography-text-font-family );\">M\/6 | ENTRADA GRATUITA (AT\u00c9 AO LIMITE DA LOTA\u00c7\u00c3O DA SALA)\u00a0<\/span><\/b><\/span><\/h5><\/div>\n\t\t\t\t<\/div>\n\t\t\t\t<\/div>\n\t\t\t\t\t\t<\/div>\n\t\t\t\t\t<\/div>\n\t\t<\/div>\n\t\t\t\t\t\t\t\t<\/div>\n\t\t\t\t\t<\/div>\n\t\t<\/section>\n\t\t\t\t\t\t<\/div>\n\t\t\t\t\t<\/div>\n\t\t<\/div>\n\t\t\t\t\t\t\t\t<\/div>\n\t\t\t\t\t<\/div>\n\t\t<\/section>\n\t\t\t\t<section class=\"elementor-section elementor-top-section elementor-element elementor-element-6a84440f elementor-section-boxed elementor-section-height-default elementor-section-height-default\" data-id=\"6a84440f\" data-element_type=\"section\" data-settings=\"{&quot;background_background&quot;:&quot;classic&quot;}\">\n\t\t\t\t\t\t<div class=\"elementor-container elementor-column-gap-default\">\n\t\t\t\t\t\t\t<div class=\"elementor-row\">\n\t\t\t\t\t<div class=\"elementor-column elementor-col-50 elementor-top-column elementor-element elementor-element-215f029e\" data-id=\"215f029e\" data-element_type=\"column\">\n\t\t\t<div class=\"elementor-column-wrap elementor-element-populated\">\n\t\t\t\t\t\t\t<div class=\"elementor-widget-wrap\">\n\t\t\t\t\t\t<div class=\"elementor-element elementor-element-322ff412 elementor-widget elementor-widget-spacer\" data-id=\"322ff412\" data-element_type=\"widget\" data-widget_type=\"spacer.default\">\n\t\t\t\t<div class=\"elementor-widget-container\">\n\t\t\t\t\t<div class=\"elementor-spacer\">\n\t\t\t<div class=\"elementor-spacer-inner\"><\/div>\n\t\t<\/div>\n\t\t\t\t<\/div>\n\t\t\t\t<\/div>\n\t\t\t\t<div class=\"elementor-element elementor-element-30094330 elementor-widget elementor-widget-text-editor\" data-id=\"30094330\" data-element_type=\"widget\" data-widget_type=\"text-editor.default\">\n\t\t\t\t<div class=\"elementor-widget-container\">\n\t\t\t\t\t<div class=\"elementor-text-editor elementor-clearfix\"><p>O Feedback 2026 \u00e9 um Simp\u00f3sio dedicado \u00e0s Pr\u00e1ticas Contempor\u00e2neas do Som, em que t\u00e9cnica, escuta e cria\u00e7\u00e3o se cruzam na constru\u00e7\u00e3o de experi\u00eancias sonoras relevantes.<br \/>Reunindo profissionais, criadores, docentes, estudantes, investigadores e p\u00fablico interessado, o evento \u00e9 promovido pelo Curso de Som do Departamento de Teatro da Escola Superior de M\u00fasica e Artes do Espet\u00e1culo, integrada no Instituto Polit\u00e9cnico do Porto, afirmando-se como um espa\u00e7o de encontro, partilha e reflex\u00e3o sobre o som enquanto mat\u00e9ria, linguagem e pr\u00e1tica situada.<br \/>O programa articula forma\u00e7\u00e3o t\u00e9cnica, palestras, uma mesa-redonda, contacto direto com ferramentas e sistemas \u00e1udio contempor\u00e2neos, bem como momentos de performance art\u00edstica.<\/p><p><em>Feedback 2026 is a Symposium dedicated to Contemporary Sound Practices, where technique, listening, and creation intersect in the construction of relevant sound experiences.<br \/>The event is promoted by the Sound Course of the Theatre Department of the Escola Superior de M\u00fasica e Artes do Espet\u00e1culo of the Polytechnic of Porto, bringing professionals, creators, teachers, students, researchers, and interested audiences together, and establishing itself as a space for meeting, sharing, and reflection on sound as matter, language, and situated practice.<br \/>The programme articulates technical training, lectures, a roundtable, direct contact with contemporary audio tools and systems, as well as moments of artistic performance.<br \/><\/em><br \/>https:\/\/feedback26.pt\/<em><br \/><\/em><\/p><\/div>\n\t\t\t\t<\/div>\n\t\t\t\t<\/div>\n\t\t\t\t\t\t<\/div>\n\t\t\t\t\t<\/div>\n\t\t<\/div>\n\t\t\t\t<div class=\"elementor-column elementor-col-50 elementor-top-column elementor-element elementor-element-3f4f5f41\" data-id=\"3f4f5f41\" data-element_type=\"column\" data-settings=\"{&quot;background_background&quot;:&quot;classic&quot;}\">\n\t\t\t<div class=\"elementor-column-wrap elementor-element-populated\">\n\t\t\t\t\t<div class=\"elementor-background-overlay\"><\/div>\n\t\t\t\t\t\t\t<div class=\"elementor-widget-wrap\">\n\t\t\t\t\t\t<div class=\"elementor-element elementor-element-5dfb9e4 elementor-widget elementor-widget-image\" data-id=\"5dfb9e4\" data-element_type=\"widget\" data-widget_type=\"image.default\">\n\t\t\t\t<div class=\"elementor-widget-container\">\n\t\t\t\t\t<div class=\"elementor-image\">\n\t\t\t\t\t\t\t\t\t\t<img width=\"724\" height=\"1024\" src=\"http:\/\/thsc.pt\/wp-content\/uploads\/2026\/03\/cartazf-724x1024.jpg\" class=\"attachment-large size-large\" alt=\"\" decoding=\"async\" loading=\"lazy\" srcset=\"http:\/\/thsc.pt\/wp-content\/uploads\/2026\/03\/cartazf-724x1024.jpg 724w, http:\/\/thsc.pt\/wp-content\/uploads\/2026\/03\/cartazf-212x300.jpg 212w, http:\/\/thsc.pt\/wp-content\/uploads\/2026\/03\/cartazf-768x1086.jpg 768w, http:\/\/thsc.pt\/wp-content\/uploads\/2026\/03\/cartazf-1086x1536.jpg 1086w, http:\/\/thsc.pt\/wp-content\/uploads\/2026\/03\/cartazf-1448x2048.jpg 1448w, http:\/\/thsc.pt\/wp-content\/uploads\/2026\/03\/cartazf-scaled.jpg 1810w\" sizes=\"(max-width: 724px) 100vw, 724px\" \/>\t\t\t\t\t\t\t\t\t\t\t<\/div>\n\t\t\t\t<\/div>\n\t\t\t\t<\/div>\n\t\t\t\t\t\t<\/div>\n\t\t\t\t\t<\/div>\n\t\t<\/div>\n\t\t\t\t\t\t\t\t<\/div>\n\t\t\t\t\t<\/div>\n\t\t<\/section>\n\t\t\t\t<section class=\"elementor-section elementor-top-section elementor-element elementor-element-de7386b elementor-section-boxed elementor-section-height-default elementor-section-height-default\" data-id=\"de7386b\" data-element_type=\"section\" data-settings=\"{&quot;background_background&quot;:&quot;classic&quot;}\">\n\t\t\t\t\t\t<div class=\"elementor-container elementor-column-gap-default\">\n\t\t\t\t\t\t\t<div class=\"elementor-row\">\n\t\t\t\t\t\t\t\t\t<\/div>\n\t\t\t\t\t<\/div>\n\t\t<\/section>\n\t\t\t\t<section class=\"elementor-section elementor-top-section elementor-element elementor-element-108a1863 elementor-section-full_width elementor-section-height-min-height elementor-section-height-default elementor-section-items-middle\" data-id=\"108a1863\" data-element_type=\"section\" data-settings=\"{&quot;background_background&quot;:&quot;classic&quot;}\">\n\t\t\t\t\t\t<div class=\"elementor-container elementor-column-gap-no\">\n\t\t\t\t\t\t\t<div class=\"elementor-row\">\n\t\t\t\t\t<div class=\"elementor-column elementor-col-50 elementor-top-column elementor-element elementor-element-4f16165e\" data-id=\"4f16165e\" data-element_type=\"column\">\n\t\t\t<div class=\"elementor-column-wrap elementor-element-populated\">\n\t\t\t\t\t\t\t<div class=\"elementor-widget-wrap\">\n\t\t\t\t\t\t<div class=\"elementor-element elementor-element-7e68f83f elementor-widget elementor-widget-text-editor\" data-id=\"7e68f83f\" data-element_type=\"widget\" data-widget_type=\"text-editor.default\">\n\t\t\t\t<div class=\"elementor-widget-container\">\n\t\t\t\t\t<div class=\"elementor-text-editor elementor-clearfix\"><blockquote><p class=\"p1\"><span style=\"color: #333333;\"><strong>Programa<\/strong><\/span><\/p><\/blockquote><p class=\"p1\" style=\"padding-left: 40px;\"><span style=\"color: #333333;\"><strong>2 de abril de 2026<\/strong><\/span><\/p><p class=\"p1\" style=\"padding-left: 40px;\"><span style=\"color: #333333;\"><strong>9h45<br \/>Sess\u00e3o de Abertura<br \/><\/strong>Marco Concei\u00e7\u00e3o<br \/>Diogo Franco<\/span><\/p><p class=\"p1\" style=\"padding-left: 40px;\"><span style=\"color: #333333;\"><strong>10h00<br \/>Masterclass<br \/><\/strong>O que \u00e9 o &#8220;Soundscape&#8221; (Som Imersivo)<\/span><br \/><span style=\"color: #333333;\">Sess\u00e3o apresentada pela empresa d&amp;b audiotechnik<br \/>Roger Rios<br \/>Jack Page<\/span><\/p><p class=\"p1\" style=\"padding-left: 40px;\"><span style=\"color: #333333;\"><strong>11h30<br \/>Coffee Break<\/strong><\/span><\/p><p class=\"p1\" style=\"padding-left: 40px;\"><span style=\"color: #333333;\"><strong>11h45<br \/><\/strong><\/span><span style=\"color: #333333;\"><strong>Masterclass<br \/><\/strong>&#8220;Soundscape&#8221; pelo Mundo (Som Imersivo)<\/span><br \/><span style=\"color: #333333;\">Sess\u00e3o apresentada pela empresa d&amp;b audiotechnik<br \/>Roger Rios<br \/>Jack Page<\/span><\/p><p class=\"p1\" style=\"padding-left: 40px;\"><span style=\"color: #333333;\"><strong>14h30<br \/><\/strong><\/span><span style=\"color: #333333;\"><strong>Coloca\u00e7\u00e3o de Microfones<\/strong><\/span><\/p><p class=\"p1\" style=\"padding-left: 40px;\"><span style=\"color: #333333;\"><strong>Moderador<br \/><\/strong>Diogo Franco<strong><br \/>Participantes<\/strong><br \/>Marta Miguel Mota<br \/>Quico Serrano<br \/>Margarida Pinto<br \/>Jo\u00e3o Bessa<\/span><\/p><p class=\"p1\" style=\"padding-left: 40px;\"><span style=\"color: #333333;\"><span class=\"fontstyle0\">Esta mesa-redonda prop\u00f5e uma conversa aberta sobre a coloca\u00e7\u00e3o de microfones em diferentes contextos de capta\u00e7\u00e3o sonora, explorando como decis\u00f5es t\u00e9cnicas influenciam diretamente a est\u00e9tica e a perce\u00e7\u00e3o do som.<br \/><\/span><span class=\"fontstyle0\">A partir de experi\u00eancias em est\u00fadio, performances ao vivo, instala\u00e7\u00f5es art\u00edsticas, contextos audiovisuais e ambientes imersivos, os participantes discutem estrat\u00e9gias, desafios e abordagens criativas, cruzando pr\u00e1tica, escuta e inten\u00e7\u00e3o art\u00edstica.<br \/><\/span><span class=\"fontstyle0\">O encontro convida o p\u00fablico a refletir sobre o microfone n\u00e3o apenas como ferramenta t\u00e9cnica, mas como mediador sens\u00edvel entre espa\u00e7o, fonte sonora e experi\u00eancia.<\/span><\/span><\/p><p class=\"p1\" style=\"padding-left: 40px;\"><span style=\"color: #333333;\"><strong>16h00<br \/>Coffee Break<\/strong><\/span><\/p><p class=\"p1\" style=\"padding-left: 40px;\"><span style=\"color: #333333;\"><strong>16h15<br \/><\/strong><\/span><span style=\"color: #333333;\"><strong>Opera\u00e7\u00e3o de Som<br \/><\/strong>Margarida Pinto<\/span><\/p><p class=\"p1\" style=\"padding-left: 40px;\"><span style=\"color: #333333;\"><span class=\"fontstyle0\">O Teatro Helena S\u00e1 e Costa acolhe uma sess\u00e3o te\u00f3rica e pr\u00e1tica dedicada \u00e0 opera\u00e7\u00e3o de som ao vivo com recurso a microfones, orientada por Margarida Pinto, da equipa do Teatro Nacional D. Maria II.<br \/><\/span><span class=\"fontstyle0\">A atividade aborda princ\u00edpios fundamentais de capta\u00e7\u00e3o, gest\u00e3o de sinal e opera\u00e7\u00e3o em contexto de espet\u00e1culo, articulando enquadramento conceptual com demonstra\u00e7\u00f5es em tempo real. Dirigida a todos os apaixonados por som ao vivo, desde estudantes e profissionais das \u00e1reas do \u00e1udio e das artes performativas at\u00e9 a criadores que queiram explorar t\u00e9cnicas pr\u00e1ticas de capta\u00e7\u00e3o <\/span><span class=\"fontstyle0\">e opera\u00e7\u00e3o sonora em contexto de espet\u00e1culo, a sess\u00e3o promove a partilha de metodologias de trabalho e boas pr\u00e1ticas aplicadas ao som ao vivo.<\/span><\/span><\/p><p class=\"p1\" style=\"padding-left: 40px;\"><span style=\"color: #333333;\"><strong>17h30<br \/>Coffee Break<\/strong><\/span><\/p><p class=\"p1\" style=\"padding-left: 40px;\"><span style=\"color: #333333;\"><strong>18h00<br \/><\/strong><\/span><span style=\"color: #333333;\"><strong>Praxinosc\u00f3pio Esquizof\u00f3nico<br \/><\/strong><\/span><span style=\"color: #333333;\">Capt\u00e3oMer (Artista Sonoro e Visual)<\/span><\/p><p class=\"p1\" style=\"padding-left: 40px;\"><span style=\"color: #333333;\"><span class=\"fontstyle0\">Feito de arames, tubos e varetas fixadas sobre <\/span><span class=\"fontstyle2\">LP&#8217;s <\/span><span class=\"fontstyle0\">de madeira, com um gira-discos por baixo, base que roda e nos transporta para um mobile infantil em formato de disco escult\u00f3rico, atrav\u00e9s do <\/span><span class=\"fontstyle3\">Praxinosc\u00f3pio Esquizof\u00f3nico <\/span><span class=\"fontstyle0\">\u00e9 como se pud\u00e9ssemos ouvir em tempo real, gravados nestes discos de tr\u00eas dimens\u00f5es, os sons de um mobile mudo, sonorizados por esta crian\u00e7a que aguarda, que observa e interpreta, neste ber\u00e7\u00e1rio de sons, luz, cor e movimento.<\/span><\/span><\/p><\/div>\n\t\t\t\t<\/div>\n\t\t\t\t<\/div>\n\t\t\t\t\t\t<\/div>\n\t\t\t\t\t<\/div>\n\t\t<\/div>\n\t\t\t\t<div class=\"elementor-column elementor-col-50 elementor-top-column elementor-element elementor-element-b30cb4d\" data-id=\"b30cb4d\" data-element_type=\"column\">\n\t\t\t<div class=\"elementor-column-wrap elementor-element-populated\">\n\t\t\t\t\t\t\t<div class=\"elementor-widget-wrap\">\n\t\t\t\t\t\t<div class=\"elementor-element elementor-element-756a90e0 elementor-widget elementor-widget-text-editor\" data-id=\"756a90e0\" data-element_type=\"widget\" data-widget_type=\"text-editor.default\">\n\t\t\t\t<div class=\"elementor-widget-container\">\n\t\t\t\t\t<div class=\"elementor-text-editor elementor-clearfix\"><p class=\"p1\" style=\"padding-left: 40px;\"><span style=\"color: #333333;\"><strong>3 de abril de 2026<\/strong><\/span><\/p><p class=\"p1\" style=\"padding-left: 40px;\"><span style=\"color: #333333;\"><strong>10h00<br \/>Masterclass<br \/><\/strong>Como utilizar o &#8220;Soundscape&#8221; (Som Imersivo)<\/span><br \/><span style=\"color: #333333;\">Sess\u00e3o apresentada pela empresa d&amp;b audiotechnik<br \/>Roger Rios<br \/>Jack Page<\/span><\/p><p class=\"p1\" style=\"padding-left: 40px;\"><span style=\"color: #333333;\"><strong>11h30<br \/>Coffee Break<\/strong><\/span><\/p><p class=\"p1\" style=\"padding-left: 40px;\"><span style=\"color: #333333;\"><strong>11h45<br \/><\/strong><\/span><span style=\"color: #333333;\"><strong>Masterclass<br \/><\/strong>Desenho de Som para \u00c1udio Espacial &#8211; Explorando o seu potencial criativo<br \/>David Sheppard<\/span><\/p><p class=\"p1\" style=\"padding-left: 40px;\"><span style=\"color: #333333;\"><strong>14h30<br \/><\/strong><\/span><span style=\"color: #333333;\"><strong>Timbre e a Cria\u00e7\u00e3o de Realidades Auditivas<\/strong><\/span><\/p><p class=\"p1\" style=\"padding-left: 40px;\"><span style=\"color: #333333;\"><strong>Palestrante<br \/><\/strong>Rafael Maia<\/span><\/p><p class=\"p1\" style=\"padding-left: 40px;\"><span style=\"color: #333333;\"><span class=\"fontstyle0\">Rafael Maia conduz a sess\u00e3o \u201cTimbre e a Cria\u00e7\u00e3o de Realidades Auditivas\u201d, que prop\u00f5e uma reflex\u00e3o sobre a perce\u00e7\u00e3o e a fun\u00e7\u00e3o do timbre em contextos sonoros contempor\u00e2neos. A palestra explora como a cria\u00e7\u00e3o e express\u00e3o t\u00edmbrica, atrav\u00e9s de t\u00e9cnicas especificas de s\u00edntese, manipula\u00e7\u00e3o sonora e psicoac\u00fastica, \u00e9 capaz de gerar, simultaneamente, m\u00faltiplas realidades auditivas individuais, tornando a experi\u00eancia sonora mais significativa para cada ouvinte.<br \/><\/span><\/span><span style=\"color: #333333;\"><span class=\"fontstyle0\">Destinada a estudantes, artistas, investigadores e profissionais do som e das artes performativas, a sess\u00e3o convida \u00e0 discuss\u00e3o e \u00e0 explora\u00e7\u00e3o cr\u00edtica das rela\u00e7\u00f5es entre timbre, dramaturgia e realidade auditiva.<\/span><\/span><\/p><p class=\"p1\" style=\"padding-left: 40px;\"><span style=\"color: #333333;\"><strong>15h15<br \/><\/strong><\/span><span style=\"color: #333333;\"><strong>\u00daltimos 10 anos de Pe\u00e7as com exemplos \u00c1udio<\/strong><\/span><\/p><p class=\"p1\" style=\"padding-left: 40px;\"><span style=\"color: #333333;\"><strong>Palestrantes<br \/><\/strong>Rui Lima<br \/>S\u00e9rgio Martins<br \/><\/span><\/p><p class=\"p1\" style=\"padding-left: 40px;\"><span style=\"color: #333333;\"><span class=\"fontstyle0\">Rui Lima e S\u00e9rgio Martins conduzem uma sess\u00e3o dedicada a uma reflex\u00e3o sobre os seus \u00faltimos 10 anos de trabalho em cria\u00e7\u00e3o sonora e performance.<br \/><\/span><\/span><span class=\"fontstyle0\" style=\"color: #333333;\">Atrav\u00e9s da apresenta\u00e7\u00e3o de exemplos \u00e1udio das suas pe\u00e7as, os artistas exploram os processos criativos, escolhas est\u00e9ticas e t\u00e9cnicas de capta\u00e7\u00e3o e manipula\u00e7\u00e3o sonora que marcaram a sua pr\u00e1tica.<br \/><\/span><span class=\"fontstyle0\" style=\"color: #333333;\">Destinada a estudantes, profissionais e entusiastas do som e das artes performativas, a sess\u00e3o proporciona uma vis\u00e3o cr\u00edtica e envolvente sobre a evolu\u00e7\u00e3o do seu trabalho e o papel do som na constru\u00e7\u00e3o de experi\u00eancias imersivas.<\/span><\/p><p class=\"p1\" style=\"padding-left: 40px;\"><span style=\"color: #333333;\"><strong>16h00<br \/>Coffee Break<\/strong><\/span><\/p><p class=\"p1\" style=\"padding-left: 40px;\"><span style=\"color: #333333;\"><strong>16h30<br \/><\/strong><\/span><span style=\"color: #333333;\"><strong>Blue Box<br \/><\/strong><\/span><span style=\"color: #333333;\">Ballet Bet\u00e3o (Dupla de M\u00fasica Experimental)<\/span><\/p><p class=\"p1\" style=\"padding-left: 40px;\"><span style=\"color: #333333;\"><span class=\"fontstyle0\">Blue Box, do coletivo Ballet Bet\u00e3o (Francisco Monteiro e Guilherme Mota), \u00e9 uma performance sonora que se debru\u00e7a sobre a hist\u00f3ria e a est\u00e9tica dos sistemas de comunica\u00e7\u00e3o, inspirando-se nas primeiras \u201cblue boxes\u201d utilizadas para manipula\u00e7\u00e3o de redes telef\u00f3nicas.<br \/><\/span><\/span><span class=\"fontstyle0\" style=\"color: #333333;\">A obra combina manipula\u00e7\u00e3o sonora em tempo real com intera\u00e7\u00e3o performativa, criando um espa\u00e7o imersivo onde som, gesto e tecnologia se cruzam.<br \/><\/span><span class=\"fontstyle0\" style=\"color: #333333;\">Atrav\u00e9s desta experi\u00eancia, Blue Box convida o p\u00fablico a refletir sobre a rela\u00e7\u00e3o entre tecnologia, escuta ativa e espa\u00e7o, explorando como dispositivos hist\u00f3ricos podem ser recontextualizados como instrumentos art\u00edsticos contempor\u00e2neos.<\/span><\/p><p class=\"p1\" style=\"padding-left: 40px;\"><strong>17h15<br \/>Atribui\u00e7\u00e3o de Pr\u00e9mio Carreira<br \/>Encerramento do Feedback\u201926<br \/><\/strong><span style=\"color: #333333;\">Marco Concei\u00e7\u00e3o<\/span><br \/><span style=\"color: #333333;\">Diogo Franco<\/span><\/p><\/div>\n\t\t\t\t<\/div>\n\t\t\t\t<\/div>\n\t\t\t\t\t\t<\/div>\n\t\t\t\t\t<\/div>\n\t\t<\/div>\n\t\t\t\t\t\t\t\t<\/div>\n\t\t\t\t\t<\/div>\n\t\t<\/section>\n\t\t\t\t<section class=\"elementor-section elementor-top-section elementor-element elementor-element-5bd2a2fd elementor-section-full_width elementor-section-stretched elementor-section-height-default elementor-section-height-default\" data-id=\"5bd2a2fd\" data-element_type=\"section\" data-settings=\"{&quot;stretch_section&quot;:&quot;section-stretched&quot;,&quot;background_background&quot;:&quot;classic&quot;}\">\n\t\t\t\t\t\t<div class=\"elementor-container elementor-column-gap-default\">\n\t\t\t\t\t\t\t<div class=\"elementor-row\">\n\t\t\t\t\t<div class=\"elementor-column elementor-col-100 elementor-top-column elementor-element elementor-element-26664e79\" data-id=\"26664e79\" data-element_type=\"column\">\n\t\t\t<div class=\"elementor-column-wrap elementor-element-populated\">\n\t\t\t\t\t\t\t<div class=\"elementor-widget-wrap\">\n\t\t\t\t\t\t<div class=\"elementor-element elementor-element-5bff2370 elementor-widget elementor-widget-gallery\" data-id=\"5bff2370\" data-element_type=\"widget\" data-settings=\"{&quot;gallery_layout&quot;:&quot;masonry&quot;,&quot;columns&quot;:2,&quot;columns_tablet&quot;:3,&quot;columns_mobile&quot;:2,&quot;lazyload&quot;:&quot;yes&quot;,&quot;gap&quot;:{&quot;unit&quot;:&quot;px&quot;,&quot;size&quot;:10,&quot;sizes&quot;:[]},&quot;gap_tablet&quot;:{&quot;unit&quot;:&quot;px&quot;,&quot;size&quot;:10,&quot;sizes&quot;:[]},&quot;gap_mobile&quot;:{&quot;unit&quot;:&quot;px&quot;,&quot;size&quot;:10,&quot;sizes&quot;:[]},&quot;overlay_background&quot;:&quot;yes&quot;,&quot;content_hover_animation&quot;:&quot;fade-in&quot;}\" data-widget_type=\"gallery.default\">\n\t\t\t\t<div class=\"elementor-widget-container\">\n\t\t\t\t\t<div class=\"elementor-gallery__container\">\n\t\t\t\t\t\t\t<div class=\"e-gallery-item elementor-gallery-item elementor-animated-content\">\n\t\t\t\t\t<div class=\"e-gallery-image elementor-gallery-item__image\" data-thumbnail=\"http:\/\/thsc.pt\/wp-content\/uploads\/2020\/08\/thsc_2-768x432-1.jpg\" data-width=\"768\" data-height=\"432\" alt=\"\" ><\/div>\n\t\t\t\t\t\t\t\t\t\t<div class=\"elementor-gallery-item__overlay\"><\/div>\n\t\t\t\t\t\t\t\t\t\t\t\t\t\t<\/div>\n\t\t\t\t\t\t\t<div class=\"e-gallery-item elementor-gallery-item elementor-animated-content\">\n\t\t\t\t\t<div class=\"e-gallery-image elementor-gallery-item__image\" data-thumbnail=\"http:\/\/thsc.pt\/wp-content\/uploads\/2020\/08\/thsc1-1024x576.jpg\" data-width=\"1024\" data-height=\"576\" alt=\"\" ><\/div>\n\t\t\t\t\t\t\t\t\t\t<div class=\"elementor-gallery-item__overlay\"><\/div>\n\t\t\t\t\t\t\t\t\t\t\t\t\t\t<\/div>\n\t\t\t\t\t<\/div>\n\t\t\t<\/div>\n\t\t\t\t<\/div>\n\t\t\t\t\t\t<\/div>\n\t\t\t\t\t<\/div>\n\t\t<\/div>\n\t\t\t\t\t\t\t\t<\/div>\n\t\t\t\t\t<\/div>\n\t\t<\/section>\n\t\t\t\t\t\t<\/div>\n\t\t\t\t\t\t<\/div>\n\t\t\t\t\t<\/div>\n\t\t","protected":false},"excerpt":{"rendered":"<p>FEEDBACK&#8217;26 2 e 3 de abril de 2026 M\/6 | ENTRADA GRATUITA (AT\u00c9 AO LIMITE DA LOTA\u00c7\u00c3O DA SALA)\u00a0 O [&hellip;]<\/p>\n","protected":false},"author":3,"featured_media":6289,"parent":0,"menu_order":0,"comment_status":"closed","ping_status":"closed","template":"","meta":[],"_links":{"self":[{"href":"http:\/\/thsc.pt\/index.php?rest_route=\/wp\/v2\/pages\/6299"}],"collection":[{"href":"http:\/\/thsc.pt\/index.php?rest_route=\/wp\/v2\/pages"}],"about":[{"href":"http:\/\/thsc.pt\/index.php?rest_route=\/wp\/v2\/types\/page"}],"author":[{"embeddable":true,"href":"http:\/\/thsc.pt\/index.php?rest_route=\/wp\/v2\/users\/3"}],"replies":[{"embeddable":true,"href":"http:\/\/thsc.pt\/index.php?rest_route=%2Fwp%2Fv2%2Fcomments&post=6299"}],"version-history":[{"count":10,"href":"http:\/\/thsc.pt\/index.php?rest_route=\/wp\/v2\/pages\/6299\/revisions"}],"predecessor-version":[{"id":6357,"href":"http:\/\/thsc.pt\/index.php?rest_route=\/wp\/v2\/pages\/6299\/revisions\/6357"}],"wp:featuredmedia":[{"embeddable":true,"href":"http:\/\/thsc.pt\/index.php?rest_route=\/wp\/v2\/media\/6289"}],"wp:attachment":[{"href":"http:\/\/thsc.pt\/index.php?rest_route=%2Fwp%2Fv2%2Fmedia&parent=6299"}],"curies":[{"name":"wp","href":"https:\/\/api.w.org\/{rel}","templated":true}]}}