{"id":6148,"date":"2026-01-19T13:02:14","date_gmt":"2026-01-19T12:02:14","guid":{"rendered":"http:\/\/thsc.pt\/?page_id=6148"},"modified":"2026-01-19T13:12:28","modified_gmt":"2026-01-19T12:12:28","slug":"mats-lab-2026","status":"publish","type":"page","link":"http:\/\/thsc.pt\/?page_id=6148","title":{"rendered":"Mats Lab 2026"},"content":{"rendered":"\t\t<div data-elementor-type=\"wp-page\" data-elementor-id=\"6148\" class=\"elementor elementor-6148\" data-elementor-settings=\"[]\">\n\t\t\t\t\t\t<div class=\"elementor-inner\">\n\t\t\t\t\t\t\t<div class=\"elementor-section-wrap\">\n\t\t\t\t\t\t\t<section class=\"elementor-section elementor-top-section elementor-element elementor-element-5b759b75 elementor-section-height-min-height elementor-section-boxed elementor-section-height-default elementor-section-items-middle\" data-id=\"5b759b75\" data-element_type=\"section\" data-settings=\"{&quot;background_background&quot;:&quot;classic&quot;}\">\n\t\t\t\t\t\t\t<div class=\"elementor-background-overlay\"><\/div>\n\t\t\t\t\t\t\t<div class=\"elementor-container elementor-column-gap-default\">\n\t\t\t\t\t\t\t<div class=\"elementor-row\">\n\t\t\t\t\t<div class=\"elementor-column elementor-col-100 elementor-top-column elementor-element elementor-element-7715dcf6\" data-id=\"7715dcf6\" data-element_type=\"column\">\n\t\t\t<div class=\"elementor-column-wrap elementor-element-populated\">\n\t\t\t\t\t\t\t<div class=\"elementor-widget-wrap\">\n\t\t\t\t\t\t<div class=\"elementor-element elementor-element-35c4fadf elementor-widget elementor-widget-spacer\" data-id=\"35c4fadf\" data-element_type=\"widget\" data-widget_type=\"spacer.default\">\n\t\t\t\t<div class=\"elementor-widget-container\">\n\t\t\t\t\t<div class=\"elementor-spacer\">\n\t\t\t<div class=\"elementor-spacer-inner\"><\/div>\n\t\t<\/div>\n\t\t\t\t<\/div>\n\t\t\t\t<\/div>\n\t\t\t\t<div class=\"elementor-element elementor-element-38bb7746 elementor-widget elementor-widget-heading\" data-id=\"38bb7746\" data-element_type=\"widget\" data-widget_type=\"heading.default\">\n\t\t\t\t<div class=\"elementor-widget-container\">\n\t\t\t<h1 class=\"elementor-heading-title elementor-size-large\">MATS LAB 2026 INVAS\u00d5ES<\/h1>\t\t<\/div>\n\t\t\t\t<\/div>\n\t\t\t\t<div class=\"elementor-element elementor-element-50bfa1f5 elementor-widget elementor-widget-text-editor\" data-id=\"50bfa1f5\" data-element_type=\"widget\" data-widget_type=\"text-editor.default\">\n\t\t\t\t<div class=\"elementor-widget-container\">\n\t\t\t\t\t<div class=\"elementor-text-editor elementor-clearfix\"><h2><strong><span style=\"color: #ffffff;\">30 de janeiro de 2026<\/span><\/strong><\/h2><p><strong><span style=\"color: #ffffff;\">15h00, 16h30, 19h30 e 21h00<\/span><\/strong><\/p><\/div>\n\t\t\t\t<\/div>\n\t\t\t\t<\/div>\n\t\t\t\t<section class=\"elementor-section elementor-inner-section elementor-element elementor-element-6c82db62 elementor-section-content-middle elementor-section-boxed elementor-section-height-default elementor-section-height-default\" data-id=\"6c82db62\" data-element_type=\"section\">\n\t\t\t\t\t\t<div class=\"elementor-container elementor-column-gap-extended\">\n\t\t\t\t\t\t\t<div class=\"elementor-row\">\n\t\t\t\t\t<div class=\"elementor-column elementor-col-100 elementor-inner-column elementor-element elementor-element-1699c16\" data-id=\"1699c16\" data-element_type=\"column\">\n\t\t\t<div class=\"elementor-column-wrap elementor-element-populated\">\n\t\t\t\t\t\t\t<div class=\"elementor-widget-wrap\">\n\t\t\t\t\t\t<div class=\"elementor-element elementor-element-6df63c44 elementor-widget elementor-widget-text-editor\" data-id=\"6df63c44\" data-element_type=\"widget\" data-widget_type=\"text-editor.default\">\n\t\t\t\t<div class=\"elementor-widget-container\">\n\t\t\t\t\t<div class=\"elementor-text-editor elementor-clearfix\"><h5><span style=\"color: #ffffff;\"><b><span style=\"font-family: var( --e-global-typography-text-font-family );\">M\/6 | ENTRADA GRATUITA PELA RUA DA ALEGRIA, 503 (AT\u00c9 AO LIMITE DE 20 LUGARES POR SESS\u00c3O)\u00a0<\/span><\/b><\/span><\/h5><\/div>\n\t\t\t\t<\/div>\n\t\t\t\t<\/div>\n\t\t\t\t\t\t<\/div>\n\t\t\t\t\t<\/div>\n\t\t<\/div>\n\t\t\t\t\t\t\t\t<\/div>\n\t\t\t\t\t<\/div>\n\t\t<\/section>\n\t\t\t\t\t\t<\/div>\n\t\t\t\t\t<\/div>\n\t\t<\/div>\n\t\t\t\t\t\t\t\t<\/div>\n\t\t\t\t\t<\/div>\n\t\t<\/section>\n\t\t\t\t<section class=\"elementor-section elementor-top-section elementor-element elementor-element-6ec0768c elementor-section-boxed elementor-section-height-default elementor-section-height-default\" data-id=\"6ec0768c\" data-element_type=\"section\" data-settings=\"{&quot;background_background&quot;:&quot;classic&quot;}\">\n\t\t\t\t\t\t<div class=\"elementor-container elementor-column-gap-default\">\n\t\t\t\t\t\t\t<div class=\"elementor-row\">\n\t\t\t\t\t<div class=\"elementor-column elementor-col-50 elementor-top-column elementor-element elementor-element-111efef5\" data-id=\"111efef5\" data-element_type=\"column\">\n\t\t\t<div class=\"elementor-column-wrap elementor-element-populated\">\n\t\t\t\t\t\t\t<div class=\"elementor-widget-wrap\">\n\t\t\t\t\t\t<div class=\"elementor-element elementor-element-2bb27eec elementor-widget elementor-widget-spacer\" data-id=\"2bb27eec\" data-element_type=\"widget\" data-widget_type=\"spacer.default\">\n\t\t\t\t<div class=\"elementor-widget-container\">\n\t\t\t\t\t<div class=\"elementor-spacer\">\n\t\t\t<div class=\"elementor-spacer-inner\"><\/div>\n\t\t<\/div>\n\t\t\t\t<\/div>\n\t\t\t\t<\/div>\n\t\t\t\t<div class=\"elementor-element elementor-element-726d37a1 elementor-widget elementor-widget-text-editor\" data-id=\"726d37a1\" data-element_type=\"widget\" data-widget_type=\"text-editor.default\">\n\t\t\t\t<div class=\"elementor-widget-container\">\n\t\t\t\t\t<div class=\"elementor-text-editor elementor-clearfix\"><p>No dia 30 de janeiro de 2026 (sexta-feira), o Teatro Helena S\u00e1 e Costa (THSC) acolhe o MATS Lab 2026 \u2013 INVAS\u00c3O, uma mostra dedicada a instala\u00e7\u00f5es sonoras criadas por estudantes do Mestrado em Artes e Tecnologias do Som (MATS) da ESMAE, no \u00e2mbito da UC de Laborat\u00f3rio de Cria\u00e7\u00e3o. O evento ter\u00e1 4 sess\u00f5es abertas ao p\u00fablico: 15h00, 16h30, 19h30 e 21h00. As obras apresentadas invadem os espa\u00e7os do THSC desafiando o p\u00fablico a relacionar-se com as experi\u00eancias sonoras propostas. Cada instala\u00e7\u00e3o resulta de um processo criativo colaborativo que alia arte, som e tecnologia, refletindo a ess\u00eancia experimental e interdisciplinar do MATS.<\/p><p><strong>ALEGORIAS DA EMPATIA<br \/><\/strong><em>Ricardo Martins, Tom\u00e1s Camanho, Veslemoy Holseter<br \/><\/em>Em Alegorias da Empatia, prop\u00f5e-se que a verdade reside em n\u00f3s quando nos permitimos estar plenamente presentes no momento, observar e escutar a nossa realidade atual. O p\u00fablico \u00e9 confrontado com uma caverna anti-plat\u00f3nica, onde a luz e o som s\u00e3o projetados para o interior, revelados atrav\u00e9s da entrada do subpalco em forma de caverna do Teatro Helena S\u00e1 e Costa.<br \/>A espacializa\u00e7\u00e3o e a explora\u00e7\u00e3o da instala\u00e7\u00e3o refletem os limites e as possibilidades do nosso espa\u00e7o e da nossa verdade. Quantas cavernas verdadeiras nos rodeiam? O que significa ultrapassar os limites do nosso medo e observar a nossa verdadeira realidade? Perceber que o nosso espa\u00e7o n\u00e3o est\u00e1 assim t\u00e3o distante do espa\u00e7o do outro; esta realidade do sens\u00edvel verdadeiro. Definir que alcan\u00e7amos a realidade em determinado momento \u00e9 o medo da vida a viver por si pr\u00f3pria, no concreto \u2014 penso, logo existo.<br \/>Podemos compreender mais sobre n\u00f3s pr\u00f3prios quando somos capazes de escutar os ecos da caverna que sussurram de volta, respondendo aos nossos pensamentos.<br \/>Ilus\u00e3o, verdade, realidade, fuga e empatia s\u00e3o as palavras-chave que ligam as alegorias desta caverna.<br \/>Quando entramos, j\u00e1 n\u00e3o somos os mesmos quando sa\u00edmos;<\/p><p><em>Nenhum homem pode banhar-se duas vezes no mesmo rio, pois na segunda vez o rio j\u00e1 n\u00e3o \u00e9 o mesmo, nem t\u00e3o pouco o homem.<br \/><\/em>Her\u00e1clito<\/p><p><strong>MATRIARCA<br \/><\/strong><em>Jo\u00e3o Veludo, Miguel Freitas, Gon\u00e7alo Baptista<br \/><\/em>Matriarca \u00e9 uma instala\u00e7\u00e3o sonora imersiva concebida para o backstage do Teatro Helena S\u00e1 e Costa, transformado aqui numa grande black box, um espa\u00e7o suspenso entre o real e o ficcional. A instala\u00e7\u00e3o parte de um cen\u00e1rio imaginado: ap\u00f3s um apocalipse silencioso, a ESMAE torna-se um lugar abandonado. Um grupo de sobreviventes atravessa os corredores e encontra, escondida no escuro, uma sala onde a natureza voltou a ganhar forma. Entre o sil\u00eancio, um rumor cresce novamente na sombra: a Matriarca acorda.<\/p><p><strong>ON STAGE\/NO STAGE<br \/><\/strong><em>Jo\u00e3o Pereira, Marta Oliveira, Teresa Sampaio<br \/><\/em>Numa reflex\u00e3o em torno do processo criativo e das linhas que separam o p\u00fablico, a fase de produ\u00e7\u00e3o e a obra terminada, o palco do Teatro Helena S\u00e1 e Costa \u00e9 invadido por objetos alusivos aos espa\u00e7os escondidos onde se fabricam as performances e mentiras que se observam no palco. Objetos preparat\u00f3rios, ideias que ficam para tr\u00e1s e processos de montagem ganham aqui um novo destaque e simbolismo, num gesto que amplifica as inquieta\u00e7\u00f5es, mentiras e pervers\u00f5es inerentes \u00e0 cria\u00e7\u00e3o, al\u00e9m de tornar difusas as linhas entre passado, presente e futuro, preparo e finaliza\u00e7\u00e3o, p\u00fablico e obra, autenticidade e performance.<\/p><\/div>\n\t\t\t\t<\/div>\n\t\t\t\t<\/div>\n\t\t\t\t\t\t<\/div>\n\t\t\t\t\t<\/div>\n\t\t<\/div>\n\t\t\t\t<div class=\"elementor-column elementor-col-50 elementor-top-column elementor-element elementor-element-33ad1672\" data-id=\"33ad1672\" data-element_type=\"column\" data-settings=\"{&quot;background_background&quot;:&quot;classic&quot;}\">\n\t\t\t<div class=\"elementor-column-wrap elementor-element-populated\">\n\t\t\t\t\t<div class=\"elementor-background-overlay\"><\/div>\n\t\t\t\t\t\t\t<div class=\"elementor-widget-wrap\">\n\t\t\t\t\t\t<div class=\"elementor-element elementor-element-fa8e4a5 elementor-widget elementor-widget-image\" data-id=\"fa8e4a5\" data-element_type=\"widget\" data-widget_type=\"image.default\">\n\t\t\t\t<div class=\"elementor-widget-container\">\n\t\t\t\t\t<div class=\"elementor-image\">\n\t\t\t\t\t\t\t\t\t\t<img width=\"724\" height=\"1024\" src=\"http:\/\/thsc.pt\/wp-content\/uploads\/2026\/01\/cartaz-1-724x1024.png\" class=\"attachment-large size-large\" alt=\"\" decoding=\"async\" loading=\"lazy\" srcset=\"http:\/\/thsc.pt\/wp-content\/uploads\/2026\/01\/cartaz-1-724x1024.png 724w, http:\/\/thsc.pt\/wp-content\/uploads\/2026\/01\/cartaz-1-212x300.png 212w, http:\/\/thsc.pt\/wp-content\/uploads\/2026\/01\/cartaz-1-768x1086.png 768w, http:\/\/thsc.pt\/wp-content\/uploads\/2026\/01\/cartaz-1-1086x1536.png 1086w, http:\/\/thsc.pt\/wp-content\/uploads\/2026\/01\/cartaz-1-1448x2048.png 1448w, http:\/\/thsc.pt\/wp-content\/uploads\/2026\/01\/cartaz-1.png 1684w\" sizes=\"(max-width: 724px) 100vw, 724px\" \/>\t\t\t\t\t\t\t\t\t\t\t<\/div>\n\t\t\t\t<\/div>\n\t\t\t\t<\/div>\n\t\t\t\t\t\t<\/div>\n\t\t\t\t\t<\/div>\n\t\t<\/div>\n\t\t\t\t\t\t\t\t<\/div>\n\t\t\t\t\t<\/div>\n\t\t<\/section>\n\t\t\t\t<section class=\"elementor-section elementor-top-section elementor-element elementor-element-ef7ac74 elementor-section-boxed elementor-section-height-default elementor-section-height-default\" data-id=\"ef7ac74\" data-element_type=\"section\" data-settings=\"{&quot;background_background&quot;:&quot;classic&quot;}\">\n\t\t\t\t\t\t<div class=\"elementor-container elementor-column-gap-default\">\n\t\t\t\t\t\t\t<div class=\"elementor-row\">\n\t\t\t\t\t\t\t\t\t<\/div>\n\t\t\t\t\t<\/div>\n\t\t<\/section>\n\t\t\t\t<section class=\"elementor-section elementor-top-section elementor-element elementor-element-6e6a116b elementor-section-full_width elementor-section-stretched elementor-section-height-default elementor-section-height-default\" data-id=\"6e6a116b\" data-element_type=\"section\" data-settings=\"{&quot;stretch_section&quot;:&quot;section-stretched&quot;,&quot;background_background&quot;:&quot;classic&quot;}\">\n\t\t\t\t\t\t<div class=\"elementor-container elementor-column-gap-default\">\n\t\t\t\t\t\t\t<div class=\"elementor-row\">\n\t\t\t\t\t<div class=\"elementor-column elementor-col-100 elementor-top-column elementor-element elementor-element-26269a28\" data-id=\"26269a28\" data-element_type=\"column\">\n\t\t\t<div class=\"elementor-column-wrap elementor-element-populated\">\n\t\t\t\t\t\t\t<div class=\"elementor-widget-wrap\">\n\t\t\t\t\t\t<div class=\"elementor-element elementor-element-7d4e2a8b elementor-widget elementor-widget-gallery\" data-id=\"7d4e2a8b\" data-element_type=\"widget\" data-settings=\"{&quot;gallery_layout&quot;:&quot;masonry&quot;,&quot;columns&quot;:2,&quot;columns_tablet&quot;:3,&quot;columns_mobile&quot;:2,&quot;lazyload&quot;:&quot;yes&quot;,&quot;gap&quot;:{&quot;unit&quot;:&quot;px&quot;,&quot;size&quot;:10,&quot;sizes&quot;:[]},&quot;gap_tablet&quot;:{&quot;unit&quot;:&quot;px&quot;,&quot;size&quot;:10,&quot;sizes&quot;:[]},&quot;gap_mobile&quot;:{&quot;unit&quot;:&quot;px&quot;,&quot;size&quot;:10,&quot;sizes&quot;:[]},&quot;overlay_background&quot;:&quot;yes&quot;,&quot;content_hover_animation&quot;:&quot;fade-in&quot;}\" data-widget_type=\"gallery.default\">\n\t\t\t\t<div class=\"elementor-widget-container\">\n\t\t\t\t\t<div class=\"elementor-gallery__container\">\n\t\t\t\t\t\t\t<div class=\"e-gallery-item elementor-gallery-item elementor-animated-content\">\n\t\t\t\t\t<div class=\"e-gallery-image elementor-gallery-item__image\" data-thumbnail=\"http:\/\/thsc.pt\/wp-content\/uploads\/2020\/08\/thsc1-1024x576.jpg\" data-width=\"1024\" data-height=\"576\" alt=\"\" ><\/div>\n\t\t\t\t\t\t\t\t\t\t<div class=\"elementor-gallery-item__overlay\"><\/div>\n\t\t\t\t\t\t\t\t\t\t\t\t\t\t<\/div>\n\t\t\t\t\t\t\t<div class=\"e-gallery-item elementor-gallery-item elementor-animated-content\">\n\t\t\t\t\t<div class=\"e-gallery-image elementor-gallery-item__image\" data-thumbnail=\"http:\/\/thsc.pt\/wp-content\/uploads\/2020\/08\/thsc_2-768x432-1.jpg\" data-width=\"768\" data-height=\"432\" alt=\"\" ><\/div>\n\t\t\t\t\t\t\t\t\t\t<div class=\"elementor-gallery-item__overlay\"><\/div>\n\t\t\t\t\t\t\t\t\t\t\t\t\t\t<\/div>\n\t\t\t\t\t<\/div>\n\t\t\t<\/div>\n\t\t\t\t<\/div>\n\t\t\t\t\t\t<\/div>\n\t\t\t\t\t<\/div>\n\t\t<\/div>\n\t\t\t\t\t\t\t\t<\/div>\n\t\t\t\t\t<\/div>\n\t\t<\/section>\n\t\t\t\t\t\t<\/div>\n\t\t\t\t\t\t<\/div>\n\t\t\t\t\t<\/div>\n\t\t","protected":false},"excerpt":{"rendered":"<p>MATS LAB 2026 INVAS\u00d5ES 30 de janeiro de 2026 15h00, 16h30, 19h30 e 21h00 M\/6 | ENTRADA GRATUITA PELA RUA [&hellip;]<\/p>\n","protected":false},"author":3,"featured_media":6149,"parent":0,"menu_order":0,"comment_status":"closed","ping_status":"closed","template":"","meta":[],"_links":{"self":[{"href":"http:\/\/thsc.pt\/index.php?rest_route=\/wp\/v2\/pages\/6148"}],"collection":[{"href":"http:\/\/thsc.pt\/index.php?rest_route=\/wp\/v2\/pages"}],"about":[{"href":"http:\/\/thsc.pt\/index.php?rest_route=\/wp\/v2\/types\/page"}],"author":[{"embeddable":true,"href":"http:\/\/thsc.pt\/index.php?rest_route=\/wp\/v2\/users\/3"}],"replies":[{"embeddable":true,"href":"http:\/\/thsc.pt\/index.php?rest_route=%2Fwp%2Fv2%2Fcomments&post=6148"}],"version-history":[{"count":4,"href":"http:\/\/thsc.pt\/index.php?rest_route=\/wp\/v2\/pages\/6148\/revisions"}],"predecessor-version":[{"id":6154,"href":"http:\/\/thsc.pt\/index.php?rest_route=\/wp\/v2\/pages\/6148\/revisions\/6154"}],"wp:featuredmedia":[{"embeddable":true,"href":"http:\/\/thsc.pt\/index.php?rest_route=\/wp\/v2\/media\/6149"}],"wp:attachment":[{"href":"http:\/\/thsc.pt\/index.php?rest_route=%2Fwp%2Fv2%2Fmedia&parent=6148"}],"curies":[{"name":"wp","href":"https:\/\/api.w.org\/{rel}","templated":true}]}}