{"id":6037,"date":"2025-11-12T17:45:38","date_gmt":"2025-11-12T16:45:38","guid":{"rendered":"http:\/\/thsc.pt\/?page_id=6037"},"modified":"2025-12-09T15:35:02","modified_gmt":"2025-12-09T14:35:02","slug":"nenhures","status":"publish","type":"page","link":"http:\/\/thsc.pt\/?page_id=6037","title":{"rendered":"Nenhures"},"content":{"rendered":"\t\t<div data-elementor-type=\"wp-page\" data-elementor-id=\"6037\" class=\"elementor elementor-6037\" data-elementor-settings=\"[]\">\n\t\t\t\t\t\t<div class=\"elementor-inner\">\n\t\t\t\t\t\t\t<div class=\"elementor-section-wrap\">\n\t\t\t\t\t\t\t<section class=\"elementor-section elementor-top-section elementor-element elementor-element-4ad5543c elementor-section-height-min-height elementor-section-boxed elementor-section-height-default elementor-section-items-middle\" data-id=\"4ad5543c\" data-element_type=\"section\" data-settings=\"{&quot;background_background&quot;:&quot;classic&quot;}\">\n\t\t\t\t\t\t\t<div class=\"elementor-background-overlay\"><\/div>\n\t\t\t\t\t\t\t<div class=\"elementor-container elementor-column-gap-default\">\n\t\t\t\t\t\t\t<div class=\"elementor-row\">\n\t\t\t\t\t<div class=\"elementor-column elementor-col-100 elementor-top-column elementor-element elementor-element-2eefad9e\" data-id=\"2eefad9e\" data-element_type=\"column\">\n\t\t\t<div class=\"elementor-column-wrap elementor-element-populated\">\n\t\t\t\t\t\t\t<div class=\"elementor-widget-wrap\">\n\t\t\t\t\t\t<div class=\"elementor-element elementor-element-40c8b87e elementor-widget elementor-widget-spacer\" data-id=\"40c8b87e\" data-element_type=\"widget\" data-widget_type=\"spacer.default\">\n\t\t\t\t<div class=\"elementor-widget-container\">\n\t\t\t\t\t<div class=\"elementor-spacer\">\n\t\t\t<div class=\"elementor-spacer-inner\"><\/div>\n\t\t<\/div>\n\t\t\t\t<\/div>\n\t\t\t\t<\/div>\n\t\t\t\t<div class=\"elementor-element elementor-element-7262477b elementor-widget elementor-widget-heading\" data-id=\"7262477b\" data-element_type=\"widget\" data-widget_type=\"heading.default\">\n\t\t\t\t<div class=\"elementor-widget-container\">\n\t\t\t<h1 class=\"elementor-heading-title elementor-size-large\">NENHURES<\/h1>\t\t<\/div>\n\t\t\t\t<\/div>\n\t\t\t\t<div class=\"elementor-element elementor-element-70402546 elementor-widget elementor-widget-text-editor\" data-id=\"70402546\" data-element_type=\"widget\" data-widget_type=\"text-editor.default\">\n\t\t\t\t<div class=\"elementor-widget-container\">\n\t\t\t\t\t<div class=\"elementor-text-editor elementor-clearfix\"><h2><strong><span style=\"color: #ffffff;\">13 a 16 de dezembro de 2025<\/span><\/strong><\/h2><p><strong><span style=\"color: #ffffff;\">S\u00e1bado e Domingo \u2013 16h00<\/span><\/strong><br \/><strong><span style=\"color: #ffffff;\">Segunda \u2013 10h30 e 15h30<\/span><\/strong><br \/><strong><span style=\"color: #ffffff;\">Ter\u00e7a \u2013 10h30<\/span><\/strong><\/p><\/div>\n\t\t\t\t<\/div>\n\t\t\t\t<\/div>\n\t\t\t\t<section class=\"elementor-section elementor-inner-section elementor-element elementor-element-49bb3ede elementor-section-content-middle elementor-section-boxed elementor-section-height-default elementor-section-height-default\" data-id=\"49bb3ede\" data-element_type=\"section\">\n\t\t\t\t\t\t<div class=\"elementor-container elementor-column-gap-extended\">\n\t\t\t\t\t\t\t<div class=\"elementor-row\">\n\t\t\t\t\t<div class=\"elementor-column elementor-col-100 elementor-inner-column elementor-element elementor-element-1afed68d\" data-id=\"1afed68d\" data-element_type=\"column\">\n\t\t\t<div class=\"elementor-column-wrap elementor-element-populated\">\n\t\t\t\t\t\t\t<div class=\"elementor-widget-wrap\">\n\t\t\t\t\t\t<div class=\"elementor-element elementor-element-1e9cd08 elementor-widget elementor-widget-text-editor\" data-id=\"1e9cd08\" data-element_type=\"widget\" data-widget_type=\"text-editor.default\">\n\t\t\t\t<div class=\"elementor-widget-container\">\n\t\t\t\t\t<div class=\"elementor-text-editor elementor-clearfix\"><h5><span style=\"color: #ffffff;\"><b><span style=\"font-family: var( --e-global-typography-text-font-family );\">M\/6 <\/span><\/b><\/span><b><span style=\"font-family: var( --e-global-typography-text-font-family );\"><span style=\"color: #ffffff;\">| BILHETES : 5,00 A 7,00 EUROS<\/span>\u00a0<\/span><\/b><\/h5><\/div>\n\t\t\t\t<\/div>\n\t\t\t\t<\/div>\n\t\t\t\t\t\t<\/div>\n\t\t\t\t\t<\/div>\n\t\t<\/div>\n\t\t\t\t\t\t\t\t<\/div>\n\t\t\t\t\t<\/div>\n\t\t<\/section>\n\t\t\t\t\t\t<\/div>\n\t\t\t\t\t<\/div>\n\t\t<\/div>\n\t\t\t\t\t\t\t\t<\/div>\n\t\t\t\t\t<\/div>\n\t\t<\/section>\n\t\t\t\t<section class=\"elementor-section elementor-top-section elementor-element elementor-element-7aee3d28 elementor-section-boxed elementor-section-height-default elementor-section-height-default\" data-id=\"7aee3d28\" data-element_type=\"section\" data-settings=\"{&quot;background_background&quot;:&quot;classic&quot;}\">\n\t\t\t\t\t\t<div class=\"elementor-container elementor-column-gap-default\">\n\t\t\t\t\t\t\t<div class=\"elementor-row\">\n\t\t\t\t\t<div class=\"elementor-column elementor-col-50 elementor-top-column elementor-element elementor-element-684e2f8b\" data-id=\"684e2f8b\" data-element_type=\"column\">\n\t\t\t<div class=\"elementor-column-wrap elementor-element-populated\">\n\t\t\t\t\t\t\t<div class=\"elementor-widget-wrap\">\n\t\t\t\t\t\t<div class=\"elementor-element elementor-element-5c061019 elementor-widget elementor-widget-spacer\" data-id=\"5c061019\" data-element_type=\"widget\" data-widget_type=\"spacer.default\">\n\t\t\t\t<div class=\"elementor-widget-container\">\n\t\t\t\t\t<div class=\"elementor-spacer\">\n\t\t\t<div class=\"elementor-spacer-inner\"><\/div>\n\t\t<\/div>\n\t\t\t\t<\/div>\n\t\t\t\t<\/div>\n\t\t\t\t<div class=\"elementor-element elementor-element-21c29a7e elementor-widget elementor-widget-text-editor\" data-id=\"21c29a7e\" data-element_type=\"widget\" data-widget_type=\"text-editor.default\">\n\t\t\t\t<div class=\"elementor-widget-container\">\n\t\t\t\t\t<div class=\"elementor-text-editor elementor-clearfix\"><p class=\"xmsonormal\"><span style=\"font-size: 12.0pt;\">Num futuro pr\u00f3ximo, o mundo tal como o conhecemos, terminou!\u00a0Abunda o lixo, impera o caos, os recursos s\u00e3o escassos e procuram-se os \u00faltimos resqu\u00edcios de humanidade!\u00a0<\/span><\/p><p class=\"xmsonormal\"><span style=\"font-size: 12.0pt;\">Sejam bem-vindos a NENHURES, onde iremos descobrir como habitar o nada. Atrav\u00e9s da anima\u00e7\u00e3o da mat\u00e9ria, da poesia dos corpos, da dimens\u00e3o on\u00edrica dos textos e das can\u00e7\u00f5es, iremos construir uma narrativa, onde ousamos reconstruir a sociedade.\u00a0NENHURES ser\u00e1 a nossa utopia de um futuro, que poder\u00e1 n\u00e3o estar assim t\u00e3o distante.<\/span><\/p><\/div>\n\t\t\t\t<\/div>\n\t\t\t\t<\/div>\n\t\t\t\t\t\t<\/div>\n\t\t\t\t\t<\/div>\n\t\t<\/div>\n\t\t\t\t<div class=\"elementor-column elementor-col-50 elementor-top-column elementor-element elementor-element-5e788ec8\" data-id=\"5e788ec8\" data-element_type=\"column\" data-settings=\"{&quot;background_background&quot;:&quot;classic&quot;}\">\n\t\t\t<div class=\"elementor-column-wrap elementor-element-populated\">\n\t\t\t\t\t<div class=\"elementor-background-overlay\"><\/div>\n\t\t\t\t\t\t\t<div class=\"elementor-widget-wrap\">\n\t\t\t\t\t\t<div class=\"elementor-element elementor-element-54a36c8 elementor-widget elementor-widget-image\" data-id=\"54a36c8\" data-element_type=\"widget\" data-widget_type=\"image.default\">\n\t\t\t\t<div class=\"elementor-widget-container\">\n\t\t\t\t\t<div class=\"elementor-image\">\n\t\t\t\t\t\t\t\t\t\t<img width=\"724\" height=\"1024\" src=\"http:\/\/thsc.pt\/wp-content\/uploads\/2025\/12\/cartaz-724x1024.jpg\" class=\"attachment-large size-large\" alt=\"\" decoding=\"async\" loading=\"lazy\" srcset=\"http:\/\/thsc.pt\/wp-content\/uploads\/2025\/12\/cartaz-724x1024.jpg 724w, http:\/\/thsc.pt\/wp-content\/uploads\/2025\/12\/cartaz-212x300.jpg 212w, http:\/\/thsc.pt\/wp-content\/uploads\/2025\/12\/cartaz-768x1086.jpg 768w, http:\/\/thsc.pt\/wp-content\/uploads\/2025\/12\/cartaz-1086x1536.jpg 1086w, http:\/\/thsc.pt\/wp-content\/uploads\/2025\/12\/cartaz.jpg 1414w\" sizes=\"(max-width: 724px) 100vw, 724px\" \/>\t\t\t\t\t\t\t\t\t\t\t<\/div>\n\t\t\t\t<\/div>\n\t\t\t\t<\/div>\n\t\t\t\t\t\t<\/div>\n\t\t\t\t\t<\/div>\n\t\t<\/div>\n\t\t\t\t\t\t\t\t<\/div>\n\t\t\t\t\t<\/div>\n\t\t<\/section>\n\t\t\t\t<section class=\"elementor-section elementor-top-section elementor-element elementor-element-55b6214b elementor-section-boxed elementor-section-height-default elementor-section-height-default\" data-id=\"55b6214b\" data-element_type=\"section\" data-settings=\"{&quot;background_background&quot;:&quot;classic&quot;}\">\n\t\t\t\t\t\t<div class=\"elementor-container elementor-column-gap-default\">\n\t\t\t\t\t\t\t<div class=\"elementor-row\">\n\t\t\t\t\t\t\t\t\t<\/div>\n\t\t\t\t\t<\/div>\n\t\t<\/section>\n\t\t\t\t<section class=\"elementor-section elementor-top-section elementor-element elementor-element-71acc2e9 elementor-section-full_width elementor-section-height-min-height elementor-section-height-default elementor-section-items-middle\" data-id=\"71acc2e9\" data-element_type=\"section\" data-settings=\"{&quot;background_background&quot;:&quot;classic&quot;}\">\n\t\t\t\t\t\t<div class=\"elementor-container elementor-column-gap-no\">\n\t\t\t\t\t\t\t<div class=\"elementor-row\">\n\t\t\t\t\t<div class=\"elementor-column elementor-col-50 elementor-top-column elementor-element elementor-element-47983ef2\" data-id=\"47983ef2\" data-element_type=\"column\">\n\t\t\t<div class=\"elementor-column-wrap elementor-element-populated\">\n\t\t\t\t\t\t\t<div class=\"elementor-widget-wrap\">\n\t\t\t\t\t\t<div class=\"elementor-element elementor-element-7333d1f6 elementor-widget elementor-widget-text-editor\" data-id=\"7333d1f6\" data-element_type=\"widget\" data-widget_type=\"text-editor.default\">\n\t\t\t\t<div class=\"elementor-widget-container\">\n\t\t\t\t\t<div class=\"elementor-text-editor elementor-clearfix\"><blockquote><p class=\"p1\"><span style=\"color: #333333;\"><strong>Equipa Criativa e Art\u00edstica<\/strong><\/span><\/p><\/blockquote><p class=\"p1\" style=\"padding-left: 40px;\"><span style=\"color: #333333;\"><strong>Encena\u00e7\u00e3o<\/strong><\/span><br \/><span style=\"color: #333333;\">Ant\u00f3nio Franco de Oliveira<br \/>Julieta Rodrigues<\/span><\/p><p class=\"p1\" style=\"padding-left: 40px;\"><span style=\"color: #333333;\"><strong>Interpreta\u00e7\u00e3o<\/strong><\/span><br \/><span style=\"color: #333333;\">Adriana Lima<br \/>Aida Rocha<br \/>Carlos Tavares<br \/>Carolina Siquenique<br \/>Dinis Couto<br \/>Edson Mendes<br \/>Eduarda Andreotti<br \/>Estela Torrente<br \/>Eva do Mar<br \/>In\u00eas Eug\u00eania<br \/>Joana Teixeira<br \/>Lara Costa<br \/>Leandro Jesus<br \/>Madalena Fiens<br \/>Mafalda Maia<br \/>Marco Lima<br \/>Margarida Rebelo<br \/>Mariana Sousa<br \/>Marta Oliveira<br \/>Matilde Barroso<br \/>Scarlett Maurer<br \/>Yara Oneto<\/span><\/p><p class=\"p1\" style=\"padding-left: 40px;\"><span style=\"color: #333333;\"><strong>Cenografia<\/strong><\/span><br \/><span style=\"color: #333333;\">Mafalda Carvalho<br \/>Manuel Rodrigues<br \/>Margherita Accarpio<br \/>May Milheiro<\/span><\/p><\/div>\n\t\t\t\t<\/div>\n\t\t\t\t<\/div>\n\t\t\t\t\t\t<\/div>\n\t\t\t\t\t<\/div>\n\t\t<\/div>\n\t\t\t\t<div class=\"elementor-column elementor-col-50 elementor-top-column elementor-element elementor-element-3168b15\" data-id=\"3168b15\" data-element_type=\"column\">\n\t\t\t<div class=\"elementor-column-wrap elementor-element-populated\">\n\t\t\t\t\t\t\t<div class=\"elementor-widget-wrap\">\n\t\t\t\t\t\t<div class=\"elementor-element elementor-element-66ea390c elementor-widget elementor-widget-text-editor\" data-id=\"66ea390c\" data-element_type=\"widget\" data-widget_type=\"text-editor.default\">\n\t\t\t\t<div class=\"elementor-widget-container\">\n\t\t\t\t\t<div class=\"elementor-text-editor elementor-clearfix\"><p class=\"p1\"><span style=\"color: #333333;\"><strong>Figurinos<\/strong><\/span><br \/><span style=\"color: #333333;\">Anita Henriques<br \/>In\u00eas Teixeira<br \/>Lara Dias<br \/>\u00c9rica Rosas<\/span><\/p><p class=\"p1\"><span style=\"color: #333333;\"><strong>Luz<br \/><\/strong><\/span><span style=\"color: #333333;\">Ana Al\u00e7ada<br \/>Leandro Oliveira<br \/>Vitor Santos<br \/>Rita Ribeiro<\/span><\/p><p class=\"p1\"><span style=\"color: #333333;\"><strong>Som<br \/><\/strong><\/span><span style=\"color: #333333;\">Artur Cardaretti<br \/>Jorge Mesquita<br \/>Isabel Martinez<br \/>Pedro Berend<br \/>Tom\u00e1s Silva<\/span><\/p><p class=\"p1\"><span style=\"color: #333333;\"><strong>Dire\u00e7\u00e3o de Cena<br \/><\/strong>Ana Neves<br \/>Sofia Monteiro<\/span><\/p><p class=\"p1\"><span style=\"color: #333333;\"><strong>Produ\u00e7\u00e3o<\/strong><\/span><br \/><span style=\"color: #333333;\">Ana Ferreira<br \/>Ana Rocha<\/span><\/p><p class=\"p1\"><span style=\"color: #333333;\"><strong>Imagem<br \/><\/strong><\/span><span style=\"color: #333333;\">Ana Rocha<\/span><\/p><p class=\"p1\"><span style=\"color: #333333;\"><strong>Professores Orientadores<\/strong><\/span><br \/><span style=\"color: #333333;\">Cenografia: Helder Maia<br \/>Dire\u00e7\u00e3o de Cena e Produ\u00e7\u00e3o: Pedro Leit\u00e3o<br \/>Figurinos: Filipa Martins<br \/>Interpreta\u00e7\u00e3o: In\u00eas Lua e In\u00eas Vicente<br \/>Luz: Rui Damas<br \/>Som: Rui Lima<\/span><\/p><\/div>\n\t\t\t\t<\/div>\n\t\t\t\t<\/div>\n\t\t\t\t\t\t<\/div>\n\t\t\t\t\t<\/div>\n\t\t<\/div>\n\t\t\t\t\t\t\t\t<\/div>\n\t\t\t\t\t<\/div>\n\t\t<\/section>\n\t\t\t\t<section class=\"elementor-section elementor-top-section elementor-element elementor-element-7d23c8a0 elementor-section-full_width elementor-section-stretched elementor-section-height-default elementor-section-height-default\" data-id=\"7d23c8a0\" data-element_type=\"section\" data-settings=\"{&quot;stretch_section&quot;:&quot;section-stretched&quot;,&quot;background_background&quot;:&quot;classic&quot;}\">\n\t\t\t\t\t\t<div class=\"elementor-container elementor-column-gap-default\">\n\t\t\t\t\t\t\t<div class=\"elementor-row\">\n\t\t\t\t\t<div class=\"elementor-column elementor-col-100 elementor-top-column elementor-element elementor-element-3a8a1ae8\" data-id=\"3a8a1ae8\" data-element_type=\"column\">\n\t\t\t<div class=\"elementor-column-wrap elementor-element-populated\">\n\t\t\t\t\t\t\t<div class=\"elementor-widget-wrap\">\n\t\t\t\t\t\t<div class=\"elementor-element elementor-element-5a83a50b elementor-widget elementor-widget-gallery\" data-id=\"5a83a50b\" data-element_type=\"widget\" data-settings=\"{&quot;gallery_layout&quot;:&quot;masonry&quot;,&quot;columns&quot;:2,&quot;columns_tablet&quot;:3,&quot;columns_mobile&quot;:2,&quot;lazyload&quot;:&quot;yes&quot;,&quot;gap&quot;:{&quot;unit&quot;:&quot;px&quot;,&quot;size&quot;:10,&quot;sizes&quot;:[]},&quot;gap_tablet&quot;:{&quot;unit&quot;:&quot;px&quot;,&quot;size&quot;:10,&quot;sizes&quot;:[]},&quot;gap_mobile&quot;:{&quot;unit&quot;:&quot;px&quot;,&quot;size&quot;:10,&quot;sizes&quot;:[]},&quot;overlay_background&quot;:&quot;yes&quot;,&quot;content_hover_animation&quot;:&quot;fade-in&quot;}\" data-widget_type=\"gallery.default\">\n\t\t\t\t<div class=\"elementor-widget-container\">\n\t\t\t\t\t<div class=\"elementor-gallery__container\">\n\t\t\t\t\t\t\t<div class=\"e-gallery-item elementor-gallery-item elementor-animated-content\">\n\t\t\t\t\t<div class=\"e-gallery-image elementor-gallery-item__image\" data-thumbnail=\"http:\/\/thsc.pt\/wp-content\/uploads\/2020\/08\/thsc_2-768x432-1.jpg\" data-width=\"768\" data-height=\"432\" alt=\"\" ><\/div>\n\t\t\t\t\t\t\t\t\t\t<div class=\"elementor-gallery-item__overlay\"><\/div>\n\t\t\t\t\t\t\t\t\t\t\t\t\t\t<\/div>\n\t\t\t\t\t\t\t<div class=\"e-gallery-item elementor-gallery-item elementor-animated-content\">\n\t\t\t\t\t<div class=\"e-gallery-image elementor-gallery-item__image\" data-thumbnail=\"http:\/\/thsc.pt\/wp-content\/uploads\/2020\/08\/thsc1-1024x576.jpg\" data-width=\"1024\" data-height=\"576\" alt=\"\" ><\/div>\n\t\t\t\t\t\t\t\t\t\t<div class=\"elementor-gallery-item__overlay\"><\/div>\n\t\t\t\t\t\t\t\t\t\t\t\t\t\t<\/div>\n\t\t\t\t\t<\/div>\n\t\t\t<\/div>\n\t\t\t\t<\/div>\n\t\t\t\t\t\t<\/div>\n\t\t\t\t\t<\/div>\n\t\t<\/div>\n\t\t\t\t\t\t\t\t<\/div>\n\t\t\t\t\t<\/div>\n\t\t<\/section>\n\t\t\t\t\t\t<\/div>\n\t\t\t\t\t\t<\/div>\n\t\t\t\t\t<\/div>\n\t\t","protected":false},"excerpt":{"rendered":"<p>NENHURES 13 a 16 de dezembro de 2025 S\u00e1bado e Domingo \u2013 16h00Segunda \u2013 10h30 e 15h30Ter\u00e7a \u2013 10h30 M\/6 [&hellip;]<\/p>\n","protected":false},"author":3,"featured_media":6060,"parent":0,"menu_order":0,"comment_status":"closed","ping_status":"closed","template":"","meta":[],"_links":{"self":[{"href":"http:\/\/thsc.pt\/index.php?rest_route=\/wp\/v2\/pages\/6037"}],"collection":[{"href":"http:\/\/thsc.pt\/index.php?rest_route=\/wp\/v2\/pages"}],"about":[{"href":"http:\/\/thsc.pt\/index.php?rest_route=\/wp\/v2\/types\/page"}],"author":[{"embeddable":true,"href":"http:\/\/thsc.pt\/index.php?rest_route=\/wp\/v2\/users\/3"}],"replies":[{"embeddable":true,"href":"http:\/\/thsc.pt\/index.php?rest_route=%2Fwp%2Fv2%2Fcomments&post=6037"}],"version-history":[{"count":14,"href":"http:\/\/thsc.pt\/index.php?rest_route=\/wp\/v2\/pages\/6037\/revisions"}],"predecessor-version":[{"id":6069,"href":"http:\/\/thsc.pt\/index.php?rest_route=\/wp\/v2\/pages\/6037\/revisions\/6069"}],"wp:featuredmedia":[{"embeddable":true,"href":"http:\/\/thsc.pt\/index.php?rest_route=\/wp\/v2\/media\/6060"}],"wp:attachment":[{"href":"http:\/\/thsc.pt\/index.php?rest_route=%2Fwp%2Fv2%2Fmedia&parent=6037"}],"curies":[{"name":"wp","href":"https:\/\/api.w.org\/{rel}","templated":true}]}}