{"id":5999,"date":"2025-10-28T17:19:30","date_gmt":"2025-10-28T16:19:30","guid":{"rendered":"http:\/\/thsc.pt\/?page_id=5999"},"modified":"2025-11-05T17:59:42","modified_gmt":"2025-11-05T16:59:42","slug":"um-fio-de-luz","status":"publish","type":"page","link":"http:\/\/thsc.pt\/?page_id=5999","title":{"rendered":"Um fio de Luz"},"content":{"rendered":"\t\t<div data-elementor-type=\"wp-page\" data-elementor-id=\"5999\" class=\"elementor elementor-5999\" data-elementor-settings=\"[]\">\n\t\t\t\t\t\t<div class=\"elementor-inner\">\n\t\t\t\t\t\t\t<div class=\"elementor-section-wrap\">\n\t\t\t\t\t\t\t<section class=\"elementor-section elementor-top-section elementor-element elementor-element-62fe365 elementor-section-height-min-height elementor-section-boxed elementor-section-height-default elementor-section-items-middle\" data-id=\"62fe365\" data-element_type=\"section\" data-settings=\"{&quot;background_background&quot;:&quot;classic&quot;}\">\n\t\t\t\t\t\t\t<div class=\"elementor-background-overlay\"><\/div>\n\t\t\t\t\t\t\t<div class=\"elementor-container elementor-column-gap-default\">\n\t\t\t\t\t\t\t<div class=\"elementor-row\">\n\t\t\t\t\t<div class=\"elementor-column elementor-col-100 elementor-top-column elementor-element elementor-element-207cc74b\" data-id=\"207cc74b\" data-element_type=\"column\">\n\t\t\t<div class=\"elementor-column-wrap elementor-element-populated\">\n\t\t\t\t\t\t\t<div class=\"elementor-widget-wrap\">\n\t\t\t\t\t\t<div class=\"elementor-element elementor-element-4e0f89fe elementor-widget elementor-widget-spacer\" data-id=\"4e0f89fe\" data-element_type=\"widget\" data-widget_type=\"spacer.default\">\n\t\t\t\t<div class=\"elementor-widget-container\">\n\t\t\t\t\t<div class=\"elementor-spacer\">\n\t\t\t<div class=\"elementor-spacer-inner\"><\/div>\n\t\t<\/div>\n\t\t\t\t<\/div>\n\t\t\t\t<\/div>\n\t\t\t\t<div class=\"elementor-element elementor-element-5828adf elementor-widget elementor-widget-heading\" data-id=\"5828adf\" data-element_type=\"widget\" data-widget_type=\"heading.default\">\n\t\t\t\t<div class=\"elementor-widget-container\">\n\t\t\t<h1 class=\"elementor-heading-title elementor-size-large\">UM FIO DE LUZ<br>para mezzo-soprano e grande ensemble com eletr\u00f3nica<\/h1>\t\t<\/div>\n\t\t\t\t<\/div>\n\t\t\t\t<div class=\"elementor-element elementor-element-35290cc9 elementor-widget elementor-widget-text-editor\" data-id=\"35290cc9\" data-element_type=\"widget\" data-widget_type=\"text-editor.default\">\n\t\t\t\t<div class=\"elementor-widget-container\">\n\t\t\t\t\t<div class=\"elementor-text-editor elementor-clearfix\"><h2><strong><span style=\"color: #ffffff;\">19 de novembro 2025<\/span><\/strong><\/h2><p><strong><span style=\"color: #ffffff;\">21h30<\/span><\/strong><\/p><\/div>\n\t\t\t\t<\/div>\n\t\t\t\t<\/div>\n\t\t\t\t<section class=\"elementor-section elementor-inner-section elementor-element elementor-element-27b14c62 elementor-section-content-middle elementor-section-boxed elementor-section-height-default elementor-section-height-default\" data-id=\"27b14c62\" data-element_type=\"section\">\n\t\t\t\t\t\t<div class=\"elementor-container elementor-column-gap-extended\">\n\t\t\t\t\t\t\t<div class=\"elementor-row\">\n\t\t\t\t\t<div class=\"elementor-column elementor-col-100 elementor-inner-column elementor-element elementor-element-1bc51ca1\" data-id=\"1bc51ca1\" data-element_type=\"column\">\n\t\t\t<div class=\"elementor-column-wrap elementor-element-populated\">\n\t\t\t\t\t\t\t<div class=\"elementor-widget-wrap\">\n\t\t\t\t\t\t<div class=\"elementor-element elementor-element-33e3381a elementor-widget elementor-widget-text-editor\" data-id=\"33e3381a\" data-element_type=\"widget\" data-widget_type=\"text-editor.default\">\n\t\t\t\t<div class=\"elementor-widget-container\">\n\t\t\t\t\t<div class=\"elementor-text-editor elementor-clearfix\"><h5><span style=\"color: #ffffff;\"><b><span style=\"font-family: var( --e-global-typography-text-font-family );\">M\/6 | ENTRADA GRATUITA PELA RUA DA ALEGRIA, 503 (AT\u00c9 AO LIMITE DA LOTA\u00c7\u00c3O DA SALA)\u00a0<\/span><\/b><\/span><\/h5><\/div>\n\t\t\t\t<\/div>\n\t\t\t\t<\/div>\n\t\t\t\t\t\t<\/div>\n\t\t\t\t\t<\/div>\n\t\t<\/div>\n\t\t\t\t\t\t\t\t<\/div>\n\t\t\t\t\t<\/div>\n\t\t<\/section>\n\t\t\t\t\t\t<\/div>\n\t\t\t\t\t<\/div>\n\t\t<\/div>\n\t\t\t\t\t\t\t\t<\/div>\n\t\t\t\t\t<\/div>\n\t\t<\/section>\n\t\t\t\t<section class=\"elementor-section elementor-top-section elementor-element elementor-element-10915e52 elementor-section-boxed elementor-section-height-default elementor-section-height-default\" data-id=\"10915e52\" data-element_type=\"section\" data-settings=\"{&quot;background_background&quot;:&quot;classic&quot;}\">\n\t\t\t\t\t\t<div class=\"elementor-container elementor-column-gap-default\">\n\t\t\t\t\t\t\t<div class=\"elementor-row\">\n\t\t\t\t\t<div class=\"elementor-column elementor-col-50 elementor-top-column elementor-element elementor-element-1b3fff79\" data-id=\"1b3fff79\" data-element_type=\"column\">\n\t\t\t<div class=\"elementor-column-wrap elementor-element-populated\">\n\t\t\t\t\t\t\t<div class=\"elementor-widget-wrap\">\n\t\t\t\t\t\t<div class=\"elementor-element elementor-element-599b3618 elementor-widget elementor-widget-spacer\" data-id=\"599b3618\" data-element_type=\"widget\" data-widget_type=\"spacer.default\">\n\t\t\t\t<div class=\"elementor-widget-container\">\n\t\t\t\t\t<div class=\"elementor-spacer\">\n\t\t\t<div class=\"elementor-spacer-inner\"><\/div>\n\t\t<\/div>\n\t\t\t\t<\/div>\n\t\t\t\t<\/div>\n\t\t\t\t<div class=\"elementor-element elementor-element-ce22c90 elementor-widget elementor-widget-text-editor\" data-id=\"ce22c90\" data-element_type=\"widget\" data-widget_type=\"text-editor.default\">\n\t\t\t\t<div class=\"elementor-widget-container\">\n\t\t\t\t\t<div class=\"elementor-text-editor elementor-clearfix\"><p class=\"p1\"><em><span class=\"fontstyle0\">Mergulhar a fundo na expectativa e,<br \/><\/span><span class=\"fontstyle0\">quando engolida pela escurid\u00e3o salgada de um mar real,<br \/>mesmo sem nunca ter aprendido a nadar,<br \/><\/span><span class=\"fontstyle0\">ser capaz de agarrar o reflexo do sol e subir \u00e0 tona por um fio de luz.<\/span> <\/em><\/p><\/div>\n\t\t\t\t<\/div>\n\t\t\t\t<\/div>\n\t\t\t\t\t\t<\/div>\n\t\t\t\t\t<\/div>\n\t\t<\/div>\n\t\t\t\t<div class=\"elementor-column elementor-col-50 elementor-top-column elementor-element elementor-element-485644df\" data-id=\"485644df\" data-element_type=\"column\" data-settings=\"{&quot;background_background&quot;:&quot;classic&quot;}\">\n\t\t\t<div class=\"elementor-column-wrap elementor-element-populated\">\n\t\t\t\t\t<div class=\"elementor-background-overlay\"><\/div>\n\t\t\t\t\t\t\t<div class=\"elementor-widget-wrap\">\n\t\t\t\t\t\t<div class=\"elementor-element elementor-element-fea5182 elementor-widget elementor-widget-image\" data-id=\"fea5182\" data-element_type=\"widget\" data-widget_type=\"image.default\">\n\t\t\t\t<div class=\"elementor-widget-container\">\n\t\t\t\t\t<div class=\"elementor-image\">\n\t\t\t\t\t\t\t\t\t\t<img width=\"724\" height=\"1024\" src=\"http:\/\/thsc.pt\/wp-content\/uploads\/2025\/11\/cartaz-1-724x1024.jpg\" class=\"attachment-large size-large\" alt=\"\" decoding=\"async\" loading=\"lazy\" srcset=\"http:\/\/thsc.pt\/wp-content\/uploads\/2025\/11\/cartaz-1-724x1024.jpg 724w, http:\/\/thsc.pt\/wp-content\/uploads\/2025\/11\/cartaz-1-212x300.jpg 212w, http:\/\/thsc.pt\/wp-content\/uploads\/2025\/11\/cartaz-1-768x1086.jpg 768w, http:\/\/thsc.pt\/wp-content\/uploads\/2025\/11\/cartaz-1-1086x1536.jpg 1086w, http:\/\/thsc.pt\/wp-content\/uploads\/2025\/11\/cartaz-1-1448x2048.jpg 1448w, http:\/\/thsc.pt\/wp-content\/uploads\/2025\/11\/cartaz-1-scaled.jpg 1810w\" sizes=\"(max-width: 724px) 100vw, 724px\" \/>\t\t\t\t\t\t\t\t\t\t\t<\/div>\n\t\t\t\t<\/div>\n\t\t\t\t<\/div>\n\t\t\t\t\t\t<\/div>\n\t\t\t\t\t<\/div>\n\t\t<\/div>\n\t\t\t\t\t\t\t\t<\/div>\n\t\t\t\t\t<\/div>\n\t\t<\/section>\n\t\t\t\t<section class=\"elementor-section elementor-top-section elementor-element elementor-element-376f8c56 elementor-section-boxed elementor-section-height-default elementor-section-height-default\" data-id=\"376f8c56\" data-element_type=\"section\" data-settings=\"{&quot;background_background&quot;:&quot;classic&quot;}\">\n\t\t\t\t\t\t<div class=\"elementor-container elementor-column-gap-default\">\n\t\t\t\t\t\t\t<div class=\"elementor-row\">\n\t\t\t\t\t\t\t\t\t<\/div>\n\t\t\t\t\t<\/div>\n\t\t<\/section>\n\t\t\t\t<section class=\"elementor-section elementor-top-section elementor-element elementor-element-7c9d48c3 elementor-section-full_width elementor-section-height-min-height elementor-section-height-default elementor-section-items-middle\" data-id=\"7c9d48c3\" data-element_type=\"section\" data-settings=\"{&quot;background_background&quot;:&quot;classic&quot;}\">\n\t\t\t\t\t\t<div class=\"elementor-container elementor-column-gap-no\">\n\t\t\t\t\t\t\t<div class=\"elementor-row\">\n\t\t\t\t\t<div class=\"elementor-column elementor-col-50 elementor-top-column elementor-element elementor-element-739d3b10\" data-id=\"739d3b10\" data-element_type=\"column\">\n\t\t\t<div class=\"elementor-column-wrap elementor-element-populated\">\n\t\t\t\t\t\t\t<div class=\"elementor-widget-wrap\">\n\t\t\t\t\t\t<div class=\"elementor-element elementor-element-100cdada elementor-widget elementor-widget-text-editor\" data-id=\"100cdada\" data-element_type=\"widget\" data-widget_type=\"text-editor.default\">\n\t\t\t\t<div class=\"elementor-widget-container\">\n\t\t\t\t\t<div class=\"elementor-text-editor elementor-clearfix\"><blockquote><p class=\"p1\"><span style=\"color: #333333;\"><strong>Equipa Criativa e Art\u00edstica<\/strong><\/span><\/p><\/blockquote><p class=\"p1\" style=\"padding-left: 40px;\"><span style=\"color: #333333;\"><strong>M\u00fasica<\/strong><\/span><br \/><span style=\"color: #333333;\">Mariana Marques Coelho<\/span><\/p><p class=\"p1\" style=\"padding-left: 40px;\"><span style=\"color: #333333;\"><strong>Texto<\/strong><\/span><br \/><span style=\"color: #333333;\">Patr\u00edcia Mota de Almeida<\/span><\/p><p class=\"p1\" style=\"padding-left: 40px;\"><span style=\"color: #333333;\"><strong>Luz<\/strong><\/span><br \/><span style=\"color: #333333;\">Pedro Cabral<\/span><\/p><p class=\"p1\" style=\"padding-left: 40px;\"><span style=\"color: #333333;\"><strong>Som<\/strong><\/span><br \/><span style=\"color: #333333;\">Leonardo Patr\u00edcio<\/span><\/p><p class=\"p1\" style=\"padding-left: 40px;\"><strong>Movimento<br \/><\/strong><span style=\"color: #000000;\">Ana Ester<\/span><br \/><span style=\"color: #000000;\">Fl\u00e1via Cassiano<\/span><\/p><p class=\"p1\" style=\"padding-left: 40px;\"><strong>Cenografia<br \/><\/strong><span style=\"color: #000000;\">Mariana Nat\u00e1rio<\/span><\/p><p class=\"p1\" style=\"padding-left: 40px;\"><strong>Dire\u00e7\u00e3o Musical<\/strong><br \/><span style=\"color: #000000;\">Marco Pereira<\/span><\/p><p class=\"p1\" style=\"padding-left: 40px;\"><strong>Mezzo-soprano<\/strong><br \/><span style=\"color: #000000;\">Catarina Perdig\u00e3o<\/span><\/p><p class=\"p1\" style=\"padding-left: 40px;\">\u00a0<\/p><\/div>\n\t\t\t\t<\/div>\n\t\t\t\t<\/div>\n\t\t\t\t\t\t<\/div>\n\t\t\t\t\t<\/div>\n\t\t<\/div>\n\t\t\t\t<div class=\"elementor-column elementor-col-50 elementor-top-column elementor-element elementor-element-349e84\" data-id=\"349e84\" data-element_type=\"column\">\n\t\t\t<div class=\"elementor-column-wrap elementor-element-populated\">\n\t\t\t\t\t\t\t<div class=\"elementor-widget-wrap\">\n\t\t\t\t\t\t<div class=\"elementor-element elementor-element-eb952cc elementor-widget elementor-widget-text-editor\" data-id=\"eb952cc\" data-element_type=\"widget\" data-widget_type=\"text-editor.default\">\n\t\t\t\t<div class=\"elementor-widget-container\">\n\t\t\t\t\t<div class=\"elementor-text-editor elementor-clearfix\"><p class=\"p1\"><span style=\"color: #333333;\"><strong>Flauta I<\/strong><\/span><br \/><span style=\"color: #333333;\">Guilherme Salgado<\/span><\/p><p class=\"p1\"><span style=\"color: #333333;\"><strong>Flauta II<\/strong><\/span><br \/><span style=\"color: #333333;\">Martina D&#8217;Aluisio<\/span><\/p><p class=\"p1\"><span style=\"color: #333333;\"><strong>Obo\u00e9<\/strong><\/span><br \/><span style=\"color: #333333;\">Beatriz Martins<\/span><\/p><p class=\"p1\"><span style=\"color: #333333;\"><strong>Clarinete em Bb I<\/strong><\/span><br \/><span style=\"color: #333333;\">Rodrigo Nunes<\/span><\/p><p><strong><span style=\"color: #000000;\">Clarinete em Bb II<\/span><\/strong><br \/><span style=\"color: #000000;\">Lu\u00eds Covinha<\/span><\/p><p><span style=\"color: #333333;\"><strong>Fagote<\/strong><\/span><br \/><span style=\"color: #333333;\">Josu\u00e9 Ester<\/span><\/p><p><span style=\"color: #333333;\"><strong>Trompa<\/strong><\/span><br \/><span style=\"color: #333333;\">Pedro Guimar\u00e3es<\/span><\/p><p><span style=\"color: #333333;\"><strong>Trompete<\/strong><\/span><br \/><span style=\"color: #333333;\">Pedro Marques<\/span><\/p><p><span style=\"color: #333333;\"><strong>Trombone<\/strong><\/span><br \/><span style=\"color: #333333;\">Ana Santos<\/span><\/p><p><span style=\"color: #333333;\"><strong>Eletr\u00f3nica I<\/strong><\/span><br \/><span style=\"color: #333333;\">David Teixeira da Silva<\/span><\/p><p><span style=\"color: #333333;\"><strong>Eletr\u00f3nica II<\/strong><\/span><br \/><span style=\"color: #333333;\">Mariana Marques Coelho<\/span><\/p><p><span style=\"color: #333333;\"><strong>Percuss\u00e3o I<\/strong><\/span><br \/><span style=\"color: #333333;\">Lucas Silva<\/span><\/p><p><span style=\"color: #333333;\"><strong>Percuss\u00e3o II<\/strong><\/span><br \/><span style=\"color: #333333;\">Jo\u00e3o Diogo Gomes<\/span><\/p><p><span style=\"color: #333333;\"><strong>Piano<\/strong><\/span><br \/><span style=\"color: #333333;\">Sabela Albarino<\/span><\/p><p><span style=\"color: #333333;\"><strong>Violino I<br \/><\/strong><\/span><span style=\"color: #333333;\">Pedro Rebelo<\/span><\/p><p><span style=\"color: #333333;\"><strong>Violino II<\/strong><\/span><br \/><span style=\"color: #333333;\">Vasco Teixeira<\/span><\/p><p><span style=\"color: #333333;\"><strong>Viola I<\/strong><\/span><br \/><span style=\"color: #333333;\">Francisca Bonacho<\/span><\/p><p><span style=\"color: #333333;\"><strong>Viola II<\/strong><\/span><br \/><span style=\"color: #333333;\">Alice Peixinho<\/span><\/p><p><span style=\"color: #333333;\"><strong>Violoncelo I<\/strong><\/span><br \/><span style=\"color: #333333;\">Carolina Costa<\/span><\/p><p><span style=\"color: #333333;\"><strong>Violoncelo II<\/strong><\/span><br \/><span style=\"color: #333333;\">Diogo Torres<\/span><\/p><\/div>\n\t\t\t\t<\/div>\n\t\t\t\t<\/div>\n\t\t\t\t\t\t<\/div>\n\t\t\t\t\t<\/div>\n\t\t<\/div>\n\t\t\t\t\t\t\t\t<\/div>\n\t\t\t\t\t<\/div>\n\t\t<\/section>\n\t\t\t\t<section class=\"elementor-section elementor-top-section elementor-element elementor-element-608d0710 elementor-section-full_width elementor-section-stretched elementor-section-height-default elementor-section-height-default\" data-id=\"608d0710\" data-element_type=\"section\" data-settings=\"{&quot;stretch_section&quot;:&quot;section-stretched&quot;,&quot;background_background&quot;:&quot;classic&quot;}\">\n\t\t\t\t\t\t<div class=\"elementor-container elementor-column-gap-default\">\n\t\t\t\t\t\t\t<div class=\"elementor-row\">\n\t\t\t\t\t<div class=\"elementor-column elementor-col-100 elementor-top-column elementor-element elementor-element-2e0c9d0f\" data-id=\"2e0c9d0f\" data-element_type=\"column\">\n\t\t\t<div class=\"elementor-column-wrap elementor-element-populated\">\n\t\t\t\t\t\t\t<div class=\"elementor-widget-wrap\">\n\t\t\t\t\t\t<div class=\"elementor-element elementor-element-7641098a elementor-widget elementor-widget-gallery\" data-id=\"7641098a\" data-element_type=\"widget\" data-settings=\"{&quot;gallery_layout&quot;:&quot;masonry&quot;,&quot;columns&quot;:2,&quot;columns_tablet&quot;:3,&quot;columns_mobile&quot;:2,&quot;lazyload&quot;:&quot;yes&quot;,&quot;gap&quot;:{&quot;unit&quot;:&quot;px&quot;,&quot;size&quot;:10,&quot;sizes&quot;:[]},&quot;gap_tablet&quot;:{&quot;unit&quot;:&quot;px&quot;,&quot;size&quot;:10,&quot;sizes&quot;:[]},&quot;gap_mobile&quot;:{&quot;unit&quot;:&quot;px&quot;,&quot;size&quot;:10,&quot;sizes&quot;:[]},&quot;overlay_background&quot;:&quot;yes&quot;,&quot;content_hover_animation&quot;:&quot;fade-in&quot;}\" data-widget_type=\"gallery.default\">\n\t\t\t\t<div class=\"elementor-widget-container\">\n\t\t\t\t\t<div class=\"elementor-gallery__container\">\n\t\t\t\t\t\t\t<div class=\"e-gallery-item elementor-gallery-item elementor-animated-content\">\n\t\t\t\t\t<div class=\"e-gallery-image elementor-gallery-item__image\" data-thumbnail=\"http:\/\/thsc.pt\/wp-content\/uploads\/2020\/08\/thsc_2-768x432-1.jpg\" data-width=\"768\" data-height=\"432\" alt=\"\" ><\/div>\n\t\t\t\t\t\t\t\t\t\t<div class=\"elementor-gallery-item__overlay\"><\/div>\n\t\t\t\t\t\t\t\t\t\t\t\t\t\t<\/div>\n\t\t\t\t\t\t\t<div class=\"e-gallery-item elementor-gallery-item elementor-animated-content\">\n\t\t\t\t\t<div class=\"e-gallery-image elementor-gallery-item__image\" data-thumbnail=\"http:\/\/thsc.pt\/wp-content\/uploads\/2020\/08\/thsc1-1024x576.jpg\" data-width=\"1024\" data-height=\"576\" alt=\"\" ><\/div>\n\t\t\t\t\t\t\t\t\t\t<div class=\"elementor-gallery-item__overlay\"><\/div>\n\t\t\t\t\t\t\t\t\t\t\t\t\t\t<\/div>\n\t\t\t\t\t<\/div>\n\t\t\t<\/div>\n\t\t\t\t<\/div>\n\t\t\t\t\t\t<\/div>\n\t\t\t\t\t<\/div>\n\t\t<\/div>\n\t\t\t\t\t\t\t\t<\/div>\n\t\t\t\t\t<\/div>\n\t\t<\/section>\n\t\t\t\t\t\t<\/div>\n\t\t\t\t\t\t<\/div>\n\t\t\t\t\t<\/div>\n\t\t","protected":false},"excerpt":{"rendered":"<p>UM FIO DE LUZpara mezzo-soprano e grande ensemble com eletr\u00f3nica 19 de novembro 2025 21h30 M\/6 | ENTRADA GRATUITA PELA [&hellip;]<\/p>\n","protected":false},"author":3,"featured_media":6000,"parent":0,"menu_order":0,"comment_status":"closed","ping_status":"closed","template":"","meta":[],"_links":{"self":[{"href":"http:\/\/thsc.pt\/index.php?rest_route=\/wp\/v2\/pages\/5999"}],"collection":[{"href":"http:\/\/thsc.pt\/index.php?rest_route=\/wp\/v2\/pages"}],"about":[{"href":"http:\/\/thsc.pt\/index.php?rest_route=\/wp\/v2\/types\/page"}],"author":[{"embeddable":true,"href":"http:\/\/thsc.pt\/index.php?rest_route=\/wp\/v2\/users\/3"}],"replies":[{"embeddable":true,"href":"http:\/\/thsc.pt\/index.php?rest_route=%2Fwp%2Fv2%2Fcomments&post=5999"}],"version-history":[{"count":8,"href":"http:\/\/thsc.pt\/index.php?rest_route=\/wp\/v2\/pages\/5999\/revisions"}],"predecessor-version":[{"id":6015,"href":"http:\/\/thsc.pt\/index.php?rest_route=\/wp\/v2\/pages\/5999\/revisions\/6015"}],"wp:featuredmedia":[{"embeddable":true,"href":"http:\/\/thsc.pt\/index.php?rest_route=\/wp\/v2\/media\/6000"}],"wp:attachment":[{"href":"http:\/\/thsc.pt\/index.php?rest_route=%2Fwp%2Fv2%2Fmedia&parent=5999"}],"curies":[{"name":"wp","href":"https:\/\/api.w.org\/{rel}","templated":true}]}}