{"id":5969,"date":"2025-10-08T14:05:44","date_gmt":"2025-10-08T13:05:44","guid":{"rendered":"http:\/\/thsc.pt\/?page_id=5969"},"modified":"2025-10-28T17:35:59","modified_gmt":"2025-10-28T16:35:59","slug":"hardcore","status":"publish","type":"page","link":"http:\/\/thsc.pt\/?page_id=5969","title":{"rendered":"Hardcore"},"content":{"rendered":"\t\t<div data-elementor-type=\"wp-page\" data-elementor-id=\"5969\" class=\"elementor elementor-5969\" data-elementor-settings=\"[]\">\n\t\t\t\t\t\t<div class=\"elementor-inner\">\n\t\t\t\t\t\t\t<div class=\"elementor-section-wrap\">\n\t\t\t\t\t\t\t<section class=\"elementor-section elementor-top-section elementor-element elementor-element-37e53965 elementor-section-height-min-height elementor-section-boxed elementor-section-height-default elementor-section-items-middle\" data-id=\"37e53965\" data-element_type=\"section\" data-settings=\"{&quot;background_background&quot;:&quot;classic&quot;}\">\n\t\t\t\t\t\t\t<div class=\"elementor-background-overlay\"><\/div>\n\t\t\t\t\t\t\t<div class=\"elementor-container elementor-column-gap-default\">\n\t\t\t\t\t\t\t<div class=\"elementor-row\">\n\t\t\t\t\t<div class=\"elementor-column elementor-col-100 elementor-top-column elementor-element elementor-element-56ccc850\" data-id=\"56ccc850\" data-element_type=\"column\">\n\t\t\t<div class=\"elementor-column-wrap elementor-element-populated\">\n\t\t\t\t\t\t\t<div class=\"elementor-widget-wrap\">\n\t\t\t\t\t\t<div class=\"elementor-element elementor-element-76a1896e elementor-widget elementor-widget-spacer\" data-id=\"76a1896e\" data-element_type=\"widget\" data-widget_type=\"spacer.default\">\n\t\t\t\t<div class=\"elementor-widget-container\">\n\t\t\t\t\t<div class=\"elementor-spacer\">\n\t\t\t<div class=\"elementor-spacer-inner\"><\/div>\n\t\t<\/div>\n\t\t\t\t<\/div>\n\t\t\t\t<\/div>\n\t\t\t\t<div class=\"elementor-element elementor-element-102de501 elementor-widget elementor-widget-heading\" data-id=\"102de501\" data-element_type=\"widget\" data-widget_type=\"heading.default\">\n\t\t\t\t<div class=\"elementor-widget-container\">\n\t\t\t<h1 class=\"elementor-heading-title elementor-size-large\">HARDCORE<\/h1>\t\t<\/div>\n\t\t\t\t<\/div>\n\t\t\t\t<div class=\"elementor-element elementor-element-1b9968db elementor-widget elementor-widget-text-editor\" data-id=\"1b9968db\" data-element_type=\"widget\" data-widget_type=\"text-editor.default\">\n\t\t\t\t<div class=\"elementor-widget-container\">\n\t\t\t\t\t<div class=\"elementor-text-editor elementor-clearfix\"><h2><strong><span style=\"color: #ffffff;\">7 de novembro de 2025<\/span><\/strong><\/h2><p><strong><span style=\"color: #ffffff;\">21h00<\/span><\/strong><\/p><\/div>\n\t\t\t\t<\/div>\n\t\t\t\t<\/div>\n\t\t\t\t<section class=\"elementor-section elementor-inner-section elementor-element elementor-element-72a67789 elementor-section-content-middle elementor-section-boxed elementor-section-height-default elementor-section-height-default\" data-id=\"72a67789\" data-element_type=\"section\">\n\t\t\t\t\t\t<div class=\"elementor-container elementor-column-gap-extended\">\n\t\t\t\t\t\t\t<div class=\"elementor-row\">\n\t\t\t\t\t<div class=\"elementor-column elementor-col-100 elementor-inner-column elementor-element elementor-element-60a18643\" data-id=\"60a18643\" data-element_type=\"column\">\n\t\t\t<div class=\"elementor-column-wrap elementor-element-populated\">\n\t\t\t\t\t\t\t<div class=\"elementor-widget-wrap\">\n\t\t\t\t\t\t<div class=\"elementor-element elementor-element-4f0912df elementor-widget elementor-widget-text-editor\" data-id=\"4f0912df\" data-element_type=\"widget\" data-widget_type=\"text-editor.default\">\n\t\t\t\t<div class=\"elementor-widget-container\">\n\t\t\t\t\t<div class=\"elementor-text-editor elementor-clearfix\"><h5><span style=\"color: #ffffff;\"><b><span style=\"font-family: var( --e-global-typography-text-font-family );\">M\/16 |\u00a0 BILHETES : 10,00 EUROS\u00a0<\/span><\/b><\/span><\/h5><\/div>\n\t\t\t\t<\/div>\n\t\t\t\t<\/div>\n\t\t\t\t\t\t<\/div>\n\t\t\t\t\t<\/div>\n\t\t<\/div>\n\t\t\t\t\t\t\t\t<\/div>\n\t\t\t\t\t<\/div>\n\t\t<\/section>\n\t\t\t\t\t\t<\/div>\n\t\t\t\t\t<\/div>\n\t\t<\/div>\n\t\t\t\t\t\t\t\t<\/div>\n\t\t\t\t\t<\/div>\n\t\t<\/section>\n\t\t\t\t<section class=\"elementor-section elementor-top-section elementor-element elementor-element-79c99e9c elementor-section-boxed elementor-section-height-default elementor-section-height-default\" data-id=\"79c99e9c\" data-element_type=\"section\" data-settings=\"{&quot;background_background&quot;:&quot;classic&quot;}\">\n\t\t\t\t\t\t<div class=\"elementor-container elementor-column-gap-default\">\n\t\t\t\t\t\t\t<div class=\"elementor-row\">\n\t\t\t\t\t<div class=\"elementor-column elementor-col-50 elementor-top-column elementor-element elementor-element-4a137c81\" data-id=\"4a137c81\" data-element_type=\"column\">\n\t\t\t<div class=\"elementor-column-wrap elementor-element-populated\">\n\t\t\t\t\t\t\t<div class=\"elementor-widget-wrap\">\n\t\t\t\t\t\t<div class=\"elementor-element elementor-element-314083d8 elementor-widget elementor-widget-spacer\" data-id=\"314083d8\" data-element_type=\"widget\" data-widget_type=\"spacer.default\">\n\t\t\t\t<div class=\"elementor-widget-container\">\n\t\t\t\t\t<div class=\"elementor-spacer\">\n\t\t\t<div class=\"elementor-spacer-inner\"><\/div>\n\t\t<\/div>\n\t\t\t\t<\/div>\n\t\t\t\t<\/div>\n\t\t\t\t<div class=\"elementor-element elementor-element-32a7a3bd elementor-widget elementor-widget-text-editor\" data-id=\"32a7a3bd\" data-element_type=\"widget\" data-widget_type=\"text-editor.default\">\n\t\t\t\t<div class=\"elementor-widget-container\">\n\t\t\t\t\t<div class=\"elementor-text-editor elementor-clearfix\"><p>Ser\u00e1 que actos hediondos como o Holocausto, o Massacre de Columbine ou o 11 de Setembro podem ser vistos como obras de arte? Ser\u00e1 que podemos premiar art\u00edsticamente os seus autores? Qu\u00e3o t\u00e9nue \u00e9 a linha que separa a \u00e9tica da est\u00e9tica? Num pseudo-com\u00edcio de uma pseudo-associa\u00e7\u00e3o, pseudo-partido pol\u00edtico, pseudo-organiza\u00e7\u00e3o n\u00e3o-governamental, pseudo-culto chamado ABBA: Associa\u00e7\u00e3o Bestial da Bonita Aurora, vale tudo menos arrancar olhos. O seu lema \u00e9 simples e directo: &#8220;Quo peius, eo melius.&#8221; (&#8220;Quanto pior, melhor.&#8221;) &#8211; at\u00e9 se deram ao trabalho de o escrever em latim para soar a cl\u00e1ssico. Pretendem curar a Humanidade dos seus mais odiosos v\u00edcios e, para isso, est\u00e3o dispostos a tudo, incluindo incorrer em todo o tipo de actos hediondos &#8211; desde atentados terroristas at\u00e9 genoc\u00eddios com armas qu\u00edmicas. T\u00eam sonhos molhados com a &#8220;banaliza\u00e7\u00e3o do mal&#8221; e, se poss\u00edvel, com a sua sublima\u00e7\u00e3o est\u00e9tica. At\u00e9 porque toda a gente sabe que nesta sociedade do consumo e do espect\u00e1culo, neste &#8220;simulacro de realidade&#8221; como diria Baudrillard, quanto mais hardcore for o espect\u00e1culo, mais likes e seguidores ter\u00e1 &#8211; trocando por mi\u00fados &#8211; mais guito far\u00e3o os seus actores e, sobretudo, os seus encenadores. Portanto, querido espectador, toca a comprar bilhete. Este espect\u00e1culo vai ser do melhor que h\u00e1 no mercado!<\/p><\/div>\n\t\t\t\t<\/div>\n\t\t\t\t<\/div>\n\t\t\t\t\t\t<\/div>\n\t\t\t\t\t<\/div>\n\t\t<\/div>\n\t\t\t\t<div class=\"elementor-column elementor-col-50 elementor-top-column elementor-element elementor-element-49cb975d\" data-id=\"49cb975d\" data-element_type=\"column\" data-settings=\"{&quot;background_background&quot;:&quot;classic&quot;}\">\n\t\t\t<div class=\"elementor-column-wrap elementor-element-populated\">\n\t\t\t\t\t<div class=\"elementor-background-overlay\"><\/div>\n\t\t\t\t\t\t\t<div class=\"elementor-widget-wrap\">\n\t\t\t\t\t\t<div class=\"elementor-element elementor-element-7e2c698 elementor-widget elementor-widget-image\" data-id=\"7e2c698\" data-element_type=\"widget\" data-widget_type=\"image.default\">\n\t\t\t\t<div class=\"elementor-widget-container\">\n\t\t\t\t\t<div class=\"elementor-image\">\n\t\t\t\t\t\t\t\t\t\t<img width=\"724\" height=\"1024\" src=\"http:\/\/thsc.pt\/wp-content\/uploads\/2025\/10\/cartaz-2-724x1024.jpg\" class=\"attachment-large size-large\" alt=\"\" decoding=\"async\" loading=\"lazy\" srcset=\"http:\/\/thsc.pt\/wp-content\/uploads\/2025\/10\/cartaz-2-724x1024.jpg 724w, http:\/\/thsc.pt\/wp-content\/uploads\/2025\/10\/cartaz-2-212x300.jpg 212w, http:\/\/thsc.pt\/wp-content\/uploads\/2025\/10\/cartaz-2-768x1086.jpg 768w, http:\/\/thsc.pt\/wp-content\/uploads\/2025\/10\/cartaz-2-1086x1536.jpg 1086w, http:\/\/thsc.pt\/wp-content\/uploads\/2025\/10\/cartaz-2-1448x2048.jpg 1448w, http:\/\/thsc.pt\/wp-content\/uploads\/2025\/10\/cartaz-2.jpg 1754w\" sizes=\"(max-width: 724px) 100vw, 724px\" \/>\t\t\t\t\t\t\t\t\t\t\t<\/div>\n\t\t\t\t<\/div>\n\t\t\t\t<\/div>\n\t\t\t\t\t\t<\/div>\n\t\t\t\t\t<\/div>\n\t\t<\/div>\n\t\t\t\t\t\t\t\t<\/div>\n\t\t\t\t\t<\/div>\n\t\t<\/section>\n\t\t\t\t<section class=\"elementor-section elementor-top-section elementor-element elementor-element-18649246 elementor-section-boxed elementor-section-height-default elementor-section-height-default\" data-id=\"18649246\" data-element_type=\"section\" data-settings=\"{&quot;background_background&quot;:&quot;classic&quot;}\">\n\t\t\t\t\t\t<div class=\"elementor-container elementor-column-gap-default\">\n\t\t\t\t\t\t\t<div class=\"elementor-row\">\n\t\t\t\t\t\t\t\t\t<\/div>\n\t\t\t\t\t<\/div>\n\t\t<\/section>\n\t\t\t\t<section class=\"elementor-section elementor-top-section elementor-element elementor-element-2af1a405 elementor-section-full_width elementor-section-height-min-height elementor-section-height-default elementor-section-items-middle\" data-id=\"2af1a405\" data-element_type=\"section\" data-settings=\"{&quot;background_background&quot;:&quot;classic&quot;}\">\n\t\t\t\t\t\t<div class=\"elementor-container elementor-column-gap-no\">\n\t\t\t\t\t\t\t<div class=\"elementor-row\">\n\t\t\t\t\t<div class=\"elementor-column elementor-col-50 elementor-top-column elementor-element elementor-element-676e69f1\" data-id=\"676e69f1\" data-element_type=\"column\">\n\t\t\t<div class=\"elementor-column-wrap elementor-element-populated\">\n\t\t\t\t\t\t\t<div class=\"elementor-widget-wrap\">\n\t\t\t\t\t\t<div class=\"elementor-element elementor-element-19c6576 elementor-widget elementor-widget-text-editor\" data-id=\"19c6576\" data-element_type=\"widget\" data-widget_type=\"text-editor.default\">\n\t\t\t\t<div class=\"elementor-widget-container\">\n\t\t\t\t\t<div class=\"elementor-text-editor elementor-clearfix\"><blockquote><p class=\"p1\"><span style=\"color: #333333;\"><strong>Equipa Criativa e Art\u00edstica<\/strong><\/span><\/p><\/blockquote><p class=\"p1\" style=\"padding-left: 40px;\"><span style=\"color: #333333;\"><strong>Encena\u00e7\u00e3o<\/strong><\/span><br \/><span style=\"color: #333333;\">Tiago Ribeiro<\/span><\/p><p class=\"p1\" style=\"padding-left: 40px;\"><span style=\"color: #333333;\"><strong>Apoio \u00e0 Dramaturgia e Produ\u00e7\u00e3o<\/strong><\/span><br \/><span style=\"color: #333333;\">Alexandra Moreira<\/span><\/p><p class=\"p1\" style=\"padding-left: 40px;\"><span style=\"color: #333333;\"><strong>Interpreta\u00e7\u00e3o<\/strong><\/span><br \/><span style=\"color: #333333;\">Al\u00e9xia Mengas<br \/>Carlos Rodrigues<br \/>Clara Zamorano<br \/>Cristina Afonso<br \/>Dalila<br \/>Em\u00edlio Costa<br \/>In\u00eas Azevedo<br \/>Isabel Andrade Silva<br \/>Jean<br \/>Joana Arantes<br \/>Jo\u00e3o Paulo Santos<br \/>Manuel S\u00e3o Sim\u00e3o<br \/>Marlua Batista<br \/>Marlene Pacheco<br \/>Maria Alice<br \/>Miguel Matos<br \/>Naomi<br \/>Paula Campos<br \/>Paula Cruz<br \/>Tiago Ribeiro<br \/>Vera Lima<\/span><\/p><p class=\"p1\" style=\"padding-left: 40px;\"><span style=\"color: #333333;\"><strong>Cenografia<\/strong><\/span><br \/><span style=\"color: #333333;\">Filipe Tootil<\/span><\/p><p class=\"p1\" style=\"padding-left: 40px;\">\u00a0<\/p><\/div>\n\t\t\t\t<\/div>\n\t\t\t\t<\/div>\n\t\t\t\t\t\t<\/div>\n\t\t\t\t\t<\/div>\n\t\t<\/div>\n\t\t\t\t<div class=\"elementor-column elementor-col-50 elementor-top-column elementor-element elementor-element-6137353e\" data-id=\"6137353e\" data-element_type=\"column\">\n\t\t\t<div class=\"elementor-column-wrap elementor-element-populated\">\n\t\t\t\t\t\t\t<div class=\"elementor-widget-wrap\">\n\t\t\t\t\t\t<div class=\"elementor-element elementor-element-1fac575a elementor-widget elementor-widget-text-editor\" data-id=\"1fac575a\" data-element_type=\"widget\" data-widget_type=\"text-editor.default\">\n\t\t\t\t<div class=\"elementor-widget-container\">\n\t\t\t\t\t<div class=\"elementor-text-editor elementor-clearfix\"><p class=\"p1\"><span style=\"color: #333333;\"><strong>Figurinos<\/strong><\/span><br \/><span style=\"color: #333333;\">Alexandra Moreira<br \/>Miguel Lopes Rodrigues<\/span><\/p><p class=\"p1\"><span style=\"color: #333333;\"><strong>Design de Luz<\/strong><\/span><br \/><span style=\"color: #333333;\">Jos\u00e9 Alves<\/span><\/p><p class=\"p1\"><span style=\"color: #333333;\"><strong>Opera\u00e7\u00e3o de Luz<br \/><\/strong><\/span><span style=\"color: #333333;\">Afonso Lemos<\/span><\/p><p class=\"p1\"><span style=\"color: #333333;\"><strong>Sonoplastia e M\u00fasica ao Vivo<\/strong><\/span><br \/><span style=\"color: #333333;\">Jo\u00e3o Geraldo Gomes<\/span><\/p><p class=\"p1\"><span style=\"color: #333333;\"><strong>Design Gr\u00e1fico e Opera\u00e7\u00e3o de V\u00eddeo<\/strong><br \/>Francisca Oliveira<\/span><\/p><\/div>\n\t\t\t\t<\/div>\n\t\t\t\t<\/div>\n\t\t\t\t\t\t<\/div>\n\t\t\t\t\t<\/div>\n\t\t<\/div>\n\t\t\t\t\t\t\t\t<\/div>\n\t\t\t\t\t<\/div>\n\t\t<\/section>\n\t\t\t\t<section class=\"elementor-section elementor-top-section elementor-element elementor-element-48d7df2 elementor-section-full_width elementor-section-stretched elementor-section-height-default elementor-section-height-default\" data-id=\"48d7df2\" data-element_type=\"section\" data-settings=\"{&quot;stretch_section&quot;:&quot;section-stretched&quot;,&quot;background_background&quot;:&quot;classic&quot;}\">\n\t\t\t\t\t\t<div class=\"elementor-container elementor-column-gap-default\">\n\t\t\t\t\t\t\t<div class=\"elementor-row\">\n\t\t\t\t\t<div class=\"elementor-column elementor-col-100 elementor-top-column elementor-element elementor-element-24be91ce\" data-id=\"24be91ce\" data-element_type=\"column\">\n\t\t\t<div class=\"elementor-column-wrap elementor-element-populated\">\n\t\t\t\t\t\t\t<div class=\"elementor-widget-wrap\">\n\t\t\t\t\t\t<div class=\"elementor-element elementor-element-39192b38 elementor-widget elementor-widget-gallery\" data-id=\"39192b38\" data-element_type=\"widget\" data-settings=\"{&quot;gallery_layout&quot;:&quot;masonry&quot;,&quot;columns&quot;:2,&quot;columns_tablet&quot;:3,&quot;columns_mobile&quot;:2,&quot;lazyload&quot;:&quot;yes&quot;,&quot;gap&quot;:{&quot;unit&quot;:&quot;px&quot;,&quot;size&quot;:10,&quot;sizes&quot;:[]},&quot;gap_tablet&quot;:{&quot;unit&quot;:&quot;px&quot;,&quot;size&quot;:10,&quot;sizes&quot;:[]},&quot;gap_mobile&quot;:{&quot;unit&quot;:&quot;px&quot;,&quot;size&quot;:10,&quot;sizes&quot;:[]},&quot;overlay_background&quot;:&quot;yes&quot;,&quot;content_hover_animation&quot;:&quot;fade-in&quot;}\" data-widget_type=\"gallery.default\">\n\t\t\t\t<div class=\"elementor-widget-container\">\n\t\t\t\t\t<div class=\"elementor-gallery__container\">\n\t\t\t\t\t\t\t<div class=\"e-gallery-item elementor-gallery-item elementor-animated-content\">\n\t\t\t\t\t<div class=\"e-gallery-image elementor-gallery-item__image\" data-thumbnail=\"http:\/\/thsc.pt\/wp-content\/uploads\/2020\/08\/thsc1-1024x576.jpg\" data-width=\"1024\" data-height=\"576\" alt=\"\" ><\/div>\n\t\t\t\t\t\t\t\t\t\t<div class=\"elementor-gallery-item__overlay\"><\/div>\n\t\t\t\t\t\t\t\t\t\t\t\t\t\t<\/div>\n\t\t\t\t\t\t\t<div class=\"e-gallery-item elementor-gallery-item elementor-animated-content\">\n\t\t\t\t\t<div class=\"e-gallery-image elementor-gallery-item__image\" data-thumbnail=\"http:\/\/thsc.pt\/wp-content\/uploads\/2020\/08\/thsc_2-768x432-1.jpg\" data-width=\"768\" data-height=\"432\" alt=\"\" ><\/div>\n\t\t\t\t\t\t\t\t\t\t<div class=\"elementor-gallery-item__overlay\"><\/div>\n\t\t\t\t\t\t\t\t\t\t\t\t\t\t<\/div>\n\t\t\t\t\t<\/div>\n\t\t\t<\/div>\n\t\t\t\t<\/div>\n\t\t\t\t\t\t<\/div>\n\t\t\t\t\t<\/div>\n\t\t<\/div>\n\t\t\t\t\t\t\t\t<\/div>\n\t\t\t\t\t<\/div>\n\t\t<\/section>\n\t\t\t\t\t\t<\/div>\n\t\t\t\t\t\t<\/div>\n\t\t\t\t\t<\/div>\n\t\t","protected":false},"excerpt":{"rendered":"<p>HARDCORE 7 de novembro de 2025 21h00 M\/16 |\u00a0 BILHETES : 10,00 EUROS\u00a0 Ser\u00e1 que actos hediondos como o Holocausto, [&hellip;]<\/p>\n","protected":false},"author":3,"featured_media":5971,"parent":0,"menu_order":0,"comment_status":"closed","ping_status":"closed","template":"","meta":[],"_links":{"self":[{"href":"http:\/\/thsc.pt\/index.php?rest_route=\/wp\/v2\/pages\/5969"}],"collection":[{"href":"http:\/\/thsc.pt\/index.php?rest_route=\/wp\/v2\/pages"}],"about":[{"href":"http:\/\/thsc.pt\/index.php?rest_route=\/wp\/v2\/types\/page"}],"author":[{"embeddable":true,"href":"http:\/\/thsc.pt\/index.php?rest_route=\/wp\/v2\/users\/3"}],"replies":[{"embeddable":true,"href":"http:\/\/thsc.pt\/index.php?rest_route=%2Fwp%2Fv2%2Fcomments&post=5969"}],"version-history":[{"count":4,"href":"http:\/\/thsc.pt\/index.php?rest_route=\/wp\/v2\/pages\/5969\/revisions"}],"predecessor-version":[{"id":6005,"href":"http:\/\/thsc.pt\/index.php?rest_route=\/wp\/v2\/pages\/5969\/revisions\/6005"}],"wp:featuredmedia":[{"embeddable":true,"href":"http:\/\/thsc.pt\/index.php?rest_route=\/wp\/v2\/media\/5971"}],"wp:attachment":[{"href":"http:\/\/thsc.pt\/index.php?rest_route=%2Fwp%2Fv2%2Fmedia&parent=5969"}],"curies":[{"name":"wp","href":"https:\/\/api.w.org\/{rel}","templated":true}]}}