{"id":5883,"date":"2025-09-05T15:41:37","date_gmt":"2025-09-05T14:41:37","guid":{"rendered":"http:\/\/thsc.pt\/?page_id=5883"},"modified":"2025-09-30T16:05:44","modified_gmt":"2025-09-30T15:05:44","slug":"eu-sou-lorca","status":"publish","type":"page","link":"http:\/\/thsc.pt\/?page_id=5883","title":{"rendered":"Eu sou Lorca"},"content":{"rendered":"\t\t<div data-elementor-type=\"wp-page\" data-elementor-id=\"5883\" class=\"elementor elementor-5883\" data-elementor-settings=\"[]\">\n\t\t\t\t\t\t<div class=\"elementor-inner\">\n\t\t\t\t\t\t\t<div class=\"elementor-section-wrap\">\n\t\t\t\t\t\t\t<section class=\"elementor-section elementor-top-section elementor-element elementor-element-15a53366 elementor-section-height-min-height elementor-section-boxed elementor-section-height-default elementor-section-items-middle\" data-id=\"15a53366\" data-element_type=\"section\" data-settings=\"{&quot;background_background&quot;:&quot;classic&quot;}\">\n\t\t\t\t\t\t\t<div class=\"elementor-background-overlay\"><\/div>\n\t\t\t\t\t\t\t<div class=\"elementor-container elementor-column-gap-default\">\n\t\t\t\t\t\t\t<div class=\"elementor-row\">\n\t\t\t\t\t<div class=\"elementor-column elementor-col-100 elementor-top-column elementor-element elementor-element-5f77ebe4\" data-id=\"5f77ebe4\" data-element_type=\"column\">\n\t\t\t<div class=\"elementor-column-wrap elementor-element-populated\">\n\t\t\t\t\t\t\t<div class=\"elementor-widget-wrap\">\n\t\t\t\t\t\t<div class=\"elementor-element elementor-element-380c517a elementor-widget elementor-widget-spacer\" data-id=\"380c517a\" data-element_type=\"widget\" data-widget_type=\"spacer.default\">\n\t\t\t\t<div class=\"elementor-widget-container\">\n\t\t\t\t\t<div class=\"elementor-spacer\">\n\t\t\t<div class=\"elementor-spacer-inner\"><\/div>\n\t\t<\/div>\n\t\t\t\t<\/div>\n\t\t\t\t<\/div>\n\t\t\t\t<div class=\"elementor-element elementor-element-37dab8eb elementor-widget elementor-widget-heading\" data-id=\"37dab8eb\" data-element_type=\"widget\" data-widget_type=\"heading.default\">\n\t\t\t\t<div class=\"elementor-widget-container\">\n\t\t\t<h1 class=\"elementor-heading-title elementor-size-large\">EU SOU LORCA<\/h1>\t\t<\/div>\n\t\t\t\t<\/div>\n\t\t\t\t<div class=\"elementor-element elementor-element-48263dcf elementor-widget elementor-widget-text-editor\" data-id=\"48263dcf\" data-element_type=\"widget\" data-widget_type=\"text-editor.default\">\n\t\t\t\t<div class=\"elementor-widget-container\">\n\t\t\t\t\t<div class=\"elementor-text-editor elementor-clearfix\"><h2><strong><span style=\"color: #ffffff;\">11 e 12 de outubro de 2025<\/span><\/strong><\/h2><p><strong><span style=\"color: #ffffff;\">S\u00e1bado \u2013 21h00<\/span><\/strong><br \/><strong><span style=\"color: #ffffff;\">Domingo \u2013 17h00<\/span><\/strong><\/p><\/div>\n\t\t\t\t<\/div>\n\t\t\t\t<\/div>\n\t\t\t\t<section class=\"elementor-section elementor-inner-section elementor-element elementor-element-5fcff89a elementor-section-content-middle elementor-section-boxed elementor-section-height-default elementor-section-height-default\" data-id=\"5fcff89a\" data-element_type=\"section\">\n\t\t\t\t\t\t<div class=\"elementor-container elementor-column-gap-extended\">\n\t\t\t\t\t\t\t<div class=\"elementor-row\">\n\t\t\t\t\t<div class=\"elementor-column elementor-col-100 elementor-inner-column elementor-element elementor-element-7a88124\" data-id=\"7a88124\" data-element_type=\"column\">\n\t\t\t<div class=\"elementor-column-wrap elementor-element-populated\">\n\t\t\t\t\t\t\t<div class=\"elementor-widget-wrap\">\n\t\t\t\t\t\t<div class=\"elementor-element elementor-element-c6c36b3 elementor-widget elementor-widget-text-editor\" data-id=\"c6c36b3\" data-element_type=\"widget\" data-widget_type=\"text-editor.default\">\n\t\t\t\t<div class=\"elementor-widget-container\">\n\t\t\t\t\t<div class=\"elementor-text-editor elementor-clearfix\"><h5><span style=\"color: #ffffff;\"><b><span style=\"font-family: var( --e-global-typography-text-font-family );\">M\/16 |\u00a0 BILHETES : 5,00 EUROS\u00a0<\/span><\/b><\/span><\/h5><\/div>\n\t\t\t\t<\/div>\n\t\t\t\t<\/div>\n\t\t\t\t\t\t<\/div>\n\t\t\t\t\t<\/div>\n\t\t<\/div>\n\t\t\t\t\t\t\t\t<\/div>\n\t\t\t\t\t<\/div>\n\t\t<\/section>\n\t\t\t\t\t\t<\/div>\n\t\t\t\t\t<\/div>\n\t\t<\/div>\n\t\t\t\t\t\t\t\t<\/div>\n\t\t\t\t\t<\/div>\n\t\t<\/section>\n\t\t\t\t<section class=\"elementor-section elementor-top-section elementor-element elementor-element-1f70b7f9 elementor-section-boxed elementor-section-height-default elementor-section-height-default\" data-id=\"1f70b7f9\" data-element_type=\"section\" data-settings=\"{&quot;background_background&quot;:&quot;classic&quot;}\">\n\t\t\t\t\t\t<div class=\"elementor-container elementor-column-gap-default\">\n\t\t\t\t\t\t\t<div class=\"elementor-row\">\n\t\t\t\t\t<div class=\"elementor-column elementor-col-50 elementor-top-column elementor-element elementor-element-5a7d5227\" data-id=\"5a7d5227\" data-element_type=\"column\">\n\t\t\t<div class=\"elementor-column-wrap elementor-element-populated\">\n\t\t\t\t\t\t\t<div class=\"elementor-widget-wrap\">\n\t\t\t\t\t\t<div class=\"elementor-element elementor-element-34944e6c elementor-widget elementor-widget-spacer\" data-id=\"34944e6c\" data-element_type=\"widget\" data-widget_type=\"spacer.default\">\n\t\t\t\t<div class=\"elementor-widget-container\">\n\t\t\t\t\t<div class=\"elementor-spacer\">\n\t\t\t<div class=\"elementor-spacer-inner\"><\/div>\n\t\t<\/div>\n\t\t\t\t<\/div>\n\t\t\t\t<\/div>\n\t\t\t\t<div class=\"elementor-element elementor-element-ef210fa elementor-widget elementor-widget-text-editor\" data-id=\"ef210fa\" data-element_type=\"widget\" data-widget_type=\"text-editor.default\">\n\t\t\t\t<div class=\"elementor-widget-container\">\n\t\t\t\t\t<div class=\"elementor-text-editor elementor-clearfix\"><p class=\"p1\"><strong><span class=\"fontstyle0\">EU SOU LORCA \/ 2024<\/span><\/strong><\/p><p class=\"p1\"><span class=\"fontstyle2\">Apesar de n\u00e3o existir um registo oficial sobre o fim de Federico Garcia Lorca, a op\u00e7\u00e3o mais aceite \u00e9 que, durante a ditadura franquista, foi fuzilado de costas (simbolizando macabramente a sua homossexualidade), sem nunca deixar descend\u00eancia. Em \u201cEu Sou Lorca\u201d romantizamos esse momento final em que este Jovem se encontra num limbo espelhado, visualizando in\u00fameras portas &#8211; como se cada uma fosse por si s\u00f3 um \u201ce se\u2026\u201d que tanto nos atormenta.<\/span><\/p><p class=\"p1\"><span class=\"fontstyle2\">Assombrado pela sua pr\u00f3pria disputa individual &#8211; abra\u00e7ar a sua homossexualidade ou casar com uma mulher para lhe dar, de uma forma \u201ctradicional\u201d, o filho que tanto ambiciona \u2013 este confronta diferentes realidades alternativas, caminhos encharcados e delicadas decis\u00f5es que est\u00e3o para l\u00e1 do Tempo, do Espa\u00e7o e at\u00e9 do Sonho, como se lhe fossem dadas uma segunda ou terceira oportunidades de voltar atr\u00e1s e tomar outras decis\u00f5es. Mas ser\u00e1 este Jovem resistente o suficiente para lutar contra os seus dem\u00f3nios e at\u00e9 contra si mesmo, alterando o seu destino para sempre?<\/span><\/p><p class=\"p1\"><span class=\"fontstyle2\">\u201cEu sou Lorca\u201d parte da obra \u201cAssim que Passarem 5 Anos\u201d de Federico Garcia Lorca. Ao trazer ao de cima este projeto, pretende-se tocar em temas como \u201ca liberdade individual\u201d, \u201ca homossexualidade em tempos de ditadura\u201d e \u201ca cria\u00e7\u00e3o art\u00edstica em tempos de liberdade\u201d, no ano em que se assinala o 50\u00ba anivers\u00e1rio do 25 de Abril de 1974, em Portugal.<\/span> <br \/><br \/><\/p><\/div>\n\t\t\t\t<\/div>\n\t\t\t\t<\/div>\n\t\t\t\t\t\t<\/div>\n\t\t\t\t\t<\/div>\n\t\t<\/div>\n\t\t\t\t<div class=\"elementor-column elementor-col-50 elementor-top-column elementor-element elementor-element-4625e731\" data-id=\"4625e731\" data-element_type=\"column\" data-settings=\"{&quot;background_background&quot;:&quot;classic&quot;}\">\n\t\t\t<div class=\"elementor-column-wrap elementor-element-populated\">\n\t\t\t\t\t<div class=\"elementor-background-overlay\"><\/div>\n\t\t\t\t\t\t\t<div class=\"elementor-widget-wrap\">\n\t\t\t\t\t\t<div class=\"elementor-element elementor-element-5b57839 elementor-widget elementor-widget-image\" data-id=\"5b57839\" data-element_type=\"widget\" data-widget_type=\"image.default\">\n\t\t\t\t<div class=\"elementor-widget-container\">\n\t\t\t\t\t<div class=\"elementor-image\">\n\t\t\t\t\t\t\t\t\t\t<img width=\"724\" height=\"1024\" src=\"http:\/\/thsc.pt\/wp-content\/uploads\/2025\/09\/cartaz-3-724x1024.jpg\" class=\"attachment-large size-large\" alt=\"\" decoding=\"async\" loading=\"lazy\" srcset=\"http:\/\/thsc.pt\/wp-content\/uploads\/2025\/09\/cartaz-3-724x1024.jpg 724w, http:\/\/thsc.pt\/wp-content\/uploads\/2025\/09\/cartaz-3-212x300.jpg 212w, http:\/\/thsc.pt\/wp-content\/uploads\/2025\/09\/cartaz-3-768x1086.jpg 768w, http:\/\/thsc.pt\/wp-content\/uploads\/2025\/09\/cartaz-3-1086x1536.jpg 1086w, http:\/\/thsc.pt\/wp-content\/uploads\/2025\/09\/cartaz-3.jpg 1403w\" sizes=\"(max-width: 724px) 100vw, 724px\" \/>\t\t\t\t\t\t\t\t\t\t\t<\/div>\n\t\t\t\t<\/div>\n\t\t\t\t<\/div>\n\t\t\t\t\t\t<\/div>\n\t\t\t\t\t<\/div>\n\t\t<\/div>\n\t\t\t\t\t\t\t\t<\/div>\n\t\t\t\t\t<\/div>\n\t\t<\/section>\n\t\t\t\t<section class=\"elementor-section elementor-top-section elementor-element elementor-element-3c621498 elementor-section-boxed elementor-section-height-default elementor-section-height-default\" data-id=\"3c621498\" data-element_type=\"section\" data-settings=\"{&quot;background_background&quot;:&quot;classic&quot;}\">\n\t\t\t\t\t\t<div class=\"elementor-container elementor-column-gap-default\">\n\t\t\t\t\t\t\t<div class=\"elementor-row\">\n\t\t\t\t\t\t\t\t\t<\/div>\n\t\t\t\t\t<\/div>\n\t\t<\/section>\n\t\t\t\t<section class=\"elementor-section elementor-top-section elementor-element elementor-element-743189b2 elementor-section-full_width elementor-section-height-min-height elementor-section-height-default elementor-section-items-middle\" data-id=\"743189b2\" data-element_type=\"section\" data-settings=\"{&quot;background_background&quot;:&quot;classic&quot;}\">\n\t\t\t\t\t\t<div class=\"elementor-container elementor-column-gap-no\">\n\t\t\t\t\t\t\t<div class=\"elementor-row\">\n\t\t\t\t\t<div class=\"elementor-column elementor-col-50 elementor-top-column elementor-element elementor-element-375990e0\" data-id=\"375990e0\" data-element_type=\"column\">\n\t\t\t<div class=\"elementor-column-wrap elementor-element-populated\">\n\t\t\t\t\t\t\t<div class=\"elementor-widget-wrap\">\n\t\t\t\t\t\t<div class=\"elementor-element elementor-element-43b238f0 elementor-widget elementor-widget-text-editor\" data-id=\"43b238f0\" data-element_type=\"widget\" data-widget_type=\"text-editor.default\">\n\t\t\t\t<div class=\"elementor-widget-container\">\n\t\t\t\t\t<div class=\"elementor-text-editor elementor-clearfix\"><blockquote><p class=\"p1\"><span style=\"color: #333333;\"><strong>Equipa Criativa e Art\u00edstica<\/strong><\/span><\/p><\/blockquote><p class=\"p1\" style=\"padding-left: 40px;\"><span style=\"color: #333333;\"><strong>Texto<\/strong><\/span><br \/><span style=\"color: #333333;\">&#8220;Assim que passaram cinco anos&#8221; de Federico Garc\u00eda Lorca<\/span><\/p><p class=\"p1\" style=\"padding-left: 40px;\"><span style=\"color: #333333;\"><strong>Tradu\u00e7\u00e3o<\/strong><\/span><br \/><span style=\"color: #333333;\">Cl\u00e1udia Castro Filho<\/span><\/p><p class=\"p1\" style=\"padding-left: 40px;\"><span style=\"color: #333333;\"><strong>Adapta\u00e7\u00e3o<\/strong><\/span><br \/><span style=\"color: #333333;\">Diogo Freitas<br \/>Filipe Gouveia<\/span><\/p><p class=\"p1\" style=\"padding-left: 40px;\"><span style=\"color: #333333;\"><strong>Cria\u00e7\u00e3o e Encena\u00e7\u00e3o<\/strong><\/span><br \/><span style=\"color: #333333;\">Diogo Freitas<\/span><\/p><p class=\"p1\" style=\"padding-left: 40px;\"><span style=\"color: #333333;\"><strong>Assist\u00eancia \u00e0 Encena\u00e7\u00e3o<\/strong><\/span><br \/><span style=\"color: #333333;\">Filipe Gouveia<\/span><\/p><p class=\"p1\" style=\"padding-left: 40px;\"><span style=\"color: #333333;\"><strong>Interpreta\u00e7\u00e3o<\/strong><\/span><br \/><span style=\"color: #333333;\">David David<br \/>Lu\u00edsa Alves<br \/>Rafael Gomes<br \/>Tom\u00e1s B\u00e1rbara<\/span><\/p><p class=\"p1\" style=\"padding-left: 40px;\"><span style=\"color: #333333;\"><strong>Cenografia e M\u00e1scaras<\/strong><\/span><br \/><span style=\"color: #333333;\">Rita Cruz<\/span><\/p><p class=\"p1\" style=\"padding-left: 40px;\"><span style=\"color: #333333;\"><strong>Apoio na Constru\u00e7\u00e3o das M\u00e1scaras<\/strong><\/span><br \/><span style=\"color: #333333;\">Carolina Trigo<br \/>Catarina Cruz<br \/>Cec\u00edlia Sebasti\u00e3o<\/span><\/p><p class=\"p1\" style=\"padding-left: 40px;\"><span style=\"color: #333333;\"><strong>Desenho e Opera\u00e7\u00e3o de Luz<\/strong><\/span><br \/><span style=\"color: #333333;\">Pedro Abreu<\/span><\/p><p class=\"p1\" style=\"padding-left: 40px;\"><span style=\"color: #333333;\"><strong>Desenho e Composi\u00e7\u00e3o Sonora<\/strong><\/span><br \/><span style=\"color: #333333;\">Cl\u00e1udio Tavares<\/span><\/p><\/div>\n\t\t\t\t<\/div>\n\t\t\t\t<\/div>\n\t\t\t\t\t\t<\/div>\n\t\t\t\t\t<\/div>\n\t\t<\/div>\n\t\t\t\t<div class=\"elementor-column elementor-col-50 elementor-top-column elementor-element elementor-element-68d7a4e4\" data-id=\"68d7a4e4\" data-element_type=\"column\">\n\t\t\t<div class=\"elementor-column-wrap elementor-element-populated\">\n\t\t\t\t\t\t\t<div class=\"elementor-widget-wrap\">\n\t\t\t\t\t\t<div class=\"elementor-element elementor-element-7e284a76 elementor-widget elementor-widget-text-editor\" data-id=\"7e284a76\" data-element_type=\"widget\" data-widget_type=\"text-editor.default\">\n\t\t\t\t<div class=\"elementor-widget-container\">\n\t\t\t\t\t<div class=\"elementor-text-editor elementor-clearfix\"><p class=\"p1\"><span style=\"color: #333333;\"><strong>Constru\u00e7\u00e3o de Figurinos<\/strong><\/span><br \/><span style=\"color: #333333;\">Paula Faria<br \/>Tr\u00eas Pontos<\/span><\/p><p class=\"p1\"><span style=\"color: #333333;\"><strong>Assessoria de Imprensa<\/strong><\/span><br \/><span style=\"color: #333333;\">Rita Torcato<br \/>Wakeup Comunica\u00e7\u00e3o!<\/span><\/p><p class=\"p1\"><span style=\"color: #333333;\"><strong>V\u00eddeo e Teasers<\/strong><\/span><br \/><span style=\"color: #333333;\">Os Fredericos<\/span><\/p><p class=\"p1\"><span style=\"color: #333333;\"><strong>Acompanhamento Fotogr\u00e1fico<br \/><\/strong><\/span><span style=\"color: #333333;\">Jos\u00e9 Caldeira<\/span><\/p><p class=\"p1\"><span style=\"color: #333333;\"><strong>Int\u00e9rprete de L\u00edngua Gestual Portuguesa<br \/><\/strong>Cl\u00e1udia Braga<\/span><\/p><p class=\"p1\"><span style=\"color: #333333;\"><strong>Gest\u00e3o Financeira<br \/><\/strong><\/span><span style=\"color: #333333;\">Cl\u00e1udia Meireles<br \/><\/span><\/p><p><span style=\"color: #333333;\"><strong>Produ\u00e7\u00e3o<br \/><\/strong><\/span><span style=\"color: #333333;\">Momento &#8211; Artistas Independentes<br \/><\/span><\/p><p><span style=\"color: #333333;\"><strong>Coprodu\u00e7\u00e3o<br \/><\/strong><\/span><span style=\"color: #333333;\">Casa das Artes de Famalic\u00e3o<br \/>Teatro Narciso Ferreira<br \/>C\u00e2mara Municipal de Lagos<br \/>Audit\u00f3rio Carlos do Carmo<br \/>Munic\u00edpio de Lagoa<br \/>Cineteatro ALBA \/ Albergaria<br \/><\/span><\/p><p><span style=\"color: #333333;\"><strong>Apoio<br \/><\/strong><\/span><span style=\"color: #333333;\">Dire\u00e7\u00e3o Geral das Artes<br \/>Minist\u00e9rio da Cultura<br \/><\/span><\/p><p><span style=\"color: #333333;\"><strong>Apoio Financeiro<br \/><\/strong><\/span><span style=\"color: #333333;\">C\u00e2mara Municipal de Famalic\u00e3o<\/span><\/p><p><span style=\"color: #333333;\"><strong>Mecenas<br \/><\/strong>Vieira de Castro<br \/><\/span><\/p><p><span style=\"color: #333333;\"><strong>Agradecimentos<br \/><\/strong><\/span><span style=\"color: #333333;\">INAC<br \/><\/span><span style=\"color: #333333;\">Andr\u00e9 Santos<br \/>Carlos Neves<\/span><\/p><p><span style=\"color: #333333;\"><strong>Resid\u00eancia Art\u00edstica<br \/><\/strong>Tanque, Centro de Cria\u00e7\u00e3o<br \/>Momento &#8211; Artistas Independentes<\/span><\/p><p><span style=\"color: #333333;\"><strong>Dura\u00e7\u00e3o<br \/><\/strong><\/span><span style=\"color: #333333;\">65&#8242;<br \/><\/span><\/p><p><span class=\"fontstyle0\" style=\"color: #000000;\"> A Momento \u2013 Artistas Independentes tem como principal parceiro financeiro o Munic\u00edpio de Vila Nova de Famalic\u00e3o.<\/span> <\/p><\/div>\n\t\t\t\t<\/div>\n\t\t\t\t<\/div>\n\t\t\t\t\t\t<\/div>\n\t\t\t\t\t<\/div>\n\t\t<\/div>\n\t\t\t\t\t\t\t\t<\/div>\n\t\t\t\t\t<\/div>\n\t\t<\/section>\n\t\t\t\t<section class=\"elementor-section elementor-top-section elementor-element elementor-element-13b1912e elementor-section-full_width elementor-section-stretched elementor-section-height-default elementor-section-height-default\" data-id=\"13b1912e\" data-element_type=\"section\" data-settings=\"{&quot;stretch_section&quot;:&quot;section-stretched&quot;,&quot;background_background&quot;:&quot;classic&quot;}\">\n\t\t\t\t\t\t<div class=\"elementor-container elementor-column-gap-default\">\n\t\t\t\t\t\t\t<div class=\"elementor-row\">\n\t\t\t\t\t<div class=\"elementor-column elementor-col-100 elementor-top-column elementor-element elementor-element-5785f575\" data-id=\"5785f575\" data-element_type=\"column\">\n\t\t\t<div class=\"elementor-column-wrap elementor-element-populated\">\n\t\t\t\t\t\t\t<div class=\"elementor-widget-wrap\">\n\t\t\t\t\t\t<div class=\"elementor-element elementor-element-33966fb9 elementor-widget elementor-widget-gallery\" data-id=\"33966fb9\" data-element_type=\"widget\" data-settings=\"{&quot;gallery_layout&quot;:&quot;masonry&quot;,&quot;columns&quot;:2,&quot;columns_tablet&quot;:3,&quot;columns_mobile&quot;:2,&quot;lazyload&quot;:&quot;yes&quot;,&quot;gap&quot;:{&quot;unit&quot;:&quot;px&quot;,&quot;size&quot;:10,&quot;sizes&quot;:[]},&quot;gap_tablet&quot;:{&quot;unit&quot;:&quot;px&quot;,&quot;size&quot;:10,&quot;sizes&quot;:[]},&quot;gap_mobile&quot;:{&quot;unit&quot;:&quot;px&quot;,&quot;size&quot;:10,&quot;sizes&quot;:[]},&quot;overlay_background&quot;:&quot;yes&quot;,&quot;content_hover_animation&quot;:&quot;fade-in&quot;}\" data-widget_type=\"gallery.default\">\n\t\t\t\t<div class=\"elementor-widget-container\">\n\t\t\t\t\t<div class=\"elementor-gallery__container\">\n\t\t\t\t\t\t\t<div class=\"e-gallery-item elementor-gallery-item elementor-animated-content\">\n\t\t\t\t\t<div class=\"e-gallery-image elementor-gallery-item__image\" data-thumbnail=\"http:\/\/thsc.pt\/wp-content\/uploads\/2025\/09\/10-1024x683.jpg\" data-width=\"1024\" data-height=\"683\" alt=\"\" ><\/div>\n\t\t\t\t\t\t\t\t\t\t<div class=\"elementor-gallery-item__overlay\"><\/div>\n\t\t\t\t\t\t\t\t\t\t\t\t\t\t<\/div>\n\t\t\t\t\t\t\t<div class=\"e-gallery-item elementor-gallery-item elementor-animated-content\">\n\t\t\t\t\t<div class=\"e-gallery-image elementor-gallery-item__image\" data-thumbnail=\"http:\/\/thsc.pt\/wp-content\/uploads\/2025\/09\/2-706x1024.jpg\" data-width=\"706\" data-height=\"1024\" alt=\"\" ><\/div>\n\t\t\t\t\t\t\t\t\t\t<div class=\"elementor-gallery-item__overlay\"><\/div>\n\t\t\t\t\t\t\t\t\t\t\t\t\t\t<\/div>\n\t\t\t\t\t\t\t<div class=\"e-gallery-item elementor-gallery-item elementor-animated-content\">\n\t\t\t\t\t<div class=\"e-gallery-image elementor-gallery-item__image\" data-thumbnail=\"http:\/\/thsc.pt\/wp-content\/uploads\/2025\/09\/1-1024x686.jpg\" data-width=\"1024\" data-height=\"686\" alt=\"\" ><\/div>\n\t\t\t\t\t\t\t\t\t\t<div class=\"elementor-gallery-item__overlay\"><\/div>\n\t\t\t\t\t\t\t\t\t\t\t\t\t\t<\/div>\n\t\t\t\t\t\t\t<div class=\"e-gallery-item elementor-gallery-item elementor-animated-content\">\n\t\t\t\t\t<div class=\"e-gallery-image elementor-gallery-item__image\" data-thumbnail=\"http:\/\/thsc.pt\/wp-content\/uploads\/2025\/09\/4-847x1024.jpg\" data-width=\"847\" data-height=\"1024\" alt=\"\" ><\/div>\n\t\t\t\t\t\t\t\t\t\t<div class=\"elementor-gallery-item__overlay\"><\/div>\n\t\t\t\t\t\t\t\t\t\t\t\t\t\t<\/div>\n\t\t\t\t\t\t\t<div class=\"e-gallery-item elementor-gallery-item elementor-animated-content\">\n\t\t\t\t\t<div class=\"e-gallery-image elementor-gallery-item__image\" data-thumbnail=\"http:\/\/thsc.pt\/wp-content\/uploads\/2025\/09\/11-1024x683.jpg\" data-width=\"1024\" data-height=\"683\" alt=\"\" ><\/div>\n\t\t\t\t\t\t\t\t\t\t<div class=\"elementor-gallery-item__overlay\"><\/div>\n\t\t\t\t\t\t\t\t\t\t\t\t\t\t<\/div>\n\t\t\t\t\t\t\t<div class=\"e-gallery-item elementor-gallery-item elementor-animated-content\">\n\t\t\t\t\t<div class=\"e-gallery-image elementor-gallery-item__image\" data-thumbnail=\"http:\/\/thsc.pt\/wp-content\/uploads\/2025\/09\/12-1024x683.jpg\" data-width=\"1024\" data-height=\"683\" alt=\"\" ><\/div>\n\t\t\t\t\t\t\t\t\t\t<div class=\"elementor-gallery-item__overlay\"><\/div>\n\t\t\t\t\t\t\t\t\t\t\t\t\t\t<\/div>\n\t\t\t\t\t\t\t<div class=\"e-gallery-item elementor-gallery-item elementor-animated-content\">\n\t\t\t\t\t<div class=\"e-gallery-image elementor-gallery-item__image\" data-thumbnail=\"http:\/\/thsc.pt\/wp-content\/uploads\/2025\/09\/8-682x1024.jpg\" data-width=\"682\" data-height=\"1024\" alt=\"\" ><\/div>\n\t\t\t\t\t\t\t\t\t\t<div class=\"elementor-gallery-item__overlay\"><\/div>\n\t\t\t\t\t\t\t\t\t\t\t\t\t\t<\/div>\n\t\t\t\t\t\t\t<div class=\"e-gallery-item elementor-gallery-item elementor-animated-content\">\n\t\t\t\t\t<div class=\"e-gallery-image elementor-gallery-item__image\" data-thumbnail=\"http:\/\/thsc.pt\/wp-content\/uploads\/2025\/09\/3-750x1024.jpg\" data-width=\"750\" data-height=\"1024\" alt=\"\" ><\/div>\n\t\t\t\t\t\t\t\t\t\t<div class=\"elementor-gallery-item__overlay\"><\/div>\n\t\t\t\t\t\t\t\t\t\t\t\t\t\t<\/div>\n\t\t\t\t\t\t\t<div class=\"e-gallery-item elementor-gallery-item elementor-animated-content\">\n\t\t\t\t\t<div class=\"e-gallery-image elementor-gallery-item__image\" data-thumbnail=\"http:\/\/thsc.pt\/wp-content\/uploads\/2025\/09\/5-941x1024.jpg\" data-width=\"941\" data-height=\"1024\" alt=\"\" ><\/div>\n\t\t\t\t\t\t\t\t\t\t<div class=\"elementor-gallery-item__overlay\"><\/div>\n\t\t\t\t\t\t\t\t\t\t\t\t\t\t<\/div>\n\t\t\t\t\t\t\t<div class=\"e-gallery-item elementor-gallery-item elementor-animated-content\">\n\t\t\t\t\t<div class=\"e-gallery-image elementor-gallery-item__image\" data-thumbnail=\"http:\/\/thsc.pt\/wp-content\/uploads\/2025\/09\/9-776x1024.jpg\" data-width=\"776\" data-height=\"1024\" alt=\"\" ><\/div>\n\t\t\t\t\t\t\t\t\t\t<div class=\"elementor-gallery-item__overlay\"><\/div>\n\t\t\t\t\t\t\t\t\t\t\t\t\t\t<\/div>\n\t\t\t\t\t\t\t<div class=\"e-gallery-item elementor-gallery-item elementor-animated-content\">\n\t\t\t\t\t<div class=\"e-gallery-image elementor-gallery-item__image\" data-thumbnail=\"http:\/\/thsc.pt\/wp-content\/uploads\/2025\/09\/7-1024x683.jpg\" data-width=\"1024\" data-height=\"683\" alt=\"\" ><\/div>\n\t\t\t\t\t\t\t\t\t\t<div class=\"elementor-gallery-item__overlay\"><\/div>\n\t\t\t\t\t\t\t\t\t\t\t\t\t\t<\/div>\n\t\t\t\t\t\t\t<div class=\"e-gallery-item elementor-gallery-item elementor-animated-content\">\n\t\t\t\t\t<div class=\"e-gallery-image elementor-gallery-item__image\" data-thumbnail=\"http:\/\/thsc.pt\/wp-content\/uploads\/2025\/09\/6-766x1024.jpg\" data-width=\"766\" data-height=\"1024\" alt=\"\" ><\/div>\n\t\t\t\t\t\t\t\t\t\t<div class=\"elementor-gallery-item__overlay\"><\/div>\n\t\t\t\t\t\t\t\t\t\t\t\t\t\t<\/div>\n\t\t\t\t\t<\/div>\n\t\t\t<\/div>\n\t\t\t\t<\/div>\n\t\t\t\t\t\t<\/div>\n\t\t\t\t\t<\/div>\n\t\t<\/div>\n\t\t\t\t\t\t\t\t<\/div>\n\t\t\t\t\t<\/div>\n\t\t<\/section>\n\t\t\t\t\t\t<\/div>\n\t\t\t\t\t\t<\/div>\n\t\t\t\t\t<\/div>\n\t\t","protected":false},"excerpt":{"rendered":"<p>EU SOU LORCA 11 e 12 de outubro de 2025 S\u00e1bado \u2013 21h00Domingo \u2013 17h00 M\/16 |\u00a0 BILHETES : 5,00 [&hellip;]<\/p>\n","protected":false},"author":3,"featured_media":5889,"parent":0,"menu_order":0,"comment_status":"closed","ping_status":"closed","template":"","meta":[],"_links":{"self":[{"href":"http:\/\/thsc.pt\/index.php?rest_route=\/wp\/v2\/pages\/5883"}],"collection":[{"href":"http:\/\/thsc.pt\/index.php?rest_route=\/wp\/v2\/pages"}],"about":[{"href":"http:\/\/thsc.pt\/index.php?rest_route=\/wp\/v2\/types\/page"}],"author":[{"embeddable":true,"href":"http:\/\/thsc.pt\/index.php?rest_route=\/wp\/v2\/users\/3"}],"replies":[{"embeddable":true,"href":"http:\/\/thsc.pt\/index.php?rest_route=%2Fwp%2Fv2%2Fcomments&post=5883"}],"version-history":[{"count":3,"href":"http:\/\/thsc.pt\/index.php?rest_route=\/wp\/v2\/pages\/5883\/revisions"}],"predecessor-version":[{"id":5958,"href":"http:\/\/thsc.pt\/index.php?rest_route=\/wp\/v2\/pages\/5883\/revisions\/5958"}],"wp:featuredmedia":[{"embeddable":true,"href":"http:\/\/thsc.pt\/index.php?rest_route=\/wp\/v2\/media\/5889"}],"wp:attachment":[{"href":"http:\/\/thsc.pt\/index.php?rest_route=%2Fwp%2Fv2%2Fmedia&parent=5883"}],"curies":[{"name":"wp","href":"https:\/\/api.w.org\/{rel}","templated":true}]}}