{"id":5857,"date":"2025-09-03T10:54:00","date_gmt":"2025-09-03T09:54:00","guid":{"rendered":"http:\/\/thsc.pt\/?page_id=5857"},"modified":"2025-09-03T16:13:15","modified_gmt":"2025-09-03T15:13:15","slug":"auto-do-fidalgo-aprendiz","status":"publish","type":"page","link":"http:\/\/thsc.pt\/?page_id=5857","title":{"rendered":"Auto do Fidalgo Aprendiz"},"content":{"rendered":"\t\t<div data-elementor-type=\"wp-page\" data-elementor-id=\"5857\" class=\"elementor elementor-5857\" data-elementor-settings=\"[]\">\n\t\t\t\t\t\t<div class=\"elementor-inner\">\n\t\t\t\t\t\t\t<div class=\"elementor-section-wrap\">\n\t\t\t\t\t\t\t<section class=\"elementor-section elementor-top-section elementor-element elementor-element-77353707 elementor-section-height-min-height elementor-section-boxed elementor-section-height-default elementor-section-items-middle\" data-id=\"77353707\" data-element_type=\"section\" data-settings=\"{&quot;background_background&quot;:&quot;classic&quot;}\">\n\t\t\t\t\t\t\t<div class=\"elementor-background-overlay\"><\/div>\n\t\t\t\t\t\t\t<div class=\"elementor-container elementor-column-gap-default\">\n\t\t\t\t\t\t\t<div class=\"elementor-row\">\n\t\t\t\t\t<div class=\"elementor-column elementor-col-100 elementor-top-column elementor-element elementor-element-51ea3014\" data-id=\"51ea3014\" data-element_type=\"column\">\n\t\t\t<div class=\"elementor-column-wrap elementor-element-populated\">\n\t\t\t\t\t\t\t<div class=\"elementor-widget-wrap\">\n\t\t\t\t\t\t<div class=\"elementor-element elementor-element-5f130fcc elementor-widget elementor-widget-spacer\" data-id=\"5f130fcc\" data-element_type=\"widget\" data-widget_type=\"spacer.default\">\n\t\t\t\t<div class=\"elementor-widget-container\">\n\t\t\t\t\t<div class=\"elementor-spacer\">\n\t\t\t<div class=\"elementor-spacer-inner\"><\/div>\n\t\t<\/div>\n\t\t\t\t<\/div>\n\t\t\t\t<\/div>\n\t\t\t\t<div class=\"elementor-element elementor-element-15034a62 elementor-widget elementor-widget-heading\" data-id=\"15034a62\" data-element_type=\"widget\" data-widget_type=\"heading.default\">\n\t\t\t\t<div class=\"elementor-widget-container\">\n\t\t\t<h1 class=\"elementor-heading-title elementor-size-large\">AUTO DO FIDALGO APRENDIZ<\/h1>\t\t<\/div>\n\t\t\t\t<\/div>\n\t\t\t\t<div class=\"elementor-element elementor-element-5bd8ba19 elementor-widget elementor-widget-text-editor\" data-id=\"5bd8ba19\" data-element_type=\"widget\" data-widget_type=\"text-editor.default\">\n\t\t\t\t<div class=\"elementor-widget-container\">\n\t\t\t\t\t<div class=\"elementor-text-editor elementor-clearfix\"><h2><strong><span style=\"color: #ffffff;\">27 e 28 de setembro de 2025<\/span><\/strong><\/h2><p><strong><span style=\"color: #ffffff;\">S\u00e1bado &#8211; 21h00<\/span><\/strong><br \/><strong><span style=\"color: #ffffff;\">Domingo &#8211; 16h00<\/span><\/strong><\/p><\/div>\n\t\t\t\t<\/div>\n\t\t\t\t<\/div>\n\t\t\t\t<section class=\"elementor-section elementor-inner-section elementor-element elementor-element-181642c elementor-section-content-middle elementor-section-boxed elementor-section-height-default elementor-section-height-default\" data-id=\"181642c\" data-element_type=\"section\">\n\t\t\t\t\t\t<div class=\"elementor-container elementor-column-gap-extended\">\n\t\t\t\t\t\t\t<div class=\"elementor-row\">\n\t\t\t\t\t<div class=\"elementor-column elementor-col-100 elementor-inner-column elementor-element elementor-element-56c1786c\" data-id=\"56c1786c\" data-element_type=\"column\">\n\t\t\t<div class=\"elementor-column-wrap elementor-element-populated\">\n\t\t\t\t\t\t\t<div class=\"elementor-widget-wrap\">\n\t\t\t\t\t\t<div class=\"elementor-element elementor-element-3c7cdaeb elementor-widget elementor-widget-text-editor\" data-id=\"3c7cdaeb\" data-element_type=\"widget\" data-widget_type=\"text-editor.default\">\n\t\t\t\t<div class=\"elementor-widget-container\">\n\t\t\t\t\t<div class=\"elementor-text-editor elementor-clearfix\"><h5><span style=\"color: #ffffff;\"><b><span style=\"font-family: var( --e-global-typography-text-font-family );\">M\/12 |\u00a0 BILHETES : 5,00 A 7,00 EUROS\u00a0<\/span><\/b><\/span><\/h5><\/div>\n\t\t\t\t<\/div>\n\t\t\t\t<\/div>\n\t\t\t\t\t\t<\/div>\n\t\t\t\t\t<\/div>\n\t\t<\/div>\n\t\t\t\t\t\t\t\t<\/div>\n\t\t\t\t\t<\/div>\n\t\t<\/section>\n\t\t\t\t\t\t<\/div>\n\t\t\t\t\t<\/div>\n\t\t<\/div>\n\t\t\t\t\t\t\t\t<\/div>\n\t\t\t\t\t<\/div>\n\t\t<\/section>\n\t\t\t\t<section class=\"elementor-section elementor-top-section elementor-element elementor-element-31e67907 elementor-section-boxed elementor-section-height-default elementor-section-height-default\" data-id=\"31e67907\" data-element_type=\"section\" data-settings=\"{&quot;background_background&quot;:&quot;classic&quot;}\">\n\t\t\t\t\t\t<div class=\"elementor-container elementor-column-gap-default\">\n\t\t\t\t\t\t\t<div class=\"elementor-row\">\n\t\t\t\t\t<div class=\"elementor-column elementor-col-50 elementor-top-column elementor-element elementor-element-3c7afc63\" data-id=\"3c7afc63\" data-element_type=\"column\">\n\t\t\t<div class=\"elementor-column-wrap elementor-element-populated\">\n\t\t\t\t\t\t\t<div class=\"elementor-widget-wrap\">\n\t\t\t\t\t\t<div class=\"elementor-element elementor-element-259f8dd6 elementor-widget elementor-widget-spacer\" data-id=\"259f8dd6\" data-element_type=\"widget\" data-widget_type=\"spacer.default\">\n\t\t\t\t<div class=\"elementor-widget-container\">\n\t\t\t\t\t<div class=\"elementor-spacer\">\n\t\t\t<div class=\"elementor-spacer-inner\"><\/div>\n\t\t<\/div>\n\t\t\t\t<\/div>\n\t\t\t\t<\/div>\n\t\t\t\t<div class=\"elementor-element elementor-element-2c5d0b36 elementor-widget elementor-widget-text-editor\" data-id=\"2c5d0b36\" data-element_type=\"widget\" data-widget_type=\"text-editor.default\">\n\t\t\t\t<div class=\"elementor-widget-container\">\n\t\t\t\t\t<div class=\"elementor-text-editor elementor-clearfix\"><p class=\"p1\"><strong>Auto do Fidalgo Aprendiz<\/strong><\/p><p class=\"MsoNormal\" style=\"margin-bottom: 10.0pt;\">Depois de uma \u00e9poca onde a ascens\u00e3o social e econ\u00f3mica da burguesia tinha come\u00e7ado a fazer parte mais regularmente do tecido cultural europeu, come\u00e7am a aparecer, tamb\u00e9m no mundo do teatro, a representa\u00e7\u00e3o burlesca e sat\u00edrica \u2013 t\u00edpica do teatro vicentino \u2013 dos homens e mulheres que almejavam esta ascens\u00e3o, usando desde os altos e aveludados <i>chapins <\/i>at\u00e9 aos mais gr\u00e3os modos de <i>ser<\/i>, <i>estar <\/i>e <i>fazer <\/i>cultivados pelos nobres e pela realeza.<\/p><p class=\"MsoNormal\" style=\"margin-bottom: 10.0pt;\">A Musurgia \u2013 Associa\u00e7\u00e3o Cultural, em conjunto com o NAVIO: N\u00facleo Art\u00edstico de Vontades Inusitadas e Outras, apresentam uma coprodu\u00e7\u00e3o do Auto do Fidalgo Aprendiz onde dialogam a dramaturgia contempor\u00e2nea e a est\u00e9tica do teatro e da m\u00fasica ib\u00e9rica barroca. Numa constante e atarantada troca de personagens e de estilos de representa\u00e7\u00e3o, um conjunto de engenhosos saltimbancos, a mando de Alfonso, edificam um embuste contra Dom Gil Cogominho, o fidalgo, que inocentemente trope\u00e7a entre x\u00e1caras, chacones e pavanas.<\/p><p class=\"MsoNormal\" style=\"margin-bottom: 10.0pt;\">Nestas disputas de hierarquia social \u2013 t\u00e3o engenhosamente intrincadas por D. Francisco Manuel de Melo \u2013 onde o dinheiro e os modos batalham desde os mais evidentes estatutos at\u00e9 \u00e0s mais humor\u00edsticas subtilezas, uma quest\u00e3o persevera desta cr\u00edtica de costumes e da ilus\u00e3o das subidas ao poder: Qual \u00e9, afinal, a verdadeira <i>farsa<\/i>: a cilada ou o fidalgo?<\/p><p class=\"p1\">\u00a0<\/p><p class=\"MsoNormal\" style=\"text-align: right;\" align=\"right\">Jorge Lu\u00eds Castro<\/p><\/div>\n\t\t\t\t<\/div>\n\t\t\t\t<\/div>\n\t\t\t\t\t\t<\/div>\n\t\t\t\t\t<\/div>\n\t\t<\/div>\n\t\t\t\t<div class=\"elementor-column elementor-col-50 elementor-top-column elementor-element elementor-element-2dbf7b1f\" data-id=\"2dbf7b1f\" data-element_type=\"column\" data-settings=\"{&quot;background_background&quot;:&quot;classic&quot;}\">\n\t\t\t<div class=\"elementor-column-wrap elementor-element-populated\">\n\t\t\t\t\t<div class=\"elementor-background-overlay\"><\/div>\n\t\t\t\t\t\t\t<div class=\"elementor-widget-wrap\">\n\t\t\t\t\t\t<div class=\"elementor-element elementor-element-a9b788b elementor-widget elementor-widget-image\" data-id=\"a9b788b\" data-element_type=\"widget\" data-widget_type=\"image.default\">\n\t\t\t\t<div class=\"elementor-widget-container\">\n\t\t\t\t\t<div class=\"elementor-image\">\n\t\t\t\t\t\t\t\t\t\t<img width=\"576\" height=\"1024\" src=\"http:\/\/thsc.pt\/wp-content\/uploads\/2025\/09\/cartaz-576x1024.jpg\" class=\"attachment-large size-large\" alt=\"\" decoding=\"async\" loading=\"lazy\" srcset=\"http:\/\/thsc.pt\/wp-content\/uploads\/2025\/09\/cartaz-576x1024.jpg 576w, http:\/\/thsc.pt\/wp-content\/uploads\/2025\/09\/cartaz-169x300.jpg 169w, http:\/\/thsc.pt\/wp-content\/uploads\/2025\/09\/cartaz-768x1365.jpg 768w, http:\/\/thsc.pt\/wp-content\/uploads\/2025\/09\/cartaz-864x1536.jpg 864w, http:\/\/thsc.pt\/wp-content\/uploads\/2025\/09\/cartaz-1152x2048.jpg 1152w, http:\/\/thsc.pt\/wp-content\/uploads\/2025\/09\/cartaz-scaled.jpg 1440w\" sizes=\"(max-width: 576px) 100vw, 576px\" \/>\t\t\t\t\t\t\t\t\t\t\t<\/div>\n\t\t\t\t<\/div>\n\t\t\t\t<\/div>\n\t\t\t\t\t\t<\/div>\n\t\t\t\t\t<\/div>\n\t\t<\/div>\n\t\t\t\t\t\t\t\t<\/div>\n\t\t\t\t\t<\/div>\n\t\t<\/section>\n\t\t\t\t<section class=\"elementor-section elementor-top-section elementor-element elementor-element-779dd9a0 elementor-section-boxed elementor-section-height-default elementor-section-height-default\" data-id=\"779dd9a0\" data-element_type=\"section\" data-settings=\"{&quot;background_background&quot;:&quot;classic&quot;}\">\n\t\t\t\t\t\t<div class=\"elementor-container elementor-column-gap-default\">\n\t\t\t\t\t\t\t<div class=\"elementor-row\">\n\t\t\t\t\t\t\t\t\t<\/div>\n\t\t\t\t\t<\/div>\n\t\t<\/section>\n\t\t\t\t<section class=\"elementor-section elementor-top-section elementor-element elementor-element-1c552bef elementor-section-full_width elementor-section-height-min-height elementor-section-height-default elementor-section-items-middle\" data-id=\"1c552bef\" data-element_type=\"section\" data-settings=\"{&quot;background_background&quot;:&quot;classic&quot;}\">\n\t\t\t\t\t\t<div class=\"elementor-container elementor-column-gap-no\">\n\t\t\t\t\t\t\t<div class=\"elementor-row\">\n\t\t\t\t\t<div class=\"elementor-column elementor-col-50 elementor-top-column elementor-element elementor-element-2a4f7bf5\" data-id=\"2a4f7bf5\" data-element_type=\"column\">\n\t\t\t<div class=\"elementor-column-wrap elementor-element-populated\">\n\t\t\t\t\t\t\t<div class=\"elementor-widget-wrap\">\n\t\t\t\t\t\t<div class=\"elementor-element elementor-element-1278e752 elementor-widget elementor-widget-text-editor\" data-id=\"1278e752\" data-element_type=\"widget\" data-widget_type=\"text-editor.default\">\n\t\t\t\t<div class=\"elementor-widget-container\">\n\t\t\t\t\t<div class=\"elementor-text-editor elementor-clearfix\"><blockquote><p><span style=\"color: #333333;\"><strong>Equipa Criativa e Art\u00edstica<\/strong><\/span><\/p><\/blockquote><p style=\"padding-left: 40px;\"><span style=\"color: #333333;\"><strong>Dire\u00e7\u00e3o Art\u00edstica<\/strong><\/span><br \/><span style=\"color: #333333;\">Jorge Lu\u00eds Castro<\/span><\/p><p style=\"padding-left: 40px;\"><span style=\"color: #333333;\"><strong>Texto Original<\/strong><\/span><br \/><span style=\"color: #333333;\">D. Francisco Manuel de Melo<\/span><\/p><p style=\"padding-left: 40px;\"><span style=\"color: #0a0a0a; font-weight: 600;\">Adapta\u00e7\u00e3o Textual<\/span><span style=\"color: #333333;\"><br \/>In\u00eas Sincero<br \/>Tom\u00e9 Nunes Pinto<\/span><\/p><p style=\"padding-left: 40px;\"><span style=\"color: #0a0a0a; font-weight: 600;\">Dire\u00e7\u00e3o Teatral<\/span><span style=\"color: #333333;\"><br \/>In\u00eas Sincero<br \/>Tom\u00e9 Nunes Pinto<\/span><\/p><p style=\"padding-left: 40px;\"><span style=\"color: #0a0a0a; font-weight: 600;\">Adapta\u00e7\u00e3o Musical<\/span><span style=\"color: #0a0a0a;\"><br \/>Jo\u00e3o Francisco T\u00e1vora<\/span><\/p><p style=\"padding-left: 40px;\"><span style=\"color: #0a0a0a; font-weight: 600;\">Sele\u00e7\u00e3o, Adapta\u00e7\u00e3o e Edi\u00e7\u00e3o Musical<\/span><span style=\"color: #333333;\"><br \/>Helder Sousa<\/span><\/p><p style=\"padding-left: 40px;\"><span style=\"color: #333333;\"><strong>Interpreta\u00e7\u00e3o<\/strong><\/span><br \/><span style=\"color: #333333;\">B\u00e1rbara Machado<br \/>Cristiana Sousa<br \/>Henrique Rainho<br \/>In\u00eas Carneiro<br \/>Jorge Lu\u00eds Castro<\/span><\/p><p style=\"padding-left: 40px;\"><span style=\"color: #333333;\"><strong>M\u00fasicos<\/strong><\/span><br \/><span style=\"color: #333333;\">Helder Sousa<br \/>Jo\u00e3o Francisco T\u00e1vora<br \/>Pedro Martins<br \/>Silvia Cortini<br \/>Xurxo Varela<\/span><\/p><p style=\"padding-left: 40px;\">\u00a0<\/p><\/div>\n\t\t\t\t<\/div>\n\t\t\t\t<\/div>\n\t\t\t\t\t\t<\/div>\n\t\t\t\t\t<\/div>\n\t\t<\/div>\n\t\t\t\t<div class=\"elementor-column elementor-col-50 elementor-top-column elementor-element elementor-element-5686cfe5\" data-id=\"5686cfe5\" data-element_type=\"column\">\n\t\t\t<div class=\"elementor-column-wrap elementor-element-populated\">\n\t\t\t\t\t\t\t<div class=\"elementor-widget-wrap\">\n\t\t\t\t\t\t<div class=\"elementor-element elementor-element-3400effd elementor-widget elementor-widget-text-editor\" data-id=\"3400effd\" data-element_type=\"widget\" data-widget_type=\"text-editor.default\">\n\t\t\t\t<div class=\"elementor-widget-container\">\n\t\t\t\t\t<div class=\"elementor-text-editor elementor-clearfix\"><p class=\"p1\"><span style=\"color: #333333;\"><strong>Cenografia<\/strong><\/span><br \/><span style=\"color: #333333;\">Alya Ana Lopes<\/span><\/p><p class=\"p1\"><span style=\"color: #333333;\"><strong>Figurinos<\/strong><\/span><br \/><span style=\"color: #333333;\">Joana Costa Campos<\/span><\/p><p class=\"p1\"><span style=\"color: #333333;\"><strong>Desenho de Luz<br \/><\/strong>Jo\u00e3o Castro Gomes<\/span><\/p><p class=\"p1\"><span style=\"color: #333333;\"><strong>Videografia<br \/><\/strong>Daniel Teixeira Pinto<\/span><\/p><p class=\"p1\"><span style=\"color: #333333;\"><strong>Opera\u00e7\u00e3o de Som e V\u00eddeo<br \/><\/strong>Tom\u00e9 Nunes Pinto<\/span><\/p><p class=\"p1\"><span style=\"color: #333333;\"><strong>Servi\u00e7o Educativo<br \/><\/strong>Ana Isabel Nistal Freijo<\/span><\/p><p class=\"p1\"><span style=\"color: #333333;\"><strong>Design<br \/><\/strong>David Pinto<\/span><\/p><p class=\"p1\"><span style=\"color: #333333;\"><strong>Dire\u00e7\u00e3o Executiva<br \/><\/strong>Musurgia &#8211; Associa\u00e7\u00e3o Cultural<\/span><\/p><p class=\"p1\"><span style=\"color: #333333;\"><strong>Produ\u00e7\u00e3o<br \/><\/strong>Catarina Ribeiro<\/span><\/p><p class=\"p1\"><span style=\"color: #333333;\"><strong>Coprodu\u00e7\u00e3o<br \/><\/strong>Musurgia &#8211; Associa\u00e7\u00e3o Cultural<br \/>NAVIO: N\u00facleo Art\u00edstico de Vontades Inusitadas e Outras<\/span><\/p><p class=\"p1\"><span style=\"color: #333333;\"><strong>Agradecimentos<br \/><\/strong><\/span><span style=\"color: #333333;\">Casa d&#8217;Artes do Bonfim<br \/>Junta de Freguesia do Bonfim<\/span><\/p><\/div>\n\t\t\t\t<\/div>\n\t\t\t\t<\/div>\n\t\t\t\t\t\t<\/div>\n\t\t\t\t\t<\/div>\n\t\t<\/div>\n\t\t\t\t\t\t\t\t<\/div>\n\t\t\t\t\t<\/div>\n\t\t<\/section>\n\t\t\t\t<section class=\"elementor-section elementor-top-section elementor-element elementor-element-515fe667 elementor-section-full_width elementor-section-stretched elementor-section-height-default elementor-section-height-default\" data-id=\"515fe667\" data-element_type=\"section\" data-settings=\"{&quot;stretch_section&quot;:&quot;section-stretched&quot;,&quot;background_background&quot;:&quot;classic&quot;}\">\n\t\t\t\t\t\t<div class=\"elementor-container elementor-column-gap-default\">\n\t\t\t\t\t\t\t<div class=\"elementor-row\">\n\t\t\t\t\t<div class=\"elementor-column elementor-col-100 elementor-top-column elementor-element elementor-element-3c922754\" data-id=\"3c922754\" data-element_type=\"column\">\n\t\t\t<div class=\"elementor-column-wrap elementor-element-populated\">\n\t\t\t\t\t\t\t<div class=\"elementor-widget-wrap\">\n\t\t\t\t\t\t<div class=\"elementor-element elementor-element-ce3f6a2 elementor-widget elementor-widget-gallery\" data-id=\"ce3f6a2\" data-element_type=\"widget\" data-settings=\"{&quot;gallery_layout&quot;:&quot;masonry&quot;,&quot;columns&quot;:2,&quot;columns_tablet&quot;:3,&quot;columns_mobile&quot;:2,&quot;lazyload&quot;:&quot;yes&quot;,&quot;gap&quot;:{&quot;unit&quot;:&quot;px&quot;,&quot;size&quot;:10,&quot;sizes&quot;:[]},&quot;gap_tablet&quot;:{&quot;unit&quot;:&quot;px&quot;,&quot;size&quot;:10,&quot;sizes&quot;:[]},&quot;gap_mobile&quot;:{&quot;unit&quot;:&quot;px&quot;,&quot;size&quot;:10,&quot;sizes&quot;:[]},&quot;overlay_background&quot;:&quot;yes&quot;,&quot;content_hover_animation&quot;:&quot;fade-in&quot;}\" data-widget_type=\"gallery.default\">\n\t\t\t\t<div class=\"elementor-widget-container\">\n\t\t\t\t\t<div class=\"elementor-gallery__container\">\n\t\t\t\t\t\t\t<div class=\"e-gallery-item elementor-gallery-item elementor-animated-content\">\n\t\t\t\t\t<div class=\"e-gallery-image elementor-gallery-item__image\" data-thumbnail=\"http:\/\/thsc.pt\/wp-content\/uploads\/2020\/08\/thsc1-1024x576.jpg\" data-width=\"1024\" data-height=\"576\" alt=\"\" ><\/div>\n\t\t\t\t\t\t\t\t\t\t<div class=\"elementor-gallery-item__overlay\"><\/div>\n\t\t\t\t\t\t\t\t\t\t\t\t\t\t<\/div>\n\t\t\t\t\t\t\t<div class=\"e-gallery-item elementor-gallery-item elementor-animated-content\">\n\t\t\t\t\t<div class=\"e-gallery-image elementor-gallery-item__image\" data-thumbnail=\"http:\/\/thsc.pt\/wp-content\/uploads\/2020\/08\/thsc_2-768x432-1.jpg\" data-width=\"768\" data-height=\"432\" alt=\"\" ><\/div>\n\t\t\t\t\t\t\t\t\t\t<div class=\"elementor-gallery-item__overlay\"><\/div>\n\t\t\t\t\t\t\t\t\t\t\t\t\t\t<\/div>\n\t\t\t\t\t<\/div>\n\t\t\t<\/div>\n\t\t\t\t<\/div>\n\t\t\t\t\t\t<\/div>\n\t\t\t\t\t<\/div>\n\t\t<\/div>\n\t\t\t\t\t\t\t\t<\/div>\n\t\t\t\t\t<\/div>\n\t\t<\/section>\n\t\t\t\t\t\t<\/div>\n\t\t\t\t\t\t<\/div>\n\t\t\t\t\t<\/div>\n\t\t","protected":false},"excerpt":{"rendered":"<p>AUTO DO FIDALGO APRENDIZ 27 e 28 de setembro de 2025 S\u00e1bado &#8211; 21h00Domingo &#8211; 16h00 M\/12 |\u00a0 BILHETES : [&hellip;]<\/p>\n","protected":false},"author":3,"featured_media":5858,"parent":0,"menu_order":0,"comment_status":"closed","ping_status":"closed","template":"","meta":[],"_links":{"self":[{"href":"http:\/\/thsc.pt\/index.php?rest_route=\/wp\/v2\/pages\/5857"}],"collection":[{"href":"http:\/\/thsc.pt\/index.php?rest_route=\/wp\/v2\/pages"}],"about":[{"href":"http:\/\/thsc.pt\/index.php?rest_route=\/wp\/v2\/types\/page"}],"author":[{"embeddable":true,"href":"http:\/\/thsc.pt\/index.php?rest_route=\/wp\/v2\/users\/3"}],"replies":[{"embeddable":true,"href":"http:\/\/thsc.pt\/index.php?rest_route=%2Fwp%2Fv2%2Fcomments&post=5857"}],"version-history":[{"count":3,"href":"http:\/\/thsc.pt\/index.php?rest_route=\/wp\/v2\/pages\/5857\/revisions"}],"predecessor-version":[{"id":5863,"href":"http:\/\/thsc.pt\/index.php?rest_route=\/wp\/v2\/pages\/5857\/revisions\/5863"}],"wp:featuredmedia":[{"embeddable":true,"href":"http:\/\/thsc.pt\/index.php?rest_route=\/wp\/v2\/media\/5858"}],"wp:attachment":[{"href":"http:\/\/thsc.pt\/index.php?rest_route=%2Fwp%2Fv2%2Fmedia&parent=5857"}],"curies":[{"name":"wp","href":"https:\/\/api.w.org\/{rel}","templated":true}]}}