{"id":5646,"date":"2025-04-16T16:02:35","date_gmt":"2025-04-16T15:02:35","guid":{"rendered":"http:\/\/thsc.pt\/?page_id=5646"},"modified":"2025-04-24T16:25:39","modified_gmt":"2025-04-24T15:25:39","slug":"a-virtude-do-diabo","status":"publish","type":"page","link":"http:\/\/thsc.pt\/?page_id=5646","title":{"rendered":"A Virtude do Diabo"},"content":{"rendered":"\t\t<div data-elementor-type=\"wp-page\" data-elementor-id=\"5646\" class=\"elementor elementor-5646\" data-elementor-settings=\"[]\">\n\t\t\t\t\t\t<div class=\"elementor-inner\">\n\t\t\t\t\t\t\t<div class=\"elementor-section-wrap\">\n\t\t\t\t\t\t\t<section class=\"elementor-section elementor-top-section elementor-element elementor-element-434595c3 elementor-section-height-min-height elementor-section-boxed elementor-section-height-default elementor-section-items-middle\" data-id=\"434595c3\" data-element_type=\"section\" data-settings=\"{&quot;background_background&quot;:&quot;classic&quot;}\">\n\t\t\t\t\t\t\t<div class=\"elementor-background-overlay\"><\/div>\n\t\t\t\t\t\t\t<div class=\"elementor-container elementor-column-gap-default\">\n\t\t\t\t\t\t\t<div class=\"elementor-row\">\n\t\t\t\t\t<div class=\"elementor-column elementor-col-100 elementor-top-column elementor-element elementor-element-5295839d\" data-id=\"5295839d\" data-element_type=\"column\">\n\t\t\t<div class=\"elementor-column-wrap elementor-element-populated\">\n\t\t\t\t\t\t\t<div class=\"elementor-widget-wrap\">\n\t\t\t\t\t\t<div class=\"elementor-element elementor-element-584b5c0b elementor-widget elementor-widget-spacer\" data-id=\"584b5c0b\" data-element_type=\"widget\" data-widget_type=\"spacer.default\">\n\t\t\t\t<div class=\"elementor-widget-container\">\n\t\t\t\t\t<div class=\"elementor-spacer\">\n\t\t\t<div class=\"elementor-spacer-inner\"><\/div>\n\t\t<\/div>\n\t\t\t\t<\/div>\n\t\t\t\t<\/div>\n\t\t\t\t<div class=\"elementor-element elementor-element-6337e37 elementor-widget elementor-widget-heading\" data-id=\"6337e37\" data-element_type=\"widget\" data-widget_type=\"heading.default\">\n\t\t\t\t<div class=\"elementor-widget-container\">\n\t\t\t<h1 class=\"elementor-heading-title elementor-size-large\">A VIRTUDE DO DIABO<\/h1>\t\t<\/div>\n\t\t\t\t<\/div>\n\t\t\t\t<div class=\"elementor-element elementor-element-6c052754 elementor-widget elementor-widget-text-editor\" data-id=\"6c052754\" data-element_type=\"widget\" data-widget_type=\"text-editor.default\">\n\t\t\t\t<div class=\"elementor-widget-container\">\n\t\t\t\t\t<div class=\"elementor-text-editor elementor-clearfix\"><h2><strong><span style=\"color: #ffffff;\">3 de maio de 2025<\/span><\/strong><\/h2><p><strong><span style=\"color: #ffffff;\">21h00<\/span><\/strong><\/p><\/div>\n\t\t\t\t<\/div>\n\t\t\t\t<\/div>\n\t\t\t\t<section class=\"elementor-section elementor-inner-section elementor-element elementor-element-6e077896 elementor-section-content-middle elementor-section-boxed elementor-section-height-default elementor-section-height-default\" data-id=\"6e077896\" data-element_type=\"section\">\n\t\t\t\t\t\t<div class=\"elementor-container elementor-column-gap-extended\">\n\t\t\t\t\t\t\t<div class=\"elementor-row\">\n\t\t\t\t\t<div class=\"elementor-column elementor-col-100 elementor-inner-column elementor-element elementor-element-8c87c2b\" data-id=\"8c87c2b\" data-element_type=\"column\">\n\t\t\t<div class=\"elementor-column-wrap elementor-element-populated\">\n\t\t\t\t\t\t\t<div class=\"elementor-widget-wrap\">\n\t\t\t\t\t\t<div class=\"elementor-element elementor-element-6025efbf elementor-widget elementor-widget-text-editor\" data-id=\"6025efbf\" data-element_type=\"widget\" data-widget_type=\"text-editor.default\">\n\t\t\t\t<div class=\"elementor-widget-container\">\n\t\t\t\t\t<div class=\"elementor-text-editor elementor-clearfix\"><h5><span style=\"color: #ffffff;\"><b><span style=\"font-family: var( --e-global-typography-text-font-family );\">M\/6 |\u00a0 BILHETES : 5,00 a 7,00 EUROS\u00a0<\/span><\/b><\/span><\/h5><\/div>\n\t\t\t\t<\/div>\n\t\t\t\t<\/div>\n\t\t\t\t\t\t<\/div>\n\t\t\t\t\t<\/div>\n\t\t<\/div>\n\t\t\t\t\t\t\t\t<\/div>\n\t\t\t\t\t<\/div>\n\t\t<\/section>\n\t\t\t\t\t\t<\/div>\n\t\t\t\t\t<\/div>\n\t\t<\/div>\n\t\t\t\t\t\t\t\t<\/div>\n\t\t\t\t\t<\/div>\n\t\t<\/section>\n\t\t\t\t<section class=\"elementor-section elementor-top-section elementor-element elementor-element-635dcd3b elementor-section-boxed elementor-section-height-default elementor-section-height-default\" data-id=\"635dcd3b\" data-element_type=\"section\" data-settings=\"{&quot;background_background&quot;:&quot;classic&quot;}\">\n\t\t\t\t\t\t<div class=\"elementor-container elementor-column-gap-default\">\n\t\t\t\t\t\t\t<div class=\"elementor-row\">\n\t\t\t\t\t<div class=\"elementor-column elementor-col-50 elementor-top-column elementor-element elementor-element-57e67267\" data-id=\"57e67267\" data-element_type=\"column\">\n\t\t\t<div class=\"elementor-column-wrap elementor-element-populated\">\n\t\t\t\t\t\t\t<div class=\"elementor-widget-wrap\">\n\t\t\t\t\t\t<div class=\"elementor-element elementor-element-495fe94b elementor-widget elementor-widget-spacer\" data-id=\"495fe94b\" data-element_type=\"widget\" data-widget_type=\"spacer.default\">\n\t\t\t\t<div class=\"elementor-widget-container\">\n\t\t\t\t\t<div class=\"elementor-spacer\">\n\t\t\t<div class=\"elementor-spacer-inner\"><\/div>\n\t\t<\/div>\n\t\t\t\t<\/div>\n\t\t\t\t<\/div>\n\t\t\t\t<div class=\"elementor-element elementor-element-28388439 elementor-widget elementor-widget-text-editor\" data-id=\"28388439\" data-element_type=\"widget\" data-widget_type=\"text-editor.default\">\n\t\t\t\t<div class=\"elementor-widget-container\">\n\t\t\t\t\t<div class=\"elementor-text-editor elementor-clearfix\"><p><strong>Mauro Martins<br \/><\/strong>Nascido na Su\u00ed\u00e7a em 1995, Mauro Martins \u00e9 um m\u00fasico portugu\u00eas que deu os primeiros passos na m\u00fasica aos 10 anos, numa Banda Filarm\u00f3nica. Entre 2010 e 2016, frequentou a Escola Profissional de Artes da Covilh\u00e3, onde estudou com os professores Nuno Machado, Ricardo Ant\u00e3o, Lu\u00eds Oliveira, entre outros. Concluiu com distin\u00e7\u00e3o o Curso B\u00e1sico de Instrumento e o Curso de Instrumentista de Sopro e Percuss\u00e3o, obtendo a nota m\u00e1xima nos recitais finais de ambos. Prosseguiu os seus estudos na Escola Superior de M\u00fasica e Artes do Espet\u00e1culo do Porto, sob a orienta\u00e7\u00e3o do professor S\u00e9rgio Carolino, onde voltou a alcan\u00e7ar a nota m\u00e1xima no recital final de licenciatura.<br \/>Mauro Martins foi premiado em diversos concursos internacionais, destacando-se o 1.\u00ba lugar no Concours International de Saxhorn, Euphonium et Tuba de Tours, em 2019 (Fran\u00e7a). \u00c9 frequentemente convidado para integrar j\u00faris de prestigiados concursos. Apresenta-se com regularidade em recitais a solo e concertos em festivais de renome, assim como em conceituadas salas de espet\u00e1culo em pa\u00edses como B\u00e9lgica, China, Col\u00f4mbia, Espanha, EUA, Pa\u00edses Baixos, It\u00e1lia, Jap\u00e3o, Noruega, Pol\u00f3nia, Portugal, Su\u00e9cia, Tail\u00e2ndia, entre outros.<br \/>Devido ao impacto da sua arte, Mauro Martins j\u00e1 gravou dois CDs e \u00e9 artista associado das marcas Adams Brass, Brass Lab Momo e Denis Wick Products. Atualmente, leciona em v\u00e1rias escolas na cidade de Harstad (Noruega), d\u00e1 aulas particulares e realiza masterclasses em v\u00e1rias partes do mundo.<\/p><p><strong>Bernardo Pinhal <br \/><\/strong>Bernardo Pinhal \u00e9 pianista e cantor, natural de Matosinhos. Concluiu a licenciatura em Piano na ESMAE, no Porto, em 2011, sob a orienta\u00e7\u00e3o do professor Miguel Borges Coelho. Prosseguiu os seus estudos com Dimitri Bashkirov na prestigiada Escuela Superior de M\u00fasica Reina Sof\u00eda, em Madrid, e mais tarde na Hochschule f\u00fcr Musik Basel, com Claudio Mart\u00ednez Mehner, com quem concluiu, em 2016, o Mestrado em Performance, enquanto bolseiro da Funda\u00e7\u00e3o Calouste Gulbenkian. Estudou ainda com Denis Lossev, Marta Guly\u00e1s, Lu\u00eds Fernando P\u00e9rez e Anton Kernjak, tendo sido distinguido em diversos concursos nacionais e internacionais, como o Concurso Internacional Santa Cec\u00edlia (1.\u00ba pr\u00e9mio), o Concurso Internacional de San Sebasti\u00e1n (2.\u00ba pr\u00e9mio), o Concurso AGEAS (1.\u00ba pr\u00e9mio em duo com o pianista S\u00e9rgio de A) e o pr\u00e9mio de Melhor Pianista Acompanhador no Concurso Internacional de Canto de Lousada.<br \/>Como cantor, foi aluno dos professores Deolinda Resende, Lu\u00eds Rendas Pereira e Elisabete Matos. \u00c9 membro do Coro Casa da M\u00fasica e dos Capella Duriensis, colaborador habitual dos Mo\u00e7os do Coro e da Schola Cantorvm Colegiada de Cedofeita, al\u00e9m de m\u00fasico-performer do Quarteto Contratempus.<br \/>A sua atividade art\u00edstica compreende ainda in\u00fameras colabora\u00e7\u00f5es em grupos de m\u00fasica de c\u00e2mara, acompanhando renomados solistas em festivais como o LizBrass e o Grav\u00edssimo!. Dedica-se igualmente \u00e0 \u00f3pera contempor\u00e2nea e \u00e0 produ\u00e7\u00e3o do seu primeiro \u00e1lbum de art rock, composto exclusivamente por m\u00fasica da sua autoria.<\/p><p>O Duo distingue-se pela sua versatilidade rara, que transcende fronteiras no universo da m\u00fasica cl\u00e1ssica, combinando um lirismo refinado com grande virtuosismo \u2014 ora marcado por uma sonoridade groovy, ora de express\u00e3o puramente cl\u00e1ssica. O ensemble j\u00e1 se apresentou em conceituados festivais, como o LizBrass, o Grav\u00edssimo! e o M\u00fasica nas Freguesias, evento promovido pelo Maestro Ant\u00f3nio Victorino d\u2019Almeida. Em 2022, lan\u00e7ou o \u00e1lbum Flow \u2014 o primeiro disco gravado em Portugal dedicado exclusivamente ao repert\u00f3rio para euf\u00f3nio e piano. O Duo conta ainda com v\u00e1rios v\u00eddeos produzidos em parceria com as marcas que representam Mauro Martins e acaba de gravar um segundo \u00e1lbum, que ser\u00e1 igualmente lan\u00e7ado em formato v\u00eddeo. O recital que aqui se apresenta integra algumas obras do primeiro disco, report\u00f3rio recente e inclui ainda um momento a solo de piano.<\/p><p><strong>Programa<br \/><\/strong>Gilles Rocha (n. 1988) Blind Spot<br \/>Sigvart Dagsland (n. 1963) Michelangelo<br \/>Telmo Marques (n. 1963) Waxed Floor<br \/>Thomas Doss (n. 1966) Pulse<br \/>Ant\u00f3nio Victorino d&#8217;Almeida (n. 1940) Sonata para piano n\u2070 2 opus 24<br \/><em>I. Scherzo<br \/><\/em>Yvan Lagger (n. 1971) The Devil&#8217;s Virtuosity<br \/>Paul Lovatt-Cooper (n. 1976) With His first Breath<br \/>Frank Bridge (1879-1941) Meditation<br \/>Roland Szentpali (n. 1977) Pearls (I. Andamento &#8211; Ducati SPS 916)<\/p><\/div>\n\t\t\t\t<\/div>\n\t\t\t\t<\/div>\n\t\t\t\t\t\t<\/div>\n\t\t\t\t\t<\/div>\n\t\t<\/div>\n\t\t\t\t<div class=\"elementor-column elementor-col-50 elementor-top-column elementor-element elementor-element-522bb318\" data-id=\"522bb318\" data-element_type=\"column\" data-settings=\"{&quot;background_background&quot;:&quot;classic&quot;}\">\n\t\t\t<div class=\"elementor-column-wrap elementor-element-populated\">\n\t\t\t\t\t<div class=\"elementor-background-overlay\"><\/div>\n\t\t\t\t\t\t\t<div class=\"elementor-widget-wrap\">\n\t\t\t\t\t\t<div class=\"elementor-element elementor-element-ae75739 elementor-widget elementor-widget-image\" data-id=\"ae75739\" data-element_type=\"widget\" data-widget_type=\"image.default\">\n\t\t\t\t<div class=\"elementor-widget-container\">\n\t\t\t\t\t<div class=\"elementor-image\">\n\t\t\t\t\t\t\t\t\t\t<img width=\"724\" height=\"1024\" src=\"http:\/\/thsc.pt\/wp-content\/uploads\/2025\/04\/cartaz-724x1024.jpg\" class=\"attachment-large size-large\" alt=\"\" decoding=\"async\" loading=\"lazy\" srcset=\"http:\/\/thsc.pt\/wp-content\/uploads\/2025\/04\/cartaz-724x1024.jpg 724w, http:\/\/thsc.pt\/wp-content\/uploads\/2025\/04\/cartaz-212x300.jpg 212w, http:\/\/thsc.pt\/wp-content\/uploads\/2025\/04\/cartaz-768x1086.jpg 768w, http:\/\/thsc.pt\/wp-content\/uploads\/2025\/04\/cartaz-1086x1536.jpg 1086w, http:\/\/thsc.pt\/wp-content\/uploads\/2025\/04\/cartaz-1448x2048.jpg 1448w, http:\/\/thsc.pt\/wp-content\/uploads\/2025\/04\/cartaz-scaled.jpg 1810w\" sizes=\"(max-width: 724px) 100vw, 724px\" \/>\t\t\t\t\t\t\t\t\t\t\t<\/div>\n\t\t\t\t<\/div>\n\t\t\t\t<\/div>\n\t\t\t\t\t\t<\/div>\n\t\t\t\t\t<\/div>\n\t\t<\/div>\n\t\t\t\t\t\t\t\t<\/div>\n\t\t\t\t\t<\/div>\n\t\t<\/section>\n\t\t\t\t<section class=\"elementor-section elementor-top-section elementor-element elementor-element-2a696daa elementor-section-boxed elementor-section-height-default elementor-section-height-default\" data-id=\"2a696daa\" data-element_type=\"section\" data-settings=\"{&quot;background_background&quot;:&quot;classic&quot;}\">\n\t\t\t\t\t\t<div class=\"elementor-container elementor-column-gap-default\">\n\t\t\t\t\t\t\t<div class=\"elementor-row\">\n\t\t\t\t\t\t\t\t\t<\/div>\n\t\t\t\t\t<\/div>\n\t\t<\/section>\n\t\t\t\t<section class=\"elementor-section elementor-top-section elementor-element elementor-element-535d0dba elementor-section-full_width elementor-section-stretched elementor-section-height-default elementor-section-height-default\" data-id=\"535d0dba\" data-element_type=\"section\" data-settings=\"{&quot;stretch_section&quot;:&quot;section-stretched&quot;,&quot;background_background&quot;:&quot;classic&quot;}\">\n\t\t\t\t\t\t<div class=\"elementor-container elementor-column-gap-default\">\n\t\t\t\t\t\t\t<div class=\"elementor-row\">\n\t\t\t\t\t<div class=\"elementor-column elementor-col-100 elementor-top-column elementor-element elementor-element-6c37ca34\" data-id=\"6c37ca34\" data-element_type=\"column\">\n\t\t\t<div class=\"elementor-column-wrap elementor-element-populated\">\n\t\t\t\t\t\t\t<div class=\"elementor-widget-wrap\">\n\t\t\t\t\t\t<div class=\"elementor-element elementor-element-46433352 elementor-widget elementor-widget-gallery\" data-id=\"46433352\" data-element_type=\"widget\" data-settings=\"{&quot;gallery_layout&quot;:&quot;masonry&quot;,&quot;columns&quot;:2,&quot;columns_tablet&quot;:3,&quot;columns_mobile&quot;:2,&quot;lazyload&quot;:&quot;yes&quot;,&quot;gap&quot;:{&quot;unit&quot;:&quot;px&quot;,&quot;size&quot;:10,&quot;sizes&quot;:[]},&quot;gap_tablet&quot;:{&quot;unit&quot;:&quot;px&quot;,&quot;size&quot;:10,&quot;sizes&quot;:[]},&quot;gap_mobile&quot;:{&quot;unit&quot;:&quot;px&quot;,&quot;size&quot;:10,&quot;sizes&quot;:[]},&quot;overlay_background&quot;:&quot;yes&quot;,&quot;content_hover_animation&quot;:&quot;fade-in&quot;}\" data-widget_type=\"gallery.default\">\n\t\t\t\t<div class=\"elementor-widget-container\">\n\t\t\t\t\t<div class=\"elementor-gallery__container\">\n\t\t\t\t\t\t\t<div class=\"e-gallery-item elementor-gallery-item elementor-animated-content\">\n\t\t\t\t\t<div class=\"e-gallery-image elementor-gallery-item__image\" data-thumbnail=\"http:\/\/thsc.pt\/wp-content\/uploads\/2020\/08\/thsc_2-768x432-1.jpg\" data-width=\"768\" data-height=\"432\" alt=\"\" ><\/div>\n\t\t\t\t\t\t\t\t\t\t<div class=\"elementor-gallery-item__overlay\"><\/div>\n\t\t\t\t\t\t\t\t\t\t\t\t\t\t<\/div>\n\t\t\t\t\t\t\t<div class=\"e-gallery-item elementor-gallery-item elementor-animated-content\">\n\t\t\t\t\t<div class=\"e-gallery-image elementor-gallery-item__image\" data-thumbnail=\"http:\/\/thsc.pt\/wp-content\/uploads\/2020\/08\/thsc1-1024x576.jpg\" data-width=\"1024\" data-height=\"576\" alt=\"\" ><\/div>\n\t\t\t\t\t\t\t\t\t\t<div class=\"elementor-gallery-item__overlay\"><\/div>\n\t\t\t\t\t\t\t\t\t\t\t\t\t\t<\/div>\n\t\t\t\t\t<\/div>\n\t\t\t<\/div>\n\t\t\t\t<\/div>\n\t\t\t\t\t\t<\/div>\n\t\t\t\t\t<\/div>\n\t\t<\/div>\n\t\t\t\t\t\t\t\t<\/div>\n\t\t\t\t\t<\/div>\n\t\t<\/section>\n\t\t\t\t\t\t<\/div>\n\t\t\t\t\t\t<\/div>\n\t\t\t\t\t<\/div>\n\t\t","protected":false},"excerpt":{"rendered":"<p>A VIRTUDE DO DIABO 3 de maio de 2025 21h00 M\/6 |\u00a0 BILHETES : 5,00 a 7,00 EUROS\u00a0 Mauro MartinsNascido [&hellip;]<\/p>\n","protected":false},"author":3,"featured_media":3099,"parent":0,"menu_order":0,"comment_status":"closed","ping_status":"closed","template":"","meta":[],"_links":{"self":[{"href":"http:\/\/thsc.pt\/index.php?rest_route=\/wp\/v2\/pages\/5646"}],"collection":[{"href":"http:\/\/thsc.pt\/index.php?rest_route=\/wp\/v2\/pages"}],"about":[{"href":"http:\/\/thsc.pt\/index.php?rest_route=\/wp\/v2\/types\/page"}],"author":[{"embeddable":true,"href":"http:\/\/thsc.pt\/index.php?rest_route=\/wp\/v2\/users\/3"}],"replies":[{"embeddable":true,"href":"http:\/\/thsc.pt\/index.php?rest_route=%2Fwp%2Fv2%2Fcomments&post=5646"}],"version-history":[{"count":4,"href":"http:\/\/thsc.pt\/index.php?rest_route=\/wp\/v2\/pages\/5646\/revisions"}],"predecessor-version":[{"id":5661,"href":"http:\/\/thsc.pt\/index.php?rest_route=\/wp\/v2\/pages\/5646\/revisions\/5661"}],"wp:featuredmedia":[{"embeddable":true,"href":"http:\/\/thsc.pt\/index.php?rest_route=\/wp\/v2\/media\/3099"}],"wp:attachment":[{"href":"http:\/\/thsc.pt\/index.php?rest_route=%2Fwp%2Fv2%2Fmedia&parent=5646"}],"curies":[{"name":"wp","href":"https:\/\/api.w.org\/{rel}","templated":true}]}}