{"id":5536,"date":"2025-02-24T20:25:24","date_gmt":"2025-02-24T19:25:24","guid":{"rendered":"http:\/\/thsc.pt\/?page_id=5536"},"modified":"2025-02-24T22:35:19","modified_gmt":"2025-02-24T21:35:19","slug":"spatial-synth","status":"publish","type":"page","link":"http:\/\/thsc.pt\/?page_id=5536","title":{"rendered":"Spatial Synth"},"content":{"rendered":"\t\t<div data-elementor-type=\"wp-page\" data-elementor-id=\"5536\" class=\"elementor elementor-5536\" data-elementor-settings=\"[]\">\n\t\t\t\t\t\t<div class=\"elementor-inner\">\n\t\t\t\t\t\t\t<div class=\"elementor-section-wrap\">\n\t\t\t\t\t\t\t<section class=\"elementor-section elementor-top-section elementor-element elementor-element-3788f57c elementor-section-height-min-height elementor-section-boxed elementor-section-height-default elementor-section-items-middle\" data-id=\"3788f57c\" data-element_type=\"section\" data-settings=\"{&quot;background_background&quot;:&quot;classic&quot;}\">\n\t\t\t\t\t\t\t<div class=\"elementor-background-overlay\"><\/div>\n\t\t\t\t\t\t\t<div class=\"elementor-container elementor-column-gap-default\">\n\t\t\t\t\t\t\t<div class=\"elementor-row\">\n\t\t\t\t\t<div class=\"elementor-column elementor-col-100 elementor-top-column elementor-element elementor-element-25cfa782\" data-id=\"25cfa782\" data-element_type=\"column\">\n\t\t\t<div class=\"elementor-column-wrap elementor-element-populated\">\n\t\t\t\t\t\t\t<div class=\"elementor-widget-wrap\">\n\t\t\t\t\t\t<div class=\"elementor-element elementor-element-17582b87 elementor-widget elementor-widget-spacer\" data-id=\"17582b87\" data-element_type=\"widget\" data-widget_type=\"spacer.default\">\n\t\t\t\t<div class=\"elementor-widget-container\">\n\t\t\t\t\t<div class=\"elementor-spacer\">\n\t\t\t<div class=\"elementor-spacer-inner\"><\/div>\n\t\t<\/div>\n\t\t\t\t<\/div>\n\t\t\t\t<\/div>\n\t\t\t\t<div class=\"elementor-element elementor-element-34d6fd10 elementor-widget elementor-widget-heading\" data-id=\"34d6fd10\" data-element_type=\"widget\" data-widget_type=\"heading.default\">\n\t\t\t\t<div class=\"elementor-widget-container\">\n\t\t\t<h1 class=\"elementor-heading-title elementor-size-large\">Spatial Synth<\/h1>\t\t<\/div>\n\t\t\t\t<\/div>\n\t\t\t\t<div class=\"elementor-element elementor-element-3bf8bdde elementor-widget elementor-widget-heading\" data-id=\"3bf8bdde\" data-element_type=\"widget\" data-widget_type=\"heading.default\">\n\t\t\t\t<div class=\"elementor-widget-container\">\n\t\t\t<h3 class=\"elementor-heading-title elementor-size-medium\">APRESENTA\u00c7\u00c3O DE OBRAS<\/h3>\t\t<\/div>\n\t\t\t\t<\/div>\n\t\t\t\t<div class=\"elementor-element elementor-element-5237cdf2 elementor-widget elementor-widget-text-editor\" data-id=\"5237cdf2\" data-element_type=\"widget\" data-widget_type=\"text-editor.default\">\n\t\t\t\t<div class=\"elementor-widget-container\">\n\t\t\t\t\t<div class=\"elementor-text-editor elementor-clearfix\"><h2><span style=\"color: #ffffff;\"><strong>&#8211; 13 de mar\u00e7o &#8211;\u00a0<\/strong><\/span><\/h2><p>Quinta-feira , 13 de mar\u00e7o \u2013 14h00<br \/><br \/><\/p><\/div>\n\t\t\t\t<\/div>\n\t\t\t\t<\/div>\n\t\t\t\t\t\t<\/div>\n\t\t\t\t\t<\/div>\n\t\t<\/div>\n\t\t\t\t\t\t\t\t<\/div>\n\t\t\t\t\t<\/div>\n\t\t<\/section>\n\t\t\t\t<section class=\"elementor-section elementor-top-section elementor-element elementor-element-6df2251b elementor-section-boxed elementor-section-height-default elementor-section-height-default\" data-id=\"6df2251b\" data-element_type=\"section\" data-settings=\"{&quot;background_background&quot;:&quot;classic&quot;}\">\n\t\t\t\t\t\t<div class=\"elementor-container elementor-column-gap-default\">\n\t\t\t\t\t\t\t<div class=\"elementor-row\">\n\t\t\t\t\t<div class=\"elementor-column elementor-col-33 elementor-top-column elementor-element elementor-element-51fd5d69\" data-id=\"51fd5d69\" data-element_type=\"column\">\n\t\t\t<div class=\"elementor-column-wrap elementor-element-populated\">\n\t\t\t\t\t\t\t<div class=\"elementor-widget-wrap\">\n\t\t\t\t\t\t<div class=\"elementor-element elementor-element-753f5bc1 elementor-widget elementor-widget-spacer\" data-id=\"753f5bc1\" data-element_type=\"widget\" data-widget_type=\"spacer.default\">\n\t\t\t\t<div class=\"elementor-widget-container\">\n\t\t\t\t\t<div class=\"elementor-spacer\">\n\t\t\t<div class=\"elementor-spacer-inner\"><\/div>\n\t\t<\/div>\n\t\t\t\t<\/div>\n\t\t\t\t<\/div>\n\t\t\t\t<div class=\"elementor-element elementor-element-5c67aef8 elementor-widget elementor-widget-text-editor\" data-id=\"5c67aef8\" data-element_type=\"widget\" data-widget_type=\"text-editor.default\">\n\t\t\t\t<div class=\"elementor-widget-container\">\n\t\t\t\t\t<div class=\"elementor-text-editor elementor-clearfix\"><p>Projeto Spatial Synth (ESMAE &#8211; Sound Particles) Apresenta\u00e7\u00e3o de obras\u00a0 13 de mar\u00e7o, no Teatro Helena S\u00e1 e Costa No dia 13 de mar\u00e7o (quinta-feira), o Teatro Helena S\u00e1 e Costa recebe a apresenta\u00e7\u00e3o de obras do Projeto Spatial Synth, uma iniciativa que explora novas abordagens ao som.<\/p><p><strong>Programa <\/strong><\/p><p><strong>14h00 &#8211; 15h15<br \/><\/strong>Apresenta\u00e7\u00e3o de Obras <br \/><strong>15h15 &#8211; 15h45<br \/><\/strong>Porto de Honra <br \/><strong>15h45 &#8211; 17h00<br \/><\/strong>Apresenta\u00e7\u00e3o de Obras<\/p><\/div>\n\t\t\t\t<\/div>\n\t\t\t\t<\/div>\n\t\t\t\t\t\t<\/div>\n\t\t\t\t\t<\/div>\n\t\t<\/div>\n\t\t\t\t<div class=\"elementor-column elementor-col-33 elementor-top-column elementor-element elementor-element-61a9d789\" data-id=\"61a9d789\" data-element_type=\"column\" data-settings=\"{&quot;background_background&quot;:&quot;classic&quot;}\">\n\t\t\t<div class=\"elementor-column-wrap elementor-element-populated\">\n\t\t\t\t\t<div class=\"elementor-background-overlay\"><\/div>\n\t\t\t\t\t\t\t<div class=\"elementor-widget-wrap\">\n\t\t\t\t\t\t<div class=\"elementor-element elementor-element-4d38349a elementor-widget elementor-widget-spacer\" data-id=\"4d38349a\" data-element_type=\"widget\" data-widget_type=\"spacer.default\">\n\t\t\t\t<div class=\"elementor-widget-container\">\n\t\t\t\t\t<div class=\"elementor-spacer\">\n\t\t\t<div class=\"elementor-spacer-inner\"><\/div>\n\t\t<\/div>\n\t\t\t\t<\/div>\n\t\t\t\t<\/div>\n\t\t\t\t\t\t<\/div>\n\t\t\t\t\t<\/div>\n\t\t<\/div>\n\t\t\t\t<div class=\"elementor-column elementor-col-33 elementor-top-column elementor-element elementor-element-4095bdc9\" data-id=\"4095bdc9\" data-element_type=\"column\" data-settings=\"{&quot;background_background&quot;:&quot;classic&quot;}\">\n\t\t\t<div class=\"elementor-column-wrap elementor-element-populated\">\n\t\t\t\t\t<div class=\"elementor-background-overlay\"><\/div>\n\t\t\t\t\t\t\t<div class=\"elementor-widget-wrap\">\n\t\t\t\t\t\t<div class=\"elementor-element elementor-element-356f283d elementor-widget elementor-widget-spacer\" data-id=\"356f283d\" data-element_type=\"widget\" data-widget_type=\"spacer.default\">\n\t\t\t\t<div class=\"elementor-widget-container\">\n\t\t\t\t\t<div class=\"elementor-spacer\">\n\t\t\t<div class=\"elementor-spacer-inner\"><\/div>\n\t\t<\/div>\n\t\t\t\t<\/div>\n\t\t\t\t<\/div>\n\t\t\t\t<div class=\"elementor-element elementor-element-099501f elementor-widget elementor-widget-image\" data-id=\"099501f\" data-element_type=\"widget\" data-widget_type=\"image.default\">\n\t\t\t\t<div class=\"elementor-widget-container\">\n\t\t\t\t\t<div class=\"elementor-image\">\n\t\t\t\t\t\t\t\t\t\t<img width=\"651\" height=\"920\" src=\"http:\/\/thsc.pt\/wp-content\/uploads\/2025\/02\/cartaz-web.png\" class=\"attachment-large size-large\" alt=\"\" decoding=\"async\" loading=\"lazy\" srcset=\"http:\/\/thsc.pt\/wp-content\/uploads\/2025\/02\/cartaz-web.png 651w, http:\/\/thsc.pt\/wp-content\/uploads\/2025\/02\/cartaz-web-212x300.png 212w\" sizes=\"(max-width: 651px) 100vw, 651px\" \/>\t\t\t\t\t\t\t\t\t\t\t<\/div>\n\t\t\t\t<\/div>\n\t\t\t\t<\/div>\n\t\t\t\t\t\t<\/div>\n\t\t\t\t\t<\/div>\n\t\t<\/div>\n\t\t\t\t\t\t\t\t<\/div>\n\t\t\t\t\t<\/div>\n\t\t<\/section>\n\t\t\t\t<section class=\"elementor-section elementor-top-section elementor-element elementor-element-312704f5 elementor-section-boxed elementor-section-height-default elementor-section-height-default\" data-id=\"312704f5\" data-element_type=\"section\" data-settings=\"{&quot;background_background&quot;:&quot;classic&quot;}\">\n\t\t\t\t\t\t<div class=\"elementor-container elementor-column-gap-default\">\n\t\t\t\t\t\t\t<div class=\"elementor-row\">\n\t\t\t\t\t\t\t\t\t<\/div>\n\t\t\t\t\t<\/div>\n\t\t<\/section>\n\t\t\t\t<section class=\"elementor-section elementor-top-section elementor-element elementor-element-d500287 elementor-section-full_width elementor-section-height-min-height elementor-section-height-default elementor-section-items-middle\" data-id=\"d500287\" data-element_type=\"section\" data-settings=\"{&quot;background_background&quot;:&quot;classic&quot;}\">\n\t\t\t\t\t\t<div class=\"elementor-container elementor-column-gap-no\">\n\t\t\t\t\t\t\t<div class=\"elementor-row\">\n\t\t\t\t\t<div class=\"elementor-column elementor-col-50 elementor-top-column elementor-element elementor-element-797cd499\" data-id=\"797cd499\" data-element_type=\"column\">\n\t\t\t<div class=\"elementor-column-wrap elementor-element-populated\">\n\t\t\t\t\t\t\t<div class=\"elementor-widget-wrap\">\n\t\t\t\t\t\t<div class=\"elementor-element elementor-element-61d816ff elementor-widget elementor-widget-text-editor\" data-id=\"61d816ff\" data-element_type=\"widget\" data-widget_type=\"text-editor.default\">\n\t\t\t\t<div class=\"elementor-widget-container\">\n\t\t\t\t\t<div class=\"elementor-text-editor elementor-clearfix\"><blockquote><p class=\"p1\"><span style=\"color: #333333;\"><strong>Ficha T\u00e9cnica<\/strong><\/span><\/p><\/blockquote><p><span style=\"color: #333333;\"><strong>Alunos Bolseiros<\/strong><\/span><br \/><span style=\"color: #333333;\">David Silva<\/span><br \/><span style=\"color: #333333;\">Gon\u00e7alo Feij\u00e3o<\/span><br \/><span style=\"color: #333333;\">Hugo Rafael<\/span><br \/><span style=\"color: #333333;\">Rita Costa<\/span><br \/><span style=\"color: #333333;\">Ruben Dias<\/span><br \/><span style=\"color: #333333;\">Sann Gusm\u00e3o<\/span><\/p><\/div>\n\t\t\t\t<\/div>\n\t\t\t\t<\/div>\n\t\t\t\t\t\t<\/div>\n\t\t\t\t\t<\/div>\n\t\t<\/div>\n\t\t\t\t<div class=\"elementor-column elementor-col-50 elementor-top-column elementor-element elementor-element-43cfef59\" data-id=\"43cfef59\" data-element_type=\"column\">\n\t\t\t<div class=\"elementor-column-wrap elementor-element-populated\">\n\t\t\t\t\t\t\t<div class=\"elementor-widget-wrap\">\n\t\t\t\t\t\t<div class=\"elementor-element elementor-element-a61082b elementor-widget elementor-widget-spacer\" data-id=\"a61082b\" data-element_type=\"widget\" data-widget_type=\"spacer.default\">\n\t\t\t\t<div class=\"elementor-widget-container\">\n\t\t\t\t\t<div class=\"elementor-spacer\">\n\t\t\t<div class=\"elementor-spacer-inner\"><\/div>\n\t\t<\/div>\n\t\t\t\t<\/div>\n\t\t\t\t<\/div>\n\t\t\t\t<div class=\"elementor-element elementor-element-1e8d1ed3 elementor-widget elementor-widget-text-editor\" data-id=\"1e8d1ed3\" data-element_type=\"widget\" data-widget_type=\"text-editor.default\">\n\t\t\t\t<div class=\"elementor-widget-container\">\n\t\t\t\t\t<div class=\"elementor-text-editor elementor-clearfix\"><p><span style=\"color: #333333;\"><strong>Docentes<\/strong><\/span><br \/><span style=\"color: #333333;\">\u00c2ngela da Ponte<br \/>Carlos Azevedo<\/span><br \/><span style=\"color: #333333;\">Dimitrios Andrikopoulos<\/span><br \/><span style=\"color: #333333;\">Diogo Franco<\/span><br \/><span style=\"color: #333333;\">Marco Concei\u00e7\u00e3o<\/span><br \/><span style=\"color: #333333;\">Pedro Santos<\/span><br \/><span style=\"color: #333333;\">Rui Penha<\/span><br \/><span style=\"color: #333333;\">Telmo Marques<\/span><\/p><\/div>\n\t\t\t\t<\/div>\n\t\t\t\t<\/div>\n\t\t\t\t\t\t<\/div>\n\t\t\t\t\t<\/div>\n\t\t<\/div>\n\t\t\t\t\t\t\t\t<\/div>\n\t\t\t\t\t<\/div>\n\t\t<\/section>\n\t\t\t\t\t\t<\/div>\n\t\t\t\t\t\t<\/div>\n\t\t\t\t\t<\/div>\n\t\t","protected":false},"excerpt":{"rendered":"<p>Spatial Synth APRESENTA\u00c7\u00c3O DE OBRAS &#8211; 13 de mar\u00e7o &#8211;\u00a0 Quinta-feira , 13 de mar\u00e7o \u2013 14h00 Projeto Spatial Synth [&hellip;]<\/p>\n","protected":false},"author":1,"featured_media":0,"parent":0,"menu_order":0,"comment_status":"closed","ping_status":"closed","template":"","meta":[],"_links":{"self":[{"href":"http:\/\/thsc.pt\/index.php?rest_route=\/wp\/v2\/pages\/5536"}],"collection":[{"href":"http:\/\/thsc.pt\/index.php?rest_route=\/wp\/v2\/pages"}],"about":[{"href":"http:\/\/thsc.pt\/index.php?rest_route=\/wp\/v2\/types\/page"}],"author":[{"embeddable":true,"href":"http:\/\/thsc.pt\/index.php?rest_route=\/wp\/v2\/users\/1"}],"replies":[{"embeddable":true,"href":"http:\/\/thsc.pt\/index.php?rest_route=%2Fwp%2Fv2%2Fcomments&post=5536"}],"version-history":[{"count":5,"href":"http:\/\/thsc.pt\/index.php?rest_route=\/wp\/v2\/pages\/5536\/revisions"}],"predecessor-version":[{"id":5548,"href":"http:\/\/thsc.pt\/index.php?rest_route=\/wp\/v2\/pages\/5536\/revisions\/5548"}],"wp:attachment":[{"href":"http:\/\/thsc.pt\/index.php?rest_route=%2Fwp%2Fv2%2Fmedia&parent=5536"}],"curies":[{"name":"wp","href":"https:\/\/api.w.org\/{rel}","templated":true}]}}