{"id":5527,"date":"2025-02-21T17:29:02","date_gmt":"2025-02-21T16:29:02","guid":{"rendered":"http:\/\/thsc.pt\/?page_id=5527"},"modified":"2025-02-21T17:54:31","modified_gmt":"2025-02-21T16:54:31","slug":"onde-esta-a-justica","status":"publish","type":"page","link":"http:\/\/thsc.pt\/?page_id=5527","title":{"rendered":"Onde est\u00e1 a Justi\u00e7a?"},"content":{"rendered":"\t\t<div data-elementor-type=\"wp-page\" data-elementor-id=\"5527\" class=\"elementor elementor-5527\" data-elementor-settings=\"[]\">\n\t\t\t\t\t\t<div class=\"elementor-inner\">\n\t\t\t\t\t\t\t<div class=\"elementor-section-wrap\">\n\t\t\t\t\t\t\t<section class=\"elementor-section elementor-top-section elementor-element elementor-element-55186919 elementor-section-height-min-height elementor-section-boxed elementor-section-height-default elementor-section-items-middle\" data-id=\"55186919\" data-element_type=\"section\" data-settings=\"{&quot;background_background&quot;:&quot;classic&quot;}\">\n\t\t\t\t\t\t\t<div class=\"elementor-background-overlay\"><\/div>\n\t\t\t\t\t\t\t<div class=\"elementor-container elementor-column-gap-default\">\n\t\t\t\t\t\t\t<div class=\"elementor-row\">\n\t\t\t\t\t<div class=\"elementor-column elementor-col-100 elementor-top-column elementor-element elementor-element-74ceb9fc\" data-id=\"74ceb9fc\" data-element_type=\"column\">\n\t\t\t<div class=\"elementor-column-wrap elementor-element-populated\">\n\t\t\t\t\t\t\t<div class=\"elementor-widget-wrap\">\n\t\t\t\t\t\t<div class=\"elementor-element elementor-element-2533684f elementor-widget elementor-widget-spacer\" data-id=\"2533684f\" data-element_type=\"widget\" data-widget_type=\"spacer.default\">\n\t\t\t\t<div class=\"elementor-widget-container\">\n\t\t\t\t\t<div class=\"elementor-spacer\">\n\t\t\t<div class=\"elementor-spacer-inner\"><\/div>\n\t\t<\/div>\n\t\t\t\t<\/div>\n\t\t\t\t<\/div>\n\t\t\t\t<div class=\"elementor-element elementor-element-1503cd2f elementor-widget elementor-widget-heading\" data-id=\"1503cd2f\" data-element_type=\"widget\" data-widget_type=\"heading.default\">\n\t\t\t\t<div class=\"elementor-widget-container\">\n\t\t\t<h1 class=\"elementor-heading-title elementor-size-large\">ONDE EST\u00c1 A JUSTI\u00c7A?<\/h1>\t\t<\/div>\n\t\t\t\t<\/div>\n\t\t\t\t<div class=\"elementor-element elementor-element-4eb44379 elementor-widget elementor-widget-text-editor\" data-id=\"4eb44379\" data-element_type=\"widget\" data-widget_type=\"text-editor.default\">\n\t\t\t\t<div class=\"elementor-widget-container\">\n\t\t\t\t\t<div class=\"elementor-text-editor elementor-clearfix\"><h2><strong><span style=\"color: #ffffff;\">28 de fevereiro de 2025<\/span><\/strong><\/h2><p><strong><span style=\"color: #ffffff;\">21h00<\/span><\/strong><\/p><\/div>\n\t\t\t\t<\/div>\n\t\t\t\t<\/div>\n\t\t\t\t<section class=\"elementor-section elementor-inner-section elementor-element elementor-element-24946757 elementor-section-content-middle elementor-section-boxed elementor-section-height-default elementor-section-height-default\" data-id=\"24946757\" data-element_type=\"section\">\n\t\t\t\t\t\t<div class=\"elementor-container elementor-column-gap-extended\">\n\t\t\t\t\t\t\t<div class=\"elementor-row\">\n\t\t\t\t\t<div class=\"elementor-column elementor-col-100 elementor-inner-column elementor-element elementor-element-5c0df54b\" data-id=\"5c0df54b\" data-element_type=\"column\">\n\t\t\t<div class=\"elementor-column-wrap elementor-element-populated\">\n\t\t\t\t\t\t\t<div class=\"elementor-widget-wrap\">\n\t\t\t\t\t\t<div class=\"elementor-element elementor-element-574dcaaf elementor-widget elementor-widget-text-editor\" data-id=\"574dcaaf\" data-element_type=\"widget\" data-widget_type=\"text-editor.default\">\n\t\t\t\t<div class=\"elementor-widget-container\">\n\t\t\t\t\t<div class=\"elementor-text-editor elementor-clearfix\"><h5><span style=\"color: #ffffff;\"><b><span style=\"font-family: var( --e-global-typography-text-font-family );\">ENTRADA GRATUITA (AT\u00c9 AO LIMITE DA LOTA\u00c7\u00c3O DA SALA) | RUA DA ALEGRIA, 503<\/span><\/b><\/span><\/h5><\/div>\n\t\t\t\t<\/div>\n\t\t\t\t<\/div>\n\t\t\t\t\t\t<\/div>\n\t\t\t\t\t<\/div>\n\t\t<\/div>\n\t\t\t\t\t\t\t\t<\/div>\n\t\t\t\t\t<\/div>\n\t\t<\/section>\n\t\t\t\t\t\t<\/div>\n\t\t\t\t\t<\/div>\n\t\t<\/div>\n\t\t\t\t\t\t\t\t<\/div>\n\t\t\t\t\t<\/div>\n\t\t<\/section>\n\t\t\t\t<section class=\"elementor-section elementor-top-section elementor-element elementor-element-461c3670 elementor-section-boxed elementor-section-height-default elementor-section-height-default\" data-id=\"461c3670\" data-element_type=\"section\" data-settings=\"{&quot;background_background&quot;:&quot;classic&quot;}\">\n\t\t\t\t\t\t<div class=\"elementor-container elementor-column-gap-default\">\n\t\t\t\t\t\t\t<div class=\"elementor-row\">\n\t\t\t\t\t<div class=\"elementor-column elementor-col-50 elementor-top-column elementor-element elementor-element-55ee6e8d\" data-id=\"55ee6e8d\" data-element_type=\"column\">\n\t\t\t<div class=\"elementor-column-wrap elementor-element-populated\">\n\t\t\t\t\t\t\t<div class=\"elementor-widget-wrap\">\n\t\t\t\t\t\t<div class=\"elementor-element elementor-element-5cde45de elementor-widget elementor-widget-spacer\" data-id=\"5cde45de\" data-element_type=\"widget\" data-widget_type=\"spacer.default\">\n\t\t\t\t<div class=\"elementor-widget-container\">\n\t\t\t\t\t<div class=\"elementor-spacer\">\n\t\t\t<div class=\"elementor-spacer-inner\"><\/div>\n\t\t<\/div>\n\t\t\t\t<\/div>\n\t\t\t\t<\/div>\n\t\t\t\t<div class=\"elementor-element elementor-element-403c1dad elementor-widget elementor-widget-text-editor\" data-id=\"403c1dad\" data-element_type=\"widget\" data-widget_type=\"text-editor.default\">\n\t\t\t\t<div class=\"elementor-widget-container\">\n\t\t\t\t\t<div class=\"elementor-text-editor elementor-clearfix\"><p><em>ONDE EST\u00c1 A JUSTI\u00c7A?<\/em> retrata o percurso de um homem que vivia do seu trabalho, do amor pela sua fam\u00edlia, da forma justa como entendia a vida, do \u201cseu inato sentimento de justi\u00e7a\u201d. Assim come\u00e7a a hist\u00f3ria de Michael Kohlhaas, o rebelde, na sua procura por justi\u00e7a contra um bar\u00e3o d\u00e9spota, sempre confrontado com a justi\u00e7a deturpada do poder dos que mandam e dos que n\u00e3o mandam, mas opinam e julgam, a qual abafa, esmigalha e enlouquece. Um tema que perfura a linha temporal e aparece aos nossos olhos como atual.<\/p><p>O gui\u00e3o que constru\u00edmos percorre a hist\u00f3ria de Kohlhaas, sempre alternando com a de cada um de n\u00f3s: <em>Quantos Kohlhaas cabem em cada um de n\u00f3s?<\/em><em> Quantos de n\u00f3s cabem em Kohlhaas?<\/em><em> Como se transforma a honestidade em crueldade? Porque tarda a justi\u00e7a?<\/em><em> Qual a linha que nos coloca do outro lado da justi\u00e7a?<\/em><em> O sentimento da justi\u00e7a\u2026 O sentimento da injusti\u00e7a&#8230;<\/em> Um coletivo que carrega a sua pr\u00f3pria hist\u00f3ria, veste, despe e volta a vestir diferentes personagens.<\/p><p>Fizemos muitas perguntas e exploramos a personagem \u2018Kohlhaas\u2019 e a sua procura por uma justi\u00e7a que lhe devolva a vida. Colocamo-nos na sua pele, como se todos tiv\u00e9ssemos um pouco de Kohlhaas, e multiplicamos a personagem independentemente do corpo, da idade ou do g\u00e9nero.<\/p><p>Qual a linha que separa a quietude da inquietude? Uma companhia de teatro amador que aceita o desafio de construir um espet\u00e1culo que coloca todos os envolvidos fora da zona de conforto \u00e9 algo inspirador. Este espet\u00e1culo carrega a for\u00e7a e a subtileza da coragem de arriscar, de descobrir novos limites de uma identidade art\u00edstica e de, em coletivo, \u2018criar\u2019. Mesmo com o medo do desconhecido. Aceitamos o medo e avan\u00e7amos.<\/p><p>Fizemos muitas perguntas, procuramos respostas e continuamos a perguntar.<\/p><p><em>S\u00f3nia S. Barbosa<\/em><\/p><\/div>\n\t\t\t\t<\/div>\n\t\t\t\t<\/div>\n\t\t\t\t\t\t<\/div>\n\t\t\t\t\t<\/div>\n\t\t<\/div>\n\t\t\t\t<div class=\"elementor-column elementor-col-50 elementor-top-column elementor-element elementor-element-24ccc52\" data-id=\"24ccc52\" data-element_type=\"column\" data-settings=\"{&quot;background_background&quot;:&quot;classic&quot;}\">\n\t\t\t<div class=\"elementor-column-wrap elementor-element-populated\">\n\t\t\t\t\t<div class=\"elementor-background-overlay\"><\/div>\n\t\t\t\t\t\t\t<div class=\"elementor-widget-wrap\">\n\t\t\t\t\t\t<div class=\"elementor-element elementor-element-00ea588 elementor-widget elementor-widget-image\" data-id=\"00ea588\" data-element_type=\"widget\" data-widget_type=\"image.default\">\n\t\t\t\t<div class=\"elementor-widget-container\">\n\t\t\t\t\t<div class=\"elementor-image\">\n\t\t\t\t\t\t\t\t\t\t<img width=\"724\" height=\"1024\" src=\"http:\/\/thsc.pt\/wp-content\/uploads\/2025\/02\/Cartaz-Onde-esta-a-justica_final-724x1024.png\" class=\"attachment-large size-large\" alt=\"\" decoding=\"async\" loading=\"lazy\" srcset=\"http:\/\/thsc.pt\/wp-content\/uploads\/2025\/02\/Cartaz-Onde-esta-a-justica_final-724x1024.png 724w, http:\/\/thsc.pt\/wp-content\/uploads\/2025\/02\/Cartaz-Onde-esta-a-justica_final-212x300.png 212w, http:\/\/thsc.pt\/wp-content\/uploads\/2025\/02\/Cartaz-Onde-esta-a-justica_final-768x1086.png 768w, http:\/\/thsc.pt\/wp-content\/uploads\/2025\/02\/Cartaz-Onde-esta-a-justica_final-1086x1536.png 1086w, http:\/\/thsc.pt\/wp-content\/uploads\/2025\/02\/Cartaz-Onde-esta-a-justica_final-1448x2048.png 1448w, http:\/\/thsc.pt\/wp-content\/uploads\/2025\/02\/Cartaz-Onde-esta-a-justica_final.png 1587w\" sizes=\"(max-width: 724px) 100vw, 724px\" \/>\t\t\t\t\t\t\t\t\t\t\t<\/div>\n\t\t\t\t<\/div>\n\t\t\t\t<\/div>\n\t\t\t\t\t\t<\/div>\n\t\t\t\t\t<\/div>\n\t\t<\/div>\n\t\t\t\t\t\t\t\t<\/div>\n\t\t\t\t\t<\/div>\n\t\t<\/section>\n\t\t\t\t<section class=\"elementor-section elementor-top-section elementor-element elementor-element-70a75292 elementor-section-boxed elementor-section-height-default elementor-section-height-default\" data-id=\"70a75292\" data-element_type=\"section\" data-settings=\"{&quot;background_background&quot;:&quot;classic&quot;}\">\n\t\t\t\t\t\t<div class=\"elementor-container elementor-column-gap-default\">\n\t\t\t\t\t\t\t<div class=\"elementor-row\">\n\t\t\t\t\t\t\t\t\t<\/div>\n\t\t\t\t\t<\/div>\n\t\t<\/section>\n\t\t\t\t<section class=\"elementor-section elementor-top-section elementor-element elementor-element-5e37d1a8 elementor-section-full_width elementor-section-height-min-height elementor-section-height-default elementor-section-items-middle\" data-id=\"5e37d1a8\" data-element_type=\"section\" data-settings=\"{&quot;background_background&quot;:&quot;classic&quot;}\">\n\t\t\t\t\t\t<div class=\"elementor-container elementor-column-gap-no\">\n\t\t\t\t\t\t\t<div class=\"elementor-row\">\n\t\t\t\t\t<div class=\"elementor-column elementor-col-50 elementor-top-column elementor-element elementor-element-7ac39bf1\" data-id=\"7ac39bf1\" data-element_type=\"column\">\n\t\t\t<div class=\"elementor-column-wrap elementor-element-populated\">\n\t\t\t\t\t\t\t<div class=\"elementor-widget-wrap\">\n\t\t\t\t\t\t<div class=\"elementor-element elementor-element-12743be2 elementor-widget elementor-widget-text-editor\" data-id=\"12743be2\" data-element_type=\"widget\" data-widget_type=\"text-editor.default\">\n\t\t\t\t<div class=\"elementor-widget-container\">\n\t\t\t\t\t<div class=\"elementor-text-editor elementor-clearfix\"><blockquote><p class=\"p1\"><span style=\"color: #333333;\"><strong>Equipa Criativa e Art\u00edstica<\/strong><\/span><\/p><\/blockquote><p class=\"p1\" style=\"padding-left: 40px;\"><span style=\"color: #333333;\"><strong>Encena\u00e7\u00e3o<\/strong><\/span><br \/><span style=\"color: #333333;\">S\u00f3nia S. Barbosa<\/span><\/p><p class=\"p1\" style=\"padding-left: 40px;\"><span style=\"color: #333333;\"><strong>Coletivo<br \/><\/strong>Ana Leit\u00e3o, Ant\u00f3nio David Ferreira, Ant\u00f3nio Peixoto, Cristina Almeida, Eduardo Brand\u00e3o, Gabriela Lan\u00e7a, Irene Magalh\u00e3es, Joaquim Moreira, Nelson Leit\u00e3o, Raphaela Amici, S\u00f3nia S. Barbosa e Tiago Gomes<\/span><\/p><p class=\"p1\" style=\"padding-left: 40px;\"><span style=\"color: #333333;\"><strong>Interpreta\u00e7\u00e3o<\/strong><\/span><br \/><span style=\"color: #000000;\">Ana Leit\u00e3o, Ant\u00f3nio David Ferreira, Ant\u00f3nio Peixoto, Cristina Almeida, Gabriela Lan\u00e7a, Irene Magalh\u00e3es, Joaquim Moreira, Nelson Leit\u00e3o, Raphaela Amici e Tiago Gomes<\/span><\/p><p class=\"p1\" style=\"padding-left: 40px;\"><span style=\"color: #333333;\"><strong>Cenografia<\/strong><\/span><br \/><span style=\"color: #333333;\">Coletivo<\/span><\/p><\/div>\n\t\t\t\t<\/div>\n\t\t\t\t<\/div>\n\t\t\t\t\t\t<\/div>\n\t\t\t\t\t<\/div>\n\t\t<\/div>\n\t\t\t\t<div class=\"elementor-column elementor-col-50 elementor-top-column elementor-element elementor-element-6443b590\" data-id=\"6443b590\" data-element_type=\"column\">\n\t\t\t<div class=\"elementor-column-wrap elementor-element-populated\">\n\t\t\t\t\t\t\t<div class=\"elementor-widget-wrap\">\n\t\t\t\t\t\t<div class=\"elementor-element elementor-element-2c8e4b25 elementor-widget elementor-widget-text-editor\" data-id=\"2c8e4b25\" data-element_type=\"widget\" data-widget_type=\"text-editor.default\">\n\t\t\t\t<div class=\"elementor-widget-container\">\n\t\t\t\t\t<div class=\"elementor-text-editor elementor-clearfix\"><p class=\"p1\"><span style=\"color: #333333;\"><strong>Luz<br \/><\/strong><\/span><span style=\"color: #333333;\">Eduardo Brand\u00e3o<br \/>S\u00f3nia S. Barbosa<\/span><\/p><p class=\"p1\"><span style=\"color: #333333;\"><strong>Som<\/strong><\/span><br \/><span style=\"color: #333333;\">S\u00f3nia S. Barbosa<\/span><\/p><p class=\"p1\"><span style=\"color: #333333;\"><strong>Agradecimentos<br \/><\/strong><\/span><span style=\"color: #000000;\">Claire Binyon<br \/><\/span><span style=\"color: #000000;\">Cl\u00e1udia Marisa Oliveira<br \/><\/span><span style=\"color: #000000;\">Companhia de Teatro La Maria<br \/><\/span><span style=\"color: #000000;\">ESMAE-Escola Superior de M\u00fasica e Artes do Espet\u00e1culo<br \/><\/span><span style=\"color: #000000;\">H\u00e9lder Maia<br \/><\/span><span style=\"color: #000000;\">Jo\u00e3o Leit\u00e3o<br \/><\/span><span style=\"color: #000000;\">Jorge Salgado Correia<br \/><\/span><span style=\"color: #000000;\">Lu\u00eds Grifu<br \/><\/span><span style=\"color: #000000;\">M\u00f3nica Melo<br \/><\/span><span style=\"color: #000000;\">Margarida Garcia<br \/><\/span><span style=\"color: #000000;\">P\u00e9 de Vento<br \/><\/span><span style=\"color: #000000;\">Pedro Fiuza<br \/><\/span><span style=\"color: #000000;\">Poliksena Hardalova<br \/><\/span><span style=\"color: #000000;\">Rui Pinto Leite<br \/><\/span><span style=\"color: #000000;\">Teatro Municipal do Porto (Ana Cristina Vicente, Rute Pimenta)<br \/><\/span><span style=\"color: #000000;\">TEP<br \/><\/span><span style=\"color: #000000;\">TUP<br \/><\/span><span style=\"color: #000000;\">\u00c0s fam\u00edlias de todos os elementos do CTR<\/span><\/p><\/div>\n\t\t\t\t<\/div>\n\t\t\t\t<\/div>\n\t\t\t\t\t\t<\/div>\n\t\t\t\t\t<\/div>\n\t\t<\/div>\n\t\t\t\t\t\t\t\t<\/div>\n\t\t\t\t\t<\/div>\n\t\t<\/section>\n\t\t\t\t<section class=\"elementor-section elementor-top-section elementor-element elementor-element-76b47f03 elementor-section-full_width elementor-section-stretched elementor-section-height-default elementor-section-height-default\" data-id=\"76b47f03\" data-element_type=\"section\" data-settings=\"{&quot;stretch_section&quot;:&quot;section-stretched&quot;,&quot;background_background&quot;:&quot;classic&quot;}\">\n\t\t\t\t\t\t<div class=\"elementor-container elementor-column-gap-default\">\n\t\t\t\t\t\t\t<div class=\"elementor-row\">\n\t\t\t\t\t<div class=\"elementor-column elementor-col-100 elementor-top-column elementor-element elementor-element-34cce546\" data-id=\"34cce546\" data-element_type=\"column\">\n\t\t\t<div class=\"elementor-column-wrap elementor-element-populated\">\n\t\t\t\t\t\t\t<div class=\"elementor-widget-wrap\">\n\t\t\t\t\t\t<div class=\"elementor-element elementor-element-e712d85 elementor-widget elementor-widget-gallery\" data-id=\"e712d85\" data-element_type=\"widget\" data-settings=\"{&quot;gallery_layout&quot;:&quot;masonry&quot;,&quot;columns&quot;:2,&quot;columns_tablet&quot;:3,&quot;columns_mobile&quot;:2,&quot;lazyload&quot;:&quot;yes&quot;,&quot;gap&quot;:{&quot;unit&quot;:&quot;px&quot;,&quot;size&quot;:10,&quot;sizes&quot;:[]},&quot;gap_tablet&quot;:{&quot;unit&quot;:&quot;px&quot;,&quot;size&quot;:10,&quot;sizes&quot;:[]},&quot;gap_mobile&quot;:{&quot;unit&quot;:&quot;px&quot;,&quot;size&quot;:10,&quot;sizes&quot;:[]},&quot;overlay_background&quot;:&quot;yes&quot;,&quot;content_hover_animation&quot;:&quot;fade-in&quot;}\" data-widget_type=\"gallery.default\">\n\t\t\t\t<div class=\"elementor-widget-container\">\n\t\t\t\t\t<div class=\"elementor-gallery__container\">\n\t\t\t\t\t\t\t<div class=\"e-gallery-item elementor-gallery-item elementor-animated-content\">\n\t\t\t\t\t<div class=\"e-gallery-image elementor-gallery-item__image\" data-thumbnail=\"http:\/\/thsc.pt\/wp-content\/uploads\/2020\/08\/thsc_2-768x432-1.jpg\" data-width=\"768\" data-height=\"432\" alt=\"\" ><\/div>\n\t\t\t\t\t\t\t\t\t\t<div class=\"elementor-gallery-item__overlay\"><\/div>\n\t\t\t\t\t\t\t\t\t\t\t\t\t\t<\/div>\n\t\t\t\t\t\t\t<div class=\"e-gallery-item elementor-gallery-item elementor-animated-content\">\n\t\t\t\t\t<div class=\"e-gallery-image elementor-gallery-item__image\" data-thumbnail=\"http:\/\/thsc.pt\/wp-content\/uploads\/2020\/08\/thsc1-1024x576.jpg\" data-width=\"1024\" data-height=\"576\" alt=\"\" ><\/div>\n\t\t\t\t\t\t\t\t\t\t<div class=\"elementor-gallery-item__overlay\"><\/div>\n\t\t\t\t\t\t\t\t\t\t\t\t\t\t<\/div>\n\t\t\t\t\t<\/div>\n\t\t\t<\/div>\n\t\t\t\t<\/div>\n\t\t\t\t\t\t<\/div>\n\t\t\t\t\t<\/div>\n\t\t<\/div>\n\t\t\t\t\t\t\t\t<\/div>\n\t\t\t\t\t<\/div>\n\t\t<\/section>\n\t\t\t\t\t\t<\/div>\n\t\t\t\t\t\t<\/div>\n\t\t\t\t\t<\/div>\n\t\t","protected":false},"excerpt":{"rendered":"<p>ONDE EST\u00c1 A JUSTI\u00c7A? 28 de fevereiro de 2025 21h00 ENTRADA GRATUITA (AT\u00c9 AO LIMITE DA LOTA\u00c7\u00c3O DA SALA) | [&hellip;]<\/p>\n","protected":false},"author":3,"featured_media":5528,"parent":0,"menu_order":0,"comment_status":"closed","ping_status":"closed","template":"","meta":[],"_links":{"self":[{"href":"http:\/\/thsc.pt\/index.php?rest_route=\/wp\/v2\/pages\/5527"}],"collection":[{"href":"http:\/\/thsc.pt\/index.php?rest_route=\/wp\/v2\/pages"}],"about":[{"href":"http:\/\/thsc.pt\/index.php?rest_route=\/wp\/v2\/types\/page"}],"author":[{"embeddable":true,"href":"http:\/\/thsc.pt\/index.php?rest_route=\/wp\/v2\/users\/3"}],"replies":[{"embeddable":true,"href":"http:\/\/thsc.pt\/index.php?rest_route=%2Fwp%2Fv2%2Fcomments&post=5527"}],"version-history":[{"count":3,"href":"http:\/\/thsc.pt\/index.php?rest_route=\/wp\/v2\/pages\/5527\/revisions"}],"predecessor-version":[{"id":5533,"href":"http:\/\/thsc.pt\/index.php?rest_route=\/wp\/v2\/pages\/5527\/revisions\/5533"}],"wp:featuredmedia":[{"embeddable":true,"href":"http:\/\/thsc.pt\/index.php?rest_route=\/wp\/v2\/media\/5528"}],"wp:attachment":[{"href":"http:\/\/thsc.pt\/index.php?rest_route=%2Fwp%2Fv2%2Fmedia&parent=5527"}],"curies":[{"name":"wp","href":"https:\/\/api.w.org\/{rel}","templated":true}]}}