{"id":5474,"date":"2025-01-28T15:13:04","date_gmt":"2025-01-28T14:13:04","guid":{"rendered":"http:\/\/thsc.pt\/?page_id=5474"},"modified":"2025-02-19T18:14:01","modified_gmt":"2025-02-19T17:14:01","slug":"quem-cuida-do-jardim","status":"publish","type":"page","link":"http:\/\/thsc.pt\/?page_id=5474","title":{"rendered":"Quem cuida do jardim"},"content":{"rendered":"\t\t<div data-elementor-type=\"wp-page\" data-elementor-id=\"5474\" class=\"elementor elementor-5474\" data-elementor-settings=\"[]\">\n\t\t\t\t\t\t<div class=\"elementor-inner\">\n\t\t\t\t\t\t\t<div class=\"elementor-section-wrap\">\n\t\t\t\t\t\t\t<section class=\"elementor-section elementor-top-section elementor-element elementor-element-26b29a2c elementor-section-height-min-height elementor-section-boxed elementor-section-height-default elementor-section-items-middle\" data-id=\"26b29a2c\" data-element_type=\"section\" data-settings=\"{&quot;background_background&quot;:&quot;classic&quot;}\">\n\t\t\t\t\t\t\t<div class=\"elementor-background-overlay\"><\/div>\n\t\t\t\t\t\t\t<div class=\"elementor-container elementor-column-gap-default\">\n\t\t\t\t\t\t\t<div class=\"elementor-row\">\n\t\t\t\t\t<div class=\"elementor-column elementor-col-100 elementor-top-column elementor-element elementor-element-60274d5f\" data-id=\"60274d5f\" data-element_type=\"column\">\n\t\t\t<div class=\"elementor-column-wrap elementor-element-populated\">\n\t\t\t\t\t\t\t<div class=\"elementor-widget-wrap\">\n\t\t\t\t\t\t<div class=\"elementor-element elementor-element-10e39ab elementor-widget elementor-widget-spacer\" data-id=\"10e39ab\" data-element_type=\"widget\" data-widget_type=\"spacer.default\">\n\t\t\t\t<div class=\"elementor-widget-container\">\n\t\t\t\t\t<div class=\"elementor-spacer\">\n\t\t\t<div class=\"elementor-spacer-inner\"><\/div>\n\t\t<\/div>\n\t\t\t\t<\/div>\n\t\t\t\t<\/div>\n\t\t\t\t<div class=\"elementor-element elementor-element-25abd3f1 elementor-widget elementor-widget-heading\" data-id=\"25abd3f1\" data-element_type=\"widget\" data-widget_type=\"heading.default\">\n\t\t\t\t<div class=\"elementor-widget-container\">\n\t\t\t<h1 class=\"elementor-heading-title elementor-size-large\">QUEM CUIDA DO JARDIM<\/h1>\t\t<\/div>\n\t\t\t\t<\/div>\n\t\t\t\t<div class=\"elementor-element elementor-element-3d4858c9 elementor-widget elementor-widget-text-editor\" data-id=\"3d4858c9\" data-element_type=\"widget\" data-widget_type=\"text-editor.default\">\n\t\t\t\t<div class=\"elementor-widget-container\">\n\t\t\t\t\t<div class=\"elementor-text-editor elementor-clearfix\"><h2><strong><span style=\"color: #ffffff;\">8 e 9 de mar\u00e7o de 2025<\/span><\/strong><\/h2><p><strong><span style=\"color: #ffffff;\">S\u00e1bado \u2013 21h00<\/span><\/strong><br \/><strong><span style=\"color: #ffffff;\">Domingo \u2013 16h00<\/span><\/strong><\/p><\/div>\n\t\t\t\t<\/div>\n\t\t\t\t<\/div>\n\t\t\t\t<section class=\"elementor-section elementor-inner-section elementor-element elementor-element-4f72f476 elementor-section-content-middle elementor-section-boxed elementor-section-height-default elementor-section-height-default\" data-id=\"4f72f476\" data-element_type=\"section\">\n\t\t\t\t\t\t<div class=\"elementor-container elementor-column-gap-extended\">\n\t\t\t\t\t\t\t<div class=\"elementor-row\">\n\t\t\t\t\t<div class=\"elementor-column elementor-col-100 elementor-inner-column elementor-element elementor-element-61594c3d\" data-id=\"61594c3d\" data-element_type=\"column\">\n\t\t\t<div class=\"elementor-column-wrap elementor-element-populated\">\n\t\t\t\t\t\t\t<div class=\"elementor-widget-wrap\">\n\t\t\t\t\t\t<div class=\"elementor-element elementor-element-734e14f elementor-widget elementor-widget-text-editor\" data-id=\"734e14f\" data-element_type=\"widget\" data-widget_type=\"text-editor.default\">\n\t\t\t\t<div class=\"elementor-widget-container\">\n\t\t\t\t\t<div class=\"elementor-text-editor elementor-clearfix\"><h5><b><span style=\"font-family: var( --e-global-typography-text-font-family );\"><span style=\"color: #ffffff;\">M\/12 |\u00a0 BILHETES : 7,00 a 10,00 EUROS<\/span>\u00a0<\/span><\/b><\/h5><\/div>\n\t\t\t\t<\/div>\n\t\t\t\t<\/div>\n\t\t\t\t\t\t<\/div>\n\t\t\t\t\t<\/div>\n\t\t<\/div>\n\t\t\t\t\t\t\t\t<\/div>\n\t\t\t\t\t<\/div>\n\t\t<\/section>\n\t\t\t\t\t\t<\/div>\n\t\t\t\t\t<\/div>\n\t\t<\/div>\n\t\t\t\t\t\t\t\t<\/div>\n\t\t\t\t\t<\/div>\n\t\t<\/section>\n\t\t\t\t<section class=\"elementor-section elementor-top-section elementor-element elementor-element-2dda676e elementor-section-boxed elementor-section-height-default elementor-section-height-default\" data-id=\"2dda676e\" data-element_type=\"section\" data-settings=\"{&quot;background_background&quot;:&quot;classic&quot;}\">\n\t\t\t\t\t\t<div class=\"elementor-container elementor-column-gap-default\">\n\t\t\t\t\t\t\t<div class=\"elementor-row\">\n\t\t\t\t\t<div class=\"elementor-column elementor-col-50 elementor-top-column elementor-element elementor-element-55777fa7\" data-id=\"55777fa7\" data-element_type=\"column\">\n\t\t\t<div class=\"elementor-column-wrap elementor-element-populated\">\n\t\t\t\t\t\t\t<div class=\"elementor-widget-wrap\">\n\t\t\t\t\t\t<div class=\"elementor-element elementor-element-5e3ae0cd elementor-widget elementor-widget-spacer\" data-id=\"5e3ae0cd\" data-element_type=\"widget\" data-widget_type=\"spacer.default\">\n\t\t\t\t<div class=\"elementor-widget-container\">\n\t\t\t\t\t<div class=\"elementor-spacer\">\n\t\t\t<div class=\"elementor-spacer-inner\"><\/div>\n\t\t<\/div>\n\t\t\t\t<\/div>\n\t\t\t\t<\/div>\n\t\t\t\t<div class=\"elementor-element elementor-element-5cf3f772 elementor-widget elementor-widget-text-editor\" data-id=\"5cf3f772\" data-element_type=\"widget\" data-widget_type=\"text-editor.default\">\n\t\t\t\t<div class=\"elementor-widget-container\">\n\t\t\t\t\t<div class=\"elementor-text-editor elementor-clearfix\"><p>Quando a humanidade entrou em extin\u00e7\u00e3o, estava em curso um projecto laboratorial de cria\u00e7\u00e3o de uma nova esp\u00e9cie de ser humano, destinada a repovoar a terra e desenhada geneticamente sob uma \u00e9tica do cuidado. Quatro sobreviventes, entre os quais um exemplar desta nova esp\u00e9cie, tentam agora \u00abreparar\u00bb o mundo de forma a viverem o melhor poss\u00edvel. Ou sonham com isso.<\/p><p>Em 2008, Cristina Carvalhal dirigiu C\u00e2ndido ou o Optimismo, uma adapta\u00e7\u00e3o da obra de Voltaire, que no final nos deixa uma enigm\u00e1tica sugest\u00e3o: \u00abdevemos cuidar do nosso jardim\u00bb. \u00c9 desse enigma que surge este espect\u00e1culo. A partir de uma pesquisa sobre o percurso das sociedades pr\u00e9-hist\u00f3ricas at\u00e9 \u00e0 atualidade, com especial enfoque na Europa, procuramos reflectir sobre alguns dogmas que enformam o nosso pensamento quando nos questionamos sobre a forma como vivemos. Dito de outra forma, como impedir a destrui\u00e7\u00e3o de pessoas, ecossistemas e saberes, imposta por modelos organizacionais que insistimos em perpetuar?<\/p><\/div>\n\t\t\t\t<\/div>\n\t\t\t\t<\/div>\n\t\t\t\t\t\t<\/div>\n\t\t\t\t\t<\/div>\n\t\t<\/div>\n\t\t\t\t<div class=\"elementor-column elementor-col-50 elementor-top-column elementor-element elementor-element-604e1933\" data-id=\"604e1933\" data-element_type=\"column\" data-settings=\"{&quot;background_background&quot;:&quot;classic&quot;}\">\n\t\t\t<div class=\"elementor-column-wrap elementor-element-populated\">\n\t\t\t\t\t<div class=\"elementor-background-overlay\"><\/div>\n\t\t\t\t\t\t\t<div class=\"elementor-widget-wrap\">\n\t\t\t\t\t\t<div class=\"elementor-element elementor-element-35dca96 elementor-widget elementor-widget-image\" data-id=\"35dca96\" data-element_type=\"widget\" data-widget_type=\"image.default\">\n\t\t\t\t<div class=\"elementor-widget-container\">\n\t\t\t\t\t<div class=\"elementor-image\">\n\t\t\t\t\t\t\t\t\t\t<img width=\"724\" height=\"1024\" src=\"http:\/\/thsc.pt\/wp-content\/uploads\/2025\/02\/Cartaz-1-724x1024.jpg\" class=\"attachment-large size-large\" alt=\"\" decoding=\"async\" loading=\"lazy\" srcset=\"http:\/\/thsc.pt\/wp-content\/uploads\/2025\/02\/Cartaz-1-724x1024.jpg 724w, http:\/\/thsc.pt\/wp-content\/uploads\/2025\/02\/Cartaz-1-212x300.jpg 212w, http:\/\/thsc.pt\/wp-content\/uploads\/2025\/02\/Cartaz-1-768x1086.jpg 768w, http:\/\/thsc.pt\/wp-content\/uploads\/2025\/02\/Cartaz-1-1087x1536.jpg 1087w, http:\/\/thsc.pt\/wp-content\/uploads\/2025\/02\/Cartaz-1-1449x2048.jpg 1449w, http:\/\/thsc.pt\/wp-content\/uploads\/2025\/02\/Cartaz-1.jpg 1755w\" sizes=\"(max-width: 724px) 100vw, 724px\" \/>\t\t\t\t\t\t\t\t\t\t\t<\/div>\n\t\t\t\t<\/div>\n\t\t\t\t<\/div>\n\t\t\t\t<div class=\"elementor-element elementor-element-bac7a0b elementor-align-center elementor-widget elementor-widget-button\" data-id=\"bac7a0b\" data-element_type=\"widget\" data-widget_type=\"button.default\">\n\t\t\t\t<div class=\"elementor-widget-container\">\n\t\t\t\t\t<div class=\"elementor-button-wrapper\">\n\t\t\t<a href=\"https:\/\/www.bol.pt\/Comprar\/Bilhetes\/152927-quem_cuida_do_jardim_de_cristina_carvalhal-teatro_helena_sa_e_costa\/\" target=\"_blank\" class=\"elementor-button-link elementor-button elementor-size-sm\" role=\"button\">\n\t\t\t\t\t\t<span class=\"elementor-button-content-wrapper\">\n\t\t\t\t\t\t<span class=\"elementor-button-text\">BILHETES<\/span>\n\t\t<\/span>\n\t\t\t\t\t<\/a>\n\t\t<\/div>\n\t\t\t\t<\/div>\n\t\t\t\t<\/div>\n\t\t\t\t\t\t<\/div>\n\t\t\t\t\t<\/div>\n\t\t<\/div>\n\t\t\t\t\t\t\t\t<\/div>\n\t\t\t\t\t<\/div>\n\t\t<\/section>\n\t\t\t\t<section class=\"elementor-section elementor-top-section elementor-element elementor-element-2e67f11a elementor-section-boxed elementor-section-height-default elementor-section-height-default\" data-id=\"2e67f11a\" data-element_type=\"section\" data-settings=\"{&quot;background_background&quot;:&quot;classic&quot;}\">\n\t\t\t\t\t\t<div class=\"elementor-container elementor-column-gap-default\">\n\t\t\t\t\t\t\t<div class=\"elementor-row\">\n\t\t\t\t\t\t\t\t\t<\/div>\n\t\t\t\t\t<\/div>\n\t\t<\/section>\n\t\t\t\t<section class=\"elementor-section elementor-top-section elementor-element elementor-element-3c8ba1ee elementor-section-full_width elementor-section-height-min-height elementor-section-height-default elementor-section-items-middle\" data-id=\"3c8ba1ee\" data-element_type=\"section\" data-settings=\"{&quot;background_background&quot;:&quot;classic&quot;}\">\n\t\t\t\t\t\t<div class=\"elementor-container elementor-column-gap-no\">\n\t\t\t\t\t\t\t<div class=\"elementor-row\">\n\t\t\t\t\t<div class=\"elementor-column elementor-col-50 elementor-top-column elementor-element elementor-element-ae89bf1\" data-id=\"ae89bf1\" data-element_type=\"column\">\n\t\t\t<div class=\"elementor-column-wrap elementor-element-populated\">\n\t\t\t\t\t\t\t<div class=\"elementor-widget-wrap\">\n\t\t\t\t\t\t<div class=\"elementor-element elementor-element-49aee4b9 elementor-widget elementor-widget-text-editor\" data-id=\"49aee4b9\" data-element_type=\"widget\" data-widget_type=\"text-editor.default\">\n\t\t\t\t<div class=\"elementor-widget-container\">\n\t\t\t\t\t<div class=\"elementor-text-editor elementor-clearfix\"><blockquote><p class=\"p1\"><span style=\"color: #333333;\"><strong>Equipa Criativa e Art\u00edstica<\/strong><\/span><\/p><\/blockquote><p class=\"p1\" style=\"padding-left: 40px;\"><span style=\"color: #333333;\"><strong>Cria\u00e7\u00e3o<\/strong><\/span><br \/><span style=\"color: #333333;\">Cristina Carvalhal<\/span><\/p><p class=\"p1\" style=\"padding-left: 40px;\"><span style=\"color: #333333;\"><strong>Interpreta\u00e7\u00e3o<\/strong><\/span><br \/><span style=\"color: #333333;\">Alice Azevedo<br \/>Bruno Huca<br \/>Carla Bolito<br \/>Diogo Freitas<\/span><\/p><p class=\"p1\" style=\"padding-left: 40px;\"><span style=\"color: #333333;\"><strong>Assist\u00eancia de Dire\u00e7\u00e3o<\/strong><\/span><br \/><span style=\"color: #333333;\">Nuno Pinheiro<br \/><br \/><strong>Espa\u00e7o C\u00e9nico e Figurinos<br \/><\/strong>Nuno Carinhas<br \/><br \/><strong>Desenho de Luz<\/strong><br \/>Pedro Abreu<\/span><\/p><p class=\"p1\" style=\"padding-left: 40px;\">\u00a0<\/p><\/div>\n\t\t\t\t<\/div>\n\t\t\t\t<\/div>\n\t\t\t\t\t\t<\/div>\n\t\t\t\t\t<\/div>\n\t\t<\/div>\n\t\t\t\t<div class=\"elementor-column elementor-col-50 elementor-top-column elementor-element elementor-element-4eddd599\" data-id=\"4eddd599\" data-element_type=\"column\">\n\t\t\t<div class=\"elementor-column-wrap elementor-element-populated\">\n\t\t\t\t\t\t\t<div class=\"elementor-widget-wrap\">\n\t\t\t\t\t\t<div class=\"elementor-element elementor-element-4eb99009 elementor-widget elementor-widget-text-editor\" data-id=\"4eb99009\" data-element_type=\"widget\" data-widget_type=\"text-editor.default\">\n\t\t\t\t<div class=\"elementor-widget-container\">\n\t\t\t\t\t<div class=\"elementor-text-editor elementor-clearfix\"><p class=\"p1\"><span style=\"color: #000000;\"><strong>Sonoplastia e M\u00fasica Original<\/strong><\/span><br \/><span style=\"color: #000000;\">S\u00e9rgio Delgado<\/span><\/p><p class=\"p1\"><span style=\"color: #000000;\"><strong>Aderecista Mapa<\/strong><\/span><br \/><span style=\"color: #000000;\">Constan\u00e7a Rosado<\/span><\/p><p class=\"p1\"><span style=\"color: #000000;\"><strong>Consultoria Art\u00edstica<\/strong><\/span><br \/><span style=\"color: #000000;\">David dos Santos<\/span><\/p><p class=\"p1\"><span style=\"color: #000000;\"><strong>Fotografia Cartaz<\/strong><\/span><br \/><span style=\"color: #000000;\">Estelle Valente<br \/><\/span><\/p><p><span style=\"color: #000000;\"><strong>Fotografia de Cena<\/strong><\/span><br \/><span style=\"color: #000000;\">Jos\u00e9 Caldeira<\/span><\/p><p><span style=\"color: #000000;\"><strong>Trailer<\/strong><\/span><br \/><span style=\"color: #000000;\">Tom\u00e1s Monteiro<\/span><\/p><p><strong><span style=\"color: #000000;\">Folha de Sala<\/span><\/strong><br \/><span style=\"color: #000000;\">Cristina Rold\u00e3o<\/span><\/p><p><strong><span style=\"color: #000000;\">Produ\u00e7\u00e3o Executiva<\/span><\/strong><br \/><span style=\"color: #000000;\">Beatriz Cuba<\/span><\/p><p><strong><span style=\"color: #000000;\">Co-produ\u00e7\u00e3o<\/span><\/strong><br \/><span style=\"color: #000000;\">Causa Comuns &#8211; Artistas Indepententes<\/span><br \/><span style=\"color: #000000;\">Casa das Artes de Famalic\u00e3o<\/span><br \/><span style=\"color: #000000;\">Cineteatro Louletano<\/span><\/p><p><strong><span style=\"color: #000000;\">Apoio<\/span><\/strong><br \/><span style=\"color: #000000;\">P\u00f3lo Cultural das Gaivotas<\/span><br \/><span style=\"color: #000000;\">C\u00e2mara Municipal de Lisboa<\/span><\/p><p><strong><span style=\"color: #000000;\">Agradecimentos<\/span><\/strong><br \/><span style=\"color: #000000;\">Aida Carvalhal<\/span><\/p><p><span style=\"color: #000000;\"><em>A Causas Comuns e\u0301 uma estrutura financiada pelo Governo de Portugal \u2013 Minist\u00e9rio da Cultura \/ Direc\u00e7\u00e3o Geral das Artes e \u00e9 membro da Performart \u2013 Associa\u00e7\u00e3o para as Artes Performativas em Portugal.<\/em><\/span><\/p><p><span style=\"color: #000000;\"><em>A Momento &#8211; Artistas Independentes e\u0301 uma estrutura financiada pelo Munic\u00edpio de Vila Nova de Famalic\u00e3o. <\/em><\/span><\/p><\/div>\n\t\t\t\t<\/div>\n\t\t\t\t<\/div>\n\t\t\t\t\t\t<\/div>\n\t\t\t\t\t<\/div>\n\t\t<\/div>\n\t\t\t\t\t\t\t\t<\/div>\n\t\t\t\t\t<\/div>\n\t\t<\/section>\n\t\t\t\t<section class=\"elementor-section elementor-top-section elementor-element elementor-element-11485f22 elementor-section-full_width elementor-section-stretched elementor-section-height-default elementor-section-height-default\" data-id=\"11485f22\" data-element_type=\"section\" data-settings=\"{&quot;stretch_section&quot;:&quot;section-stretched&quot;,&quot;background_background&quot;:&quot;classic&quot;}\">\n\t\t\t\t\t\t<div class=\"elementor-container elementor-column-gap-default\">\n\t\t\t\t\t\t\t<div class=\"elementor-row\">\n\t\t\t\t\t<div class=\"elementor-column elementor-col-100 elementor-top-column elementor-element elementor-element-10058ed0\" data-id=\"10058ed0\" data-element_type=\"column\">\n\t\t\t<div class=\"elementor-column-wrap elementor-element-populated\">\n\t\t\t\t\t\t\t<div class=\"elementor-widget-wrap\">\n\t\t\t\t\t\t<div class=\"elementor-element elementor-element-7733ae05 elementor-widget elementor-widget-gallery\" data-id=\"7733ae05\" data-element_type=\"widget\" data-settings=\"{&quot;gallery_layout&quot;:&quot;masonry&quot;,&quot;columns&quot;:2,&quot;columns_tablet&quot;:3,&quot;columns_mobile&quot;:2,&quot;lazyload&quot;:&quot;yes&quot;,&quot;gap&quot;:{&quot;unit&quot;:&quot;px&quot;,&quot;size&quot;:10,&quot;sizes&quot;:[]},&quot;gap_tablet&quot;:{&quot;unit&quot;:&quot;px&quot;,&quot;size&quot;:10,&quot;sizes&quot;:[]},&quot;gap_mobile&quot;:{&quot;unit&quot;:&quot;px&quot;,&quot;size&quot;:10,&quot;sizes&quot;:[]},&quot;overlay_background&quot;:&quot;yes&quot;,&quot;content_hover_animation&quot;:&quot;fade-in&quot;}\" data-widget_type=\"gallery.default\">\n\t\t\t\t<div class=\"elementor-widget-container\">\n\t\t\t\t\t<div class=\"elementor-gallery__container\">\n\t\t\t\t\t\t\t<div class=\"e-gallery-item elementor-gallery-item elementor-animated-content\">\n\t\t\t\t\t<div class=\"e-gallery-image elementor-gallery-item__image\" data-thumbnail=\"http:\/\/thsc.pt\/wp-content\/uploads\/2025\/01\/foto4-1024x683.jpg\" data-width=\"1024\" data-height=\"683\" alt=\"\" ><\/div>\n\t\t\t\t\t\t\t\t\t\t<div class=\"elementor-gallery-item__overlay\"><\/div>\n\t\t\t\t\t\t\t\t\t\t\t\t\t\t<\/div>\n\t\t\t\t\t\t\t<div class=\"e-gallery-item elementor-gallery-item elementor-animated-content\">\n\t\t\t\t\t<div class=\"e-gallery-image elementor-gallery-item__image\" data-thumbnail=\"http:\/\/thsc.pt\/wp-content\/uploads\/2025\/01\/foto2-1024x683.jpg\" data-width=\"1024\" data-height=\"683\" alt=\"\" ><\/div>\n\t\t\t\t\t\t\t\t\t\t<div class=\"elementor-gallery-item__overlay\"><\/div>\n\t\t\t\t\t\t\t\t\t\t\t\t\t\t<\/div>\n\t\t\t\t\t\t\t<div class=\"e-gallery-item elementor-gallery-item elementor-animated-content\">\n\t\t\t\t\t<div class=\"e-gallery-image elementor-gallery-item__image\" data-thumbnail=\"http:\/\/thsc.pt\/wp-content\/uploads\/2025\/01\/foto1-1024x683.jpg\" data-width=\"1024\" data-height=\"683\" alt=\"\" ><\/div>\n\t\t\t\t\t\t\t\t\t\t<div class=\"elementor-gallery-item__overlay\"><\/div>\n\t\t\t\t\t\t\t\t\t\t\t\t\t\t<\/div>\n\t\t\t\t\t\t\t<div class=\"e-gallery-item elementor-gallery-item elementor-animated-content\">\n\t\t\t\t\t<div class=\"e-gallery-image elementor-gallery-item__image\" data-thumbnail=\"http:\/\/thsc.pt\/wp-content\/uploads\/2025\/01\/foto3-1024x683.jpg\" data-width=\"1024\" data-height=\"683\" alt=\"\" ><\/div>\n\t\t\t\t\t\t\t\t\t\t<div class=\"elementor-gallery-item__overlay\"><\/div>\n\t\t\t\t\t\t\t\t\t\t\t\t\t\t<\/div>\n\t\t\t\t\t<\/div>\n\t\t\t<\/div>\n\t\t\t\t<\/div>\n\t\t\t\t\t\t<\/div>\n\t\t\t\t\t<\/div>\n\t\t<\/div>\n\t\t\t\t\t\t\t\t<\/div>\n\t\t\t\t\t<\/div>\n\t\t<\/section>\n\t\t\t\t\t\t<\/div>\n\t\t\t\t\t\t<\/div>\n\t\t\t\t\t<\/div>\n\t\t","protected":false},"excerpt":{"rendered":"<p>QUEM CUIDA DO JARDIM 8 e 9 de mar\u00e7o de 2025 S\u00e1bado \u2013 21h00Domingo \u2013 16h00 M\/12 |\u00a0 BILHETES : [&hellip;]<\/p>\n","protected":false},"author":3,"featured_media":5476,"parent":0,"menu_order":0,"comment_status":"closed","ping_status":"closed","template":"","meta":[],"_links":{"self":[{"href":"http:\/\/thsc.pt\/index.php?rest_route=\/wp\/v2\/pages\/5474"}],"collection":[{"href":"http:\/\/thsc.pt\/index.php?rest_route=\/wp\/v2\/pages"}],"about":[{"href":"http:\/\/thsc.pt\/index.php?rest_route=\/wp\/v2\/types\/page"}],"author":[{"embeddable":true,"href":"http:\/\/thsc.pt\/index.php?rest_route=\/wp\/v2\/users\/3"}],"replies":[{"embeddable":true,"href":"http:\/\/thsc.pt\/index.php?rest_route=%2Fwp%2Fv2%2Fcomments&post=5474"}],"version-history":[{"count":9,"href":"http:\/\/thsc.pt\/index.php?rest_route=\/wp\/v2\/pages\/5474\/revisions"}],"predecessor-version":[{"id":5525,"href":"http:\/\/thsc.pt\/index.php?rest_route=\/wp\/v2\/pages\/5474\/revisions\/5525"}],"wp:featuredmedia":[{"embeddable":true,"href":"http:\/\/thsc.pt\/index.php?rest_route=\/wp\/v2\/media\/5476"}],"wp:attachment":[{"href":"http:\/\/thsc.pt\/index.php?rest_route=%2Fwp%2Fv2%2Fmedia&parent=5474"}],"curies":[{"name":"wp","href":"https:\/\/api.w.org\/{rel}","templated":true}]}}