{"id":5437,"date":"2025-01-21T15:45:15","date_gmt":"2025-01-21T14:45:15","guid":{"rendered":"http:\/\/thsc.pt\/?page_id=5437"},"modified":"2025-02-03T15:00:58","modified_gmt":"2025-02-03T14:00:58","slug":"quem-se-eu","status":"publish","type":"page","link":"http:\/\/thsc.pt\/?page_id=5437","title":{"rendered":"Quem, se eu\u2026"},"content":{"rendered":"\t\t<div data-elementor-type=\"wp-page\" data-elementor-id=\"5437\" class=\"elementor elementor-5437\" data-elementor-settings=\"[]\">\n\t\t\t\t\t\t<div class=\"elementor-inner\">\n\t\t\t\t\t\t\t<div class=\"elementor-section-wrap\">\n\t\t\t\t\t\t\t<section class=\"elementor-section elementor-top-section elementor-element elementor-element-215a8d4 elementor-section-height-min-height elementor-section-boxed elementor-section-height-default elementor-section-items-middle\" data-id=\"215a8d4\" data-element_type=\"section\" data-settings=\"{&quot;background_background&quot;:&quot;classic&quot;}\">\n\t\t\t\t\t\t\t<div class=\"elementor-background-overlay\"><\/div>\n\t\t\t\t\t\t\t<div class=\"elementor-container elementor-column-gap-default\">\n\t\t\t\t\t\t\t<div class=\"elementor-row\">\n\t\t\t\t\t<div class=\"elementor-column elementor-col-100 elementor-top-column elementor-element elementor-element-2741e0ce\" data-id=\"2741e0ce\" data-element_type=\"column\">\n\t\t\t<div class=\"elementor-column-wrap elementor-element-populated\">\n\t\t\t\t\t\t\t<div class=\"elementor-widget-wrap\">\n\t\t\t\t\t\t<div class=\"elementor-element elementor-element-422bc299 elementor-widget elementor-widget-spacer\" data-id=\"422bc299\" data-element_type=\"widget\" data-widget_type=\"spacer.default\">\n\t\t\t\t<div class=\"elementor-widget-container\">\n\t\t\t\t\t<div class=\"elementor-spacer\">\n\t\t\t<div class=\"elementor-spacer-inner\"><\/div>\n\t\t<\/div>\n\t\t\t\t<\/div>\n\t\t\t\t<\/div>\n\t\t\t\t<div class=\"elementor-element elementor-element-33750fd4 elementor-widget elementor-widget-heading\" data-id=\"33750fd4\" data-element_type=\"widget\" data-widget_type=\"heading.default\">\n\t\t\t\t<div class=\"elementor-widget-container\">\n\t\t\t<h1 class=\"elementor-heading-title elementor-size-large\">QUEM, SE EU...<\/h1>\t\t<\/div>\n\t\t\t\t<\/div>\n\t\t\t\t<div class=\"elementor-element elementor-element-18dc527 elementor-widget elementor-widget-text-editor\" data-id=\"18dc527\" data-element_type=\"widget\" data-widget_type=\"text-editor.default\">\n\t\t\t\t<div class=\"elementor-widget-container\">\n\t\t\t\t\t<div class=\"elementor-text-editor elementor-clearfix\"><h2><strong><span style=\"color: #ffffff;\">7 de fevereiro de 2025<\/span><\/strong><\/h2><p><strong><span style=\"color: #ffffff;\">19h00<\/span><\/strong><\/p><\/div>\n\t\t\t\t<\/div>\n\t\t\t\t<\/div>\n\t\t\t\t<section class=\"elementor-section elementor-inner-section elementor-element elementor-element-9183278 elementor-section-content-middle elementor-section-boxed elementor-section-height-default elementor-section-height-default\" data-id=\"9183278\" data-element_type=\"section\">\n\t\t\t\t\t\t<div class=\"elementor-container elementor-column-gap-extended\">\n\t\t\t\t\t\t\t<div class=\"elementor-row\">\n\t\t\t\t\t<div class=\"elementor-column elementor-col-100 elementor-inner-column elementor-element elementor-element-323cb4a1\" data-id=\"323cb4a1\" data-element_type=\"column\">\n\t\t\t<div class=\"elementor-column-wrap elementor-element-populated\">\n\t\t\t\t\t\t\t<div class=\"elementor-widget-wrap\">\n\t\t\t\t\t\t<div class=\"elementor-element elementor-element-588eec80 elementor-widget elementor-widget-text-editor\" data-id=\"588eec80\" data-element_type=\"widget\" data-widget_type=\"text-editor.default\">\n\t\t\t\t<div class=\"elementor-widget-container\">\n\t\t\t\t\t<div class=\"elementor-text-editor elementor-clearfix\"><h5><span style=\"color: #ffffff;\"><b><span style=\"font-family: var( --e-global-typography-text-font-family );\">M\/6 | ENTRADA GRATUITA (AT\u00c9 AO LIMITE DA LOTA\u00c7\u00c3O DA SALA) RUA DA ALEGRIA, 503\u00a0<\/span><\/b><\/span><\/h5><\/div>\n\t\t\t\t<\/div>\n\t\t\t\t<\/div>\n\t\t\t\t\t\t<\/div>\n\t\t\t\t\t<\/div>\n\t\t<\/div>\n\t\t\t\t\t\t\t\t<\/div>\n\t\t\t\t\t<\/div>\n\t\t<\/section>\n\t\t\t\t\t\t<\/div>\n\t\t\t\t\t<\/div>\n\t\t<\/div>\n\t\t\t\t\t\t\t\t<\/div>\n\t\t\t\t\t<\/div>\n\t\t<\/section>\n\t\t\t\t<section class=\"elementor-section elementor-top-section elementor-element elementor-element-13fb919f elementor-section-boxed elementor-section-height-default elementor-section-height-default\" data-id=\"13fb919f\" data-element_type=\"section\" data-settings=\"{&quot;background_background&quot;:&quot;classic&quot;}\">\n\t\t\t\t\t\t<div class=\"elementor-container elementor-column-gap-default\">\n\t\t\t\t\t\t\t<div class=\"elementor-row\">\n\t\t\t\t\t<div class=\"elementor-column elementor-col-50 elementor-top-column elementor-element elementor-element-6aecde19\" data-id=\"6aecde19\" data-element_type=\"column\">\n\t\t\t<div class=\"elementor-column-wrap elementor-element-populated\">\n\t\t\t\t\t\t\t<div class=\"elementor-widget-wrap\">\n\t\t\t\t\t\t<div class=\"elementor-element elementor-element-3f1e1c5a elementor-widget elementor-widget-spacer\" data-id=\"3f1e1c5a\" data-element_type=\"widget\" data-widget_type=\"spacer.default\">\n\t\t\t\t<div class=\"elementor-widget-container\">\n\t\t\t\t\t<div class=\"elementor-spacer\">\n\t\t\t<div class=\"elementor-spacer-inner\"><\/div>\n\t\t<\/div>\n\t\t\t\t<\/div>\n\t\t\t\t<\/div>\n\t\t\t\t<div class=\"elementor-element elementor-element-5bc06a31 elementor-widget elementor-widget-text-editor\" data-id=\"5bc06a31\" data-element_type=\"widget\" data-widget_type=\"text-editor.default\">\n\t\t\t\t<div class=\"elementor-widget-container\">\n\t\t\t\t\t<div class=\"elementor-text-editor elementor-clearfix\"><p><strong>Mostra de trabalhos de DAN\u00c7A &amp; Luz<\/strong><\/p><p>Quem se eu\u2026.\u00a0tem como prop\u00f3sito refletir as redes que tecem as rela\u00e7\u00f5es interpessoais\u00a0contempor\u00e2neas a partir da premissa de uma humanidade que se sabe uma \u201cm\u00e1quina desejante\u201d. No \u00e2mbito do Mestrado em Artes C\u00e9nicas, Dan\u00e7a\/Composi\u00e7\u00e3o Coreogr\u00e1fica e da Licenciatura em Teatro, Variante Luz (ESMAE), foram desenvolvidas micro performances que passeiam entre as fronteiras do espa\u00e7o \u00edntimo e privado e as fronteiras do espa\u00e7o social e p\u00fablico.<br \/>Quem, se eu\u2026 revela-se um manifesto art\u00edstico colaborativo que nos convida a entrar num imagin\u00e1rio subjetivo habitado em comunidade.<\/p><p><strong>Quem, se eu dan\u00e7ar\u2026.<br \/><\/strong><em>Se a opress\u00e3o prevalecer<br \/><\/em><em>E eu n\u00e3o me puder expressar<br \/><\/em><em>Eu vou continuar a dan\u00e7ar<\/em><\/p><p><em>Se sufocarem a minha inoc\u00eancia<br \/><\/em><em>E n\u00e3o me deixarem brincar<br \/><\/em><em>Vou crescer para a minha inf\u00e2ncia e de novo me encantar<\/em><\/p><p><em>Se me tornarem um n\u00e3o cidad\u00e3o<br \/><\/em><em>E na margem me mantiverem<br \/><\/em><em>Eu vou recitar a constitui\u00e7\u00e3o<\/em><\/p><p><em>Se nenhum olhar entender o meu<br \/><\/em><em>Vou prender-te com os meus bra\u00e7os<br \/><\/em><em>Que s\u00e3o iguais aos teus<\/em><\/p><p><em>Se o mundo n\u00e3o p\u00e1ra<br \/><\/em><em>E eu me sinto s\u00f3<br \/><\/em><em>Eu vou para a rua jogar domin\u00f3<\/em><\/p><p><em>Se me tornar apenas engrenagem de uma m\u00e1quina<br \/><\/em><em>Eu vou desligar o rel\u00f3gio na hora de abra\u00e7ar<\/em><\/p><p><em>E se perder a capacidade de sonhar?<br \/><\/em><em>Fecha os olhos e tenta imaginar!<\/em><\/p><p>Carolina Figueiredo; Edmilson Gomes; Mariana Azevedo; Raquel Rosa; Renata Afonso; Sofia Coimbra<\/p><p><strong>Quem, se eu falar\u2026<br \/><\/strong><em>Se eu n\u00e3o tiver nada a dizer,<br \/><\/em><em>Vou deixar acontecer<br \/><\/em><em>Mesmo sem saber.<\/em><\/p><p><em>Se o corpo n\u00e3o obedecer,<br \/><\/em><em>Vou procurar entender<br \/><\/em><em>Como continuar a ser.<\/em><\/p><p><em>Se um dia eu tiver de fugir,<br \/><\/em><em>Deixo a d\u00favida surgir:<br \/><\/em><em>Resistir ou Abandonar?<\/em><\/p><p><em>Se o medo me aprisionar,<br \/><\/em><em>As correntes vou libertar<br \/><\/em><em>E um N\u00f3s procurar.<\/em><\/p><p><em>Se o N\u00f3s se perder<br \/><\/em><em>E o caminho estreitar,<br \/><\/em><em>Corpo e voz vou levantar.<\/em><\/p><p><em>Se um dia me quiserem calar,<br \/><\/em><em>Em sil\u00eancio, vamos gritar<br \/><\/em><em>At\u00e9 o n\u00f3s recuperar.<\/em><\/p><p>Ana Jorge Saben\u00e7a; Cristiana Castro; Diana Correia; Diogo Ara\u00fajo; Gabriela M. de Souza; Maria Machado<\/p><p>\u00a0<\/p><\/div>\n\t\t\t\t<\/div>\n\t\t\t\t<\/div>\n\t\t\t\t\t\t<\/div>\n\t\t\t\t\t<\/div>\n\t\t<\/div>\n\t\t\t\t<div class=\"elementor-column elementor-col-50 elementor-top-column elementor-element elementor-element-1fe9d1d2\" data-id=\"1fe9d1d2\" data-element_type=\"column\" data-settings=\"{&quot;background_background&quot;:&quot;classic&quot;}\">\n\t\t\t<div class=\"elementor-column-wrap elementor-element-populated\">\n\t\t\t\t\t<div class=\"elementor-background-overlay\"><\/div>\n\t\t\t\t\t\t\t<div class=\"elementor-widget-wrap\">\n\t\t\t\t\t\t<div class=\"elementor-element elementor-element-f89524a elementor-widget elementor-widget-image\" data-id=\"f89524a\" data-element_type=\"widget\" data-widget_type=\"image.default\">\n\t\t\t\t<div class=\"elementor-widget-container\">\n\t\t\t\t\t<div class=\"elementor-image\">\n\t\t\t\t\t\t\t\t\t\t<img width=\"724\" height=\"1024\" src=\"http:\/\/thsc.pt\/wp-content\/uploads\/2025\/01\/cartaz-1-724x1024.jpg\" class=\"attachment-large size-large\" alt=\"\" decoding=\"async\" loading=\"lazy\" srcset=\"http:\/\/thsc.pt\/wp-content\/uploads\/2025\/01\/cartaz-1-724x1024.jpg 724w, http:\/\/thsc.pt\/wp-content\/uploads\/2025\/01\/cartaz-1-212x300.jpg 212w, http:\/\/thsc.pt\/wp-content\/uploads\/2025\/01\/cartaz-1-768x1086.jpg 768w, http:\/\/thsc.pt\/wp-content\/uploads\/2025\/01\/cartaz-1-1086x1536.jpg 1086w, http:\/\/thsc.pt\/wp-content\/uploads\/2025\/01\/cartaz-1-1448x2048.jpg 1448w, http:\/\/thsc.pt\/wp-content\/uploads\/2025\/01\/cartaz-1-scaled.jpg 1810w\" sizes=\"(max-width: 724px) 100vw, 724px\" \/>\t\t\t\t\t\t\t\t\t\t\t<\/div>\n\t\t\t\t<\/div>\n\t\t\t\t<\/div>\n\t\t\t\t\t\t<\/div>\n\t\t\t\t\t<\/div>\n\t\t<\/div>\n\t\t\t\t\t\t\t\t<\/div>\n\t\t\t\t\t<\/div>\n\t\t<\/section>\n\t\t\t\t<section class=\"elementor-section elementor-top-section elementor-element elementor-element-9a7f26d elementor-section-boxed elementor-section-height-default elementor-section-height-default\" data-id=\"9a7f26d\" data-element_type=\"section\" data-settings=\"{&quot;background_background&quot;:&quot;classic&quot;}\">\n\t\t\t\t\t\t<div class=\"elementor-container elementor-column-gap-default\">\n\t\t\t\t\t\t\t<div class=\"elementor-row\">\n\t\t\t\t\t\t\t\t\t<\/div>\n\t\t\t\t\t<\/div>\n\t\t<\/section>\n\t\t\t\t<section class=\"elementor-section elementor-top-section elementor-element elementor-element-27ed630e elementor-section-full_width elementor-section-height-min-height elementor-section-height-default elementor-section-items-middle\" data-id=\"27ed630e\" data-element_type=\"section\" data-settings=\"{&quot;background_background&quot;:&quot;classic&quot;}\">\n\t\t\t\t\t\t<div class=\"elementor-container elementor-column-gap-no\">\n\t\t\t\t\t\t\t<div class=\"elementor-row\">\n\t\t\t\t\t<div class=\"elementor-column elementor-col-50 elementor-top-column elementor-element elementor-element-12270e38\" data-id=\"12270e38\" data-element_type=\"column\">\n\t\t\t<div class=\"elementor-column-wrap elementor-element-populated\">\n\t\t\t\t\t\t\t<div class=\"elementor-widget-wrap\">\n\t\t\t\t\t\t<div class=\"elementor-element elementor-element-76f5d662 elementor-widget elementor-widget-text-editor\" data-id=\"76f5d662\" data-element_type=\"widget\" data-widget_type=\"text-editor.default\">\n\t\t\t\t<div class=\"elementor-widget-container\">\n\t\t\t\t\t<div class=\"elementor-text-editor elementor-clearfix\"><blockquote><p class=\"p1\"><span style=\"color: #333333;\"><strong>Equipa Criativa e Art\u00edstica<\/strong><\/span><\/p><\/blockquote><p class=\"p1\" style=\"padding-left: 40px;\"><span style=\"color: #333333;\"><strong>Dire\u00e7\u00e3o Art\u00edstica<\/strong><\/span><br \/><span style=\"color: #333333;\">Cl\u00e1udia Marisa<br \/>Catarina Costa e Silva<br \/>Rui Damas<\/span><\/p><p class=\"p1\" style=\"padding-left: 40px;\"><span style=\"color: #333333;\"><strong>Concep\u00e7\u00e3o, Cria\u00e7\u00e3o e Interpreta\u00e7\u00e3o<\/strong><\/span><br \/><span style=\"color: #333333;\">Ana Jorge Saben\u00e7a<br \/>Carolina Figueiredo<br \/>Cristiana Castro<br \/>Diana Correia<br \/>Diogo Ara\u00fajo<br \/>Edmilson Gomes<br \/>Gabriela M. de Souza<br \/>Maria Machado<br \/>Mariana Azevedo<br \/>Myrelle Lima<br \/>Raquel Rosa<br \/>Renata Afonso<br \/>Sofia Coimbra<\/span><\/p><\/div>\n\t\t\t\t<\/div>\n\t\t\t\t<\/div>\n\t\t\t\t\t\t<\/div>\n\t\t\t\t\t<\/div>\n\t\t<\/div>\n\t\t\t\t<div class=\"elementor-column elementor-col-50 elementor-top-column elementor-element elementor-element-6f614bf9\" data-id=\"6f614bf9\" data-element_type=\"column\">\n\t\t\t<div class=\"elementor-column-wrap elementor-element-populated\">\n\t\t\t\t\t\t\t<div class=\"elementor-widget-wrap\">\n\t\t\t\t\t\t<div class=\"elementor-element elementor-element-74ac9928 elementor-widget elementor-widget-text-editor\" data-id=\"74ac9928\" data-element_type=\"widget\" data-widget_type=\"text-editor.default\">\n\t\t\t\t<div class=\"elementor-widget-container\">\n\t\t\t\t\t<div class=\"elementor-text-editor elementor-clearfix\"><p class=\"p1\"><span style=\"color: #333333;\"><strong>Design Luz<\/strong><\/span><br \/><span style=\"color: #333333;\">B\u00e1rbara Abreu<\/span><\/p><p class=\"p1\"><span style=\"color: #333333;\"><strong>Design Som<\/strong><\/span><br \/><span style=\"color: #333333;\">J\u00f3natas Sousa<br \/>Miguel Trov\u00e3o<br \/><\/span><\/p><p class=\"p1\"><span style=\"color: #333333;\"><strong>Ilustra\u00e7\u00e3o &#8220;O Peso do Invis\u00edvel&#8221;<\/strong><\/span><br \/><span style=\"color: #333333;\">Joana Gon\u00e7alves<\/span><\/p><\/div>\n\t\t\t\t<\/div>\n\t\t\t\t<\/div>\n\t\t\t\t\t\t<\/div>\n\t\t\t\t\t<\/div>\n\t\t<\/div>\n\t\t\t\t\t\t\t\t<\/div>\n\t\t\t\t\t<\/div>\n\t\t<\/section>\n\t\t\t\t<section class=\"elementor-section elementor-top-section elementor-element elementor-element-47836c61 elementor-section-full_width elementor-section-stretched elementor-section-height-default elementor-section-height-default\" data-id=\"47836c61\" data-element_type=\"section\" data-settings=\"{&quot;stretch_section&quot;:&quot;section-stretched&quot;,&quot;background_background&quot;:&quot;classic&quot;}\">\n\t\t\t\t\t\t<div class=\"elementor-container elementor-column-gap-default\">\n\t\t\t\t\t\t\t<div class=\"elementor-row\">\n\t\t\t\t\t<div class=\"elementor-column elementor-col-100 elementor-top-column elementor-element elementor-element-5094253\" data-id=\"5094253\" data-element_type=\"column\">\n\t\t\t<div class=\"elementor-column-wrap elementor-element-populated\">\n\t\t\t\t\t\t\t<div class=\"elementor-widget-wrap\">\n\t\t\t\t\t\t<div class=\"elementor-element elementor-element-5453c1bf elementor-widget elementor-widget-gallery\" data-id=\"5453c1bf\" data-element_type=\"widget\" data-settings=\"{&quot;gallery_layout&quot;:&quot;masonry&quot;,&quot;columns&quot;:2,&quot;columns_tablet&quot;:3,&quot;columns_mobile&quot;:2,&quot;lazyload&quot;:&quot;yes&quot;,&quot;gap&quot;:{&quot;unit&quot;:&quot;px&quot;,&quot;size&quot;:10,&quot;sizes&quot;:[]},&quot;gap_tablet&quot;:{&quot;unit&quot;:&quot;px&quot;,&quot;size&quot;:10,&quot;sizes&quot;:[]},&quot;gap_mobile&quot;:{&quot;unit&quot;:&quot;px&quot;,&quot;size&quot;:10,&quot;sizes&quot;:[]},&quot;overlay_background&quot;:&quot;yes&quot;,&quot;content_hover_animation&quot;:&quot;fade-in&quot;}\" data-widget_type=\"gallery.default\">\n\t\t\t\t<div class=\"elementor-widget-container\">\n\t\t\t\t\t<div class=\"elementor-gallery__container\">\n\t\t\t\t\t\t\t<div class=\"e-gallery-item elementor-gallery-item elementor-animated-content\">\n\t\t\t\t\t<div class=\"e-gallery-image elementor-gallery-item__image\" data-thumbnail=\"http:\/\/thsc.pt\/wp-content\/uploads\/2020\/08\/thsc_2-768x432-1.jpg\" data-width=\"768\" data-height=\"432\" alt=\"\" ><\/div>\n\t\t\t\t\t\t\t\t\t\t<div class=\"elementor-gallery-item__overlay\"><\/div>\n\t\t\t\t\t\t\t\t\t\t\t\t\t\t<\/div>\n\t\t\t\t\t\t\t<div class=\"e-gallery-item elementor-gallery-item elementor-animated-content\">\n\t\t\t\t\t<div class=\"e-gallery-image elementor-gallery-item__image\" data-thumbnail=\"http:\/\/thsc.pt\/wp-content\/uploads\/2020\/08\/thsc1-1024x576.jpg\" data-width=\"1024\" data-height=\"576\" alt=\"\" ><\/div>\n\t\t\t\t\t\t\t\t\t\t<div class=\"elementor-gallery-item__overlay\"><\/div>\n\t\t\t\t\t\t\t\t\t\t\t\t\t\t<\/div>\n\t\t\t\t\t<\/div>\n\t\t\t<\/div>\n\t\t\t\t<\/div>\n\t\t\t\t\t\t<\/div>\n\t\t\t\t\t<\/div>\n\t\t<\/div>\n\t\t\t\t\t\t\t\t<\/div>\n\t\t\t\t\t<\/div>\n\t\t<\/section>\n\t\t\t\t\t\t<\/div>\n\t\t\t\t\t\t<\/div>\n\t\t\t\t\t<\/div>\n\t\t","protected":false},"excerpt":{"rendered":"<p>QUEM, SE EU&#8230; 7 de fevereiro de 2025 19h00 M\/6 | ENTRADA GRATUITA (AT\u00c9 AO LIMITE DA LOTA\u00c7\u00c3O DA SALA) [&hellip;]<\/p>\n","protected":false},"author":3,"featured_media":5438,"parent":0,"menu_order":0,"comment_status":"closed","ping_status":"closed","template":"","meta":[],"_links":{"self":[{"href":"http:\/\/thsc.pt\/index.php?rest_route=\/wp\/v2\/pages\/5437"}],"collection":[{"href":"http:\/\/thsc.pt\/index.php?rest_route=\/wp\/v2\/pages"}],"about":[{"href":"http:\/\/thsc.pt\/index.php?rest_route=\/wp\/v2\/types\/page"}],"author":[{"embeddable":true,"href":"http:\/\/thsc.pt\/index.php?rest_route=\/wp\/v2\/users\/3"}],"replies":[{"embeddable":true,"href":"http:\/\/thsc.pt\/index.php?rest_route=%2Fwp%2Fv2%2Fcomments&post=5437"}],"version-history":[{"count":4,"href":"http:\/\/thsc.pt\/index.php?rest_route=\/wp\/v2\/pages\/5437\/revisions"}],"predecessor-version":[{"id":5495,"href":"http:\/\/thsc.pt\/index.php?rest_route=\/wp\/v2\/pages\/5437\/revisions\/5495"}],"wp:featuredmedia":[{"embeddable":true,"href":"http:\/\/thsc.pt\/index.php?rest_route=\/wp\/v2\/media\/5438"}],"wp:attachment":[{"href":"http:\/\/thsc.pt\/index.php?rest_route=%2Fwp%2Fv2%2Fmedia&parent=5437"}],"curies":[{"name":"wp","href":"https:\/\/api.w.org\/{rel}","templated":true}]}}