{"id":5346,"date":"2024-11-22T15:07:56","date_gmt":"2024-11-22T14:07:56","guid":{"rendered":"http:\/\/thsc.pt\/?page_id=5346"},"modified":"2025-01-23T12:36:47","modified_gmt":"2025-01-23T11:36:47","slug":"arrepios","status":"publish","type":"page","link":"http:\/\/thsc.pt\/?page_id=5346","title":{"rendered":"Arrepios"},"content":{"rendered":"\t\t<div data-elementor-type=\"wp-page\" data-elementor-id=\"5346\" class=\"elementor elementor-5346\" data-elementor-settings=\"[]\">\n\t\t\t\t\t\t<div class=\"elementor-inner\">\n\t\t\t\t\t\t\t<div class=\"elementor-section-wrap\">\n\t\t\t\t\t\t\t<section class=\"elementor-section elementor-top-section elementor-element elementor-element-7bbe7aad elementor-section-height-min-height elementor-section-boxed elementor-section-height-default elementor-section-items-middle\" data-id=\"7bbe7aad\" data-element_type=\"section\" data-settings=\"{&quot;background_background&quot;:&quot;classic&quot;}\">\n\t\t\t\t\t\t\t<div class=\"elementor-background-overlay\"><\/div>\n\t\t\t\t\t\t\t<div class=\"elementor-container elementor-column-gap-default\">\n\t\t\t\t\t\t\t<div class=\"elementor-row\">\n\t\t\t\t\t<div class=\"elementor-column elementor-col-100 elementor-top-column elementor-element elementor-element-1ef391b4\" data-id=\"1ef391b4\" data-element_type=\"column\">\n\t\t\t<div class=\"elementor-column-wrap elementor-element-populated\">\n\t\t\t\t\t\t\t<div class=\"elementor-widget-wrap\">\n\t\t\t\t\t\t<div class=\"elementor-element elementor-element-91ac12f elementor-widget elementor-widget-spacer\" data-id=\"91ac12f\" data-element_type=\"widget\" data-widget_type=\"spacer.default\">\n\t\t\t\t<div class=\"elementor-widget-container\">\n\t\t\t\t\t<div class=\"elementor-spacer\">\n\t\t\t<div class=\"elementor-spacer-inner\"><\/div>\n\t\t<\/div>\n\t\t\t\t<\/div>\n\t\t\t\t<\/div>\n\t\t\t\t<div class=\"elementor-element elementor-element-575642ec elementor-widget elementor-widget-heading\" data-id=\"575642ec\" data-element_type=\"widget\" data-widget_type=\"heading.default\">\n\t\t\t\t<div class=\"elementor-widget-container\">\n\t\t\t<h1 class=\"elementor-heading-title elementor-size-large\">ARREPIOS<\/h1>\t\t<\/div>\n\t\t\t\t<\/div>\n\t\t\t\t<div class=\"elementor-element elementor-element-54451d69 elementor-widget elementor-widget-text-editor\" data-id=\"54451d69\" data-element_type=\"widget\" data-widget_type=\"text-editor.default\">\n\t\t\t\t<div class=\"elementor-widget-container\">\n\t\t\t\t\t<div class=\"elementor-text-editor elementor-clearfix\"><h2><strong><span style=\"color: #ffffff;\">12 a 14 dezembro 2024<\/span><\/strong><\/h2><p><strong><span style=\"color: #ffffff;\">Quinta e Sexta-feira, 10h30 e 15h30<\/span><\/strong><br \/><strong><span style=\"color: #ffffff;\">S\u00e1bado, 16h00<\/span><\/strong><\/p><\/div>\n\t\t\t\t<\/div>\n\t\t\t\t<\/div>\n\t\t\t\t<section class=\"elementor-section elementor-inner-section elementor-element elementor-element-1152cc8a elementor-section-content-middle elementor-section-boxed elementor-section-height-default elementor-section-height-default\" data-id=\"1152cc8a\" data-element_type=\"section\">\n\t\t\t\t\t\t<div class=\"elementor-container elementor-column-gap-extended\">\n\t\t\t\t\t\t\t<div class=\"elementor-row\">\n\t\t\t\t\t<div class=\"elementor-column elementor-col-100 elementor-inner-column elementor-element elementor-element-5c3629d6\" data-id=\"5c3629d6\" data-element_type=\"column\">\n\t\t\t<div class=\"elementor-column-wrap elementor-element-populated\">\n\t\t\t\t\t\t\t<div class=\"elementor-widget-wrap\">\n\t\t\t\t\t\t<div class=\"elementor-element elementor-element-928ade0 elementor-widget elementor-widget-text-editor\" data-id=\"928ade0\" data-element_type=\"widget\" data-widget_type=\"text-editor.default\">\n\t\t\t\t<div class=\"elementor-widget-container\">\n\t\t\t\t\t<div class=\"elementor-text-editor elementor-clearfix\"><h5><span style=\"color: #ffffff;\"><b><span style=\"font-family: var( --e-global-typography-text-font-family );\">M\/6 |\u00a0 BILHETES : 2,00 a 5,00 Euros<\/span><\/b><\/span><\/h5><\/div>\n\t\t\t\t<\/div>\n\t\t\t\t<\/div>\n\t\t\t\t\t\t<\/div>\n\t\t\t\t\t<\/div>\n\t\t<\/div>\n\t\t\t\t\t\t\t\t<\/div>\n\t\t\t\t\t<\/div>\n\t\t<\/section>\n\t\t\t\t\t\t<\/div>\n\t\t\t\t\t<\/div>\n\t\t<\/div>\n\t\t\t\t\t\t\t\t<\/div>\n\t\t\t\t\t<\/div>\n\t\t<\/section>\n\t\t\t\t<section class=\"elementor-section elementor-top-section elementor-element elementor-element-37e39bbc elementor-section-boxed elementor-section-height-default elementor-section-height-default\" data-id=\"37e39bbc\" data-element_type=\"section\" data-settings=\"{&quot;background_background&quot;:&quot;classic&quot;}\">\n\t\t\t\t\t\t<div class=\"elementor-container elementor-column-gap-default\">\n\t\t\t\t\t\t\t<div class=\"elementor-row\">\n\t\t\t\t\t<div class=\"elementor-column elementor-col-50 elementor-top-column elementor-element elementor-element-14526a51\" data-id=\"14526a51\" data-element_type=\"column\">\n\t\t\t<div class=\"elementor-column-wrap elementor-element-populated\">\n\t\t\t\t\t\t\t<div class=\"elementor-widget-wrap\">\n\t\t\t\t\t\t<div class=\"elementor-element elementor-element-47cc15a8 elementor-widget elementor-widget-spacer\" data-id=\"47cc15a8\" data-element_type=\"widget\" data-widget_type=\"spacer.default\">\n\t\t\t\t<div class=\"elementor-widget-container\">\n\t\t\t\t\t<div class=\"elementor-spacer\">\n\t\t\t<div class=\"elementor-spacer-inner\"><\/div>\n\t\t<\/div>\n\t\t\t\t<\/div>\n\t\t\t\t<\/div>\n\t\t\t\t<div class=\"elementor-element elementor-element-4ea935a5 elementor-widget elementor-widget-text-editor\" data-id=\"4ea935a5\" data-element_type=\"widget\" data-widget_type=\"text-editor.default\">\n\t\t\t\t<div class=\"elementor-widget-container\">\n\t\t\t\t\t<div class=\"elementor-text-editor elementor-clearfix\"><p class=\"p1\"><strong>A partir de \u201cO Rapaz que queria Aprender o Medo\u201d dos Irm\u00e3os Grimm.<\/strong><\/p><p class=\"p1\">EXERC\u00cdCIO-ESPET\u00c1CULO DOS ALUNOS DO SEGUNDO ANO DE TEATRO DA ESMAE<\/p><p>\u201cARREPIOS&#8221; \u00e9 uma pe\u00e7a de teatro produzida pelos estudantes do 2.\u00ba ano da Licenciatura em Teatro da Escola Superior de M\u00fasica e Artes do Espet\u00e1culo (ESMAE) com encena\u00e7\u00e3o de Tommy Luther. O espet\u00e1culo \u00e9 baseado num dos contos dos Irm\u00e3os Grimm, que conta a hist\u00f3ria de uma crian\u00e7a que n\u00e3o tem medo e quer sentir a sensa\u00e7\u00e3o de tremer e ficar arrepiado. A crian\u00e7a \u00e9 desafiada a passar tr\u00eas noites num castelo assombrado por objetos que ganham vida e que proferem palavras po\u00e9ticas. No final das tr\u00eas noites, a crian\u00e7a receber\u00e1 uma recompensa: agrad\u00e1vel ou desagrad\u00e1vel. Os Irm\u00e3os Grimm s\u00e3o mestres em transformar o assustador ou o macabro numa aventura maravilhosa e colorida. Com cruzamentos do teatro f\u00edsico, manipula\u00e7\u00e3o de objetos e marionetas, m\u00fasica e voz, este espet\u00e1culo \u00e9 para todas as idades, mas especialmente para quem ainda tem medo de enfrentar o mundo. Para as crian\u00e7as, o medo \u00e9 uma sombra, um brinquedo sem cor, a luz do quarto apagada ou at\u00e9 os monstros debaixo da cama; quando a luz deixa de iluminar, tudo parece ter vida.<\/p><\/div>\n\t\t\t\t<\/div>\n\t\t\t\t<\/div>\n\t\t\t\t\t\t<\/div>\n\t\t\t\t\t<\/div>\n\t\t<\/div>\n\t\t\t\t<div class=\"elementor-column elementor-col-50 elementor-top-column elementor-element elementor-element-345abaa1\" data-id=\"345abaa1\" data-element_type=\"column\" data-settings=\"{&quot;background_background&quot;:&quot;classic&quot;}\">\n\t\t\t<div class=\"elementor-column-wrap elementor-element-populated\">\n\t\t\t\t\t<div class=\"elementor-background-overlay\"><\/div>\n\t\t\t\t\t\t\t<div class=\"elementor-widget-wrap\">\n\t\t\t\t\t\t<div class=\"elementor-element elementor-element-cc57e43 elementor-widget elementor-widget-image\" data-id=\"cc57e43\" data-element_type=\"widget\" data-widget_type=\"image.default\">\n\t\t\t\t<div class=\"elementor-widget-container\">\n\t\t\t\t\t<div class=\"elementor-image\">\n\t\t\t\t\t\t\t\t\t\t<img width=\"724\" height=\"1024\" src=\"http:\/\/thsc.pt\/wp-content\/uploads\/2024\/11\/cartaz-2-724x1024.jpg\" class=\"attachment-large size-large\" alt=\"\" decoding=\"async\" loading=\"lazy\" srcset=\"http:\/\/thsc.pt\/wp-content\/uploads\/2024\/11\/cartaz-2-724x1024.jpg 724w, http:\/\/thsc.pt\/wp-content\/uploads\/2024\/11\/cartaz-2-212x300.jpg 212w, http:\/\/thsc.pt\/wp-content\/uploads\/2024\/11\/cartaz-2-768x1086.jpg 768w, http:\/\/thsc.pt\/wp-content\/uploads\/2024\/11\/cartaz-2-1086x1536.jpg 1086w, http:\/\/thsc.pt\/wp-content\/uploads\/2024\/11\/cartaz-2-1448x2048.jpg 1448w, http:\/\/thsc.pt\/wp-content\/uploads\/2024\/11\/cartaz-2-scaled.jpg 1810w\" sizes=\"(max-width: 724px) 100vw, 724px\" \/>\t\t\t\t\t\t\t\t\t\t\t<\/div>\n\t\t\t\t<\/div>\n\t\t\t\t<\/div>\n\t\t\t\t\t\t<\/div>\n\t\t\t\t\t<\/div>\n\t\t<\/div>\n\t\t\t\t\t\t\t\t<\/div>\n\t\t\t\t\t<\/div>\n\t\t<\/section>\n\t\t\t\t<section class=\"elementor-section elementor-top-section elementor-element elementor-element-25b30cfe elementor-section-boxed elementor-section-height-default elementor-section-height-default\" data-id=\"25b30cfe\" data-element_type=\"section\" data-settings=\"{&quot;background_background&quot;:&quot;classic&quot;}\">\n\t\t\t\t\t\t<div class=\"elementor-container elementor-column-gap-default\">\n\t\t\t\t\t\t\t<div class=\"elementor-row\">\n\t\t\t\t\t\t\t\t\t<\/div>\n\t\t\t\t\t<\/div>\n\t\t<\/section>\n\t\t\t\t<section class=\"elementor-section elementor-top-section elementor-element elementor-element-31194d78 elementor-section-full_width elementor-section-height-min-height elementor-section-height-default elementor-section-items-middle\" data-id=\"31194d78\" data-element_type=\"section\" data-settings=\"{&quot;background_background&quot;:&quot;classic&quot;}\">\n\t\t\t\t\t\t<div class=\"elementor-container elementor-column-gap-no\">\n\t\t\t\t\t\t\t<div class=\"elementor-row\">\n\t\t\t\t\t<div class=\"elementor-column elementor-col-50 elementor-top-column elementor-element elementor-element-1cca9a30\" data-id=\"1cca9a30\" data-element_type=\"column\">\n\t\t\t<div class=\"elementor-column-wrap elementor-element-populated\">\n\t\t\t\t\t\t\t<div class=\"elementor-widget-wrap\">\n\t\t\t\t\t\t<div class=\"elementor-element elementor-element-10f1c74 elementor-widget elementor-widget-text-editor\" data-id=\"10f1c74\" data-element_type=\"widget\" data-widget_type=\"text-editor.default\">\n\t\t\t\t<div class=\"elementor-widget-container\">\n\t\t\t\t\t<div class=\"elementor-text-editor elementor-clearfix\"><blockquote><p class=\"p1\"><span style=\"color: #333333;\"><strong>Equipa Criativa e Art\u00edstica<\/strong><\/span><\/p><\/blockquote><p class=\"p1\" style=\"padding-left: 40px;\"><span style=\"color: #333333;\"><strong>Encena\u00e7\u00e3o<\/strong><\/span><br \/><span style=\"color: #333333;\">Tommy Luther<\/span><\/p><p class=\"p1\" style=\"padding-left: 40px;\"><span style=\"color: #333333;\"><strong>Interpreta\u00e7\u00e3o<\/strong><\/span><br \/><span style=\"color: #333333;\">Sara Quintans<br \/>In\u00e9s C\u00f3rdoba<br \/>Marianna Seyr<br \/>Catarina Teles<br \/>Mariana Santiago<br \/>Laura Benedita<br \/>Sara Vizinho<br \/>Maria Figueir\u00f4a<br \/>Miguel Marinho<br \/>Clara Zamorano<br \/>Ana Catarina<br \/>Marta Ravazzini<br \/>Alex Castro<br \/>Andreia Magalh\u00e3es<br \/>Marta Roque<br \/>Rosal\u00eda Alonso<br \/>Sofia Sequeira<br \/>Caetano Campos<br \/>In\u00eas Azevedo<\/span><\/p><p class=\"p1\" style=\"padding-left: 40px;\"><span style=\"color: #333333;\"><strong>Cenografia<\/strong><\/span><br \/><span style=\"color: #333333;\">Renata Fonseca<br \/>Valeria Granada<\/span><\/p><\/div>\n\t\t\t\t<\/div>\n\t\t\t\t<\/div>\n\t\t\t\t\t\t<\/div>\n\t\t\t\t\t<\/div>\n\t\t<\/div>\n\t\t\t\t<div class=\"elementor-column elementor-col-50 elementor-top-column elementor-element elementor-element-7f109fdf\" data-id=\"7f109fdf\" data-element_type=\"column\">\n\t\t\t<div class=\"elementor-column-wrap elementor-element-populated\">\n\t\t\t\t\t\t\t<div class=\"elementor-widget-wrap\">\n\t\t\t\t\t\t<div class=\"elementor-element elementor-element-2508b257 elementor-widget elementor-widget-text-editor\" data-id=\"2508b257\" data-element_type=\"widget\" data-widget_type=\"text-editor.default\">\n\t\t\t\t<div class=\"elementor-widget-container\">\n\t\t\t\t\t<div class=\"elementor-text-editor elementor-clearfix\"><p>\u00a0<\/p><p>\u00a0<\/p><p class=\"p1\"><span style=\"color: #333333;\"><strong>Figurinos<\/strong><\/span><br \/><span style=\"color: #333333;\">Ana F\u00e9lix<br \/>Alice Formosinho<br \/>Carlota Moreira<br \/>Jasmim Correia<br \/><\/span><\/p><p class=\"p1\"><span style=\"color: #333333;\"><strong>Luz<\/strong><\/span><br \/><span style=\"color: #333333;\">Gon\u00e7alo Branco<\/span><\/p><p><strong><span style=\"color: #000000;\">Som<\/span><br \/><\/strong><span style=\"color: #000000;\">Pedro Almeida<\/span><br \/><span style=\"color: #000000;\">Jo\u00e3o Juli\u00e3o<\/span><br \/><span style=\"color: #000000;\">Catarina Lima<\/span><\/p><p class=\"p1\"><span style=\"color: #333333;\"><strong>Dire\u00e7\u00e3o de Cena<br \/><\/strong>Andr\u00e9 Barros<\/span><\/p><p class=\"p1\"><span style=\"color: #333333;\"><strong>Produ\u00e7\u00e3o<\/strong><\/span><br \/><span style=\"color: #333333;\">Suevia Rojo<\/span><\/p><p class=\"p1\"><span style=\"color: #333333;\"><strong>Professores Orientadores<\/strong><\/span><br \/><span style=\"color: #000000;\">Interpreta\u00e7\u00e3o: Catarina Lacerda e In\u00eas Vicente<\/span><br \/><span style=\"color: #000000;\">Voz: Maria Lu\u00eds Fran\u00e7a<\/span><br \/><span style=\"color: #000000;\">Cenografia: Helder Maia<\/span><br \/><span style=\"color: #000000;\">Som: Rui Lima<br \/>Luz: Rui Damas<br \/>Figurinos: Filipa Martins e M\u00f3nica Melo<br \/>Dire\u00e7\u00e3o de Cena e Produ\u00e7\u00e3o: Pedro Leit\u00e3o<\/span><\/p><\/div>\n\t\t\t\t<\/div>\n\t\t\t\t<\/div>\n\t\t\t\t\t\t<\/div>\n\t\t\t\t\t<\/div>\n\t\t<\/div>\n\t\t\t\t\t\t\t\t<\/div>\n\t\t\t\t\t<\/div>\n\t\t<\/section>\n\t\t\t\t<section class=\"elementor-section elementor-top-section elementor-element elementor-element-1a934b19 elementor-section-full_width elementor-section-stretched elementor-section-height-default elementor-section-height-default\" data-id=\"1a934b19\" data-element_type=\"section\" data-settings=\"{&quot;stretch_section&quot;:&quot;section-stretched&quot;,&quot;background_background&quot;:&quot;classic&quot;}\">\n\t\t\t\t\t\t<div class=\"elementor-container elementor-column-gap-default\">\n\t\t\t\t\t\t\t<div class=\"elementor-row\">\n\t\t\t\t\t<div class=\"elementor-column elementor-col-100 elementor-top-column elementor-element elementor-element-49398ba8\" data-id=\"49398ba8\" data-element_type=\"column\">\n\t\t\t<div class=\"elementor-column-wrap elementor-element-populated\">\n\t\t\t\t\t\t\t<div class=\"elementor-widget-wrap\">\n\t\t\t\t\t\t<div class=\"elementor-element elementor-element-5d1b68fa elementor-widget elementor-widget-gallery\" data-id=\"5d1b68fa\" data-element_type=\"widget\" data-settings=\"{&quot;gallery_layout&quot;:&quot;masonry&quot;,&quot;columns&quot;:2,&quot;columns_tablet&quot;:3,&quot;columns_mobile&quot;:2,&quot;lazyload&quot;:&quot;yes&quot;,&quot;gap&quot;:{&quot;unit&quot;:&quot;px&quot;,&quot;size&quot;:10,&quot;sizes&quot;:[]},&quot;gap_tablet&quot;:{&quot;unit&quot;:&quot;px&quot;,&quot;size&quot;:10,&quot;sizes&quot;:[]},&quot;gap_mobile&quot;:{&quot;unit&quot;:&quot;px&quot;,&quot;size&quot;:10,&quot;sizes&quot;:[]},&quot;overlay_background&quot;:&quot;yes&quot;,&quot;content_hover_animation&quot;:&quot;fade-in&quot;}\" data-widget_type=\"gallery.default\">\n\t\t\t\t<div class=\"elementor-widget-container\">\n\t\t\t\t\t<div class=\"elementor-gallery__container\">\n\t\t\t\t\t\t\t<div class=\"e-gallery-item elementor-gallery-item elementor-animated-content\">\n\t\t\t\t\t<div class=\"e-gallery-image elementor-gallery-item__image\" data-thumbnail=\"http:\/\/thsc.pt\/wp-content\/uploads\/2020\/08\/thsc1-1024x576.jpg\" data-width=\"1024\" data-height=\"576\" alt=\"\" ><\/div>\n\t\t\t\t\t\t\t\t\t\t<div class=\"elementor-gallery-item__overlay\"><\/div>\n\t\t\t\t\t\t\t\t\t\t\t\t\t\t<\/div>\n\t\t\t\t\t\t\t<div class=\"e-gallery-item elementor-gallery-item elementor-animated-content\">\n\t\t\t\t\t<div class=\"e-gallery-image elementor-gallery-item__image\" data-thumbnail=\"http:\/\/thsc.pt\/wp-content\/uploads\/2020\/08\/thsc_2-768x432-1.jpg\" data-width=\"768\" data-height=\"432\" alt=\"\" ><\/div>\n\t\t\t\t\t\t\t\t\t\t<div class=\"elementor-gallery-item__overlay\"><\/div>\n\t\t\t\t\t\t\t\t\t\t\t\t\t\t<\/div>\n\t\t\t\t\t<\/div>\n\t\t\t<\/div>\n\t\t\t\t<\/div>\n\t\t\t\t\t\t<\/div>\n\t\t\t\t\t<\/div>\n\t\t<\/div>\n\t\t\t\t\t\t\t\t<\/div>\n\t\t\t\t\t<\/div>\n\t\t<\/section>\n\t\t\t\t\t\t<\/div>\n\t\t\t\t\t\t<\/div>\n\t\t\t\t\t<\/div>\n\t\t","protected":false},"excerpt":{"rendered":"<p>ARREPIOS 12 a 14 dezembro 2024 Quinta e Sexta-feira, 10h30 e 15h30S\u00e1bado, 16h00 M\/6 |\u00a0 BILHETES : 2,00 a 5,00 [&hellip;]<\/p>\n","protected":false},"author":3,"featured_media":5347,"parent":0,"menu_order":0,"comment_status":"closed","ping_status":"closed","template":"","meta":[],"_links":{"self":[{"href":"http:\/\/thsc.pt\/index.php?rest_route=\/wp\/v2\/pages\/5346"}],"collection":[{"href":"http:\/\/thsc.pt\/index.php?rest_route=\/wp\/v2\/pages"}],"about":[{"href":"http:\/\/thsc.pt\/index.php?rest_route=\/wp\/v2\/types\/page"}],"author":[{"embeddable":true,"href":"http:\/\/thsc.pt\/index.php?rest_route=\/wp\/v2\/users\/3"}],"replies":[{"embeddable":true,"href":"http:\/\/thsc.pt\/index.php?rest_route=%2Fwp%2Fv2%2Fcomments&post=5346"}],"version-history":[{"count":12,"href":"http:\/\/thsc.pt\/index.php?rest_route=\/wp\/v2\/pages\/5346\/revisions"}],"predecessor-version":[{"id":5470,"href":"http:\/\/thsc.pt\/index.php?rest_route=\/wp\/v2\/pages\/5346\/revisions\/5470"}],"wp:featuredmedia":[{"embeddable":true,"href":"http:\/\/thsc.pt\/index.php?rest_route=\/wp\/v2\/media\/5347"}],"wp:attachment":[{"href":"http:\/\/thsc.pt\/index.php?rest_route=%2Fwp%2Fv2%2Fmedia&parent=5346"}],"curies":[{"name":"wp","href":"https:\/\/api.w.org\/{rel}","templated":true}]}}