{"id":5330,"date":"2024-11-05T15:12:45","date_gmt":"2024-11-05T14:12:45","guid":{"rendered":"http:\/\/thsc.pt\/?page_id=5330"},"modified":"2024-11-08T17:51:23","modified_gmt":"2024-11-08T16:51:23","slug":"dramaturxias-itinerantes-dramaturgias-itinerantes","status":"publish","type":"page","link":"http:\/\/thsc.pt\/?page_id=5330","title":{"rendered":"DRAMATURXIAS ITINERANTES\/ DRAMATURGIAS ITINERANTES"},"content":{"rendered":"\t\t<div data-elementor-type=\"wp-page\" data-elementor-id=\"5330\" class=\"elementor elementor-5330\" data-elementor-settings=\"[]\">\n\t\t\t\t\t\t<div class=\"elementor-inner\">\n\t\t\t\t\t\t\t<div class=\"elementor-section-wrap\">\n\t\t\t\t\t\t\t<section class=\"elementor-section elementor-top-section elementor-element elementor-element-2a1956b4 elementor-section-height-min-height elementor-section-boxed elementor-section-height-default elementor-section-items-middle\" data-id=\"2a1956b4\" data-element_type=\"section\" data-settings=\"{&quot;background_background&quot;:&quot;classic&quot;}\">\n\t\t\t\t\t\t\t<div class=\"elementor-background-overlay\"><\/div>\n\t\t\t\t\t\t\t<div class=\"elementor-container elementor-column-gap-default\">\n\t\t\t\t\t\t\t<div class=\"elementor-row\">\n\t\t\t\t\t<div class=\"elementor-column elementor-col-100 elementor-top-column elementor-element elementor-element-2bd0bf9b\" data-id=\"2bd0bf9b\" data-element_type=\"column\">\n\t\t\t<div class=\"elementor-column-wrap elementor-element-populated\">\n\t\t\t\t\t\t\t<div class=\"elementor-widget-wrap\">\n\t\t\t\t\t\t<div class=\"elementor-element elementor-element-13f7b64d elementor-widget elementor-widget-spacer\" data-id=\"13f7b64d\" data-element_type=\"widget\" data-widget_type=\"spacer.default\">\n\t\t\t\t<div class=\"elementor-widget-container\">\n\t\t\t\t\t<div class=\"elementor-spacer\">\n\t\t\t<div class=\"elementor-spacer-inner\"><\/div>\n\t\t<\/div>\n\t\t\t\t<\/div>\n\t\t\t\t<\/div>\n\t\t\t\t<div class=\"elementor-element elementor-element-13892cbb elementor-widget elementor-widget-heading\" data-id=\"13892cbb\" data-element_type=\"widget\" data-widget_type=\"heading.default\">\n\t\t\t\t<div class=\"elementor-widget-container\">\n\t\t\t<h1 class=\"elementor-heading-title elementor-size-large\">DRAMATURXIAS ITINERANTES\/ DRAMATURGIAS ITINERANTES<\/h1>\t\t<\/div>\n\t\t\t\t<\/div>\n\t\t\t\t<div class=\"elementor-element elementor-element-741cbe1d elementor-widget elementor-widget-text-editor\" data-id=\"741cbe1d\" data-element_type=\"widget\" data-widget_type=\"text-editor.default\">\n\t\t\t\t<div class=\"elementor-widget-container\">\n\t\t\t\t\t<div class=\"elementor-text-editor elementor-clearfix\"><h2><strong><span style=\"color: #ffffff;\">19 de novembro 2024<\/span><\/strong><\/h2><p><strong><span style=\"color: #ffffff;\">17h00<\/span><\/strong><\/p><\/div>\n\t\t\t\t<\/div>\n\t\t\t\t<\/div>\n\t\t\t\t<section class=\"elementor-section elementor-inner-section elementor-element elementor-element-6006598c elementor-section-content-middle elementor-section-boxed elementor-section-height-default elementor-section-height-default\" data-id=\"6006598c\" data-element_type=\"section\">\n\t\t\t\t\t\t<div class=\"elementor-container elementor-column-gap-extended\">\n\t\t\t\t\t\t\t<div class=\"elementor-row\">\n\t\t\t\t\t<div class=\"elementor-column elementor-col-100 elementor-inner-column elementor-element elementor-element-6404638c\" data-id=\"6404638c\" data-element_type=\"column\">\n\t\t\t<div class=\"elementor-column-wrap elementor-element-populated\">\n\t\t\t\t\t\t\t<div class=\"elementor-widget-wrap\">\n\t\t\t\t\t\t<div class=\"elementor-element elementor-element-3c911670 elementor-widget elementor-widget-text-editor\" data-id=\"3c911670\" data-element_type=\"widget\" data-widget_type=\"text-editor.default\">\n\t\t\t\t<div class=\"elementor-widget-container\">\n\t\t\t\t\t<div class=\"elementor-text-editor elementor-clearfix\"><h5><b><span style=\"font-family: var( --e-global-typography-text-font-family );\"><span style=\"color: #ffffff;\">ENTRADA GRATUITA (AT\u00c9 AO LIMITE DA LOTA\u00c7\u00c3O DA SALA) |\u00a0 RUA DA ALEGRIA, 503<\/span>\u00a0<\/span><\/b><\/h5><\/div>\n\t\t\t\t<\/div>\n\t\t\t\t<\/div>\n\t\t\t\t\t\t<\/div>\n\t\t\t\t\t<\/div>\n\t\t<\/div>\n\t\t\t\t\t\t\t\t<\/div>\n\t\t\t\t\t<\/div>\n\t\t<\/section>\n\t\t\t\t\t\t<\/div>\n\t\t\t\t\t<\/div>\n\t\t<\/div>\n\t\t\t\t\t\t\t\t<\/div>\n\t\t\t\t\t<\/div>\n\t\t<\/section>\n\t\t\t\t<section class=\"elementor-section elementor-top-section elementor-element elementor-element-396a1e6f elementor-section-boxed elementor-section-height-default elementor-section-height-default\" data-id=\"396a1e6f\" data-element_type=\"section\" data-settings=\"{&quot;background_background&quot;:&quot;classic&quot;}\">\n\t\t\t\t\t\t<div class=\"elementor-container elementor-column-gap-default\">\n\t\t\t\t\t\t\t<div class=\"elementor-row\">\n\t\t\t\t\t<div class=\"elementor-column elementor-col-50 elementor-top-column elementor-element elementor-element-2e88249\" data-id=\"2e88249\" data-element_type=\"column\">\n\t\t\t<div class=\"elementor-column-wrap elementor-element-populated\">\n\t\t\t\t\t\t\t<div class=\"elementor-widget-wrap\">\n\t\t\t\t\t\t<div class=\"elementor-element elementor-element-5ea659b1 elementor-widget elementor-widget-spacer\" data-id=\"5ea659b1\" data-element_type=\"widget\" data-widget_type=\"spacer.default\">\n\t\t\t\t<div class=\"elementor-widget-container\">\n\t\t\t\t\t<div class=\"elementor-spacer\">\n\t\t\t<div class=\"elementor-spacer-inner\"><\/div>\n\t\t<\/div>\n\t\t\t\t<\/div>\n\t\t\t\t<\/div>\n\t\t\t\t<div class=\"elementor-element elementor-element-36cc6497 elementor-widget elementor-widget-text-editor\" data-id=\"36cc6497\" data-element_type=\"widget\" data-widget_type=\"text-editor.default\">\n\t\t\t\t<div class=\"elementor-widget-container\">\n\t\t\t\t\t<div class=\"elementor-text-editor elementor-clearfix\"><p><strong>S\u00e9tima edici\u00f3n\/ S\u00e9tima edi\u00e7\u00e3o. <\/strong>Ano 2024<\/p><p><strong>Porto<\/strong>. Dia 19 de novembro na ESMAE do Porto, \u00e0s 17h00<br \/><strong>Vigo<\/strong>. D\u00eda 20 de novembro na ESAD de Galicia, \u00e0s 17h00<\/p><p><strong>AUTORAS E OBRA<\/strong><\/p><p><strong>GALIZA: Iria Pi\u00f1eiro<\/strong>.\u00a0 <em>M\u00e1quina do pobo.<br \/><\/em>A peza teatral que asina Iria Pi\u00f1eiro pres\u00e9ntase coma un percorrido a trav\u00e9s das dimensi\u00f3ns pol\u00edticas, emocionais e sociais da vida operativa dunha f\u00e1brica t\u00e9xtil, acheg\u00e1ndose \u00e1s distintas realidades que a compo\u00f1en. A peza rescata as voces das operarias, mais tam\u00e9n das persoas propietarias, explorando as experiencias e visi\u00f3ns que cada unha aporta sobre o proceso produtivo, a s\u00faa influencia na sociedade, e como o seu peche vai repercutir en todas elas.<\/p><p><strong>PORTUGAL: Lu\u00edsa Pinto<\/strong>. <em>My sugar daddy.<br \/><\/em>Esta proposta fala sobre um relacionamento sugar, que consiste em benef\u00edcios m\u00fatuos entre duas pessoas, normalmente de idades diferentes, com um acordo pr\u00e9-estabelecido sobre as expectativas e trocas envolvidas. Esta pe\u00e7a pretende alertar para os perigos deste tipo de relacionamento, promovendo a abertura de portas para a prostitui\u00e7\u00e3o e a viol\u00eancia de g\u00e9nero, onde o limite entre sanidade e a insanidade mental se revela t\u00e3o t\u00e9nue que ambas se confundem.<\/p><p><strong>EQUIPOS DE TRABALLO<\/strong><\/p><p><strong>GALIZA<br \/>Direcci\u00f3n art\u00edstica da lectura dramatizada<\/strong><br \/>Nuria Montero Gull\u00f3n<br \/><strong>Interve\u00f1en<br \/><\/strong>Maruxa Gemperle Ares<br \/>Sandra Zarco Fern\u00e1ndez<br \/>Sandra Folgar Mart\u00ednez<br \/>Laura Pamp\u00edn Sanabria<br \/><strong>Colaboran na direcci\u00f3n<\/strong><br \/>Vasta Daniel Mandlate<br \/>Carlos Puga<br \/>Daniel Pragal<br \/>Noelia Vila<br \/><strong>Produci\u00f3n<br \/><\/strong>ESAD<\/p><p><strong>PORTUGAL<br \/>Dire\u00e7\u00e2o art\u00edstica da leitura encenada<\/strong><br \/>Cl\u00e1udia Marisa<br \/><strong>Assist\u00eancia e Design de Som<br \/><\/strong>Nuno Tudela<br \/><strong>Interpreta\u00e7\u00e3o<br \/><\/strong>Ant\u00f3nio Salgado<br \/>Catarina Rapazinho<br \/><strong>Produ\u00e7\u00e3o<br \/><\/strong>ESMAE<\/p><p>Vanesa Sotelo, a dramaturga e profesora da especialidade de dramaturxia na ESAD de Galicia, ser\u00e1 a encargada de conducir a conversa entre as d\u00faas autoras co obxectivo de que co\u00f1ezamos en profundidade a s\u00faa obra.<\/p><p>Anteriores mulleres dramaturgas galegas e portuguesas que participaron no proxecto: Patr\u00edcia Portela e AveLina P\u00e9rez, Ana Carreira e Joana Craveiro, Clara Gayo e Cl\u00e1udia Lucas Ch\u00e9u, Rita Pinheiro e Laura Porto, Esther Carrodeguas e Cecilia Ferreira, Paula Carballeira e Sof\u00eda Santos Silva.<\/p><\/div>\n\t\t\t\t<\/div>\n\t\t\t\t<\/div>\n\t\t\t\t\t\t<\/div>\n\t\t\t\t\t<\/div>\n\t\t<\/div>\n\t\t\t\t<div class=\"elementor-column elementor-col-50 elementor-top-column elementor-element elementor-element-5bdcc6ce\" data-id=\"5bdcc6ce\" data-element_type=\"column\" data-settings=\"{&quot;background_background&quot;:&quot;classic&quot;}\">\n\t\t\t<div class=\"elementor-column-wrap elementor-element-populated\">\n\t\t\t\t\t<div class=\"elementor-background-overlay\"><\/div>\n\t\t\t\t\t\t\t<div class=\"elementor-widget-wrap\">\n\t\t\t\t\t\t<div class=\"elementor-element elementor-element-67b5e73 elementor-widget elementor-widget-image\" data-id=\"67b5e73\" data-element_type=\"widget\" data-widget_type=\"image.default\">\n\t\t\t\t<div class=\"elementor-widget-container\">\n\t\t\t\t\t<div class=\"elementor-image\">\n\t\t\t\t\t\t\t\t\t\t<img width=\"724\" height=\"1024\" src=\"http:\/\/thsc.pt\/wp-content\/uploads\/2024\/11\/cartaz-1-724x1024.jpg\" class=\"attachment-large size-large\" alt=\"\" decoding=\"async\" loading=\"lazy\" srcset=\"http:\/\/thsc.pt\/wp-content\/uploads\/2024\/11\/cartaz-1-724x1024.jpg 724w, http:\/\/thsc.pt\/wp-content\/uploads\/2024\/11\/cartaz-1-212x300.jpg 212w, http:\/\/thsc.pt\/wp-content\/uploads\/2024\/11\/cartaz-1-768x1086.jpg 768w, http:\/\/thsc.pt\/wp-content\/uploads\/2024\/11\/cartaz-1.jpg 842w\" sizes=\"(max-width: 724px) 100vw, 724px\" \/>\t\t\t\t\t\t\t\t\t\t\t<\/div>\n\t\t\t\t<\/div>\n\t\t\t\t<\/div>\n\t\t\t\t\t\t<\/div>\n\t\t\t\t\t<\/div>\n\t\t<\/div>\n\t\t\t\t\t\t\t\t<\/div>\n\t\t\t\t\t<\/div>\n\t\t<\/section>\n\t\t\t\t<section class=\"elementor-section elementor-top-section elementor-element elementor-element-45d8e8dc elementor-section-boxed elementor-section-height-default elementor-section-height-default\" data-id=\"45d8e8dc\" data-element_type=\"section\" data-settings=\"{&quot;background_background&quot;:&quot;classic&quot;}\">\n\t\t\t\t\t\t<div class=\"elementor-container elementor-column-gap-default\">\n\t\t\t\t\t\t\t<div class=\"elementor-row\">\n\t\t\t\t\t\t\t\t\t<\/div>\n\t\t\t\t\t<\/div>\n\t\t<\/section>\n\t\t\t\t<section class=\"elementor-section elementor-top-section elementor-element elementor-element-5c3d7b8e elementor-section-full_width elementor-section-stretched elementor-section-height-default elementor-section-height-default\" data-id=\"5c3d7b8e\" data-element_type=\"section\" data-settings=\"{&quot;stretch_section&quot;:&quot;section-stretched&quot;,&quot;background_background&quot;:&quot;classic&quot;}\">\n\t\t\t\t\t\t<div class=\"elementor-container elementor-column-gap-default\">\n\t\t\t\t\t\t\t<div class=\"elementor-row\">\n\t\t\t\t\t<div class=\"elementor-column elementor-col-100 elementor-top-column elementor-element elementor-element-73298c57\" data-id=\"73298c57\" data-element_type=\"column\">\n\t\t\t<div class=\"elementor-column-wrap elementor-element-populated\">\n\t\t\t\t\t\t\t<div class=\"elementor-widget-wrap\">\n\t\t\t\t\t\t<div class=\"elementor-element elementor-element-706bd729 elementor-widget elementor-widget-gallery\" data-id=\"706bd729\" data-element_type=\"widget\" data-settings=\"{&quot;gallery_layout&quot;:&quot;masonry&quot;,&quot;columns&quot;:2,&quot;columns_tablet&quot;:3,&quot;columns_mobile&quot;:2,&quot;lazyload&quot;:&quot;yes&quot;,&quot;gap&quot;:{&quot;unit&quot;:&quot;px&quot;,&quot;size&quot;:10,&quot;sizes&quot;:[]},&quot;gap_tablet&quot;:{&quot;unit&quot;:&quot;px&quot;,&quot;size&quot;:10,&quot;sizes&quot;:[]},&quot;gap_mobile&quot;:{&quot;unit&quot;:&quot;px&quot;,&quot;size&quot;:10,&quot;sizes&quot;:[]},&quot;overlay_background&quot;:&quot;yes&quot;,&quot;content_hover_animation&quot;:&quot;fade-in&quot;}\" data-widget_type=\"gallery.default\">\n\t\t\t\t<div class=\"elementor-widget-container\">\n\t\t\t\t\t<div class=\"elementor-gallery__container\">\n\t\t\t\t\t\t\t<div class=\"e-gallery-item elementor-gallery-item elementor-animated-content\">\n\t\t\t\t\t<div class=\"e-gallery-image elementor-gallery-item__image\" data-thumbnail=\"http:\/\/thsc.pt\/wp-content\/uploads\/2020\/08\/thsc1-1024x576.jpg\" data-width=\"1024\" data-height=\"576\" alt=\"\" ><\/div>\n\t\t\t\t\t\t\t\t\t\t<div class=\"elementor-gallery-item__overlay\"><\/div>\n\t\t\t\t\t\t\t\t\t\t\t\t\t\t<\/div>\n\t\t\t\t\t\t\t<div class=\"e-gallery-item elementor-gallery-item elementor-animated-content\">\n\t\t\t\t\t<div class=\"e-gallery-image elementor-gallery-item__image\" data-thumbnail=\"http:\/\/thsc.pt\/wp-content\/uploads\/2020\/08\/thsc_2-768x432-1.jpg\" data-width=\"768\" data-height=\"432\" alt=\"\" ><\/div>\n\t\t\t\t\t\t\t\t\t\t<div class=\"elementor-gallery-item__overlay\"><\/div>\n\t\t\t\t\t\t\t\t\t\t\t\t\t\t<\/div>\n\t\t\t\t\t<\/div>\n\t\t\t<\/div>\n\t\t\t\t<\/div>\n\t\t\t\t\t\t<\/div>\n\t\t\t\t\t<\/div>\n\t\t<\/div>\n\t\t\t\t\t\t\t\t<\/div>\n\t\t\t\t\t<\/div>\n\t\t<\/section>\n\t\t\t\t\t\t<\/div>\n\t\t\t\t\t\t<\/div>\n\t\t\t\t\t<\/div>\n\t\t","protected":false},"excerpt":{"rendered":"<p>DRAMATURXIAS ITINERANTES\/ DRAMATURGIAS ITINERANTES 19 de novembro 2024 17h00 ENTRADA GRATUITA (AT\u00c9 AO LIMITE DA LOTA\u00c7\u00c3O DA SALA) |\u00a0 RUA [&hellip;]<\/p>\n","protected":false},"author":3,"featured_media":4781,"parent":0,"menu_order":0,"comment_status":"closed","ping_status":"closed","template":"","meta":[],"_links":{"self":[{"href":"http:\/\/thsc.pt\/index.php?rest_route=\/wp\/v2\/pages\/5330"}],"collection":[{"href":"http:\/\/thsc.pt\/index.php?rest_route=\/wp\/v2\/pages"}],"about":[{"href":"http:\/\/thsc.pt\/index.php?rest_route=\/wp\/v2\/types\/page"}],"author":[{"embeddable":true,"href":"http:\/\/thsc.pt\/index.php?rest_route=\/wp\/v2\/users\/3"}],"replies":[{"embeddable":true,"href":"http:\/\/thsc.pt\/index.php?rest_route=%2Fwp%2Fv2%2Fcomments&post=5330"}],"version-history":[{"count":6,"href":"http:\/\/thsc.pt\/index.php?rest_route=\/wp\/v2\/pages\/5330\/revisions"}],"predecessor-version":[{"id":5340,"href":"http:\/\/thsc.pt\/index.php?rest_route=\/wp\/v2\/pages\/5330\/revisions\/5340"}],"wp:featuredmedia":[{"embeddable":true,"href":"http:\/\/thsc.pt\/index.php?rest_route=\/wp\/v2\/media\/4781"}],"wp:attachment":[{"href":"http:\/\/thsc.pt\/index.php?rest_route=%2Fwp%2Fv2%2Fmedia&parent=5330"}],"curies":[{"name":"wp","href":"https:\/\/api.w.org\/{rel}","templated":true}]}}