{"id":5311,"date":"2024-10-18T14:17:19","date_gmt":"2024-10-18T13:17:19","guid":{"rendered":"http:\/\/thsc.pt\/?page_id=5311"},"modified":"2024-10-30T15:50:28","modified_gmt":"2024-10-30T14:50:28","slug":"calendulario","status":"publish","type":"page","link":"http:\/\/thsc.pt\/?page_id=5311","title":{"rendered":"Calendul\u00e1rio"},"content":{"rendered":"\t\t<div data-elementor-type=\"wp-page\" data-elementor-id=\"5311\" class=\"elementor elementor-5311\" data-elementor-settings=\"[]\">\n\t\t\t\t\t\t<div class=\"elementor-inner\">\n\t\t\t\t\t\t\t<div class=\"elementor-section-wrap\">\n\t\t\t\t\t\t\t<section class=\"elementor-section elementor-top-section elementor-element elementor-element-2af4529a elementor-section-height-min-height elementor-section-boxed elementor-section-height-default elementor-section-items-middle\" data-id=\"2af4529a\" data-element_type=\"section\" data-settings=\"{&quot;background_background&quot;:&quot;classic&quot;}\">\n\t\t\t\t\t\t\t<div class=\"elementor-background-overlay\"><\/div>\n\t\t\t\t\t\t\t<div class=\"elementor-container elementor-column-gap-default\">\n\t\t\t\t\t\t\t<div class=\"elementor-row\">\n\t\t\t\t\t<div class=\"elementor-column elementor-col-100 elementor-top-column elementor-element elementor-element-3ca3742d\" data-id=\"3ca3742d\" data-element_type=\"column\">\n\t\t\t<div class=\"elementor-column-wrap elementor-element-populated\">\n\t\t\t\t\t\t\t<div class=\"elementor-widget-wrap\">\n\t\t\t\t\t\t<div class=\"elementor-element elementor-element-7bc8358 elementor-widget elementor-widget-spacer\" data-id=\"7bc8358\" data-element_type=\"widget\" data-widget_type=\"spacer.default\">\n\t\t\t\t<div class=\"elementor-widget-container\">\n\t\t\t\t\t<div class=\"elementor-spacer\">\n\t\t\t<div class=\"elementor-spacer-inner\"><\/div>\n\t\t<\/div>\n\t\t\t\t<\/div>\n\t\t\t\t<\/div>\n\t\t\t\t<div class=\"elementor-element elementor-element-784279a1 elementor-widget elementor-widget-heading\" data-id=\"784279a1\" data-element_type=\"widget\" data-widget_type=\"heading.default\">\n\t\t\t\t<div class=\"elementor-widget-container\">\n\t\t\t<h1 class=\"elementor-heading-title elementor-size-large\">CALENDUL\u00c1RIO<\/h1>\t\t<\/div>\n\t\t\t\t<\/div>\n\t\t\t\t<div class=\"elementor-element elementor-element-633667ba elementor-widget elementor-widget-text-editor\" data-id=\"633667ba\" data-element_type=\"widget\" data-widget_type=\"text-editor.default\">\n\t\t\t\t<div class=\"elementor-widget-container\">\n\t\t\t\t\t<div class=\"elementor-text-editor elementor-clearfix\"><h2><strong><span style=\"color: #ffffff;\">2 de novembro de 2024<\/span><\/strong><\/h2><p><strong><span style=\"color: #ffffff;\">21h30<\/span><\/strong><\/p><\/div>\n\t\t\t\t<\/div>\n\t\t\t\t<\/div>\n\t\t\t\t<section class=\"elementor-section elementor-inner-section elementor-element elementor-element-31a08997 elementor-section-content-middle elementor-section-boxed elementor-section-height-default elementor-section-height-default\" data-id=\"31a08997\" data-element_type=\"section\">\n\t\t\t\t\t\t<div class=\"elementor-container elementor-column-gap-extended\">\n\t\t\t\t\t\t\t<div class=\"elementor-row\">\n\t\t\t\t\t<div class=\"elementor-column elementor-col-100 elementor-inner-column elementor-element elementor-element-470c6b26\" data-id=\"470c6b26\" data-element_type=\"column\">\n\t\t\t<div class=\"elementor-column-wrap elementor-element-populated\">\n\t\t\t\t\t\t\t<div class=\"elementor-widget-wrap\">\n\t\t\t\t\t\t<div class=\"elementor-element elementor-element-4662696 elementor-widget elementor-widget-text-editor\" data-id=\"4662696\" data-element_type=\"widget\" data-widget_type=\"text-editor.default\">\n\t\t\t\t<div class=\"elementor-widget-container\">\n\t\t\t\t\t<div class=\"elementor-text-editor elementor-clearfix\"><h5><b><span style=\"font-family: var( --e-global-typography-text-font-family );\"><span style=\"color: #ffffff;\">M\/6 | ENTRADA GRATUITA (AT\u00c9 AO LIMITE DA LOTA\u00c7\u00c3O DA SALA)<\/span>\u00a0<\/span><\/b><\/h5><\/div>\n\t\t\t\t<\/div>\n\t\t\t\t<\/div>\n\t\t\t\t\t\t<\/div>\n\t\t\t\t\t<\/div>\n\t\t<\/div>\n\t\t\t\t\t\t\t\t<\/div>\n\t\t\t\t\t<\/div>\n\t\t<\/section>\n\t\t\t\t\t\t<\/div>\n\t\t\t\t\t<\/div>\n\t\t<\/div>\n\t\t\t\t\t\t\t\t<\/div>\n\t\t\t\t\t<\/div>\n\t\t<\/section>\n\t\t\t\t<section class=\"elementor-section elementor-top-section elementor-element elementor-element-4436f8c3 elementor-section-boxed elementor-section-height-default elementor-section-height-default\" data-id=\"4436f8c3\" data-element_type=\"section\" data-settings=\"{&quot;background_background&quot;:&quot;classic&quot;}\">\n\t\t\t\t\t\t<div class=\"elementor-container elementor-column-gap-default\">\n\t\t\t\t\t\t\t<div class=\"elementor-row\">\n\t\t\t\t\t<div class=\"elementor-column elementor-col-50 elementor-top-column elementor-element elementor-element-7b02e4ea\" data-id=\"7b02e4ea\" data-element_type=\"column\">\n\t\t\t<div class=\"elementor-column-wrap elementor-element-populated\">\n\t\t\t\t\t\t\t<div class=\"elementor-widget-wrap\">\n\t\t\t\t\t\t<div class=\"elementor-element elementor-element-1129b359 elementor-widget elementor-widget-spacer\" data-id=\"1129b359\" data-element_type=\"widget\" data-widget_type=\"spacer.default\">\n\t\t\t\t<div class=\"elementor-widget-container\">\n\t\t\t\t\t<div class=\"elementor-spacer\">\n\t\t\t<div class=\"elementor-spacer-inner\"><\/div>\n\t\t<\/div>\n\t\t\t\t<\/div>\n\t\t\t\t<\/div>\n\t\t\t\t<div class=\"elementor-element elementor-element-53727c0 elementor-widget elementor-widget-text-editor\" data-id=\"53727c0\" data-element_type=\"widget\" data-widget_type=\"text-editor.default\">\n\t\t\t\t<div class=\"elementor-widget-container\">\n\t\t\t\t\t<div class=\"elementor-text-editor elementor-clearfix\"><p>&#8220;Esta obra, fruto da minha <em>Form(a)\u00e7\u00e3o Criadora<\/em>, tese criada no \u00e2mbito do mestrado em Composi\u00e7\u00e3o, re\u00fane a sua inspira\u00e7\u00e3o entre o meu fasc\u00ednio pela planta cal\u00eandula e o pensamento morfol\u00f3gico goethiano, expresso no seu conceito de <em>Bildung<\/em> \u2014\u00a0 i.e. \u201caquele que designa tanto o que \u00e9 produzido como o que est\u00e1 em vias de o ser\u201d; in Goethe, <em>A Metamorfose das Plantas<\/em>. Esta obra \u00e9 pensada como experi\u00eancia heur\u00edstica cuja transforma\u00e7\u00e3o acontece em, e atrav\u00e9s de mim, metamorfoseando os materiais que a comp\u00f5e \u2014 a saber, o ensaio po\u00e9tico, e a obra musical. <em>Calendul\u00e1rio<\/em>\u00a0explora, assim, a ac\u00e7\u00e3o que vai fixando a forma, no processo criativo.\u00a0<br \/>A concretiza\u00e7\u00e3o desta obra, enquanto acto criador, deu-se pela abertura de caminhos por meio do crescimento e reprodu\u00e7\u00e3o, em simult\u00e2neo, de todas as ideias, vontades, subtilezas e imprevistos.<br \/>A for\u00e7a do momento vivo \u00e9 o ponto essencial deste projecto, sendo pela reuni\u00e3o de todas as fracturas org\u00e2nicas expostas (po\u00e9ticas, musicais, e outras que pertencem \u00e0 esfera do invis\u00edvel) que o projecto morfol\u00f3gico de aperfei\u00e7oamento e reprodu\u00e7\u00e3o da obra se d\u00e1. As superf\u00edcies sonoras, liter\u00e1rias, \u00edntimas, circunstanciais, acusadas em cada nervura que se toca com outra, podem percepcionar-se como uma metamorfose, uma possibilidade de muitas, numa escrita musical que escuta intuitivamente, cuidadosamente conectada e silenciosamente aceite. <em>Form(a)\u00e7\u00e3o Criadora<\/em> \u00e9 lugar po\u00e9tico e passagem musical &#8211; a possibilidade da cal\u00eandula enquanto prefigura\u00e7\u00e3o simb\u00f3lica e transfigura\u00e7\u00e3o art\u00edstica.&#8221;<br \/>(Catarina S\u00e1 Ribeiro, Outubro de 2024)<\/p><\/div>\n\t\t\t\t<\/div>\n\t\t\t\t<\/div>\n\t\t\t\t\t\t<\/div>\n\t\t\t\t\t<\/div>\n\t\t<\/div>\n\t\t\t\t<div class=\"elementor-column elementor-col-50 elementor-top-column elementor-element elementor-element-306acd7c\" data-id=\"306acd7c\" data-element_type=\"column\" data-settings=\"{&quot;background_background&quot;:&quot;classic&quot;}\">\n\t\t\t<div class=\"elementor-column-wrap elementor-element-populated\">\n\t\t\t\t\t<div class=\"elementor-background-overlay\"><\/div>\n\t\t\t\t\t\t\t<div class=\"elementor-widget-wrap\">\n\t\t\t\t\t\t<div class=\"elementor-element elementor-element-6ee601c elementor-widget elementor-widget-image\" data-id=\"6ee601c\" data-element_type=\"widget\" data-widget_type=\"image.default\">\n\t\t\t\t<div class=\"elementor-widget-container\">\n\t\t\t\t\t<div class=\"elementor-image\">\n\t\t\t\t\t\t\t\t\t\t<img width=\"724\" height=\"1024\" src=\"http:\/\/thsc.pt\/wp-content\/uploads\/2024\/10\/Cartaz-2-724x1024.jpg\" class=\"attachment-large size-large\" alt=\"\" decoding=\"async\" loading=\"lazy\" srcset=\"http:\/\/thsc.pt\/wp-content\/uploads\/2024\/10\/Cartaz-2-724x1024.jpg 724w, http:\/\/thsc.pt\/wp-content\/uploads\/2024\/10\/Cartaz-2-212x300.jpg 212w, http:\/\/thsc.pt\/wp-content\/uploads\/2024\/10\/Cartaz-2-768x1086.jpg 768w, http:\/\/thsc.pt\/wp-content\/uploads\/2024\/10\/Cartaz-2.jpg 842w\" sizes=\"(max-width: 724px) 100vw, 724px\" \/>\t\t\t\t\t\t\t\t\t\t\t<\/div>\n\t\t\t\t<\/div>\n\t\t\t\t<\/div>\n\t\t\t\t\t\t<\/div>\n\t\t\t\t\t<\/div>\n\t\t<\/div>\n\t\t\t\t\t\t\t\t<\/div>\n\t\t\t\t\t<\/div>\n\t\t<\/section>\n\t\t\t\t<section class=\"elementor-section elementor-top-section elementor-element elementor-element-65bd63f4 elementor-section-boxed elementor-section-height-default elementor-section-height-default\" data-id=\"65bd63f4\" data-element_type=\"section\" data-settings=\"{&quot;background_background&quot;:&quot;classic&quot;}\">\n\t\t\t\t\t\t<div class=\"elementor-container elementor-column-gap-default\">\n\t\t\t\t\t\t\t<div class=\"elementor-row\">\n\t\t\t\t\t\t\t\t\t<\/div>\n\t\t\t\t\t<\/div>\n\t\t<\/section>\n\t\t\t\t<section class=\"elementor-section elementor-top-section elementor-element elementor-element-3bf7b09 elementor-section-full_width elementor-section-height-min-height elementor-section-height-default elementor-section-items-middle\" data-id=\"3bf7b09\" data-element_type=\"section\" data-settings=\"{&quot;background_background&quot;:&quot;classic&quot;}\">\n\t\t\t\t\t\t<div class=\"elementor-container elementor-column-gap-no\">\n\t\t\t\t\t\t\t<div class=\"elementor-row\">\n\t\t\t\t\t<div class=\"elementor-column elementor-col-50 elementor-top-column elementor-element elementor-element-45e8d5d7\" data-id=\"45e8d5d7\" data-element_type=\"column\">\n\t\t\t<div class=\"elementor-column-wrap elementor-element-populated\">\n\t\t\t\t\t\t\t<div class=\"elementor-widget-wrap\">\n\t\t\t\t\t\t<div class=\"elementor-element elementor-element-5b04319c elementor-widget elementor-widget-text-editor\" data-id=\"5b04319c\" data-element_type=\"widget\" data-widget_type=\"text-editor.default\">\n\t\t\t\t<div class=\"elementor-widget-container\">\n\t\t\t\t\t<div class=\"elementor-text-editor elementor-clearfix\"><blockquote><p class=\"p1\"><span style=\"color: #333333;\"><strong>Equipa Criativa e Art\u00edstica<\/strong><\/span><\/p><\/blockquote><p class=\"p1\" style=\"padding-left: 40px;\"><span style=\"color: #333333;\"><strong>Composi\u00e7\u00e3o<\/strong><\/span><br \/><span style=\"color: #333333;\">Catarina Ribeiro (n. 1990)<\/span><\/p><p class=\"p1\" style=\"padding-left: 40px;\"><span style=\"color: #333333;\"><strong>Dire\u00e7\u00e3o<\/strong><\/span><br \/><span style=\"color: #333333;\">Marco Pereira<\/span><\/p><p class=\"p1\" style=\"padding-left: 40px;\"><span style=\"color: #333333;\"><strong>Violoncelo<\/strong><\/span><br \/><span style=\"color: #333333;\">Beatriz Machado<\/span><\/p><p class=\"p1\" style=\"padding-left: 40px;\"><span style=\"color: #333333;\"><strong>Clarinete<\/strong><\/span><br \/><span style=\"color: #333333;\">Eduardo Seabra<\/span><\/p><p class=\"p1\" style=\"padding-left: 40px;\"><span style=\"color: #000000;\"><strong>Harpa<\/strong><\/span><br \/><span style=\"color: #000000;\">Frederica Vieira Campos<\/span><\/p><p class=\"p1\" style=\"padding-left: 40px;\"><span style=\"color: #000000;\"><strong>Voz<\/strong><\/span><br \/><span style=\"color: #000000;\">Joana Alhau<\/span><\/p><\/div>\n\t\t\t\t<\/div>\n\t\t\t\t<\/div>\n\t\t\t\t\t\t<\/div>\n\t\t\t\t\t<\/div>\n\t\t<\/div>\n\t\t\t\t<div class=\"elementor-column elementor-col-50 elementor-top-column elementor-element elementor-element-1d7d36f9\" data-id=\"1d7d36f9\" data-element_type=\"column\">\n\t\t\t<div class=\"elementor-column-wrap elementor-element-populated\">\n\t\t\t\t\t\t\t<div class=\"elementor-widget-wrap\">\n\t\t\t\t\t\t<div class=\"elementor-element elementor-element-13c4367a elementor-widget elementor-widget-text-editor\" data-id=\"13c4367a\" data-element_type=\"widget\" data-widget_type=\"text-editor.default\">\n\t\t\t\t<div class=\"elementor-widget-container\">\n\t\t\t\t\t<div class=\"elementor-text-editor elementor-clearfix\"><p>\u00a0<\/p><p>\u00a0<\/p><p class=\"p1\"><span style=\"color: #333333;\"><strong>Guitarra El\u00e9trica<\/strong><\/span><br \/><span style=\"color: #333333;\">Marco Moura<\/span><\/p><p class=\"p1\"><span style=\"color: #333333;\"><strong>Piano<\/strong><\/span><br \/><span style=\"color: #333333;\">Marta Nabais Leite<\/span><\/p><p class=\"p1\"><span style=\"color: #333333;\"><strong>Violoncelo<\/strong><\/span><br \/><span style=\"color: #333333;\">Marta Nabeiro<\/span><\/p><p class=\"p1\"><span style=\"color: #333333;\"><strong>Guitarra Portuguesa<\/strong><\/span><br \/><span style=\"color: #333333;\">Miguel Amaral<\/span><\/p><p class=\"p1\"><span style=\"color: #333333;\"><strong>Saxofone Alto<\/strong><br \/>Rafael Gomes<\/span><\/p><p class=\"p1\"><span style=\"color: #333333;\"><strong>Percuss\u00e3o<\/strong><br \/>Rodrigo Allen<\/span><\/p><p class=\"p1\"><span style=\"color: #333333;\"><strong>Flauta<\/strong><br \/>Teresa Costa<\/span><\/p><p class=\"p1\"><span style=\"color: #333333;\"><strong>Fotografia<\/strong><br \/>Manuela S\u00e1<\/span><\/p><\/div>\n\t\t\t\t<\/div>\n\t\t\t\t<\/div>\n\t\t\t\t\t\t<\/div>\n\t\t\t\t\t<\/div>\n\t\t<\/div>\n\t\t\t\t\t\t\t\t<\/div>\n\t\t\t\t\t<\/div>\n\t\t<\/section>\n\t\t\t\t<section class=\"elementor-section elementor-top-section elementor-element elementor-element-17a4523f elementor-section-full_width elementor-section-stretched elementor-section-height-default elementor-section-height-default\" data-id=\"17a4523f\" data-element_type=\"section\" data-settings=\"{&quot;stretch_section&quot;:&quot;section-stretched&quot;,&quot;background_background&quot;:&quot;classic&quot;}\">\n\t\t\t\t\t\t<div class=\"elementor-container elementor-column-gap-default\">\n\t\t\t\t\t\t\t<div class=\"elementor-row\">\n\t\t\t\t\t<div class=\"elementor-column elementor-col-100 elementor-top-column elementor-element elementor-element-1908da43\" data-id=\"1908da43\" data-element_type=\"column\">\n\t\t\t<div class=\"elementor-column-wrap elementor-element-populated\">\n\t\t\t\t\t\t\t<div class=\"elementor-widget-wrap\">\n\t\t\t\t\t\t<div class=\"elementor-element elementor-element-63aba9e4 elementor-widget elementor-widget-gallery\" data-id=\"63aba9e4\" data-element_type=\"widget\" data-settings=\"{&quot;gallery_layout&quot;:&quot;masonry&quot;,&quot;columns&quot;:2,&quot;columns_tablet&quot;:3,&quot;columns_mobile&quot;:2,&quot;lazyload&quot;:&quot;yes&quot;,&quot;gap&quot;:{&quot;unit&quot;:&quot;px&quot;,&quot;size&quot;:10,&quot;sizes&quot;:[]},&quot;gap_tablet&quot;:{&quot;unit&quot;:&quot;px&quot;,&quot;size&quot;:10,&quot;sizes&quot;:[]},&quot;gap_mobile&quot;:{&quot;unit&quot;:&quot;px&quot;,&quot;size&quot;:10,&quot;sizes&quot;:[]},&quot;overlay_background&quot;:&quot;yes&quot;,&quot;content_hover_animation&quot;:&quot;fade-in&quot;}\" data-widget_type=\"gallery.default\">\n\t\t\t\t<div class=\"elementor-widget-container\">\n\t\t\t\t\t<div class=\"elementor-gallery__container\">\n\t\t\t\t\t\t\t<div class=\"e-gallery-item elementor-gallery-item elementor-animated-content\">\n\t\t\t\t\t<div class=\"e-gallery-image elementor-gallery-item__image\" data-thumbnail=\"http:\/\/thsc.pt\/wp-content\/uploads\/2020\/08\/thsc1-1024x576.jpg\" data-width=\"1024\" data-height=\"576\" alt=\"\" ><\/div>\n\t\t\t\t\t\t\t\t\t\t<div class=\"elementor-gallery-item__overlay\"><\/div>\n\t\t\t\t\t\t\t\t\t\t\t\t\t\t<\/div>\n\t\t\t\t\t\t\t<div class=\"e-gallery-item elementor-gallery-item elementor-animated-content\">\n\t\t\t\t\t<div class=\"e-gallery-image elementor-gallery-item__image\" data-thumbnail=\"http:\/\/thsc.pt\/wp-content\/uploads\/2020\/08\/thsc_2-768x432-1.jpg\" data-width=\"768\" data-height=\"432\" alt=\"\" ><\/div>\n\t\t\t\t\t\t\t\t\t\t<div class=\"elementor-gallery-item__overlay\"><\/div>\n\t\t\t\t\t\t\t\t\t\t\t\t\t\t<\/div>\n\t\t\t\t\t<\/div>\n\t\t\t<\/div>\n\t\t\t\t<\/div>\n\t\t\t\t\t\t<\/div>\n\t\t\t\t\t<\/div>\n\t\t<\/div>\n\t\t\t\t\t\t\t\t<\/div>\n\t\t\t\t\t<\/div>\n\t\t<\/section>\n\t\t\t\t\t\t<\/div>\n\t\t\t\t\t\t<\/div>\n\t\t\t\t\t<\/div>\n\t\t","protected":false},"excerpt":{"rendered":"<p>CALENDUL\u00c1RIO 2 de novembro de 2024 21h30 M\/6 | ENTRADA GRATUITA (AT\u00c9 AO LIMITE DA LOTA\u00c7\u00c3O DA SALA)\u00a0 &#8220;Esta obra, [&hellip;]<\/p>\n","protected":false},"author":3,"featured_media":5312,"parent":0,"menu_order":0,"comment_status":"closed","ping_status":"closed","template":"","meta":[],"_links":{"self":[{"href":"http:\/\/thsc.pt\/index.php?rest_route=\/wp\/v2\/pages\/5311"}],"collection":[{"href":"http:\/\/thsc.pt\/index.php?rest_route=\/wp\/v2\/pages"}],"about":[{"href":"http:\/\/thsc.pt\/index.php?rest_route=\/wp\/v2\/types\/page"}],"author":[{"embeddable":true,"href":"http:\/\/thsc.pt\/index.php?rest_route=\/wp\/v2\/users\/3"}],"replies":[{"embeddable":true,"href":"http:\/\/thsc.pt\/index.php?rest_route=%2Fwp%2Fv2%2Fcomments&post=5311"}],"version-history":[{"count":5,"href":"http:\/\/thsc.pt\/index.php?rest_route=\/wp\/v2\/pages\/5311\/revisions"}],"predecessor-version":[{"id":5323,"href":"http:\/\/thsc.pt\/index.php?rest_route=\/wp\/v2\/pages\/5311\/revisions\/5323"}],"wp:featuredmedia":[{"embeddable":true,"href":"http:\/\/thsc.pt\/index.php?rest_route=\/wp\/v2\/media\/5312"}],"wp:attachment":[{"href":"http:\/\/thsc.pt\/index.php?rest_route=%2Fwp%2Fv2%2Fmedia&parent=5311"}],"curies":[{"name":"wp","href":"https:\/\/api.w.org\/{rel}","templated":true}]}}