{"id":5192,"date":"2024-09-02T14:58:45","date_gmt":"2024-09-02T13:58:45","guid":{"rendered":"http:\/\/thsc.pt\/?page_id=5192"},"modified":"2024-10-31T16:38:09","modified_gmt":"2024-10-31T15:38:09","slug":"o-fauno-das-montanhas","status":"publish","type":"page","link":"http:\/\/thsc.pt\/?page_id=5192","title":{"rendered":"O Fauno das Montanhas"},"content":{"rendered":"\t\t<div data-elementor-type=\"wp-page\" data-elementor-id=\"5192\" class=\"elementor elementor-5192\" data-elementor-settings=\"[]\">\n\t\t\t\t\t\t<div class=\"elementor-inner\">\n\t\t\t\t\t\t\t<div class=\"elementor-section-wrap\">\n\t\t\t\t\t\t\t<section class=\"elementor-section elementor-top-section elementor-element elementor-element-44e0a93b elementor-section-height-min-height elementor-section-boxed elementor-section-height-default elementor-section-items-middle\" data-id=\"44e0a93b\" data-element_type=\"section\" data-settings=\"{&quot;background_background&quot;:&quot;classic&quot;}\">\n\t\t\t\t\t\t\t<div class=\"elementor-background-overlay\"><\/div>\n\t\t\t\t\t\t\t<div class=\"elementor-container elementor-column-gap-default\">\n\t\t\t\t\t\t\t<div class=\"elementor-row\">\n\t\t\t\t\t<div class=\"elementor-column elementor-col-100 elementor-top-column elementor-element elementor-element-37b36e50\" data-id=\"37b36e50\" data-element_type=\"column\">\n\t\t\t<div class=\"elementor-column-wrap elementor-element-populated\">\n\t\t\t\t\t\t\t<div class=\"elementor-widget-wrap\">\n\t\t\t\t\t\t<div class=\"elementor-element elementor-element-1271f291 elementor-widget elementor-widget-spacer\" data-id=\"1271f291\" data-element_type=\"widget\" data-widget_type=\"spacer.default\">\n\t\t\t\t<div class=\"elementor-widget-container\">\n\t\t\t\t\t<div class=\"elementor-spacer\">\n\t\t\t<div class=\"elementor-spacer-inner\"><\/div>\n\t\t<\/div>\n\t\t\t\t<\/div>\n\t\t\t\t<\/div>\n\t\t\t\t<div class=\"elementor-element elementor-element-3b44d423 elementor-widget elementor-widget-heading\" data-id=\"3b44d423\" data-element_type=\"widget\" data-widget_type=\"heading.default\">\n\t\t\t\t<div class=\"elementor-widget-container\">\n\t\t\t<h1 class=\"elementor-heading-title elementor-size-large\">O FAUNO DAS MONTANHAS - FIATO<\/h1>\t\t<\/div>\n\t\t\t\t<\/div>\n\t\t\t\t<div class=\"elementor-element elementor-element-51ac9752 elementor-widget elementor-widget-text-editor\" data-id=\"51ac9752\" data-element_type=\"widget\" data-widget_type=\"text-editor.default\">\n\t\t\t\t<div class=\"elementor-widget-container\">\n\t\t\t\t\t<div class=\"elementor-text-editor elementor-clearfix\"><h2><strong><span style=\"color: #ffffff;\">15 de novembro de 2024<\/span><\/strong><\/h2><p><strong><span style=\"color: #ffffff;\">21h00<\/span><\/strong><\/p><\/div>\n\t\t\t\t<\/div>\n\t\t\t\t<\/div>\n\t\t\t\t<section class=\"elementor-section elementor-inner-section elementor-element elementor-element-70b19e71 elementor-section-content-middle elementor-section-boxed elementor-section-height-default elementor-section-height-default\" data-id=\"70b19e71\" data-element_type=\"section\">\n\t\t\t\t\t\t<div class=\"elementor-container elementor-column-gap-extended\">\n\t\t\t\t\t\t\t<div class=\"elementor-row\">\n\t\t\t\t\t<div class=\"elementor-column elementor-col-100 elementor-inner-column elementor-element elementor-element-543a4a5c\" data-id=\"543a4a5c\" data-element_type=\"column\">\n\t\t\t<div class=\"elementor-column-wrap elementor-element-populated\">\n\t\t\t\t\t\t\t<div class=\"elementor-widget-wrap\">\n\t\t\t\t\t\t<div class=\"elementor-element elementor-element-10001ae elementor-widget elementor-widget-text-editor\" data-id=\"10001ae\" data-element_type=\"widget\" data-widget_type=\"text-editor.default\">\n\t\t\t\t<div class=\"elementor-widget-container\">\n\t\t\t\t\t<div class=\"elementor-text-editor elementor-clearfix\"><h5><span style=\"color: #ffffff;\"><b><span style=\"font-family: var( --e-global-typography-text-font-family );\">M\/6 |\u00a0 BILHETES : 5,00 a 10,00 euros\u00a0<\/span><\/b><\/span><\/h5><\/div>\n\t\t\t\t<\/div>\n\t\t\t\t<\/div>\n\t\t\t\t\t\t<\/div>\n\t\t\t\t\t<\/div>\n\t\t<\/div>\n\t\t\t\t\t\t\t\t<\/div>\n\t\t\t\t\t<\/div>\n\t\t<\/section>\n\t\t\t\t\t\t<\/div>\n\t\t\t\t\t<\/div>\n\t\t<\/div>\n\t\t\t\t\t\t\t\t<\/div>\n\t\t\t\t\t<\/div>\n\t\t<\/section>\n\t\t\t\t<section class=\"elementor-section elementor-top-section elementor-element elementor-element-426cf1e6 elementor-section-boxed elementor-section-height-default elementor-section-height-default\" data-id=\"426cf1e6\" data-element_type=\"section\" data-settings=\"{&quot;background_background&quot;:&quot;classic&quot;}\">\n\t\t\t\t\t\t<div class=\"elementor-container elementor-column-gap-default\">\n\t\t\t\t\t\t\t<div class=\"elementor-row\">\n\t\t\t\t\t<div class=\"elementor-column elementor-col-50 elementor-top-column elementor-element elementor-element-3c804759\" data-id=\"3c804759\" data-element_type=\"column\">\n\t\t\t<div class=\"elementor-column-wrap elementor-element-populated\">\n\t\t\t\t\t\t\t<div class=\"elementor-widget-wrap\">\n\t\t\t\t\t\t<div class=\"elementor-element elementor-element-65aaca4a elementor-widget elementor-widget-spacer\" data-id=\"65aaca4a\" data-element_type=\"widget\" data-widget_type=\"spacer.default\">\n\t\t\t\t<div class=\"elementor-widget-container\">\n\t\t\t\t\t<div class=\"elementor-spacer\">\n\t\t\t<div class=\"elementor-spacer-inner\"><\/div>\n\t\t<\/div>\n\t\t\t\t<\/div>\n\t\t\t\t<\/div>\n\t\t\t\t<div class=\"elementor-element elementor-element-25d98286 elementor-widget elementor-widget-text-editor\" data-id=\"25d98286\" data-element_type=\"widget\" data-widget_type=\"text-editor.default\">\n\t\t\t\t<div class=\"elementor-widget-container\">\n\t\t\t\t\t<div class=\"elementor-text-editor elementor-clearfix\"><p>A \u00f3pera O Fauno das Montanhas est\u00e1 integrada na primeira edi\u00e7\u00e3o do FIATO &#8211; Festival Internacional de Artes e \u00d3pera do Porto.<\/p><p>A \u00f3pera O Fauno das Montanhas une duas dimens\u00f5es art\u00edsticas distintas \u2013 filme mudo a preto e branco e \u00f3pera contempor\u00e2nea \u2013 de forma a criar um novo subg\u00e9nero art\u00edstico, nunca antes experimentado \u2013 \u00d3pera Muda. Uma \u00f3pera original, com m\u00fasica de Lu\u00eds Soldado, libreto de Rui Zink , encena\u00e7\u00e3o de Linda Valadas e dire\u00e7\u00e3o musical de Rui Pinheiro, ir\u00e1 acompanhar e narrar o filme mudo portugu\u00eas O Fauno das Montanhas (1926), do cineasta madeirense Manuel Lu\u00eds Vieira. O trabalho de dramaturgia musical tenciona sublinhar os pontos fortes da narrativa do filme e ajustar os tempos de edi\u00e7\u00e3o cinematogr\u00e1fica. O objetivo \u00e9 insuflar de vida o texto que o filme \u00e9, sem pelo caminho lha tirar. Este projeto n\u00e3o \u00e9 uma restaura\u00e7\u00e3o nem uma recria\u00e7\u00e3o, \u00e9 algo entre \u2013 e tamb\u00e9m al\u00e9m.<\/p><p>O FIATO &#8211; Festival Internacional de Artes e \u00d3pera do Porto \u00e9 promovido pelo Quarteto Contratempus e decorre de 13 a 16 de novembro de 2024 nas principais Salas de Espet\u00e1culo do Porto e nas ruas da cidade.\u00a0<\/p><\/div>\n\t\t\t\t<\/div>\n\t\t\t\t<\/div>\n\t\t\t\t\t\t<\/div>\n\t\t\t\t\t<\/div>\n\t\t<\/div>\n\t\t\t\t<div class=\"elementor-column elementor-col-50 elementor-top-column elementor-element elementor-element-2fac441a\" data-id=\"2fac441a\" data-element_type=\"column\" data-settings=\"{&quot;background_background&quot;:&quot;classic&quot;}\">\n\t\t\t<div class=\"elementor-column-wrap elementor-element-populated\">\n\t\t\t\t\t<div class=\"elementor-background-overlay\"><\/div>\n\t\t\t\t\t\t\t<div class=\"elementor-widget-wrap\">\n\t\t\t\t\t\t<div class=\"elementor-element elementor-element-945c2c8 elementor-widget elementor-widget-image\" data-id=\"945c2c8\" data-element_type=\"widget\" data-widget_type=\"image.default\">\n\t\t\t\t<div class=\"elementor-widget-container\">\n\t\t\t\t\t<div class=\"elementor-image\">\n\t\t\t\t\t\t\t\t\t\t<img width=\"724\" height=\"1024\" src=\"http:\/\/thsc.pt\/wp-content\/uploads\/2024\/10\/Cartaz-724x1024.png\" class=\"attachment-large size-large\" alt=\"\" decoding=\"async\" loading=\"lazy\" srcset=\"http:\/\/thsc.pt\/wp-content\/uploads\/2024\/10\/Cartaz-724x1024.png 724w, http:\/\/thsc.pt\/wp-content\/uploads\/2024\/10\/Cartaz-212x300.png 212w, http:\/\/thsc.pt\/wp-content\/uploads\/2024\/10\/Cartaz-768x1086.png 768w, http:\/\/thsc.pt\/wp-content\/uploads\/2024\/10\/Cartaz-1086x1536.png 1086w, http:\/\/thsc.pt\/wp-content\/uploads\/2024\/10\/Cartaz.png 1414w\" sizes=\"(max-width: 724px) 100vw, 724px\" \/>\t\t\t\t\t\t\t\t\t\t\t<\/div>\n\t\t\t\t<\/div>\n\t\t\t\t<\/div>\n\t\t\t\t\t\t<\/div>\n\t\t\t\t\t<\/div>\n\t\t<\/div>\n\t\t\t\t\t\t\t\t<\/div>\n\t\t\t\t\t<\/div>\n\t\t<\/section>\n\t\t\t\t<section class=\"elementor-section elementor-top-section elementor-element elementor-element-7be5df02 elementor-section-boxed elementor-section-height-default elementor-section-height-default\" data-id=\"7be5df02\" data-element_type=\"section\" data-settings=\"{&quot;background_background&quot;:&quot;classic&quot;}\">\n\t\t\t\t\t\t<div class=\"elementor-container elementor-column-gap-default\">\n\t\t\t\t\t\t\t<div class=\"elementor-row\">\n\t\t\t\t\t\t\t\t\t<\/div>\n\t\t\t\t\t<\/div>\n\t\t<\/section>\n\t\t\t\t<section class=\"elementor-section elementor-top-section elementor-element elementor-element-5bab2551 elementor-section-full_width elementor-section-height-min-height elementor-section-height-default elementor-section-items-middle\" data-id=\"5bab2551\" data-element_type=\"section\" data-settings=\"{&quot;background_background&quot;:&quot;classic&quot;}\">\n\t\t\t\t\t\t<div class=\"elementor-container elementor-column-gap-no\">\n\t\t\t\t\t\t\t<div class=\"elementor-row\">\n\t\t\t\t\t<div class=\"elementor-column elementor-col-50 elementor-top-column elementor-element elementor-element-461cc331\" data-id=\"461cc331\" data-element_type=\"column\">\n\t\t\t<div class=\"elementor-column-wrap elementor-element-populated\">\n\t\t\t\t\t\t\t<div class=\"elementor-widget-wrap\">\n\t\t\t\t\t\t<div class=\"elementor-element elementor-element-38065579 elementor-widget elementor-widget-text-editor\" data-id=\"38065579\" data-element_type=\"widget\" data-widget_type=\"text-editor.default\">\n\t\t\t\t<div class=\"elementor-widget-container\">\n\t\t\t\t\t<div class=\"elementor-text-editor elementor-clearfix\"><blockquote><p class=\"p1\"><span style=\"color: #333333;\"><strong>Equipa Criativa e Art\u00edstica<\/strong><\/span><\/p><\/blockquote><p class=\"p1\" style=\"padding-left: 40px;\"><span style=\"color: #333333;\"><strong>\u00d3pera<\/strong><\/span><br \/><span style=\"color: #333333;\">Lu\u00eds Soldado<\/span><\/p><p class=\"p1\" style=\"padding-left: 40px;\"><span style=\"color: #333333;\"><strong>Filme<\/strong><\/span><br \/><span style=\"color: #333333;\">&#8220;O Fauno das Montanhas&#8221;<br \/>Manuel Lu\u00eds Vieira<\/span><\/p><p class=\"p1\" style=\"padding-left: 40px;\"><span style=\"color: #333333;\"><strong>Libreto<\/strong><\/span><br \/><span style=\"color: #333333;\">Rui Zink<\/span><\/p><p class=\"p1\" style=\"padding-left: 40px;\"><span style=\"color: #333333;\"><strong>Encena\u00e7\u00e3o<\/strong><\/span><br \/><span style=\"color: #333333;\">Linda Valadas<\/span><\/p><p class=\"p1\" style=\"padding-left: 40px;\"><span style=\"color: #000000;\"><strong>Dire\u00e7\u00e3o Musical<\/strong><\/span><br \/><span style=\"color: #000000;\">Rui Pinheiro<\/span><\/p><\/div>\n\t\t\t\t<\/div>\n\t\t\t\t<\/div>\n\t\t\t\t\t\t<\/div>\n\t\t\t\t\t<\/div>\n\t\t<\/div>\n\t\t\t\t<div class=\"elementor-column elementor-col-50 elementor-top-column elementor-element elementor-element-46bcaf42\" data-id=\"46bcaf42\" data-element_type=\"column\">\n\t\t\t<div class=\"elementor-column-wrap elementor-element-populated\">\n\t\t\t\t\t\t\t<div class=\"elementor-widget-wrap\">\n\t\t\t\t\t\t<div class=\"elementor-element elementor-element-2176e19f elementor-widget elementor-widget-text-editor\" data-id=\"2176e19f\" data-element_type=\"widget\" data-widget_type=\"text-editor.default\">\n\t\t\t\t<div class=\"elementor-widget-container\">\n\t\t\t\t\t<div class=\"elementor-text-editor elementor-clearfix\"><p class=\"p1\"><span style=\"color: #333333;\"><strong>Cantores<\/strong><\/span><br \/><span style=\"color: #000000;\">C\u00e9lia Teixeira (soprano)<\/span><br \/><span style=\"color: #000000;\">Ricardo Rebelo da Silva (bar\u00edtono)<\/span><\/p><p class=\"p1\"><span style=\"color: #333333;\"><strong>Instrumentistas<\/strong><\/span><br \/><span style=\"color: #000000;\">Romeu Santos<br \/>Teresa Ara\u00fajo<br \/>H\u00e9lio Santos<\/span><\/p><p class=\"p1\"><span style=\"color: #333333;\"><strong>Figurinos<\/strong><\/span><br \/><span style=\"color: #333333;\">Linda Valadas<\/span><\/p><p class=\"p1\"><span style=\"color: #333333;\"><strong>Desenho de Luz<\/strong><\/span><br \/><span style=\"color: #333333;\">Lu\u00eds Ferreira<br \/><\/span><\/p><p><strong><span style=\"color: #000000;\">Apoios<br \/><\/span><\/strong><span style=\"color: #000000;\">Rep\u00fablica Portuguesa &#8211; Cultura<br \/>DGartes<\/span><br \/><span style=\"color: #000000;\">C\u00e2mara Municipal de Torres Vedras<\/span><br \/><span style=\"color: #000000;\">Cinemateca Portuguesa &#8211; Museu do Cinema<\/span><br \/><span style=\"color: #000000;\">Antena 2<\/span><\/p><p><span style=\"color: #000000;\"><strong>Imagem<br \/><\/strong>C\u00f3pia digitalizada pela Cinemateca Portuguesa \u2013 Museu do Cinema no \u00e2mbito do projecto FILMar, integrado no Mecanismo Europeu de Financiamento EEA Grants 2020-2024.<\/span><\/p><\/div>\n\t\t\t\t<\/div>\n\t\t\t\t<\/div>\n\t\t\t\t\t\t<\/div>\n\t\t\t\t\t<\/div>\n\t\t<\/div>\n\t\t\t\t\t\t\t\t<\/div>\n\t\t\t\t\t<\/div>\n\t\t<\/section>\n\t\t\t\t<section class=\"elementor-section elementor-top-section elementor-element elementor-element-6e1ddc42 elementor-section-full_width elementor-section-stretched elementor-section-height-default elementor-section-height-default\" data-id=\"6e1ddc42\" data-element_type=\"section\" data-settings=\"{&quot;stretch_section&quot;:&quot;section-stretched&quot;,&quot;background_background&quot;:&quot;classic&quot;}\">\n\t\t\t\t\t\t<div class=\"elementor-container elementor-column-gap-default\">\n\t\t\t\t\t\t\t<div class=\"elementor-row\">\n\t\t\t\t\t<div class=\"elementor-column elementor-col-100 elementor-top-column elementor-element elementor-element-2ce97acc\" data-id=\"2ce97acc\" data-element_type=\"column\">\n\t\t\t<div class=\"elementor-column-wrap elementor-element-populated\">\n\t\t\t\t\t\t\t<div class=\"elementor-widget-wrap\">\n\t\t\t\t\t\t<div class=\"elementor-element elementor-element-5dfecdb8 elementor-widget elementor-widget-gallery\" data-id=\"5dfecdb8\" data-element_type=\"widget\" data-settings=\"{&quot;gallery_layout&quot;:&quot;masonry&quot;,&quot;columns&quot;:2,&quot;columns_tablet&quot;:3,&quot;columns_mobile&quot;:2,&quot;lazyload&quot;:&quot;yes&quot;,&quot;gap&quot;:{&quot;unit&quot;:&quot;px&quot;,&quot;size&quot;:10,&quot;sizes&quot;:[]},&quot;gap_tablet&quot;:{&quot;unit&quot;:&quot;px&quot;,&quot;size&quot;:10,&quot;sizes&quot;:[]},&quot;gap_mobile&quot;:{&quot;unit&quot;:&quot;px&quot;,&quot;size&quot;:10,&quot;sizes&quot;:[]},&quot;overlay_background&quot;:&quot;yes&quot;,&quot;content_hover_animation&quot;:&quot;fade-in&quot;}\" data-widget_type=\"gallery.default\">\n\t\t\t\t<div class=\"elementor-widget-container\">\n\t\t\t\t\t<div class=\"elementor-gallery__container\">\n\t\t\t\t\t\t\t<div class=\"e-gallery-item elementor-gallery-item elementor-animated-content\">\n\t\t\t\t\t<div class=\"e-gallery-image elementor-gallery-item__image\" data-thumbnail=\"http:\/\/thsc.pt\/wp-content\/uploads\/2020\/08\/thsc1-1024x576.jpg\" data-width=\"1024\" data-height=\"576\" alt=\"\" ><\/div>\n\t\t\t\t\t\t\t\t\t\t<div class=\"elementor-gallery-item__overlay\"><\/div>\n\t\t\t\t\t\t\t\t\t\t\t\t\t\t<\/div>\n\t\t\t\t\t\t\t<div class=\"e-gallery-item elementor-gallery-item elementor-animated-content\">\n\t\t\t\t\t<div class=\"e-gallery-image elementor-gallery-item__image\" data-thumbnail=\"http:\/\/thsc.pt\/wp-content\/uploads\/2020\/08\/thsc_2-768x432-1.jpg\" data-width=\"768\" data-height=\"432\" alt=\"\" ><\/div>\n\t\t\t\t\t\t\t\t\t\t<div class=\"elementor-gallery-item__overlay\"><\/div>\n\t\t\t\t\t\t\t\t\t\t\t\t\t\t<\/div>\n\t\t\t\t\t<\/div>\n\t\t\t<\/div>\n\t\t\t\t<\/div>\n\t\t\t\t\t\t<\/div>\n\t\t\t\t\t<\/div>\n\t\t<\/div>\n\t\t\t\t\t\t\t\t<\/div>\n\t\t\t\t\t<\/div>\n\t\t<\/section>\n\t\t\t\t\t\t<\/div>\n\t\t\t\t\t\t<\/div>\n\t\t\t\t\t<\/div>\n\t\t","protected":false},"excerpt":{"rendered":"<p>O FAUNO DAS MONTANHAS &#8211; FIATO 15 de novembro de 2024 21h00 M\/6 |\u00a0 BILHETES : 5,00 a 10,00 euros\u00a0 [&hellip;]<\/p>\n","protected":false},"author":3,"featured_media":5193,"parent":0,"menu_order":0,"comment_status":"closed","ping_status":"closed","template":"","meta":[],"_links":{"self":[{"href":"http:\/\/thsc.pt\/index.php?rest_route=\/wp\/v2\/pages\/5192"}],"collection":[{"href":"http:\/\/thsc.pt\/index.php?rest_route=\/wp\/v2\/pages"}],"about":[{"href":"http:\/\/thsc.pt\/index.php?rest_route=\/wp\/v2\/types\/page"}],"author":[{"embeddable":true,"href":"http:\/\/thsc.pt\/index.php?rest_route=\/wp\/v2\/users\/3"}],"replies":[{"embeddable":true,"href":"http:\/\/thsc.pt\/index.php?rest_route=%2Fwp%2Fv2%2Fcomments&post=5192"}],"version-history":[{"count":8,"href":"http:\/\/thsc.pt\/index.php?rest_route=\/wp\/v2\/pages\/5192\/revisions"}],"predecessor-version":[{"id":5327,"href":"http:\/\/thsc.pt\/index.php?rest_route=\/wp\/v2\/pages\/5192\/revisions\/5327"}],"wp:featuredmedia":[{"embeddable":true,"href":"http:\/\/thsc.pt\/index.php?rest_route=\/wp\/v2\/media\/5193"}],"wp:attachment":[{"href":"http:\/\/thsc.pt\/index.php?rest_route=%2Fwp%2Fv2%2Fmedia&parent=5192"}],"curies":[{"name":"wp","href":"https:\/\/api.w.org\/{rel}","templated":true}]}}