{"id":5180,"date":"2024-09-02T14:37:36","date_gmt":"2024-09-02T13:37:36","guid":{"rendered":"http:\/\/thsc.pt\/?page_id=5180"},"modified":"2024-09-02T14:51:34","modified_gmt":"2024-09-02T13:51:34","slug":"flober","status":"publish","type":"page","link":"http:\/\/thsc.pt\/?page_id=5180","title":{"rendered":"Fl\u00f3b\u00e9r"},"content":{"rendered":"\t\t<div data-elementor-type=\"wp-page\" data-elementor-id=\"5180\" class=\"elementor elementor-5180\" data-elementor-settings=\"[]\">\n\t\t\t\t\t\t<div class=\"elementor-inner\">\n\t\t\t\t\t\t\t<div class=\"elementor-section-wrap\">\n\t\t\t\t\t\t\t<section class=\"elementor-section elementor-top-section elementor-element elementor-element-26b5a6d8 elementor-section-height-min-height elementor-section-boxed elementor-section-height-default elementor-section-items-middle\" data-id=\"26b5a6d8\" data-element_type=\"section\" data-settings=\"{&quot;background_background&quot;:&quot;classic&quot;}\">\n\t\t\t\t\t\t\t<div class=\"elementor-background-overlay\"><\/div>\n\t\t\t\t\t\t\t<div class=\"elementor-container elementor-column-gap-default\">\n\t\t\t\t\t\t\t<div class=\"elementor-row\">\n\t\t\t\t\t<div class=\"elementor-column elementor-col-100 elementor-top-column elementor-element elementor-element-69448c72\" data-id=\"69448c72\" data-element_type=\"column\">\n\t\t\t<div class=\"elementor-column-wrap elementor-element-populated\">\n\t\t\t\t\t\t\t<div class=\"elementor-widget-wrap\">\n\t\t\t\t\t\t<div class=\"elementor-element elementor-element-2c8eceec elementor-widget elementor-widget-spacer\" data-id=\"2c8eceec\" data-element_type=\"widget\" data-widget_type=\"spacer.default\">\n\t\t\t\t<div class=\"elementor-widget-container\">\n\t\t\t\t\t<div class=\"elementor-spacer\">\n\t\t\t<div class=\"elementor-spacer-inner\"><\/div>\n\t\t<\/div>\n\t\t\t\t<\/div>\n\t\t\t\t<\/div>\n\t\t\t\t<div class=\"elementor-element elementor-element-12be457e elementor-widget elementor-widget-heading\" data-id=\"12be457e\" data-element_type=\"widget\" data-widget_type=\"heading.default\">\n\t\t\t\t<div class=\"elementor-widget-container\">\n\t\t\t<h1 class=\"elementor-heading-title elementor-size-large\">FL\u00d3B\u00c9R<\/h1>\t\t<\/div>\n\t\t\t\t<\/div>\n\t\t\t\t<div class=\"elementor-element elementor-element-2aa3fa84 elementor-widget elementor-widget-text-editor\" data-id=\"2aa3fa84\" data-element_type=\"widget\" data-widget_type=\"text-editor.default\">\n\t\t\t\t<div class=\"elementor-widget-container\">\n\t\t\t\t\t<div class=\"elementor-text-editor elementor-clearfix\"><h2><strong><span style=\"color: #ffffff;\">21 e 22 setembro de 2024<\/span><\/strong><\/h2><p><strong><span style=\"color: #ffffff;\">21h00<\/span><\/strong><\/p><\/div>\n\t\t\t\t<\/div>\n\t\t\t\t<\/div>\n\t\t\t\t<section class=\"elementor-section elementor-inner-section elementor-element elementor-element-3dae3b9 elementor-section-content-middle elementor-section-boxed elementor-section-height-default elementor-section-height-default\" data-id=\"3dae3b9\" data-element_type=\"section\">\n\t\t\t\t\t\t<div class=\"elementor-container elementor-column-gap-extended\">\n\t\t\t\t\t\t\t<div class=\"elementor-row\">\n\t\t\t\t\t<div class=\"elementor-column elementor-col-100 elementor-inner-column elementor-element elementor-element-74039558\" data-id=\"74039558\" data-element_type=\"column\">\n\t\t\t<div class=\"elementor-column-wrap elementor-element-populated\">\n\t\t\t\t\t\t\t<div class=\"elementor-widget-wrap\">\n\t\t\t\t\t\t<div class=\"elementor-element elementor-element-f1370b3 elementor-widget elementor-widget-text-editor\" data-id=\"f1370b3\" data-element_type=\"widget\" data-widget_type=\"text-editor.default\">\n\t\t\t\t<div class=\"elementor-widget-container\">\n\t\t\t\t\t<div class=\"elementor-text-editor elementor-clearfix\"><h5><span style=\"color: #ffffff;\"><b><span style=\"font-family: var( --e-global-typography-text-font-family );\">M\/6 |\u00a0 BILHETES : 5,00 a 10,00 euros\u00a0<\/span><\/b><\/span><\/h5><\/div>\n\t\t\t\t<\/div>\n\t\t\t\t<\/div>\n\t\t\t\t\t\t<\/div>\n\t\t\t\t\t<\/div>\n\t\t<\/div>\n\t\t\t\t\t\t\t\t<\/div>\n\t\t\t\t\t<\/div>\n\t\t<\/section>\n\t\t\t\t\t\t<\/div>\n\t\t\t\t\t<\/div>\n\t\t<\/div>\n\t\t\t\t\t\t\t\t<\/div>\n\t\t\t\t\t<\/div>\n\t\t<\/section>\n\t\t\t\t<section class=\"elementor-section elementor-top-section elementor-element elementor-element-61acf48c elementor-section-boxed elementor-section-height-default elementor-section-height-default\" data-id=\"61acf48c\" data-element_type=\"section\" data-settings=\"{&quot;background_background&quot;:&quot;classic&quot;}\">\n\t\t\t\t\t\t<div class=\"elementor-container elementor-column-gap-default\">\n\t\t\t\t\t\t\t<div class=\"elementor-row\">\n\t\t\t\t\t<div class=\"elementor-column elementor-col-50 elementor-top-column elementor-element elementor-element-4036b7e4\" data-id=\"4036b7e4\" data-element_type=\"column\">\n\t\t\t<div class=\"elementor-column-wrap elementor-element-populated\">\n\t\t\t\t\t\t\t<div class=\"elementor-widget-wrap\">\n\t\t\t\t\t\t<div class=\"elementor-element elementor-element-5bba614a elementor-widget elementor-widget-spacer\" data-id=\"5bba614a\" data-element_type=\"widget\" data-widget_type=\"spacer.default\">\n\t\t\t\t<div class=\"elementor-widget-container\">\n\t\t\t\t\t<div class=\"elementor-spacer\">\n\t\t\t<div class=\"elementor-spacer-inner\"><\/div>\n\t\t<\/div>\n\t\t\t\t<\/div>\n\t\t\t\t<\/div>\n\t\t\t\t<div class=\"elementor-element elementor-element-4255fed0 elementor-widget elementor-widget-text-editor\" data-id=\"4255fed0\" data-element_type=\"widget\" data-widget_type=\"text-editor.default\">\n\t\t\t\t<div class=\"elementor-widget-container\">\n\t\t\t\t\t<div class=\"elementor-text-editor elementor-clearfix\"><p>Corpo ditatorial, corpo religioso, corpo colonial, corpo fam\u00edlia.<\/p><p>A opress\u00e3o \u00e9 um corpo. Um processo vital. A opress\u00e3o \u00e9 interna, anat\u00f3mica, estrutural. A opress\u00e3o integra-se, aloja-se, incorpora-se, comprime \u00f3rg\u00e3os, m\u00fasculos, torna-se corpo, o corpo, vital, como se de um novo \u00f3rg\u00e3o se tratasse, ou de um \u00f3rg\u00e3o que sempre existiu, sem nos darmos conta, parte integrante.<\/p><p>A opress\u00e3o \u00e9 uma rotina ancestral. Oprimidos, oprimem. O antes e depois confunde-se, esquece-se. Opressores &#8211; somes todes. FL\u00d3B\u00c9R \u00e9 uma performance interdisciplinar e ativista de \u00edndole autobiogr\u00e1fico, que aborda a prolifera\u00e7\u00e3o de cren\u00e7as e pr\u00e1ticas ditatoriais e coloniais na fam\u00edlia e sociedade contempor\u00e2nea.<\/p><\/div>\n\t\t\t\t<\/div>\n\t\t\t\t<\/div>\n\t\t\t\t\t\t<\/div>\n\t\t\t\t\t<\/div>\n\t\t<\/div>\n\t\t\t\t<div class=\"elementor-column elementor-col-50 elementor-top-column elementor-element elementor-element-58100acb\" data-id=\"58100acb\" data-element_type=\"column\" data-settings=\"{&quot;background_background&quot;:&quot;classic&quot;}\">\n\t\t\t<div class=\"elementor-column-wrap elementor-element-populated\">\n\t\t\t\t\t<div class=\"elementor-background-overlay\"><\/div>\n\t\t\t\t\t\t\t<div class=\"elementor-widget-wrap\">\n\t\t\t\t\t\t<div class=\"elementor-element elementor-element-b2cd6d9 elementor-widget elementor-widget-image\" data-id=\"b2cd6d9\" data-element_type=\"widget\" data-widget_type=\"image.default\">\n\t\t\t\t<div class=\"elementor-widget-container\">\n\t\t\t\t\t<div class=\"elementor-image\">\n\t\t\t\t\t\t\t\t\t\t<img width=\"739\" height=\"1024\" src=\"http:\/\/thsc.pt\/wp-content\/uploads\/2024\/09\/CARTAZ-1-739x1024.jpg\" class=\"attachment-large size-large\" alt=\"\" decoding=\"async\" loading=\"lazy\" srcset=\"http:\/\/thsc.pt\/wp-content\/uploads\/2024\/09\/CARTAZ-1-739x1024.jpg 739w, http:\/\/thsc.pt\/wp-content\/uploads\/2024\/09\/CARTAZ-1-216x300.jpg 216w, http:\/\/thsc.pt\/wp-content\/uploads\/2024\/09\/CARTAZ-1-768x1065.jpg 768w, http:\/\/thsc.pt\/wp-content\/uploads\/2024\/09\/CARTAZ-1-1108x1536.jpg 1108w, http:\/\/thsc.pt\/wp-content\/uploads\/2024\/09\/CARTAZ-1-1477x2048.jpg 1477w, http:\/\/thsc.pt\/wp-content\/uploads\/2024\/09\/CARTAZ-1-scaled.jpg 1846w\" sizes=\"(max-width: 739px) 100vw, 739px\" \/>\t\t\t\t\t\t\t\t\t\t\t<\/div>\n\t\t\t\t<\/div>\n\t\t\t\t<\/div>\n\t\t\t\t\t\t<\/div>\n\t\t\t\t\t<\/div>\n\t\t<\/div>\n\t\t\t\t\t\t\t\t<\/div>\n\t\t\t\t\t<\/div>\n\t\t<\/section>\n\t\t\t\t<section class=\"elementor-section elementor-top-section elementor-element elementor-element-4f3ce65e elementor-section-boxed elementor-section-height-default elementor-section-height-default\" data-id=\"4f3ce65e\" data-element_type=\"section\" data-settings=\"{&quot;background_background&quot;:&quot;classic&quot;}\">\n\t\t\t\t\t\t<div class=\"elementor-container elementor-column-gap-default\">\n\t\t\t\t\t\t\t<div class=\"elementor-row\">\n\t\t\t\t\t\t\t\t\t<\/div>\n\t\t\t\t\t<\/div>\n\t\t<\/section>\n\t\t\t\t<section class=\"elementor-section elementor-top-section elementor-element elementor-element-533b62c0 elementor-section-full_width elementor-section-height-min-height elementor-section-height-default elementor-section-items-middle\" data-id=\"533b62c0\" data-element_type=\"section\" data-settings=\"{&quot;background_background&quot;:&quot;classic&quot;}\">\n\t\t\t\t\t\t<div class=\"elementor-container elementor-column-gap-no\">\n\t\t\t\t\t\t\t<div class=\"elementor-row\">\n\t\t\t\t\t<div class=\"elementor-column elementor-col-50 elementor-top-column elementor-element elementor-element-66ae880c\" data-id=\"66ae880c\" data-element_type=\"column\">\n\t\t\t<div class=\"elementor-column-wrap elementor-element-populated\">\n\t\t\t\t\t\t\t<div class=\"elementor-widget-wrap\">\n\t\t\t\t\t\t<div class=\"elementor-element elementor-element-6e29e4c3 elementor-widget elementor-widget-text-editor\" data-id=\"6e29e4c3\" data-element_type=\"widget\" data-widget_type=\"text-editor.default\">\n\t\t\t\t<div class=\"elementor-widget-container\">\n\t\t\t\t\t<div class=\"elementor-text-editor elementor-clearfix\"><blockquote><p class=\"p1\"><span style=\"color: #333333;\"><strong>Equipa Criativa e Art\u00edstica<\/strong><\/span><\/p><\/blockquote><p class=\"p1\" style=\"padding-left: 40px;\"><span style=\"color: #333333;\"><strong>Cria\u00e7\u00e3o, Sonoplastia e Performance<\/strong><\/span><br \/><span style=\"color: #333333;\">Telmo Branco<\/span><\/p><p class=\"p1\" style=\"padding-left: 40px;\"><span style=\"color: #333333;\"><strong>Performance<br \/><\/strong><\/span><span style=\"color: #000000;\"><strong>Co-dramaturgia<\/strong><\/span><br \/><span style=\"color: #333333;\">Ren Mauney<\/span><\/p><p class=\"p1\" style=\"padding-left: 40px;\"><span style=\"color: #333333;\"><strong>Gest\u00e3o Financeira<\/strong><\/span><br \/><span style=\"color: #333333;\">ORG.I.A &#8211; ORGANIZA\u00c7\u00c3O, INVESTIGA\u00c7\u00c3O E ARTES &#8211; ASSOCIA\u00c7\u00c3O<\/span><\/p><p class=\"p1\" style=\"padding-left: 40px;\"><span style=\"color: #333333;\"><strong>V\u00eddeo Promocional 1<br \/><\/strong><\/span><span style=\"color: #333333;\">V\u00edtor Hugo Costa<br \/>Metafilmes<\/span><\/p><p class=\"p1\" style=\"padding-left: 40px;\"><strong><span style=\"color: #333333;\">V\u00eddeo Promocional 2<br \/><\/span><\/strong><span style=\"color: #333333;\">Telmo Branco<\/span><\/p><p class=\"p1\" style=\"padding-left: 40px;\"><span style=\"color: #000000;\"><strong>Fotografia<\/strong><\/span><br \/><span style=\"color: #000000;\">Sara Corvo<\/span><\/p><\/div>\n\t\t\t\t<\/div>\n\t\t\t\t<\/div>\n\t\t\t\t\t\t<\/div>\n\t\t\t\t\t<\/div>\n\t\t<\/div>\n\t\t\t\t<div class=\"elementor-column elementor-col-50 elementor-top-column elementor-element elementor-element-7b9ac535\" data-id=\"7b9ac535\" data-element_type=\"column\">\n\t\t\t<div class=\"elementor-column-wrap elementor-element-populated\">\n\t\t\t\t\t\t\t<div class=\"elementor-widget-wrap\">\n\t\t\t\t\t\t<div class=\"elementor-element elementor-element-6f4d293d elementor-widget elementor-widget-text-editor\" data-id=\"6f4d293d\" data-element_type=\"widget\" data-widget_type=\"text-editor.default\">\n\t\t\t\t<div class=\"elementor-widget-container\">\n\t\t\t\t\t<div class=\"elementor-text-editor elementor-clearfix\"><p><span style=\"color: #000000;\"><strong>Fotografia promocional de workshops<\/strong><br \/>Telmo Branco<\/span><\/p><p><span style=\"color: #000000;\"><strong>Desenho gr\u00e1fico the posters e flyers<\/strong><br \/><\/span><span style=\"color: #000000;\"> Telmo Branco<\/span><\/p><p><span style=\"color: #000000;\"><strong>Capta\u00e7\u00e3o de video de workshops<\/strong><br \/><\/span><span style=\"color: #000000;\"> Ren Mauney<\/span><\/p><p><span style=\"color: #000000;\"><strong>Edi\u00e7\u00e3o de video de workshops<\/strong><br \/>Telmo Branco<\/span><\/p><p><span style=\"color: #000000;\"><strong>Em colabora\u00e7\u00e3o com<\/strong><br \/>Goethe-Institut Lisboa, Teatro Papa-L\u00e9guas, ESMAE-IPP, CDCE &#8211; FIDANC 24 e Panteras Rosa.<\/span><\/p><p><span style=\"color: #000000;\"><strong>Apoios<\/strong><br \/>Rep\u00fablica Portuguesa \u2013 Cultura \/ Dire\u00e7\u00e3o-Geral das Artes e Comiss\u00e3o Comemorativa 50 anos 25 de Abril, Apoio Funda\u00e7\u00e3o GDA e DISTANZEN Solo &#8211; Dachverband Tanz Deutschland und NEUSTARTKULTUR<\/span><\/p><p><span style=\"color: #000000;\"><strong>Agradecimentos<\/strong><br \/>Filipa Matta, Julia Klein, Sergio Vitorino e Diana Santos &#8211; Coletivo Feminista As DEsaFIantes.<\/span><\/p><p><em><span style=\"color: #000000;\">V\u00eddeo document\u00e1rio (integrado na performance)<br \/><\/span><\/em><strong><span style=\"color: #000000;\">Videografia e performance<br \/><\/span><\/strong><span style=\"color: #000000;\">Telmo Branco<\/span><\/p><p><span style=\"color: #000000;\"><strong>Sonoplastia<\/strong><br \/>Telmo Branco e Marcelo Schmittner<\/span><\/p><p><span style=\"color: #000000;\"><strong>Entrevistados<\/strong><br \/>S\u00f3nia Latas, Odete Ortiz, Miguel Branco e Rui Brinquete<\/span><\/p><p><span style=\"color: #000000;\"><strong>Agradecimentos<\/strong><br \/>Ren Mauney, Ver\u00f3nica Branco e Petr Hosek.<\/span><\/p><p><em><span style=\"color: #000000;\">Capta\u00e7\u00e3o e edi\u00e7\u00e3o integral da performance<br \/><\/span><\/em><span style=\"color: #000000;\"><strong>Capta\u00e7\u00e3o, produ\u00e7\u00e3o e p\u00f3s-produ\u00e7\u00e3o<\/strong><br \/>Vitor Hugo Costa \/ Metafilmes<\/span><\/p><p><span style=\"color: #000000;\"><strong>Assist\u00eancia de capta\u00e7\u00e3o de imagem e som<\/strong><br \/>S\u00e9rgio Brilha<\/span><\/p><\/div>\n\t\t\t\t<\/div>\n\t\t\t\t<\/div>\n\t\t\t\t\t\t<\/div>\n\t\t\t\t\t<\/div>\n\t\t<\/div>\n\t\t\t\t\t\t\t\t<\/div>\n\t\t\t\t\t<\/div>\n\t\t<\/section>\n\t\t\t\t<section class=\"elementor-section elementor-top-section elementor-element elementor-element-62f92bcc elementor-section-full_width elementor-section-stretched elementor-section-height-default elementor-section-height-default\" data-id=\"62f92bcc\" data-element_type=\"section\" data-settings=\"{&quot;stretch_section&quot;:&quot;section-stretched&quot;,&quot;background_background&quot;:&quot;classic&quot;}\">\n\t\t\t\t\t\t<div class=\"elementor-container elementor-column-gap-default\">\n\t\t\t\t\t\t\t<div class=\"elementor-row\">\n\t\t\t\t\t<div class=\"elementor-column elementor-col-100 elementor-top-column elementor-element elementor-element-3ad97ba5\" data-id=\"3ad97ba5\" data-element_type=\"column\">\n\t\t\t<div class=\"elementor-column-wrap elementor-element-populated\">\n\t\t\t\t\t\t\t<div class=\"elementor-widget-wrap\">\n\t\t\t\t\t\t<div class=\"elementor-element elementor-element-69904b09 elementor-widget elementor-widget-gallery\" data-id=\"69904b09\" data-element_type=\"widget\" data-settings=\"{&quot;gallery_layout&quot;:&quot;masonry&quot;,&quot;columns&quot;:2,&quot;columns_tablet&quot;:3,&quot;columns_mobile&quot;:2,&quot;lazyload&quot;:&quot;yes&quot;,&quot;gap&quot;:{&quot;unit&quot;:&quot;px&quot;,&quot;size&quot;:10,&quot;sizes&quot;:[]},&quot;gap_tablet&quot;:{&quot;unit&quot;:&quot;px&quot;,&quot;size&quot;:10,&quot;sizes&quot;:[]},&quot;gap_mobile&quot;:{&quot;unit&quot;:&quot;px&quot;,&quot;size&quot;:10,&quot;sizes&quot;:[]},&quot;overlay_background&quot;:&quot;yes&quot;,&quot;content_hover_animation&quot;:&quot;fade-in&quot;}\" data-widget_type=\"gallery.default\">\n\t\t\t\t<div class=\"elementor-widget-container\">\n\t\t\t\t\t<div class=\"elementor-gallery__container\">\n\t\t\t\t\t\t\t<div class=\"e-gallery-item elementor-gallery-item elementor-animated-content\">\n\t\t\t\t\t<div class=\"e-gallery-image elementor-gallery-item__image\" data-thumbnail=\"http:\/\/thsc.pt\/wp-content\/uploads\/2024\/09\/4-1024x683.jpg\" data-width=\"1024\" data-height=\"683\" alt=\"\" ><\/div>\n\t\t\t\t\t\t\t\t\t\t<div class=\"elementor-gallery-item__overlay\"><\/div>\n\t\t\t\t\t\t\t\t\t\t\t\t\t\t<\/div>\n\t\t\t\t\t\t\t<div class=\"e-gallery-item elementor-gallery-item elementor-animated-content\">\n\t\t\t\t\t<div class=\"e-gallery-image elementor-gallery-item__image\" data-thumbnail=\"http:\/\/thsc.pt\/wp-content\/uploads\/2024\/09\/2-1024x683.jpg\" data-width=\"1024\" data-height=\"683\" alt=\"\" ><\/div>\n\t\t\t\t\t\t\t\t\t\t<div class=\"elementor-gallery-item__overlay\"><\/div>\n\t\t\t\t\t\t\t\t\t\t\t\t\t\t<\/div>\n\t\t\t\t\t\t\t<div class=\"e-gallery-item elementor-gallery-item elementor-animated-content\">\n\t\t\t\t\t<div class=\"e-gallery-image elementor-gallery-item__image\" data-thumbnail=\"http:\/\/thsc.pt\/wp-content\/uploads\/2024\/09\/3-1024x683.jpeg\" data-width=\"1024\" data-height=\"683\" alt=\"\" ><\/div>\n\t\t\t\t\t\t\t\t\t\t<div class=\"elementor-gallery-item__overlay\"><\/div>\n\t\t\t\t\t\t\t\t\t\t\t\t\t\t<\/div>\n\t\t\t\t\t\t\t<div class=\"e-gallery-item elementor-gallery-item elementor-animated-content\">\n\t\t\t\t\t<div class=\"e-gallery-image elementor-gallery-item__image\" data-thumbnail=\"http:\/\/thsc.pt\/wp-content\/uploads\/2024\/09\/1-742x1024.jpeg\" data-width=\"742\" data-height=\"1024\" alt=\"\" ><\/div>\n\t\t\t\t\t\t\t\t\t\t<div class=\"elementor-gallery-item__overlay\"><\/div>\n\t\t\t\t\t\t\t\t\t\t\t\t\t\t<\/div>\n\t\t\t\t\t<\/div>\n\t\t\t<\/div>\n\t\t\t\t<\/div>\n\t\t\t\t\t\t<\/div>\n\t\t\t\t\t<\/div>\n\t\t<\/div>\n\t\t\t\t\t\t\t\t<\/div>\n\t\t\t\t\t<\/div>\n\t\t<\/section>\n\t\t\t\t\t\t<\/div>\n\t\t\t\t\t\t<\/div>\n\t\t\t\t\t<\/div>\n\t\t","protected":false},"excerpt":{"rendered":"<p>FL\u00d3B\u00c9R 21 e 22 setembro de 2024 21h00 M\/6 |\u00a0 BILHETES : 5,00 a 10,00 euros\u00a0 Corpo ditatorial, corpo religioso, [&hellip;]<\/p>\n","protected":false},"author":3,"featured_media":5184,"parent":0,"menu_order":0,"comment_status":"closed","ping_status":"closed","template":"","meta":[],"_links":{"self":[{"href":"http:\/\/thsc.pt\/index.php?rest_route=\/wp\/v2\/pages\/5180"}],"collection":[{"href":"http:\/\/thsc.pt\/index.php?rest_route=\/wp\/v2\/pages"}],"about":[{"href":"http:\/\/thsc.pt\/index.php?rest_route=\/wp\/v2\/types\/page"}],"author":[{"embeddable":true,"href":"http:\/\/thsc.pt\/index.php?rest_route=\/wp\/v2\/users\/3"}],"replies":[{"embeddable":true,"href":"http:\/\/thsc.pt\/index.php?rest_route=%2Fwp%2Fv2%2Fcomments&post=5180"}],"version-history":[{"count":2,"href":"http:\/\/thsc.pt\/index.php?rest_route=\/wp\/v2\/pages\/5180\/revisions"}],"predecessor-version":[{"id":5190,"href":"http:\/\/thsc.pt\/index.php?rest_route=\/wp\/v2\/pages\/5180\/revisions\/5190"}],"wp:featuredmedia":[{"embeddable":true,"href":"http:\/\/thsc.pt\/index.php?rest_route=\/wp\/v2\/media\/5184"}],"wp:attachment":[{"href":"http:\/\/thsc.pt\/index.php?rest_route=%2Fwp%2Fv2%2Fmedia&parent=5180"}],"curies":[{"name":"wp","href":"https:\/\/api.w.org\/{rel}","templated":true}]}}