{"id":5148,"date":"2024-07-19T11:21:56","date_gmt":"2024-07-19T10:21:56","guid":{"rendered":"http:\/\/thsc.pt\/?page_id=5148"},"modified":"2024-09-02T16:09:42","modified_gmt":"2024-09-02T15:09:42","slug":"prometheus","status":"publish","type":"page","link":"http:\/\/thsc.pt\/?page_id=5148","title":{"rendered":"Prometheus"},"content":{"rendered":"\t\t<div data-elementor-type=\"wp-page\" data-elementor-id=\"5148\" class=\"elementor elementor-5148\" data-elementor-settings=\"[]\">\n\t\t\t\t\t\t<div class=\"elementor-inner\">\n\t\t\t\t\t\t\t<div class=\"elementor-section-wrap\">\n\t\t\t\t\t\t\t<section class=\"elementor-section elementor-top-section elementor-element elementor-element-1f2aa3ef elementor-section-height-min-height elementor-section-boxed elementor-section-height-default elementor-section-items-middle\" data-id=\"1f2aa3ef\" data-element_type=\"section\" data-settings=\"{&quot;background_background&quot;:&quot;classic&quot;}\">\n\t\t\t\t\t\t\t<div class=\"elementor-background-overlay\"><\/div>\n\t\t\t\t\t\t\t<div class=\"elementor-container elementor-column-gap-default\">\n\t\t\t\t\t\t\t<div class=\"elementor-row\">\n\t\t\t\t\t<div class=\"elementor-column elementor-col-100 elementor-top-column elementor-element elementor-element-66cc5224\" data-id=\"66cc5224\" data-element_type=\"column\">\n\t\t\t<div class=\"elementor-column-wrap elementor-element-populated\">\n\t\t\t\t\t\t\t<div class=\"elementor-widget-wrap\">\n\t\t\t\t\t\t<div class=\"elementor-element elementor-element-353d835e elementor-widget elementor-widget-spacer\" data-id=\"353d835e\" data-element_type=\"widget\" data-widget_type=\"spacer.default\">\n\t\t\t\t<div class=\"elementor-widget-container\">\n\t\t\t\t\t<div class=\"elementor-spacer\">\n\t\t\t<div class=\"elementor-spacer-inner\"><\/div>\n\t\t<\/div>\n\t\t\t\t<\/div>\n\t\t\t\t<\/div>\n\t\t\t\t<div class=\"elementor-element elementor-element-29b08487 elementor-widget elementor-widget-heading\" data-id=\"29b08487\" data-element_type=\"widget\" data-widget_type=\"heading.default\">\n\t\t\t\t<div class=\"elementor-widget-container\">\n\t\t\t<h1 class=\"elementor-heading-title elementor-size-large\">PROMETHEUS<\/h1>\t\t<\/div>\n\t\t\t\t<\/div>\n\t\t\t\t<div class=\"elementor-element elementor-element-7908bb15 elementor-widget elementor-widget-text-editor\" data-id=\"7908bb15\" data-element_type=\"widget\" data-widget_type=\"text-editor.default\">\n\t\t\t\t<div class=\"elementor-widget-container\">\n\t\t\t\t\t<div class=\"elementor-text-editor elementor-clearfix\"><h2><strong><span style=\"color: #ffffff;\">12 a 15 de setembro 2024<\/span><\/strong><\/h2><p><strong><span style=\"color: #ffffff;\">Quinta e S\u00e1bado \u2013 21h30<\/span><\/strong><br \/><strong><span style=\"color: #ffffff;\">Domingo \u2013 17h00<\/span><\/strong><\/p><\/div>\n\t\t\t\t<\/div>\n\t\t\t\t<\/div>\n\t\t\t\t<section class=\"elementor-section elementor-inner-section elementor-element elementor-element-796058d elementor-section-content-middle elementor-section-boxed elementor-section-height-default elementor-section-height-default\" data-id=\"796058d\" data-element_type=\"section\">\n\t\t\t\t\t\t<div class=\"elementor-container elementor-column-gap-extended\">\n\t\t\t\t\t\t\t<div class=\"elementor-row\">\n\t\t\t\t\t<div class=\"elementor-column elementor-col-100 elementor-inner-column elementor-element elementor-element-1199e295\" data-id=\"1199e295\" data-element_type=\"column\">\n\t\t\t<div class=\"elementor-column-wrap elementor-element-populated\">\n\t\t\t\t\t\t\t<div class=\"elementor-widget-wrap\">\n\t\t\t\t\t\t<div class=\"elementor-element elementor-element-2c394e5e elementor-widget elementor-widget-text-editor\" data-id=\"2c394e5e\" data-element_type=\"widget\" data-widget_type=\"text-editor.default\">\n\t\t\t\t<div class=\"elementor-widget-container\">\n\t\t\t\t\t<div class=\"elementor-text-editor elementor-clearfix\"><h5><span style=\"color: #ffffff;\"><b><span style=\"font-family: var( --e-global-typography-text-font-family );\">M\/16 |\u00a0 BILHETES : 3,00 a 10,00 euros\u00a0<\/span><\/b><\/span><\/h5><\/div>\n\t\t\t\t<\/div>\n\t\t\t\t<\/div>\n\t\t\t\t\t\t<\/div>\n\t\t\t\t\t<\/div>\n\t\t<\/div>\n\t\t\t\t\t\t\t\t<\/div>\n\t\t\t\t\t<\/div>\n\t\t<\/section>\n\t\t\t\t\t\t<\/div>\n\t\t\t\t\t<\/div>\n\t\t<\/div>\n\t\t\t\t\t\t\t\t<\/div>\n\t\t\t\t\t<\/div>\n\t\t<\/section>\n\t\t\t\t<section class=\"elementor-section elementor-top-section elementor-element elementor-element-775ab033 elementor-section-boxed elementor-section-height-default elementor-section-height-default\" data-id=\"775ab033\" data-element_type=\"section\" data-settings=\"{&quot;background_background&quot;:&quot;classic&quot;}\">\n\t\t\t\t\t\t<div class=\"elementor-container elementor-column-gap-default\">\n\t\t\t\t\t\t\t<div class=\"elementor-row\">\n\t\t\t\t\t<div class=\"elementor-column elementor-col-50 elementor-top-column elementor-element elementor-element-5010ce69\" data-id=\"5010ce69\" data-element_type=\"column\">\n\t\t\t<div class=\"elementor-column-wrap elementor-element-populated\">\n\t\t\t\t\t\t\t<div class=\"elementor-widget-wrap\">\n\t\t\t\t\t\t<div class=\"elementor-element elementor-element-6fad7244 elementor-widget elementor-widget-spacer\" data-id=\"6fad7244\" data-element_type=\"widget\" data-widget_type=\"spacer.default\">\n\t\t\t\t<div class=\"elementor-widget-container\">\n\t\t\t\t\t<div class=\"elementor-spacer\">\n\t\t\t<div class=\"elementor-spacer-inner\"><\/div>\n\t\t<\/div>\n\t\t\t\t<\/div>\n\t\t\t\t<\/div>\n\t\t\t\t<div class=\"elementor-element elementor-element-703aa1ee elementor-widget elementor-widget-text-editor\" data-id=\"703aa1ee\" data-element_type=\"widget\" data-widget_type=\"text-editor.default\">\n\t\t\t\t<div class=\"elementor-widget-container\">\n\t\t\t\t\t<div class=\"elementor-text-editor elementor-clearfix\"><p>\u201cNada precisa de ter mesmo acontecido para ser real. Contos e sonhos s\u00e3o as sombras de verdade que h\u00e3o-de persistir quando meros factos n\u00e3o forem mais que p\u00f3 e cinzas, esquecidos.\u201d<br \/>Neil Gaiman\u00a0<\/p><p>Qualquer mito n\u00e3o \u00e9 mais do que um espelho. Um reflexo de uma imaginada humanidade j\u00e1 morta a informar (conformar? condicionar?) uma humanidade ainda e sempre em aprendizagem. Olhamos as hist\u00f3rias que deram forma a quem fomos para continuar a construir ch\u00e3o comum, entendimento. Mas esse processo, o de reler e recontar hist\u00f3ria antiga que nunca aconteceu, \u00e9, tamb\u00e9m, uma guerra sem quartel, pois o poder sobre essas hist\u00f3rias, sobre o que simbolizam, o que dizem e n\u00e3o dizem, sobre o que escondem e negam e permitem que se entenda ou se esque\u00e7a, \u00e9 poder pol\u00edtico. Revolucion\u00e1rio. Identit\u00e1rio. Apocal\u00edptico.\u00a0<\/p><p>Partindo da lenda do ladr\u00e3o do fogo, que roubou aos deuses a chama divina para depois a oferecer \u00e0 humanidade, \u00c9squilo escreveu \u201cPrometeu Agrilhoado\u201d. \u00c0 rocha impiedosa do C\u00e1ucaso aferrolhou o tit\u00e3 impenitente e dele fez senhor de uma profecia que se recusa a revelar sobre um \u201cfilho mais forte do que o pai\u201d que Zeus, o rei dos deuses, h\u00e1-de conceber para depois ser, por esse mesmo filho, implacavelmente destronado. Prometeu \u00e9, nesse texto com dois mil\u00e9nios e meio, um revoltoso, um celerado, um patrono da massa humana, um inconsciente, um inflex\u00edvel inimigo da cruel ordem divina, um desgra\u00e7ado, um her\u00f3i. Muito do que hoje sabemos sobre esse mito e, consequentemente, muita da interpreta\u00e7\u00e3o que sobre ele produzimos, ao texto de \u00c9squilo o devemos.<\/p><p>Mas e se essa n\u00e3o fosse a hist\u00f3ria toda\u2026?<\/p><p>E se a prociss\u00e3o de deusas e deuses que, naquela pe\u00e7a, passa pelo corpo agrilhoado de Prometeu para o aconselhar, persuadir, admoestar, encorajar ou amea\u00e7ar n\u00e3o fosse um desfile de espectadores mais ou menos distantes, mas sim de activos decisores sobre a hist\u00f3ria que no palco se conta? E se lhes tivesse sido confiado o celestial dever de recontar essa hist\u00f3ria? Democraticamente?\u00a0<\/p><p>O C\u00e1ucaso de \u00c9squilo \u00e9 pris\u00e3o. Aqui, neste nosso reinterpretado mito, tamb\u00e9m. Presas ao dever de eleitoras, as divindades que revimos \u00e0 luz da contemporaneidade falam-nos, simultaneamente, de muito longe, senhoras que s\u00e3o do seu patrim\u00f3nio cl\u00e1ssico, mas tamb\u00e9m de bastante perto, conscientes do lugar hist\u00f3rico que hoje ocupam. E, agrilhoadas elas mesmas \u00e0s suas agendas e segredos, aos seus \u00f3dios e impot\u00eancias, debatem e guerreiam e decidem. Tal como n\u00f3s.<br \/>Pedro Galiza<\/p><\/div>\n\t\t\t\t<\/div>\n\t\t\t\t<\/div>\n\t\t\t\t\t\t<\/div>\n\t\t\t\t\t<\/div>\n\t\t<\/div>\n\t\t\t\t<div class=\"elementor-column elementor-col-50 elementor-top-column elementor-element elementor-element-79bb700\" data-id=\"79bb700\" data-element_type=\"column\" data-settings=\"{&quot;background_background&quot;:&quot;classic&quot;}\">\n\t\t\t<div class=\"elementor-column-wrap elementor-element-populated\">\n\t\t\t\t\t<div class=\"elementor-background-overlay\"><\/div>\n\t\t\t\t\t\t\t<div class=\"elementor-widget-wrap\">\n\t\t\t\t\t\t<div class=\"elementor-element elementor-element-48fb2ca elementor-widget elementor-widget-image\" data-id=\"48fb2ca\" data-element_type=\"widget\" data-widget_type=\"image.default\">\n\t\t\t\t<div class=\"elementor-widget-container\">\n\t\t\t\t\t<div class=\"elementor-image\">\n\t\t\t\t\t\t\t\t\t\t<img width=\"724\" height=\"1024\" src=\"http:\/\/thsc.pt\/wp-content\/uploads\/2024\/09\/cartaz-724x1024.jpg\" class=\"attachment-large size-large\" alt=\"\" decoding=\"async\" loading=\"lazy\" srcset=\"http:\/\/thsc.pt\/wp-content\/uploads\/2024\/09\/cartaz-724x1024.jpg 724w, http:\/\/thsc.pt\/wp-content\/uploads\/2024\/09\/cartaz-212x300.jpg 212w, http:\/\/thsc.pt\/wp-content\/uploads\/2024\/09\/cartaz-768x1086.jpg 768w, http:\/\/thsc.pt\/wp-content\/uploads\/2024\/09\/cartaz-1086x1536.jpg 1086w, http:\/\/thsc.pt\/wp-content\/uploads\/2024\/09\/cartaz-1448x2048.jpg 1448w, http:\/\/thsc.pt\/wp-content\/uploads\/2024\/09\/cartaz-scaled.jpg 1810w\" sizes=\"(max-width: 724px) 100vw, 724px\" \/>\t\t\t\t\t\t\t\t\t\t\t<\/div>\n\t\t\t\t<\/div>\n\t\t\t\t<\/div>\n\t\t\t\t<div class=\"elementor-element elementor-element-fd446ca elementor-aspect-ratio-169 elementor-widget elementor-widget-video\" data-id=\"fd446ca\" data-element_type=\"widget\" data-settings=\"{&quot;aspect_ratio&quot;:&quot;169&quot;}\" data-widget_type=\"video.default\">\n\t\t\t\t<div class=\"elementor-widget-container\">\n\t\t\t\t\t<div class=\"elementor-wrapper elementor-fit-aspect-ratio elementor-open-inline\">\n\t\t\t\t\t<video class=\"elementor-video\" src=\"http:\/\/thsc.pt\/wp-content\/uploads\/2024\/09\/video2.mov\" autoplay=\"\" controls=\"\" controlsList=\"nodownload\"><\/video>\n\t\t\t\t<\/div>\n\t\t\t\t<\/div>\n\t\t\t\t<\/div>\n\t\t\t\t\t\t<\/div>\n\t\t\t\t\t<\/div>\n\t\t<\/div>\n\t\t\t\t\t\t\t\t<\/div>\n\t\t\t\t\t<\/div>\n\t\t<\/section>\n\t\t\t\t<section class=\"elementor-section elementor-top-section elementor-element elementor-element-7a3c4c65 elementor-section-boxed elementor-section-height-default elementor-section-height-default\" data-id=\"7a3c4c65\" data-element_type=\"section\" data-settings=\"{&quot;background_background&quot;:&quot;classic&quot;}\">\n\t\t\t\t\t\t<div class=\"elementor-container elementor-column-gap-default\">\n\t\t\t\t\t\t\t<div class=\"elementor-row\">\n\t\t\t\t\t\t\t\t\t<\/div>\n\t\t\t\t\t<\/div>\n\t\t<\/section>\n\t\t\t\t<section class=\"elementor-section elementor-top-section elementor-element elementor-element-c9b5217 elementor-section-full_width elementor-section-height-min-height elementor-section-height-default elementor-section-items-middle\" data-id=\"c9b5217\" data-element_type=\"section\" data-settings=\"{&quot;background_background&quot;:&quot;classic&quot;}\">\n\t\t\t\t\t\t<div class=\"elementor-container elementor-column-gap-no\">\n\t\t\t\t\t\t\t<div class=\"elementor-row\">\n\t\t\t\t\t<div class=\"elementor-column elementor-col-50 elementor-top-column elementor-element elementor-element-2f33f1fe\" data-id=\"2f33f1fe\" data-element_type=\"column\">\n\t\t\t<div class=\"elementor-column-wrap elementor-element-populated\">\n\t\t\t\t\t\t\t<div class=\"elementor-widget-wrap\">\n\t\t\t\t\t\t<div class=\"elementor-element elementor-element-5f67d5b3 elementor-widget elementor-widget-text-editor\" data-id=\"5f67d5b3\" data-element_type=\"widget\" data-widget_type=\"text-editor.default\">\n\t\t\t\t<div class=\"elementor-widget-container\">\n\t\t\t\t\t<div class=\"elementor-text-editor elementor-clearfix\"><blockquote><p class=\"p1\"><span style=\"color: #333333;\"><strong>Equipa Criativa e Art\u00edstica<\/strong><\/span><\/p><\/blockquote><p class=\"p1\" style=\"padding-left: 40px;\"><span style=\"color: #333333;\"><strong>Dramaturgia, Encena\u00e7\u00e3o e Cenografia<\/strong><\/span><br \/><span style=\"color: #333333;\">Pedro Galiza<\/span><\/p><p class=\"p1\" style=\"padding-left: 40px;\"><span style=\"color: #333333;\"><strong>M\u00fasica e Desenho de Som<\/strong><\/span><br \/><span style=\"color: #333333;\">Ricardo Pinto<br \/>Sofia Faria Fernandes<\/span><\/p><p class=\"p1\" style=\"padding-left: 40px;\"><span style=\"color: #333333;\"><strong>Desenho de Luz<\/strong><\/span><br \/><span style=\"color: #333333;\">Tiago Silva<\/span><\/p><p class=\"p1\" style=\"padding-left: 40px;\"><span style=\"color: #333333;\"><strong>Figurinos<\/strong><\/span><br \/><span style=\"color: #333333;\">C\u00e1tia Barros<\/span><\/p><p class=\"p1\" style=\"padding-left: 40px;\">\u00a0<\/p><\/div>\n\t\t\t\t<\/div>\n\t\t\t\t<\/div>\n\t\t\t\t\t\t<\/div>\n\t\t\t\t\t<\/div>\n\t\t<\/div>\n\t\t\t\t<div class=\"elementor-column elementor-col-50 elementor-top-column elementor-element elementor-element-569a9e83\" data-id=\"569a9e83\" data-element_type=\"column\">\n\t\t\t<div class=\"elementor-column-wrap elementor-element-populated\">\n\t\t\t\t\t\t\t<div class=\"elementor-widget-wrap\">\n\t\t\t\t\t\t<div class=\"elementor-element elementor-element-46ff6842 elementor-widget elementor-widget-text-editor\" data-id=\"46ff6842\" data-element_type=\"widget\" data-widget_type=\"text-editor.default\">\n\t\t\t\t<div class=\"elementor-widget-container\">\n\t\t\t\t\t<div class=\"elementor-text-editor elementor-clearfix\"><p>\u00a0<\/p><p>\u00a0<\/p><p class=\"p1\"><span style=\"color: #333333;\"><strong>Interpreta\u00e7\u00e3o<\/strong><\/span><br \/><span style=\"color: #333333;\">Sofia Faria Fernandes<br \/>Daniel Silva<br \/>B\u00e1rbara Pais<br \/>Lu\u00edsa Guerra<br \/>Pedro Barros<br \/>Catarina Carvalho Gomes<br \/>Tiago Ara\u00fajo<\/span><\/p><p class=\"p1\"><span style=\"color: #333333;\"><strong>Produ\u00e7\u00e3o<\/strong><\/span><br \/><span style=\"color: #333333;\">Ensemble &#8211; Sociedade de Atores<br \/>Casa das Artes de Famalic\u00e3o<\/span><\/p><\/div>\n\t\t\t\t<\/div>\n\t\t\t\t<\/div>\n\t\t\t\t\t\t<\/div>\n\t\t\t\t\t<\/div>\n\t\t<\/div>\n\t\t\t\t\t\t\t\t<\/div>\n\t\t\t\t\t<\/div>\n\t\t<\/section>\n\t\t\t\t<section class=\"elementor-section elementor-top-section elementor-element elementor-element-17e8250d elementor-section-full_width elementor-section-stretched elementor-section-height-default elementor-section-height-default\" data-id=\"17e8250d\" data-element_type=\"section\" data-settings=\"{&quot;stretch_section&quot;:&quot;section-stretched&quot;,&quot;background_background&quot;:&quot;classic&quot;}\">\n\t\t\t\t\t\t<div class=\"elementor-container elementor-column-gap-default\">\n\t\t\t\t\t\t\t<div class=\"elementor-row\">\n\t\t\t\t\t<div class=\"elementor-column elementor-col-100 elementor-top-column elementor-element elementor-element-6fe2256d\" data-id=\"6fe2256d\" data-element_type=\"column\">\n\t\t\t<div class=\"elementor-column-wrap elementor-element-populated\">\n\t\t\t\t\t\t\t<div class=\"elementor-widget-wrap\">\n\t\t\t\t\t\t<div class=\"elementor-element elementor-element-54063743 elementor-widget elementor-widget-gallery\" data-id=\"54063743\" data-element_type=\"widget\" data-settings=\"{&quot;gallery_layout&quot;:&quot;masonry&quot;,&quot;columns&quot;:2,&quot;columns_tablet&quot;:3,&quot;columns_mobile&quot;:2,&quot;lazyload&quot;:&quot;yes&quot;,&quot;gap&quot;:{&quot;unit&quot;:&quot;px&quot;,&quot;size&quot;:10,&quot;sizes&quot;:[]},&quot;gap_tablet&quot;:{&quot;unit&quot;:&quot;px&quot;,&quot;size&quot;:10,&quot;sizes&quot;:[]},&quot;gap_mobile&quot;:{&quot;unit&quot;:&quot;px&quot;,&quot;size&quot;:10,&quot;sizes&quot;:[]},&quot;overlay_background&quot;:&quot;yes&quot;,&quot;content_hover_animation&quot;:&quot;fade-in&quot;}\" data-widget_type=\"gallery.default\">\n\t\t\t\t<div class=\"elementor-widget-container\">\n\t\t\t\t\t<div class=\"elementor-gallery__container\">\n\t\t\t\t\t\t\t<div class=\"e-gallery-item elementor-gallery-item elementor-animated-content\">\n\t\t\t\t\t<div class=\"e-gallery-image elementor-gallery-item__image\" data-thumbnail=\"http:\/\/thsc.pt\/wp-content\/uploads\/2020\/08\/thsc_2-768x432-1.jpg\" data-width=\"768\" data-height=\"432\" alt=\"\" ><\/div>\n\t\t\t\t\t\t\t\t\t\t<div class=\"elementor-gallery-item__overlay\"><\/div>\n\t\t\t\t\t\t\t\t\t\t\t\t\t\t<\/div>\n\t\t\t\t\t\t\t<div class=\"e-gallery-item elementor-gallery-item elementor-animated-content\">\n\t\t\t\t\t<div class=\"e-gallery-image elementor-gallery-item__image\" data-thumbnail=\"http:\/\/thsc.pt\/wp-content\/uploads\/2020\/08\/thsc1-1024x576.jpg\" data-width=\"1024\" data-height=\"576\" alt=\"\" ><\/div>\n\t\t\t\t\t\t\t\t\t\t<div class=\"elementor-gallery-item__overlay\"><\/div>\n\t\t\t\t\t\t\t\t\t\t\t\t\t\t<\/div>\n\t\t\t\t\t<\/div>\n\t\t\t<\/div>\n\t\t\t\t<\/div>\n\t\t\t\t\t\t<\/div>\n\t\t\t\t\t<\/div>\n\t\t<\/div>\n\t\t\t\t\t\t\t\t<\/div>\n\t\t\t\t\t<\/div>\n\t\t<\/section>\n\t\t\t\t\t\t<\/div>\n\t\t\t\t\t\t<\/div>\n\t\t\t\t\t<\/div>\n\t\t","protected":false},"excerpt":{"rendered":"<p>PROMETHEUS 12 a 15 de setembro 2024 Quinta e S\u00e1bado \u2013 21h30Domingo \u2013 17h00 M\/16 |\u00a0 BILHETES : 3,00 a [&hellip;]<\/p>\n","protected":false},"author":3,"featured_media":5149,"parent":0,"menu_order":0,"comment_status":"closed","ping_status":"closed","template":"","meta":[],"_links":{"self":[{"href":"http:\/\/thsc.pt\/index.php?rest_route=\/wp\/v2\/pages\/5148"}],"collection":[{"href":"http:\/\/thsc.pt\/index.php?rest_route=\/wp\/v2\/pages"}],"about":[{"href":"http:\/\/thsc.pt\/index.php?rest_route=\/wp\/v2\/types\/page"}],"author":[{"embeddable":true,"href":"http:\/\/thsc.pt\/index.php?rest_route=\/wp\/v2\/users\/3"}],"replies":[{"embeddable":true,"href":"http:\/\/thsc.pt\/index.php?rest_route=%2Fwp%2Fv2%2Fcomments&post=5148"}],"version-history":[{"count":6,"href":"http:\/\/thsc.pt\/index.php?rest_route=\/wp\/v2\/pages\/5148\/revisions"}],"predecessor-version":[{"id":5203,"href":"http:\/\/thsc.pt\/index.php?rest_route=\/wp\/v2\/pages\/5148\/revisions\/5203"}],"wp:featuredmedia":[{"embeddable":true,"href":"http:\/\/thsc.pt\/index.php?rest_route=\/wp\/v2\/media\/5149"}],"wp:attachment":[{"href":"http:\/\/thsc.pt\/index.php?rest_route=%2Fwp%2Fv2%2Fmedia&parent=5148"}],"curies":[{"name":"wp","href":"https:\/\/api.w.org\/{rel}","templated":true}]}}