{"id":5095,"date":"2024-05-08T14:20:04","date_gmt":"2024-05-08T13:20:04","guid":{"rendered":"http:\/\/thsc.pt\/?page_id=5095"},"modified":"2024-05-09T15:54:45","modified_gmt":"2024-05-09T14:54:45","slug":"una","status":"publish","type":"page","link":"http:\/\/thsc.pt\/?page_id=5095","title":{"rendered":"UNA"},"content":{"rendered":"\t\t<div data-elementor-type=\"wp-page\" data-elementor-id=\"5095\" class=\"elementor elementor-5095\" data-elementor-settings=\"[]\">\n\t\t\t\t\t\t<div class=\"elementor-inner\">\n\t\t\t\t\t\t\t<div class=\"elementor-section-wrap\">\n\t\t\t\t\t\t\t<section class=\"elementor-section elementor-top-section elementor-element elementor-element-519a9486 elementor-section-height-min-height elementor-section-boxed elementor-section-height-default elementor-section-items-middle\" data-id=\"519a9486\" data-element_type=\"section\" data-settings=\"{&quot;background_background&quot;:&quot;classic&quot;}\">\n\t\t\t\t\t\t\t<div class=\"elementor-background-overlay\"><\/div>\n\t\t\t\t\t\t\t<div class=\"elementor-container elementor-column-gap-default\">\n\t\t\t\t\t\t\t<div class=\"elementor-row\">\n\t\t\t\t\t<div class=\"elementor-column elementor-col-100 elementor-top-column elementor-element elementor-element-d0caff2\" data-id=\"d0caff2\" data-element_type=\"column\">\n\t\t\t<div class=\"elementor-column-wrap elementor-element-populated\">\n\t\t\t\t\t\t\t<div class=\"elementor-widget-wrap\">\n\t\t\t\t\t\t<div class=\"elementor-element elementor-element-2162d440 elementor-widget elementor-widget-spacer\" data-id=\"2162d440\" data-element_type=\"widget\" data-widget_type=\"spacer.default\">\n\t\t\t\t<div class=\"elementor-widget-container\">\n\t\t\t\t\t<div class=\"elementor-spacer\">\n\t\t\t<div class=\"elementor-spacer-inner\"><\/div>\n\t\t<\/div>\n\t\t\t\t<\/div>\n\t\t\t\t<\/div>\n\t\t\t\t<div class=\"elementor-element elementor-element-2e78f47e elementor-widget elementor-widget-heading\" data-id=\"2e78f47e\" data-element_type=\"widget\" data-widget_type=\"heading.default\">\n\t\t\t\t<div class=\"elementor-widget-container\">\n\t\t\t<h1 class=\"elementor-heading-title elementor-size-large\">UNA<\/h1>\t\t<\/div>\n\t\t\t\t<\/div>\n\t\t\t\t<div class=\"elementor-element elementor-element-68957cf1 elementor-widget elementor-widget-text-editor\" data-id=\"68957cf1\" data-element_type=\"widget\" data-widget_type=\"text-editor.default\">\n\t\t\t\t<div class=\"elementor-widget-container\">\n\t\t\t\t\t<div class=\"elementor-text-editor elementor-clearfix\"><h2><span style=\"color: #ffffff;\">8 de junho 2024<\/span><\/h2><p><strong><span style=\"color: #ffffff;\">21h00<\/span><\/strong><\/p><\/div>\n\t\t\t\t<\/div>\n\t\t\t\t<\/div>\n\t\t\t\t<section class=\"elementor-section elementor-inner-section elementor-element elementor-element-1b18940b elementor-section-content-middle elementor-section-boxed elementor-section-height-default elementor-section-height-default\" data-id=\"1b18940b\" data-element_type=\"section\">\n\t\t\t\t\t\t<div class=\"elementor-container elementor-column-gap-extended\">\n\t\t\t\t\t\t\t<div class=\"elementor-row\">\n\t\t\t\t\t<div class=\"elementor-column elementor-col-100 elementor-inner-column elementor-element elementor-element-902cca1\" data-id=\"902cca1\" data-element_type=\"column\">\n\t\t\t<div class=\"elementor-column-wrap elementor-element-populated\">\n\t\t\t\t\t\t\t<div class=\"elementor-widget-wrap\">\n\t\t\t\t\t\t<div class=\"elementor-element elementor-element-1c94663e elementor-widget elementor-widget-text-editor\" data-id=\"1c94663e\" data-element_type=\"widget\" data-widget_type=\"text-editor.default\">\n\t\t\t\t<div class=\"elementor-widget-container\">\n\t\t\t\t\t<div class=\"elementor-text-editor elementor-clearfix\"><h5><span style=\"color: #ffffff;\"><b><span style=\"font-family: var( --e-global-typography-text-font-family );\">M\/6 |\u00a0 BILHETES : 5,00 a 8,00 EUROS\u00a0<\/span><\/b><\/span><\/h5><\/div>\n\t\t\t\t<\/div>\n\t\t\t\t<\/div>\n\t\t\t\t\t\t<\/div>\n\t\t\t\t\t<\/div>\n\t\t<\/div>\n\t\t\t\t\t\t\t\t<\/div>\n\t\t\t\t\t<\/div>\n\t\t<\/section>\n\t\t\t\t\t\t<\/div>\n\t\t\t\t\t<\/div>\n\t\t<\/div>\n\t\t\t\t\t\t\t\t<\/div>\n\t\t\t\t\t<\/div>\n\t\t<\/section>\n\t\t\t\t<section class=\"elementor-section elementor-top-section elementor-element elementor-element-1912177f elementor-section-boxed elementor-section-height-default elementor-section-height-default\" data-id=\"1912177f\" data-element_type=\"section\" data-settings=\"{&quot;background_background&quot;:&quot;classic&quot;}\">\n\t\t\t\t\t\t<div class=\"elementor-container elementor-column-gap-default\">\n\t\t\t\t\t\t\t<div class=\"elementor-row\">\n\t\t\t\t\t<div class=\"elementor-column elementor-col-50 elementor-top-column elementor-element elementor-element-39b2c5f\" data-id=\"39b2c5f\" data-element_type=\"column\">\n\t\t\t<div class=\"elementor-column-wrap elementor-element-populated\">\n\t\t\t\t\t\t\t<div class=\"elementor-widget-wrap\">\n\t\t\t\t\t\t<div class=\"elementor-element elementor-element-27fdca69 elementor-widget elementor-widget-spacer\" data-id=\"27fdca69\" data-element_type=\"widget\" data-widget_type=\"spacer.default\">\n\t\t\t\t<div class=\"elementor-widget-container\">\n\t\t\t\t\t<div class=\"elementor-spacer\">\n\t\t\t<div class=\"elementor-spacer-inner\"><\/div>\n\t\t<\/div>\n\t\t\t\t<\/div>\n\t\t\t\t<\/div>\n\t\t\t\t<div class=\"elementor-element elementor-element-59e7e012 elementor-widget elementor-widget-text-editor\" data-id=\"59e7e012\" data-element_type=\"widget\" data-widget_type=\"text-editor.default\">\n\t\t\t\t<div class=\"elementor-widget-container\">\n\t\t\t\t\t<div class=\"elementor-text-editor elementor-clearfix\"><p><span class=\"fontstyle0\">UNA \u00e9 um espet\u00e1culo de dan\u00e7a e <\/span><span class=\"fontstyle2\">storytelling<\/span><span class=\"fontstyle0\">, que investiga as transforma\u00e7\u00f5es no corpo e na identidade causadas pelo HIV. A partir de uma vis\u00e3o atual sobre o HIV, a UNA coloca em perspetiva quest\u00f5es como a discrimina\u00e7\u00e3o, a opress\u00e3o, o autocuidado e o cuidado coletivo.<\/span><\/p><p>UNA \u00e9 uma pesquisa sobre o HIV, baseada em quest\u00f5es biogr\u00e1ficas, biom\u00e9dicas e sociopol\u00edticas. UNA investiga as transforma\u00e7\u00f5es no corpo e na identidade causadas pela infe\u00e7\u00e3o pelo HIV, convidando-nos a olhar o v\u00edrus \u2013 e a vida \u2013 a partir de um lugar de transforma\u00e7\u00e3o.<\/p><p>Em UNA, a hist\u00f3ria individual de Teresa Fabi\u00e3o expande-se atrav\u00e9s de entrevistas com outros corpos positHIVos realizadas em diferentes pa\u00edses onde viveu (Brasil, Estados Unidos e Espanha). Gera-se assim uma perspetiva multivocal, capaz de abordar quest\u00f5es complexas como a discrimina\u00e7\u00e3o, a opress\u00e3o e a resili\u00eancia\u00a0dos corpos\u00a0em di\u00e1logo com estas quest\u00f5es:<\/p><p>*Como dar corpo ao invis\u00edvel?<\/p><p>*Como falar sobre tabu?<\/p><p>*Como (de)mover e desconstruir preconceitos?&#8230;<\/p><p><strong><span class=\"fontstyle0\">TERESA FABI\u00c3O<br \/><\/span><\/strong><span class=\"fontstyle2\">\u00e9 bailarina, educadora, pesquisadora e artivista. Mestre em Dan\u00e7a, Doutora em Artes C\u00e9nicas. Especialista em Terapia de Artes Expressivas (Tamalpa Practitioner) pelo Tamalpa Institute\/ Calif\u00f3rnia.<br \/><\/span><span class=\"fontstyle2\">Cofundadora do VIRAL, coletivo que aborda a arte como espa\u00e7o de empoderamento e transforma\u00e7\u00e3o do imagin\u00e1rio coletivo em torno do HIV\/Sida.<br \/><\/span><span class=\"fontstyle2\">A sua performance &#8216;UNA&#8217;, sobre a sua jornada de doze anos a viver com HIV, foi apoiada pela Funda\u00e7\u00e3o Gulbenkian, Funda\u00e7\u00e3o GDA e CAMPUS e foi co-produzida pelo TMG.<br \/><\/span><span class=\"fontstyle2\">\u00c9 fundadora do IMUNE, um projeto comunit\u00e1rio sobre o v\u00edrus como motor de transforma\u00e7\u00e3o social, apoiado pelo Programa PARTIS&amp;Art for Change, da Funda\u00e7\u00e3o Gulbenkian e da Funda\u00e7\u00e3o la Caixa.<br \/><\/span><span class=\"fontstyle2\">Teresa \u00e9 a primeira mulher em Portugal a abordar o HIV no seu discurso art\u00edstico. Recebeu diversas bolsas e trabalhou\/lecionou em Portugal, Brasil, Espanha, B\u00e9lgica, It\u00e1lia, Col\u00f4mbia, Benin, Cuba, Cabo Verde e Estados Unidos.<\/span> <\/p><\/div>\n\t\t\t\t<\/div>\n\t\t\t\t<\/div>\n\t\t\t\t\t\t<\/div>\n\t\t\t\t\t<\/div>\n\t\t<\/div>\n\t\t\t\t<div class=\"elementor-column elementor-col-50 elementor-top-column elementor-element elementor-element-52a98f7\" data-id=\"52a98f7\" data-element_type=\"column\" data-settings=\"{&quot;background_background&quot;:&quot;classic&quot;}\">\n\t\t\t<div class=\"elementor-column-wrap elementor-element-populated\">\n\t\t\t\t\t<div class=\"elementor-background-overlay\"><\/div>\n\t\t\t\t\t\t\t<div class=\"elementor-widget-wrap\">\n\t\t\t\t\t\t<div class=\"elementor-element elementor-element-aae4063 elementor-widget elementor-widget-image\" data-id=\"aae4063\" data-element_type=\"widget\" data-widget_type=\"image.default\">\n\t\t\t\t<div class=\"elementor-widget-container\">\n\t\t\t\t\t<div class=\"elementor-image\">\n\t\t\t\t\t\t\t\t\t\t<img width=\"724\" height=\"1024\" src=\"http:\/\/thsc.pt\/wp-content\/uploads\/2024\/05\/cartaz-724x1024.jpg\" class=\"attachment-large size-large\" alt=\"\" decoding=\"async\" loading=\"lazy\" srcset=\"http:\/\/thsc.pt\/wp-content\/uploads\/2024\/05\/cartaz-724x1024.jpg 724w, http:\/\/thsc.pt\/wp-content\/uploads\/2024\/05\/cartaz-212x300.jpg 212w, http:\/\/thsc.pt\/wp-content\/uploads\/2024\/05\/cartaz-768x1086.jpg 768w, http:\/\/thsc.pt\/wp-content\/uploads\/2024\/05\/cartaz-1086x1536.jpg 1086w, http:\/\/thsc.pt\/wp-content\/uploads\/2024\/05\/cartaz-1448x2048.jpg 1448w, http:\/\/thsc.pt\/wp-content\/uploads\/2024\/05\/cartaz-scaled.jpg 1810w\" sizes=\"(max-width: 724px) 100vw, 724px\" \/>\t\t\t\t\t\t\t\t\t\t\t<\/div>\n\t\t\t\t<\/div>\n\t\t\t\t<\/div>\n\t\t\t\t\t\t<\/div>\n\t\t\t\t\t<\/div>\n\t\t<\/div>\n\t\t\t\t\t\t\t\t<\/div>\n\t\t\t\t\t<\/div>\n\t\t<\/section>\n\t\t\t\t<section class=\"elementor-section elementor-top-section elementor-element elementor-element-3926b371 elementor-section-boxed elementor-section-height-default elementor-section-height-default\" data-id=\"3926b371\" data-element_type=\"section\" data-settings=\"{&quot;background_background&quot;:&quot;classic&quot;}\">\n\t\t\t\t\t\t<div class=\"elementor-container elementor-column-gap-default\">\n\t\t\t\t\t\t\t<div class=\"elementor-row\">\n\t\t\t\t\t\t\t\t\t<\/div>\n\t\t\t\t\t<\/div>\n\t\t<\/section>\n\t\t\t\t<section class=\"elementor-section elementor-top-section elementor-element elementor-element-24a975ec elementor-section-full_width elementor-section-height-min-height elementor-section-height-default elementor-section-items-middle\" data-id=\"24a975ec\" data-element_type=\"section\" data-settings=\"{&quot;background_background&quot;:&quot;classic&quot;}\">\n\t\t\t\t\t\t<div class=\"elementor-container elementor-column-gap-no\">\n\t\t\t\t\t\t\t<div class=\"elementor-row\">\n\t\t\t\t\t<div class=\"elementor-column elementor-col-50 elementor-top-column elementor-element elementor-element-6ec87d0a\" data-id=\"6ec87d0a\" data-element_type=\"column\">\n\t\t\t<div class=\"elementor-column-wrap elementor-element-populated\">\n\t\t\t\t\t\t\t<div class=\"elementor-widget-wrap\">\n\t\t\t\t\t\t<div class=\"elementor-element elementor-element-74669fe3 elementor-widget elementor-widget-text-editor\" data-id=\"74669fe3\" data-element_type=\"widget\" data-widget_type=\"text-editor.default\">\n\t\t\t\t<div class=\"elementor-widget-container\">\n\t\t\t\t\t<div class=\"elementor-text-editor elementor-clearfix\"><blockquote><p class=\"p1\"><span style=\"color: #333333;\"><strong>Equipa Criativa e Art\u00edstica<\/strong><\/span><\/p><\/blockquote><p class=\"p1\" style=\"padding-left: 40px;\"><span style=\"color: #333333;\"><strong>Cria\u00e7\u00e3o &amp; Performance<\/strong><\/span><br \/><span style=\"color: #333333;\">Teresa Fabi\u00e3o<\/span><\/p><p class=\"p1\" style=\"padding-left: 40px;\"><span style=\"color: #333333;\"><strong>V\u00eddeo<\/strong><\/span><br \/><span style=\"color: #333333;\">Lu\u00eds Rosa Lopes<\/span><\/p><p class=\"p1\" style=\"padding-left: 40px;\"><span style=\"color: #333333;\"><strong>Sonoplastia<\/strong><\/span><br \/><span style=\"color: #333333;\">Cl\u00e1udia Tavares<\/span><\/p><p class=\"p1\" style=\"padding-left: 40px;\"><span style=\"color: #333333;\"><strong>Ilumina\u00e7\u00e3o<\/strong><\/span><br \/><span style=\"color: #333333;\">C\u00e9lia Correia<br \/><br \/><strong>Figurino<\/strong><br \/>Patr\u00edcia Costa<br \/><\/span><\/p><p class=\"p1\" style=\"padding-left: 40px;\">\u00a0<\/p><\/div>\n\t\t\t\t<\/div>\n\t\t\t\t<\/div>\n\t\t\t\t\t\t<\/div>\n\t\t\t\t\t<\/div>\n\t\t<\/div>\n\t\t\t\t<div class=\"elementor-column elementor-col-50 elementor-top-column elementor-element elementor-element-53937edc\" data-id=\"53937edc\" data-element_type=\"column\">\n\t\t\t<div class=\"elementor-column-wrap elementor-element-populated\">\n\t\t\t\t\t\t\t<div class=\"elementor-widget-wrap\">\n\t\t\t\t\t\t<div class=\"elementor-element elementor-element-1244bf64 elementor-widget elementor-widget-text-editor\" data-id=\"1244bf64\" data-element_type=\"widget\" data-widget_type=\"text-editor.default\">\n\t\t\t\t<div class=\"elementor-widget-container\">\n\t\t\t\t\t<div class=\"elementor-text-editor elementor-clearfix\"><p class=\"p1\"><span style=\"color: #333333;\"><strong>Apoio Dramat\u00fargico<\/strong><\/span><br \/><span style=\"color: #333333;\">Ana Rocha<\/span><\/p><p class=\"p1\"><span style=\"color: #333333;\"><strong>Colaboradores [<em>voz-off<\/em>]<\/strong><\/span><br \/><span style=\"color: #333333;\">Celina<br \/>Isabel<br \/>Felipe Machado<br \/>Franco Fonseca<br \/>Luca Modesti<br \/>Paolo Gorgoni<br \/>S\u00f3nia Cardoso<br \/>Xan Mar\u00e7al<br \/>Julie Dowling<\/span><\/p><p class=\"p1\"><span style=\"color: #333333;\"><strong>Apoios<\/strong><\/span><br \/><span style=\"color: #333333;\">Funda\u00e7\u00e3o Calouste Gulbenkian<br \/>Funda\u00e7\u00e3o GDA<br \/>CAMPUS Paulo Cunha e Silva<br \/>Est\u00fadios Victor C\u00f3rdon<br \/>SHUTTLE<\/span><\/p><\/div>\n\t\t\t\t<\/div>\n\t\t\t\t<\/div>\n\t\t\t\t\t\t<\/div>\n\t\t\t\t\t<\/div>\n\t\t<\/div>\n\t\t\t\t\t\t\t\t<\/div>\n\t\t\t\t\t<\/div>\n\t\t<\/section>\n\t\t\t\t<section class=\"elementor-section elementor-top-section elementor-element elementor-element-5303314d elementor-section-full_width elementor-section-stretched elementor-section-height-default elementor-section-height-default\" data-id=\"5303314d\" data-element_type=\"section\" data-settings=\"{&quot;stretch_section&quot;:&quot;section-stretched&quot;,&quot;background_background&quot;:&quot;classic&quot;}\">\n\t\t\t\t\t\t<div class=\"elementor-container elementor-column-gap-default\">\n\t\t\t\t\t\t\t<div class=\"elementor-row\">\n\t\t\t\t\t<div class=\"elementor-column elementor-col-100 elementor-top-column elementor-element elementor-element-78cfe431\" data-id=\"78cfe431\" data-element_type=\"column\">\n\t\t\t<div class=\"elementor-column-wrap elementor-element-populated\">\n\t\t\t\t\t\t\t<div class=\"elementor-widget-wrap\">\n\t\t\t\t\t\t<div class=\"elementor-element elementor-element-24c4215a elementor-widget elementor-widget-gallery\" data-id=\"24c4215a\" data-element_type=\"widget\" data-settings=\"{&quot;gallery_layout&quot;:&quot;masonry&quot;,&quot;columns&quot;:2,&quot;columns_tablet&quot;:3,&quot;columns_mobile&quot;:2,&quot;lazyload&quot;:&quot;yes&quot;,&quot;gap&quot;:{&quot;unit&quot;:&quot;px&quot;,&quot;size&quot;:10,&quot;sizes&quot;:[]},&quot;gap_tablet&quot;:{&quot;unit&quot;:&quot;px&quot;,&quot;size&quot;:10,&quot;sizes&quot;:[]},&quot;gap_mobile&quot;:{&quot;unit&quot;:&quot;px&quot;,&quot;size&quot;:10,&quot;sizes&quot;:[]},&quot;overlay_background&quot;:&quot;yes&quot;,&quot;content_hover_animation&quot;:&quot;fade-in&quot;}\" data-widget_type=\"gallery.default\">\n\t\t\t\t<div class=\"elementor-widget-container\">\n\t\t\t\t\t<div class=\"elementor-gallery__container\">\n\t\t\t\t\t\t\t<div class=\"e-gallery-item elementor-gallery-item elementor-animated-content\">\n\t\t\t\t\t<div class=\"e-gallery-image elementor-gallery-item__image\" data-thumbnail=\"http:\/\/thsc.pt\/wp-content\/uploads\/2020\/08\/thsc_2-768x432-1.jpg\" data-width=\"768\" data-height=\"432\" alt=\"\" ><\/div>\n\t\t\t\t\t\t\t\t\t\t<div class=\"elementor-gallery-item__overlay\"><\/div>\n\t\t\t\t\t\t\t\t\t\t\t\t\t\t<\/div>\n\t\t\t\t\t\t\t<div class=\"e-gallery-item elementor-gallery-item elementor-animated-content\">\n\t\t\t\t\t<div class=\"e-gallery-image elementor-gallery-item__image\" data-thumbnail=\"http:\/\/thsc.pt\/wp-content\/uploads\/2020\/08\/thsc1-1024x576.jpg\" data-width=\"1024\" data-height=\"576\" alt=\"\" ><\/div>\n\t\t\t\t\t\t\t\t\t\t<div class=\"elementor-gallery-item__overlay\"><\/div>\n\t\t\t\t\t\t\t\t\t\t\t\t\t\t<\/div>\n\t\t\t\t\t<\/div>\n\t\t\t<\/div>\n\t\t\t\t<\/div>\n\t\t\t\t\t\t<\/div>\n\t\t\t\t\t<\/div>\n\t\t<\/div>\n\t\t\t\t\t\t\t\t<\/div>\n\t\t\t\t\t<\/div>\n\t\t<\/section>\n\t\t\t\t\t\t<\/div>\n\t\t\t\t\t\t<\/div>\n\t\t\t\t\t<\/div>\n\t\t","protected":false},"excerpt":{"rendered":"<p>UNA 8 de junho 2024 21h00 M\/6 |\u00a0 BILHETES : 5,00 a 8,00 EUROS\u00a0 UNA \u00e9 um espet\u00e1culo de dan\u00e7a [&hellip;]<\/p>\n","protected":false},"author":3,"featured_media":5097,"parent":0,"menu_order":0,"comment_status":"closed","ping_status":"closed","template":"","meta":[],"_links":{"self":[{"href":"http:\/\/thsc.pt\/index.php?rest_route=\/wp\/v2\/pages\/5095"}],"collection":[{"href":"http:\/\/thsc.pt\/index.php?rest_route=\/wp\/v2\/pages"}],"about":[{"href":"http:\/\/thsc.pt\/index.php?rest_route=\/wp\/v2\/types\/page"}],"author":[{"embeddable":true,"href":"http:\/\/thsc.pt\/index.php?rest_route=\/wp\/v2\/users\/3"}],"replies":[{"embeddable":true,"href":"http:\/\/thsc.pt\/index.php?rest_route=%2Fwp%2Fv2%2Fcomments&post=5095"}],"version-history":[{"count":3,"href":"http:\/\/thsc.pt\/index.php?rest_route=\/wp\/v2\/pages\/5095\/revisions"}],"predecessor-version":[{"id":5103,"href":"http:\/\/thsc.pt\/index.php?rest_route=\/wp\/v2\/pages\/5095\/revisions\/5103"}],"wp:featuredmedia":[{"embeddable":true,"href":"http:\/\/thsc.pt\/index.php?rest_route=\/wp\/v2\/media\/5097"}],"wp:attachment":[{"href":"http:\/\/thsc.pt\/index.php?rest_route=%2Fwp%2Fv2%2Fmedia&parent=5095"}],"curies":[{"name":"wp","href":"https:\/\/api.w.org\/{rel}","templated":true}]}}