{"id":5043,"date":"2024-04-03T14:17:44","date_gmt":"2024-04-03T13:17:44","guid":{"rendered":"http:\/\/thsc.pt\/?page_id=5043"},"modified":"2024-04-10T12:46:39","modified_gmt":"2024-04-10T11:46:39","slug":"vnos","status":"publish","type":"page","link":"http:\/\/thsc.pt\/?page_id=5043","title":{"rendered":"[V]|[N]\u00f3s"},"content":{"rendered":"\t\t<div data-elementor-type=\"wp-page\" data-elementor-id=\"5043\" class=\"elementor elementor-5043\" data-elementor-settings=\"[]\">\n\t\t\t\t\t\t<div class=\"elementor-inner\">\n\t\t\t\t\t\t\t<div class=\"elementor-section-wrap\">\n\t\t\t\t\t\t\t<section class=\"elementor-section elementor-top-section elementor-element elementor-element-a0e57db elementor-section-height-min-height elementor-section-boxed elementor-section-height-default elementor-section-items-middle\" data-id=\"a0e57db\" data-element_type=\"section\" data-settings=\"{&quot;background_background&quot;:&quot;classic&quot;}\">\n\t\t\t\t\t\t\t<div class=\"elementor-background-overlay\"><\/div>\n\t\t\t\t\t\t\t<div class=\"elementor-container elementor-column-gap-default\">\n\t\t\t\t\t\t\t<div class=\"elementor-row\">\n\t\t\t\t\t<div class=\"elementor-column elementor-col-100 elementor-top-column elementor-element elementor-element-65fe546d\" data-id=\"65fe546d\" data-element_type=\"column\">\n\t\t\t<div class=\"elementor-column-wrap elementor-element-populated\">\n\t\t\t\t\t\t\t<div class=\"elementor-widget-wrap\">\n\t\t\t\t\t\t<div class=\"elementor-element elementor-element-7f2487a6 elementor-widget elementor-widget-spacer\" data-id=\"7f2487a6\" data-element_type=\"widget\" data-widget_type=\"spacer.default\">\n\t\t\t\t<div class=\"elementor-widget-container\">\n\t\t\t\t\t<div class=\"elementor-spacer\">\n\t\t\t<div class=\"elementor-spacer-inner\"><\/div>\n\t\t<\/div>\n\t\t\t\t<\/div>\n\t\t\t\t<\/div>\n\t\t\t\t<div class=\"elementor-element elementor-element-1b326a51 elementor-widget elementor-widget-heading\" data-id=\"1b326a51\" data-element_type=\"widget\" data-widget_type=\"heading.default\">\n\t\t\t\t<div class=\"elementor-widget-container\">\n\t\t\t<h1 class=\"elementor-heading-title elementor-size-large\">[V]|[N]\u00d3S<\/h1>\t\t<\/div>\n\t\t\t\t<\/div>\n\t\t\t\t<div class=\"elementor-element elementor-element-4cc16038 elementor-widget elementor-widget-text-editor\" data-id=\"4cc16038\" data-element_type=\"widget\" data-widget_type=\"text-editor.default\">\n\t\t\t\t<div class=\"elementor-widget-container\">\n\t\t\t\t\t<div class=\"elementor-text-editor elementor-clearfix\"><h2><strong><span style=\"color: #ffffff;\">24 de abril 2024<\/span><\/strong><\/h2><p><strong><span style=\"color: #ffffff;\">15h30<\/span><\/strong><\/p><\/div>\n\t\t\t\t<\/div>\n\t\t\t\t<\/div>\n\t\t\t\t<section class=\"elementor-section elementor-inner-section elementor-element elementor-element-178b6c9e elementor-section-content-middle elementor-section-boxed elementor-section-height-default elementor-section-height-default\" data-id=\"178b6c9e\" data-element_type=\"section\">\n\t\t\t\t\t\t<div class=\"elementor-container elementor-column-gap-extended\">\n\t\t\t\t\t\t\t<div class=\"elementor-row\">\n\t\t\t\t\t<div class=\"elementor-column elementor-col-100 elementor-inner-column elementor-element elementor-element-53771fb5\" data-id=\"53771fb5\" data-element_type=\"column\">\n\t\t\t<div class=\"elementor-column-wrap elementor-element-populated\">\n\t\t\t\t\t\t\t<div class=\"elementor-widget-wrap\">\n\t\t\t\t\t\t<div class=\"elementor-element elementor-element-705486e3 elementor-widget elementor-widget-text-editor\" data-id=\"705486e3\" data-element_type=\"widget\" data-widget_type=\"text-editor.default\">\n\t\t\t\t<div class=\"elementor-widget-container\">\n\t\t\t\t\t<div class=\"elementor-text-editor elementor-clearfix\"><h5><span style=\"color: #ffffff;\"><b><span style=\"font-family: var( --e-global-typography-text-font-family );\">ENSAIO ABERTO | ENTRADA GRATUITA (AT\u00c9 AO LIMITE DA LOTA\u00c7\u00c3O DA SALA)\u00a0<\/span><\/b><\/span><\/h5><\/div>\n\t\t\t\t<\/div>\n\t\t\t\t<\/div>\n\t\t\t\t\t\t<\/div>\n\t\t\t\t\t<\/div>\n\t\t<\/div>\n\t\t\t\t\t\t\t\t<\/div>\n\t\t\t\t\t<\/div>\n\t\t<\/section>\n\t\t\t\t\t\t<\/div>\n\t\t\t\t\t<\/div>\n\t\t<\/div>\n\t\t\t\t\t\t\t\t<\/div>\n\t\t\t\t\t<\/div>\n\t\t<\/section>\n\t\t\t\t<section class=\"elementor-section elementor-top-section elementor-element elementor-element-1af943fa elementor-section-boxed elementor-section-height-default elementor-section-height-default\" data-id=\"1af943fa\" data-element_type=\"section\" data-settings=\"{&quot;background_background&quot;:&quot;classic&quot;}\">\n\t\t\t\t\t\t<div class=\"elementor-container elementor-column-gap-default\">\n\t\t\t\t\t\t\t<div class=\"elementor-row\">\n\t\t\t\t\t<div class=\"elementor-column elementor-col-50 elementor-top-column elementor-element elementor-element-3161b7ca\" data-id=\"3161b7ca\" data-element_type=\"column\">\n\t\t\t<div class=\"elementor-column-wrap elementor-element-populated\">\n\t\t\t\t\t\t\t<div class=\"elementor-widget-wrap\">\n\t\t\t\t\t\t<div class=\"elementor-element elementor-element-7a2422d elementor-widget elementor-widget-spacer\" data-id=\"7a2422d\" data-element_type=\"widget\" data-widget_type=\"spacer.default\">\n\t\t\t\t<div class=\"elementor-widget-container\">\n\t\t\t\t\t<div class=\"elementor-spacer\">\n\t\t\t<div class=\"elementor-spacer-inner\"><\/div>\n\t\t<\/div>\n\t\t\t\t<\/div>\n\t\t\t\t<\/div>\n\t\t\t\t<div class=\"elementor-element elementor-element-78547e47 elementor-widget elementor-widget-text-editor\" data-id=\"78547e47\" data-element_type=\"widget\" data-widget_type=\"text-editor.default\">\n\t\t\t\t<div class=\"elementor-widget-container\">\n\t\t\t\t\t<div class=\"elementor-text-editor elementor-clearfix\"><p>[V][N]\u00f3s \u00e9 uma cria\u00e7\u00e3o art\u00edstica em processo. Um di\u00e1logo colaborativo que tem vindo a ser desenvolvido com jovens entre os 12 e os 17 anos, com e sem defici\u00eancia e Surdos.<\/p><p>Durante este ano letivo, em sess\u00f5es bissemanais, 14 jovens e 5 tutoras sonham e constroem um mundo de fantasia. Ou ser\u00e1 um mundo real? Seremos n\u00f3s? Sereis v\u00f3s? Seremos n\u00f3s e v\u00f3s? Ou ser\u00e3o s\u00f3 os n\u00f3s que [des]atamos nas nossas cabe\u00e7as? Ser\u00e1 a nossa voz? A vossa voz? Quantos tipos de vozes podemos ter? E quem n\u00e3o tem voz? E quem n\u00e3o ouve a voz? O que sente? Como se sente? O que \u00e9 a verdade? O que \u00e9 a realidade?\u00a0 Quem e o que somos [V]|[N]\u00f3s?<\/p><p>Este tem sido um espa\u00e7o de descoberta, de partilha, de brincadeira, de crescimento, de felicidade, de magia e de muitos sorrisos que vos desafiamos a conhecer.<\/p><p>Este exerc\u00edcio integra a a\u00e7\u00e3o de forma\u00e7\u00e3o\/sensibiliza\u00e7\u00e3o A Arte com e para Artistas neurodiversos e cegos, uma das atividades do projeto de Mestrado em Artes C\u00e9nicas \u2013 Dire\u00e7\u00e3o de Cena e Produ\u00e7\u00e3o: Eu sou porque tu \u00e9s.<\/p><\/div>\n\t\t\t\t<\/div>\n\t\t\t\t<\/div>\n\t\t\t\t\t\t<\/div>\n\t\t\t\t\t<\/div>\n\t\t<\/div>\n\t\t\t\t<div class=\"elementor-column elementor-col-50 elementor-top-column elementor-element elementor-element-3baca4f9\" data-id=\"3baca4f9\" data-element_type=\"column\" data-settings=\"{&quot;background_background&quot;:&quot;classic&quot;}\">\n\t\t\t<div class=\"elementor-column-wrap elementor-element-populated\">\n\t\t\t\t\t<div class=\"elementor-background-overlay\"><\/div>\n\t\t\t\t\t\t\t<div class=\"elementor-widget-wrap\">\n\t\t\t\t\t\t<div class=\"elementor-element elementor-element-4e0e8a6 elementor-widget elementor-widget-image\" data-id=\"4e0e8a6\" data-element_type=\"widget\" data-widget_type=\"image.default\">\n\t\t\t\t<div class=\"elementor-widget-container\">\n\t\t\t\t\t<div class=\"elementor-image\">\n\t\t\t\t\t\t\t\t\t\t<img width=\"724\" height=\"1024\" src=\"http:\/\/thsc.pt\/wp-content\/uploads\/2024\/04\/cartaz-724x1024.png\" class=\"attachment-large size-large\" alt=\"\" decoding=\"async\" loading=\"lazy\" srcset=\"http:\/\/thsc.pt\/wp-content\/uploads\/2024\/04\/cartaz-724x1024.png 724w, http:\/\/thsc.pt\/wp-content\/uploads\/2024\/04\/cartaz-212x300.png 212w, http:\/\/thsc.pt\/wp-content\/uploads\/2024\/04\/cartaz-768x1087.png 768w, http:\/\/thsc.pt\/wp-content\/uploads\/2024\/04\/cartaz-1086x1536.png 1086w, http:\/\/thsc.pt\/wp-content\/uploads\/2024\/04\/cartaz.png 1357w\" sizes=\"(max-width: 724px) 100vw, 724px\" \/>\t\t\t\t\t\t\t\t\t\t\t<\/div>\n\t\t\t\t<\/div>\n\t\t\t\t<\/div>\n\t\t\t\t\t\t<\/div>\n\t\t\t\t\t<\/div>\n\t\t<\/div>\n\t\t\t\t\t\t\t\t<\/div>\n\t\t\t\t\t<\/div>\n\t\t<\/section>\n\t\t\t\t<section class=\"elementor-section elementor-top-section elementor-element elementor-element-58fd1bcb elementor-section-boxed elementor-section-height-default elementor-section-height-default\" data-id=\"58fd1bcb\" data-element_type=\"section\" data-settings=\"{&quot;background_background&quot;:&quot;classic&quot;}\">\n\t\t\t\t\t\t<div class=\"elementor-container elementor-column-gap-default\">\n\t\t\t\t\t\t\t<div class=\"elementor-row\">\n\t\t\t\t\t\t\t\t\t<\/div>\n\t\t\t\t\t<\/div>\n\t\t<\/section>\n\t\t\t\t<section class=\"elementor-section elementor-top-section elementor-element elementor-element-1a879830 elementor-section-full_width elementor-section-height-min-height elementor-section-height-default elementor-section-items-middle\" data-id=\"1a879830\" data-element_type=\"section\" data-settings=\"{&quot;background_background&quot;:&quot;classic&quot;}\">\n\t\t\t\t\t\t<div class=\"elementor-container elementor-column-gap-no\">\n\t\t\t\t\t\t\t<div class=\"elementor-row\">\n\t\t\t\t\t<div class=\"elementor-column elementor-col-50 elementor-top-column elementor-element elementor-element-78bb293a\" data-id=\"78bb293a\" data-element_type=\"column\">\n\t\t\t<div class=\"elementor-column-wrap elementor-element-populated\">\n\t\t\t\t\t\t\t<div class=\"elementor-widget-wrap\">\n\t\t\t\t\t\t<div class=\"elementor-element elementor-element-6b3ef4a elementor-widget elementor-widget-text-editor\" data-id=\"6b3ef4a\" data-element_type=\"widget\" data-widget_type=\"text-editor.default\">\n\t\t\t\t<div class=\"elementor-widget-container\">\n\t\t\t\t\t<div class=\"elementor-text-editor elementor-clearfix\"><blockquote><p class=\"p1\"><span style=\"color: #333333;\"><strong>Equipa Criativa e Art\u00edstica<\/strong><\/span><\/p><\/blockquote><p class=\"p1\" style=\"padding-left: 40px;\"><span style=\"color: #333333;\"><strong>Texto e Encena\u00e7\u00e3o<\/strong><\/span><br \/><span style=\"color: #333333;\">Coletivo<\/span><\/p><p class=\"p1\" style=\"padding-left: 40px;\"><span style=\"color: #333333;\"><strong>Dire\u00e7\u00e3o<\/strong><\/span><br \/><span style=\"color: #333333;\">Gisela Firmino<\/span><\/p><p class=\"p1\" style=\"padding-left: 40px;\"><span style=\"color: #333333;\"><strong>Interpreta\u00e7\u00e3o<\/strong><\/span><br \/><span style=\"color: #333333;\">David Varandas<br \/>David Diamvutu<br \/>Diogo Ferreira<br \/>Iara Pereira<br \/>Leandro Machado<br \/>Lu\u00eds Costa<br \/>Jos\u00e9 Madeira<br \/>Mariana Ribeiro<br \/>Mariana Caramelo<br \/>Miguel Coelho<br \/>Nair Soares<br \/>Sofia Afonso<br \/>Rafael Jesus<br \/>Rui Soares<br \/>Cl\u00e1udia Braga<br \/>Maria Jos\u00e9 Couto<br \/>Marta Monteiro<br \/>Nat\u00e1lia Maltez<br \/>Zita Barros<\/span><\/p><p class=\"p1\" style=\"padding-left: 40px;\"><span style=\"color: #333333;\"><strong>Cenografia<\/strong><\/span><br \/><span style=\"color: #333333;\">Coletivo<\/span><\/p><p class=\"p1\" style=\"padding-left: 40px;\">\u00a0<\/p><\/div>\n\t\t\t\t<\/div>\n\t\t\t\t<\/div>\n\t\t\t\t\t\t<\/div>\n\t\t\t\t\t<\/div>\n\t\t<\/div>\n\t\t\t\t<div class=\"elementor-column elementor-col-50 elementor-top-column elementor-element elementor-element-4333ed26\" data-id=\"4333ed26\" data-element_type=\"column\">\n\t\t\t<div class=\"elementor-column-wrap elementor-element-populated\">\n\t\t\t\t\t\t\t<div class=\"elementor-widget-wrap\">\n\t\t\t\t\t\t<div class=\"elementor-element elementor-element-2a13f886 elementor-widget elementor-widget-text-editor\" data-id=\"2a13f886\" data-element_type=\"widget\" data-widget_type=\"text-editor.default\">\n\t\t\t\t<div class=\"elementor-widget-container\">\n\t\t\t\t\t<div class=\"elementor-text-editor elementor-clearfix\"><p class=\"p1\"><span style=\"color: #333333;\"><strong>Figurinos<\/strong><\/span><br \/><span style=\"color: #333333;\">Coletivo<br \/>Ivete Martins<\/span><\/p><p class=\"p1\"><span style=\"color: #000000;\"><strong>Adere\u00e7os<\/strong><\/span><br \/><span style=\"color: #000000;\">Coletivo<\/span><\/p><p class=\"p1\"><span style=\"color: #000000;\"><strong>Desenho de Luz<\/strong><\/span><br \/><span style=\"color: #000000;\">B\u00e1rbara Rey<\/span><\/p><p><span style=\"color: #000000;\"><strong>Sonoplastia<br \/><\/strong>Ricardo Raminhos<\/span><\/p><p><span style=\"color: #000000;\"><strong>Tradu\u00e7\u00e3o e Interpreta\u00e7\u00e3o LGP<\/strong><\/span><br \/><span style=\"color: #000000;\">Cl\u00e1udia Braga<\/span><\/p><p><span style=\"color: #000000;\"><strong>Design Gr\u00e1fico<\/strong><\/span><br \/><span style=\"color: #000000;\">Jos\u00e9 Peneda<\/span><\/p><p><span style=\"color: #000000;\"><strong>Produ\u00e7\u00e3o e Dire\u00e7\u00e3o de Cena<\/strong><\/span><br \/><span style=\"color: #000000;\">Gisela Firmino<\/span><\/p><p class=\"p1\"><span style=\"color: #000000;\"><strong>Apoio<br \/><\/strong>M\u00f3nica Rocha<br \/>Constan\u00e7a Antunes<br \/>In\u00eas Ferreira<\/span><\/p><p class=\"p1\"><span style=\"color: #000000;\"><strong>Orienta\u00e7\u00e3o do Projeto Mestrado<br \/><\/strong><span style=\"color: #333333;\">Regina Castro<\/span><\/span><\/p><p><span style=\"color: #000000;\"><strong>Projeto apoiado Pr\u00e9mio Inf\u00e2ncia 2023 do BPI | Funda\u00e7\u00e3o La Caixa.<\/strong><br \/><\/span><\/p><p><strong><span style=\"color: #000000;\">Outros apoios<br \/><\/span><\/strong><span style=\"color: #000000;\">ACAPO | Porto<br \/><\/span><span style=\"color: #000000;\">Associa\u00e7\u00e3o Portuguesa de Surdos | Porto<br \/><\/span><span style=\"color: #000000;\">Escola Eug\u00e9nio de Andrade<br \/><\/span><span style=\"color: #000000;\">Funda\u00e7\u00e3o Eug\u00e9nio Ant\u00f3nio de Almeida<br \/><\/span><span style=\"color: #000000;\">Junta de Freguesia de Paranhos<br \/><\/span><span style=\"color: #000000;\">Teatro Helena S\u00e1 e Costa<br \/><\/span><span style=\"color: #000000;\">Teatro Nacional de S\u00e3o Jo\u00e3o<\/span><\/p><p><span style=\"color: #000000;\">\u00a0<\/span><\/p><\/div>\n\t\t\t\t<\/div>\n\t\t\t\t<\/div>\n\t\t\t\t\t\t<\/div>\n\t\t\t\t\t<\/div>\n\t\t<\/div>\n\t\t\t\t\t\t\t\t<\/div>\n\t\t\t\t\t<\/div>\n\t\t<\/section>\n\t\t\t\t<section class=\"elementor-section elementor-top-section elementor-element elementor-element-206c50f6 elementor-section-full_width elementor-section-stretched elementor-section-height-default elementor-section-height-default\" data-id=\"206c50f6\" data-element_type=\"section\" data-settings=\"{&quot;stretch_section&quot;:&quot;section-stretched&quot;,&quot;background_background&quot;:&quot;classic&quot;}\">\n\t\t\t\t\t\t<div class=\"elementor-container elementor-column-gap-default\">\n\t\t\t\t\t\t\t<div class=\"elementor-row\">\n\t\t\t\t\t<div class=\"elementor-column elementor-col-100 elementor-top-column elementor-element elementor-element-560d2026\" data-id=\"560d2026\" data-element_type=\"column\">\n\t\t\t<div class=\"elementor-column-wrap elementor-element-populated\">\n\t\t\t\t\t\t\t<div class=\"elementor-widget-wrap\">\n\t\t\t\t\t\t<div class=\"elementor-element elementor-element-6da67c06 elementor-widget elementor-widget-gallery\" data-id=\"6da67c06\" data-element_type=\"widget\" data-settings=\"{&quot;gallery_layout&quot;:&quot;masonry&quot;,&quot;columns&quot;:2,&quot;columns_tablet&quot;:3,&quot;columns_mobile&quot;:2,&quot;lazyload&quot;:&quot;yes&quot;,&quot;gap&quot;:{&quot;unit&quot;:&quot;px&quot;,&quot;size&quot;:10,&quot;sizes&quot;:[]},&quot;gap_tablet&quot;:{&quot;unit&quot;:&quot;px&quot;,&quot;size&quot;:10,&quot;sizes&quot;:[]},&quot;gap_mobile&quot;:{&quot;unit&quot;:&quot;px&quot;,&quot;size&quot;:10,&quot;sizes&quot;:[]},&quot;overlay_background&quot;:&quot;yes&quot;,&quot;content_hover_animation&quot;:&quot;fade-in&quot;}\" data-widget_type=\"gallery.default\">\n\t\t\t\t<div class=\"elementor-widget-container\">\n\t\t\t\t\t<div class=\"elementor-gallery__container\">\n\t\t\t\t\t\t\t<div class=\"e-gallery-item elementor-gallery-item elementor-animated-content\">\n\t\t\t\t\t<div class=\"e-gallery-image elementor-gallery-item__image\" data-thumbnail=\"http:\/\/thsc.pt\/wp-content\/uploads\/2024\/04\/logobpi-1024x300.png\" data-width=\"1024\" data-height=\"300\" alt=\"\" ><\/div>\n\t\t\t\t\t\t\t\t\t\t<div class=\"elementor-gallery-item__overlay\"><\/div>\n\t\t\t\t\t\t\t\t\t\t\t\t\t\t<\/div>\n\t\t\t\t\t\t\t<div class=\"e-gallery-item elementor-gallery-item elementor-animated-content\">\n\t\t\t\t\t<div class=\"e-gallery-image elementor-gallery-item__image\" data-thumbnail=\"http:\/\/thsc.pt\/wp-content\/uploads\/2024\/04\/foto3-682x1024.jpg\" data-width=\"682\" data-height=\"1024\" alt=\"\" ><\/div>\n\t\t\t\t\t\t\t\t\t\t<div class=\"elementor-gallery-item__overlay\"><\/div>\n\t\t\t\t\t\t\t\t\t\t\t\t\t\t<\/div>\n\t\t\t\t\t\t\t<div class=\"e-gallery-item elementor-gallery-item elementor-animated-content\">\n\t\t\t\t\t<div class=\"e-gallery-image elementor-gallery-item__image\" data-thumbnail=\"http:\/\/thsc.pt\/wp-content\/uploads\/2024\/04\/foto1-1024x682.jpg\" data-width=\"1024\" data-height=\"682\" alt=\"\" ><\/div>\n\t\t\t\t\t\t\t\t\t\t<div class=\"elementor-gallery-item__overlay\"><\/div>\n\t\t\t\t\t\t\t\t\t\t\t\t\t\t<\/div>\n\t\t\t\t\t\t\t<div class=\"e-gallery-item elementor-gallery-item elementor-animated-content\">\n\t\t\t\t\t<div class=\"e-gallery-image elementor-gallery-item__image\" data-thumbnail=\"http:\/\/thsc.pt\/wp-content\/uploads\/2024\/04\/foto2-1024x682.jpg\" data-width=\"1024\" data-height=\"682\" alt=\"\" ><\/div>\n\t\t\t\t\t\t\t\t\t\t<div class=\"elementor-gallery-item__overlay\"><\/div>\n\t\t\t\t\t\t\t\t\t\t\t\t\t\t<\/div>\n\t\t\t\t\t\t\t<div class=\"e-gallery-item elementor-gallery-item elementor-animated-content\">\n\t\t\t\t\t<div class=\"e-gallery-image elementor-gallery-item__image\" data-thumbnail=\"http:\/\/thsc.pt\/wp-content\/uploads\/2024\/04\/foto-1024x682.jpg\" data-width=\"1024\" data-height=\"682\" alt=\"\" ><\/div>\n\t\t\t\t\t\t\t\t\t\t<div class=\"elementor-gallery-item__overlay\"><\/div>\n\t\t\t\t\t\t\t\t\t\t\t\t\t\t<\/div>\n\t\t\t\t\t<\/div>\n\t\t\t<\/div>\n\t\t\t\t<\/div>\n\t\t\t\t\t\t<\/div>\n\t\t\t\t\t<\/div>\n\t\t<\/div>\n\t\t\t\t\t\t\t\t<\/div>\n\t\t\t\t\t<\/div>\n\t\t<\/section>\n\t\t\t\t\t\t<\/div>\n\t\t\t\t\t\t<\/div>\n\t\t\t\t\t<\/div>\n\t\t","protected":false},"excerpt":{"rendered":"<p>[V]|[N]\u00d3S 24 de abril 2024 15h30 ENSAIO ABERTO | ENTRADA GRATUITA (AT\u00c9 AO LIMITE DA LOTA\u00c7\u00c3O DA SALA)\u00a0 [V][N]\u00f3s \u00e9 [&hellip;]<\/p>\n","protected":false},"author":3,"featured_media":5046,"parent":0,"menu_order":0,"comment_status":"closed","ping_status":"closed","template":"","meta":[],"_links":{"self":[{"href":"http:\/\/thsc.pt\/index.php?rest_route=\/wp\/v2\/pages\/5043"}],"collection":[{"href":"http:\/\/thsc.pt\/index.php?rest_route=\/wp\/v2\/pages"}],"about":[{"href":"http:\/\/thsc.pt\/index.php?rest_route=\/wp\/v2\/types\/page"}],"author":[{"embeddable":true,"href":"http:\/\/thsc.pt\/index.php?rest_route=\/wp\/v2\/users\/3"}],"replies":[{"embeddable":true,"href":"http:\/\/thsc.pt\/index.php?rest_route=%2Fwp%2Fv2%2Fcomments&post=5043"}],"version-history":[{"count":4,"href":"http:\/\/thsc.pt\/index.php?rest_route=\/wp\/v2\/pages\/5043\/revisions"}],"predecessor-version":[{"id":5073,"href":"http:\/\/thsc.pt\/index.php?rest_route=\/wp\/v2\/pages\/5043\/revisions\/5073"}],"wp:featuredmedia":[{"embeddable":true,"href":"http:\/\/thsc.pt\/index.php?rest_route=\/wp\/v2\/media\/5046"}],"wp:attachment":[{"href":"http:\/\/thsc.pt\/index.php?rest_route=%2Fwp%2Fv2%2Fmedia&parent=5043"}],"curies":[{"name":"wp","href":"https:\/\/api.w.org\/{rel}","templated":true}]}}