{"id":5009,"date":"2024-03-15T16:38:54","date_gmt":"2024-03-15T15:38:54","guid":{"rendered":"http:\/\/thsc.pt\/?page_id=5009"},"modified":"2024-04-11T16:29:26","modified_gmt":"2024-04-11T15:29:26","slug":"cosi-fan-tutte","status":"publish","type":"page","link":"http:\/\/thsc.pt\/?page_id=5009","title":{"rendered":"Cosi Fan Tutte"},"content":{"rendered":"\t\t<div data-elementor-type=\"wp-page\" data-elementor-id=\"5009\" class=\"elementor elementor-5009\" data-elementor-settings=\"[]\">\n\t\t\t\t\t\t<div class=\"elementor-inner\">\n\t\t\t\t\t\t\t<div class=\"elementor-section-wrap\">\n\t\t\t\t\t\t\t<section class=\"elementor-section elementor-top-section elementor-element elementor-element-4532b13e elementor-section-height-min-height elementor-section-boxed elementor-section-height-default elementor-section-items-middle\" data-id=\"4532b13e\" data-element_type=\"section\" data-settings=\"{&quot;background_background&quot;:&quot;classic&quot;}\">\n\t\t\t\t\t\t\t<div class=\"elementor-background-overlay\"><\/div>\n\t\t\t\t\t\t\t<div class=\"elementor-container elementor-column-gap-default\">\n\t\t\t\t\t\t\t<div class=\"elementor-row\">\n\t\t\t\t\t<div class=\"elementor-column elementor-col-100 elementor-top-column elementor-element elementor-element-54013690\" data-id=\"54013690\" data-element_type=\"column\">\n\t\t\t<div class=\"elementor-column-wrap elementor-element-populated\">\n\t\t\t\t\t\t\t<div class=\"elementor-widget-wrap\">\n\t\t\t\t\t\t<div class=\"elementor-element elementor-element-5b35cf59 elementor-widget elementor-widget-spacer\" data-id=\"5b35cf59\" data-element_type=\"widget\" data-widget_type=\"spacer.default\">\n\t\t\t\t<div class=\"elementor-widget-container\">\n\t\t\t\t\t<div class=\"elementor-spacer\">\n\t\t\t<div class=\"elementor-spacer-inner\"><\/div>\n\t\t<\/div>\n\t\t\t\t<\/div>\n\t\t\t\t<\/div>\n\t\t\t\t<div class=\"elementor-element elementor-element-4c91146e elementor-widget elementor-widget-heading\" data-id=\"4c91146e\" data-element_type=\"widget\" data-widget_type=\"heading.default\">\n\t\t\t\t<div class=\"elementor-widget-container\">\n\t\t\t<h1 class=\"elementor-heading-title elementor-size-large\">COSI FAN TUTTE<\/h1>\t\t<\/div>\n\t\t\t\t<\/div>\n\t\t\t\t<div class=\"elementor-element elementor-element-39dbba28 elementor-widget elementor-widget-text-editor\" data-id=\"39dbba28\" data-element_type=\"widget\" data-widget_type=\"text-editor.default\">\n\t\t\t\t<div class=\"elementor-widget-container\">\n\t\t\t\t\t<div class=\"elementor-text-editor elementor-clearfix\"><h2><strong><span style=\"color: #ffffff;\">12 e 13 de abril 2024<\/span><\/strong><\/h2><p><strong><span style=\"color: #ffffff;\">Sexta-feira &#8211; 21h00<\/span><\/strong><br \/><strong><span style=\"color: #ffffff;\">S\u00e1bado &#8211; 16h30<\/span><\/strong><\/p><\/div>\n\t\t\t\t<\/div>\n\t\t\t\t<\/div>\n\t\t\t\t<section class=\"elementor-section elementor-inner-section elementor-element elementor-element-4d25cfdb elementor-section-content-middle elementor-section-boxed elementor-section-height-default elementor-section-height-default\" data-id=\"4d25cfdb\" data-element_type=\"section\">\n\t\t\t\t\t\t<div class=\"elementor-container elementor-column-gap-extended\">\n\t\t\t\t\t\t\t<div class=\"elementor-row\">\n\t\t\t\t\t<div class=\"elementor-column elementor-col-100 elementor-inner-column elementor-element elementor-element-7f0cefb4\" data-id=\"7f0cefb4\" data-element_type=\"column\">\n\t\t\t<div class=\"elementor-column-wrap elementor-element-populated\">\n\t\t\t\t\t\t\t<div class=\"elementor-widget-wrap\">\n\t\t\t\t\t\t<div class=\"elementor-element elementor-element-2610bad8 elementor-widget elementor-widget-text-editor\" data-id=\"2610bad8\" data-element_type=\"widget\" data-widget_type=\"text-editor.default\">\n\t\t\t\t<div class=\"elementor-widget-container\">\n\t\t\t\t\t<div class=\"elementor-text-editor elementor-clearfix\"><h5><span style=\"color: #ffffff;\"><b><span style=\"font-family: var( --e-global-typography-text-font-family );\">M\/16 |\u00a0 BILHETES : 5,00\u20ac\u00a0<\/span><\/b><\/span><\/h5><\/div>\n\t\t\t\t<\/div>\n\t\t\t\t<\/div>\n\t\t\t\t\t\t<\/div>\n\t\t\t\t\t<\/div>\n\t\t<\/div>\n\t\t\t\t\t\t\t\t<\/div>\n\t\t\t\t\t<\/div>\n\t\t<\/section>\n\t\t\t\t\t\t<\/div>\n\t\t\t\t\t<\/div>\n\t\t<\/div>\n\t\t\t\t\t\t\t\t<\/div>\n\t\t\t\t\t<\/div>\n\t\t<\/section>\n\t\t\t\t<section class=\"elementor-section elementor-top-section elementor-element elementor-element-5f5e0365 elementor-section-boxed elementor-section-height-default elementor-section-height-default\" data-id=\"5f5e0365\" data-element_type=\"section\" data-settings=\"{&quot;background_background&quot;:&quot;classic&quot;}\">\n\t\t\t\t\t\t<div class=\"elementor-container elementor-column-gap-default\">\n\t\t\t\t\t\t\t<div class=\"elementor-row\">\n\t\t\t\t\t<div class=\"elementor-column elementor-col-50 elementor-top-column elementor-element elementor-element-18ee5f25\" data-id=\"18ee5f25\" data-element_type=\"column\">\n\t\t\t<div class=\"elementor-column-wrap elementor-element-populated\">\n\t\t\t\t\t\t\t<div class=\"elementor-widget-wrap\">\n\t\t\t\t\t\t<div class=\"elementor-element elementor-element-4f816669 elementor-widget elementor-widget-spacer\" data-id=\"4f816669\" data-element_type=\"widget\" data-widget_type=\"spacer.default\">\n\t\t\t\t<div class=\"elementor-widget-container\">\n\t\t\t\t\t<div class=\"elementor-spacer\">\n\t\t\t<div class=\"elementor-spacer-inner\"><\/div>\n\t\t<\/div>\n\t\t\t\t<\/div>\n\t\t\t\t<\/div>\n\t\t\t\t<div class=\"elementor-element elementor-element-4ec095f elementor-widget elementor-widget-text-editor\" data-id=\"4ec095f\" data-element_type=\"widget\" data-widget_type=\"text-editor.default\">\n\t\t\t\t<div class=\"elementor-widget-container\">\n\t\t\t\t\t<div class=\"elementor-text-editor elementor-clearfix\"><p>Cos\u00ec Fan Tutte: ossia La Scuola degli Amanti (Todas Fazem Assim, ou A Escola dos Amantes), obra em dois atos de Wolfgang Amadeus Mozart com libreto de Lorenzo da Ponte, reflecte sobre alguns temas fracturantes da sociedade do tempo de Mozart, como a sexualidade, a fidelidade, o amor latto sensu.<\/p><p>Ter\u00e1 sido recebida com alguma relut\u00e2ncia pelo p\u00fablico da \u00e9poca, relut\u00e2ncia essa que o tempo tratou de afagar, tal a genialidade da composi\u00e7\u00e3o musical.<\/p><p>Ainda hoje os assuntos tratados nesta \u00f3pera e a teia de enganos urdida para provar o improv\u00e1vel, torna a pe\u00e7a cruel e desajustada \u00e0 luz dos valores que hoje s\u00e3o a nossa casa comum.<\/p><p>Mas de que trata a pe\u00e7a?<\/p><p>Apaixonados e convencidos da reciprocidade dessa paix\u00e3o, os jovens militares Guglielmo e Ferrando amam as irm\u00e3s Fiordiligi e Dorabella, jovens na casa dos quinze anos. Uma noite, acelerados pela carga et\u00edlica de um ser\u00e3o que \u00e9 rampa de lan\u00e7amento para vinte e quatro horas vertiginosas, apostam com um fil\u00f3sofo chamado Don Alfonso, a robustez dessa fidelidade.<\/p><p>Durante 24 horas, industriados por D Alfonso e de forma a cumprir os tr\u00e2mites do contrato que celebraram, os dois rapazes, acolitados por Despina, p\u00f5em em causa essa fidelidade. E \u00e9 disso que a obra trata: os temas da infidelidade, questionando a institui\u00e7\u00e3o do amor rom\u00e2ntico que alimentava a sociedade bem pensante da \u00e9poca, o que fez com que s\u00f3 tardiamente esta \u00f3pera fosse reconhecida como a obra prima que efectivamente \u00e9.<\/p><p>Os n\u00edveis de conhecimento e consci\u00eancia da mentira que est\u00e1 a ser jogada (hoje talvez lhe cham\u00e1ssemos fake news) t\u00eam diferentes n\u00edveis e exp\u00f5em de forma crudel\u00edssima o universo feminino, queira isso dizer o que quer que seja.<\/p><p>No fim, cumpridas as 24 horas nesta pista de velocidade que \u00e9 esta estranha pista de circo, tudo se recomp\u00f5e e o universo alinha-se como se nada tivesse acontecido.<\/p><p>Mas o que foi afinal que aconteceu?<\/p><p>Ant\u00f3nio Dur\u00e3es<\/p><\/div>\n\t\t\t\t<\/div>\n\t\t\t\t<\/div>\n\t\t\t\t\t\t<\/div>\n\t\t\t\t\t<\/div>\n\t\t<\/div>\n\t\t\t\t<div class=\"elementor-column elementor-col-50 elementor-top-column elementor-element elementor-element-4a503133\" data-id=\"4a503133\" data-element_type=\"column\" data-settings=\"{&quot;background_background&quot;:&quot;classic&quot;}\">\n\t\t\t<div class=\"elementor-column-wrap elementor-element-populated\">\n\t\t\t\t\t<div class=\"elementor-background-overlay\"><\/div>\n\t\t\t\t\t\t\t<div class=\"elementor-widget-wrap\">\n\t\t\t\t\t\t<div class=\"elementor-element elementor-element-3985833 elementor-widget elementor-widget-image\" data-id=\"3985833\" data-element_type=\"widget\" data-widget_type=\"image.default\">\n\t\t\t\t<div class=\"elementor-widget-container\">\n\t\t\t\t\t<div class=\"elementor-image\">\n\t\t\t\t\t\t\t\t\t\t<img width=\"724\" height=\"1024\" src=\"http:\/\/thsc.pt\/wp-content\/uploads\/2024\/04\/cartaz-724x1024.jpg\" class=\"attachment-large size-large\" alt=\"\" decoding=\"async\" loading=\"lazy\" srcset=\"http:\/\/thsc.pt\/wp-content\/uploads\/2024\/04\/cartaz-724x1024.jpg 724w, http:\/\/thsc.pt\/wp-content\/uploads\/2024\/04\/cartaz-212x300.jpg 212w, http:\/\/thsc.pt\/wp-content\/uploads\/2024\/04\/cartaz-768x1086.jpg 768w, http:\/\/thsc.pt\/wp-content\/uploads\/2024\/04\/cartaz-1086x1536.jpg 1086w, http:\/\/thsc.pt\/wp-content\/uploads\/2024\/04\/cartaz-1448x2048.jpg 1448w, http:\/\/thsc.pt\/wp-content\/uploads\/2024\/04\/cartaz-scaled.jpg 1810w\" sizes=\"(max-width: 724px) 100vw, 724px\" \/>\t\t\t\t\t\t\t\t\t\t\t<\/div>\n\t\t\t\t<\/div>\n\t\t\t\t<\/div>\n\t\t\t\t\t\t<\/div>\n\t\t\t\t\t<\/div>\n\t\t<\/div>\n\t\t\t\t\t\t\t\t<\/div>\n\t\t\t\t\t<\/div>\n\t\t<\/section>\n\t\t\t\t<section class=\"elementor-section elementor-top-section elementor-element elementor-element-27db5b1f elementor-section-boxed elementor-section-height-default elementor-section-height-default\" data-id=\"27db5b1f\" data-element_type=\"section\" data-settings=\"{&quot;background_background&quot;:&quot;classic&quot;}\">\n\t\t\t\t\t\t<div class=\"elementor-container elementor-column-gap-default\">\n\t\t\t\t\t\t\t<div class=\"elementor-row\">\n\t\t\t\t\t\t\t\t\t<\/div>\n\t\t\t\t\t<\/div>\n\t\t<\/section>\n\t\t\t\t<section class=\"elementor-section elementor-top-section elementor-element elementor-element-6e25012e elementor-section-full_width elementor-section-height-min-height elementor-section-height-default elementor-section-items-middle\" data-id=\"6e25012e\" data-element_type=\"section\" data-settings=\"{&quot;background_background&quot;:&quot;classic&quot;}\">\n\t\t\t\t\t\t<div class=\"elementor-container elementor-column-gap-no\">\n\t\t\t\t\t\t\t<div class=\"elementor-row\">\n\t\t\t\t\t<div class=\"elementor-column elementor-col-50 elementor-top-column elementor-element elementor-element-202ac236\" data-id=\"202ac236\" data-element_type=\"column\">\n\t\t\t<div class=\"elementor-column-wrap elementor-element-populated\">\n\t\t\t\t\t\t\t<div class=\"elementor-widget-wrap\">\n\t\t\t\t\t\t<div class=\"elementor-element elementor-element-7c25d5e2 elementor-widget elementor-widget-text-editor\" data-id=\"7c25d5e2\" data-element_type=\"widget\" data-widget_type=\"text-editor.default\">\n\t\t\t\t<div class=\"elementor-widget-container\">\n\t\t\t\t\t<div class=\"elementor-text-editor elementor-clearfix\"><blockquote><p class=\"p1\"><span style=\"color: #333333;\"><strong>Equipa Criativa e Art\u00edstica<\/strong><\/span><\/p><\/blockquote><p class=\"p1\" style=\"padding-left: 40px;\"><span style=\"color: #333333;\"><strong>M\u00fasica<\/strong><\/span><br \/><span style=\"color: #333333;\">W. A. Mozart (1756-1791)<\/span><\/p><p class=\"p1\" style=\"padding-left: 40px;\"><span style=\"color: #333333;\"><strong>Libreto<\/strong><\/span><br \/><span style=\"color: #333333;\">Lorenzo da Ponte<\/span><\/p><p class=\"p1\" style=\"padding-left: 40px;\"><span style=\"color: #333333;\"><strong>Dire\u00e7\u00e3o Art\u00edstica<\/strong><\/span><br \/><span style=\"color: #333333;\">Ant\u00f3nio Salgado<\/span><\/p><p class=\"p1\" style=\"padding-left: 40px;\"><span style=\"color: #333333;\"><strong>Dire\u00e7\u00e3o Musical<\/strong><\/span><br \/><span style=\"color: #333333;\">Jan Wierzba<\/span><\/p><p class=\"p1\" style=\"padding-left: 40px;\"><span style=\"color: #333333;\"><strong>Encena\u00e7\u00e3o<br \/><\/strong><\/span><span style=\"color: #333333;\">Ant\u00f3nio Dur\u00e3es<\/span><\/p><p class=\"p1\" style=\"padding-left: 40px;\"><span style=\"color: #333333;\"><strong>Apoio ao Movimento<br \/><\/strong><\/span><span style=\"color: #333333;\">Cl\u00e1udia Marisa<\/span><\/p><p class=\"p1\" style=\"padding-left: 40px;\"><span style=\"color: #333333;\"><strong>Apoio ao Ilusionismo<br \/><\/strong><\/span><span style=\"color: #333333;\">H\u00e9lder Guimar\u00e3es<\/span><\/p><p class=\"p1\" style=\"padding-left: 40px;\"><span style=\"color: #333333;\"><strong>Dire\u00e7\u00e3o Vocal<br \/><\/strong><\/span><span style=\"color: #333333;\">Ant\u00f3nio Salgado<br \/>Rui Taveira<\/span><\/p><p class=\"p1\" style=\"padding-left: 40px;\"><span style=\"color: #333333;\"><strong>Cenografia<br \/><\/strong><\/span><span style=\"color: #333333;\">Carlos Neves<\/span><\/p><p class=\"p1\" style=\"padding-left: 40px;\"><span style=\"color: #333333;\"><strong>Figurinos<br \/><\/strong><\/span><span style=\"color: #333333;\">Raquel Ribeiro<\/span><\/p><p class=\"p1\" style=\"padding-left: 40px;\"><span style=\"color: #333333;\"><strong>Design de Luz<br \/><\/strong><\/span><span style=\"color: #333333;\">Bernardo Correia<\/span><\/p><p class=\"p1\" style=\"padding-left: 40px;\"><span style=\"color: #333333;\"><strong>Assistente de Luz<br \/><\/strong><\/span><span style=\"color: #333333;\">Guilherme Mota<\/span><\/p><p class=\"p1\" style=\"padding-left: 40px;\"><span style=\"color: #333333;\"><strong>Dire\u00e7\u00e3o de Cena<br \/><\/strong><\/span><span style=\"color: #333333;\">Lara Soares<\/span><\/p><p class=\"p1\" style=\"padding-left: 40px;\"><span style=\"color: #333333;\"><strong>Coordena\u00e7\u00e3o, \u00c1rea de Dire\u00e7\u00e3o de Cena<br \/><\/strong><\/span><span style=\"color: #333333;\">Regina Castro<\/span><\/p><p class=\"p1\" style=\"padding-left: 40px;\"><span style=\"color: #333333;\"><strong>Assist\u00eancia de Dire\u00e7\u00e3o de Cena<br \/><\/strong><\/span><span style=\"color: #333333;\">Helena Matos<br \/>Pedro Lemos<\/span><\/p><p class=\"p1\" style=\"padding-left: 40px;\"><span style=\"color: #333333;\"><strong>Produ\u00e7\u00e3o Executiva<br \/><\/strong><\/span><span style=\"color: #333333;\">Ant\u00f3nio Salgado<br \/>Lara Soares<br \/>Regina Castro<\/span><\/p><p class=\"p1\" style=\"padding-left: 40px;\"><span style=\"color: #333333;\"><strong>Maquilhadora<br \/><\/strong><\/span><span style=\"color: #333333;\">Ana Sousa<\/span><\/p><p class=\"p1\" style=\"padding-left: 40px;\"><span style=\"color: #333333;\"><strong>Atelier e Costureira<br \/><\/strong><\/span><span style=\"color: #333333;\">Cl\u00e1udia Marques<\/span><\/p><p class=\"p1\" style=\"padding-left: 40px;\"><span style=\"color: #333333;\"><strong><span class=\"fontstyle0\">Produ\u00e7\u00e3o<br \/><\/span><\/strong><span class=\"fontstyle2\">\u00d3pera Est\u00fadio da Escola Superior de M\u00fasica e Artes do Espet\u00e1culo<\/span><\/span><\/p><\/div>\n\t\t\t\t<\/div>\n\t\t\t\t<\/div>\n\t\t\t\t\t\t<\/div>\n\t\t\t\t\t<\/div>\n\t\t<\/div>\n\t\t\t\t<div class=\"elementor-column elementor-col-50 elementor-top-column elementor-element elementor-element-3577b8a2\" data-id=\"3577b8a2\" data-element_type=\"column\">\n\t\t\t<div class=\"elementor-column-wrap elementor-element-populated\">\n\t\t\t\t\t\t\t<div class=\"elementor-widget-wrap\">\n\t\t\t\t\t\t<div class=\"elementor-element elementor-element-18810f66 elementor-widget elementor-widget-text-editor\" data-id=\"18810f66\" data-element_type=\"widget\" data-widget_type=\"text-editor.default\">\n\t\t\t\t<div class=\"elementor-widget-container\">\n\t\t\t\t\t<div class=\"elementor-text-editor elementor-clearfix\"><p class=\"p1\"><span style=\"color: #333333;\"><strong><span class=\"fontstyle0\">Fiordiligi (soprano)<br \/><\/span><\/strong><span class=\"fontstyle2\">Ana Rosa<br \/>Beatriz Patroc\u00ednio<\/span><\/span><\/p><p class=\"p1\"><span style=\"color: #333333;\"><strong><span class=\"fontstyle0\">Dorabella (soprano)<br \/><\/span><\/strong><span class=\"fontstyle2\">Beatriz Patroc\u00ednio<br \/>J\u00falia Anjos<\/span><\/span><\/p><p class=\"p1\"><span style=\"color: #333333;\"><strong><span class=\"fontstyle0\">Don Alfonso (bar\u00edtono)<br \/><\/span><\/strong><span class=\"fontstyle2\">Gustavo Godinho<\/span><\/span><\/p><p class=\"p1\"><span style=\"color: #333333;\"><strong><span class=\"fontstyle0\">Despina (soprano)<br \/><\/span><\/strong><span class=\"fontstyle2\">Rita Gama<br \/>Susana da Costa<\/span><\/span><\/p><p class=\"p1\"><span style=\"color: #333333;\"><strong><span class=\"fontstyle0\">Ferrando (tenor)<br \/><\/span><\/strong><\/span><span style=\"color: #333333;\"><span class=\"fontstyle2\">Henrique Lencastre<br \/>Gabriel Neves dos Santos<\/span><\/span><\/p><p class=\"p1\"><span style=\"color: #333333;\"><strong><span class=\"fontstyle0\">Guglielmo (baixo)<br \/><\/span><\/strong><span class=\"fontstyle2\">F\u00e1bio Soares<br \/>Pedro Santos<\/span><\/span><\/p><p class=\"p1\"><span style=\"color: #333333;\"><strong><span class=\"fontstyle0\">Coro<br \/><\/span><\/strong><span class=\"fontstyle2\">Est\u00fadio de \u00d3pera da ESMAE<\/span><\/span><\/p><p class=\"p1\"><span style=\"color: #333333;\"><strong><span class=\"fontstyle0\">Sopranos<br \/><\/span><\/strong><span class=\"fontstyle0\">Ana Rita Cruz, Ana Rosa, Barbara Xavier Quintais, Beatriz Patroc\u00ednio, Rita Gama<\/span><\/span><\/p><p class=\"p1\"><span style=\"color: #333333;\"><strong><span class=\"fontstyle0\">Meso-sopranos<br \/><\/span><\/strong><span class=\"fontstyle0\">J\u00falia Anjos, Isabel Gundana, Maria Duarte, Susana da Costa<\/span><\/span><\/p><p class=\"p1\"><span style=\"color: #333333;\"><strong><span class=\"fontstyle0\">Tenores<br \/><\/span><\/strong><span class=\"fontstyle0\">Henrique Lencastre, Jo\u00e3o Pereira, Gabriel Neves dos Santos<\/span><\/span><\/p><p class=\"p1\"><span style=\"color: #333333;\"><strong><span class=\"fontstyle0\">Baixos<br \/><\/span><\/strong><span class=\"fontstyle0\">F\u00e1bio Soares, Gustavo Godinho, Pedro Santos<\/span><\/span><\/p><p class=\"p1\"><span style=\"color: #333333;\"><strong><span class=\"fontstyle0\">Produ\u00e7\u00e3o Orquestra<br \/><\/span><\/strong><span class=\"fontstyle2\">Carlos Azevedo, Jorge Alves, N\u00edsia Ara\u00fajo<\/span><\/span><\/p><p class=\"p1\"><span style=\"color: #333333;\"><strong>Orquestra<br \/><\/strong>Sinfonieta da ESMAE<\/span><\/p><p class=\"p1\"><span style=\"color: #333333;\"><strong><span class=\"fontstyle0\">Violino I<br \/><\/span><\/strong><\/span><span style=\"color: #333333;\"><span class=\"fontstyle2\">Pedro Rebelo, Matilda Mensink, Leonor Santos, Daniela Alves, Leonor Brunner, Mariana Mendes<\/span><\/span><\/p><p class=\"p1\"><span style=\"color: #333333;\"><strong><span class=\"fontstyle0\">Violinos II<br \/><\/span><\/strong><span class=\"fontstyle0\">Hugo Oliveira, In\u00eas Correia, Mafalda Vales, B\u00e1rbara Paradela<\/span><\/span><\/p><p class=\"p1\"><span style=\"color: #333333;\"><strong><span class=\"fontstyle0\">Violas<br \/><\/span><\/strong><span class=\"fontstyle0\">Francisco Cymbron, Alice Peixinho, Francisco Salgado, Carolina Gon\u00e7alves<\/span><\/span><\/p><p class=\"p1\"><span style=\"color: #333333;\"><strong><span class=\"fontstyle0\">Violoncelos<br \/><\/span><\/strong><span class=\"fontstyle0\">Marta Nabeiro, Raquel Mota, Sandro Marcondes<\/span><\/span><\/p><p class=\"p1\"><span style=\"color: #333333;\"><strong><span class=\"fontstyle0\">Contrabaixos<br \/><\/span><\/strong><span class=\"fontstyle0\">Guilherme Fonseca, Pedro Silva<\/span><\/span><\/p><p class=\"p1\"><span style=\"color: #333333;\"><strong><span class=\"fontstyle0\">Flautas<br \/><\/span><\/strong><span class=\"fontstyle0\">Joana Bezerra, Guilherme Nascimento<\/span><\/span><\/p><p class=\"p1\"><span style=\"color: #333333;\"><strong><span class=\"fontstyle0\">Obo\u00e9s<br \/><\/span><\/strong><span class=\"fontstyle0\">Ana Martins, Diana Magalh\u00e3es<\/span><\/span><\/p><p class=\"p1\"><span style=\"color: #333333;\"><strong><span class=\"fontstyle0\">Clarinetes<br \/><\/span><\/strong><span class=\"fontstyle0\">Ana Andrade, Maria Arezes<\/span><\/span><\/p><p class=\"p1\"><span style=\"color: #333333;\"><strong><span class=\"fontstyle0\">Fagotes<br \/><\/span><\/strong><span class=\"fontstyle0\">Aurora Oliveira, Beatriz Fernandes<\/span><\/span><\/p><p class=\"p1\"><span style=\"color: #333333;\"><strong><span class=\"fontstyle0\">Trompas<br \/><\/span><\/strong><\/span><span style=\"color: #333333;\"><span class=\"fontstyle0\">Carolina Silva, Lu\u00edsa Magalh\u00e3es<\/span><\/span><\/p><p class=\"p1\"><span style=\"color: #333333;\"><strong><span class=\"fontstyle0\">Trompetes<br \/><\/span><\/strong><span class=\"fontstyle0\">Pedro da Costa, Elisabete Gorr\u00e3o<\/span><\/span><\/p><p class=\"p1\"><span style=\"color: #333333;\"><strong><span class=\"fontstyle0\">Percuss\u00e3o<br \/><\/span><\/strong><span class=\"fontstyle0\">Bruno Silva<\/span><\/span><\/p><p class=\"p1\"><span style=\"color: #333333;\"><strong><span class=\"fontstyle0\">Cravo<br \/><\/span><\/strong><span class=\"fontstyle2\">Lu\u00eds Duarte<\/span><\/span><\/p><p class=\"p1\"><span style=\"color: #333333;\"><strong><span class=\"fontstyle0\">Correpetidores<br \/><\/span><\/strong><span class=\"fontstyle2\">David Ferreira, Lu\u00eds Duarte<\/span><\/span><\/p><p class=\"p1\"><span style=\"color: #333333;\"><strong><span class=\"fontstyle0\">Circo<br \/><\/span><\/strong><span class=\"fontstyle2\">Alba Gabriel, George Swattridge<\/span><\/span><\/p><p class=\"p1\"><span style=\"color: #333333;\"><strong><span class=\"fontstyle0\">Opera\u00e7\u00e3o das legendas<br \/><\/span><\/strong><span class=\"fontstyle2\">Ana Rosa, J\u00falia Anjos<\/span><\/span><\/p><p class=\"p1\"><span style=\"color: #333333;\"><strong><span class=\"fontstyle0\">Design Gr\u00e1fico<br \/><\/span><\/strong><span class=\"fontstyle2\">Joana Gon\u00e7alves<\/span><\/span><\/p><p class=\"p1\"><span style=\"color: #333333;\"><strong><span class=\"fontstyle0\">Registo Audiovisual e Imagem<\/span><\/strong><span class=\"fontstyle0\"><br \/><\/span><\/span><span style=\"color: #333333;\"><span class=\"fontstyle2\">Carlos Filipe, Elisabete Moreira, Renata Lima<\/span><\/span><\/p><p class=\"p1\"><span style=\"color: #333333;\"><strong><span class=\"fontstyle0\">Dura\u00e7\u00e3o Aproximada<br \/><\/span><\/strong><\/span><span style=\"color: #333333;\"><span class=\"fontstyle2\">2h40 (com intervalo)<\/span><\/span><\/p><\/div>\n\t\t\t\t<\/div>\n\t\t\t\t<\/div>\n\t\t\t\t\t\t<\/div>\n\t\t\t\t\t<\/div>\n\t\t<\/div>\n\t\t\t\t\t\t\t\t<\/div>\n\t\t\t\t\t<\/div>\n\t\t<\/section>\n\t\t\t\t<section class=\"elementor-section elementor-top-section elementor-element elementor-element-392451f elementor-section-full_width elementor-section-stretched elementor-section-height-default elementor-section-height-default\" data-id=\"392451f\" data-element_type=\"section\" data-settings=\"{&quot;stretch_section&quot;:&quot;section-stretched&quot;,&quot;background_background&quot;:&quot;classic&quot;}\">\n\t\t\t\t\t\t<div class=\"elementor-container elementor-column-gap-default\">\n\t\t\t\t\t\t\t<div class=\"elementor-row\">\n\t\t\t\t\t<div class=\"elementor-column elementor-col-100 elementor-top-column elementor-element elementor-element-3d14734f\" data-id=\"3d14734f\" data-element_type=\"column\">\n\t\t\t<div class=\"elementor-column-wrap elementor-element-populated\">\n\t\t\t\t\t\t\t<div class=\"elementor-widget-wrap\">\n\t\t\t\t\t\t<div class=\"elementor-element elementor-element-639edaf0 elementor-widget elementor-widget-gallery\" data-id=\"639edaf0\" data-element_type=\"widget\" data-settings=\"{&quot;gallery_layout&quot;:&quot;masonry&quot;,&quot;columns&quot;:2,&quot;columns_tablet&quot;:3,&quot;columns_mobile&quot;:2,&quot;lazyload&quot;:&quot;yes&quot;,&quot;gap&quot;:{&quot;unit&quot;:&quot;px&quot;,&quot;size&quot;:10,&quot;sizes&quot;:[]},&quot;gap_tablet&quot;:{&quot;unit&quot;:&quot;px&quot;,&quot;size&quot;:10,&quot;sizes&quot;:[]},&quot;gap_mobile&quot;:{&quot;unit&quot;:&quot;px&quot;,&quot;size&quot;:10,&quot;sizes&quot;:[]},&quot;overlay_background&quot;:&quot;yes&quot;,&quot;content_hover_animation&quot;:&quot;fade-in&quot;}\" data-widget_type=\"gallery.default\">\n\t\t\t\t<div class=\"elementor-widget-container\">\n\t\t\t\t\t<div class=\"elementor-gallery__container\">\n\t\t\t\t\t\t\t<div class=\"e-gallery-item elementor-gallery-item elementor-animated-content\">\n\t\t\t\t\t<div class=\"e-gallery-image elementor-gallery-item__image\" data-thumbnail=\"http:\/\/thsc.pt\/wp-content\/uploads\/2024\/01\/logos-1024x378.jpg\" data-width=\"1024\" data-height=\"378\" alt=\"\" ><\/div>\n\t\t\t\t\t\t\t\t\t\t<div class=\"elementor-gallery-item__overlay\"><\/div>\n\t\t\t\t\t\t\t\t\t\t\t\t\t\t<\/div>\n\t\t\t\t\t\t\t<div class=\"e-gallery-item elementor-gallery-item elementor-animated-content\">\n\t\t\t\t\t<div class=\"e-gallery-image elementor-gallery-item__image\" data-thumbnail=\"http:\/\/thsc.pt\/wp-content\/uploads\/2024\/01\/logo-1024x704.jpg\" data-width=\"1024\" data-height=\"704\" alt=\"\" ><\/div>\n\t\t\t\t\t\t\t\t\t\t<div class=\"elementor-gallery-item__overlay\"><\/div>\n\t\t\t\t\t\t\t\t\t\t\t\t\t\t<\/div>\n\t\t\t\t\t<\/div>\n\t\t\t<\/div>\n\t\t\t\t<\/div>\n\t\t\t\t\t\t<\/div>\n\t\t\t\t\t<\/div>\n\t\t<\/div>\n\t\t\t\t\t\t\t\t<\/div>\n\t\t\t\t\t<\/div>\n\t\t<\/section>\n\t\t\t\t\t\t<\/div>\n\t\t\t\t\t\t<\/div>\n\t\t\t\t\t<\/div>\n\t\t","protected":false},"excerpt":{"rendered":"<p>COSI FAN TUTTE 12 e 13 de abril 2024 Sexta-feira &#8211; 21h00S\u00e1bado &#8211; 16h30 M\/16 |\u00a0 BILHETES : 5,00\u20ac\u00a0 Cos\u00ec [&hellip;]<\/p>\n","protected":false},"author":3,"featured_media":5010,"parent":0,"menu_order":0,"comment_status":"closed","ping_status":"closed","template":"","meta":[],"_links":{"self":[{"href":"http:\/\/thsc.pt\/index.php?rest_route=\/wp\/v2\/pages\/5009"}],"collection":[{"href":"http:\/\/thsc.pt\/index.php?rest_route=\/wp\/v2\/pages"}],"about":[{"href":"http:\/\/thsc.pt\/index.php?rest_route=\/wp\/v2\/types\/page"}],"author":[{"embeddable":true,"href":"http:\/\/thsc.pt\/index.php?rest_route=\/wp\/v2\/users\/3"}],"replies":[{"embeddable":true,"href":"http:\/\/thsc.pt\/index.php?rest_route=%2Fwp%2Fv2%2Fcomments&post=5009"}],"version-history":[{"count":13,"href":"http:\/\/thsc.pt\/index.php?rest_route=\/wp\/v2\/pages\/5009\/revisions"}],"predecessor-version":[{"id":5074,"href":"http:\/\/thsc.pt\/index.php?rest_route=\/wp\/v2\/pages\/5009\/revisions\/5074"}],"wp:featuredmedia":[{"embeddable":true,"href":"http:\/\/thsc.pt\/index.php?rest_route=\/wp\/v2\/media\/5010"}],"wp:attachment":[{"href":"http:\/\/thsc.pt\/index.php?rest_route=%2Fwp%2Fv2%2Fmedia&parent=5009"}],"curies":[{"name":"wp","href":"https:\/\/api.w.org\/{rel}","templated":true}]}}