{"id":4959,"date":"2024-02-02T11:48:04","date_gmt":"2024-02-02T10:48:04","guid":{"rendered":"http:\/\/thsc.pt\/?page_id=4959"},"modified":"2024-02-28T18:21:07","modified_gmt":"2024-02-28T17:21:07","slug":"a-ceu-aberto","status":"publish","type":"page","link":"http:\/\/thsc.pt\/?page_id=4959","title":{"rendered":"A C\u00e9u Aberto"},"content":{"rendered":"\t\t<div data-elementor-type=\"wp-page\" data-elementor-id=\"4959\" class=\"elementor elementor-4959\" data-elementor-settings=\"[]\">\n\t\t\t\t\t\t<div class=\"elementor-inner\">\n\t\t\t\t\t\t\t<div class=\"elementor-section-wrap\">\n\t\t\t\t\t\t\t<section class=\"elementor-section elementor-top-section elementor-element elementor-element-5e9b99d2 elementor-section-height-min-height elementor-section-boxed elementor-section-height-default elementor-section-items-middle\" data-id=\"5e9b99d2\" data-element_type=\"section\" data-settings=\"{&quot;background_background&quot;:&quot;classic&quot;}\">\n\t\t\t\t\t\t\t<div class=\"elementor-background-overlay\"><\/div>\n\t\t\t\t\t\t\t<div class=\"elementor-container elementor-column-gap-default\">\n\t\t\t\t\t\t\t<div class=\"elementor-row\">\n\t\t\t\t\t<div class=\"elementor-column elementor-col-100 elementor-top-column elementor-element elementor-element-291a2118\" data-id=\"291a2118\" data-element_type=\"column\">\n\t\t\t<div class=\"elementor-column-wrap elementor-element-populated\">\n\t\t\t\t\t\t\t<div class=\"elementor-widget-wrap\">\n\t\t\t\t\t\t<div class=\"elementor-element elementor-element-4869b964 elementor-widget elementor-widget-spacer\" data-id=\"4869b964\" data-element_type=\"widget\" data-widget_type=\"spacer.default\">\n\t\t\t\t<div class=\"elementor-widget-container\">\n\t\t\t\t\t<div class=\"elementor-spacer\">\n\t\t\t<div class=\"elementor-spacer-inner\"><\/div>\n\t\t<\/div>\n\t\t\t\t<\/div>\n\t\t\t\t<\/div>\n\t\t\t\t<div class=\"elementor-element elementor-element-1e8c4e9d elementor-widget elementor-widget-heading\" data-id=\"1e8c4e9d\" data-element_type=\"widget\" data-widget_type=\"heading.default\">\n\t\t\t\t<div class=\"elementor-widget-container\">\n\t\t\t<h1 class=\"elementor-heading-title elementor-size-large\">A C\u00c9U ABERTO<\/h1>\t\t<\/div>\n\t\t\t\t<\/div>\n\t\t\t\t<div class=\"elementor-element elementor-element-4e079e3f elementor-widget elementor-widget-text-editor\" data-id=\"4e079e3f\" data-element_type=\"widget\" data-widget_type=\"text-editor.default\">\n\t\t\t\t<div class=\"elementor-widget-container\">\n\t\t\t\t\t<div class=\"elementor-text-editor elementor-clearfix\"><h2><span style=\"color: #ffffff;\"><strong>1 e 2 de mar\u00e7o 2024<\/strong><\/span><\/h2><p><strong><span style=\"color: #ffffff;\">21h00<\/span><\/strong><\/p><\/div>\n\t\t\t\t<\/div>\n\t\t\t\t<\/div>\n\t\t\t\t<section class=\"elementor-section elementor-inner-section elementor-element elementor-element-572a3ea7 elementor-section-content-middle elementor-section-boxed elementor-section-height-default elementor-section-height-default\" data-id=\"572a3ea7\" data-element_type=\"section\">\n\t\t\t\t\t\t<div class=\"elementor-container elementor-column-gap-extended\">\n\t\t\t\t\t\t\t<div class=\"elementor-row\">\n\t\t\t\t\t<div class=\"elementor-column elementor-col-100 elementor-inner-column elementor-element elementor-element-6e5119ce\" data-id=\"6e5119ce\" data-element_type=\"column\">\n\t\t\t<div class=\"elementor-column-wrap elementor-element-populated\">\n\t\t\t\t\t\t\t<div class=\"elementor-widget-wrap\">\n\t\t\t\t\t\t<div class=\"elementor-element elementor-element-55a25784 elementor-widget elementor-widget-text-editor\" data-id=\"55a25784\" data-element_type=\"widget\" data-widget_type=\"text-editor.default\">\n\t\t\t\t<div class=\"elementor-widget-container\">\n\t\t\t\t\t<div class=\"elementor-text-editor elementor-clearfix\"><h5><span style=\"color: #ffffff;\"><b><span style=\"font-family: var( --e-global-typography-text-font-family );\">M\/16 | BILHETES : 7,50 euros\u00a0<\/span><\/b><\/span><\/h5><\/div>\n\t\t\t\t<\/div>\n\t\t\t\t<\/div>\n\t\t\t\t\t\t<\/div>\n\t\t\t\t\t<\/div>\n\t\t<\/div>\n\t\t\t\t\t\t\t\t<\/div>\n\t\t\t\t\t<\/div>\n\t\t<\/section>\n\t\t\t\t\t\t<\/div>\n\t\t\t\t\t<\/div>\n\t\t<\/div>\n\t\t\t\t\t\t\t\t<\/div>\n\t\t\t\t\t<\/div>\n\t\t<\/section>\n\t\t\t\t<section class=\"elementor-section elementor-top-section elementor-element elementor-element-715ff2b1 elementor-section-boxed elementor-section-height-default elementor-section-height-default\" data-id=\"715ff2b1\" data-element_type=\"section\" data-settings=\"{&quot;background_background&quot;:&quot;classic&quot;}\">\n\t\t\t\t\t\t<div class=\"elementor-container elementor-column-gap-default\">\n\t\t\t\t\t\t\t<div class=\"elementor-row\">\n\t\t\t\t\t<div class=\"elementor-column elementor-col-50 elementor-top-column elementor-element elementor-element-616cc4ed\" data-id=\"616cc4ed\" data-element_type=\"column\">\n\t\t\t<div class=\"elementor-column-wrap elementor-element-populated\">\n\t\t\t\t\t\t\t<div class=\"elementor-widget-wrap\">\n\t\t\t\t\t\t<div class=\"elementor-element elementor-element-5015d6c4 elementor-widget elementor-widget-spacer\" data-id=\"5015d6c4\" data-element_type=\"widget\" data-widget_type=\"spacer.default\">\n\t\t\t\t<div class=\"elementor-widget-container\">\n\t\t\t\t\t<div class=\"elementor-spacer\">\n\t\t\t<div class=\"elementor-spacer-inner\"><\/div>\n\t\t<\/div>\n\t\t\t\t<\/div>\n\t\t\t\t<\/div>\n\t\t\t\t<div class=\"elementor-element elementor-element-59d157a7 elementor-widget elementor-widget-text-editor\" data-id=\"59d157a7\" data-element_type=\"widget\" data-widget_type=\"text-editor.default\">\n\t\t\t\t<div class=\"elementor-widget-container\">\n\t\t\t\t\t<div class=\"elementor-text-editor elementor-clearfix\"><p>Come\u00e7a a chover. Entra um homem simples, mas de barba feita. Carrega um urso de peluche gigante, um micro-ondas branco velho e uma caixa de correio. Senta-se numa cadeira de praia e come pipocas coloridas como as das feiras populares. O homem nem pestaneja, deixa-se \u00e0 chuva, at\u00e9 ficar completamente encharcado. O palco derrete e o espet\u00e1culo come\u00e7a. Dois jovens portuenses decidem criar uma tour que nos leva a conhecer as pessoas em situa\u00e7\u00e3o de sem-abrigo da cidade. A C\u00e9u Aberto a Tour da Compaix\u00e3o. No dia em que a cidade chorou, nenhum homem se dignou a ouvir.<\/p><p><strong>Nota da autora:<\/strong><br \/>O projeto \u201cA C\u00c9U ABERTO\u201d foi constru\u00eddo a partir de uma recolha de testemunhos reais de pessoas que j\u00e1 estiveram em situa\u00e7\u00e3o de sem-abrigo na cidade do Porto. A autora deixa o seu profundo agradecimento \u00e0 associa\u00e7\u00e3o SABER COMPREENDER.<\/p><\/div>\n\t\t\t\t<\/div>\n\t\t\t\t<\/div>\n\t\t\t\t\t\t<\/div>\n\t\t\t\t\t<\/div>\n\t\t<\/div>\n\t\t\t\t<div class=\"elementor-column elementor-col-50 elementor-top-column elementor-element elementor-element-6498d182\" data-id=\"6498d182\" data-element_type=\"column\" data-settings=\"{&quot;background_background&quot;:&quot;classic&quot;}\">\n\t\t\t<div class=\"elementor-column-wrap elementor-element-populated\">\n\t\t\t\t\t<div class=\"elementor-background-overlay\"><\/div>\n\t\t\t\t\t\t\t<div class=\"elementor-widget-wrap\">\n\t\t\t\t\t\t<div class=\"elementor-element elementor-element-830118e elementor-widget elementor-widget-image\" data-id=\"830118e\" data-element_type=\"widget\" data-widget_type=\"image.default\">\n\t\t\t\t<div class=\"elementor-widget-container\">\n\t\t\t\t\t<div class=\"elementor-image\">\n\t\t\t\t\t\t\t\t\t\t<img width=\"724\" height=\"1024\" src=\"http:\/\/thsc.pt\/wp-content\/uploads\/2024\/02\/cartaz-3-724x1024.jpg\" class=\"attachment-large size-large\" alt=\"\" decoding=\"async\" loading=\"lazy\" srcset=\"http:\/\/thsc.pt\/wp-content\/uploads\/2024\/02\/cartaz-3-724x1024.jpg 724w, http:\/\/thsc.pt\/wp-content\/uploads\/2024\/02\/cartaz-3-212x300.jpg 212w, http:\/\/thsc.pt\/wp-content\/uploads\/2024\/02\/cartaz-3-768x1086.jpg 768w, http:\/\/thsc.pt\/wp-content\/uploads\/2024\/02\/cartaz-3-1086x1536.jpg 1086w, http:\/\/thsc.pt\/wp-content\/uploads\/2024\/02\/cartaz-3.jpg 1131w\" sizes=\"(max-width: 724px) 100vw, 724px\" \/>\t\t\t\t\t\t\t\t\t\t\t<\/div>\n\t\t\t\t<\/div>\n\t\t\t\t<\/div>\n\t\t\t\t\t\t<\/div>\n\t\t\t\t\t<\/div>\n\t\t<\/div>\n\t\t\t\t\t\t\t\t<\/div>\n\t\t\t\t\t<\/div>\n\t\t<\/section>\n\t\t\t\t<section class=\"elementor-section elementor-top-section elementor-element elementor-element-6d9364d2 elementor-section-boxed elementor-section-height-default elementor-section-height-default\" data-id=\"6d9364d2\" data-element_type=\"section\" data-settings=\"{&quot;background_background&quot;:&quot;classic&quot;}\">\n\t\t\t\t\t\t<div class=\"elementor-container elementor-column-gap-default\">\n\t\t\t\t\t\t\t<div class=\"elementor-row\">\n\t\t\t\t\t\t\t\t\t<\/div>\n\t\t\t\t\t<\/div>\n\t\t<\/section>\n\t\t\t\t<section class=\"elementor-section elementor-top-section elementor-element elementor-element-38c5052a elementor-section-full_width elementor-section-height-min-height elementor-section-height-default elementor-section-items-middle\" data-id=\"38c5052a\" data-element_type=\"section\" data-settings=\"{&quot;background_background&quot;:&quot;classic&quot;}\">\n\t\t\t\t\t\t<div class=\"elementor-container elementor-column-gap-no\">\n\t\t\t\t\t\t\t<div class=\"elementor-row\">\n\t\t\t\t\t<div class=\"elementor-column elementor-col-50 elementor-top-column elementor-element elementor-element-15ac441b\" data-id=\"15ac441b\" data-element_type=\"column\">\n\t\t\t<div class=\"elementor-column-wrap elementor-element-populated\">\n\t\t\t\t\t\t\t<div class=\"elementor-widget-wrap\">\n\t\t\t\t\t\t<div class=\"elementor-element elementor-element-23c0f585 elementor-widget elementor-widget-text-editor\" data-id=\"23c0f585\" data-element_type=\"widget\" data-widget_type=\"text-editor.default\">\n\t\t\t\t<div class=\"elementor-widget-container\">\n\t\t\t\t\t<div class=\"elementor-text-editor elementor-clearfix\"><blockquote><p class=\"p1\"><span style=\"color: #333333;\"><strong>Equipa Art\u00edstica e T\u00e9cnica<\/strong><\/span><\/p><\/blockquote><p class=\"p1\" style=\"padding-left: 40px;\"><span style=\"color: #333333;\"><strong>Encena\u00e7\u00e3o<\/strong><\/span><br \/><span style=\"color: #333333;\">Marcelo Lazzaratto<\/span><\/p><p class=\"p1\" style=\"padding-left: 40px;\"><span style=\"color: #333333;\"><strong>Dire\u00e7\u00e3o Dramat\u00fargica<\/strong><\/span><br \/><span style=\"color: #333333;\">Alexandra Moreira<br \/><\/span><\/p><p class=\"p1\" style=\"padding-left: 40px;\"><span style=\"color: #333333;\"><strong>Interpreta\u00e7\u00e3o<\/strong><\/span><br \/><span style=\"color: #333333;\">Alexandra Moreira<br \/>Jaime Castelo-Branco<br \/>Jo\u00e3o Geraldo Gomes<br \/>Tom\u00e1s Seruca Bravo<br \/><\/span><\/p><\/div>\n\t\t\t\t<\/div>\n\t\t\t\t<\/div>\n\t\t\t\t\t\t<\/div>\n\t\t\t\t\t<\/div>\n\t\t<\/div>\n\t\t\t\t<div class=\"elementor-column elementor-col-50 elementor-top-column elementor-element elementor-element-1853865b\" data-id=\"1853865b\" data-element_type=\"column\">\n\t\t\t<div class=\"elementor-column-wrap elementor-element-populated\">\n\t\t\t\t\t\t\t<div class=\"elementor-widget-wrap\">\n\t\t\t\t\t\t<div class=\"elementor-element elementor-element-2a8f4f42 elementor-widget elementor-widget-text-editor\" data-id=\"2a8f4f42\" data-element_type=\"widget\" data-widget_type=\"text-editor.default\">\n\t\t\t\t<div class=\"elementor-widget-container\">\n\t\t\t\t\t<div class=\"elementor-text-editor elementor-clearfix\"><p class=\"p1\"><span style=\"color: #333333;\"><strong>Cenografia e Figurinos<\/strong><\/span><br \/><span style=\"color: #333333;\">Filipe Tuttil<\/span><\/p><p class=\"p1\"><span style=\"color: #333333;\"><strong>Sonoplastia<br \/><\/strong>Jo\u00e3o Geraldo Gomes<\/span><\/p><p class=\"p1\"><span style=\"color: #333333;\"><strong>Design de Luz<\/strong><\/span><br \/><span style=\"color: #333333;\">Jos\u00e9 Alves<\/span><\/p><p class=\"p1\"><span style=\"color: #333333;\"><strong>Produ\u00e7\u00e3o Executiva<\/strong><\/span><br \/><span style=\"color: #333333;\">Alexandra Moreira<br \/>Tom\u00e1s Seruca Bravo<\/span><\/p><p><span style=\"color: #000000;\">Uma produ\u00e7\u00e3o de <strong>S\u00caDE<\/strong><\/span><\/p><p><span style=\"color: #000000;\">Este projeto \u00e9 financiado pelo Programa de Apoio A Projetos Nos Dom\u00ednios Da Cria\u00e7\u00e3o E <\/span><span style=\"color: #000000;\">Edi\u00e7\u00e3o 2023 da Dire\u00e7\u00e3o Geral Das Artes \u2013 <\/span><span style=\"color: #000000;\">Minist\u00e9rio Da Cultura \u2013 e pelo Programa de <\/span><span style=\"color: #000000;\">Apoio aos Artistas e Int\u00e9rpretes em Espet\u00e1culos de Teatro e Dan\u00e7a 2023 \u2013 Funda\u00e7\u00e3o GDA. <\/span><\/p><\/div>\n\t\t\t\t<\/div>\n\t\t\t\t<\/div>\n\t\t\t\t\t\t<\/div>\n\t\t\t\t\t<\/div>\n\t\t<\/div>\n\t\t\t\t\t\t\t\t<\/div>\n\t\t\t\t\t<\/div>\n\t\t<\/section>\n\t\t\t\t<section class=\"elementor-section elementor-top-section elementor-element elementor-element-42f3a391 elementor-section-full_width elementor-section-stretched elementor-section-height-default elementor-section-height-default\" data-id=\"42f3a391\" data-element_type=\"section\" data-settings=\"{&quot;stretch_section&quot;:&quot;section-stretched&quot;,&quot;background_background&quot;:&quot;classic&quot;}\">\n\t\t\t\t\t\t<div class=\"elementor-container elementor-column-gap-default\">\n\t\t\t\t\t\t\t<div class=\"elementor-row\">\n\t\t\t\t\t<div class=\"elementor-column elementor-col-100 elementor-top-column elementor-element elementor-element-6cfb333e\" data-id=\"6cfb333e\" data-element_type=\"column\">\n\t\t\t<div class=\"elementor-column-wrap elementor-element-populated\">\n\t\t\t\t\t\t\t<div class=\"elementor-widget-wrap\">\n\t\t\t\t\t\t<div class=\"elementor-element elementor-element-1e1a2c8b elementor-widget elementor-widget-gallery\" data-id=\"1e1a2c8b\" data-element_type=\"widget\" data-settings=\"{&quot;gallery_layout&quot;:&quot;masonry&quot;,&quot;columns&quot;:2,&quot;columns_tablet&quot;:3,&quot;columns_mobile&quot;:2,&quot;lazyload&quot;:&quot;yes&quot;,&quot;gap&quot;:{&quot;unit&quot;:&quot;px&quot;,&quot;size&quot;:10,&quot;sizes&quot;:[]},&quot;gap_tablet&quot;:{&quot;unit&quot;:&quot;px&quot;,&quot;size&quot;:10,&quot;sizes&quot;:[]},&quot;gap_mobile&quot;:{&quot;unit&quot;:&quot;px&quot;,&quot;size&quot;:10,&quot;sizes&quot;:[]},&quot;overlay_background&quot;:&quot;yes&quot;,&quot;content_hover_animation&quot;:&quot;fade-in&quot;}\" data-widget_type=\"gallery.default\">\n\t\t\t\t<div class=\"elementor-widget-container\">\n\t\t\t\t\t<div class=\"elementor-gallery__container\">\n\t\t\t\t\t\t\t<div class=\"e-gallery-item elementor-gallery-item elementor-animated-content\">\n\t\t\t\t\t<div class=\"e-gallery-image elementor-gallery-item__image\" data-thumbnail=\"http:\/\/thsc.pt\/wp-content\/uploads\/2020\/08\/thsc_2-768x432-1.jpg\" data-width=\"768\" data-height=\"432\" alt=\"\" ><\/div>\n\t\t\t\t\t\t\t\t\t\t<div class=\"elementor-gallery-item__overlay\"><\/div>\n\t\t\t\t\t\t\t\t\t\t\t\t\t\t<\/div>\n\t\t\t\t\t\t\t<div class=\"e-gallery-item elementor-gallery-item elementor-animated-content\">\n\t\t\t\t\t<div class=\"e-gallery-image elementor-gallery-item__image\" data-thumbnail=\"http:\/\/thsc.pt\/wp-content\/uploads\/2020\/08\/thsc1-1024x576.jpg\" data-width=\"1024\" data-height=\"576\" alt=\"\" ><\/div>\n\t\t\t\t\t\t\t\t\t\t<div class=\"elementor-gallery-item__overlay\"><\/div>\n\t\t\t\t\t\t\t\t\t\t\t\t\t\t<\/div>\n\t\t\t\t\t<\/div>\n\t\t\t<\/div>\n\t\t\t\t<\/div>\n\t\t\t\t\t\t<\/div>\n\t\t\t\t\t<\/div>\n\t\t<\/div>\n\t\t\t\t\t\t\t\t<\/div>\n\t\t\t\t\t<\/div>\n\t\t<\/section>\n\t\t\t\t\t\t<\/div>\n\t\t\t\t\t\t<\/div>\n\t\t\t\t\t<\/div>\n\t\t","protected":false},"excerpt":{"rendered":"<p>A C\u00c9U ABERTO 1 e 2 de mar\u00e7o 2024 21h00 M\/16 | BILHETES : 7,50 euros\u00a0 Come\u00e7a a chover. Entra [&hellip;]<\/p>\n","protected":false},"author":3,"featured_media":4960,"parent":0,"menu_order":0,"comment_status":"closed","ping_status":"closed","template":"","meta":[],"_links":{"self":[{"href":"http:\/\/thsc.pt\/index.php?rest_route=\/wp\/v2\/pages\/4959"}],"collection":[{"href":"http:\/\/thsc.pt\/index.php?rest_route=\/wp\/v2\/pages"}],"about":[{"href":"http:\/\/thsc.pt\/index.php?rest_route=\/wp\/v2\/types\/page"}],"author":[{"embeddable":true,"href":"http:\/\/thsc.pt\/index.php?rest_route=\/wp\/v2\/users\/3"}],"replies":[{"embeddable":true,"href":"http:\/\/thsc.pt\/index.php?rest_route=%2Fwp%2Fv2%2Fcomments&post=4959"}],"version-history":[{"count":6,"href":"http:\/\/thsc.pt\/index.php?rest_route=\/wp\/v2\/pages\/4959\/revisions"}],"predecessor-version":[{"id":4992,"href":"http:\/\/thsc.pt\/index.php?rest_route=\/wp\/v2\/pages\/4959\/revisions\/4992"}],"wp:featuredmedia":[{"embeddable":true,"href":"http:\/\/thsc.pt\/index.php?rest_route=\/wp\/v2\/media\/4960"}],"wp:attachment":[{"href":"http:\/\/thsc.pt\/index.php?rest_route=%2Fwp%2Fv2%2Fmedia&parent=4959"}],"curies":[{"name":"wp","href":"https:\/\/api.w.org\/{rel}","templated":true}]}}