{"id":4894,"date":"2024-01-10T11:30:46","date_gmt":"2024-01-10T10:30:46","guid":{"rendered":"http:\/\/thsc.pt\/?page_id=4894"},"modified":"2024-02-20T11:52:16","modified_gmt":"2024-02-20T10:52:16","slug":"malva","status":"publish","type":"page","link":"http:\/\/thsc.pt\/?page_id=4894","title":{"rendered":"Malva"},"content":{"rendered":"\t\t<div data-elementor-type=\"wp-page\" data-elementor-id=\"4894\" class=\"elementor elementor-4894\" data-elementor-settings=\"[]\">\n\t\t\t\t\t\t<div class=\"elementor-inner\">\n\t\t\t\t\t\t\t<div class=\"elementor-section-wrap\">\n\t\t\t\t\t\t\t<section class=\"elementor-section elementor-top-section elementor-element elementor-element-5b3867af elementor-section-height-min-height elementor-section-boxed elementor-section-height-default elementor-section-items-middle\" data-id=\"5b3867af\" data-element_type=\"section\" data-settings=\"{&quot;background_background&quot;:&quot;classic&quot;}\">\n\t\t\t\t\t\t\t<div class=\"elementor-background-overlay\"><\/div>\n\t\t\t\t\t\t\t<div class=\"elementor-container elementor-column-gap-default\">\n\t\t\t\t\t\t\t<div class=\"elementor-row\">\n\t\t\t\t\t<div class=\"elementor-column elementor-col-100 elementor-top-column elementor-element elementor-element-7e43f7bb\" data-id=\"7e43f7bb\" data-element_type=\"column\">\n\t\t\t<div class=\"elementor-column-wrap elementor-element-populated\">\n\t\t\t\t\t\t\t<div class=\"elementor-widget-wrap\">\n\t\t\t\t\t\t<div class=\"elementor-element elementor-element-4a83ac96 elementor-widget elementor-widget-spacer\" data-id=\"4a83ac96\" data-element_type=\"widget\" data-widget_type=\"spacer.default\">\n\t\t\t\t<div class=\"elementor-widget-container\">\n\t\t\t\t\t<div class=\"elementor-spacer\">\n\t\t\t<div class=\"elementor-spacer-inner\"><\/div>\n\t\t<\/div>\n\t\t\t\t<\/div>\n\t\t\t\t<\/div>\n\t\t\t\t<div class=\"elementor-element elementor-element-35a58c33 elementor-widget elementor-widget-heading\" data-id=\"35a58c33\" data-element_type=\"widget\" data-widget_type=\"heading.default\">\n\t\t\t\t<div class=\"elementor-widget-container\">\n\t\t\t<h1 class=\"elementor-heading-title elementor-size-large\">MALVA<\/h1>\t\t<\/div>\n\t\t\t\t<\/div>\n\t\t\t\t<div class=\"elementor-element elementor-element-359b5b3a elementor-widget elementor-widget-text-editor\" data-id=\"359b5b3a\" data-element_type=\"widget\" data-widget_type=\"text-editor.default\">\n\t\t\t\t<div class=\"elementor-widget-container\">\n\t\t\t\t\t<div class=\"elementor-text-editor elementor-clearfix\"><h2><strong><span style=\"color: #ffffff;\">9 de mar\u00e7o 2024\u00a0<\/span><\/strong><\/h2><p><strong><span style=\"color: #ffffff;\">21h00<\/span><\/strong><\/p><\/div>\n\t\t\t\t<\/div>\n\t\t\t\t<\/div>\n\t\t\t\t<section class=\"elementor-section elementor-inner-section elementor-element elementor-element-4024f5db elementor-section-content-middle elementor-section-boxed elementor-section-height-default elementor-section-height-default\" data-id=\"4024f5db\" data-element_type=\"section\">\n\t\t\t\t\t\t<div class=\"elementor-container elementor-column-gap-extended\">\n\t\t\t\t\t\t\t<div class=\"elementor-row\">\n\t\t\t\t\t<div class=\"elementor-column elementor-col-100 elementor-inner-column elementor-element elementor-element-23fc5166\" data-id=\"23fc5166\" data-element_type=\"column\">\n\t\t\t<div class=\"elementor-column-wrap elementor-element-populated\">\n\t\t\t\t\t\t\t<div class=\"elementor-widget-wrap\">\n\t\t\t\t\t\t<div class=\"elementor-element elementor-element-2ac72227 elementor-widget elementor-widget-text-editor\" data-id=\"2ac72227\" data-element_type=\"widget\" data-widget_type=\"text-editor.default\">\n\t\t\t\t<div class=\"elementor-widget-container\">\n\t\t\t\t\t<div class=\"elementor-text-editor elementor-clearfix\"><h5><span style=\"color: #ffffff;\"><b><span style=\"font-family: var( --e-global-typography-text-font-family );\">M\/6 |\u00a0 BILHETES : 8,00\u20ac\u00a0<\/span><\/b><\/span><\/h5><\/div>\n\t\t\t\t<\/div>\n\t\t\t\t<\/div>\n\t\t\t\t\t\t<\/div>\n\t\t\t\t\t<\/div>\n\t\t<\/div>\n\t\t\t\t\t\t\t\t<\/div>\n\t\t\t\t\t<\/div>\n\t\t<\/section>\n\t\t\t\t\t\t<\/div>\n\t\t\t\t\t<\/div>\n\t\t<\/div>\n\t\t\t\t\t\t\t\t<\/div>\n\t\t\t\t\t<\/div>\n\t\t<\/section>\n\t\t\t\t<section class=\"elementor-section elementor-top-section elementor-element elementor-element-4fe8d91 elementor-section-boxed elementor-section-height-default elementor-section-height-default\" data-id=\"4fe8d91\" data-element_type=\"section\" data-settings=\"{&quot;background_background&quot;:&quot;classic&quot;}\">\n\t\t\t\t\t\t<div class=\"elementor-container elementor-column-gap-default\">\n\t\t\t\t\t\t\t<div class=\"elementor-row\">\n\t\t\t\t\t<div class=\"elementor-column elementor-col-50 elementor-top-column elementor-element elementor-element-4573c844\" data-id=\"4573c844\" data-element_type=\"column\">\n\t\t\t<div class=\"elementor-column-wrap elementor-element-populated\">\n\t\t\t\t\t\t\t<div class=\"elementor-widget-wrap\">\n\t\t\t\t\t\t<div class=\"elementor-element elementor-element-b96b9ec elementor-widget elementor-widget-spacer\" data-id=\"b96b9ec\" data-element_type=\"widget\" data-widget_type=\"spacer.default\">\n\t\t\t\t<div class=\"elementor-widget-container\">\n\t\t\t\t\t<div class=\"elementor-spacer\">\n\t\t\t<div class=\"elementor-spacer-inner\"><\/div>\n\t\t<\/div>\n\t\t\t\t<\/div>\n\t\t\t\t<\/div>\n\t\t\t\t<div class=\"elementor-element elementor-element-6bfc005f elementor-widget elementor-widget-text-editor\" data-id=\"6bfc005f\" data-element_type=\"widget\" data-widget_type=\"text-editor.default\">\n\t\t\t\t<div class=\"elementor-widget-container\">\n\t\t\t\t\t<div class=\"elementor-text-editor elementor-clearfix\"><p>Com dura\u00e7\u00e3o de cerca de 45 minutos, o concerto de MALVA pretende convidar o espectador a reflectir sobre o estado de inquieta\u00e7\u00e3o, d\u00favida, inseguran\u00e7a e apego, t\u00e3o comum da nossa esp\u00e9cie, tal e qual aquele que deu origem a todo o universo do \u00e1lbum. A dimens\u00e3o da profundidade e verdade presentes neste concerto e no \u00e1lbum tem-lhe conferido a aprecia\u00e7\u00e3o positiva de um p\u00fablico bastante vasto, que vai desde mi\u00fados a gra\u00fados que apreciam m\u00fasica, com influ\u00eancias da M\u00fasica Popular Brasileira, M\u00fasica de Interven\u00e7\u00e3o Portuguesa e at\u00e9 mesmo do Jazz. Com um ambiente intimista como cen\u00e1rio, quase como uma bolha, \u00e9 criado um universo pr\u00f3prio que embala o ouvinte, sendo este imergido num universo ac\u00fastico de reflex\u00e3o e introspec\u00e7\u00e3o. Apesar da cria\u00e7\u00e3o do \u00e1lbum de estreia ser integralmente da autoria da artista vianense, ao vivo esta faz-se acompanhar da guitarrista Catarina Est\u00e1cio, que reinterpreta as linhas de guitarra ac\u00fastica presentes no \u00e1lbum, enquanto MALVA projecta toda a sua energia para as palavras e melodias de \u201cvens ou ficas\u201c.<\/p><p><strong>CAROLINA VIANA AKA MALVA<\/strong><\/p><p>Com morada no Porto, Carolina Viana, nasceu a 24 de Janeiro de 1996, em Viana do Castelo, Portugal. Iniciou os seus estudos musicais de violoncelo na Escola Profissional de M\u00fasica de Viana do Castelo, no ano letivo de 2008\/2009, na classe do professor Iminas Kucinskas. Fez a Licenciatura em violoncelo cl\u00e1ssico na Escola Superior de M\u00fasica e Artes do Espet\u00e1culo, na classe do professor Jed Barahal, onde realizou tamb\u00e9m uma p\u00f3s-gradua\u00e7\u00e3o em Ensino da M\u00fasica. Integrou a Orquestra Sinf\u00f3nica APROARTE, a Orquestra BISYOC e a Orquestra ESMAE, onde teve a oportunidade de trabalhar com maestros como Ant\u00f3nio Saiote, Ernest Shell, Javier Viceiro, Jos\u00e9 Eduardo Gomes, Julian Gibbons, Juli\u00e1n Lombana e Rui Massena. Trabalhou ainda com solistas como Lu\u00eds Pipa, Jo\u00e3o Terleira, V\u00edtor Lima, Alexey Stradler, Pedro Burmester e Chloe Hanslip. Desde cedo, come\u00e7ou a interessar-se por outros instrumentos de cordas e percuss\u00e3o e a desenvolver projectos na \u00e1rea do teatro e da dan\u00e7a, como int\u00e9rprete e compositora. Nesse sentido, tem vindo a trabalhar com jovens criadoras, tais como Joana Mont\u2019 Alverne e Sara In\u00eas Gigante. A par com a produtora musical Joana Rodrigues, criou uma dupla de hiphop alternativo, de seu nome redoma, na qual escreve e interpreta letras num discurso que se insere algures entre o rap e o spoken word, tendo j\u00e1 editado um EP, parte, e o single del\u00edrios mensais, que antecipa o \u00e1lbum de estreia. Recentemente, lan\u00e7ou-se a solo adotando o nome art\u00edstico MALVA, com o tema extremidades. Ap\u00f3s \u2018extremidades\u2019, colabora com IN\u00caS APENAS na faixa \u2018Tensa\u2019, escrita por ambas e produzida por Joana Rodrigues, com entrada direta na EQUAL Global, playlist editorial do Spotify, contabilizando mais de 40 mil streams nas plataformas digitais. MALVA lan\u00e7a, agora, o primeiro \u00e1lbum, \u2018vens ou ficas\u2019, que inclui os singles \u2018extremidades\u2019, \u2018como se in\u00edcio\u2019 e \u2018manh\u00e3\u2019.<\/p><p><strong>1\u00aa Parte:<br \/>FRANCISCO FONTES<br \/><\/strong>\u00c9 como baterista autodidata que Francisco Fontes entra no panorama da m\u00fasica, at\u00e9 assumir a sua carreira a solo no in\u00edcio de 2021 com o lan\u00e7amento do EP \u201cGravidade\u201d.<br \/>A necessidade de mostrar que as suas can\u00e7\u00f5es podem transcender a voz e a guitarra, preservando ao mesmo tempo o seu car\u00e1cter, d\u00e1 ent\u00e3o origem ao lan\u00e7amento dos singles &#8216;Vagabundos&#8217; no final de 2021 e \u2018Cosmopolita\u2019 em 2022, que d\u00e1 nome ao seu novo disco.<br \/>\u201cCosmopolita\u201d, um acervo de canc\u0327o\u0303es que retratam sentimentos e histo\u0301rias que acontecem no espac\u0327o urbano, foi lan\u00e7ado em outubro de 2023 pela Lay Down Recordings e apresentado no Musicbox Lisboa.<br \/>Francisco cria nas suas can\u00e7\u00f5es uma atmosfera aparentemente vulgar, onde a simplicidade se descobre paralelamente \u00e0 suavidade da sua voz, que difunde cada poema de forma perceptiva e singular.<\/p><\/div>\n\t\t\t\t<\/div>\n\t\t\t\t<\/div>\n\t\t\t\t\t\t<\/div>\n\t\t\t\t\t<\/div>\n\t\t<\/div>\n\t\t\t\t<div class=\"elementor-column elementor-col-50 elementor-top-column elementor-element elementor-element-18b26d56\" data-id=\"18b26d56\" data-element_type=\"column\" data-settings=\"{&quot;background_background&quot;:&quot;classic&quot;}\">\n\t\t\t<div class=\"elementor-column-wrap elementor-element-populated\">\n\t\t\t\t\t<div class=\"elementor-background-overlay\"><\/div>\n\t\t\t\t\t\t\t<div class=\"elementor-widget-wrap\">\n\t\t\t\t\t\t<div class=\"elementor-element elementor-element-5cf36d6 elementor-widget elementor-widget-image\" data-id=\"5cf36d6\" data-element_type=\"widget\" data-widget_type=\"image.default\">\n\t\t\t\t<div class=\"elementor-widget-container\">\n\t\t\t\t\t<div class=\"elementor-image\">\n\t\t\t\t\t\t\t\t\t\t<img width=\"1024\" height=\"1024\" src=\"http:\/\/thsc.pt\/wp-content\/uploads\/2024\/02\/cartaz-1-1024x1024.jpg\" class=\"attachment-large size-large\" alt=\"\" decoding=\"async\" loading=\"lazy\" srcset=\"http:\/\/thsc.pt\/wp-content\/uploads\/2024\/02\/cartaz-1-1024x1024.jpg 1024w, http:\/\/thsc.pt\/wp-content\/uploads\/2024\/02\/cartaz-1-300x300.jpg 300w, http:\/\/thsc.pt\/wp-content\/uploads\/2024\/02\/cartaz-1-150x150.jpg 150w, http:\/\/thsc.pt\/wp-content\/uploads\/2024\/02\/cartaz-1-768x768.jpg 768w, http:\/\/thsc.pt\/wp-content\/uploads\/2024\/02\/cartaz-1.jpg 1080w\" sizes=\"(max-width: 1024px) 100vw, 1024px\" \/>\t\t\t\t\t\t\t\t\t\t\t<\/div>\n\t\t\t\t<\/div>\n\t\t\t\t<\/div>\n\t\t\t\t\t\t<\/div>\n\t\t\t\t\t<\/div>\n\t\t<\/div>\n\t\t\t\t\t\t\t\t<\/div>\n\t\t\t\t\t<\/div>\n\t\t<\/section>\n\t\t\t\t<section class=\"elementor-section elementor-top-section elementor-element elementor-element-6fac724d elementor-section-boxed elementor-section-height-default elementor-section-height-default\" data-id=\"6fac724d\" data-element_type=\"section\" data-settings=\"{&quot;background_background&quot;:&quot;classic&quot;}\">\n\t\t\t\t\t\t<div class=\"elementor-container elementor-column-gap-default\">\n\t\t\t\t\t\t\t<div class=\"elementor-row\">\n\t\t\t\t\t\t\t\t\t<\/div>\n\t\t\t\t\t<\/div>\n\t\t<\/section>\n\t\t\t\t<section class=\"elementor-section elementor-top-section elementor-element elementor-element-2f4f197d elementor-section-full_width elementor-section-height-min-height elementor-section-height-default elementor-section-items-middle\" data-id=\"2f4f197d\" data-element_type=\"section\" data-settings=\"{&quot;background_background&quot;:&quot;classic&quot;}\">\n\t\t\t\t\t\t<div class=\"elementor-container elementor-column-gap-no\">\n\t\t\t\t\t\t\t<div class=\"elementor-row\">\n\t\t\t\t\t<div class=\"elementor-column elementor-col-50 elementor-top-column elementor-element elementor-element-7ee935fb\" data-id=\"7ee935fb\" data-element_type=\"column\">\n\t\t\t<div class=\"elementor-column-wrap elementor-element-populated\">\n\t\t\t\t\t\t\t<div class=\"elementor-widget-wrap\">\n\t\t\t\t\t\t<div class=\"elementor-element elementor-element-6951409f elementor-widget elementor-widget-text-editor\" data-id=\"6951409f\" data-element_type=\"widget\" data-widget_type=\"text-editor.default\">\n\t\t\t\t<div class=\"elementor-widget-container\">\n\t\t\t\t\t<div class=\"elementor-text-editor elementor-clearfix\"><blockquote><p class=\"p1\"><span style=\"color: #333333;\"><strong>Equipa Criativa e Art\u00edstica<\/strong><\/span><\/p><\/blockquote><p class=\"p1\" style=\"padding-left: 40px;\"><span style=\"color: #333333;\"><strong>Voz e Guitarra<\/strong><\/span><br \/><span style=\"color: #333333;\">MALVA<\/span><\/p><p class=\"p1\" style=\"padding-left: 40px;\"><span style=\"color: #333333;\"><strong>Guitarra<\/strong><\/span><br \/><span style=\"color: #333333;\">Catarina Est\u00e1cio<\/span><\/p><\/div>\n\t\t\t\t<\/div>\n\t\t\t\t<\/div>\n\t\t\t\t\t\t<\/div>\n\t\t\t\t\t<\/div>\n\t\t<\/div>\n\t\t\t\t<div class=\"elementor-column elementor-col-50 elementor-top-column elementor-element elementor-element-3a14c410\" data-id=\"3a14c410\" data-element_type=\"column\">\n\t\t\t<div class=\"elementor-column-wrap elementor-element-populated\">\n\t\t\t\t\t\t\t<div class=\"elementor-widget-wrap\">\n\t\t\t\t\t\t<div class=\"elementor-element elementor-element-65ce82bb elementor-widget elementor-widget-text-editor\" data-id=\"65ce82bb\" data-element_type=\"widget\" data-widget_type=\"text-editor.default\">\n\t\t\t\t<div class=\"elementor-widget-container\">\n\t\t\t\t\t<div class=\"elementor-text-editor elementor-clearfix\"><\/div>\n\t\t\t\t<\/div>\n\t\t\t\t<\/div>\n\t\t\t\t\t\t<\/div>\n\t\t\t\t\t<\/div>\n\t\t<\/div>\n\t\t\t\t\t\t\t\t<\/div>\n\t\t\t\t\t<\/div>\n\t\t<\/section>\n\t\t\t\t<section class=\"elementor-section elementor-top-section elementor-element elementor-element-3525bd98 elementor-section-full_width elementor-section-stretched elementor-section-height-default elementor-section-height-default\" data-id=\"3525bd98\" data-element_type=\"section\" data-settings=\"{&quot;stretch_section&quot;:&quot;section-stretched&quot;,&quot;background_background&quot;:&quot;classic&quot;}\">\n\t\t\t\t\t\t<div class=\"elementor-container elementor-column-gap-default\">\n\t\t\t\t\t\t\t<div class=\"elementor-row\">\n\t\t\t\t\t<div class=\"elementor-column elementor-col-100 elementor-top-column elementor-element elementor-element-21edce26\" data-id=\"21edce26\" data-element_type=\"column\">\n\t\t\t<div class=\"elementor-column-wrap elementor-element-populated\">\n\t\t\t\t\t\t\t<div class=\"elementor-widget-wrap\">\n\t\t\t\t\t\t<div class=\"elementor-element elementor-element-45112b30 elementor-widget elementor-widget-gallery\" data-id=\"45112b30\" data-element_type=\"widget\" data-settings=\"{&quot;gallery_layout&quot;:&quot;masonry&quot;,&quot;columns_tablet&quot;:3,&quot;columns_mobile&quot;:2,&quot;lazyload&quot;:&quot;yes&quot;,&quot;columns&quot;:4,&quot;gap&quot;:{&quot;unit&quot;:&quot;px&quot;,&quot;size&quot;:10,&quot;sizes&quot;:[]},&quot;gap_tablet&quot;:{&quot;unit&quot;:&quot;px&quot;,&quot;size&quot;:10,&quot;sizes&quot;:[]},&quot;gap_mobile&quot;:{&quot;unit&quot;:&quot;px&quot;,&quot;size&quot;:10,&quot;sizes&quot;:[]},&quot;overlay_background&quot;:&quot;yes&quot;,&quot;content_hover_animation&quot;:&quot;fade-in&quot;}\" data-widget_type=\"gallery.default\">\n\t\t\t\t<div class=\"elementor-widget-container\">\n\t\t\t\t\t<div class=\"elementor-gallery__container\">\n\t\t\t\t\t\t\t<div class=\"e-gallery-item elementor-gallery-item elementor-animated-content\">\n\t\t\t\t\t<div class=\"e-gallery-image elementor-gallery-item__image\" data-thumbnail=\"http:\/\/thsc.pt\/wp-content\/uploads\/2024\/01\/1PedroIvan-683x1024.jpg\" data-width=\"683\" data-height=\"1024\" alt=\"\" ><\/div>\n\t\t\t\t\t\t\t\t\t\t<div class=\"elementor-gallery-item__overlay\"><\/div>\n\t\t\t\t\t\t\t\t\t\t\t\t\t\t<\/div>\n\t\t\t\t\t\t\t<div class=\"e-gallery-item elementor-gallery-item elementor-animated-content\">\n\t\t\t\t\t<div class=\"e-gallery-image elementor-gallery-item__image\" data-thumbnail=\"http:\/\/thsc.pt\/wp-content\/uploads\/2024\/01\/3PedroIvan-1024x683.jpg\" data-width=\"1024\" data-height=\"683\" alt=\"\" ><\/div>\n\t\t\t\t\t\t\t\t\t\t<div class=\"elementor-gallery-item__overlay\"><\/div>\n\t\t\t\t\t\t\t\t\t\t\t\t\t\t<\/div>\n\t\t\t\t\t\t\t<div class=\"e-gallery-item elementor-gallery-item elementor-animated-content\">\n\t\t\t\t\t<div class=\"e-gallery-image elementor-gallery-item__image\" data-thumbnail=\"http:\/\/thsc.pt\/wp-content\/uploads\/2024\/01\/2PedroIvan-1024x683.jpg\" data-width=\"1024\" data-height=\"683\" alt=\"\" ><\/div>\n\t\t\t\t\t\t\t\t\t\t<div class=\"elementor-gallery-item__overlay\"><\/div>\n\t\t\t\t\t\t\t\t\t\t\t\t\t\t<\/div>\n\t\t\t\t\t\t\t<div class=\"e-gallery-item elementor-gallery-item elementor-animated-content\">\n\t\t\t\t\t<div class=\"e-gallery-image elementor-gallery-item__image\" data-thumbnail=\"http:\/\/thsc.pt\/wp-content\/uploads\/2024\/01\/4foto-1024x1024.jpeg\" data-width=\"1024\" data-height=\"1024\" alt=\"\" ><\/div>\n\t\t\t\t\t\t\t\t\t\t<div class=\"elementor-gallery-item__overlay\"><\/div>\n\t\t\t\t\t\t\t\t\t\t\t\t\t\t<\/div>\n\t\t\t\t\t<\/div>\n\t\t\t<\/div>\n\t\t\t\t<\/div>\n\t\t\t\t\t\t<\/div>\n\t\t\t\t\t<\/div>\n\t\t<\/div>\n\t\t\t\t\t\t\t\t<\/div>\n\t\t\t\t\t<\/div>\n\t\t<\/section>\n\t\t\t\t\t\t<\/div>\n\t\t\t\t\t\t<\/div>\n\t\t\t\t\t<\/div>\n\t\t","protected":false},"excerpt":{"rendered":"<p>MALVA 9 de mar\u00e7o 2024\u00a0 21h00 M\/6 |\u00a0 BILHETES : 8,00\u20ac\u00a0 Com dura\u00e7\u00e3o de cerca de 45 minutos, o concerto [&hellip;]<\/p>\n","protected":false},"author":3,"featured_media":4897,"parent":0,"menu_order":0,"comment_status":"closed","ping_status":"closed","template":"","meta":[],"_links":{"self":[{"href":"http:\/\/thsc.pt\/index.php?rest_route=\/wp\/v2\/pages\/4894"}],"collection":[{"href":"http:\/\/thsc.pt\/index.php?rest_route=\/wp\/v2\/pages"}],"about":[{"href":"http:\/\/thsc.pt\/index.php?rest_route=\/wp\/v2\/types\/page"}],"author":[{"embeddable":true,"href":"http:\/\/thsc.pt\/index.php?rest_route=\/wp\/v2\/users\/3"}],"replies":[{"embeddable":true,"href":"http:\/\/thsc.pt\/index.php?rest_route=%2Fwp%2Fv2%2Fcomments&post=4894"}],"version-history":[{"count":6,"href":"http:\/\/thsc.pt\/index.php?rest_route=\/wp\/v2\/pages\/4894\/revisions"}],"predecessor-version":[{"id":4984,"href":"http:\/\/thsc.pt\/index.php?rest_route=\/wp\/v2\/pages\/4894\/revisions\/4984"}],"wp:featuredmedia":[{"embeddable":true,"href":"http:\/\/thsc.pt\/index.php?rest_route=\/wp\/v2\/media\/4897"}],"wp:attachment":[{"href":"http:\/\/thsc.pt\/index.php?rest_route=%2Fwp%2Fv2%2Fmedia&parent=4894"}],"curies":[{"name":"wp","href":"https:\/\/api.w.org\/{rel}","templated":true}]}}