{"id":4802,"date":"2023-11-22T15:24:06","date_gmt":"2023-11-22T14:24:06","guid":{"rendered":"http:\/\/thsc.pt\/?page_id=4802"},"modified":"2023-12-13T10:54:51","modified_gmt":"2023-12-13T09:54:51","slug":"a-gaivota","status":"publish","type":"page","link":"http:\/\/thsc.pt\/?page_id=4802","title":{"rendered":"A Gaivota"},"content":{"rendered":"\t\t<div data-elementor-type=\"wp-page\" data-elementor-id=\"4802\" class=\"elementor elementor-4802\" data-elementor-settings=\"[]\">\n\t\t\t\t\t\t<div class=\"elementor-inner\">\n\t\t\t\t\t\t\t<div class=\"elementor-section-wrap\">\n\t\t\t\t\t\t\t<section class=\"elementor-section elementor-top-section elementor-element elementor-element-24a03577 elementor-section-height-min-height elementor-section-boxed elementor-section-height-default elementor-section-items-middle\" data-id=\"24a03577\" data-element_type=\"section\" data-settings=\"{&quot;background_background&quot;:&quot;classic&quot;}\">\n\t\t\t\t\t\t\t<div class=\"elementor-background-overlay\"><\/div>\n\t\t\t\t\t\t\t<div class=\"elementor-container elementor-column-gap-default\">\n\t\t\t\t\t\t\t<div class=\"elementor-row\">\n\t\t\t\t\t<div class=\"elementor-column elementor-col-100 elementor-top-column elementor-element elementor-element-130dca14\" data-id=\"130dca14\" data-element_type=\"column\">\n\t\t\t<div class=\"elementor-column-wrap elementor-element-populated\">\n\t\t\t\t\t\t\t<div class=\"elementor-widget-wrap\">\n\t\t\t\t\t\t<div class=\"elementor-element elementor-element-5e8ca3cc elementor-widget elementor-widget-spacer\" data-id=\"5e8ca3cc\" data-element_type=\"widget\" data-widget_type=\"spacer.default\">\n\t\t\t\t<div class=\"elementor-widget-container\">\n\t\t\t\t\t<div class=\"elementor-spacer\">\n\t\t\t<div class=\"elementor-spacer-inner\"><\/div>\n\t\t<\/div>\n\t\t\t\t<\/div>\n\t\t\t\t<\/div>\n\t\t\t\t<div class=\"elementor-element elementor-element-302d9403 elementor-widget elementor-widget-heading\" data-id=\"302d9403\" data-element_type=\"widget\" data-widget_type=\"heading.default\">\n\t\t\t\t<div class=\"elementor-widget-container\">\n\t\t\t<h1 class=\"elementor-heading-title elementor-size-large\">A GAIVOTA<\/h1>\t\t<\/div>\n\t\t\t\t<\/div>\n\t\t\t\t<div class=\"elementor-element elementor-element-566e9c08 elementor-widget elementor-widget-text-editor\" data-id=\"566e9c08\" data-element_type=\"widget\" data-widget_type=\"text-editor.default\">\n\t\t\t\t<div class=\"elementor-widget-container\">\n\t\t\t\t\t<div class=\"elementor-text-editor elementor-clearfix\"><h2><span style=\"color: #ffffff;\"><strong>14 a 17 dezembro 2023\u00a0<\/strong><\/span><\/h2><p><strong><span style=\"color: #ffffff;\">Quinta a S\u00e1bado \u2013 21h00<\/span><\/strong><br \/><strong><span style=\"color: #ffffff;\">Domingo &#8211; 16h00<\/span><\/strong><\/p><\/div>\n\t\t\t\t<\/div>\n\t\t\t\t<\/div>\n\t\t\t\t<section class=\"elementor-section elementor-inner-section elementor-element elementor-element-2b490d39 elementor-section-content-middle elementor-section-boxed elementor-section-height-default elementor-section-height-default\" data-id=\"2b490d39\" data-element_type=\"section\">\n\t\t\t\t\t\t<div class=\"elementor-container elementor-column-gap-extended\">\n\t\t\t\t\t\t\t<div class=\"elementor-row\">\n\t\t\t\t\t<div class=\"elementor-column elementor-col-100 elementor-inner-column elementor-element elementor-element-378edf5f\" data-id=\"378edf5f\" data-element_type=\"column\">\n\t\t\t<div class=\"elementor-column-wrap elementor-element-populated\">\n\t\t\t\t\t\t\t<div class=\"elementor-widget-wrap\">\n\t\t\t\t\t\t<div class=\"elementor-element elementor-element-610e224c elementor-widget elementor-widget-text-editor\" data-id=\"610e224c\" data-element_type=\"widget\" data-widget_type=\"text-editor.default\">\n\t\t\t\t<div class=\"elementor-widget-container\">\n\t\t\t\t\t<div class=\"elementor-text-editor elementor-clearfix\"><h5><span style=\"color: #ffffff;\"><b><span style=\"font-family: var( --e-global-typography-text-font-family );\">M\/12 |\u00a0 BILHETES : 5,00 euros\u00a0<\/span><\/b><\/span><\/h5><\/div>\n\t\t\t\t<\/div>\n\t\t\t\t<\/div>\n\t\t\t\t\t\t<\/div>\n\t\t\t\t\t<\/div>\n\t\t<\/div>\n\t\t\t\t\t\t\t\t<\/div>\n\t\t\t\t\t<\/div>\n\t\t<\/section>\n\t\t\t\t\t\t<\/div>\n\t\t\t\t\t<\/div>\n\t\t<\/div>\n\t\t\t\t\t\t\t\t<\/div>\n\t\t\t\t\t<\/div>\n\t\t<\/section>\n\t\t\t\t<section class=\"elementor-section elementor-top-section elementor-element elementor-element-77d3681b elementor-section-boxed elementor-section-height-default elementor-section-height-default\" data-id=\"77d3681b\" data-element_type=\"section\" data-settings=\"{&quot;background_background&quot;:&quot;classic&quot;}\">\n\t\t\t\t\t\t<div class=\"elementor-container elementor-column-gap-default\">\n\t\t\t\t\t\t\t<div class=\"elementor-row\">\n\t\t\t\t\t<div class=\"elementor-column elementor-col-50 elementor-top-column elementor-element elementor-element-61c1542a\" data-id=\"61c1542a\" data-element_type=\"column\">\n\t\t\t<div class=\"elementor-column-wrap elementor-element-populated\">\n\t\t\t\t\t\t\t<div class=\"elementor-widget-wrap\">\n\t\t\t\t\t\t<div class=\"elementor-element elementor-element-28d128d3 elementor-widget elementor-widget-spacer\" data-id=\"28d128d3\" data-element_type=\"widget\" data-widget_type=\"spacer.default\">\n\t\t\t\t<div class=\"elementor-widget-container\">\n\t\t\t\t\t<div class=\"elementor-spacer\">\n\t\t\t<div class=\"elementor-spacer-inner\"><\/div>\n\t\t<\/div>\n\t\t\t\t<\/div>\n\t\t\t\t<\/div>\n\t\t\t\t<div class=\"elementor-element elementor-element-3acaa3da elementor-widget elementor-widget-text-editor\" data-id=\"3acaa3da\" data-element_type=\"widget\" data-widget_type=\"text-editor.default\">\n\t\t\t\t<div class=\"elementor-widget-container\">\n\t\t\t\t\t<div class=\"elementor-text-editor elementor-clearfix\"><p class=\"p1\"><strong>\u201cA Gaivota\u201d de Anton Tchekhov<\/strong><\/p><p class=\"p1\">EXERC\u00cdCIO-ESPET\u00c1CULO DOS ALUNOS DO SEGUNDO ANO DE TEATRO DA ESMAE<\/p><p class=\"p1\">Escrito no final do s\u00e9c. XIX, por Anton Tchekhov, \u201cA Gaivota\u201d, assume-se, eternamente, como um dos maiores textos da dramaturgia mundial, n\u00e3o s\u00f3 pela sua intemporalidade, mas tamb\u00e9m pela riqueza permanente da sua pertin\u00eancia humana, social e hist\u00f3rica.<br \/>Nada melhor, portanto, do que um ep\u00edtome desta natureza para validar a escolha desta pe\u00e7a, quando a proposta \u00e9 explorar precisamente o trabalho de texto na interpreta\u00e7\u00e3o teatral.<br \/>A Produ\u00e7\u00e3o II do 2\u00ba ano de teatro da ESMAE apresenta um exerc\u00edcio focado, sobretudo, nas din\u00e2micas submersas do texto n\u00e3o \u00e9 dito mas que se cola, permanentemente, aos fonemas e \u00e0 grafia do que est\u00e1 escrito, \u00e0 superf\u00edcie, impulsionando e trazendo ao sentido as palavras de uma das maiores obras-primas do Teatro.<br \/>Nesta Gaivota, exploramos, sobretudo a an\u00e1lise do Tempo, na obra e nas personagens, como catalisador da a\u00e7\u00e3o. Como o grande s\u00edmbolo, onde se move o naturalismo poss\u00edvel de uma casa de campo em frente a um lago.<\/p><\/div>\n\t\t\t\t<\/div>\n\t\t\t\t<\/div>\n\t\t\t\t\t\t<\/div>\n\t\t\t\t\t<\/div>\n\t\t<\/div>\n\t\t\t\t<div class=\"elementor-column elementor-col-50 elementor-top-column elementor-element elementor-element-3fd88d1e\" data-id=\"3fd88d1e\" data-element_type=\"column\" data-settings=\"{&quot;background_background&quot;:&quot;classic&quot;}\">\n\t\t\t<div class=\"elementor-column-wrap elementor-element-populated\">\n\t\t\t\t\t<div class=\"elementor-background-overlay\"><\/div>\n\t\t\t\t\t\t\t<div class=\"elementor-widget-wrap\">\n\t\t\t\t\t\t<div class=\"elementor-element elementor-element-17e4c73 elementor-widget elementor-widget-image\" data-id=\"17e4c73\" data-element_type=\"widget\" data-widget_type=\"image.default\">\n\t\t\t\t<div class=\"elementor-widget-container\">\n\t\t\t\t\t<div class=\"elementor-image\">\n\t\t\t\t\t\t\t\t\t\t<img width=\"724\" height=\"1024\" src=\"http:\/\/thsc.pt\/wp-content\/uploads\/2023\/12\/Cartaz-A-Gaivota-724x1024.jpg\" class=\"attachment-large size-large\" alt=\"\" decoding=\"async\" loading=\"lazy\" srcset=\"http:\/\/thsc.pt\/wp-content\/uploads\/2023\/12\/Cartaz-A-Gaivota-724x1024.jpg 724w, http:\/\/thsc.pt\/wp-content\/uploads\/2023\/12\/Cartaz-A-Gaivota-212x300.jpg 212w, http:\/\/thsc.pt\/wp-content\/uploads\/2023\/12\/Cartaz-A-Gaivota-768x1086.jpg 768w, http:\/\/thsc.pt\/wp-content\/uploads\/2023\/12\/Cartaz-A-Gaivota-1087x1536.jpg 1087w, http:\/\/thsc.pt\/wp-content\/uploads\/2023\/12\/Cartaz-A-Gaivota-1449x2048.jpg 1449w, http:\/\/thsc.pt\/wp-content\/uploads\/2023\/12\/Cartaz-A-Gaivota-scaled.jpg 1811w\" sizes=\"(max-width: 724px) 100vw, 724px\" \/>\t\t\t\t\t\t\t\t\t\t\t<\/div>\n\t\t\t\t<\/div>\n\t\t\t\t<\/div>\n\t\t\t\t\t\t<\/div>\n\t\t\t\t\t<\/div>\n\t\t<\/div>\n\t\t\t\t\t\t\t\t<\/div>\n\t\t\t\t\t<\/div>\n\t\t<\/section>\n\t\t\t\t<section class=\"elementor-section elementor-top-section elementor-element elementor-element-12e7082f elementor-section-boxed elementor-section-height-default elementor-section-height-default\" data-id=\"12e7082f\" data-element_type=\"section\" data-settings=\"{&quot;background_background&quot;:&quot;classic&quot;}\">\n\t\t\t\t\t\t<div class=\"elementor-container elementor-column-gap-default\">\n\t\t\t\t\t\t\t<div class=\"elementor-row\">\n\t\t\t\t\t\t\t\t\t<\/div>\n\t\t\t\t\t<\/div>\n\t\t<\/section>\n\t\t\t\t<section class=\"elementor-section elementor-top-section elementor-element elementor-element-1815cb45 elementor-section-full_width elementor-section-height-min-height elementor-section-height-default elementor-section-items-middle\" data-id=\"1815cb45\" data-element_type=\"section\" data-settings=\"{&quot;background_background&quot;:&quot;classic&quot;}\">\n\t\t\t\t\t\t<div class=\"elementor-container elementor-column-gap-no\">\n\t\t\t\t\t\t\t<div class=\"elementor-row\">\n\t\t\t\t\t<div class=\"elementor-column elementor-col-50 elementor-top-column elementor-element elementor-element-189c71ac\" data-id=\"189c71ac\" data-element_type=\"column\">\n\t\t\t<div class=\"elementor-column-wrap elementor-element-populated\">\n\t\t\t\t\t\t\t<div class=\"elementor-widget-wrap\">\n\t\t\t\t\t\t<div class=\"elementor-element elementor-element-415d80a9 elementor-widget elementor-widget-text-editor\" data-id=\"415d80a9\" data-element_type=\"widget\" data-widget_type=\"text-editor.default\">\n\t\t\t\t<div class=\"elementor-widget-container\">\n\t\t\t\t\t<div class=\"elementor-text-editor elementor-clearfix\"><blockquote><p class=\"p1\"><span style=\"color: #333333;\"><strong>Equipa Criativa e Art\u00edstica<\/strong><\/span><\/p><\/blockquote><p class=\"p1\" style=\"padding-left: 40px;\"><span style=\"color: #333333;\"><strong>Encena\u00e7\u00e3o<\/strong><\/span><br \/><span style=\"color: #333333;\">Rodrigo Santos<\/span><\/p><p class=\"p1\" style=\"padding-left: 40px;\"><span style=\"color: #333333;\"><strong>Tradu\u00e7\u00e3o<\/strong><\/span><br \/><span style=\"color: #333333;\">Fiama Hasse Pais Brand\u00e3o<\/span><\/p><p class=\"p1\" style=\"padding-left: 40px;\"><span style=\"color: #333333;\"><strong>Interpreta\u00e7\u00e3o<\/strong><\/span><br \/><span style=\"color: #333333;\">Afonso Alves | Ana Afonso Louren\u00e7o | Carolina Viegas | Andr\u00e9 Fernandes<\/span><span style=\"color: #333333;\"> | D\u00e1ria Pop | Fabiana Vieira | Francisca Rocha<\/span><span style=\"color: #333333;\"> | Isabel Quinta Lobo | Joana Leite | Jo\u00e3o Moniz | Maria In\u00eas Costa<\/span><span style=\"color: #333333;\"> | Mafalda Barbosa | <\/span><span style=\"color: #333333;\">N\u00e9lson Moura | Teresa Trindade | Vasco Costa | Violeta Gouveia<br \/><\/span><span style=\"color: #333333;\"><strong><br \/>Cenografia<\/strong><\/span><br \/><span style=\"color: #333333;\">Alya Melo | Beatriz Silva | Maria Eloy<\/span><\/p><p class=\"p1\" style=\"padding-left: 40px;\">\u00a0<\/p><\/div>\n\t\t\t\t<\/div>\n\t\t\t\t<\/div>\n\t\t\t\t\t\t<\/div>\n\t\t\t\t\t<\/div>\n\t\t<\/div>\n\t\t\t\t<div class=\"elementor-column elementor-col-50 elementor-top-column elementor-element elementor-element-10771634\" data-id=\"10771634\" data-element_type=\"column\">\n\t\t\t<div class=\"elementor-column-wrap elementor-element-populated\">\n\t\t\t\t\t\t\t<div class=\"elementor-widget-wrap\">\n\t\t\t\t\t\t<div class=\"elementor-element elementor-element-adc54e8 elementor-widget elementor-widget-text-editor\" data-id=\"adc54e8\" data-element_type=\"widget\" data-widget_type=\"text-editor.default\">\n\t\t\t\t<div class=\"elementor-widget-container\">\n\t\t\t\t\t<div class=\"elementor-text-editor elementor-clearfix\"><p class=\"p1\"><span style=\"color: #333333;\"><strong>Figurinos<\/strong><\/span><br \/><span style=\"color: #333333;\">Cl\u00e1udia Andrade | Mafalda Reis | Mariana Salvado | Mia Coelho<\/span><\/p><p class=\"p1\"><span style=\"color: #333333;\"><strong>Luz<\/strong><\/span><br \/><span style=\"color: #333333;\">B\u00e1rbara Rey | \u00c1nxela Doel<\/span><\/p><p class=\"p1\"><span style=\"color: #333333;\"><strong>Som<br \/><\/strong>Francisco Monteiro<\/span><\/p><p><strong><span style=\"color: #000000;\">Dire\u00e7\u00e3o de Cena &amp; Produ\u00e7\u00e3o<\/span><\/strong><br \/><span style=\"color: #333333;\">B\u00e1rbara Godinho | Carlos Pe\u00f1a | \u00edris Murta | Samira Kutscher<\/span><\/p><p class=\"p1\"><span style=\"color: #333333;\"><strong>Professores Orientadores<\/strong><\/span><br \/><span style=\"color: #333333;\">Interpreta\u00e7\u00e3o: Maria Lu\u00eds Fran\u00e7a<\/span><br \/><span style=\"color: #333333;\">Apoio Voz: Patr\u00edcia Franco<\/span><br \/><span style=\"color: #333333;\">Apoio Movimento: Catarina Lacerda<\/span><br \/><span style=\"color: #333333;\">Cenografia: Helder Maia | Patr\u00edcia Pescada<br \/><\/span><span style=\"color: #333333;\">Figurinos: Berta Cardoso<\/span><br \/><span style=\"color: #333333;\">Luz: Rui Damas<br \/>Som: Diogo Franco<\/span><br \/><span style=\"font-family: var( --e-global-typography-text-font-family ); color: #333333;\">Dire\u00e7\u00e3o de Cena &amp; Produ\u00e7\u00e3o: Pedro Leit\u00e3o | Jo\u00e3o Matos<\/span><\/p><\/div>\n\t\t\t\t<\/div>\n\t\t\t\t<\/div>\n\t\t\t\t\t\t<\/div>\n\t\t\t\t\t<\/div>\n\t\t<\/div>\n\t\t\t\t\t\t\t\t<\/div>\n\t\t\t\t\t<\/div>\n\t\t<\/section>\n\t\t\t\t<section class=\"elementor-section elementor-top-section elementor-element elementor-element-6f076b99 elementor-section-full_width elementor-section-stretched elementor-section-height-default elementor-section-height-default\" data-id=\"6f076b99\" data-element_type=\"section\" data-settings=\"{&quot;stretch_section&quot;:&quot;section-stretched&quot;,&quot;background_background&quot;:&quot;classic&quot;}\">\n\t\t\t\t\t\t<div class=\"elementor-container elementor-column-gap-default\">\n\t\t\t\t\t\t\t<div class=\"elementor-row\">\n\t\t\t\t\t<div class=\"elementor-column elementor-col-100 elementor-top-column elementor-element elementor-element-80f149\" data-id=\"80f149\" data-element_type=\"column\">\n\t\t\t<div class=\"elementor-column-wrap elementor-element-populated\">\n\t\t\t\t\t\t\t<div class=\"elementor-widget-wrap\">\n\t\t\t\t\t\t<div class=\"elementor-element elementor-element-ff1e936 elementor-widget elementor-widget-gallery\" data-id=\"ff1e936\" data-element_type=\"widget\" data-settings=\"{&quot;gallery_layout&quot;:&quot;masonry&quot;,&quot;columns&quot;:2,&quot;columns_tablet&quot;:3,&quot;columns_mobile&quot;:2,&quot;lazyload&quot;:&quot;yes&quot;,&quot;gap&quot;:{&quot;unit&quot;:&quot;px&quot;,&quot;size&quot;:10,&quot;sizes&quot;:[]},&quot;gap_tablet&quot;:{&quot;unit&quot;:&quot;px&quot;,&quot;size&quot;:10,&quot;sizes&quot;:[]},&quot;gap_mobile&quot;:{&quot;unit&quot;:&quot;px&quot;,&quot;size&quot;:10,&quot;sizes&quot;:[]},&quot;overlay_background&quot;:&quot;yes&quot;,&quot;content_hover_animation&quot;:&quot;fade-in&quot;}\" data-widget_type=\"gallery.default\">\n\t\t\t\t<div class=\"elementor-widget-container\">\n\t\t\t\t\t<div class=\"elementor-gallery__container\">\n\t\t\t\t\t\t\t<div class=\"e-gallery-item elementor-gallery-item elementor-animated-content\">\n\t\t\t\t\t<div class=\"e-gallery-image elementor-gallery-item__image\" data-thumbnail=\"http:\/\/thsc.pt\/wp-content\/uploads\/2020\/08\/thsc1-1024x576.jpg\" data-width=\"1024\" data-height=\"576\" alt=\"\" ><\/div>\n\t\t\t\t\t\t\t\t\t\t<div class=\"elementor-gallery-item__overlay\"><\/div>\n\t\t\t\t\t\t\t\t\t\t\t\t\t\t<\/div>\n\t\t\t\t\t\t\t<div class=\"e-gallery-item elementor-gallery-item elementor-animated-content\">\n\t\t\t\t\t<div class=\"e-gallery-image elementor-gallery-item__image\" data-thumbnail=\"http:\/\/thsc.pt\/wp-content\/uploads\/2020\/08\/thsc_2-768x432-1.jpg\" data-width=\"768\" data-height=\"432\" alt=\"\" ><\/div>\n\t\t\t\t\t\t\t\t\t\t<div class=\"elementor-gallery-item__overlay\"><\/div>\n\t\t\t\t\t\t\t\t\t\t\t\t\t\t<\/div>\n\t\t\t\t\t<\/div>\n\t\t\t<\/div>\n\t\t\t\t<\/div>\n\t\t\t\t\t\t<\/div>\n\t\t\t\t\t<\/div>\n\t\t<\/div>\n\t\t\t\t\t\t\t\t<\/div>\n\t\t\t\t\t<\/div>\n\t\t<\/section>\n\t\t\t\t\t\t<\/div>\n\t\t\t\t\t\t<\/div>\n\t\t\t\t\t<\/div>\n\t\t","protected":false},"excerpt":{"rendered":"<p>A GAIVOTA 14 a 17 dezembro 2023\u00a0 Quinta a S\u00e1bado \u2013 21h00Domingo &#8211; 16h00 M\/12 |\u00a0 BILHETES : 5,00 euros\u00a0 [&hellip;]<\/p>\n","protected":false},"author":3,"featured_media":4803,"parent":0,"menu_order":0,"comment_status":"closed","ping_status":"closed","template":"","meta":[],"_links":{"self":[{"href":"http:\/\/thsc.pt\/index.php?rest_route=\/wp\/v2\/pages\/4802"}],"collection":[{"href":"http:\/\/thsc.pt\/index.php?rest_route=\/wp\/v2\/pages"}],"about":[{"href":"http:\/\/thsc.pt\/index.php?rest_route=\/wp\/v2\/types\/page"}],"author":[{"embeddable":true,"href":"http:\/\/thsc.pt\/index.php?rest_route=\/wp\/v2\/users\/3"}],"replies":[{"embeddable":true,"href":"http:\/\/thsc.pt\/index.php?rest_route=%2Fwp%2Fv2%2Fcomments&post=4802"}],"version-history":[{"count":10,"href":"http:\/\/thsc.pt\/index.php?rest_route=\/wp\/v2\/pages\/4802\/revisions"}],"predecessor-version":[{"id":4847,"href":"http:\/\/thsc.pt\/index.php?rest_route=\/wp\/v2\/pages\/4802\/revisions\/4847"}],"wp:featuredmedia":[{"embeddable":true,"href":"http:\/\/thsc.pt\/index.php?rest_route=\/wp\/v2\/media\/4803"}],"wp:attachment":[{"href":"http:\/\/thsc.pt\/index.php?rest_route=%2Fwp%2Fv2%2Fmedia&parent=4802"}],"curies":[{"name":"wp","href":"https:\/\/api.w.org\/{rel}","templated":true}]}}