{"id":4775,"date":"2023-11-08T11:30:11","date_gmt":"2023-11-08T10:30:11","guid":{"rendered":"http:\/\/thsc.pt\/?page_id=4775"},"modified":"2023-11-17T22:17:31","modified_gmt":"2023-11-17T21:17:31","slug":"dramaturgias-itinerantes-3","status":"publish","type":"page","link":"http:\/\/thsc.pt\/?page_id=4775","title":{"rendered":"Dramaturgias Itinerantes"},"content":{"rendered":"\t\t<div data-elementor-type=\"wp-page\" data-elementor-id=\"4775\" class=\"elementor elementor-4775\" data-elementor-settings=\"[]\">\n\t\t\t\t\t\t<div class=\"elementor-inner\">\n\t\t\t\t\t\t\t<div class=\"elementor-section-wrap\">\n\t\t\t\t\t\t\t<section class=\"elementor-section elementor-top-section elementor-element elementor-element-71a54def elementor-section-height-min-height elementor-section-boxed elementor-section-height-default elementor-section-items-middle\" data-id=\"71a54def\" data-element_type=\"section\" data-settings=\"{&quot;background_background&quot;:&quot;classic&quot;}\">\n\t\t\t\t\t\t\t<div class=\"elementor-background-overlay\"><\/div>\n\t\t\t\t\t\t\t<div class=\"elementor-container elementor-column-gap-default\">\n\t\t\t\t\t\t\t<div class=\"elementor-row\">\n\t\t\t\t\t<div class=\"elementor-column elementor-col-100 elementor-top-column elementor-element elementor-element-44c4acec\" data-id=\"44c4acec\" data-element_type=\"column\">\n\t\t\t<div class=\"elementor-column-wrap elementor-element-populated\">\n\t\t\t\t\t\t\t<div class=\"elementor-widget-wrap\">\n\t\t\t\t\t\t<div class=\"elementor-element elementor-element-7758c022 elementor-widget elementor-widget-spacer\" data-id=\"7758c022\" data-element_type=\"widget\" data-widget_type=\"spacer.default\">\n\t\t\t\t<div class=\"elementor-widget-container\">\n\t\t\t\t\t<div class=\"elementor-spacer\">\n\t\t\t<div class=\"elementor-spacer-inner\"><\/div>\n\t\t<\/div>\n\t\t\t\t<\/div>\n\t\t\t\t<\/div>\n\t\t\t\t<div class=\"elementor-element elementor-element-c067e8a elementor-widget elementor-widget-heading\" data-id=\"c067e8a\" data-element_type=\"widget\" data-widget_type=\"heading.default\">\n\t\t\t\t<div class=\"elementor-widget-container\">\n\t\t\t<h1 class=\"elementor-heading-title elementor-size-large\">DRAMATURXIAS ITINERANTES\/ DRAMATURGIAS ITINERANTES<\/h1>\t\t<\/div>\n\t\t\t\t<\/div>\n\t\t\t\t<div class=\"elementor-element elementor-element-1d2dc81b elementor-widget elementor-widget-text-editor\" data-id=\"1d2dc81b\" data-element_type=\"widget\" data-widget_type=\"text-editor.default\">\n\t\t\t\t<div class=\"elementor-widget-container\">\n\t\t\t\t\t<div class=\"elementor-text-editor elementor-clearfix\"><h2><span style=\"color: #ffffff;\"><strong>21 de novembro 2023<\/strong><\/span><\/h2><p><strong><span style=\"color: #ffffff;\">18h00<\/span><\/strong><\/p><\/div>\n\t\t\t\t<\/div>\n\t\t\t\t<\/div>\n\t\t\t\t<section class=\"elementor-section elementor-inner-section elementor-element elementor-element-72b88e9 elementor-section-content-middle elementor-section-boxed elementor-section-height-default elementor-section-height-default\" data-id=\"72b88e9\" data-element_type=\"section\">\n\t\t\t\t\t\t<div class=\"elementor-container elementor-column-gap-extended\">\n\t\t\t\t\t\t\t<div class=\"elementor-row\">\n\t\t\t\t\t<div class=\"elementor-column elementor-col-100 elementor-inner-column elementor-element elementor-element-43fd75bd\" data-id=\"43fd75bd\" data-element_type=\"column\">\n\t\t\t<div class=\"elementor-column-wrap elementor-element-populated\">\n\t\t\t\t\t\t\t<div class=\"elementor-widget-wrap\">\n\t\t\t\t\t\t<div class=\"elementor-element elementor-element-2463f46b elementor-widget elementor-widget-text-editor\" data-id=\"2463f46b\" data-element_type=\"widget\" data-widget_type=\"text-editor.default\">\n\t\t\t\t<div class=\"elementor-widget-container\">\n\t\t\t\t\t<div class=\"elementor-text-editor elementor-clearfix\"><h5><span style=\"color: #ffffff;\"><strong>Entrada gratuita<\/strong> (at\u00e9 ao limite da lota\u00e7\u00e3o da sala) | Rua da Alegria, 503<\/span><\/h5><\/div>\n\t\t\t\t<\/div>\n\t\t\t\t<\/div>\n\t\t\t\t\t\t<\/div>\n\t\t\t\t\t<\/div>\n\t\t<\/div>\n\t\t\t\t\t\t\t\t<\/div>\n\t\t\t\t\t<\/div>\n\t\t<\/section>\n\t\t\t\t\t\t<\/div>\n\t\t\t\t\t<\/div>\n\t\t<\/div>\n\t\t\t\t\t\t\t\t<\/div>\n\t\t\t\t\t<\/div>\n\t\t<\/section>\n\t\t\t\t<section class=\"elementor-section elementor-top-section elementor-element elementor-element-f97a026 elementor-section-boxed elementor-section-height-default elementor-section-height-default\" data-id=\"f97a026\" data-element_type=\"section\" data-settings=\"{&quot;background_background&quot;:&quot;classic&quot;}\">\n\t\t\t\t\t\t<div class=\"elementor-container elementor-column-gap-default\">\n\t\t\t\t\t\t\t<div class=\"elementor-row\">\n\t\t\t\t\t<div class=\"elementor-column elementor-col-50 elementor-top-column elementor-element elementor-element-3c8444b8\" data-id=\"3c8444b8\" data-element_type=\"column\">\n\t\t\t<div class=\"elementor-column-wrap elementor-element-populated\">\n\t\t\t\t\t\t\t<div class=\"elementor-widget-wrap\">\n\t\t\t\t\t\t<div class=\"elementor-element elementor-element-2f7c9453 elementor-widget elementor-widget-spacer\" data-id=\"2f7c9453\" data-element_type=\"widget\" data-widget_type=\"spacer.default\">\n\t\t\t\t<div class=\"elementor-widget-container\">\n\t\t\t\t\t<div class=\"elementor-spacer\">\n\t\t\t<div class=\"elementor-spacer-inner\"><\/div>\n\t\t<\/div>\n\t\t\t\t<\/div>\n\t\t\t\t<\/div>\n\t\t\t\t<div class=\"elementor-element elementor-element-6cb26867 elementor-widget elementor-widget-text-editor\" data-id=\"6cb26867\" data-element_type=\"widget\" data-widget_type=\"text-editor.default\">\n\t\t\t\t<div class=\"elementor-widget-container\">\n\t\t\t\t\t<div class=\"elementor-text-editor elementor-clearfix\"><p><strong>Sexta edi\u00e7\u00e3o.<\/strong> Ano 2023<br \/>21 de novembro, Porto. THSC: 18:00h\u00a0<br \/>22 de novembro, Vigo. ESAD De Galicia: 17:30h<\/p><p><strong><em>Another Rose<\/em><\/strong><strong>, de Sof\u00eda Santos Silva <br \/><\/strong>LEITURA ENCENADA<br \/>A obra e\u0301 um encontro a\u0300 dista\u0302ncia com Gulabi Gang, um grupo activista sediado em Uttar Pradesh, no norte da I\u0301ndia,\u00a0 fundado por mulheres como resposta a\u0300 viole\u0302ncia siste\u0301mica e discriminac\u0327a\u0303o generalizada de uma sociedade assente em pra\u0301ticas e costumes patriarcais que banalizam a viole\u0302ncia sobre as mulheres. Estas mulheres cantam os seus ideais de mudanc\u0327a e mostram os passos de uma irmandade que se unifica pela transformac\u0327a\u0303o. Na obra, destaca-se a importa\u0302ncia de todo o tipo de irmandades, em qualquer contexto e realidade, que iniciam espac\u0327os de resiste\u0302ncia contra a acc\u0327a\u0303o de prejudicarem a especificidade de cada corpo.\u00a0<\/p><p>O projecto\u00a0<em>Another Rose<\/em>, de Sofia Santos Silva, venceu a 4a edic\u0327a\u0303o da Bolsa Ame\u0301lia Rey Colac\u0327o, uma iniciativa promovida conjuntamente pel\u2019A Oficina (Guimara\u0303es), O Espac\u0327o do Tempo (Montemor-o-Novo), o Teatro Nacional D. Maria II (Lisboa) e o Teatro Viriato (Viseu).\u00a0<\/p><p>Sof\u00eda Santos Silva <br \/>Nasceu no Porto, em 1993. Frequentou o Conservato\u0301rio de Mu\u0301sica do Porto, concluindo o 6o grau em Flauta Transversal e o Preparato\u0301rio em Canto Li\u0301rico. Iniciou a sua formac\u0327a\u0303o enquanto actriz na Academia Contempora\u0302nea do Especta\u0301culo, Porto e licenciou-se na Escola Superior de Teatro e Cinema, Lisboa. Desde 2012 que tem trabalhado profissionalmente com Mo\u0301nica Calle, Sara Barros Leita\u0303o, Anto\u0301nio Ju\u0301lio, Mirro\u0301 Pereira, Carlos Costa, Jorge Palinhos, Zeferino Mota, Jean Paul Bucchieri, David Antunes, Joa\u0303o Guimara\u0303es, Artur Guimara\u0303es, Joana Quelhas, entre outros. Em 2015, foi uma das selecionadas para o Laborato\u0301rio de Escrita para Teatro do Teatro Nacional Dona Maria II, que surgiu integrado num programa de apoio e incentivo a novas dramaturgias portuguesas. Em 2017, escreveu a pec\u0327a \u201cUma Frida\u201d, e em 2019, foi um dos especta\u0301culos escolhidos a integrar o ciclo rece\u0301m-nascidos do Teatro Nacional Dona Maria II. Integrou o Colectivo Retorno, da qual foi uma das fundadoras juntamente com Mariana Magalha\u0303es, Hugo Olim e Joana Coelho Cunha, escrevendo os especta\u0301culos \u201cNina, Nina\u201d e \u201cA Nossa Primavera\u201d. Em 2021, colaborou como inte\u0301rprete no especta\u0301culo \u201cCarta\u201d de Mo\u0301nica Calle, estreado no TNDMII. Em 2021, foi a vencedora da 4a edic\u0327a\u0303o da Bolsa Ame\u0301lia Rey Colac\u0327o, iniciativa do TNDM II, CCVF, O Espac\u0327o do Tempo e Teatro Viriato, com o projecto \u201cAnother Rose\u201d. Recentemente, colaborou como inte\u0301rprete no especta\u0301culo &#8220;Cidades de Bronze&#8221; da Viso\u0303es U\u0301teis e lanc\u0327ou o seu primeiro projecto musical &#8220;Melancholia\u201d.\u00a0<\/p><p><strong><em>Ubasute<\/em><\/strong><strong>, de Paula Carballeira\u00a0<br \/><\/strong>LECTURA DRAMATIZADA\u00a0<br \/>Hai linguas que s\u00f3 te\u00f1en unha palabra para o abandono, pero iso non quere dicir que non haxa diferentes maneiras de deixar para sempre algo, algu\u00e9n, a ti mesma, e pouco importa que intentes cambiar de espazo, que creas que indo a Xap\u00f3n conseguir\u00e1s afastar de ti o abafo, a culpa ou as pantasmas. Non existe un lugar no mundo onde fuxir da poes\u00eda, e a poes\u00eda trae de volta os recordos.\u00a0<\/p><p>Paula Carballeira:\u00a0<br \/>Paula Carballeira, nacida en Mani\u00f1os (Fene. A Coru\u00f1a), licenciada en Filolox\u00eda pola Universidade de Compostela e cun curso de Especializaci\u00f3n en Arte Dram\u00e1tica (Teor\u00eda e Pr\u00e1ctica da Interpretaci\u00f3n) na mesma universidade. Narradora oral profesional desde 1994, actriz e escritora. Como narradora oral, foi convidada aos principais festivais e eventos de narraci\u00f3n oral nacionais e internacionais. Como actriz, \u00e9 membro da compa\u00f1\u00eda Berrobamb\u00e1n e participou en varias series e programas da Televisi\u00f3n de Galicia. Como directora de teatro, levou adiante produci\u00f3ns tanto para a s\u00faa compa\u00f1\u00eda coma para outras. Como dramaturga, recibiu o Premio Nacional de Literatura Dram\u00e1tica do ano 2023, o Premio Follas Novas na categor\u00eda de Teatro no ano 2023, o premio Laudamuco de Textos Teatrais no ano 2022, o Premio Manuel Mar\u00eda de Literatura Dram\u00e1tica Infantil os anos 2006, 2011 e 2018, foi Menci\u00f3n do Xurado no III Premio de Teatro Radiof\u00f3nico do Diario Cultural e finalista do Premio ASSITEJ (Secci\u00f3n espa\u00f1ola da Asociaci\u00f3n Internacional de Teatro para a Infancia e a Xuventude). Ten m\u00e1is de trinta libros publicados (\u00e1lbum ilustrado, narrativa, poes\u00eda, teatro, ensaio) moitos deles traducidos a varias linguas: ingl\u00e9s, italiano, coreano, turco, alem\u00e1n, chin\u00e9s, portugu\u00e9s, catal\u00e1n, \u00e9uscaro&#8230; alg\u00fans deles premiados e a maior\u00eda pensados tam\u00e9n para a infancia e a xuventude.\u00a0<\/p><p>Conversa p\u00f3s espet\u00e1culo moderado por Vanesa Sotelo, dramaturga e profesora de dramaturgia na ESAD de Galicia\u00a0<\/p><\/div>\n\t\t\t\t<\/div>\n\t\t\t\t<\/div>\n\t\t\t\t\t\t<\/div>\n\t\t\t\t\t<\/div>\n\t\t<\/div>\n\t\t\t\t<div class=\"elementor-column elementor-col-50 elementor-top-column elementor-element elementor-element-53ff3a85\" data-id=\"53ff3a85\" data-element_type=\"column\" data-settings=\"{&quot;background_background&quot;:&quot;classic&quot;}\">\n\t\t\t<div class=\"elementor-column-wrap elementor-element-populated\">\n\t\t\t\t\t<div class=\"elementor-background-overlay\"><\/div>\n\t\t\t\t\t\t\t<div class=\"elementor-widget-wrap\">\n\t\t\t\t\t\t<div class=\"elementor-element elementor-element-fdcc93f elementor-widget elementor-widget-spacer\" data-id=\"fdcc93f\" data-element_type=\"widget\" data-widget_type=\"spacer.default\">\n\t\t\t\t<div class=\"elementor-widget-container\">\n\t\t\t\t\t<div class=\"elementor-spacer\">\n\t\t\t<div class=\"elementor-spacer-inner\"><\/div>\n\t\t<\/div>\n\t\t\t\t<\/div>\n\t\t\t\t<\/div>\n\t\t\t\t<div class=\"elementor-element elementor-element-f6fd448 elementor-widget elementor-widget-image\" data-id=\"f6fd448\" data-element_type=\"widget\" data-widget_type=\"image.default\">\n\t\t\t\t<div class=\"elementor-widget-container\">\n\t\t\t\t\t<div class=\"elementor-image\">\n\t\t\t\t\t\t\t\t\t\t<img decoding=\"async\" src=\"http:\/\/thsc.pt\/wp-content\/uploads\/elementor\/thumbs\/cartaz-scaled-qf1zn6ulzu1xuweus6en1920wszjwcxbn7nsydp2gc.jpg\" title=\"cartaz\" alt=\"cartaz\" \/>\t\t\t\t\t\t\t\t\t\t\t<\/div>\n\t\t\t\t<\/div>\n\t\t\t\t<\/div>\n\t\t\t\t\t\t<\/div>\n\t\t\t\t\t<\/div>\n\t\t<\/div>\n\t\t\t\t\t\t\t\t<\/div>\n\t\t\t\t\t<\/div>\n\t\t<\/section>\n\t\t\t\t<section class=\"elementor-section elementor-top-section elementor-element elementor-element-44766bd5 elementor-section-boxed elementor-section-height-default elementor-section-height-default\" data-id=\"44766bd5\" data-element_type=\"section\" data-settings=\"{&quot;background_background&quot;:&quot;classic&quot;}\">\n\t\t\t\t\t\t<div class=\"elementor-container elementor-column-gap-default\">\n\t\t\t\t\t\t\t<div class=\"elementor-row\">\n\t\t\t\t\t\t\t\t\t<\/div>\n\t\t\t\t\t<\/div>\n\t\t<\/section>\n\t\t\t\t<section class=\"elementor-section elementor-top-section elementor-element elementor-element-427a2441 elementor-section-full_width elementor-section-height-min-height elementor-section-height-default elementor-section-items-middle\" data-id=\"427a2441\" data-element_type=\"section\" data-settings=\"{&quot;background_background&quot;:&quot;classic&quot;}\">\n\t\t\t\t\t\t<div class=\"elementor-container elementor-column-gap-no\">\n\t\t\t\t\t\t\t<div class=\"elementor-row\">\n\t\t\t\t\t<div class=\"elementor-column elementor-col-50 elementor-top-column elementor-element elementor-element-7106b319\" data-id=\"7106b319\" data-element_type=\"column\">\n\t\t\t<div class=\"elementor-column-wrap elementor-element-populated\">\n\t\t\t\t\t\t\t<div class=\"elementor-widget-wrap\">\n\t\t\t\t\t\t<div class=\"elementor-element elementor-element-3227e3e9 elementor-widget elementor-widget-text-editor\" data-id=\"3227e3e9\" data-element_type=\"widget\" data-widget_type=\"text-editor.default\">\n\t\t\t\t<div class=\"elementor-widget-container\">\n\t\t\t\t\t<div class=\"elementor-text-editor elementor-clearfix\"><blockquote><p class=\"p1\"><span style=\"color: #333333;\"><strong>Equipa Criativa e Art\u00edstica<\/strong><\/span><\/p><\/blockquote><p class=\"p1\" style=\"padding-left: 40px;\"><span style=\"color: #333333;\"><strong>Another Rose<\/strong><\/span><\/p><p class=\"p1\" style=\"padding-left: 40px;\"><span style=\"color: #333333;\"><strong>Autora<\/strong><\/span><br \/><span style=\"color: #333333;\">Sofia Santos Silva<\/span><\/p><p class=\"p1\" style=\"padding-left: 40px;\"><span style=\"color: #333333;\"><strong>Dire\u00e7\u00e3o Art\u00edstica<\/strong><\/span><br \/><span style=\"color: #333333;\">Cl\u00e1udia Marisa<\/span><\/p><p class=\"p1\" style=\"padding-left: 40px;\"><span style=\"color: #333333;\"><strong>Assist\u00eancia de Dire\u00e7\u00e3o<\/strong><\/span><br \/><span style=\"color: #333333;\">Nuno Tudela<\/span><\/p><p class=\"p1\" style=\"padding-left: 40px;\"><span style=\"color: #333333;\"><strong>Interpreta\u00e7\u00e3o<\/strong><\/span><br \/><span style=\"color: #333333;\">Ariana Santos<br \/>Constan\u00e7a Antunes<br \/>Filipa Ara\u00fajo<br \/>Margarida Bezerra<\/span><\/p><p class=\"p1\" style=\"padding-left: 40px;\">\u00a0<\/p><\/div>\n\t\t\t\t<\/div>\n\t\t\t\t<\/div>\n\t\t\t\t\t\t<\/div>\n\t\t\t\t\t<\/div>\n\t\t<\/div>\n\t\t\t\t<div class=\"elementor-column elementor-col-50 elementor-top-column elementor-element elementor-element-3023c16c\" data-id=\"3023c16c\" data-element_type=\"column\">\n\t\t\t<div class=\"elementor-column-wrap elementor-element-populated\">\n\t\t\t\t\t\t\t<div class=\"elementor-widget-wrap\">\n\t\t\t\t\t\t<div class=\"elementor-element elementor-element-1b5536e0 elementor-widget elementor-widget-text-editor\" data-id=\"1b5536e0\" data-element_type=\"widget\" data-widget_type=\"text-editor.default\">\n\t\t\t\t<div class=\"elementor-widget-container\">\n\t\t\t\t\t<div class=\"elementor-text-editor elementor-clearfix\"><p class=\"p1\" style=\"padding-left: 40px;\"><span style=\"color: #333333;\"><strong>Ubasute<\/strong><\/span><\/p><p class=\"p1\" style=\"padding-left: 40px;\"><span style=\"color: #333333;\"><strong>Autora<\/strong><\/span><br \/><span style=\"color: #333333;\">Paula Carballeira<\/span><\/p><p class=\"p1\" style=\"padding-left: 40px;\"><span style=\"color: #333333;\"><strong>Direcci\u00f3n Art\u00edstica<\/strong><\/span><br \/><span style=\"color: #333333;\">Nuria Montero<\/span><\/p><p class=\"p1\" style=\"padding-left: 40px;\"><span style=\"color: #333333;\"><strong>Interpretaci\u00f3n<\/strong><\/span><br \/><span style=\"color: #333333;\">Raquel Caba\u00f1as<br \/>Carlos Gal\u00e1n Pardo<br \/>Telma Pazo Rodal<\/span><\/p><p class=\"p1\" style=\"padding-left: 40px;\"><span style=\"color: #333333;\"><strong>Colabora na Direcci\u00f3n<\/strong><br \/>Roberto V\u00e1zquez Fern\u00e1ndez<br \/><\/span><\/p><p class=\"p1\" style=\"padding-left: 40px;\"><span style=\"color: #333333;\"><strong>Producci\u00f3n<\/strong><br \/>ESAD de Galicia<br \/><\/span><\/p><p>\u00a0<\/p><p>\u00a0<\/p><\/div>\n\t\t\t\t<\/div>\n\t\t\t\t<\/div>\n\t\t\t\t\t\t<\/div>\n\t\t\t\t\t<\/div>\n\t\t<\/div>\n\t\t\t\t\t\t\t\t<\/div>\n\t\t\t\t\t<\/div>\n\t\t<\/section>\n\t\t\t\t<section class=\"elementor-section elementor-top-section elementor-element elementor-element-1a94f846 elementor-section-full_width elementor-section-stretched elementor-section-height-default elementor-section-height-default\" data-id=\"1a94f846\" data-element_type=\"section\" data-settings=\"{&quot;stretch_section&quot;:&quot;section-stretched&quot;,&quot;background_background&quot;:&quot;classic&quot;}\">\n\t\t\t\t\t\t<div class=\"elementor-container elementor-column-gap-default\">\n\t\t\t\t\t\t\t<div class=\"elementor-row\">\n\t\t\t\t\t<div class=\"elementor-column elementor-col-100 elementor-top-column elementor-element elementor-element-63d90af2\" data-id=\"63d90af2\" data-element_type=\"column\">\n\t\t\t<div class=\"elementor-column-wrap elementor-element-populated\">\n\t\t\t\t\t\t\t<div class=\"elementor-widget-wrap\">\n\t\t\t\t\t\t<div class=\"elementor-element elementor-element-659d1a21 elementor-widget elementor-widget-gallery\" data-id=\"659d1a21\" data-element_type=\"widget\" data-settings=\"{&quot;gallery_layout&quot;:&quot;masonry&quot;,&quot;columns&quot;:2,&quot;columns_tablet&quot;:3,&quot;columns_mobile&quot;:2,&quot;lazyload&quot;:&quot;yes&quot;,&quot;gap&quot;:{&quot;unit&quot;:&quot;px&quot;,&quot;size&quot;:10,&quot;sizes&quot;:[]},&quot;gap_tablet&quot;:{&quot;unit&quot;:&quot;px&quot;,&quot;size&quot;:10,&quot;sizes&quot;:[]},&quot;gap_mobile&quot;:{&quot;unit&quot;:&quot;px&quot;,&quot;size&quot;:10,&quot;sizes&quot;:[]},&quot;overlay_background&quot;:&quot;yes&quot;,&quot;content_hover_animation&quot;:&quot;fade-in&quot;}\" data-widget_type=\"gallery.default\">\n\t\t\t\t<div class=\"elementor-widget-container\">\n\t\t\t\t\t<div class=\"elementor-gallery__container\">\n\t\t\t\t\t\t\t<div class=\"e-gallery-item elementor-gallery-item elementor-animated-content\">\n\t\t\t\t\t<div class=\"e-gallery-image elementor-gallery-item__image\" data-thumbnail=\"http:\/\/thsc.pt\/wp-content\/uploads\/2020\/08\/thsc_2-768x432-1.jpg\" data-width=\"768\" data-height=\"432\" alt=\"\" ><\/div>\n\t\t\t\t\t\t\t\t\t\t<div class=\"elementor-gallery-item__overlay\"><\/div>\n\t\t\t\t\t\t\t\t\t\t\t\t\t\t<\/div>\n\t\t\t\t\t\t\t<div class=\"e-gallery-item elementor-gallery-item elementor-animated-content\">\n\t\t\t\t\t<div class=\"e-gallery-image elementor-gallery-item__image\" data-thumbnail=\"http:\/\/thsc.pt\/wp-content\/uploads\/2020\/08\/thsc1-1024x576.jpg\" data-width=\"1024\" data-height=\"576\" alt=\"\" ><\/div>\n\t\t\t\t\t\t\t\t\t\t<div class=\"elementor-gallery-item__overlay\"><\/div>\n\t\t\t\t\t\t\t\t\t\t\t\t\t\t<\/div>\n\t\t\t\t\t<\/div>\n\t\t\t<\/div>\n\t\t\t\t<\/div>\n\t\t\t\t\t\t<\/div>\n\t\t\t\t\t<\/div>\n\t\t<\/div>\n\t\t\t\t\t\t\t\t<\/div>\n\t\t\t\t\t<\/div>\n\t\t<\/section>\n\t\t\t\t\t\t<\/div>\n\t\t\t\t\t\t<\/div>\n\t\t\t\t\t<\/div>\n\t\t","protected":false},"excerpt":{"rendered":"<p>DRAMATURXIAS ITINERANTES\/ DRAMATURGIAS ITINERANTES 21 de novembro 2023 18h00 Entrada gratuita (at\u00e9 ao limite da lota\u00e7\u00e3o da sala) | Rua [&hellip;]<\/p>\n","protected":false},"author":3,"featured_media":4781,"parent":0,"menu_order":0,"comment_status":"closed","ping_status":"closed","template":"","meta":[],"_links":{"self":[{"href":"http:\/\/thsc.pt\/index.php?rest_route=\/wp\/v2\/pages\/4775"}],"collection":[{"href":"http:\/\/thsc.pt\/index.php?rest_route=\/wp\/v2\/pages"}],"about":[{"href":"http:\/\/thsc.pt\/index.php?rest_route=\/wp\/v2\/types\/page"}],"author":[{"embeddable":true,"href":"http:\/\/thsc.pt\/index.php?rest_route=\/wp\/v2\/users\/3"}],"replies":[{"embeddable":true,"href":"http:\/\/thsc.pt\/index.php?rest_route=%2Fwp%2Fv2%2Fcomments&post=4775"}],"version-history":[{"count":8,"href":"http:\/\/thsc.pt\/index.php?rest_route=\/wp\/v2\/pages\/4775\/revisions"}],"predecessor-version":[{"id":4796,"href":"http:\/\/thsc.pt\/index.php?rest_route=\/wp\/v2\/pages\/4775\/revisions\/4796"}],"wp:featuredmedia":[{"embeddable":true,"href":"http:\/\/thsc.pt\/index.php?rest_route=\/wp\/v2\/media\/4781"}],"wp:attachment":[{"href":"http:\/\/thsc.pt\/index.php?rest_route=%2Fwp%2Fv2%2Fmedia&parent=4775"}],"curies":[{"name":"wp","href":"https:\/\/api.w.org\/{rel}","templated":true}]}}