{"id":4744,"date":"2023-10-31T16:02:57","date_gmt":"2023-10-31T15:02:57","guid":{"rendered":"http:\/\/thsc.pt\/?page_id=4744"},"modified":"2023-11-17T22:20:20","modified_gmt":"2023-11-17T21:20:20","slug":"a-cauda-da-europa","status":"publish","type":"page","link":"http:\/\/thsc.pt\/?page_id=4744","title":{"rendered":"A Cauda da Europa"},"content":{"rendered":"\t\t<div data-elementor-type=\"wp-page\" data-elementor-id=\"4744\" class=\"elementor elementor-4744\" data-elementor-settings=\"[]\">\n\t\t\t\t\t\t<div class=\"elementor-inner\">\n\t\t\t\t\t\t\t<div class=\"elementor-section-wrap\">\n\t\t\t\t\t\t\t<section class=\"elementor-section elementor-top-section elementor-element elementor-element-56bbc026 elementor-section-height-min-height elementor-section-boxed elementor-section-height-default elementor-section-items-middle\" data-id=\"56bbc026\" data-element_type=\"section\" data-settings=\"{&quot;background_background&quot;:&quot;classic&quot;}\">\n\t\t\t\t\t\t\t<div class=\"elementor-background-overlay\"><\/div>\n\t\t\t\t\t\t\t<div class=\"elementor-container elementor-column-gap-default\">\n\t\t\t\t\t\t\t<div class=\"elementor-row\">\n\t\t\t\t\t<div class=\"elementor-column elementor-col-100 elementor-top-column elementor-element elementor-element-7e99e4d5\" data-id=\"7e99e4d5\" data-element_type=\"column\">\n\t\t\t<div class=\"elementor-column-wrap elementor-element-populated\">\n\t\t\t\t\t\t\t<div class=\"elementor-widget-wrap\">\n\t\t\t\t\t\t<div class=\"elementor-element elementor-element-68e987c8 elementor-widget elementor-widget-spacer\" data-id=\"68e987c8\" data-element_type=\"widget\" data-widget_type=\"spacer.default\">\n\t\t\t\t<div class=\"elementor-widget-container\">\n\t\t\t\t\t<div class=\"elementor-spacer\">\n\t\t\t<div class=\"elementor-spacer-inner\"><\/div>\n\t\t<\/div>\n\t\t\t\t<\/div>\n\t\t\t\t<\/div>\n\t\t\t\t<div class=\"elementor-element elementor-element-63425540 elementor-widget elementor-widget-heading\" data-id=\"63425540\" data-element_type=\"widget\" data-widget_type=\"heading.default\">\n\t\t\t\t<div class=\"elementor-widget-container\">\n\t\t\t<h1 class=\"elementor-heading-title elementor-size-large\"><a href=\"http:\/\/thsc.pt\/?page_id=4744\">A CAUDA DA EUROPA<\/a><\/h1>\t\t<\/div>\n\t\t\t\t<\/div>\n\t\t\t\t<div class=\"elementor-element elementor-element-29ee8018 elementor-widget elementor-widget-text-editor\" data-id=\"29ee8018\" data-element_type=\"widget\" data-widget_type=\"text-editor.default\">\n\t\t\t\t<div class=\"elementor-widget-container\">\n\t\t\t\t\t<div class=\"elementor-text-editor elementor-clearfix\"><h2><span style=\"color: #ffffff;\"><strong>19 de novembro 2023<\/strong><\/span><\/h2><p><strong><span style=\"color: #ffffff;\">17h00<\/span><\/strong><\/p><\/div>\n\t\t\t\t<\/div>\n\t\t\t\t<\/div>\n\t\t\t\t<section class=\"elementor-section elementor-inner-section elementor-element elementor-element-53d1a04c elementor-section-content-middle elementor-section-boxed elementor-section-height-default elementor-section-height-default\" data-id=\"53d1a04c\" data-element_type=\"section\">\n\t\t\t\t\t\t<div class=\"elementor-container elementor-column-gap-extended\">\n\t\t\t\t\t\t\t<div class=\"elementor-row\">\n\t\t\t\t\t<div class=\"elementor-column elementor-col-100 elementor-inner-column elementor-element elementor-element-14b994e3\" data-id=\"14b994e3\" data-element_type=\"column\">\n\t\t\t<div class=\"elementor-column-wrap elementor-element-populated\">\n\t\t\t\t\t\t\t<div class=\"elementor-widget-wrap\">\n\t\t\t\t\t\t<div class=\"elementor-element elementor-element-bfadf97 elementor-widget elementor-widget-text-editor\" data-id=\"bfadf97\" data-element_type=\"widget\" data-widget_type=\"text-editor.default\">\n\t\t\t\t<div class=\"elementor-widget-container\">\n\t\t\t\t\t<div class=\"elementor-text-editor elementor-clearfix\"><h5><span style=\"color: #ffffff;\"><b><span style=\"font-family: var( --e-global-typography-text-font-family );\">M\/12 |\u00a0 BILHETES : 3,50 a 5,00 euros\u00a0<\/span><\/b><\/span><\/h5><\/div>\n\t\t\t\t<\/div>\n\t\t\t\t<\/div>\n\t\t\t\t\t\t<\/div>\n\t\t\t\t\t<\/div>\n\t\t<\/div>\n\t\t\t\t\t\t\t\t<\/div>\n\t\t\t\t\t<\/div>\n\t\t<\/section>\n\t\t\t\t\t\t<\/div>\n\t\t\t\t\t<\/div>\n\t\t<\/div>\n\t\t\t\t\t\t\t\t<\/div>\n\t\t\t\t\t<\/div>\n\t\t<\/section>\n\t\t\t\t<section class=\"elementor-section elementor-top-section elementor-element elementor-element-178f4b9b elementor-section-boxed elementor-section-height-default elementor-section-height-default\" data-id=\"178f4b9b\" data-element_type=\"section\" data-settings=\"{&quot;background_background&quot;:&quot;classic&quot;}\">\n\t\t\t\t\t\t<div class=\"elementor-container elementor-column-gap-default\">\n\t\t\t\t\t\t\t<div class=\"elementor-row\">\n\t\t\t\t\t<div class=\"elementor-column elementor-col-50 elementor-top-column elementor-element elementor-element-2d59e31\" data-id=\"2d59e31\" data-element_type=\"column\">\n\t\t\t<div class=\"elementor-column-wrap elementor-element-populated\">\n\t\t\t\t\t\t\t<div class=\"elementor-widget-wrap\">\n\t\t\t\t\t\t<div class=\"elementor-element elementor-element-aafc6a9 elementor-widget elementor-widget-spacer\" data-id=\"aafc6a9\" data-element_type=\"widget\" data-widget_type=\"spacer.default\">\n\t\t\t\t<div class=\"elementor-widget-container\">\n\t\t\t\t\t<div class=\"elementor-spacer\">\n\t\t\t<div class=\"elementor-spacer-inner\"><\/div>\n\t\t<\/div>\n\t\t\t\t<\/div>\n\t\t\t\t<\/div>\n\t\t\t\t<div class=\"elementor-element elementor-element-7292e048 elementor-widget elementor-widget-text-editor\" data-id=\"7292e048\" data-element_type=\"widget\" data-widget_type=\"text-editor.default\">\n\t\t\t\t<div class=\"elementor-widget-container\">\n\t\t\t\t\t<div class=\"elementor-text-editor elementor-clearfix\"><p>Para estas pessoas, todos os dias s\u00e3o o mesmo dia. E o dia vai sempre a meio. Quer-se come\u00e7ar e vai-se sempre a meio de alguma coisa, de uma Hist\u00f3ria, de um movimento, a meio de um trajeto, no meio do nada, a meio de um jantar familiar alternativo.<br \/>Todos t\u00eam idades id\u00eanticas e conservam-se jovens. Ainda. O pior \u00e9 que o lugar est\u00e1 a abarrotar de gente e, por mais que se esforcem, nunca h\u00e1 espa\u00e7o suficiente para tanto ser vivo. Sinal dos tempos, pegada do sistema. O que \u00e9 que se faz a tantas pessoas, como \u00e9 que se lida com tanta juventude? Entretanto, h\u00e1 mais a chegar e come\u00e7a a ficar apertado existir. A casa fica pelas costuras, sua. E isso \u00e9 um problema. Mas ter um problema \u00e9 \u00f3timo. Nesta idade, \u00e9 \u00f3timo! Basta escolher qual o problema mais favor\u00e1vel para resolver. Ou a melhor maneira de os arranjar, j\u00e1 que aqui os problemas s\u00e3o inevit\u00e1veis. \u00c9 preciso escancarar, adicionar divis\u00f5es \u00e0 casa, aumentar dimens\u00f5es.<br \/>Pode ser que a\u00ed se amplie o horizonte. Pode ser que a\u00ed j\u00e1 caiba toda a gente.<br \/>Talvez seja preciso uma inven\u00e7\u00e3o: chamaram-lhe Cauda da Europa. Um grito de transforma\u00e7\u00e3o, neste sarilho que \u00e9 o espa\u00e7o comum onde o Tuga habita.<\/p><\/div>\n\t\t\t\t<\/div>\n\t\t\t\t<\/div>\n\t\t\t\t\t\t<\/div>\n\t\t\t\t\t<\/div>\n\t\t<\/div>\n\t\t\t\t<div class=\"elementor-column elementor-col-50 elementor-top-column elementor-element elementor-element-52100ae9\" data-id=\"52100ae9\" data-element_type=\"column\" data-settings=\"{&quot;background_background&quot;:&quot;classic&quot;}\">\n\t\t\t<div class=\"elementor-column-wrap elementor-element-populated\">\n\t\t\t\t\t<div class=\"elementor-background-overlay\"><\/div>\n\t\t\t\t\t\t\t<div class=\"elementor-widget-wrap\">\n\t\t\t\t\t\t<div class=\"elementor-element elementor-element-4bf94d9 elementor-widget elementor-widget-image\" data-id=\"4bf94d9\" data-element_type=\"widget\" data-widget_type=\"image.default\">\n\t\t\t\t<div class=\"elementor-widget-container\">\n\t\t\t\t\t<div class=\"elementor-image\">\n\t\t\t\t\t\t\t\t\t\t<img width=\"724\" height=\"1024\" src=\"http:\/\/thsc.pt\/wp-content\/uploads\/2023\/11\/cartaz-1-724x1024.jpg\" class=\"attachment-large size-large\" alt=\"\" decoding=\"async\" loading=\"lazy\" srcset=\"http:\/\/thsc.pt\/wp-content\/uploads\/2023\/11\/cartaz-1-724x1024.jpg 724w, http:\/\/thsc.pt\/wp-content\/uploads\/2023\/11\/cartaz-1-212x300.jpg 212w, http:\/\/thsc.pt\/wp-content\/uploads\/2023\/11\/cartaz-1-768x1086.jpg 768w, http:\/\/thsc.pt\/wp-content\/uploads\/2023\/11\/cartaz-1-1086x1536.jpg 1086w, http:\/\/thsc.pt\/wp-content\/uploads\/2023\/11\/cartaz-1-1448x2048.jpg 1448w, http:\/\/thsc.pt\/wp-content\/uploads\/2023\/11\/cartaz-1.jpg 1754w\" sizes=\"(max-width: 724px) 100vw, 724px\" \/>\t\t\t\t\t\t\t\t\t\t\t<\/div>\n\t\t\t\t<\/div>\n\t\t\t\t<\/div>\n\t\t\t\t\t\t<\/div>\n\t\t\t\t\t<\/div>\n\t\t<\/div>\n\t\t\t\t\t\t\t\t<\/div>\n\t\t\t\t\t<\/div>\n\t\t<\/section>\n\t\t\t\t<section class=\"elementor-section elementor-top-section elementor-element elementor-element-64368910 elementor-section-boxed elementor-section-height-default elementor-section-height-default\" data-id=\"64368910\" data-element_type=\"section\" data-settings=\"{&quot;background_background&quot;:&quot;classic&quot;}\">\n\t\t\t\t\t\t<div class=\"elementor-container elementor-column-gap-default\">\n\t\t\t\t\t\t\t<div class=\"elementor-row\">\n\t\t\t\t\t\t\t\t\t<\/div>\n\t\t\t\t\t<\/div>\n\t\t<\/section>\n\t\t\t\t<section class=\"elementor-section elementor-top-section elementor-element elementor-element-4e590aec elementor-section-full_width elementor-section-height-min-height elementor-section-height-default elementor-section-items-middle\" data-id=\"4e590aec\" data-element_type=\"section\" data-settings=\"{&quot;background_background&quot;:&quot;classic&quot;}\">\n\t\t\t\t\t\t<div class=\"elementor-container elementor-column-gap-no\">\n\t\t\t\t\t\t\t<div class=\"elementor-row\">\n\t\t\t\t\t<div class=\"elementor-column elementor-col-50 elementor-top-column elementor-element elementor-element-225cc22b\" data-id=\"225cc22b\" data-element_type=\"column\">\n\t\t\t<div class=\"elementor-column-wrap elementor-element-populated\">\n\t\t\t\t\t\t\t<div class=\"elementor-widget-wrap\">\n\t\t\t\t\t\t<div class=\"elementor-element elementor-element-70eaf1a9 elementor-widget elementor-widget-text-editor\" data-id=\"70eaf1a9\" data-element_type=\"widget\" data-widget_type=\"text-editor.default\">\n\t\t\t\t<div class=\"elementor-widget-container\">\n\t\t\t\t\t<div class=\"elementor-text-editor elementor-clearfix\"><blockquote><p class=\"p1\"><span style=\"color: #333333;\"><strong>Equipa Criativa e Art\u00edstica<\/strong><\/span><\/p><\/blockquote><p><span style=\"color: #000000;\"><strong>Texto e Encena\u00e7\u00e3o<\/strong><br \/>Ivo Saraiva e Silva<\/span><\/p><p><span style=\"color: #000000;\"><strong>Interpreta\u00e7\u00e3o<\/strong><br \/>Alunos do 3\u00ba ano do curso de dan\u00e7a do Balleteatro Escola <\/span><span style=\"color: #000000;\">Profissional<\/span><\/p><p><span style=\"color: #000000;\"><strong>Cartaz e Ilustra\u00e7\u00f5es<\/strong><br \/>Jos\u00e9 Cruz<\/span><\/p><\/div>\n\t\t\t\t<\/div>\n\t\t\t\t<\/div>\n\t\t\t\t\t\t<\/div>\n\t\t\t\t\t<\/div>\n\t\t<\/div>\n\t\t\t\t<div class=\"elementor-column elementor-col-50 elementor-top-column elementor-element elementor-element-490c1322\" data-id=\"490c1322\" data-element_type=\"column\">\n\t\t\t<div class=\"elementor-column-wrap elementor-element-populated\">\n\t\t\t\t\t\t\t<div class=\"elementor-widget-wrap\">\n\t\t\t\t\t\t<div class=\"elementor-element elementor-element-12da49cc elementor-widget elementor-widget-text-editor\" data-id=\"12da49cc\" data-element_type=\"widget\" data-widget_type=\"text-editor.default\">\n\t\t\t\t<div class=\"elementor-widget-container\">\n\t\t\t\t\t<div class=\"elementor-text-editor elementor-clearfix\"><p><span style=\"color: #000000;\"><strong>Apoio ao movimento<\/strong><br \/>Carlos Silva<\/span><\/p><p><span style=\"color: #000000;\"><strong>Apoio \u00e0 can\u00e7\u00e3o\u00a0<em>A Letter To Daddy<br \/><\/em><\/strong>Paulo Ferreira<\/span><\/p><p><span style=\"color: #000000;\"><strong>Apoio \u00e0 cenografia e adere\u00e7os<\/strong><br \/>Monteiro Silva<\/span><\/p><p><span style=\"color: #000000;\"><strong>Interpreta\u00e7\u00e3o e grava\u00e7\u00e3o da can\u00e7\u00e3o <em>A Letter To Daddy<br \/><\/em><\/strong>Pedro Santos<\/span><\/p><p>\u00a0<\/p><p>\u00a0<\/p><\/div>\n\t\t\t\t<\/div>\n\t\t\t\t<\/div>\n\t\t\t\t\t\t<\/div>\n\t\t\t\t\t<\/div>\n\t\t<\/div>\n\t\t\t\t\t\t\t\t<\/div>\n\t\t\t\t\t<\/div>\n\t\t<\/section>\n\t\t\t\t<section class=\"elementor-section elementor-top-section elementor-element elementor-element-68c800ba elementor-section-full_width elementor-section-stretched elementor-section-height-default elementor-section-height-default\" data-id=\"68c800ba\" data-element_type=\"section\" data-settings=\"{&quot;stretch_section&quot;:&quot;section-stretched&quot;,&quot;background_background&quot;:&quot;classic&quot;}\">\n\t\t\t\t\t\t<div class=\"elementor-container elementor-column-gap-default\">\n\t\t\t\t\t\t\t<div class=\"elementor-row\">\n\t\t\t\t\t<div class=\"elementor-column elementor-col-100 elementor-top-column elementor-element elementor-element-3af476aa\" data-id=\"3af476aa\" data-element_type=\"column\">\n\t\t\t<div class=\"elementor-column-wrap elementor-element-populated\">\n\t\t\t\t\t\t\t<div class=\"elementor-widget-wrap\">\n\t\t\t\t\t\t<div class=\"elementor-element elementor-element-a6feb15 elementor-widget elementor-widget-gallery\" data-id=\"a6feb15\" data-element_type=\"widget\" data-settings=\"{&quot;gallery_layout&quot;:&quot;masonry&quot;,&quot;columns&quot;:2,&quot;columns_tablet&quot;:3,&quot;columns_mobile&quot;:2,&quot;lazyload&quot;:&quot;yes&quot;,&quot;gap&quot;:{&quot;unit&quot;:&quot;px&quot;,&quot;size&quot;:10,&quot;sizes&quot;:[]},&quot;gap_tablet&quot;:{&quot;unit&quot;:&quot;px&quot;,&quot;size&quot;:10,&quot;sizes&quot;:[]},&quot;gap_mobile&quot;:{&quot;unit&quot;:&quot;px&quot;,&quot;size&quot;:10,&quot;sizes&quot;:[]},&quot;overlay_background&quot;:&quot;yes&quot;,&quot;content_hover_animation&quot;:&quot;fade-in&quot;}\" data-widget_type=\"gallery.default\">\n\t\t\t\t<div class=\"elementor-widget-container\">\n\t\t\t\t\t<div class=\"elementor-gallery__container\">\n\t\t\t\t\t\t\t<div class=\"e-gallery-item elementor-gallery-item elementor-animated-content\">\n\t\t\t\t\t<div class=\"e-gallery-image elementor-gallery-item__image\" data-thumbnail=\"http:\/\/thsc.pt\/wp-content\/uploads\/2020\/08\/thsc_2-768x432-1.jpg\" data-width=\"768\" data-height=\"432\" alt=\"\" ><\/div>\n\t\t\t\t\t\t\t\t\t\t<div class=\"elementor-gallery-item__overlay\"><\/div>\n\t\t\t\t\t\t\t\t\t\t\t\t\t\t<\/div>\n\t\t\t\t\t\t\t<div class=\"e-gallery-item elementor-gallery-item elementor-animated-content\">\n\t\t\t\t\t<div class=\"e-gallery-image elementor-gallery-item__image\" data-thumbnail=\"http:\/\/thsc.pt\/wp-content\/uploads\/2020\/08\/thsc1-1024x576.jpg\" data-width=\"1024\" data-height=\"576\" alt=\"\" ><\/div>\n\t\t\t\t\t\t\t\t\t\t<div class=\"elementor-gallery-item__overlay\"><\/div>\n\t\t\t\t\t\t\t\t\t\t\t\t\t\t<\/div>\n\t\t\t\t\t<\/div>\n\t\t\t<\/div>\n\t\t\t\t<\/div>\n\t\t\t\t\t\t<\/div>\n\t\t\t\t\t<\/div>\n\t\t<\/div>\n\t\t\t\t\t\t\t\t<\/div>\n\t\t\t\t\t<\/div>\n\t\t<\/section>\n\t\t\t\t\t\t<\/div>\n\t\t\t\t\t\t<\/div>\n\t\t\t\t\t<\/div>\n\t\t","protected":false},"excerpt":{"rendered":"<p>A CAUDA DA EUROPA 19 de novembro 2023 17h00 M\/12 |\u00a0 BILHETES : 3,50 a 5,00 euros\u00a0 Para estas pessoas, [&hellip;]<\/p>\n","protected":false},"author":3,"featured_media":4746,"parent":0,"menu_order":0,"comment_status":"closed","ping_status":"closed","template":"","meta":[],"_links":{"self":[{"href":"http:\/\/thsc.pt\/index.php?rest_route=\/wp\/v2\/pages\/4744"}],"collection":[{"href":"http:\/\/thsc.pt\/index.php?rest_route=\/wp\/v2\/pages"}],"about":[{"href":"http:\/\/thsc.pt\/index.php?rest_route=\/wp\/v2\/types\/page"}],"author":[{"embeddable":true,"href":"http:\/\/thsc.pt\/index.php?rest_route=\/wp\/v2\/users\/3"}],"replies":[{"embeddable":true,"href":"http:\/\/thsc.pt\/index.php?rest_route=%2Fwp%2Fv2%2Fcomments&post=4744"}],"version-history":[{"count":6,"href":"http:\/\/thsc.pt\/index.php?rest_route=\/wp\/v2\/pages\/4744\/revisions"}],"predecessor-version":[{"id":4797,"href":"http:\/\/thsc.pt\/index.php?rest_route=\/wp\/v2\/pages\/4744\/revisions\/4797"}],"wp:featuredmedia":[{"embeddable":true,"href":"http:\/\/thsc.pt\/index.php?rest_route=\/wp\/v2\/media\/4746"}],"wp:attachment":[{"href":"http:\/\/thsc.pt\/index.php?rest_route=%2Fwp%2Fv2%2Fmedia&parent=4744"}],"curies":[{"name":"wp","href":"https:\/\/api.w.org\/{rel}","templated":true}]}}