{"id":4624,"date":"2023-09-26T12:08:07","date_gmt":"2023-09-26T11:08:07","guid":{"rendered":"http:\/\/thsc.pt\/?page_id=4624"},"modified":"2023-09-26T15:17:40","modified_gmt":"2023-09-26T14:17:40","slug":"mulheres-de-shakespeare","status":"publish","type":"page","link":"http:\/\/thsc.pt\/?page_id=4624","title":{"rendered":"Mulheres de Shakespeare"},"content":{"rendered":"\t\t<div data-elementor-type=\"wp-page\" data-elementor-id=\"4624\" class=\"elementor elementor-4624\" data-elementor-settings=\"[]\">\n\t\t\t\t\t\t<div class=\"elementor-inner\">\n\t\t\t\t\t\t\t<div class=\"elementor-section-wrap\">\n\t\t\t\t\t\t\t<section class=\"elementor-section elementor-top-section elementor-element elementor-element-562ebbd4 elementor-section-height-min-height elementor-section-boxed elementor-section-height-default elementor-section-items-middle\" data-id=\"562ebbd4\" data-element_type=\"section\" data-settings=\"{&quot;background_background&quot;:&quot;classic&quot;}\">\n\t\t\t\t\t\t\t<div class=\"elementor-background-overlay\"><\/div>\n\t\t\t\t\t\t\t<div class=\"elementor-container elementor-column-gap-default\">\n\t\t\t\t\t\t\t<div class=\"elementor-row\">\n\t\t\t\t\t<div class=\"elementor-column elementor-col-100 elementor-top-column elementor-element elementor-element-38feafe5\" data-id=\"38feafe5\" data-element_type=\"column\">\n\t\t\t<div class=\"elementor-column-wrap elementor-element-populated\">\n\t\t\t\t\t\t\t<div class=\"elementor-widget-wrap\">\n\t\t\t\t\t\t<div class=\"elementor-element elementor-element-793053d4 elementor-widget elementor-widget-spacer\" data-id=\"793053d4\" data-element_type=\"widget\" data-widget_type=\"spacer.default\">\n\t\t\t\t<div class=\"elementor-widget-container\">\n\t\t\t\t\t<div class=\"elementor-spacer\">\n\t\t\t<div class=\"elementor-spacer-inner\"><\/div>\n\t\t<\/div>\n\t\t\t\t<\/div>\n\t\t\t\t<\/div>\n\t\t\t\t<div class=\"elementor-element elementor-element-6b75c7d0 elementor-widget elementor-widget-heading\" data-id=\"6b75c7d0\" data-element_type=\"widget\" data-widget_type=\"heading.default\">\n\t\t\t\t<div class=\"elementor-widget-container\">\n\t\t\t<h1 class=\"elementor-heading-title elementor-size-large\">Mulheres de Shakespeare<\/h1>\t\t<\/div>\n\t\t\t\t<\/div>\n\t\t\t\t<div class=\"elementor-element elementor-element-54fcdb4c elementor-widget elementor-widget-heading\" data-id=\"54fcdb4c\" data-element_type=\"widget\" data-widget_type=\"heading.default\">\n\t\t\t\t<div class=\"elementor-widget-container\">\n\t\t\t<h3 class=\"elementor-heading-title elementor-size-medium\">ENSEMBLE DE ATORES<\/h3>\t\t<\/div>\n\t\t\t\t<\/div>\n\t\t\t\t<div class=\"elementor-element elementor-element-483e1ad5 elementor-widget elementor-widget-text-editor\" data-id=\"483e1ad5\" data-element_type=\"widget\" data-widget_type=\"text-editor.default\">\n\t\t\t\t<div class=\"elementor-widget-container\">\n\t\t\t\t\t<div class=\"elementor-text-editor elementor-clearfix\"><h2><span style=\"color: #ffffff;\"><strong>11 a 14 outubro 2023<\/strong><\/span><\/h2><p><span style=\"color: #ffffff;\">21h30\u00a0<\/span><\/p><\/div>\n\t\t\t\t<\/div>\n\t\t\t\t<\/div>\n\t\t\t\t<section class=\"elementor-section elementor-inner-section elementor-element elementor-element-76e40589 elementor-section-content-middle elementor-section-boxed elementor-section-height-default elementor-section-height-default\" data-id=\"76e40589\" data-element_type=\"section\">\n\t\t\t\t\t\t<div class=\"elementor-container elementor-column-gap-extended\">\n\t\t\t\t\t\t\t<div class=\"elementor-row\">\n\t\t\t\t\t<div class=\"elementor-column elementor-col-100 elementor-inner-column elementor-element elementor-element-19414523\" data-id=\"19414523\" data-element_type=\"column\">\n\t\t\t<div class=\"elementor-column-wrap elementor-element-populated\">\n\t\t\t\t\t\t\t<div class=\"elementor-widget-wrap\">\n\t\t\t\t\t\t<div class=\"elementor-element elementor-element-34eb8df9 elementor-widget elementor-widget-text-editor\" data-id=\"34eb8df9\" data-element_type=\"widget\" data-widget_type=\"text-editor.default\">\n\t\t\t\t<div class=\"elementor-widget-container\">\n\t\t\t\t\t<div class=\"elementor-text-editor elementor-clearfix\"><h5><span style=\"color: #ffffff;\"><b><span style=\"font-family: var( --e-global-typography-text-font-family );\">M\/14 |\u00a0 BILHETES : 3,00 a 10,00\u20ac\u00a0<\/span><\/b><\/span><\/h5><\/div>\n\t\t\t\t<\/div>\n\t\t\t\t<\/div>\n\t\t\t\t\t\t<\/div>\n\t\t\t\t\t<\/div>\n\t\t<\/div>\n\t\t\t\t\t\t\t\t<\/div>\n\t\t\t\t\t<\/div>\n\t\t<\/section>\n\t\t\t\t\t\t<\/div>\n\t\t\t\t\t<\/div>\n\t\t<\/div>\n\t\t\t\t\t\t\t\t<\/div>\n\t\t\t\t\t<\/div>\n\t\t<\/section>\n\t\t\t\t<section class=\"elementor-section elementor-top-section elementor-element elementor-element-6b6ca257 elementor-section-boxed elementor-section-height-default elementor-section-height-default\" data-id=\"6b6ca257\" data-element_type=\"section\" data-settings=\"{&quot;background_background&quot;:&quot;classic&quot;}\">\n\t\t\t\t\t\t<div class=\"elementor-container elementor-column-gap-default\">\n\t\t\t\t\t\t\t<div class=\"elementor-row\">\n\t\t\t\t\t<div class=\"elementor-column elementor-col-33 elementor-top-column elementor-element elementor-element-208f5b6c\" data-id=\"208f5b6c\" data-element_type=\"column\">\n\t\t\t<div class=\"elementor-column-wrap elementor-element-populated\">\n\t\t\t\t\t\t\t<div class=\"elementor-widget-wrap\">\n\t\t\t\t\t\t<div class=\"elementor-element elementor-element-318f3e2 elementor-widget elementor-widget-spacer\" data-id=\"318f3e2\" data-element_type=\"widget\" data-widget_type=\"spacer.default\">\n\t\t\t\t<div class=\"elementor-widget-container\">\n\t\t\t\t\t<div class=\"elementor-spacer\">\n\t\t\t<div class=\"elementor-spacer-inner\"><\/div>\n\t\t<\/div>\n\t\t\t\t<\/div>\n\t\t\t\t<\/div>\n\t\t\t\t<div class=\"elementor-element elementor-element-30d20019 elementor-widget elementor-widget-text-editor\" data-id=\"30d20019\" data-element_type=\"widget\" data-widget_type=\"text-editor.default\">\n\t\t\t\t<div class=\"elementor-widget-container\">\n\t\t\t\t\t<div class=\"elementor-text-editor elementor-clearfix\"><p>Os pap\u00e9is femininos s\u00e3o marcantes nas obras de Shakespeare. Embora relegadas para segundo plano, por conting\u00eancias certamente mais sociais que dramat\u00fargicas, o autor ingl\u00eas mostra-nos, apesar de tudo, como influenciam de forma decisiva as decis\u00f5es dos homens, que se assumem como centro de decis\u00e3o e poder.<\/p><p>Afinal, o que representa e qual a relev\u00e2ncia do esp\u00edrito feminino na obra de Shakespeare e como se define num contexto assumidamente masculino que impedia as pr\u00f3prias mulheres de se apresentarem em cena? Ser\u00e1 somente um contraponto que permite justificar as a\u00e7\u00f5es dos homens ou, por outro lado, o seu enaltecimento \u00e9 assumido pelo bardo como uma esp\u00e9cie de \u201cfuga \u00e0 censura\u201d e \u00e0s conting\u00eancias pol\u00edticas e sociais da sua \u00e9poca?<\/p><p>Recorrendo a uma \u00fanica atriz em cena que se apresenta como esp\u00edrito do feminino &#8211; convocando diversas personagens e personalidades &#8211; procuramos analisar a quest\u00e3o da presen\u00e7a da mulher no \u00e2mbito da dramaturgia shakespeariana. Al\u00e9m de Em\u00edlia Silvestre, que dar\u00e1 corpo e voz \u00e0s mulheres de Shakespeare, e de Sofia Fernandes, que cantar\u00e1 alguns dos sonetos, contamos com a dramaturgia de F\u00e1tima Vieira e Matilde Real, grandes conhecedoras das obras e tem\u00e1ticas shakespearianas refor\u00e7ando, desta forma, o trabalho sobre a quest\u00e3o do feminino que determina a realiza\u00e7\u00e3o do projeto.<\/p><\/div>\n\t\t\t\t<\/div>\n\t\t\t\t<\/div>\n\t\t\t\t\t\t<\/div>\n\t\t\t\t\t<\/div>\n\t\t<\/div>\n\t\t\t\t<div class=\"elementor-column elementor-col-33 elementor-top-column elementor-element elementor-element-6f27f2cc\" data-id=\"6f27f2cc\" data-element_type=\"column\" data-settings=\"{&quot;background_background&quot;:&quot;classic&quot;}\">\n\t\t\t<div class=\"elementor-column-wrap elementor-element-populated\">\n\t\t\t\t\t<div class=\"elementor-background-overlay\"><\/div>\n\t\t\t\t\t\t\t<div class=\"elementor-widget-wrap\">\n\t\t\t\t\t\t<div class=\"elementor-element elementor-element-732fc81 elementor-widget elementor-widget-spacer\" data-id=\"732fc81\" data-element_type=\"widget\" data-widget_type=\"spacer.default\">\n\t\t\t\t<div class=\"elementor-widget-container\">\n\t\t\t\t\t<div class=\"elementor-spacer\">\n\t\t\t<div class=\"elementor-spacer-inner\"><\/div>\n\t\t<\/div>\n\t\t\t\t<\/div>\n\t\t\t\t<\/div>\n\t\t\t\t\t\t<\/div>\n\t\t\t\t\t<\/div>\n\t\t<\/div>\n\t\t\t\t<div class=\"elementor-column elementor-col-33 elementor-top-column elementor-element elementor-element-26b1ea60\" data-id=\"26b1ea60\" data-element_type=\"column\" data-settings=\"{&quot;background_background&quot;:&quot;classic&quot;}\">\n\t\t\t<div class=\"elementor-column-wrap elementor-element-populated\">\n\t\t\t\t\t<div class=\"elementor-background-overlay\"><\/div>\n\t\t\t\t\t\t\t<div class=\"elementor-widget-wrap\">\n\t\t\t\t\t\t<div class=\"elementor-element elementor-element-fd65ba3 elementor-widget elementor-widget-spacer\" data-id=\"fd65ba3\" data-element_type=\"widget\" data-widget_type=\"spacer.default\">\n\t\t\t\t<div class=\"elementor-widget-container\">\n\t\t\t\t\t<div class=\"elementor-spacer\">\n\t\t\t<div class=\"elementor-spacer-inner\"><\/div>\n\t\t<\/div>\n\t\t\t\t<\/div>\n\t\t\t\t<\/div>\n\t\t\t\t<div class=\"elementor-element elementor-element-1a124c5 elementor-widget elementor-widget-image\" data-id=\"1a124c5\" data-element_type=\"widget\" data-widget_type=\"image.default\">\n\t\t\t\t<div class=\"elementor-widget-container\">\n\t\t\t\t\t<div class=\"elementor-image\">\n\t\t\t\t\t\t\t\t\t\t<img width=\"576\" height=\"1024\" src=\"http:\/\/thsc.pt\/wp-content\/uploads\/2023\/09\/Ensemble-1-576x1024.png\" class=\"attachment-large size-large\" alt=\"\" decoding=\"async\" loading=\"lazy\" srcset=\"http:\/\/thsc.pt\/wp-content\/uploads\/2023\/09\/Ensemble-1-576x1024.png 576w, http:\/\/thsc.pt\/wp-content\/uploads\/2023\/09\/Ensemble-1-169x300.png 169w, http:\/\/thsc.pt\/wp-content\/uploads\/2023\/09\/Ensemble-1-768x1365.png 768w, http:\/\/thsc.pt\/wp-content\/uploads\/2023\/09\/Ensemble-1-864x1536.png 864w, http:\/\/thsc.pt\/wp-content\/uploads\/2023\/09\/Ensemble-1-1152x2048.png 1152w\" sizes=\"(max-width: 576px) 100vw, 576px\" \/>\t\t\t\t\t\t\t\t\t\t\t<\/div>\n\t\t\t\t<\/div>\n\t\t\t\t<\/div>\n\t\t\t\t\t\t<\/div>\n\t\t\t\t\t<\/div>\n\t\t<\/div>\n\t\t\t\t\t\t\t\t<\/div>\n\t\t\t\t\t<\/div>\n\t\t<\/section>\n\t\t\t\t<section class=\"elementor-section elementor-top-section elementor-element elementor-element-3dbfc22c elementor-section-boxed elementor-section-height-default elementor-section-height-default\" data-id=\"3dbfc22c\" data-element_type=\"section\" data-settings=\"{&quot;background_background&quot;:&quot;classic&quot;}\">\n\t\t\t\t\t\t<div class=\"elementor-container elementor-column-gap-default\">\n\t\t\t\t\t\t\t<div class=\"elementor-row\">\n\t\t\t\t\t\t\t\t\t<\/div>\n\t\t\t\t\t<\/div>\n\t\t<\/section>\n\t\t\t\t<section class=\"elementor-section elementor-top-section elementor-element elementor-element-70f67530 elementor-section-full_width elementor-section-height-min-height elementor-section-height-default elementor-section-items-middle\" data-id=\"70f67530\" data-element_type=\"section\" data-settings=\"{&quot;background_background&quot;:&quot;classic&quot;}\">\n\t\t\t\t\t\t<div class=\"elementor-container elementor-column-gap-no\">\n\t\t\t\t\t\t\t<div class=\"elementor-row\">\n\t\t\t\t\t<div class=\"elementor-column elementor-col-50 elementor-top-column elementor-element elementor-element-7fccab60\" data-id=\"7fccab60\" data-element_type=\"column\">\n\t\t\t<div class=\"elementor-column-wrap elementor-element-populated\">\n\t\t\t\t\t\t\t<div class=\"elementor-widget-wrap\">\n\t\t\t\t\t\t<div class=\"elementor-element elementor-element-5f602679 elementor-widget elementor-widget-text-editor\" data-id=\"5f602679\" data-element_type=\"widget\" data-widget_type=\"text-editor.default\">\n\t\t\t\t<div class=\"elementor-widget-container\">\n\t\t\t\t\t<div class=\"elementor-text-editor elementor-clearfix\"><blockquote><p class=\"p1\"><span style=\"color: #333333;\"><strong>Ficha T\u00e9cnica<\/strong><\/span><\/p><\/blockquote><p><span style=\"color: #000000;\"><strong>Dramaturgia<\/strong><\/span><br \/><span style=\"color: #000000;\">F\u00e1tima Vieira<\/span><br \/><span style=\"color: #000000;\">Matilde Real<\/span><\/p><p><span style=\"color: #000000;\"><strong>Encena\u00e7\u00e3o e cenografia<\/strong><\/span><br \/><span style=\"color: #000000;\">Carlos Pimenta<\/span><\/p><p><span style=\"color: #000000;\"><strong>Desenho de luz<\/strong><\/span><br \/><span style=\"color: #000000;\">Rui Monteiro<\/span><\/p><p><span style=\"color: #000000;\"><strong>M\u00fasica e desenho de som<\/strong><\/span><br \/><span style=\"color: #000000;\">Ricardo Pinto<\/span><\/p><p><span style=\"color: #000000;\"><strong>V\u00eddeo<\/strong><\/span><br \/><span style=\"color: #000000;\">Jo\u00e3o Pedro Fonseca<\/span><\/p><p><span style=\"color: #000000;\"><strong>Figurinos<\/strong><\/span><br \/><span style=\"color: #000000;\">Bernardo Monteiro<\/span><\/p><p><span style=\"color: #000000;\"><strong>Interpreta\u00e7\u00e3o<\/strong><\/span><br \/><span style=\"color: #000000;\">Em\u00edlia Silvestre<\/span><br \/><span style=\"color: #000000;\">Sofia Fernandes<\/span><\/p><\/div>\n\t\t\t\t<\/div>\n\t\t\t\t<\/div>\n\t\t\t\t\t\t<\/div>\n\t\t\t\t\t<\/div>\n\t\t<\/div>\n\t\t\t\t<div class=\"elementor-column elementor-col-50 elementor-top-column elementor-element elementor-element-6d9b671\" data-id=\"6d9b671\" data-element_type=\"column\">\n\t\t\t<div class=\"elementor-column-wrap elementor-element-populated\">\n\t\t\t\t\t\t\t<div class=\"elementor-widget-wrap\">\n\t\t\t\t\t\t<div class=\"elementor-element elementor-element-7e2de591 elementor-widget elementor-widget-text-editor\" data-id=\"7e2de591\" data-element_type=\"widget\" data-widget_type=\"text-editor.default\">\n\t\t\t\t<div class=\"elementor-widget-container\">\n\t\t\t\t\t<div class=\"elementor-text-editor elementor-clearfix\"><p><span style=\"color: #000000;\">(Esta nova dramaturgia, de F\u00e1tima Vieira e Matilde Real, far\u00e1 parte das EDI\u00c7\u00d5ES ENSEMBLE em parceria com a U. PORTO PRESS\/EDITORA DA UNIVERSIDADE DO PORTO, na Cole\u00e7\u00e3o Fora de S\u00e9rie, e tem o apoio \u00e0 edi\u00e7\u00e3o da FUNDA\u00c7\u00c3O CALOUSTE GULBENKIAN\/PROGRAMA GULBENKIAN CULTURA)<\/span><\/p><p><span style=\"color: #000000;\"><strong>Coprodu\u00e7\u00e3o<\/strong><\/span><br \/><span style=\"color: #000000;\">Ensemble\/Casa das Artes de Famalic\u00e3o\/ S\u00e3o Luiz Teatro Municipal\/ Teatro Municipal de Bragan\u00e7a<\/span><\/p><p><span style=\"color: #000000;\"><strong>Apoios<\/strong><\/span><br \/><span style=\"color: #000000;\">U. Porto Press\/Editora da Universidade do Porto, Funda\u00e7\u00e3o Calouste Gulbenkian\/Programa Gulbenkian Cultura, Antena 2 e RDP \u00c1frica<\/span><\/p><p><span style=\"color: #000000;\"><strong>Agradecimentos<br \/><\/strong>Teatro Nacional de S\u00e3o Jo\u00e3o, Carolina Viamonte e Sara Silvares<\/span><\/p><p><span style=\"color: #000000;\">O ENSEMBLE \u00e9 uma estrutura financiada pelo Minist\u00e9rio da Cultura\/Dire\u00e7\u00e3o-Geral das Artes<\/span><\/p><\/div>\n\t\t\t\t<\/div>\n\t\t\t\t<\/div>\n\t\t\t\t\t\t<\/div>\n\t\t\t\t\t<\/div>\n\t\t<\/div>\n\t\t\t\t\t\t\t\t<\/div>\n\t\t\t\t\t<\/div>\n\t\t<\/section>\n\t\t\t\t<section class=\"elementor-section elementor-top-section elementor-element elementor-element-4c9ccee0 elementor-section-full_width elementor-section-stretched elementor-section-height-default elementor-section-height-default\" data-id=\"4c9ccee0\" data-element_type=\"section\" data-settings=\"{&quot;stretch_section&quot;:&quot;section-stretched&quot;,&quot;background_background&quot;:&quot;classic&quot;}\">\n\t\t\t\t\t\t<div class=\"elementor-container elementor-column-gap-default\">\n\t\t\t\t\t\t\t<div class=\"elementor-row\">\n\t\t\t\t\t<div class=\"elementor-column elementor-col-100 elementor-top-column elementor-element elementor-element-3b04593c\" data-id=\"3b04593c\" data-element_type=\"column\">\n\t\t\t<div class=\"elementor-column-wrap elementor-element-populated\">\n\t\t\t\t\t\t\t<div class=\"elementor-widget-wrap\">\n\t\t\t\t\t\t<div class=\"elementor-element elementor-element-5ea9be35 elementor-widget elementor-widget-gallery\" data-id=\"5ea9be35\" data-element_type=\"widget\" data-settings=\"{&quot;gallery_layout&quot;:&quot;masonry&quot;,&quot;columns&quot;:2,&quot;columns_tablet&quot;:3,&quot;columns_mobile&quot;:2,&quot;lazyload&quot;:&quot;yes&quot;,&quot;gap&quot;:{&quot;unit&quot;:&quot;px&quot;,&quot;size&quot;:10,&quot;sizes&quot;:[]},&quot;gap_tablet&quot;:{&quot;unit&quot;:&quot;px&quot;,&quot;size&quot;:10,&quot;sizes&quot;:[]},&quot;gap_mobile&quot;:{&quot;unit&quot;:&quot;px&quot;,&quot;size&quot;:10,&quot;sizes&quot;:[]},&quot;overlay_background&quot;:&quot;yes&quot;,&quot;content_hover_animation&quot;:&quot;fade-in&quot;}\" data-widget_type=\"gallery.default\">\n\t\t\t\t<div class=\"elementor-widget-container\">\n\t\t\t\t\t<div class=\"elementor-gallery__container\">\n\t\t\t\t\t\t\t<div class=\"e-gallery-item elementor-gallery-item elementor-animated-content\">\n\t\t\t\t\t<div class=\"e-gallery-image elementor-gallery-item__image\" data-thumbnail=\"http:\/\/thsc.pt\/wp-content\/uploads\/2020\/08\/thsc1-1024x576.jpg\" data-width=\"1024\" data-height=\"576\" alt=\"\" ><\/div>\n\t\t\t\t\t\t\t\t\t\t<div class=\"elementor-gallery-item__overlay\"><\/div>\n\t\t\t\t\t\t\t\t\t\t\t\t\t\t<\/div>\n\t\t\t\t\t\t\t<div class=\"e-gallery-item elementor-gallery-item elementor-animated-content\">\n\t\t\t\t\t<div class=\"e-gallery-image elementor-gallery-item__image\" data-thumbnail=\"http:\/\/thsc.pt\/wp-content\/uploads\/2020\/08\/thsc_2-768x432-1.jpg\" data-width=\"768\" data-height=\"432\" alt=\"\" ><\/div>\n\t\t\t\t\t\t\t\t\t\t<div class=\"elementor-gallery-item__overlay\"><\/div>\n\t\t\t\t\t\t\t\t\t\t\t\t\t\t<\/div>\n\t\t\t\t\t<\/div>\n\t\t\t<\/div>\n\t\t\t\t<\/div>\n\t\t\t\t\t\t<\/div>\n\t\t\t\t\t<\/div>\n\t\t<\/div>\n\t\t\t\t\t\t\t\t<\/div>\n\t\t\t\t\t<\/div>\n\t\t<\/section>\n\t\t\t\t\t\t<\/div>\n\t\t\t\t\t\t<\/div>\n\t\t\t\t\t<\/div>\n\t\t","protected":false},"excerpt":{"rendered":"<p>Mulheres de Shakespeare ENSEMBLE DE ATORES 11 a 14 outubro 2023 21h30\u00a0 M\/14 |\u00a0 BILHETES : 3,00 a 10,00\u20ac\u00a0 Os [&hellip;]<\/p>\n","protected":false},"author":3,"featured_media":0,"parent":0,"menu_order":0,"comment_status":"closed","ping_status":"closed","template":"","meta":[],"_links":{"self":[{"href":"http:\/\/thsc.pt\/index.php?rest_route=\/wp\/v2\/pages\/4624"}],"collection":[{"href":"http:\/\/thsc.pt\/index.php?rest_route=\/wp\/v2\/pages"}],"about":[{"href":"http:\/\/thsc.pt\/index.php?rest_route=\/wp\/v2\/types\/page"}],"author":[{"embeddable":true,"href":"http:\/\/thsc.pt\/index.php?rest_route=\/wp\/v2\/users\/3"}],"replies":[{"embeddable":true,"href":"http:\/\/thsc.pt\/index.php?rest_route=%2Fwp%2Fv2%2Fcomments&post=4624"}],"version-history":[{"count":2,"href":"http:\/\/thsc.pt\/index.php?rest_route=\/wp\/v2\/pages\/4624\/revisions"}],"predecessor-version":[{"id":4654,"href":"http:\/\/thsc.pt\/index.php?rest_route=\/wp\/v2\/pages\/4624\/revisions\/4654"}],"wp:attachment":[{"href":"http:\/\/thsc.pt\/index.php?rest_route=%2Fwp%2Fv2%2Fmedia&parent=4624"}],"curies":[{"name":"wp","href":"https:\/\/api.w.org\/{rel}","templated":true}]}}