{"id":4512,"date":"2023-09-18T15:22:56","date_gmt":"2023-09-18T14:22:56","guid":{"rendered":"http:\/\/thsc.pt\/?page_id=4512"},"modified":"2023-10-02T15:04:02","modified_gmt":"2023-10-02T14:04:02","slug":"o-principe-de-spandau","status":"publish","type":"page","link":"http:\/\/thsc.pt\/?page_id=4512","title":{"rendered":"O Pr\u00edncipe de Spandau"},"content":{"rendered":"\t\t<div data-elementor-type=\"wp-page\" data-elementor-id=\"4512\" class=\"elementor elementor-4512\" data-elementor-settings=\"[]\">\n\t\t\t\t\t\t<div class=\"elementor-inner\">\n\t\t\t\t\t\t\t<div class=\"elementor-section-wrap\">\n\t\t\t\t\t\t\t<section class=\"elementor-section elementor-top-section elementor-element elementor-element-4956d7a1 elementor-section-height-min-height elementor-section-boxed elementor-section-height-default elementor-section-items-middle\" data-id=\"4956d7a1\" data-element_type=\"section\" data-settings=\"{&quot;background_background&quot;:&quot;classic&quot;}\">\n\t\t\t\t\t\t\t<div class=\"elementor-background-overlay\"><\/div>\n\t\t\t\t\t\t\t<div class=\"elementor-container elementor-column-gap-default\">\n\t\t\t\t\t\t\t<div class=\"elementor-row\">\n\t\t\t\t\t<div class=\"elementor-column elementor-col-100 elementor-top-column elementor-element elementor-element-5088f565\" data-id=\"5088f565\" data-element_type=\"column\">\n\t\t\t<div class=\"elementor-column-wrap elementor-element-populated\">\n\t\t\t\t\t\t\t<div class=\"elementor-widget-wrap\">\n\t\t\t\t\t\t<div class=\"elementor-element elementor-element-6063eec9 elementor-widget elementor-widget-spacer\" data-id=\"6063eec9\" data-element_type=\"widget\" data-widget_type=\"spacer.default\">\n\t\t\t\t<div class=\"elementor-widget-container\">\n\t\t\t\t\t<div class=\"elementor-spacer\">\n\t\t\t<div class=\"elementor-spacer-inner\"><\/div>\n\t\t<\/div>\n\t\t\t\t<\/div>\n\t\t\t\t<\/div>\n\t\t\t\t<div class=\"elementor-element elementor-element-36b1b54a elementor-widget elementor-widget-heading\" data-id=\"36b1b54a\" data-element_type=\"widget\" data-widget_type=\"heading.default\">\n\t\t\t\t<div class=\"elementor-widget-container\">\n\t\t\t<h1 class=\"elementor-heading-title elementor-size-large\">O PR\u00cdNCIPE DE SPANDAU<\/h1>\t\t<\/div>\n\t\t\t\t<\/div>\n\t\t\t\t<div class=\"elementor-element elementor-element-65f31aec elementor-widget elementor-widget-heading\" data-id=\"65f31aec\" data-element_type=\"widget\" data-widget_type=\"heading.default\">\n\t\t\t\t<div class=\"elementor-widget-container\">\n\t\t\t<h3 class=\"elementor-heading-title elementor-size-medium\">COMPANHIA NAVIO<\/h3>\t\t<\/div>\n\t\t\t\t<\/div>\n\t\t\t\t<div class=\"elementor-element elementor-element-73d13e14 elementor-widget elementor-widget-text-editor\" data-id=\"73d13e14\" data-element_type=\"widget\" data-widget_type=\"text-editor.default\">\n\t\t\t\t<div class=\"elementor-widget-container\">\n\t\t\t\t\t<div class=\"elementor-text-editor elementor-clearfix\"><h2><span style=\"color: #ffffff;\"><strong>27 e 28 de setembro 2023\u00a0<\/strong><\/span><\/h2><p><span style=\"color: #ffffff;\">21h00<\/span><\/p><\/div>\n\t\t\t\t<\/div>\n\t\t\t\t<\/div>\n\t\t\t\t<section class=\"elementor-section elementor-inner-section elementor-element elementor-element-289fd196 elementor-section-content-middle elementor-section-boxed elementor-section-height-default elementor-section-height-default\" data-id=\"289fd196\" data-element_type=\"section\">\n\t\t\t\t\t\t<div class=\"elementor-container elementor-column-gap-extended\">\n\t\t\t\t\t\t\t<div class=\"elementor-row\">\n\t\t\t\t\t<div class=\"elementor-column elementor-col-100 elementor-inner-column elementor-element elementor-element-226f4758\" data-id=\"226f4758\" data-element_type=\"column\">\n\t\t\t<div class=\"elementor-column-wrap elementor-element-populated\">\n\t\t\t\t\t\t\t<div class=\"elementor-widget-wrap\">\n\t\t\t\t\t\t<div class=\"elementor-element elementor-element-30da5742 elementor-widget elementor-widget-text-editor\" data-id=\"30da5742\" data-element_type=\"widget\" data-widget_type=\"text-editor.default\">\n\t\t\t\t<div class=\"elementor-widget-container\">\n\t\t\t\t\t<div class=\"elementor-text-editor elementor-clearfix\"><h5><span style=\"color: #ffffff;\"><b><span style=\"font-family: var( --e-global-typography-text-font-family );\">M\/18 |\u00a0 BILHETES : 5\u20ac\u00a0<\/span><\/b><\/span><\/h5><\/div>\n\t\t\t\t<\/div>\n\t\t\t\t<\/div>\n\t\t\t\t\t\t<\/div>\n\t\t\t\t\t<\/div>\n\t\t<\/div>\n\t\t\t\t\t\t\t\t<\/div>\n\t\t\t\t\t<\/div>\n\t\t<\/section>\n\t\t\t\t\t\t<\/div>\n\t\t\t\t\t<\/div>\n\t\t<\/div>\n\t\t\t\t\t\t\t\t<\/div>\n\t\t\t\t\t<\/div>\n\t\t<\/section>\n\t\t\t\t<section class=\"elementor-section elementor-top-section elementor-element elementor-element-4361cfb7 elementor-section-boxed elementor-section-height-default elementor-section-height-default\" data-id=\"4361cfb7\" data-element_type=\"section\" data-settings=\"{&quot;background_background&quot;:&quot;classic&quot;}\">\n\t\t\t\t\t\t<div class=\"elementor-container elementor-column-gap-default\">\n\t\t\t\t\t\t\t<div class=\"elementor-row\">\n\t\t\t\t\t<div class=\"elementor-column elementor-col-33 elementor-top-column elementor-element elementor-element-69d0c6bd\" data-id=\"69d0c6bd\" data-element_type=\"column\">\n\t\t\t<div class=\"elementor-column-wrap elementor-element-populated\">\n\t\t\t\t\t\t\t<div class=\"elementor-widget-wrap\">\n\t\t\t\t\t\t<div class=\"elementor-element elementor-element-7c7c3e56 elementor-widget elementor-widget-spacer\" data-id=\"7c7c3e56\" data-element_type=\"widget\" data-widget_type=\"spacer.default\">\n\t\t\t\t<div class=\"elementor-widget-container\">\n\t\t\t\t\t<div class=\"elementor-spacer\">\n\t\t\t<div class=\"elementor-spacer-inner\"><\/div>\n\t\t<\/div>\n\t\t\t\t<\/div>\n\t\t\t\t<\/div>\n\t\t\t\t<div class=\"elementor-element elementor-element-280e28ce elementor-widget elementor-widget-text-editor\" data-id=\"280e28ce\" data-element_type=\"widget\" data-widget_type=\"text-editor.default\">\n\t\t\t\t<div class=\"elementor-widget-container\">\n\t\t\t\t\t<div class=\"elementor-text-editor elementor-clearfix\"><p>Rudolph Hess, bra\u00e7o direito (pois claro) do Hitler, foi um dos mais importantes nomes do nazismo. No final da 2\u00ba Guerra Mundial, foi detido, julgado e condenado a pris\u00e3o perp\u00e9tua. Foi o \u00faltimo h\u00f3spede da Pris\u00e3o de Spandau, e o \u00fanico durante 40 anos. O seu s\u00edtio preferido era o jardim, onde lhe era permitido passar algum\u00a0 tempo diariamente.<\/p><p>\u201cO Pr\u00edncipe de Spandau\u201d podia ser sobre um velhote a falar sozinho na sua cela. Mas \u00e9 sobre um velhote nazi a delirar, solit\u00e1rio, a c\u00e9u aberto. Num pomar-pris\u00e3o, no meio de ma\u00e7\u00e3s de ra\u00e7as diferentes, conquistadas por dentro pelos vermes. Neste recanto inf\u00e9rtil (esperemos), brinca-se \u00e0 pol\u00edtica, com o mundo e com as vidas com a mesma displic\u00eancia com que se trinca a sobremesa. E assim, da forma mais radical e atrevida poss\u00edvel, levantamos o bra\u00e7o (sim, esse) para fazer ouvir tudo o que n\u00e3o gostamos.<\/p><p>Tudo isto podia ser s\u00f3 premoni\u00e7\u00e3o relativamente ao ressurgimento de tend\u00eancias racistas, despotismos e censuras. Mas este velhote \u00e9 uma \u00e1rvore centen\u00e1ria, que continua firme e hirta no meio de n\u00f3s.<\/p><p><strong>SOBRE O AUTOR E A PERTIN\u00caNCIA DO PROJETO <\/strong><\/p><p>H\u00e9lder Costa nasceu em Gr\u00e2ndola a 6 de janeiro de 1939 e \u00e9 um encenador, ator e dramaturgo que ficar\u00e1 nos livros da nossa Hist\u00f3ria do Teatro. Esteve exilado em Paris, frequentou o Institut d&#8217;\u00c9tudes Th\u00e9atrales da Universidade de Sorbonne e foi fundador do Teatro Oper\u00e1rio de Paris (1970). Ap\u00f3s o 25 de Abril de 1974, regressou a Portugal e foi um dos membros fundadores do grupo A Barraca, onde \u00e9 encenador e diretor art\u00edstico. Dirigiu v\u00e1rios espet\u00e1culos em Espanha, Brasil, Dinamarca e Mo\u00e7ambique.<br \/>\u00c9, igualmente, autor de uma vasta obra publicada &#8211; das quais destacamos &#8220;O Pr\u00edncipe de Spandau&#8221;, &#8220;Por Amor de Deus&#8221; e &#8220;O Incorrupt\u00edvel&#8221;. Antes que fosse tarde demais, decidimos visitar H\u00e9lder Costa e pedir-lhe autoriza\u00e7\u00e3o para o NAVIO dedicar 2023 a levantar e levar a cena os seus tr\u00eas mon\u00f3logos. Depois de nos ter sido dada a autoriza\u00e7\u00e3o, resta-nos homenagear esta nossa refer\u00eancia, enquanto a temos viva, e brincar (com a maior seriedade poss\u00edvel) a este seu teatro pol\u00edtico, que parece que foi escrito hoje.<br \/>\u201cO Incorrupt\u00edvel\u201d estreou no dia 27 de Mar\u00e7o de 2023, Dia Mundial do Teatro, n\u2019A Barraca, em Lisboa. \u201cO Pr\u00edncipe de Spandau\u201d estreia a 27 de Setembro de 2023, acolhido pelo Teatro Helena S\u00e1 e Costa, como pr\u00e9mio de um projeto da companhia ter ganho o Festival SET em 2022.<\/p><p><strong>SOBRE O NAVIO<\/strong><\/p><p>O NAVIO: N\u00facleo Art\u00edstico de Vontades Inusitadas e Outras \u00e9 uma estrutura de cria\u00e7\u00e3o no campo das artes performativas e audiovisuais fundada no Porto, em 2021, por alunos finalistas das v\u00e1rias \u00e1reas do curso de Teatro da ESMAE: Escola Superior de M\u00fasica e Artes do Espet\u00e1culo, bem como amigos e conhecidos de outras andan\u00e7as art\u00edsticas.<br \/>Nos \u00faltimos dois anos, andamos a navegar no alto mar do teatro, da dan\u00e7a, do cinema, da m\u00fasica, do ilusionismo, da dramaturgia contempor\u00e2nea e da beleza da transdisciplinaridade. Acima de tudo, andamos a navegar no que nos faz feliz e no que cremos ser revelante, pertinente e revolucion\u00e1rio. Nos tempos que correm, sentimos ser importante contracenar com a atualidade e fazer arte com as pessoas e para as pessoas. Desde mi\u00fados at\u00e9 gra\u00fados. Sem elitismos, sem segundas-inten\u00e7\u00f5es. O mote para continuar a criar surge de uma vontade quase fisiol\u00f3gica, como se a urg\u00eancia de fazer arte fosse t\u00e3o imposs\u00edvel de abrandar como a urg\u00eancia de fazer xixi. Destacamos que projetos da companhia foram vencedores do Festival SET 2022 e da Bolsa de Cria\u00e7\u00e3o 2022 da companhia A Turma, e que o NAVIO estreou seis cria\u00e7\u00f5es na \u00faltima temporada dos Filhos do T.<\/p><\/div>\n\t\t\t\t<\/div>\n\t\t\t\t<\/div>\n\t\t\t\t\t\t<\/div>\n\t\t\t\t\t<\/div>\n\t\t<\/div>\n\t\t\t\t<div class=\"elementor-column elementor-col-33 elementor-top-column elementor-element elementor-element-1ff6b213\" data-id=\"1ff6b213\" data-element_type=\"column\" data-settings=\"{&quot;background_background&quot;:&quot;classic&quot;}\">\n\t\t\t<div class=\"elementor-column-wrap elementor-element-populated\">\n\t\t\t\t\t<div class=\"elementor-background-overlay\"><\/div>\n\t\t\t\t\t\t\t<div class=\"elementor-widget-wrap\">\n\t\t\t\t\t\t<div class=\"elementor-element elementor-element-1b1494e8 elementor-widget elementor-widget-spacer\" data-id=\"1b1494e8\" data-element_type=\"widget\" data-widget_type=\"spacer.default\">\n\t\t\t\t<div class=\"elementor-widget-container\">\n\t\t\t\t\t<div class=\"elementor-spacer\">\n\t\t\t<div class=\"elementor-spacer-inner\"><\/div>\n\t\t<\/div>\n\t\t\t\t<\/div>\n\t\t\t\t<\/div>\n\t\t\t\t\t\t<\/div>\n\t\t\t\t\t<\/div>\n\t\t<\/div>\n\t\t\t\t<div class=\"elementor-column elementor-col-33 elementor-top-column elementor-element elementor-element-4abfaff2\" data-id=\"4abfaff2\" data-element_type=\"column\">\n\t\t\t<div class=\"elementor-column-wrap elementor-element-populated\">\n\t\t\t\t\t\t\t<div class=\"elementor-widget-wrap\">\n\t\t\t\t\t\t<div class=\"elementor-element elementor-element-b9f05dd elementor-widget elementor-widget-image\" data-id=\"b9f05dd\" data-element_type=\"widget\" data-widget_type=\"image.default\">\n\t\t\t\t<div class=\"elementor-widget-container\">\n\t\t\t\t\t<div class=\"elementor-image\">\n\t\t\t\t\t\t\t\t\t\t<img width=\"1024\" height=\"1024\" src=\"http:\/\/thsc.pt\/wp-content\/uploads\/2023\/09\/Spandau-IG-1-1024x1024.png\" class=\"attachment-large size-large\" alt=\"\" decoding=\"async\" loading=\"lazy\" srcset=\"http:\/\/thsc.pt\/wp-content\/uploads\/2023\/09\/Spandau-IG-1-1024x1024.png 1024w, http:\/\/thsc.pt\/wp-content\/uploads\/2023\/09\/Spandau-IG-1-300x300.png 300w, http:\/\/thsc.pt\/wp-content\/uploads\/2023\/09\/Spandau-IG-1-150x150.png 150w, http:\/\/thsc.pt\/wp-content\/uploads\/2023\/09\/Spandau-IG-1-768x768.png 768w, http:\/\/thsc.pt\/wp-content\/uploads\/2023\/09\/Spandau-IG-1.png 1080w\" sizes=\"(max-width: 1024px) 100vw, 1024px\" \/>\t\t\t\t\t\t\t\t\t\t\t<\/div>\n\t\t\t\t<\/div>\n\t\t\t\t<\/div>\n\t\t\t\t\t\t<\/div>\n\t\t\t\t\t<\/div>\n\t\t<\/div>\n\t\t\t\t\t\t\t\t<\/div>\n\t\t\t\t\t<\/div>\n\t\t<\/section>\n\t\t\t\t<section class=\"elementor-section elementor-top-section elementor-element elementor-element-3004a968 elementor-section-height-min-height elementor-section-boxed elementor-section-height-default elementor-section-items-middle\" data-id=\"3004a968\" data-element_type=\"section\" data-settings=\"{&quot;background_background&quot;:&quot;classic&quot;}\">\n\t\t\t\t\t\t<div class=\"elementor-container elementor-column-gap-default\">\n\t\t\t\t\t\t\t<div class=\"elementor-row\">\n\t\t\t\t\t<div class=\"elementor-column elementor-col-33 elementor-top-column elementor-element elementor-element-67c7cb42\" data-id=\"67c7cb42\" data-element_type=\"column\">\n\t\t\t<div class=\"elementor-column-wrap elementor-element-populated\">\n\t\t\t\t\t\t\t<div class=\"elementor-widget-wrap\">\n\t\t\t\t\t\t<div class=\"elementor-element elementor-element-4f1bb4c5 elementor-widget elementor-widget-spacer\" data-id=\"4f1bb4c5\" data-element_type=\"widget\" data-widget_type=\"spacer.default\">\n\t\t\t\t<div class=\"elementor-widget-container\">\n\t\t\t\t\t<div class=\"elementor-spacer\">\n\t\t\t<div class=\"elementor-spacer-inner\"><\/div>\n\t\t<\/div>\n\t\t\t\t<\/div>\n\t\t\t\t<\/div>\n\t\t\t\t\t\t<\/div>\n\t\t\t\t\t<\/div>\n\t\t<\/div>\n\t\t\t\t<div class=\"elementor-column elementor-col-33 elementor-top-column elementor-element elementor-element-69f74699\" data-id=\"69f74699\" data-element_type=\"column\" data-settings=\"{&quot;background_background&quot;:&quot;classic&quot;}\">\n\t\t\t<div class=\"elementor-column-wrap elementor-element-populated\">\n\t\t\t\t\t<div class=\"elementor-background-overlay\"><\/div>\n\t\t\t\t\t\t\t<div class=\"elementor-widget-wrap\">\n\t\t\t\t\t\t<div class=\"elementor-element elementor-element-458d9ad0 elementor-widget elementor-widget-spacer\" data-id=\"458d9ad0\" data-element_type=\"widget\" data-widget_type=\"spacer.default\">\n\t\t\t\t<div class=\"elementor-widget-container\">\n\t\t\t\t\t<div class=\"elementor-spacer\">\n\t\t\t<div class=\"elementor-spacer-inner\"><\/div>\n\t\t<\/div>\n\t\t\t\t<\/div>\n\t\t\t\t<\/div>\n\t\t\t\t\t\t<\/div>\n\t\t\t\t\t<\/div>\n\t\t<\/div>\n\t\t\t\t<div class=\"elementor-column elementor-col-33 elementor-top-column elementor-element elementor-element-1d5b5e52\" data-id=\"1d5b5e52\" data-element_type=\"column\">\n\t\t\t<div class=\"elementor-column-wrap\">\n\t\t\t\t\t\t\t<div class=\"elementor-widget-wrap\">\n\t\t\t\t\t\t\t\t<\/div>\n\t\t\t\t\t<\/div>\n\t\t<\/div>\n\t\t\t\t\t\t\t\t<\/div>\n\t\t\t\t\t<\/div>\n\t\t<\/section>\n\t\t\t\t<section class=\"elementor-section elementor-top-section elementor-element elementor-element-14118b4a elementor-section-full_width elementor-section-height-min-height elementor-section-height-default elementor-section-items-middle\" data-id=\"14118b4a\" data-element_type=\"section\" data-settings=\"{&quot;background_background&quot;:&quot;classic&quot;}\">\n\t\t\t\t\t\t<div class=\"elementor-container elementor-column-gap-no\">\n\t\t\t\t\t\t\t<div class=\"elementor-row\">\n\t\t\t\t\t<div class=\"elementor-column elementor-col-50 elementor-top-column elementor-element elementor-element-11474022\" data-id=\"11474022\" data-element_type=\"column\">\n\t\t\t<div class=\"elementor-column-wrap elementor-element-populated\">\n\t\t\t\t\t\t\t<div class=\"elementor-widget-wrap\">\n\t\t\t\t\t\t<div class=\"elementor-element elementor-element-1bede135 elementor-widget elementor-widget-text-editor\" data-id=\"1bede135\" data-element_type=\"widget\" data-widget_type=\"text-editor.default\">\n\t\t\t\t<div class=\"elementor-widget-container\">\n\t\t\t\t\t<div class=\"elementor-text-editor elementor-clearfix\"><blockquote><p class=\"p1\"><span style=\"color: #333333;\"><strong>Ficha T\u00e9cnica<\/strong><\/span><\/p><\/blockquote><p><span style=\"color: #000000;\"><strong>TEXTO<\/strong><\/span><br \/><span style=\"color: #000000;\">H\u00e9lder Costa<\/span><\/p><p><span style=\"color: #000000;\"><strong>ENCENA\u00c7\u00c3O<br \/><\/strong>Tom\u00e9 Nunes Pinto<\/span><\/p><p><span style=\"color: #000000;\"><strong>ASSIST\u00caNCIA DE ENCENA\u00c7\u00c3O<br \/><\/strong>Henrique Ra\u00ednho<\/span><\/p><p><span style=\"color: #000000;\"><strong>INTERPRETA\u00c7\u00c3O<br \/><\/strong>Gil Filipe<\/span><br \/><span style=\"color: #000000;\">Henrique Ra\u00ednho<\/span><br \/><span style=\"color: #000000;\">In\u00eas Sincero<\/span><br \/><span style=\"color: #000000;\">Jorge Lu\u00eds Castro<\/span><\/p><p><span style=\"color: #000000;\"><strong>CENOGRAFIA<br \/><\/strong>Toz\u00e9 Cruz<\/span><br \/><span style=\"color: #000000;\">Beatriz Ver\u00edssimo<\/span><\/p><\/div>\n\t\t\t\t<\/div>\n\t\t\t\t<\/div>\n\t\t\t\t\t\t<\/div>\n\t\t\t\t\t<\/div>\n\t\t<\/div>\n\t\t\t\t<div class=\"elementor-column elementor-col-50 elementor-top-column elementor-element elementor-element-616b72d1\" data-id=\"616b72d1\" data-element_type=\"column\">\n\t\t\t<div class=\"elementor-column-wrap elementor-element-populated\">\n\t\t\t\t\t\t\t<div class=\"elementor-widget-wrap\">\n\t\t\t\t\t\t<div class=\"elementor-element elementor-element-766d8ca elementor-widget elementor-widget-text-editor\" data-id=\"766d8ca\" data-element_type=\"widget\" data-widget_type=\"text-editor.default\">\n\t\t\t\t<div class=\"elementor-widget-container\">\n\t\t\t\t\t<div class=\"elementor-text-editor elementor-clearfix\"><p><span style=\"color: #000000;\"><strong>FIGURINOS<br \/><\/strong>Henrique Ra\u00ednho<\/span><br \/><span style=\"color: #000000;\">In\u00eas Sincero<\/span><\/p><p><span style=\"color: #000000;\"><strong>DESENHO DE LUZ<br \/><\/strong>Afonso Ferreira Lemos<\/span><\/p><p><span style=\"color: #000000;\"><strong>ASSIST\u00caNCIA AO DESENHO DE LUZ<br \/><\/strong>B\u00e1rbara Rey<\/span><\/p><p><span style=\"color: #000000;\"><strong>SONOPLASTIA<br \/><\/strong>Jorge Lu\u00eds Castro<\/span><\/p><p><span style=\"color: #000000;\"><strong>PRODU\u00c7\u00c3O EXECUTIVA<br \/><\/strong>In\u00eas Sincero<\/span><\/p><p><span style=\"color: #000000;\"><strong>UMA PRODU\u00c7\u00c3O DO NAVIO<br \/><\/strong>N\u00facleo Art\u00edstico de Vontades Inusitadas e Outras<br \/><\/span><\/p><p><span style=\"color: #000000;\"><strong>APOIOS<br \/><\/strong>Festival SET<\/span><br \/><span style=\"color: #000000;\">Teatro Helena S\u00e1 e Costa<\/span><br \/><span style=\"color: #000000;\">Junta de Freguesia do Bonfim<\/span><br \/><span style=\"color: #000000;\">Orthos<\/span><\/p><\/div>\n\t\t\t\t<\/div>\n\t\t\t\t<\/div>\n\t\t\t\t\t\t<\/div>\n\t\t\t\t\t<\/div>\n\t\t<\/div>\n\t\t\t\t\t\t\t\t<\/div>\n\t\t\t\t\t<\/div>\n\t\t<\/section>\n\t\t\t\t<section class=\"elementor-section elementor-top-section elementor-element elementor-element-58917d10 elementor-section-full_width elementor-section-stretched elementor-section-height-default elementor-section-height-default\" data-id=\"58917d10\" data-element_type=\"section\" data-settings=\"{&quot;stretch_section&quot;:&quot;section-stretched&quot;,&quot;background_background&quot;:&quot;classic&quot;}\">\n\t\t\t\t\t\t<div class=\"elementor-container elementor-column-gap-default\">\n\t\t\t\t\t\t\t<div class=\"elementor-row\">\n\t\t\t\t\t<div class=\"elementor-column elementor-col-100 elementor-top-column elementor-element elementor-element-5d6a7db3\" data-id=\"5d6a7db3\" data-element_type=\"column\">\n\t\t\t<div class=\"elementor-column-wrap elementor-element-populated\">\n\t\t\t\t\t\t\t<div class=\"elementor-widget-wrap\">\n\t\t\t\t\t\t<div class=\"elementor-element elementor-element-70513001 elementor-widget elementor-widget-gallery\" data-id=\"70513001\" data-element_type=\"widget\" data-settings=\"{&quot;gallery_layout&quot;:&quot;masonry&quot;,&quot;columns_tablet&quot;:3,&quot;columns_mobile&quot;:2,&quot;columns&quot;:3,&quot;lazyload&quot;:&quot;yes&quot;,&quot;gap&quot;:{&quot;unit&quot;:&quot;px&quot;,&quot;size&quot;:10,&quot;sizes&quot;:[]},&quot;gap_tablet&quot;:{&quot;unit&quot;:&quot;px&quot;,&quot;size&quot;:10,&quot;sizes&quot;:[]},&quot;gap_mobile&quot;:{&quot;unit&quot;:&quot;px&quot;,&quot;size&quot;:10,&quot;sizes&quot;:[]},&quot;overlay_background&quot;:&quot;yes&quot;,&quot;content_hover_animation&quot;:&quot;fade-in&quot;}\" data-widget_type=\"gallery.default\">\n\t\t\t\t<div class=\"elementor-widget-container\">\n\t\t\t\t\t<div class=\"elementor-gallery__container\">\n\t\t\t\t\t\t\t<div class=\"e-gallery-item elementor-gallery-item elementor-animated-content\">\n\t\t\t\t\t<div class=\"e-gallery-image elementor-gallery-item__image\" data-thumbnail=\"http:\/\/thsc.pt\/wp-content\/uploads\/2023\/09\/ft5-1024x683.jpg\" data-width=\"1024\" data-height=\"683\" alt=\"\" ><\/div>\n\t\t\t\t\t\t\t\t\t\t<div class=\"elementor-gallery-item__overlay\"><\/div>\n\t\t\t\t\t\t\t\t\t\t\t\t\t\t<\/div>\n\t\t\t\t\t\t\t<div class=\"e-gallery-item elementor-gallery-item elementor-animated-content\">\n\t\t\t\t\t<div class=\"e-gallery-image elementor-gallery-item__image\" data-thumbnail=\"http:\/\/thsc.pt\/wp-content\/uploads\/2023\/09\/ft2-1024x679.jpg\" data-width=\"1024\" data-height=\"679\" alt=\"\" ><\/div>\n\t\t\t\t\t\t\t\t\t\t<div class=\"elementor-gallery-item__overlay\"><\/div>\n\t\t\t\t\t\t\t\t\t\t\t\t\t\t<\/div>\n\t\t\t\t\t\t\t<div class=\"e-gallery-item elementor-gallery-item elementor-animated-content\">\n\t\t\t\t\t<div class=\"e-gallery-image elementor-gallery-item__image\" data-thumbnail=\"http:\/\/thsc.pt\/wp-content\/uploads\/2023\/09\/ft6-811x1024.jpg\" data-width=\"811\" data-height=\"1024\" alt=\"\" ><\/div>\n\t\t\t\t\t\t\t\t\t\t<div class=\"elementor-gallery-item__overlay\"><\/div>\n\t\t\t\t\t\t\t\t\t\t\t\t\t\t<\/div>\n\t\t\t\t\t\t\t<div class=\"e-gallery-item elementor-gallery-item elementor-animated-content\">\n\t\t\t\t\t<div class=\"e-gallery-image elementor-gallery-item__image\" data-thumbnail=\"http:\/\/thsc.pt\/wp-content\/uploads\/2023\/09\/ft1-683x1024.jpg\" data-width=\"683\" data-height=\"1024\" alt=\"\" ><\/div>\n\t\t\t\t\t\t\t\t\t\t<div class=\"elementor-gallery-item__overlay\"><\/div>\n\t\t\t\t\t\t\t\t\t\t\t\t\t\t<\/div>\n\t\t\t\t\t\t\t<div class=\"e-gallery-item elementor-gallery-item elementor-animated-content\">\n\t\t\t\t\t<div class=\"e-gallery-image elementor-gallery-item__image\" data-thumbnail=\"http:\/\/thsc.pt\/wp-content\/uploads\/2023\/09\/ft4-1024x773.jpg\" data-width=\"1024\" data-height=\"773\" alt=\"\" ><\/div>\n\t\t\t\t\t\t\t\t\t\t<div class=\"elementor-gallery-item__overlay\"><\/div>\n\t\t\t\t\t\t\t\t\t\t\t\t\t\t<\/div>\n\t\t\t\t\t\t\t<div class=\"e-gallery-item elementor-gallery-item elementor-animated-content\">\n\t\t\t\t\t<div class=\"e-gallery-image elementor-gallery-item__image\" data-thumbnail=\"http:\/\/thsc.pt\/wp-content\/uploads\/2023\/09\/ft3-1024x515.jpg\" data-width=\"1024\" data-height=\"515\" alt=\"\" ><\/div>\n\t\t\t\t\t\t\t\t\t\t<div class=\"elementor-gallery-item__overlay\"><\/div>\n\t\t\t\t\t\t\t\t\t\t\t\t\t\t<\/div>\n\t\t\t\t\t<\/div>\n\t\t\t<\/div>\n\t\t\t\t<\/div>\n\t\t\t\t\t\t<\/div>\n\t\t\t\t\t<\/div>\n\t\t<\/div>\n\t\t\t\t\t\t\t\t<\/div>\n\t\t\t\t\t<\/div>\n\t\t<\/section>\n\t\t\t\t\t\t<\/div>\n\t\t\t\t\t\t<\/div>\n\t\t\t\t\t<\/div>\n\t\t","protected":false},"excerpt":{"rendered":"<p>O PR\u00cdNCIPE DE SPANDAU COMPANHIA NAVIO 27 e 28 de setembro 2023&nbsp; 21h00 M\/18 |&nbsp; BILHETES : 5\u20ac&nbsp; Rudolph Hess, [&hellip;]<\/p>\n","protected":false},"author":3,"featured_media":4514,"parent":0,"menu_order":0,"comment_status":"closed","ping_status":"closed","template":"","meta":[],"_links":{"self":[{"href":"http:\/\/thsc.pt\/index.php?rest_route=\/wp\/v2\/pages\/4512"}],"collection":[{"href":"http:\/\/thsc.pt\/index.php?rest_route=\/wp\/v2\/pages"}],"about":[{"href":"http:\/\/thsc.pt\/index.php?rest_route=\/wp\/v2\/types\/page"}],"author":[{"embeddable":true,"href":"http:\/\/thsc.pt\/index.php?rest_route=\/wp\/v2\/users\/3"}],"replies":[{"embeddable":true,"href":"http:\/\/thsc.pt\/index.php?rest_route=%2Fwp%2Fv2%2Fcomments&post=4512"}],"version-history":[{"count":13,"href":"http:\/\/thsc.pt\/index.php?rest_route=\/wp\/v2\/pages\/4512\/revisions"}],"predecessor-version":[{"id":4698,"href":"http:\/\/thsc.pt\/index.php?rest_route=\/wp\/v2\/pages\/4512\/revisions\/4698"}],"wp:featuredmedia":[{"embeddable":true,"href":"http:\/\/thsc.pt\/index.php?rest_route=\/wp\/v2\/media\/4514"}],"wp:attachment":[{"href":"http:\/\/thsc.pt\/index.php?rest_route=%2Fwp%2Fv2%2Fmedia&parent=4512"}],"curies":[{"name":"wp","href":"https:\/\/api.w.org\/{rel}","templated":true}]}}