{"id":4405,"date":"2023-07-04T12:12:37","date_gmt":"2023-07-04T11:12:37","guid":{"rendered":"http:\/\/thsc.pt\/?page_id=4405"},"modified":"2023-07-04T14:29:37","modified_gmt":"2023-07-04T13:29:37","slug":"caminhos","status":"publish","type":"page","link":"http:\/\/thsc.pt\/?page_id=4405","title":{"rendered":"CAMINHOS"},"content":{"rendered":"\t\t<div data-elementor-type=\"wp-page\" data-elementor-id=\"4405\" class=\"elementor elementor-4405\" data-elementor-settings=\"[]\">\n\t\t\t\t\t\t<div class=\"elementor-inner\">\n\t\t\t\t\t\t\t<div class=\"elementor-section-wrap\">\n\t\t\t\t\t\t\t<section class=\"elementor-section elementor-top-section elementor-element elementor-element-5794a09b elementor-section-height-min-height elementor-section-boxed elementor-section-height-default elementor-section-items-middle\" data-id=\"5794a09b\" data-element_type=\"section\" data-settings=\"{&quot;background_background&quot;:&quot;classic&quot;}\">\n\t\t\t\t\t\t\t<div class=\"elementor-background-overlay\"><\/div>\n\t\t\t\t\t\t\t<div class=\"elementor-container elementor-column-gap-default\">\n\t\t\t\t\t\t\t<div class=\"elementor-row\">\n\t\t\t\t\t<div class=\"elementor-column elementor-col-100 elementor-top-column elementor-element elementor-element-8f9adf8\" data-id=\"8f9adf8\" data-element_type=\"column\">\n\t\t\t<div class=\"elementor-column-wrap elementor-element-populated\">\n\t\t\t\t\t\t\t<div class=\"elementor-widget-wrap\">\n\t\t\t\t\t\t<div class=\"elementor-element elementor-element-4d8c63e2 elementor-widget elementor-widget-spacer\" data-id=\"4d8c63e2\" data-element_type=\"widget\" data-widget_type=\"spacer.default\">\n\t\t\t\t<div class=\"elementor-widget-container\">\n\t\t\t\t\t<div class=\"elementor-spacer\">\n\t\t\t<div class=\"elementor-spacer-inner\"><\/div>\n\t\t<\/div>\n\t\t\t\t<\/div>\n\t\t\t\t<\/div>\n\t\t\t\t<div class=\"elementor-element elementor-element-76a8cc9c elementor-widget elementor-widget-heading\" data-id=\"76a8cc9c\" data-element_type=\"widget\" data-widget_type=\"heading.default\">\n\t\t\t\t<div class=\"elementor-widget-container\">\n\t\t\t<h1 class=\"elementor-heading-title elementor-size-large\">CAMINHOS<\/h1>\t\t<\/div>\n\t\t\t\t<\/div>\n\t\t\t\t<div class=\"elementor-element elementor-element-7d01f901 elementor-widget elementor-widget-heading\" data-id=\"7d01f901\" data-element_type=\"widget\" data-widget_type=\"heading.default\">\n\t\t\t\t<div class=\"elementor-widget-container\">\n\t\t\t<h3 class=\"elementor-heading-title elementor-size-medium\">RECITAL DE COMPOSI\u00c7\u00c3O DE DIANA ANDRASHENKO<br> E MARIANA MARQUES COELHO<\/h3>\t\t<\/div>\n\t\t\t\t<\/div>\n\t\t\t\t<div class=\"elementor-element elementor-element-110ef0b1 elementor-widget elementor-widget-text-editor\" data-id=\"110ef0b1\" data-element_type=\"widget\" data-widget_type=\"text-editor.default\">\n\t\t\t\t<div class=\"elementor-widget-container\">\n\t\t\t\t\t<div class=\"elementor-text-editor elementor-clearfix\"><h2><span style=\"color: #ffffff;\"><strong>&#8211; 11 de julho &#8211;\u00a0<\/strong><\/span><\/h2><p>Ter\u00e7a-feira , 11 de julho \u2013 21h30<br \/><br \/><\/p><\/div>\n\t\t\t\t<\/div>\n\t\t\t\t<\/div>\n\t\t\t\t<section class=\"elementor-section elementor-inner-section elementor-element elementor-element-544588e2 elementor-section-content-middle elementor-section-boxed elementor-section-height-default elementor-section-height-default\" data-id=\"544588e2\" data-element_type=\"section\">\n\t\t\t\t\t\t<div class=\"elementor-container elementor-column-gap-extended\">\n\t\t\t\t\t\t\t<div class=\"elementor-row\">\n\t\t\t\t\t<div class=\"elementor-column elementor-col-100 elementor-inner-column elementor-element elementor-element-13ccef17\" data-id=\"13ccef17\" data-element_type=\"column\">\n\t\t\t<div class=\"elementor-column-wrap elementor-element-populated\">\n\t\t\t\t\t\t\t<div class=\"elementor-widget-wrap\">\n\t\t\t\t\t\t<div class=\"elementor-element elementor-element-37d03351 elementor-widget elementor-widget-text-editor\" data-id=\"37d03351\" data-element_type=\"widget\" data-widget_type=\"text-editor.default\">\n\t\t\t\t<div class=\"elementor-widget-container\">\n\t\t\t\t\t<div class=\"elementor-text-editor elementor-clearfix\"><p><strong><span style=\"color: #ffffff;\">Entrada Gratuita <\/span><\/strong>* (at\u00e9 ao limite da lota\u00e7\u00e3o da sala)<\/p><p>* entrada pela ESMAE &#8211; Rua da Alegria, 503<\/p><\/div>\n\t\t\t\t<\/div>\n\t\t\t\t<\/div>\n\t\t\t\t\t\t<\/div>\n\t\t\t\t\t<\/div>\n\t\t<\/div>\n\t\t\t\t\t\t\t\t<\/div>\n\t\t\t\t\t<\/div>\n\t\t<\/section>\n\t\t\t\t\t\t<\/div>\n\t\t\t\t\t<\/div>\n\t\t<\/div>\n\t\t\t\t\t\t\t\t<\/div>\n\t\t\t\t\t<\/div>\n\t\t<\/section>\n\t\t\t\t<section class=\"elementor-section elementor-top-section elementor-element elementor-element-27396e03 elementor-section-boxed elementor-section-height-default elementor-section-height-default\" data-id=\"27396e03\" data-element_type=\"section\" data-settings=\"{&quot;background_background&quot;:&quot;classic&quot;}\">\n\t\t\t\t\t\t<div class=\"elementor-container elementor-column-gap-default\">\n\t\t\t\t\t\t\t<div class=\"elementor-row\">\n\t\t\t\t\t<div class=\"elementor-column elementor-col-33 elementor-top-column elementor-element elementor-element-58a3d7fc\" data-id=\"58a3d7fc\" data-element_type=\"column\">\n\t\t\t<div class=\"elementor-column-wrap elementor-element-populated\">\n\t\t\t\t\t\t\t<div class=\"elementor-widget-wrap\">\n\t\t\t\t\t\t<div class=\"elementor-element elementor-element-44756e58 elementor-widget elementor-widget-spacer\" data-id=\"44756e58\" data-element_type=\"widget\" data-widget_type=\"spacer.default\">\n\t\t\t\t<div class=\"elementor-widget-container\">\n\t\t\t\t\t<div class=\"elementor-spacer\">\n\t\t\t<div class=\"elementor-spacer-inner\"><\/div>\n\t\t<\/div>\n\t\t\t\t<\/div>\n\t\t\t\t<\/div>\n\t\t\t\t<div class=\"elementor-element elementor-element-688a9f8c elementor-widget elementor-widget-text-editor\" data-id=\"688a9f8c\" data-element_type=\"widget\" data-widget_type=\"text-editor.default\">\n\t\t\t\t<div class=\"elementor-widget-container\">\n\t\t\t\t\t<div class=\"elementor-text-editor elementor-clearfix\"><p>Os caminhos de Diana Andrashenko e de Mariana Marques Coelho cruzaram-se pela primeira vez em 2015, aquando da vinda de Diana para Portugal, mais concretamente para Vila do Conde (cidade vizinha da P\u00f3voa de Varzim, onde Mariana cresceu). Foi atrav\u00e9s da m\u00fasica que esse encontro se sucedeu. Diana ingressou na mesma escola b\u00e1sica e secund\u00e1ria em que Mariana estudava. Ambas frequentavam a atividade de m\u00fasica, com hor\u00e1rios seguidos, o que permitiu que da\u00ed tivessem surgido muitas improvisa\u00e7\u00f5es e uma enorme vontade de partilhar m\u00fasica uma com a outra. No ano seguinte, Diana acabou por mudar de escola, de modo a dar continuidade aos seus estudos na m\u00fasica de forma oficial. O percurso na m\u00fasica de Mariana manteve-se tanto na Escola de M\u00fasica da P\u00f3voa de Varzim, como na sua escola b\u00e1sica e secund\u00e1ria, onde sempre tamb\u00e9m estudou m\u00fasica. Anos mais tarde, os caminhos de Diana e Mariana voltaram a cruzar-se na Escola Superior de M\u00fasica e Artes de Espet\u00e1culo do Porto, resultando, em \u00faltimo, neste Recital Final de Licenciatura: Caminhos.<\/p><p>\u00a0<\/p><\/div>\n\t\t\t\t<\/div>\n\t\t\t\t<\/div>\n\t\t\t\t\t\t<\/div>\n\t\t\t\t\t<\/div>\n\t\t<\/div>\n\t\t\t\t<div class=\"elementor-column elementor-col-33 elementor-top-column elementor-element elementor-element-1fcbf4c\" data-id=\"1fcbf4c\" data-element_type=\"column\" data-settings=\"{&quot;background_background&quot;:&quot;classic&quot;}\">\n\t\t\t<div class=\"elementor-column-wrap elementor-element-populated\">\n\t\t\t\t\t<div class=\"elementor-background-overlay\"><\/div>\n\t\t\t\t\t\t\t<div class=\"elementor-widget-wrap\">\n\t\t\t\t\t\t<div class=\"elementor-element elementor-element-7fa58956 elementor-widget elementor-widget-spacer\" data-id=\"7fa58956\" data-element_type=\"widget\" data-widget_type=\"spacer.default\">\n\t\t\t\t<div class=\"elementor-widget-container\">\n\t\t\t\t\t<div class=\"elementor-spacer\">\n\t\t\t<div class=\"elementor-spacer-inner\"><\/div>\n\t\t<\/div>\n\t\t\t\t<\/div>\n\t\t\t\t<\/div>\n\t\t\t\t\t\t<\/div>\n\t\t\t\t\t<\/div>\n\t\t<\/div>\n\t\t\t\t<div class=\"elementor-column elementor-col-33 elementor-top-column elementor-element elementor-element-6cc47c87\" data-id=\"6cc47c87\" data-element_type=\"column\">\n\t\t\t<div class=\"elementor-column-wrap elementor-element-populated\">\n\t\t\t\t\t\t\t<div class=\"elementor-widget-wrap\">\n\t\t\t\t\t\t<div class=\"elementor-element elementor-element-0a68e48 elementor-widget elementor-widget-image\" data-id=\"0a68e48\" data-element_type=\"widget\" data-widget_type=\"image.default\">\n\t\t\t\t<div class=\"elementor-widget-container\">\n\t\t\t\t\t<div class=\"elementor-image\">\n\t\t\t\t\t\t\t\t\t\t<img width=\"768\" height=\"1024\" src=\"http:\/\/thsc.pt\/wp-content\/uploads\/2023\/07\/Cartaz-Caminhos-768x1024.jpg\" class=\"attachment-large size-large\" alt=\"\" decoding=\"async\" loading=\"lazy\" srcset=\"http:\/\/thsc.pt\/wp-content\/uploads\/2023\/07\/Cartaz-Caminhos-768x1024.jpg 768w, http:\/\/thsc.pt\/wp-content\/uploads\/2023\/07\/Cartaz-Caminhos-225x300.jpg 225w, http:\/\/thsc.pt\/wp-content\/uploads\/2023\/07\/Cartaz-Caminhos-300x400.jpg 300w, http:\/\/thsc.pt\/wp-content\/uploads\/2023\/07\/Cartaz-Caminhos.jpg 1008w\" sizes=\"(max-width: 768px) 100vw, 768px\" \/>\t\t\t\t\t\t\t\t\t\t\t<\/div>\n\t\t\t\t<\/div>\n\t\t\t\t<\/div>\n\t\t\t\t\t\t<\/div>\n\t\t\t\t\t<\/div>\n\t\t<\/div>\n\t\t\t\t\t\t\t\t<\/div>\n\t\t\t\t\t<\/div>\n\t\t<\/section>\n\t\t\t\t<section class=\"elementor-section elementor-top-section elementor-element elementor-element-49aa0d7c elementor-section-height-min-height elementor-section-boxed elementor-section-height-default elementor-section-items-middle\" data-id=\"49aa0d7c\" data-element_type=\"section\" data-settings=\"{&quot;background_background&quot;:&quot;classic&quot;}\">\n\t\t\t\t\t\t<div class=\"elementor-container elementor-column-gap-default\">\n\t\t\t\t\t\t\t<div class=\"elementor-row\">\n\t\t\t\t\t<div class=\"elementor-column elementor-col-33 elementor-top-column elementor-element elementor-element-1f982e8b\" data-id=\"1f982e8b\" data-element_type=\"column\">\n\t\t\t<div class=\"elementor-column-wrap elementor-element-populated\">\n\t\t\t\t\t\t\t<div class=\"elementor-widget-wrap\">\n\t\t\t\t\t\t<div class=\"elementor-element elementor-element-13aa9cfc elementor-widget elementor-widget-spacer\" data-id=\"13aa9cfc\" data-element_type=\"widget\" data-widget_type=\"spacer.default\">\n\t\t\t\t<div class=\"elementor-widget-container\">\n\t\t\t\t\t<div class=\"elementor-spacer\">\n\t\t\t<div class=\"elementor-spacer-inner\"><\/div>\n\t\t<\/div>\n\t\t\t\t<\/div>\n\t\t\t\t<\/div>\n\t\t\t\t\t\t<\/div>\n\t\t\t\t\t<\/div>\n\t\t<\/div>\n\t\t\t\t<div class=\"elementor-column elementor-col-33 elementor-top-column elementor-element elementor-element-1e261a7f\" data-id=\"1e261a7f\" data-element_type=\"column\" data-settings=\"{&quot;background_background&quot;:&quot;classic&quot;}\">\n\t\t\t<div class=\"elementor-column-wrap elementor-element-populated\">\n\t\t\t\t\t<div class=\"elementor-background-overlay\"><\/div>\n\t\t\t\t\t\t\t<div class=\"elementor-widget-wrap\">\n\t\t\t\t\t\t<div class=\"elementor-element elementor-element-1df743fc elementor-widget elementor-widget-spacer\" data-id=\"1df743fc\" data-element_type=\"widget\" data-widget_type=\"spacer.default\">\n\t\t\t\t<div class=\"elementor-widget-container\">\n\t\t\t\t\t<div class=\"elementor-spacer\">\n\t\t\t<div class=\"elementor-spacer-inner\"><\/div>\n\t\t<\/div>\n\t\t\t\t<\/div>\n\t\t\t\t<\/div>\n\t\t\t\t\t\t<\/div>\n\t\t\t\t\t<\/div>\n\t\t<\/div>\n\t\t\t\t<div class=\"elementor-column elementor-col-33 elementor-top-column elementor-element elementor-element-5358e34c\" data-id=\"5358e34c\" data-element_type=\"column\">\n\t\t\t<div class=\"elementor-column-wrap\">\n\t\t\t\t\t\t\t<div class=\"elementor-widget-wrap\">\n\t\t\t\t\t\t\t\t<\/div>\n\t\t\t\t\t<\/div>\n\t\t<\/div>\n\t\t\t\t\t\t\t\t<\/div>\n\t\t\t\t\t<\/div>\n\t\t<\/section>\n\t\t\t\t<section class=\"elementor-section elementor-top-section elementor-element elementor-element-19a6e115 elementor-section-full_width elementor-section-height-min-height elementor-section-height-default elementor-section-items-middle\" data-id=\"19a6e115\" data-element_type=\"section\" data-settings=\"{&quot;background_background&quot;:&quot;classic&quot;}\">\n\t\t\t\t\t\t<div class=\"elementor-container elementor-column-gap-no\">\n\t\t\t\t\t\t\t<div class=\"elementor-row\">\n\t\t\t\t\t<div class=\"elementor-column elementor-col-50 elementor-top-column elementor-element elementor-element-5f0f5128\" data-id=\"5f0f5128\" data-element_type=\"column\">\n\t\t\t<div class=\"elementor-column-wrap elementor-element-populated\">\n\t\t\t\t\t\t\t<div class=\"elementor-widget-wrap\">\n\t\t\t\t\t\t<div class=\"elementor-element elementor-element-22255901 elementor-widget elementor-widget-text-editor\" data-id=\"22255901\" data-element_type=\"widget\" data-widget_type=\"text-editor.default\">\n\t\t\t\t<div class=\"elementor-widget-container\">\n\t\t\t\t\t<div class=\"elementor-text-editor elementor-clearfix\"><blockquote><p class=\"p1\"><span style=\"color: #333333;\"><strong>Biografias<\/strong><\/span><\/p><\/blockquote><p><strong>DIANA ANDRASHENKO<br \/><\/strong>Diana Andrashenko, natural da Ucr\u00e2nia, nasceu em Pyryatyn de Poltavska oblast. Come\u00e7ou os seus estudos musicais em piano aos 7 anos na Escola de M\u00fasica e Educa\u00e7\u00e3o Est\u00e9tica. Em 2016, continuou o seu percurso musical no Conservat\u00f3rio de M\u00fasica de Vila do Conde, onde concluiu o 8\u00ba grau de piano, em 2020, sob a tutela da professora Teresa Bento, tendo tamb\u00e9m tido aulas de An\u00e1lise e T\u00e9cnicas de Composi\u00e7\u00e3o com o professor Eduardo Lu\u00eds Patriarca. No mesmo ano, ingressou na Licenciatura de Composi\u00e7\u00e3o da Escola Superior de M\u00fasica e das Artes do Espet\u00e1culo do Instituto Polit\u00e9cnico do Porto, onde estudou, enquanto aluna de composi\u00e7\u00e3o individual, com os professores Pedro Santos e Dimitrios Andrikopoulos. Atualmente est\u00e1 a estudar com a professora \u00c2ngela da Ponte. Nas suas composi\u00e7\u00f5es \u00e9 de destacar a explora\u00e7\u00e3o de diferentes t\u00e9cnicas, especialmente, a nota\u00e7\u00e3o gr\u00e1fica, cria\u00e7\u00e3o por camadas texturais e desenvolvimento cont\u00ednuo\/gradual do material.<\/p><\/div>\n\t\t\t\t<\/div>\n\t\t\t\t<\/div>\n\t\t\t\t\t\t<\/div>\n\t\t\t\t\t<\/div>\n\t\t<\/div>\n\t\t\t\t<div class=\"elementor-column elementor-col-50 elementor-top-column elementor-element elementor-element-34388890\" data-id=\"34388890\" data-element_type=\"column\">\n\t\t\t<div class=\"elementor-column-wrap elementor-element-populated\">\n\t\t\t\t\t\t\t<div class=\"elementor-widget-wrap\">\n\t\t\t\t\t\t<div class=\"elementor-element elementor-element-1e0c692f elementor-widget elementor-widget-text-editor\" data-id=\"1e0c692f\" data-element_type=\"widget\" data-widget_type=\"text-editor.default\">\n\t\t\t\t<div class=\"elementor-widget-container\">\n\t\t\t\t\t<div class=\"elementor-text-editor elementor-clearfix\"><p>\u00a0<\/p><p>\u00a0<\/p><p><strong>MARIANA MARQUES COELHO<br \/><\/strong>Mariana Marques Coelho \u00e9 compositora, da P\u00f3voa de Varzim, nascida em 2001. Come\u00e7ou a estudar piano aos 4 anos num registo mais informal. Em 2010, iniciou os seus estudos na Escola de M\u00fasica da P\u00f3voa de Varzim, onde conclui o 8\u00ba grau de piano. Atualmente, encontra-se a frequentar o \u00faltimo ano da Licenciatura em Composi\u00e7\u00e3o na Escola Superior de M\u00fasica e Artes do Espet\u00e1culo, tendo estudado sob orienta\u00e7\u00e3o dos professores Daniel Moreira, Dimitrios Andrikopoulos, Pedro Santos e Rui Penha. Enquanto compositora, interessa-se por explorar a conjuga\u00e7\u00e3o da m\u00fasica com as diferentes \u00e1reas art\u00edsticas como a dan\u00e7a, a poesia, o teatro, o cinema e a multim\u00e9dia. A media\u00e7\u00e3o de p\u00fablicos \u00e9 tamb\u00e9m um dos t\u00f3picos do seu interesse, tendo tamb\u00e9m como objetivo a cria\u00e7\u00e3o e dinamiza\u00e7\u00e3o de projetos pedag\u00f3gicos e de arte participativa que levam a m\u00fasica contempor\u00e2nea, e em geral as diferentes \u00e1reas art\u00edsticas, a novos p\u00fablicos.<\/p><\/div>\n\t\t\t\t<\/div>\n\t\t\t\t<\/div>\n\t\t\t\t\t\t<\/div>\n\t\t\t\t\t<\/div>\n\t\t<\/div>\n\t\t\t\t\t\t\t\t<\/div>\n\t\t\t\t\t<\/div>\n\t\t<\/section>\n\t\t\t\t\t\t<\/div>\n\t\t\t\t\t\t<\/div>\n\t\t\t\t\t<\/div>\n\t\t","protected":false},"excerpt":{"rendered":"<p>CAMINHOS RECITAL DE COMPOSI\u00c7\u00c3O DE DIANA ANDRASHENKO E MARIANA MARQUES COELHO &#8211; 11 de julho &#8211;\u00a0 Ter\u00e7a-feira , 11 de [&hellip;]<\/p>\n","protected":false},"author":1,"featured_media":0,"parent":0,"menu_order":0,"comment_status":"closed","ping_status":"closed","template":"","meta":[],"_links":{"self":[{"href":"http:\/\/thsc.pt\/index.php?rest_route=\/wp\/v2\/pages\/4405"}],"collection":[{"href":"http:\/\/thsc.pt\/index.php?rest_route=\/wp\/v2\/pages"}],"about":[{"href":"http:\/\/thsc.pt\/index.php?rest_route=\/wp\/v2\/types\/page"}],"author":[{"embeddable":true,"href":"http:\/\/thsc.pt\/index.php?rest_route=\/wp\/v2\/users\/1"}],"replies":[{"embeddable":true,"href":"http:\/\/thsc.pt\/index.php?rest_route=%2Fwp%2Fv2%2Fcomments&post=4405"}],"version-history":[{"count":3,"href":"http:\/\/thsc.pt\/index.php?rest_route=\/wp\/v2\/pages\/4405\/revisions"}],"predecessor-version":[{"id":4424,"href":"http:\/\/thsc.pt\/index.php?rest_route=\/wp\/v2\/pages\/4405\/revisions\/4424"}],"wp:attachment":[{"href":"http:\/\/thsc.pt\/index.php?rest_route=%2Fwp%2Fv2%2Fmedia&parent=4405"}],"curies":[{"name":"wp","href":"https:\/\/api.w.org\/{rel}","templated":true}]}}