{"id":4316,"date":"2023-06-07T16:01:23","date_gmt":"2023-06-07T15:01:23","guid":{"rendered":"http:\/\/thsc.pt\/?page_id=4316"},"modified":"2023-06-07T17:21:37","modified_gmt":"2023-06-07T16:21:37","slug":"maratona-de-danca","status":"publish","type":"page","link":"http:\/\/thsc.pt\/?page_id=4316","title":{"rendered":"MARATONA DE DAN\u00c7A"},"content":{"rendered":"\t\t<div data-elementor-type=\"wp-page\" data-elementor-id=\"4316\" class=\"elementor elementor-4316\" data-elementor-settings=\"[]\">\n\t\t\t\t\t\t<div class=\"elementor-inner\">\n\t\t\t\t\t\t\t<div class=\"elementor-section-wrap\">\n\t\t\t\t\t\t\t<section class=\"elementor-section elementor-top-section elementor-element elementor-element-64f7b9c6 elementor-section-height-min-height elementor-section-boxed elementor-section-height-default elementor-section-items-middle\" data-id=\"64f7b9c6\" data-element_type=\"section\" data-settings=\"{&quot;background_background&quot;:&quot;classic&quot;}\">\n\t\t\t\t\t\t\t<div class=\"elementor-background-overlay\"><\/div>\n\t\t\t\t\t\t\t<div class=\"elementor-container elementor-column-gap-default\">\n\t\t\t\t\t\t\t<div class=\"elementor-row\">\n\t\t\t\t\t<div class=\"elementor-column elementor-col-100 elementor-top-column elementor-element elementor-element-155f9d75\" data-id=\"155f9d75\" data-element_type=\"column\">\n\t\t\t<div class=\"elementor-column-wrap elementor-element-populated\">\n\t\t\t\t\t\t\t<div class=\"elementor-widget-wrap\">\n\t\t\t\t\t\t<div class=\"elementor-element elementor-element-3353b6b5 elementor-widget elementor-widget-spacer\" data-id=\"3353b6b5\" data-element_type=\"widget\" data-widget_type=\"spacer.default\">\n\t\t\t\t<div class=\"elementor-widget-container\">\n\t\t\t\t\t<div class=\"elementor-spacer\">\n\t\t\t<div class=\"elementor-spacer-inner\"><\/div>\n\t\t<\/div>\n\t\t\t\t<\/div>\n\t\t\t\t<\/div>\n\t\t\t\t<div class=\"elementor-element elementor-element-2cc344a5 elementor-widget elementor-widget-heading\" data-id=\"2cc344a5\" data-element_type=\"widget\" data-widget_type=\"heading.default\">\n\t\t\t\t<div class=\"elementor-widget-container\">\n\t\t\t<h1 class=\"elementor-heading-title elementor-size-large\">MARATONA DE DAN\u00c7A<\/h1>\t\t<\/div>\n\t\t\t\t<\/div>\n\t\t\t\t<div class=\"elementor-element elementor-element-33bc2214 elementor-widget elementor-widget-text-editor\" data-id=\"33bc2214\" data-element_type=\"widget\" data-widget_type=\"text-editor.default\">\n\t\t\t\t<div class=\"elementor-widget-container\">\n\t\t\t\t\t<div class=\"elementor-text-editor elementor-clearfix\"><h2><span style=\"color: #ffffff;\"><strong>&#8211; 11 de junho-\u00a0<\/strong><\/span><\/h2><p>Domingo , 11 de junho \u2013 16h00<br \/><br \/><\/p><\/div>\n\t\t\t\t<\/div>\n\t\t\t\t<\/div>\n\t\t\t\t<section class=\"elementor-section elementor-inner-section elementor-element elementor-element-1c2598fc elementor-section-content-middle elementor-section-boxed elementor-section-height-default elementor-section-height-default\" data-id=\"1c2598fc\" data-element_type=\"section\">\n\t\t\t\t\t\t<div class=\"elementor-container elementor-column-gap-extended\">\n\t\t\t\t\t\t\t<div class=\"elementor-row\">\n\t\t\t\t\t<div class=\"elementor-column elementor-col-100 elementor-inner-column elementor-element elementor-element-688c927b\" data-id=\"688c927b\" data-element_type=\"column\">\n\t\t\t<div class=\"elementor-column-wrap elementor-element-populated\">\n\t\t\t\t\t\t\t<div class=\"elementor-widget-wrap\">\n\t\t\t\t\t\t<div class=\"elementor-element elementor-element-8c3b2cd elementor-widget elementor-widget-text-editor\" data-id=\"8c3b2cd\" data-element_type=\"widget\" data-widget_type=\"text-editor.default\">\n\t\t\t\t<div class=\"elementor-widget-container\">\n\t\t\t\t\t<div class=\"elementor-text-editor elementor-clearfix\"><h5><span style=\"color: #ffffff;\">Entrada Gratuita (at\u00e9 ao limite da lota\u00e7\u00e3o da sala)<br \/>Entrada pela Rua da Alegria, 503.<\/span><\/h5><\/div>\n\t\t\t\t<\/div>\n\t\t\t\t<\/div>\n\t\t\t\t\t\t<\/div>\n\t\t\t\t\t<\/div>\n\t\t<\/div>\n\t\t\t\t\t\t\t\t<\/div>\n\t\t\t\t\t<\/div>\n\t\t<\/section>\n\t\t\t\t\t\t<\/div>\n\t\t\t\t\t<\/div>\n\t\t<\/div>\n\t\t\t\t\t\t\t\t<\/div>\n\t\t\t\t\t<\/div>\n\t\t<\/section>\n\t\t\t\t<section class=\"elementor-section elementor-top-section elementor-element elementor-element-5b2dd44f elementor-section-boxed elementor-section-height-default elementor-section-height-default\" data-id=\"5b2dd44f\" data-element_type=\"section\" data-settings=\"{&quot;background_background&quot;:&quot;classic&quot;}\">\n\t\t\t\t\t\t<div class=\"elementor-container elementor-column-gap-default\">\n\t\t\t\t\t\t\t<div class=\"elementor-row\">\n\t\t\t\t\t<div class=\"elementor-column elementor-col-33 elementor-top-column elementor-element elementor-element-10975162\" data-id=\"10975162\" data-element_type=\"column\">\n\t\t\t<div class=\"elementor-column-wrap elementor-element-populated\">\n\t\t\t\t\t\t\t<div class=\"elementor-widget-wrap\">\n\t\t\t\t\t\t<div class=\"elementor-element elementor-element-2ae6f65f elementor-widget elementor-widget-spacer\" data-id=\"2ae6f65f\" data-element_type=\"widget\" data-widget_type=\"spacer.default\">\n\t\t\t\t<div class=\"elementor-widget-container\">\n\t\t\t\t\t<div class=\"elementor-spacer\">\n\t\t\t<div class=\"elementor-spacer-inner\"><\/div>\n\t\t<\/div>\n\t\t\t\t<\/div>\n\t\t\t\t<\/div>\n\t\t\t\t<div class=\"elementor-element elementor-element-7324cbc3 elementor-widget elementor-widget-text-editor\" data-id=\"7324cbc3\" data-element_type=\"widget\" data-widget_type=\"text-editor.default\">\n\t\t\t\t<div class=\"elementor-widget-container\">\n\t\t\t\t\t<div class=\"elementor-text-editor elementor-clearfix\"><p>Quando duas ou mais pessoas se encontram para dan\u00e7ar estabelece-se uma intera\u00e7\u00e3o face a face, pondo em a\u00e7\u00e3o um arquivo social e corporal que vem, por um lado, de uma hist\u00f3ria coletiva e, por outro lado, das experi\u00eancias e viv\u00eancias de cada um(a).<\/p><p>Trata-se de um report\u00f3rio semelhante de formas de movimento que permitir\u00e1 que corpos criem uma coreografia que se constitui como mem\u00f3ria de um espa\u00e7o e tempo, bem como um patrim\u00f3nio de ritmos e passos coletivos pertencente a uma biblioteca coreogr\u00e1fica universal.<\/p><p>O Ciclo \u201cMaratona de Dan\u00e7a da ESMAE\u201d revela-se um espa\u00e7o de experimenta\u00e7\u00e3o coreogr\u00e1fica tendo como prop\u00f3sito a rela\u00e7\u00e3o entre a corporeidade e a performatividade do \u201ccorpo dan\u00e7ante\u201d. Este ciclo est\u00e1 aberto a \u201ctodas as dan\u00e7as\u201d e a \u201ctodos os corpos\u201d buscando a forma como se enunciam e tecem discursos sobre a(s) identidade(s).\u00a0\u00a0<\/p><p>Dire\u00e7\u00e3o art\u00edstica e programa\u00e7\u00e3o: Cl\u00e1udia Marisa\u00a0 Core\u00f3grafo(a)s convidado(a)s para a temporada de 2023: Helena Magalh\u00e3es, M\u00f3nica Perestrelo, Pedro Carvalho\u00a0<\/p><p>A ESMAE estreia o ciclo Maratona de Dan\u00e7a com a inten\u00e7\u00e3o de dar oportunidade aos criadores, no \u00e2mbito do Mestrado em Interpreta\u00e7\u00e3o e Dire\u00e7\u00e3o Art\u00edstica (futuramente Dan\u00e7a, Composi\u00e7\u00e3o Coreogr\u00e1fica &#8211; em substitui\u00e7\u00e3o da P\u00f3s-gradua\u00e7\u00e3o em Dan\u00e7a Contempor\u00e2nea), a possibilidade de se apresentarem no THSC e em outros espa\u00e7os. Este ciclo ter\u00e1 programa\u00e7\u00e3o duas\/tr\u00eas vezes por ano. A primeira decorrer\u00e1 no domingo, 11 de junho, pelas 16h00, no Teatro Helena S\u00e1 e Costa.<\/p><\/div>\n\t\t\t\t<\/div>\n\t\t\t\t<\/div>\n\t\t\t\t\t\t<\/div>\n\t\t\t\t\t<\/div>\n\t\t<\/div>\n\t\t\t\t<div class=\"elementor-column elementor-col-33 elementor-top-column elementor-element elementor-element-4101cb76\" data-id=\"4101cb76\" data-element_type=\"column\" data-settings=\"{&quot;background_background&quot;:&quot;classic&quot;}\">\n\t\t\t<div class=\"elementor-column-wrap elementor-element-populated\">\n\t\t\t\t\t<div class=\"elementor-background-overlay\"><\/div>\n\t\t\t\t\t\t\t<div class=\"elementor-widget-wrap\">\n\t\t\t\t\t\t<div class=\"elementor-element elementor-element-1ce03483 elementor-widget elementor-widget-spacer\" data-id=\"1ce03483\" data-element_type=\"widget\" data-widget_type=\"spacer.default\">\n\t\t\t\t<div class=\"elementor-widget-container\">\n\t\t\t\t\t<div class=\"elementor-spacer\">\n\t\t\t<div class=\"elementor-spacer-inner\"><\/div>\n\t\t<\/div>\n\t\t\t\t<\/div>\n\t\t\t\t<\/div>\n\t\t\t\t\t\t<\/div>\n\t\t\t\t\t<\/div>\n\t\t<\/div>\n\t\t\t\t<div class=\"elementor-column elementor-col-33 elementor-top-column elementor-element elementor-element-2a94d357\" data-id=\"2a94d357\" data-element_type=\"column\">\n\t\t\t<div class=\"elementor-column-wrap\">\n\t\t\t\t\t\t\t<div class=\"elementor-widget-wrap\">\n\t\t\t\t\t\t\t\t<\/div>\n\t\t\t\t\t<\/div>\n\t\t<\/div>\n\t\t\t\t\t\t\t\t<\/div>\n\t\t\t\t\t<\/div>\n\t\t<\/section>\n\t\t\t\t<section class=\"elementor-section elementor-top-section elementor-element elementor-element-70792922 elementor-section-height-min-height elementor-section-boxed elementor-section-height-default elementor-section-items-middle\" data-id=\"70792922\" data-element_type=\"section\" data-settings=\"{&quot;background_background&quot;:&quot;classic&quot;}\">\n\t\t\t\t\t\t<div class=\"elementor-container elementor-column-gap-default\">\n\t\t\t\t\t\t\t<div class=\"elementor-row\">\n\t\t\t\t\t<div class=\"elementor-column elementor-col-33 elementor-top-column elementor-element elementor-element-49c57edf\" data-id=\"49c57edf\" data-element_type=\"column\">\n\t\t\t<div class=\"elementor-column-wrap elementor-element-populated\">\n\t\t\t\t\t\t\t<div class=\"elementor-widget-wrap\">\n\t\t\t\t\t\t<div class=\"elementor-element elementor-element-46ad12c5 elementor-widget elementor-widget-spacer\" data-id=\"46ad12c5\" data-element_type=\"widget\" data-widget_type=\"spacer.default\">\n\t\t\t\t<div class=\"elementor-widget-container\">\n\t\t\t\t\t<div class=\"elementor-spacer\">\n\t\t\t<div class=\"elementor-spacer-inner\"><\/div>\n\t\t<\/div>\n\t\t\t\t<\/div>\n\t\t\t\t<\/div>\n\t\t\t\t\t\t<\/div>\n\t\t\t\t\t<\/div>\n\t\t<\/div>\n\t\t\t\t<div class=\"elementor-column elementor-col-33 elementor-top-column elementor-element elementor-element-10243c41\" data-id=\"10243c41\" data-element_type=\"column\" data-settings=\"{&quot;background_background&quot;:&quot;classic&quot;}\">\n\t\t\t<div class=\"elementor-column-wrap elementor-element-populated\">\n\t\t\t\t\t<div class=\"elementor-background-overlay\"><\/div>\n\t\t\t\t\t\t\t<div class=\"elementor-widget-wrap\">\n\t\t\t\t\t\t<div class=\"elementor-element elementor-element-267d053d elementor-widget elementor-widget-spacer\" data-id=\"267d053d\" data-element_type=\"widget\" data-widget_type=\"spacer.default\">\n\t\t\t\t<div class=\"elementor-widget-container\">\n\t\t\t\t\t<div class=\"elementor-spacer\">\n\t\t\t<div class=\"elementor-spacer-inner\"><\/div>\n\t\t<\/div>\n\t\t\t\t<\/div>\n\t\t\t\t<\/div>\n\t\t\t\t\t\t<\/div>\n\t\t\t\t\t<\/div>\n\t\t<\/div>\n\t\t\t\t<div class=\"elementor-column elementor-col-33 elementor-top-column elementor-element elementor-element-21e67d65\" data-id=\"21e67d65\" data-element_type=\"column\">\n\t\t\t<div class=\"elementor-column-wrap elementor-element-populated\">\n\t\t\t\t\t\t\t<div class=\"elementor-widget-wrap\">\n\t\t\t\t\t\t<div class=\"elementor-element elementor-element-b66b2be elementor-aspect-ratio-169 elementor-widget elementor-widget-video\" data-id=\"b66b2be\" data-element_type=\"widget\" data-settings=\"{&quot;aspect_ratio&quot;:&quot;169&quot;}\" data-widget_type=\"video.default\">\n\t\t\t\t<div class=\"elementor-widget-container\">\n\t\t\t\t\t<div class=\"elementor-wrapper elementor-fit-aspect-ratio elementor-open-inline\">\n\t\t\t\t\t<video class=\"elementor-video\" src=\"http:\/\/thsc.pt\/wp-content\/uploads\/2023\/06\/insta_maratona.mp4\" controls=\"\" controlsList=\"nodownload\"><\/video>\n\t\t\t\t<\/div>\n\t\t\t\t<\/div>\n\t\t\t\t<\/div>\n\t\t\t\t\t\t<\/div>\n\t\t\t\t\t<\/div>\n\t\t<\/div>\n\t\t\t\t\t\t\t\t<\/div>\n\t\t\t\t\t<\/div>\n\t\t<\/section>\n\t\t\t\t<section class=\"elementor-section elementor-top-section elementor-element elementor-element-56c4261 elementor-section-full_width elementor-section-height-min-height elementor-section-height-default elementor-section-items-middle\" data-id=\"56c4261\" data-element_type=\"section\" data-settings=\"{&quot;background_background&quot;:&quot;classic&quot;}\">\n\t\t\t\t\t\t<div class=\"elementor-container elementor-column-gap-no\">\n\t\t\t\t\t\t\t<div class=\"elementor-row\">\n\t\t\t\t\t<div class=\"elementor-column elementor-col-50 elementor-top-column elementor-element elementor-element-21936e3d\" data-id=\"21936e3d\" data-element_type=\"column\">\n\t\t\t<div class=\"elementor-column-wrap elementor-element-populated\">\n\t\t\t\t\t\t\t<div class=\"elementor-widget-wrap\">\n\t\t\t\t\t\t<div class=\"elementor-element elementor-element-5dbf0904 elementor-widget elementor-widget-text-editor\" data-id=\"5dbf0904\" data-element_type=\"widget\" data-widget_type=\"text-editor.default\">\n\t\t\t\t<div class=\"elementor-widget-container\">\n\t\t\t\t\t<div class=\"elementor-text-editor elementor-clearfix\"><blockquote><p class=\"p1\"><span style=\"color: #333333;\"><strong>Guarda-Fatos<\/strong><\/span><\/p><\/blockquote><p>\u00a0\u201cParece que deixamos de ter pele, pelos e corpo.\u00a0 Temos roupas. Estas roupas. As roupas que querem que nos identifiquem. (\u2026) A certa altura j\u00e1 n\u00e3o me chamo pelo nome, j\u00e1 sou um n\u00famero, um tecido, dois tecidos, tr\u00eas tecidos, quatro tecidos\u2026mil tecidos. Ponto atr\u00e1s de ponto, para que tudo se enquadre na etiqueta. (\u2026) Por isso \u00e9 esta a pele que me veste e que te visto, aquela que te enquadra. Que te encaixa no mundo. E que te desconcerta. Que te acusa e abusa, que te marca. \u00a0\u00a0<\/p><p><strong>Cria\u00e7\u00e3o\/Dire\u00e7\u00e3o coreogr\u00e1fica<\/strong><br \/>Helena Magalh\u00e3es\u00a0<\/p><p><strong>Cocria\u00e7\u00e3o\/Interpreta\u00e7\u00e3o<\/strong><br \/>Helena Magalh\u00e3es e Pedro Carvalho<\/p><p><strong>Texto<\/strong><br \/>Helena Magalh\u00e3es<\/p><p><strong>M\u00fasica<\/strong><br \/>Ryuichi Sakamoto<br \/>Alberto Rafael \u2013 Espacio Siete<\/p><p><strong>Desenho de Luz<\/strong><br \/>Bruno Pacheco<\/p><p><strong>Figurinos<\/strong><br \/>Helena Magalh\u00e3es<br \/>Pedro Carvalho<\/p><p><strong>Dura\u00e7\u00e3o<\/strong><br \/>35 minutos (aprox.)<\/p><\/div>\n\t\t\t\t<\/div>\n\t\t\t\t<\/div>\n\t\t\t\t<div class=\"elementor-element elementor-element-cdddf2d elementor-widget elementor-widget-text-editor\" data-id=\"cdddf2d\" data-element_type=\"widget\" data-widget_type=\"text-editor.default\">\n\t\t\t\t<div class=\"elementor-widget-container\">\n\t\t\t\t\t<div class=\"elementor-text-editor elementor-clearfix\"><blockquote><p class=\"p1\"><strong>MALA UTOPIA<\/strong> <br \/>povoar corpos e ir adiante<\/p><\/blockquote><p><em>Como pode cada corpo que dan\u00e7a ser um corpo-poesia.\u00a0<\/em><\/p><p>Cada corpo que dan\u00e7a \u00e9 um corpo que explora um movimento pr\u00f3prio. \u00c9 um corpo que encontra no outro corpo a possibilidade de ser\u00a0<em>resson\u00e2ncia dos movimentos do mundo.<\/em> S\u00e3o corpos biogr\u00e1ficos, que contam uma hist\u00f3ria, partilham uma experi\u00eancia art\u00edstica e, em palco, constroem um objeto dan\u00e7a. A\u00ed, nesse lugar de existir, emocionam-se e conseguem emocionar os outros. S\u00e3o um corpo-poesia.\u00a0<\/p><p>\u00a0<\/p><p><strong>Cria\u00e7\u00e3o\/Dire\u00e7\u00e3o coreogr\u00e1fica<\/strong><br \/>Pedro Carvalho<\/p><p><strong> Cocria\u00e7\u00e3o\/Interpreta\u00e7\u00e3o<\/strong><br \/>Alexandra Marques<br \/>Ana Am\u00e9lia Gomes<br \/>Ana Ferreira<br \/>Ana Perera<br \/>Ana Raquel Ara\u00fajo<br \/>Angelica Crottini<br \/>Carla Pacheco<br \/>Ema Guidi<br \/>Filomena Moreira<br \/>Luc\u00eda P\u00e9rez<br \/>Nita<br \/>Pedro Carvalho<br \/>Ros\u00e1rio Larangeira<\/p><p><strong>M\u00fasica<\/strong><br \/>Bobby Krlic<br \/>Nils Frahm<br \/>Kimmo Pohjonen<br \/>\u00d3lafur Arnalds<\/p><p><strong>Desenho de Luz<\/strong><br \/>Bruno Pacheco<\/p><p><strong>Dura\u00e7\u00e3o<\/strong><br \/>55 minutos (aprox,)<\/p><p>\u00a0<\/p><\/div>\n\t\t\t\t<\/div>\n\t\t\t\t<\/div>\n\t\t\t\t\t\t<\/div>\n\t\t\t\t\t<\/div>\n\t\t<\/div>\n\t\t\t\t<div class=\"elementor-column elementor-col-50 elementor-top-column elementor-element elementor-element-232e301a\" data-id=\"232e301a\" data-element_type=\"column\">\n\t\t\t<div class=\"elementor-column-wrap elementor-element-populated\">\n\t\t\t\t\t\t\t<div class=\"elementor-widget-wrap\">\n\t\t\t\t\t\t<div class=\"elementor-element elementor-element-5c88409 elementor-widget elementor-widget-text-editor\" data-id=\"5c88409\" data-element_type=\"widget\" data-widget_type=\"text-editor.default\">\n\t\t\t\t<div class=\"elementor-widget-container\">\n\t\t\t\t\t<div class=\"elementor-text-editor elementor-clearfix\"><blockquote><p class=\"p1\"><strong>Terra do Sil\u00eancio<\/strong><\/p><\/blockquote><p>O Vento sopra e elas v\u00eam chegando de todos os lados inundando o palco. O corno chama do alto da montanha. Tr\u00eas cornos. Quatro cordas a chamar. Umas aproximam-se, outras giram em torno do rel\u00f3gio do tempo. Todas sentem o chamamento: somos mulheres. Carregamos os bord\u00f5es e fazemos uma v\u00e9nia a n\u00f3s mesmas. Cumprimentamo-nos e acertamos o passo. Somos deusas da ca\u00e7a, somos bruxas, somos mulheres que se erguem e apontam a espada. Fomos amarradas na cruz, fomos enjauladas como um p\u00e1ssaro sem a sua liberdade. Erguemos os queixos e avan\u00e7amos at\u00e9 ao p\u00fablico. Os olhos voltam-se para o topo da montanha que queremos chegar. Sem medos, pernas e bra\u00e7os em simult\u00e2neo, vamos batendo as asas. Oito passos, oito corpos. Agora em frente, saudamos as mulheres que caminham e caminharam connosco. As av\u00f3s, as m\u00e3es, as tias, as amigas. O manusear do cajado prova a nossa for\u00e7a. \u00c0 meia noite subimos o monte, fazemos uma viagem do presente ao passado. Olhamos para tr\u00e1s, para um outro tempo em que sub\u00edamos montanhas com dificuldade, resgatando por fim o ser que l\u00e1 em cima existe. As pastoras que sobreviveram aos invernos. Aos perigos da natureza. E por elas continuamos a jornada.<\/p><p>\u00a0<\/p><p><strong>Cria\u00e7\u00e3o\/Dire\u00e7\u00e3o coreogr\u00e1fica<\/strong><br \/>M\u00f3nica Perestrelo<\/p><p><strong>Interpreta\u00e7\u00e3o<\/strong><br \/>Ana Gamito<br \/>Carla Moutinho<br \/>In\u00eas Andrade<br \/>In\u00eas Antunes<br \/>Leonor Alexandre<br \/>Maria C\u00e1lix<br \/>M\u00f3nica Perestrelo<br \/>Rita Antunes\u00a0<\/p><p><strong>Figurinos<\/strong><br \/>Marlene Rodr\u00edguez\u00a0<\/p><p><strong>M\u00fasica<\/strong><br \/>Urze de Lume\u00a0<\/p><p><strong>Desenho de Luz<\/strong><br \/>Bruno Pacheco<\/p><p><strong>Apoio<\/strong><br \/>InDance<\/p><p><strong>Dura\u00e7\u00e3o<\/strong><br \/>55 min<\/p><p>\u00a0<\/p><\/div>\n\t\t\t\t<\/div>\n\t\t\t\t<\/div>\n\t\t\t\t\t\t<\/div>\n\t\t\t\t\t<\/div>\n\t\t<\/div>\n\t\t\t\t\t\t\t\t<\/div>\n\t\t\t\t\t<\/div>\n\t\t<\/section>\n\t\t\t\t<section class=\"elementor-section elementor-top-section elementor-element elementor-element-31d10e0f elementor-section-full_width elementor-section-stretched elementor-section-height-default elementor-section-height-default\" data-id=\"31d10e0f\" data-element_type=\"section\" data-settings=\"{&quot;stretch_section&quot;:&quot;section-stretched&quot;,&quot;background_background&quot;:&quot;classic&quot;}\">\n\t\t\t\t\t\t<div class=\"elementor-container elementor-column-gap-default\">\n\t\t\t\t\t\t\t<div class=\"elementor-row\">\n\t\t\t\t\t<div class=\"elementor-column elementor-col-100 elementor-top-column elementor-element elementor-element-1ddd9e64\" data-id=\"1ddd9e64\" data-element_type=\"column\">\n\t\t\t<div class=\"elementor-column-wrap elementor-element-populated\">\n\t\t\t\t\t\t\t<div class=\"elementor-widget-wrap\">\n\t\t\t\t\t\t<div class=\"elementor-element elementor-element-46136c98 elementor-widget elementor-widget-gallery\" data-id=\"46136c98\" data-element_type=\"widget\" data-settings=\"{&quot;gallery_layout&quot;:&quot;masonry&quot;,&quot;columns_tablet&quot;:3,&quot;columns_mobile&quot;:2,&quot;lazyload&quot;:&quot;yes&quot;,&quot;columns&quot;:4,&quot;gap&quot;:{&quot;unit&quot;:&quot;px&quot;,&quot;size&quot;:10,&quot;sizes&quot;:[]},&quot;gap_tablet&quot;:{&quot;unit&quot;:&quot;px&quot;,&quot;size&quot;:10,&quot;sizes&quot;:[]},&quot;gap_mobile&quot;:{&quot;unit&quot;:&quot;px&quot;,&quot;size&quot;:10,&quot;sizes&quot;:[]},&quot;overlay_background&quot;:&quot;yes&quot;,&quot;content_hover_animation&quot;:&quot;fade-in&quot;}\" data-widget_type=\"gallery.default\">\n\t\t\t\t<div class=\"elementor-widget-container\">\n\t\t\t\t\t<div class=\"elementor-gallery__container\">\n\t\t\t\t\t\t\t<div class=\"e-gallery-item elementor-gallery-item elementor-animated-content\">\n\t\t\t\t\t<div class=\"e-gallery-image elementor-gallery-item__image\" data-thumbnail=\"http:\/\/thsc.pt\/wp-content\/uploads\/2023\/06\/maratona_geral-724x1024.jpg\" data-width=\"724\" data-height=\"1024\" alt=\"\" ><\/div>\n\t\t\t\t\t\t\t\t\t\t<div class=\"elementor-gallery-item__overlay\"><\/div>\n\t\t\t\t\t\t\t\t\t\t\t\t\t\t<\/div>\n\t\t\t\t\t\t\t<div class=\"e-gallery-item elementor-gallery-item elementor-animated-content\">\n\t\t\t\t\t<div class=\"e-gallery-image elementor-gallery-item__image\" data-thumbnail=\"http:\/\/thsc.pt\/wp-content\/uploads\/2023\/06\/maratona_monica-724x1024.jpg\" data-width=\"724\" data-height=\"1024\" alt=\"\" ><\/div>\n\t\t\t\t\t\t\t\t\t\t<div class=\"elementor-gallery-item__overlay\"><\/div>\n\t\t\t\t\t\t\t\t\t\t\t\t\t\t<\/div>\n\t\t\t\t\t\t\t<div class=\"e-gallery-item elementor-gallery-item elementor-animated-content\">\n\t\t\t\t\t<div class=\"e-gallery-image elementor-gallery-item__image\" data-thumbnail=\"http:\/\/thsc.pt\/wp-content\/uploads\/2023\/06\/maratona_helena-724x1024.jpg\" data-width=\"724\" data-height=\"1024\" alt=\"\" ><\/div>\n\t\t\t\t\t\t\t\t\t\t<div class=\"elementor-gallery-item__overlay\"><\/div>\n\t\t\t\t\t\t\t\t\t\t\t\t\t\t<\/div>\n\t\t\t\t\t\t\t<div class=\"e-gallery-item elementor-gallery-item elementor-animated-content\">\n\t\t\t\t\t<div class=\"e-gallery-image elementor-gallery-item__image\" data-thumbnail=\"http:\/\/thsc.pt\/wp-content\/uploads\/2023\/06\/maratona_pedro-724x1024.jpg\" data-width=\"724\" data-height=\"1024\" alt=\"\" ><\/div>\n\t\t\t\t\t\t\t\t\t\t<div class=\"elementor-gallery-item__overlay\"><\/div>\n\t\t\t\t\t\t\t\t\t\t\t\t\t\t<\/div>\n\t\t\t\t\t<\/div>\n\t\t\t<\/div>\n\t\t\t\t<\/div>\n\t\t\t\t\t\t<\/div>\n\t\t\t\t\t<\/div>\n\t\t<\/div>\n\t\t\t\t\t\t\t\t<\/div>\n\t\t\t\t\t<\/div>\n\t\t<\/section>\n\t\t\t\t\t\t<\/div>\n\t\t\t\t\t\t<\/div>\n\t\t\t\t\t<\/div>\n\t\t","protected":false},"excerpt":{"rendered":"<p>MARATONA DE DAN\u00c7A &#8211; 11 de junho-\u00a0 Domingo , 11 de junho \u2013 16h00 Entrada Gratuita (at\u00e9 ao limite da [&hellip;]<\/p>\n","protected":false},"author":1,"featured_media":0,"parent":0,"menu_order":0,"comment_status":"closed","ping_status":"closed","template":"","meta":[],"_links":{"self":[{"href":"http:\/\/thsc.pt\/index.php?rest_route=\/wp\/v2\/pages\/4316"}],"collection":[{"href":"http:\/\/thsc.pt\/index.php?rest_route=\/wp\/v2\/pages"}],"about":[{"href":"http:\/\/thsc.pt\/index.php?rest_route=\/wp\/v2\/types\/page"}],"author":[{"embeddable":true,"href":"http:\/\/thsc.pt\/index.php?rest_route=\/wp\/v2\/users\/1"}],"replies":[{"embeddable":true,"href":"http:\/\/thsc.pt\/index.php?rest_route=%2Fwp%2Fv2%2Fcomments&post=4316"}],"version-history":[{"count":3,"href":"http:\/\/thsc.pt\/index.php?rest_route=\/wp\/v2\/pages\/4316\/revisions"}],"predecessor-version":[{"id":4333,"href":"http:\/\/thsc.pt\/index.php?rest_route=\/wp\/v2\/pages\/4316\/revisions\/4333"}],"wp:attachment":[{"href":"http:\/\/thsc.pt\/index.php?rest_route=%2Fwp%2Fv2%2Fmedia&parent=4316"}],"curies":[{"name":"wp","href":"https:\/\/api.w.org\/{rel}","templated":true}]}}