{"id":4238,"date":"2023-05-16T11:45:25","date_gmt":"2023-05-16T10:45:25","guid":{"rendered":"http:\/\/thsc.pt\/?page_id=4238"},"modified":"2023-05-25T10:52:45","modified_gmt":"2023-05-25T09:52:45","slug":"trio-de-damas","status":"publish","type":"page","link":"http:\/\/thsc.pt\/?page_id=4238","title":{"rendered":"Trio de Damas"},"content":{"rendered":"\t\t<div data-elementor-type=\"wp-page\" data-elementor-id=\"4238\" class=\"elementor elementor-4238\" data-elementor-settings=\"[]\">\n\t\t\t\t\t\t<div class=\"elementor-inner\">\n\t\t\t\t\t\t\t<div class=\"elementor-section-wrap\">\n\t\t\t\t\t\t\t<section class=\"elementor-section elementor-top-section elementor-element elementor-element-1b4bf54 elementor-section-height-min-height elementor-section-boxed elementor-section-height-default elementor-section-items-middle\" data-id=\"1b4bf54\" data-element_type=\"section\" data-settings=\"{&quot;background_background&quot;:&quot;classic&quot;}\">\n\t\t\t\t\t\t\t<div class=\"elementor-background-overlay\"><\/div>\n\t\t\t\t\t\t\t<div class=\"elementor-container elementor-column-gap-default\">\n\t\t\t\t\t\t\t<div class=\"elementor-row\">\n\t\t\t\t\t<div class=\"elementor-column elementor-col-100 elementor-top-column elementor-element elementor-element-357d1f76\" data-id=\"357d1f76\" data-element_type=\"column\">\n\t\t\t<div class=\"elementor-column-wrap elementor-element-populated\">\n\t\t\t\t\t\t\t<div class=\"elementor-widget-wrap\">\n\t\t\t\t\t\t<div class=\"elementor-element elementor-element-346cf350 elementor-widget elementor-widget-spacer\" data-id=\"346cf350\" data-element_type=\"widget\" data-widget_type=\"spacer.default\">\n\t\t\t\t<div class=\"elementor-widget-container\">\n\t\t\t\t\t<div class=\"elementor-spacer\">\n\t\t\t<div class=\"elementor-spacer-inner\"><\/div>\n\t\t<\/div>\n\t\t\t\t<\/div>\n\t\t\t\t<\/div>\n\t\t\t\t<div class=\"elementor-element elementor-element-33d38f6 elementor-widget elementor-widget-heading\" data-id=\"33d38f6\" data-element_type=\"widget\" data-widget_type=\"heading.default\">\n\t\t\t\t<div class=\"elementor-widget-container\">\n\t\t\t<h1 class=\"elementor-heading-title elementor-size-large\">TRIO DE DAMAS<\/h1>\t\t<\/div>\n\t\t\t\t<\/div>\n\t\t\t\t<div class=\"elementor-element elementor-element-3ea1aa41 elementor-widget elementor-widget-heading\" data-id=\"3ea1aa41\" data-element_type=\"widget\" data-widget_type=\"heading.default\">\n\t\t\t\t<div class=\"elementor-widget-container\">\n\t\t\t<h3 class=\"elementor-heading-title elementor-size-medium\">CONCERTO DE IN\u00caS FILIPE COM ENSEMBLE MUSICAMERATA <\/h3>\t\t<\/div>\n\t\t\t\t<\/div>\n\t\t\t\t<div class=\"elementor-element elementor-element-274c337a elementor-widget elementor-widget-text-editor\" data-id=\"274c337a\" data-element_type=\"widget\" data-widget_type=\"text-editor.default\">\n\t\t\t\t<div class=\"elementor-widget-container\">\n\t\t\t\t\t<div class=\"elementor-text-editor elementor-clearfix\"><h2><span style=\"color: #ffffff;\"><strong>&#8211; 16 de junho &#8211;\u00a0<\/strong><\/span><\/h2><p>Sexta-feira , 16 de junho \u2013 21h00<br \/><br \/><\/p><\/div>\n\t\t\t\t<\/div>\n\t\t\t\t<\/div>\n\t\t\t\t<section class=\"elementor-section elementor-inner-section elementor-element elementor-element-30134b1d elementor-section-content-middle elementor-section-boxed elementor-section-height-default elementor-section-height-default\" data-id=\"30134b1d\" data-element_type=\"section\">\n\t\t\t\t\t\t<div class=\"elementor-container elementor-column-gap-extended\">\n\t\t\t\t\t\t\t<div class=\"elementor-row\">\n\t\t\t\t\t<div class=\"elementor-column elementor-col-100 elementor-inner-column elementor-element elementor-element-45fd4800\" data-id=\"45fd4800\" data-element_type=\"column\">\n\t\t\t<div class=\"elementor-column-wrap elementor-element-populated\">\n\t\t\t\t\t\t\t<div class=\"elementor-widget-wrap\">\n\t\t\t\t\t\t<div class=\"elementor-element elementor-element-69b18d1a elementor-widget elementor-widget-text-editor\" data-id=\"69b18d1a\" data-element_type=\"widget\" data-widget_type=\"text-editor.default\">\n\t\t\t\t<div class=\"elementor-widget-container\">\n\t\t\t\t\t<div class=\"elementor-text-editor elementor-clearfix\"><h5><span style=\"color: #ffffff;\"><b><span style=\"font-family: var( --e-global-typography-text-font-family );\">M\/6 |\u00a0 BILHETES : 5\u20ac\u00a0<\/span><\/b><\/span><\/h5><\/div>\n\t\t\t\t<\/div>\n\t\t\t\t<\/div>\n\t\t\t\t\t\t<\/div>\n\t\t\t\t\t<\/div>\n\t\t<\/div>\n\t\t\t\t\t\t\t\t<\/div>\n\t\t\t\t\t<\/div>\n\t\t<\/section>\n\t\t\t\t\t\t<\/div>\n\t\t\t\t\t<\/div>\n\t\t<\/div>\n\t\t\t\t\t\t\t\t<\/div>\n\t\t\t\t\t<\/div>\n\t\t<\/section>\n\t\t\t\t<section class=\"elementor-section elementor-top-section elementor-element elementor-element-c5498b7 elementor-section-boxed elementor-section-height-default elementor-section-height-default\" data-id=\"c5498b7\" data-element_type=\"section\" data-settings=\"{&quot;background_background&quot;:&quot;classic&quot;}\">\n\t\t\t\t\t\t<div class=\"elementor-container elementor-column-gap-default\">\n\t\t\t\t\t\t\t<div class=\"elementor-row\">\n\t\t\t\t\t<div class=\"elementor-column elementor-col-33 elementor-top-column elementor-element elementor-element-1e3ec79a\" data-id=\"1e3ec79a\" data-element_type=\"column\">\n\t\t\t<div class=\"elementor-column-wrap elementor-element-populated\">\n\t\t\t\t\t\t\t<div class=\"elementor-widget-wrap\">\n\t\t\t\t\t\t<div class=\"elementor-element elementor-element-5a64327b elementor-widget elementor-widget-spacer\" data-id=\"5a64327b\" data-element_type=\"widget\" data-widget_type=\"spacer.default\">\n\t\t\t\t<div class=\"elementor-widget-container\">\n\t\t\t\t\t<div class=\"elementor-spacer\">\n\t\t\t<div class=\"elementor-spacer-inner\"><\/div>\n\t\t<\/div>\n\t\t\t\t<\/div>\n\t\t\t\t<\/div>\n\t\t\t\t<div class=\"elementor-element elementor-element-29d646e5 elementor-widget elementor-widget-text-editor\" data-id=\"29d646e5\" data-element_type=\"widget\" data-widget_type=\"text-editor.default\">\n\t\t\t\t<div class=\"elementor-widget-container\">\n\t\t\t\t\t<div class=\"elementor-text-editor elementor-clearfix\"><p>Este Projeto visa homenagear tr\u00eas pianistas portuguesas de suma relev\u00e2ncia no panorama cultural do s\u00e9c. XX: Helena S\u00e1 e Costa, Nella Ma\u00edssa e Olga Prats.<\/p><p><strong>Nella Ma\u00edssa<\/strong> (Turim, 1914 \u2013 Lisboa, 2014), portuguesa de origem italiana, foi aluna de Vianna da Motta, destacou-se pela interpreta\u00e7\u00e3o de m\u00fasica contempor\u00e2nea (incluindo estreias em Portugal de obras como Ludus Tonalis de Hindemith ou os concertos para piano e orquestra de Prokofiev) e de m\u00fasica portuguesa, tendo recebido a Medalha de M\u00e9rito Cultural (1986) e o grau de Comendador da Ordem Militar de Sant\u2019iago da Espada (1989). Tamb\u00e9m aluna de Vianna da Motta, bem como de Alfred Cortot e Edwin Fischer, <strong>Helena S\u00e1 e Costa<\/strong> (Porto, 1913 \u2013 2006) foi muito reconhecida pelas suas atividades concet\u00edstica e pedag\u00f3gica, tendo formado alguns dos pianistas e professores de piano mais relevantes da atualidade, em Portugal e no estrangeiro. Foi agraciada com diversos pr\u00e9mios, entre os quais se destacam o Pr\u00e9mio Beethoven (1937), o Pr\u00e9mio Vianna da Motta e o Pr\u00e9mio Laranja de Prata (1960). Umas das disc\u00edpulas de Helena S\u00e1 e Costa &#8211; <strong>Olga Prats<\/strong> (Lisboa, 1938 \u2013 Parede, 2021) destacou-se, ao longo das \u00faltimas seis d\u00e9cadas, como uma das mais proeminentes pianistas da atualidade, sendo de salientar o destaque que trouxe \u00e0 m\u00fasica do compositor Fernando Lopes-Gra\u00e7a, embora tenha demonstrado excel\u00eancia num repert\u00f3rio de vasto escopo, passando por Bach, Brahms e Stravinsky ou Piazzola, entre outros. Em 2008 foi-lhe outorgado o grau de Comendadora da Ordem Militar de Sant\u2019iago de Espada (\u00e0 semelhan\u00e7a de Nella Ma\u00edssa). A longeva e brilhante carreira de cada uma destas grandes Damas da m\u00fasica foi, na sua maior parte, dedicada \u00e0 divulga\u00e7\u00e3o da m\u00fasica de matriz autoral portuguesa, por via de incont\u00e1veis estreias de obras e pela inspira\u00e7\u00e3o e est\u00edmulo que proporcionaram aos compositores da sua gera\u00e7\u00e3o. Tamb\u00e9m a sua a\u00e7\u00e3o pedag\u00f3gica foi (facto in\u00e9dito no seu tempo) orientada para essas escolhas. Assim almeja-se neste Projeto a, atrav\u00e9s da exalta\u00e7\u00e3o da sua mem\u00f3ria e exemplo, dar a conhecer o repert\u00f3rio de sucessivas gera\u00e7\u00f5es de criadores portugueses e internacionais que as tr\u00eas damas t\u00e3o generosa e brilhantemente trouxeram ao nosso conv\u00edvio.<\/p><p>\u00a0<\/p><\/div>\n\t\t\t\t<\/div>\n\t\t\t\t<\/div>\n\t\t\t\t\t\t<\/div>\n\t\t\t\t\t<\/div>\n\t\t<\/div>\n\t\t\t\t<div class=\"elementor-column elementor-col-33 elementor-top-column elementor-element elementor-element-626d5d22\" data-id=\"626d5d22\" data-element_type=\"column\" data-settings=\"{&quot;background_background&quot;:&quot;classic&quot;}\">\n\t\t\t<div class=\"elementor-column-wrap elementor-element-populated\">\n\t\t\t\t\t<div class=\"elementor-background-overlay\"><\/div>\n\t\t\t\t\t\t\t<div class=\"elementor-widget-wrap\">\n\t\t\t\t\t\t<div class=\"elementor-element elementor-element-3d3c2f88 elementor-widget elementor-widget-spacer\" data-id=\"3d3c2f88\" data-element_type=\"widget\" data-widget_type=\"spacer.default\">\n\t\t\t\t<div class=\"elementor-widget-container\">\n\t\t\t\t\t<div class=\"elementor-spacer\">\n\t\t\t<div class=\"elementor-spacer-inner\"><\/div>\n\t\t<\/div>\n\t\t\t\t<\/div>\n\t\t\t\t<\/div>\n\t\t\t\t\t\t<\/div>\n\t\t\t\t\t<\/div>\n\t\t<\/div>\n\t\t\t\t<div class=\"elementor-column elementor-col-33 elementor-top-column elementor-element elementor-element-57323097\" data-id=\"57323097\" data-element_type=\"column\">\n\t\t\t<div class=\"elementor-column-wrap elementor-element-populated\">\n\t\t\t\t\t\t\t<div class=\"elementor-widget-wrap\">\n\t\t\t\t\t\t<div class=\"elementor-element elementor-element-c819929 elementor-widget elementor-widget-image\" data-id=\"c819929\" data-element_type=\"widget\" data-widget_type=\"image.default\">\n\t\t\t\t<div class=\"elementor-widget-container\">\n\t\t\t\t\t<div class=\"elementor-image\">\n\t\t\t\t\t\t\t\t\t\t<img width=\"719\" height=\"1024\" src=\"http:\/\/thsc.pt\/wp-content\/uploads\/2023\/05\/A3-16-JUNHO-INES-FILIPE-PORTO-719x1024.png\" class=\"attachment-large size-large\" alt=\"\" decoding=\"async\" loading=\"lazy\" srcset=\"http:\/\/thsc.pt\/wp-content\/uploads\/2023\/05\/A3-16-JUNHO-INES-FILIPE-PORTO-719x1024.png 719w, http:\/\/thsc.pt\/wp-content\/uploads\/2023\/05\/A3-16-JUNHO-INES-FILIPE-PORTO-211x300.png 211w, http:\/\/thsc.pt\/wp-content\/uploads\/2023\/05\/A3-16-JUNHO-INES-FILIPE-PORTO-768x1094.png 768w, http:\/\/thsc.pt\/wp-content\/uploads\/2023\/05\/A3-16-JUNHO-INES-FILIPE-PORTO-1079x1536.png 1079w, http:\/\/thsc.pt\/wp-content\/uploads\/2023\/05\/A3-16-JUNHO-INES-FILIPE-PORTO-1438x2048.png 1438w\" sizes=\"(max-width: 719px) 100vw, 719px\" \/>\t\t\t\t\t\t\t\t\t\t\t<\/div>\n\t\t\t\t<\/div>\n\t\t\t\t<\/div>\n\t\t\t\t\t\t<\/div>\n\t\t\t\t\t<\/div>\n\t\t<\/div>\n\t\t\t\t\t\t\t\t<\/div>\n\t\t\t\t\t<\/div>\n\t\t<\/section>\n\t\t\t\t<section class=\"elementor-section elementor-top-section elementor-element elementor-element-554f468b elementor-section-height-min-height elementor-section-boxed elementor-section-height-default elementor-section-items-middle\" data-id=\"554f468b\" data-element_type=\"section\" data-settings=\"{&quot;background_background&quot;:&quot;classic&quot;}\">\n\t\t\t\t\t\t<div class=\"elementor-container elementor-column-gap-default\">\n\t\t\t\t\t\t\t<div class=\"elementor-row\">\n\t\t\t\t\t<div class=\"elementor-column elementor-col-33 elementor-top-column elementor-element elementor-element-5449a37c\" data-id=\"5449a37c\" data-element_type=\"column\">\n\t\t\t<div class=\"elementor-column-wrap elementor-element-populated\">\n\t\t\t\t\t\t\t<div class=\"elementor-widget-wrap\">\n\t\t\t\t\t\t<div class=\"elementor-element elementor-element-45828215 elementor-widget elementor-widget-spacer\" data-id=\"45828215\" data-element_type=\"widget\" data-widget_type=\"spacer.default\">\n\t\t\t\t<div class=\"elementor-widget-container\">\n\t\t\t\t\t<div class=\"elementor-spacer\">\n\t\t\t<div class=\"elementor-spacer-inner\"><\/div>\n\t\t<\/div>\n\t\t\t\t<\/div>\n\t\t\t\t<\/div>\n\t\t\t\t\t\t<\/div>\n\t\t\t\t\t<\/div>\n\t\t<\/div>\n\t\t\t\t<div class=\"elementor-column elementor-col-33 elementor-top-column elementor-element elementor-element-22bc43d4\" data-id=\"22bc43d4\" data-element_type=\"column\" data-settings=\"{&quot;background_background&quot;:&quot;classic&quot;}\">\n\t\t\t<div class=\"elementor-column-wrap elementor-element-populated\">\n\t\t\t\t\t<div class=\"elementor-background-overlay\"><\/div>\n\t\t\t\t\t\t\t<div class=\"elementor-widget-wrap\">\n\t\t\t\t\t\t<div class=\"elementor-element elementor-element-66bd6837 elementor-widget elementor-widget-spacer\" data-id=\"66bd6837\" data-element_type=\"widget\" data-widget_type=\"spacer.default\">\n\t\t\t\t<div class=\"elementor-widget-container\">\n\t\t\t\t\t<div class=\"elementor-spacer\">\n\t\t\t<div class=\"elementor-spacer-inner\"><\/div>\n\t\t<\/div>\n\t\t\t\t<\/div>\n\t\t\t\t<\/div>\n\t\t\t\t\t\t<\/div>\n\t\t\t\t\t<\/div>\n\t\t<\/div>\n\t\t\t\t<div class=\"elementor-column elementor-col-33 elementor-top-column elementor-element elementor-element-5633faf5\" data-id=\"5633faf5\" data-element_type=\"column\">\n\t\t\t<div class=\"elementor-column-wrap\">\n\t\t\t\t\t\t\t<div class=\"elementor-widget-wrap\">\n\t\t\t\t\t\t\t\t<\/div>\n\t\t\t\t\t<\/div>\n\t\t<\/div>\n\t\t\t\t\t\t\t\t<\/div>\n\t\t\t\t\t<\/div>\n\t\t<\/section>\n\t\t\t\t<section class=\"elementor-section elementor-top-section elementor-element elementor-element-48ec90a6 elementor-section-full_width elementor-section-height-min-height elementor-section-height-default elementor-section-items-middle\" data-id=\"48ec90a6\" data-element_type=\"section\" data-settings=\"{&quot;background_background&quot;:&quot;classic&quot;}\">\n\t\t\t\t\t\t<div class=\"elementor-container elementor-column-gap-no\">\n\t\t\t\t\t\t\t<div class=\"elementor-row\">\n\t\t\t\t\t<div class=\"elementor-column elementor-col-50 elementor-top-column elementor-element elementor-element-35ceccad\" data-id=\"35ceccad\" data-element_type=\"column\">\n\t\t\t<div class=\"elementor-column-wrap elementor-element-populated\">\n\t\t\t\t\t\t\t<div class=\"elementor-widget-wrap\">\n\t\t\t\t\t\t<div class=\"elementor-element elementor-element-5c3f5bd elementor-widget elementor-widget-text-editor\" data-id=\"5c3f5bd\" data-element_type=\"widget\" data-widget_type=\"text-editor.default\">\n\t\t\t\t<div class=\"elementor-widget-container\">\n\t\t\t\t\t<div class=\"elementor-text-editor elementor-clearfix\"><blockquote>\n<p class=\"p1\"><span style=\"color: #333333;\"><strong>Biografias<\/strong><\/span><\/p>\n<\/blockquote>\n<p><strong>Pianista<\/strong><\/p>\n<p>In\u00eas Filipe, pianista portuguesa, de Aveiro, vencedora de in\u00fameros pr\u00e9mios em concursos de piano Nacionais e Internacionais, destacando-se o \u201cPr\u00e9mio Antena 2\u201d do XVII SIPO Internacional Piano Festival, sob o olhar atento de um prestigiado painel de jurados que contou com a presen\u00e7a de Boris Berman, Luiz de Moura Castro, Josep Colom e Paul Badura[1]skoda. Apresenta-se regularmente em recitais como solista, contando j\u00e1 com performances em in\u00fameros pa\u00edses tais como Espanha, Inglaterra, Fran\u00e7a, It\u00e1lia, B\u00e9lgica, Tail\u00e2ndia, Alemanha. Em Portugal atuou a solo na SIPO Internacional Piano Festival, Concertos Antena 2, Piano Porto Festival, Museu Nacional da M\u00fasica, Festivais de Outono\u201918, Ciclo de Confer\u00eancias \u201cHands on Piano 2018\u201d, Dias de M\u00fasica em Bel\u00e9m (CCB), Ciclo de Concertos de Coimbra\u201919, entre outros. Estreou-se como solista com a Orquestra Filarmonia das Beiras em 2018, sob a dire\u00e7\u00e3o do maestro Ernest Schelle. In\u00eas Filipe integra v\u00e1rios projetos de m\u00fasica de c\u00e2mara nomeadamente o ArsisTrio e ContinuoDuo, com os quais se apresenta frequentemente em concerto. Frequentou o Conservat\u00f3rio de M\u00fasica de Aveiro, na classe da Professora Patr\u00edcia Sousa. Paralelamente aos estudos musicais frequentou o curso de Engenharia Civil na Universidade de Aveiro, terminando a licenciatura no ano 2014. Licenciou-se em Performance de piano, na classe do Professor Fausto Neves na Universidade de Aveiro (2017). Realizou (2017\/2018) p\u00f3s[1]gradua\u00e7\u00e3o em performance de piano no Conservatori Superior Del Liceu Barcelona, na classe do pianista Josep Colom. Concluiu o Mestrado em Performance de piano com a mais elevada classifica\u00e7\u00e3o no Conservatorio Stanislao Giacomantonio em It\u00e1lia na classe do pianista Rodolfo Rubino. Atualmente encontra-se a realizar o Mestrado em Ensino da M\u00fasica na Universidade do Minho na classe do pianista Lu\u00eds Pipa.<\/p><\/div>\n\t\t\t\t<\/div>\n\t\t\t\t<\/div>\n\t\t\t\t\t\t<\/div>\n\t\t\t\t\t<\/div>\n\t\t<\/div>\n\t\t\t\t<div class=\"elementor-column elementor-col-50 elementor-top-column elementor-element elementor-element-55fef3b2\" data-id=\"55fef3b2\" data-element_type=\"column\">\n\t\t\t<div class=\"elementor-column-wrap elementor-element-populated\">\n\t\t\t\t\t\t\t<div class=\"elementor-widget-wrap\">\n\t\t\t\t\t\t<div class=\"elementor-element elementor-element-7cc6e2f7 elementor-widget elementor-widget-text-editor\" data-id=\"7cc6e2f7\" data-element_type=\"widget\" data-widget_type=\"text-editor.default\">\n\t\t\t\t<div class=\"elementor-widget-container\">\n\t\t\t\t\t<div class=\"elementor-text-editor elementor-clearfix\"><p><strong>Agrupamento<\/strong><\/p>\n<p>Este agrupamento, de geometria vari\u00e1vel, acompanha a Musicamera desde h\u00e1 v\u00e1rios anos, participando nos seus diversos projetos como coletivo de solistas ou estrutura orquestral mais tradicional. Conta, na sua forma\u00e7\u00e3o de base, com cinco instrumentistas de cordas &#8211; Eliot Lawson, Lu\u00eds Pacheco Cunha, Isabel Pimentel, Catherine Strynckx e Adriano Aguiar -, cinco sopros &#8211; Katharine Rawdon, Bethany Akers, Paulo Gaspar, Lu\u00eds Vieira e Franz-Juergen Dorsam -, piano &#8211; Ta\u00edssa Poliakova Cunha &#8211; e percuss\u00e3o &#8211; Pedro Ara\u00fajo Silva. Mas muitos outros m\u00fasicos de excel\u00eancia se apresentaram em v\u00e1rias ocasi\u00f5es com o ensemble, na recente edi\u00e7\u00e3o do Festival Criasons, em produ\u00e7\u00f5es oper\u00e1ticas, em forma\u00e7\u00f5es de c\u00e2mara. Conforme o repert\u00f3rio frequentado o Ensemble apresenta-se muitas vezes sem dire\u00e7\u00e3o, outras sob a batuta do maestro Brian MacKay.<\/p><\/div>\n\t\t\t\t<\/div>\n\t\t\t\t<\/div>\n\t\t\t\t\t\t<\/div>\n\t\t\t\t\t<\/div>\n\t\t<\/div>\n\t\t\t\t\t\t\t\t<\/div>\n\t\t\t\t\t<\/div>\n\t\t<\/section>\n\t\t\t\t<section class=\"elementor-section elementor-top-section elementor-element elementor-element-778e0782 elementor-section-full_width elementor-section-stretched elementor-section-height-default elementor-section-height-default\" data-id=\"778e0782\" data-element_type=\"section\" data-settings=\"{&quot;stretch_section&quot;:&quot;section-stretched&quot;,&quot;background_background&quot;:&quot;classic&quot;}\">\n\t\t\t\t\t\t<div class=\"elementor-container elementor-column-gap-default\">\n\t\t\t\t\t\t\t<div class=\"elementor-row\">\n\t\t\t\t\t<div class=\"elementor-column elementor-col-100 elementor-top-column elementor-element elementor-element-77da40e8\" data-id=\"77da40e8\" data-element_type=\"column\">\n\t\t\t<div class=\"elementor-column-wrap elementor-element-populated\">\n\t\t\t\t\t\t\t<div class=\"elementor-widget-wrap\">\n\t\t\t\t\t\t<div class=\"elementor-element elementor-element-6dd8c5c8 elementor-widget elementor-widget-gallery\" data-id=\"6dd8c5c8\" data-element_type=\"widget\" data-settings=\"{&quot;gallery_layout&quot;:&quot;masonry&quot;,&quot;columns&quot;:2,&quot;columns_tablet&quot;:3,&quot;columns_mobile&quot;:2,&quot;lazyload&quot;:&quot;yes&quot;,&quot;gap&quot;:{&quot;unit&quot;:&quot;px&quot;,&quot;size&quot;:10,&quot;sizes&quot;:[]},&quot;gap_tablet&quot;:{&quot;unit&quot;:&quot;px&quot;,&quot;size&quot;:10,&quot;sizes&quot;:[]},&quot;gap_mobile&quot;:{&quot;unit&quot;:&quot;px&quot;,&quot;size&quot;:10,&quot;sizes&quot;:[]},&quot;overlay_background&quot;:&quot;yes&quot;,&quot;content_hover_animation&quot;:&quot;fade-in&quot;}\" data-widget_type=\"gallery.default\">\n\t\t\t\t<div class=\"elementor-widget-container\">\n\t\t\t\t\t<div class=\"elementor-gallery__container\">\n\t\t\t\t\t\t\t<div class=\"e-gallery-item elementor-gallery-item elementor-animated-content\">\n\t\t\t\t\t<div class=\"e-gallery-image elementor-gallery-item__image\" data-thumbnail=\"http:\/\/thsc.pt\/wp-content\/uploads\/2023\/05\/DSC_2833-684x1024.jpg\" data-width=\"684\" data-height=\"1024\" alt=\"\" ><\/div>\n\t\t\t\t\t\t\t\t\t\t<div class=\"elementor-gallery-item__overlay\"><\/div>\n\t\t\t\t\t\t\t\t\t\t\t\t\t\t<\/div>\n\t\t\t\t\t\t\t<div class=\"e-gallery-item elementor-gallery-item elementor-animated-content\">\n\t\t\t\t\t<div class=\"e-gallery-image elementor-gallery-item__image\" data-thumbnail=\"http:\/\/thsc.pt\/wp-content\/uploads\/2023\/05\/MUSICAMERATA-1024x683.jpg\" data-width=\"1024\" data-height=\"683\" alt=\"\" ><\/div>\n\t\t\t\t\t\t\t\t\t\t<div class=\"elementor-gallery-item__overlay\"><\/div>\n\t\t\t\t\t\t\t\t\t\t\t\t\t\t<\/div>\n\t\t\t\t\t<\/div>\n\t\t\t<\/div>\n\t\t\t\t<\/div>\n\t\t\t\t\t\t<\/div>\n\t\t\t\t\t<\/div>\n\t\t<\/div>\n\t\t\t\t\t\t\t\t<\/div>\n\t\t\t\t\t<\/div>\n\t\t<\/section>\n\t\t\t\t\t\t<\/div>\n\t\t\t\t\t\t<\/div>\n\t\t\t\t\t<\/div>\n\t\t","protected":false},"excerpt":{"rendered":"<p>TRIO DE DAMAS CONCERTO DE IN\u00caS FILIPE COM ENSEMBLE MUSICAMERATA &#8211; 16 de junho &#8211;\u00a0 Sexta-feira , 16 de junho [&hellip;]<\/p>\n","protected":false},"author":1,"featured_media":0,"parent":0,"menu_order":0,"comment_status":"closed","ping_status":"closed","template":"","meta":[],"_links":{"self":[{"href":"http:\/\/thsc.pt\/index.php?rest_route=\/wp\/v2\/pages\/4238"}],"collection":[{"href":"http:\/\/thsc.pt\/index.php?rest_route=\/wp\/v2\/pages"}],"about":[{"href":"http:\/\/thsc.pt\/index.php?rest_route=\/wp\/v2\/types\/page"}],"author":[{"embeddable":true,"href":"http:\/\/thsc.pt\/index.php?rest_route=\/wp\/v2\/users\/1"}],"replies":[{"embeddable":true,"href":"http:\/\/thsc.pt\/index.php?rest_route=%2Fwp%2Fv2%2Fcomments&post=4238"}],"version-history":[{"count":5,"href":"http:\/\/thsc.pt\/index.php?rest_route=\/wp\/v2\/pages\/4238\/revisions"}],"predecessor-version":[{"id":4304,"href":"http:\/\/thsc.pt\/index.php?rest_route=\/wp\/v2\/pages\/4238\/revisions\/4304"}],"wp:attachment":[{"href":"http:\/\/thsc.pt\/index.php?rest_route=%2Fwp%2Fv2%2Fmedia&parent=4238"}],"curies":[{"name":"wp","href":"https:\/\/api.w.org\/{rel}","templated":true}]}}