{"id":4164,"date":"2023-04-12T16:06:53","date_gmt":"2023-04-12T15:06:53","guid":{"rendered":"http:\/\/thsc.pt\/?page_id=4164"},"modified":"2023-05-11T11:09:48","modified_gmt":"2023-05-11T10:09:48","slug":"opera-real-repeticao-do-fim-do-mundo","status":"publish","type":"page","link":"http:\/\/thsc.pt\/?page_id=4164","title":{"rendered":"\u00d3PERA REAL: REPETI\u00c7\u00c3O DO FIM DO MUNDO"},"content":{"rendered":"\t\t<div data-elementor-type=\"wp-page\" data-elementor-id=\"4164\" class=\"elementor elementor-4164\" data-elementor-settings=\"[]\">\n\t\t\t\t\t\t<div class=\"elementor-inner\">\n\t\t\t\t\t\t\t<div class=\"elementor-section-wrap\">\n\t\t\t\t\t\t\t<section class=\"elementor-section elementor-top-section elementor-element elementor-element-4aa5e509 elementor-section-height-min-height elementor-section-boxed elementor-section-height-default elementor-section-items-middle\" data-id=\"4aa5e509\" data-element_type=\"section\" data-settings=\"{&quot;background_background&quot;:&quot;classic&quot;}\">\n\t\t\t\t\t\t\t<div class=\"elementor-background-overlay\"><\/div>\n\t\t\t\t\t\t\t<div class=\"elementor-container elementor-column-gap-default\">\n\t\t\t\t\t\t\t<div class=\"elementor-row\">\n\t\t\t\t\t<div class=\"elementor-column elementor-col-100 elementor-top-column elementor-element elementor-element-16c371e0\" data-id=\"16c371e0\" data-element_type=\"column\">\n\t\t\t<div class=\"elementor-column-wrap elementor-element-populated\">\n\t\t\t\t\t\t\t<div class=\"elementor-widget-wrap\">\n\t\t\t\t\t\t<div class=\"elementor-element elementor-element-27d14f44 elementor-widget elementor-widget-spacer\" data-id=\"27d14f44\" data-element_type=\"widget\" data-widget_type=\"spacer.default\">\n\t\t\t\t<div class=\"elementor-widget-container\">\n\t\t\t\t\t<div class=\"elementor-spacer\">\n\t\t\t<div class=\"elementor-spacer-inner\"><\/div>\n\t\t<\/div>\n\t\t\t\t<\/div>\n\t\t\t\t<\/div>\n\t\t\t\t<div class=\"elementor-element elementor-element-5229875b elementor-widget elementor-widget-heading\" data-id=\"5229875b\" data-element_type=\"widget\" data-widget_type=\"heading.default\">\n\t\t\t\t<div class=\"elementor-widget-container\">\n\t\t\t<h1 class=\"elementor-heading-title elementor-size-large\">\u00d3PERA REAL<\/h1>\t\t<\/div>\n\t\t\t\t<\/div>\n\t\t\t\t<div class=\"elementor-element elementor-element-73841cc9 elementor-widget elementor-widget-heading\" data-id=\"73841cc9\" data-element_type=\"widget\" data-widget_type=\"heading.default\">\n\t\t\t\t<div class=\"elementor-widget-container\">\n\t\t\t<h3 class=\"elementor-heading-title elementor-size-medium\">REPETI\u00c7\u00c3O DO FIM DO MUNDO<\/h3>\t\t<\/div>\n\t\t\t\t<\/div>\n\t\t\t\t<div class=\"elementor-element elementor-element-7903c7d0 elementor-widget elementor-widget-text-editor\" data-id=\"7903c7d0\" data-element_type=\"widget\" data-widget_type=\"text-editor.default\">\n\t\t\t\t<div class=\"elementor-widget-container\">\n\t\t\t\t\t<div class=\"elementor-text-editor elementor-clearfix\"><h2><span style=\"color: #ffffff;\"><strong>&#8211; 12 de maio &#8211;\u00a0<\/strong><\/span><\/h2><p>Sexta-feira , 12 de maio \u00e0s 21h30<\/p><\/div>\n\t\t\t\t<\/div>\n\t\t\t\t<\/div>\n\t\t\t\t<section class=\"elementor-section elementor-inner-section elementor-element elementor-element-3f84d584 elementor-section-content-middle elementor-section-boxed elementor-section-height-default elementor-section-height-default\" data-id=\"3f84d584\" data-element_type=\"section\">\n\t\t\t\t\t\t<div class=\"elementor-container elementor-column-gap-extended\">\n\t\t\t\t\t\t\t<div class=\"elementor-row\">\n\t\t\t\t\t<div class=\"elementor-column elementor-col-100 elementor-inner-column elementor-element elementor-element-5f3d3228\" data-id=\"5f3d3228\" data-element_type=\"column\">\n\t\t\t<div class=\"elementor-column-wrap elementor-element-populated\">\n\t\t\t\t\t\t\t<div class=\"elementor-widget-wrap\">\n\t\t\t\t\t\t<div class=\"elementor-element elementor-element-62d23926 elementor-widget elementor-widget-text-editor\" data-id=\"62d23926\" data-element_type=\"widget\" data-widget_type=\"text-editor.default\">\n\t\t\t\t<div class=\"elementor-widget-container\">\n\t\t\t\t\t<div class=\"elementor-text-editor elementor-clearfix\"><p>O espet\u00e1culo aguarda classifica\u00e7\u00e3o et\u00e1ria.<\/p><h5><span style=\"color: #ffffff;\"><b><span style=\"font-family: var( --e-global-typography-text-font-family );\">BILHETES : 5\u20ac\u00a0<\/span><\/b><\/span><\/h5><\/div>\n\t\t\t\t<\/div>\n\t\t\t\t<\/div>\n\t\t\t\t\t\t<\/div>\n\t\t\t\t\t<\/div>\n\t\t<\/div>\n\t\t\t\t\t\t\t\t<\/div>\n\t\t\t\t\t<\/div>\n\t\t<\/section>\n\t\t\t\t\t\t<\/div>\n\t\t\t\t\t<\/div>\n\t\t<\/div>\n\t\t\t\t\t\t\t\t<\/div>\n\t\t\t\t\t<\/div>\n\t\t<\/section>\n\t\t\t\t<section class=\"elementor-section elementor-top-section elementor-element elementor-element-a2a6d85 elementor-section-boxed elementor-section-height-default elementor-section-height-default\" data-id=\"a2a6d85\" data-element_type=\"section\" data-settings=\"{&quot;background_background&quot;:&quot;classic&quot;}\">\n\t\t\t\t\t\t<div class=\"elementor-container elementor-column-gap-default\">\n\t\t\t\t\t\t\t<div class=\"elementor-row\">\n\t\t\t\t\t<div class=\"elementor-column elementor-col-33 elementor-top-column elementor-element elementor-element-6d09d027\" data-id=\"6d09d027\" data-element_type=\"column\">\n\t\t\t<div class=\"elementor-column-wrap elementor-element-populated\">\n\t\t\t\t\t\t\t<div class=\"elementor-widget-wrap\">\n\t\t\t\t\t\t<div class=\"elementor-element elementor-element-5d6fc2dd elementor-widget elementor-widget-spacer\" data-id=\"5d6fc2dd\" data-element_type=\"widget\" data-widget_type=\"spacer.default\">\n\t\t\t\t<div class=\"elementor-widget-container\">\n\t\t\t\t\t<div class=\"elementor-spacer\">\n\t\t\t<div class=\"elementor-spacer-inner\"><\/div>\n\t\t<\/div>\n\t\t\t\t<\/div>\n\t\t\t\t<\/div>\n\t\t\t\t<div class=\"elementor-element elementor-element-79babac8 elementor-widget elementor-widget-text-editor\" data-id=\"79babac8\" data-element_type=\"widget\" data-widget_type=\"text-editor.default\">\n\t\t\t\t<div class=\"elementor-widget-container\">\n\t\t\t\t\t<div class=\"elementor-text-editor elementor-clearfix\"><p>Esta &#8220;\u00d3pera Real: Repeti\u00e7\u00e3o do Fim do Mundo&#8221; foi pensada para juntar no mesmo palco estudantes dos cursos de teatro e de m\u00fasica da ESMAE.\u00a0Dai\u00a0o enredo melodram\u00e1tico que op\u00f5e dois ramos da mesma fam\u00edlia, de um lado os Ricci, ou Ricardo, linhagem de cantores, do outro os Enxovia, ou Paup\u00e9rio, cl\u00e3 de atores. Durante 4 atos, com saltos temporais de exatos 111 anos, acompanhamos as mortes e os nascimentos de membros desta grande fam\u00edlia e\u00a0perdemos-nos no labirinto de parentescos e la\u00e7os de consanguinidade catastr\u00f3ficos do cl\u00e3 desavindo. O teatro \u00e9\u00a0destru\u00eddo em cada um dos atos: no I ato, em 1755, por um terremoto; no II, em 1866, por um\u00a0inc\u00eandio; no III, em 1977, pela transforma\u00e7\u00e3o em cinema de filmes pornogr\u00e1ficos; e no IV, em 2088, pela\u00a0transforma\u00e7\u00e3o em campo de refugiados. Ficamos ent\u00e3o a saber que, devido ao\u00a0incumprimento\u00a0de um pacto com o diabo, todo e qualquer membro da fam\u00edlia que ponha o p\u00e9 num palco est\u00e1 destinado a causar a\u00a0destrui\u00e7\u00e3o do teatro e, \u00e0 sua escala, a\u00a0repetir o fim do mundo. Nos tr\u00eas primeiros atos, o libreto tenta brincar com a hist\u00f3ria comum do teatro,\u00a0da\u00a0m\u00fasica e da \u00f3pera; no \u00faltimo, com o espa\u00e7o c\u00e9nico transformado num campo de refugiados que poderia ser na Ucr\u00e2nia, na S\u00edria, numa das costas do Canal da Mancha, em\u00a0Melilla\u00a0ou em Odemira, as coisas ficam aparentemente mais s\u00e9rias. Se n\u00e3o\u00a0acabou j\u00e1, o mundo vai mesmo acabar j\u00e1 a seguir, as vezes que for preciso.<\/p><p>\u00a0<\/p><p>\u00a0<\/p><\/div>\n\t\t\t\t<\/div>\n\t\t\t\t<\/div>\n\t\t\t\t\t\t<\/div>\n\t\t\t\t\t<\/div>\n\t\t<\/div>\n\t\t\t\t<div class=\"elementor-column elementor-col-33 elementor-top-column elementor-element elementor-element-3dabfc28\" data-id=\"3dabfc28\" data-element_type=\"column\" data-settings=\"{&quot;background_background&quot;:&quot;classic&quot;}\">\n\t\t\t<div class=\"elementor-column-wrap elementor-element-populated\">\n\t\t\t\t\t<div class=\"elementor-background-overlay\"><\/div>\n\t\t\t\t\t\t\t<div class=\"elementor-widget-wrap\">\n\t\t\t\t\t\t<div class=\"elementor-element elementor-element-707e6efb elementor-widget elementor-widget-spacer\" data-id=\"707e6efb\" data-element_type=\"widget\" data-widget_type=\"spacer.default\">\n\t\t\t\t<div class=\"elementor-widget-container\">\n\t\t\t\t\t<div class=\"elementor-spacer\">\n\t\t\t<div class=\"elementor-spacer-inner\"><\/div>\n\t\t<\/div>\n\t\t\t\t<\/div>\n\t\t\t\t<\/div>\n\t\t\t\t\t\t<\/div>\n\t\t\t\t\t<\/div>\n\t\t<\/div>\n\t\t\t\t<div class=\"elementor-column elementor-col-33 elementor-top-column elementor-element elementor-element-489fc574\" data-id=\"489fc574\" data-element_type=\"column\">\n\t\t\t<div class=\"elementor-column-wrap\">\n\t\t\t\t\t\t\t<div class=\"elementor-widget-wrap\">\n\t\t\t\t\t\t\t\t<\/div>\n\t\t\t\t\t<\/div>\n\t\t<\/div>\n\t\t\t\t\t\t\t\t<\/div>\n\t\t\t\t\t<\/div>\n\t\t<\/section>\n\t\t\t\t<section class=\"elementor-section elementor-top-section elementor-element elementor-element-2b59416 elementor-section-boxed elementor-section-height-default elementor-section-height-default\" data-id=\"2b59416\" data-element_type=\"section\" data-settings=\"{&quot;background_background&quot;:&quot;classic&quot;}\">\n\t\t\t\t\t\t<div class=\"elementor-container elementor-column-gap-default\">\n\t\t\t\t\t\t\t<div class=\"elementor-row\">\n\t\t\t\t\t<div class=\"elementor-column elementor-col-100 elementor-top-column elementor-element elementor-element-a19d74a\" data-id=\"a19d74a\" data-element_type=\"column\">\n\t\t\t<div class=\"elementor-column-wrap elementor-element-populated\">\n\t\t\t\t\t\t\t<div class=\"elementor-widget-wrap\">\n\t\t\t\t\t\t<div class=\"elementor-element elementor-element-2a133a8 elementor-widget elementor-widget-text-editor\" data-id=\"2a133a8\" data-element_type=\"widget\" data-widget_type=\"text-editor.default\">\n\t\t\t\t<div class=\"elementor-widget-container\">\n\t\t\t\t\t<div class=\"elementor-text-editor elementor-clearfix\"><p>A f\u00e1bula come\u00e7a no in\u00edcio do S\u00e9c. XVIII, quando Baltasar, um dos dois g\u00e9meos de Querubim, vendedor de folhetos de cordel na Lisboa de 1755, e Mariana, camareira do teatro de \u00f3pera, faz um pacto com o diabo para vir a ter um teatro. Enquanto o diabo esfrega um olho, o g\u00e9meo Baltasar, armado em espertalh\u00e3o de costela saloia, assina em nome do irm\u00e3o, Belmiro, e com isto troca as voltas ao demo. Belmiro nega a\u00a0p\u00e9s\u00a0juntos ter assinado o pacto mas, por fraternidade, n\u00e3o denuncia o mano Baltasar. Satan\u00e1s, sem conseguir cobrar a alma quer a um quer a outro, por n\u00e3o saber exatamente qual dos g\u00e9meos \u00e9 qual (de tanto esfregar o\u00a0olho, v\u00ea muito mal, como se sabe), faz uma\u00a0birra\u00a0dos dem\u00f3nios e passa a intervir diretamente, toda a vez que um deles pisa o palco, condenando-os a serem nada mais que ep\u00edlogos e pr\u00f3logos dos espet\u00e1culos que criam. O diabo n\u00e3o os deixar\u00e1 pregar olho at\u00e9 que o g\u00e9meo que assinou o contrato, seja ele qual for, ou um dos seus descendentes, revele quem \u00e9 quem, e assuma e salde a d\u00edvida. Azar dos diabos, todos os descendentes se apresentam como g\u00e9meos, o que s\u00f3 atrapalha a a\u00e7\u00e3o.\u00a0<\/p><p><strong>Ato I \/\/ <\/strong><strong>Um teatro em ru\u00ednas<\/strong><\/p><p><span style=\"color: #0000ff;\">1755<\/span><br \/>O terramoto arrasa a \u00d3pera do Tejo. Um dos cantores l\u00edricos procura desesperado o seu melhor casaco. Os m\u00fasicos e cantores chegam para ver tudo arrasado e deparam com um bando de saltimbancos a roubar a roupa que sobra dos guarda-roupas, em especial sapatos, para vender, e as telas dos cen\u00e1rios, para armar as suas tendas. S\u00e3o liderados por uma matriarca, Mariana da Enxovia, visivelmente gr\u00e1vida. O rei, que vinha inc\u00f3gnito para um rendez-vous com a cantora l\u00edrica Federica Ricci, fica para avaliar os estragos e promete erguer um novo teatro no mesmo lugar. Entretanto, com o esfor\u00e7o, rebentam as \u00e1guas de Mariana da Enxovia. Federica, a prima donna, socorre a gr\u00e1vida. S\u00e3o dois g\u00e9meos saud\u00e1veis. Mas Mariana morre depois do parto. Federica Ricci fica com uma das crian\u00e7as, e um dos saltimbancos, Donato Paup\u00e9rio, com o outro.\u00a0<\/p><p><strong>Ato II \/\/ Um teatro em chamas<\/strong><\/p><p><span style=\"color: #0000ff;\">1866<\/span><br \/>Na inaugura\u00e7\u00e3o oficial de um novo teatro de \u00f3pera, que leva o nome de Federica Ricci, em homenagem \u00e0 grande artista do s\u00e9culo anterior, estala uma pol\u00e9mica entre republicanos e mon\u00e1rquicos, para grande desgosto de Marianinha, a bisneta de Federica, que, com certo esfor\u00e7o, pois est\u00e1 gr\u00e1vida, mesmo assim fez quest\u00e3o de atuar na cerim\u00f3nia. Mariano Neto, tamb\u00e9m descendente de Federica mas por outro ramo, tenta subir ao palanque e ler O Enteado do Diabo, uma pe\u00e7a de teatro escrita pelo bisav\u00f4. \u00c9 quando d\u00e3o pelo inc\u00eandio. O teatro n\u00e3o chega a ser usado. No calor da a\u00e7\u00e3o, rebentam as \u00e1guas a Mariana, que d\u00e1 \u00e0 luz trig\u00e9meas.<\/p><p><strong>Ato III\u00a0 \/\/ Um cinema decadente?<\/strong><\/p><p><span style=\"color: #0000ff;\">1977<\/span><br \/>A revolu\u00e7\u00e3o trouxe a democracia a Portugal, incluindo ao norte do pa\u00eds, conservador e cat\u00f3lico. No cinema S\u00e3o Jo\u00e3o, toda a fam\u00edlia Ricci se junta para assistir \u00e0 estreia do filme er\u00f3tico realizado por Jo\u00e3o Ricci. L\u00e1 fora, um grupo de freiras apela ao boicote. A fam\u00edlia escandaliza-se ao ver que os mais novos entram no filme como atores e atrizes, e querem impedir a estreia. Logo descobrem que aqueles rapazes e raparigas coincidentemente muito parecidos com eles, n\u00e3o s\u00e3o da fam\u00edlia Ricci, mas antes da fam\u00edlia Paup\u00e9rio. \u00c9 ent\u00e3o que concluem que todos s\u00e3o primos uns dos outros. A estreia \u00e9 aben\u00e7oada pela presen\u00e7a de um tio, frade franciscano, pregador da teologia da liberta\u00e7\u00e3o e da lei do amor acima de todas as coisas.\u00a0<\/p><p><strong>Ato IV \/\/ Um teatro bombardeado\u00a0<\/strong><\/p><p class=\"p1\"><span style=\"color: #0000ff;\">2088<\/span><br \/>Nas ru\u00ednas de um teatro, agora usado para acolher refugiados de guerra, deambulam homens e mulheres. J\u00e1 l\u00e1 n\u00e3o est\u00e3o o casal de palha\u00e7os, membros dos Palha\u00e7os sem Fronteiras, nem os jornalistas \u00e0 cata de novidades. At\u00e9 os Capacetes Azuis abandonaram o local. As mulheres apresentam as suas queixas a um p\u00fablico imagin\u00e1rio. Uma delas, Federica, est\u00e1 t\u00e3o revoltada que n\u00e3o diz coisa com coisa. A mulher est\u00e1 aparentemente gr\u00e1vida, o que \u00e9 dif\u00edcil de crer, dada a idade adiantada que tem. Ser\u00e1 uma bomba o que traz no ventre, e a mulher, nesse caso, uma bombista suicida? \u00c9 mesmo. O rebento dela explode, rebentando com os g\u00e9meos originais e at\u00e9 com o pr\u00f3prio diabo, verdadeiro ou falso. S\u00f3 sobra a mem\u00f3ria do teatro.\u00a0<\/p><p>Jorge Loura\u00e7o<\/p><\/div>\n\t\t\t\t<\/div>\n\t\t\t\t<\/div>\n\t\t\t\t\t\t<\/div>\n\t\t\t\t\t<\/div>\n\t\t<\/div>\n\t\t\t\t\t\t\t\t<\/div>\n\t\t\t\t\t<\/div>\n\t\t<\/section>\n\t\t\t\t<section class=\"elementor-section elementor-top-section elementor-element elementor-element-53fb278b elementor-section-full_width elementor-section-height-min-height elementor-section-height-default elementor-section-items-middle\" data-id=\"53fb278b\" data-element_type=\"section\" data-settings=\"{&quot;background_background&quot;:&quot;classic&quot;}\">\n\t\t\t\t\t\t<div class=\"elementor-container elementor-column-gap-no\">\n\t\t\t\t\t\t\t<div class=\"elementor-row\">\n\t\t\t\t\t<div class=\"elementor-column elementor-col-50 elementor-top-column elementor-element elementor-element-3a5ceb52\" data-id=\"3a5ceb52\" data-element_type=\"column\">\n\t\t\t<div class=\"elementor-column-wrap elementor-element-populated\">\n\t\t\t\t\t\t\t<div class=\"elementor-widget-wrap\">\n\t\t\t\t\t\t<div class=\"elementor-element elementor-element-2487ba33 elementor-widget elementor-widget-text-editor\" data-id=\"2487ba33\" data-element_type=\"widget\" data-widget_type=\"text-editor.default\">\n\t\t\t\t<div class=\"elementor-widget-container\">\n\t\t\t\t\t<div class=\"elementor-text-editor elementor-clearfix\"><blockquote><p class=\"p1\"><span style=\"color: #333333;\"><strong>Ficha T\u00e9cnica e Art\u00edstica\u00a0<\/strong><\/span><\/p><\/blockquote><p class=\"p1\"><strong>Dire\u00e7\u00e3o Art\u00edstica<\/strong><br \/>Ant\u00f3nio Salgado<\/p><p class=\"p1\"><strong>Dire\u00e7\u00e3o Musical<\/strong><br \/>Jan Wierzba<\/p><p><b>Maestro Assistente<br \/><\/b>Marco Pereira<\/p><p class=\"p1\"><strong>Encena\u00e7\u00e3o<\/strong><br \/>Ant\u00f3nio Dur\u00e3es<\/p><p class=\"p1\"><strong>Apoio Dramat\u00fargico<\/strong><br \/>Jorge Loura\u00e7o<\/p><p class=\"p1\"><strong>Dire\u00e7\u00e3o de Cena e Produ\u00e7\u00e3o Executiva<\/strong><br \/>Anita Magalh\u00e3es Faria<\/p><p class=\"p1\"><strong>Assist\u00eancia de Dire\u00e7\u00e3o de Cena<\/strong><br \/>Lara Soares<\/p><p class=\"p1\"><strong>Design de Luz<\/strong><br \/>Jo\u00e3o Fontes<br \/>Bernardo Correia<\/p><p class=\"p1\"><strong>Som<\/strong><br \/>Daniel Leit\u00e3o<\/p><p class=\"p1\"><strong>Assist\u00eancia de Som<\/strong><br \/>Jorge Vasconcelos<\/p><p class=\"p1\"><strong>Cenografia<\/strong><br \/>Helder Maia<\/p><p class=\"p1\"><strong>Assistente de Cenografia<\/strong><br \/>Carolina Lyra<\/p><p class=\"p1\"><strong>Video Mapping<\/strong><br \/>Beatriz Nogueira<\/p><p class=\"p1\"><strong>Anima\u00e7\u00f5es<\/strong><br \/>Beatriz Paiva<\/p><p class=\"p1\"><strong>Figurinos<\/strong><br \/>Raquel Ribeiro<\/p><p class=\"p1\"><strong>Assistente de figurinos<\/strong><br \/>Cristina Gil<\/p><p class=\"p1\"><strong>Equipa de Camarins<\/strong><br \/>Beatriz Ver\u00edssimo<br \/>Luar Barbosa<br \/>Rafa Alves<br \/>Francisca Marinho<br \/>Lili Sousa<br \/>Rafaela Amen Costa<\/p><p class=\"p1\"><strong>Correpetidores<\/strong><br \/>David Ferreira<br \/>Joana Morant<br \/>Marta Nabais<\/p><p class=\"p1\"><strong>Apoio T\u00e9cnico <\/strong><br \/>Bruno Pacheco<br \/>Jo\u00e3o Matos<br \/>M\u00f3nica Melo<br \/>Filipa Carolina<br \/>Carlos Neves<\/p><p class=\"p1\"><strong>Coordena\u00e7\u00e3o de Produ\u00e7\u00e3o<\/strong><br \/>Ant\u00f3nio Salgado<br \/>Cl\u00e1udia Marisa<\/p><p class=\"p1\"><strong>Produ\u00e7\u00e3o Executiva<\/strong><br \/>N\u00edsia Ara\u00fajo<br \/>Rui Ara\u00fajo<\/p><p class=\"p1\"><strong>Materiais de comunica\u00e7\u00e3o e divulga\u00e7\u00e3o<\/strong><br \/>Ant\u00f3nio Gorgal<br \/>Joana Gon\u00e7alves<\/p><p class=\"p1\"><strong>Coordena\u00e7\u00e3o Executiva Ensemble Orquestral<\/strong><br \/>Jorge Alves<br \/>Nuno Pinto<\/p><p class=\"p1\">Dire\u00e7\u00e3o Vocal<br \/>Ant\u00f3nio Salgado<br \/>Rui Taveira<\/p><p class=\"p1\"><strong>Coordena\u00e7\u00e3o, \u00e1rea Dire\u00e7\u00e3o de Cena e Produ\u00e7\u00e3o<\/strong><br \/>Regina Castro<\/p><p class=\"p1\"><strong>Coordena\u00e7\u00e3o, \u00e1rea de Luz<\/strong><br \/>Diogo Franco<\/p><p class=\"p1\"><strong>Coordena\u00e7\u00e3o da \u00e1rea de som<\/strong><br \/>Marco Concei\u00e7\u00e3o<\/p><p class=\"p1\"><strong>Coordena\u00e7\u00e3o dos Media Interativos <\/strong><br \/>Lu\u00eds Leite<br \/>Rodrigo Carvalho<br \/>Hugo Mesquita<\/p><p class=\"p1\"><strong>Coordena\u00e7\u00e3o de Figurinos<\/strong><br \/>Manuela Bronze<\/p><\/div>\n\t\t\t\t<\/div>\n\t\t\t\t<\/div>\n\t\t\t\t\t\t<\/div>\n\t\t\t\t\t<\/div>\n\t\t<\/div>\n\t\t\t\t<div class=\"elementor-column elementor-col-50 elementor-top-column elementor-element elementor-element-3931d53c\" data-id=\"3931d53c\" data-element_type=\"column\">\n\t\t\t<div class=\"elementor-column-wrap elementor-element-populated\">\n\t\t\t\t\t\t\t<div class=\"elementor-widget-wrap\">\n\t\t\t\t\t\t<div class=\"elementor-element elementor-element-1357b4bf elementor-widget elementor-widget-text-editor\" data-id=\"1357b4bf\" data-element_type=\"widget\" data-widget_type=\"text-editor.default\">\n\t\t\t\t<div class=\"elementor-widget-container\">\n\t\t\t\t\t<div class=\"elementor-text-editor elementor-clearfix\"><blockquote><p><strong>Libreto <\/strong><span style=\"font-family: -apple-system, BlinkMacSystemFont, 'Segoe UI', Roboto, Oxygen-Sans, Ubuntu, Cantarell, 'Helvetica Neue', sans-serif;\">Jorge Loura\u00e7o<\/span><\/p><\/blockquote><blockquote><p>M\u00fasica<\/p><p><strong>I ATO<\/strong> Telmo Marques<br \/><strong>II ATO<\/strong> Eug\u00e9nio Amorim<br \/><strong>III ATO<\/strong> Carlos Azevedo<br \/><strong>IV ATO<\/strong> Dimitris Andrikopoulos<\/p><\/blockquote><blockquote><p><strong>Elenco<\/strong><\/p><\/blockquote><p>Ana Rosa<br \/>B\u00e1rbara Xavier Quintais<br \/>Beatriz Ramos<br \/>Beatriz Patroc\u00ednio<br \/>Catarina Santos<br \/>Cliff Pereira<br \/>Erick Valverde<br \/>Gustavo Gil Godinho<br \/>Henrique Lencastre<br \/>Isabel Gundana<br \/>Joana Santos<br \/>J\u00falia Anjos<br \/>Lioba Vergely<br \/>Maria Duarte<br \/>Maria Jo\u00e3o Gomes<br \/>Miguel Soares<br \/>Rita Gama<br \/>Andr\u00e9 Fernandes<\/p><blockquote><p><strong>Ensemble Orquestral da ESMAE \u2013 \u00d3pera Real<\/strong><\/p><\/blockquote><p><strong>Violino I <\/strong><br \/>Pedro Rebelo<\/p><p><strong>Violino II <\/strong><br \/>Hugo Oliveira<\/p><p><strong>Viola<\/strong><br \/>Francisca Bonacho<\/p><p><strong>Violoncelo<\/strong><br \/>Raquel Mota<\/p><p><strong>Contrabaixo <\/strong><br \/>Gil Pereira Morais<\/p><p><strong>Flauta<\/strong><br \/>Ana Sofia Machado<\/p><p><strong>Obo\u00e9 <\/strong><br \/>Ana Beatriz Martins<\/p><p><strong>Clarinete<\/strong><br \/>Mariolys Rivas Garcia<\/p><p><strong>Fagote<\/strong><br \/>Jo\u00e3o Gigante<\/p><p><strong>Trompa<\/strong><br \/>Laura Maria Henriques Ferreira<\/p><p><strong>Trompete<\/strong><br \/>Pedro Tafulo da Costa<\/p><p><strong>Trombone<\/strong><br \/>Tom\u00e1s Cunha Gomes<\/p><p><strong>Percuss\u00e3o<\/strong><br \/>Jo\u00e3o M. Quinhentas<br \/>Sofia Carvalho Costa<br \/>Pedro Ferreira Castro<\/p><p><strong>Piano<\/strong><br \/>Joana Morant<br \/>Marta Nabais<\/p><p><strong><span style=\"color: #0000ff;\">Uma Produ\u00e7\u00e3o da ESMAE e do Est\u00fadio de \u00d3pera da ESMAE<\/span><\/strong><\/p><p><strong>Agradecimentos | Apoios<\/strong><br \/>Suave Clima, Lda<br \/>ESMAD<br \/>Helena Alves<\/p><\/div>\n\t\t\t\t<\/div>\n\t\t\t\t<\/div>\n\t\t\t\t\t\t<\/div>\n\t\t\t\t\t<\/div>\n\t\t<\/div>\n\t\t\t\t\t\t\t\t<\/div>\n\t\t\t\t\t<\/div>\n\t\t<\/section>\n\t\t\t\t<section class=\"elementor-section elementor-top-section elementor-element elementor-element-1e84b815 elementor-section-full_width elementor-section-stretched elementor-section-height-default elementor-section-height-default\" data-id=\"1e84b815\" data-element_type=\"section\" data-settings=\"{&quot;stretch_section&quot;:&quot;section-stretched&quot;,&quot;background_background&quot;:&quot;classic&quot;}\">\n\t\t\t\t\t\t<div class=\"elementor-container elementor-column-gap-default\">\n\t\t\t\t\t\t\t<div class=\"elementor-row\">\n\t\t\t\t\t<div class=\"elementor-column elementor-col-100 elementor-top-column elementor-element elementor-element-33715ce\" data-id=\"33715ce\" data-element_type=\"column\">\n\t\t\t<div class=\"elementor-column-wrap elementor-element-populated\">\n\t\t\t\t\t\t\t<div class=\"elementor-widget-wrap\">\n\t\t\t\t\t\t<div class=\"elementor-element elementor-element-33010deb elementor-widget elementor-widget-gallery\" data-id=\"33010deb\" data-element_type=\"widget\" data-settings=\"{&quot;gallery_layout&quot;:&quot;masonry&quot;,&quot;columns&quot;:3,&quot;columns_tablet&quot;:3,&quot;columns_mobile&quot;:2,&quot;lazyload&quot;:&quot;yes&quot;,&quot;gap&quot;:{&quot;unit&quot;:&quot;px&quot;,&quot;size&quot;:10,&quot;sizes&quot;:[]},&quot;gap_tablet&quot;:{&quot;unit&quot;:&quot;px&quot;,&quot;size&quot;:10,&quot;sizes&quot;:[]},&quot;gap_mobile&quot;:{&quot;unit&quot;:&quot;px&quot;,&quot;size&quot;:10,&quot;sizes&quot;:[]},&quot;overlay_background&quot;:&quot;yes&quot;,&quot;content_hover_animation&quot;:&quot;fade-in&quot;}\" data-widget_type=\"gallery.default\">\n\t\t\t\t<div class=\"elementor-widget-container\">\n\t\t\t\t\t<div class=\"elementor-gallery__container\">\n\t\t\t\t\t\t\t<div class=\"e-gallery-item elementor-gallery-item elementor-animated-content\">\n\t\t\t\t\t<div class=\"e-gallery-image elementor-gallery-item__image\" data-thumbnail=\"http:\/\/thsc.pt\/wp-content\/uploads\/2020\/08\/thsc_2-768x432-1.jpg\" data-width=\"768\" data-height=\"432\" alt=\"\" ><\/div>\n\t\t\t\t\t\t\t\t\t\t<div class=\"elementor-gallery-item__overlay\"><\/div>\n\t\t\t\t\t\t\t\t\t\t\t\t\t\t<\/div>\n\t\t\t\t\t\t\t<div class=\"e-gallery-item elementor-gallery-item elementor-animated-content\">\n\t\t\t\t\t<div class=\"e-gallery-image elementor-gallery-item__image\" data-thumbnail=\"http:\/\/thsc.pt\/wp-content\/uploads\/2023\/04\/Captura-de-ecra\u0303-2023-04-12-a\u0300s-16.07.45-1024x619.png\" data-width=\"1024\" data-height=\"619\" alt=\"\" ><\/div>\n\t\t\t\t\t\t\t\t\t\t<div class=\"elementor-gallery-item__overlay\"><\/div>\n\t\t\t\t\t\t\t\t\t\t\t\t\t\t<\/div>\n\t\t\t\t\t\t\t<div class=\"e-gallery-item elementor-gallery-item elementor-animated-content\">\n\t\t\t\t\t<div class=\"e-gallery-image elementor-gallery-item__image\" data-thumbnail=\"http:\/\/thsc.pt\/wp-content\/uploads\/2020\/08\/thsc1-768x432-1.jpg\" data-width=\"768\" data-height=\"432\" alt=\"\" ><\/div>\n\t\t\t\t\t\t\t\t\t\t<div class=\"elementor-gallery-item__overlay\"><\/div>\n\t\t\t\t\t\t\t\t\t\t\t\t\t\t<\/div>\n\t\t\t\t\t<\/div>\n\t\t\t<\/div>\n\t\t\t\t<\/div>\n\t\t\t\t\t\t<\/div>\n\t\t\t\t\t<\/div>\n\t\t<\/div>\n\t\t\t\t\t\t\t\t<\/div>\n\t\t\t\t\t<\/div>\n\t\t<\/section>\n\t\t\t\t\t\t<\/div>\n\t\t\t\t\t\t<\/div>\n\t\t\t\t\t<\/div>\n\t\t","protected":false},"excerpt":{"rendered":"<p>\u00d3PERA REAL REPETI\u00c7\u00c3O DO FIM DO MUNDO &#8211; 12 de maio &#8211;\u00a0 Sexta-feira , 12 de maio \u00e0s 21h30 O [&hellip;]<\/p>\n","protected":false},"author":1,"featured_media":0,"parent":0,"menu_order":0,"comment_status":"closed","ping_status":"closed","template":"","meta":[],"_links":{"self":[{"href":"http:\/\/thsc.pt\/index.php?rest_route=\/wp\/v2\/pages\/4164"}],"collection":[{"href":"http:\/\/thsc.pt\/index.php?rest_route=\/wp\/v2\/pages"}],"about":[{"href":"http:\/\/thsc.pt\/index.php?rest_route=\/wp\/v2\/types\/page"}],"author":[{"embeddable":true,"href":"http:\/\/thsc.pt\/index.php?rest_route=\/wp\/v2\/users\/1"}],"replies":[{"embeddable":true,"href":"http:\/\/thsc.pt\/index.php?rest_route=%2Fwp%2Fv2%2Fcomments&post=4164"}],"version-history":[{"count":13,"href":"http:\/\/thsc.pt\/index.php?rest_route=\/wp\/v2\/pages\/4164\/revisions"}],"predecessor-version":[{"id":4234,"href":"http:\/\/thsc.pt\/index.php?rest_route=\/wp\/v2\/pages\/4164\/revisions\/4234"}],"wp:attachment":[{"href":"http:\/\/thsc.pt\/index.php?rest_route=%2Fwp%2Fv2%2Fmedia&parent=4164"}],"curies":[{"name":"wp","href":"https:\/\/api.w.org\/{rel}","templated":true}]}}