{"id":3529,"date":"2022-10-03T11:00:10","date_gmt":"2022-10-03T10:00:10","guid":{"rendered":"http:\/\/thsc.pt\/?page_id=3529"},"modified":"2022-10-03T12:02:20","modified_gmt":"2022-10-03T11:02:20","slug":"apolo-descapotavel","status":"publish","type":"page","link":"http:\/\/thsc.pt\/?page_id=3529","title":{"rendered":"APOLO DESCAPOT\u00c1VEL"},"content":{"rendered":"\t\t<div data-elementor-type=\"wp-page\" data-elementor-id=\"3529\" class=\"elementor elementor-3529\" data-elementor-settings=\"[]\">\n\t\t\t\t\t\t<div class=\"elementor-inner\">\n\t\t\t\t\t\t\t<div class=\"elementor-section-wrap\">\n\t\t\t\t\t\t\t<section class=\"elementor-section elementor-top-section elementor-element elementor-element-25a1d7a elementor-section-height-min-height elementor-section-boxed elementor-section-height-default elementor-section-items-middle\" data-id=\"25a1d7a\" data-element_type=\"section\" data-settings=\"{&quot;background_background&quot;:&quot;classic&quot;}\">\n\t\t\t\t\t\t\t<div class=\"elementor-background-overlay\"><\/div>\n\t\t\t\t\t\t\t<div class=\"elementor-container elementor-column-gap-default\">\n\t\t\t\t\t\t\t<div class=\"elementor-row\">\n\t\t\t\t\t<div class=\"elementor-column elementor-col-100 elementor-top-column elementor-element elementor-element-11a75dc5\" data-id=\"11a75dc5\" data-element_type=\"column\">\n\t\t\t<div class=\"elementor-column-wrap elementor-element-populated\">\n\t\t\t\t\t\t\t<div class=\"elementor-widget-wrap\">\n\t\t\t\t\t\t<div class=\"elementor-element elementor-element-5ec97991 elementor-widget elementor-widget-spacer\" data-id=\"5ec97991\" data-element_type=\"widget\" data-widget_type=\"spacer.default\">\n\t\t\t\t<div class=\"elementor-widget-container\">\n\t\t\t\t\t<div class=\"elementor-spacer\">\n\t\t\t<div class=\"elementor-spacer-inner\"><\/div>\n\t\t<\/div>\n\t\t\t\t<\/div>\n\t\t\t\t<\/div>\n\t\t\t\t<div class=\"elementor-element elementor-element-2e1dbef2 elementor-widget elementor-widget-heading\" data-id=\"2e1dbef2\" data-element_type=\"widget\" data-widget_type=\"heading.default\">\n\t\t\t\t<div class=\"elementor-widget-container\">\n\t\t\t<h1 class=\"elementor-heading-title elementor-size-large\">APOLO DESCAPOT\u00c1VEL<\/h1>\t\t<\/div>\n\t\t\t\t<\/div>\n\t\t\t\t<div class=\"elementor-element elementor-element-34315af1 elementor-widget elementor-widget-heading\" data-id=\"34315af1\" data-element_type=\"widget\" data-widget_type=\"heading.default\">\n\t\t\t\t<div class=\"elementor-widget-container\">\n\t\t\t<h3 class=\"elementor-heading-title elementor-size-medium\">ALMA D\u2019ARAME (PT) | FIMP\u201922<\/h3>\t\t<\/div>\n\t\t\t\t<\/div>\n\t\t\t\t<div class=\"elementor-element elementor-element-71fe80c0 elementor-widget elementor-widget-text-editor\" data-id=\"71fe80c0\" data-element_type=\"widget\" data-widget_type=\"text-editor.default\">\n\t\t\t\t<div class=\"elementor-widget-container\">\n\t\t\t\t\t<div class=\"elementor-text-editor elementor-clearfix\"><h2><span style=\"color: #ffffff;\"><strong>&#8211; 9 de outubro &#8211;\u00a0<\/strong><\/span><\/h2><p>Domingo , 29 de outubro \u2013 21h00<br \/><br \/><\/p><\/div>\n\t\t\t\t<\/div>\n\t\t\t\t<\/div>\n\t\t\t\t<section class=\"elementor-section elementor-inner-section elementor-element elementor-element-7258efc9 elementor-section-content-middle elementor-section-boxed elementor-section-height-default elementor-section-height-default\" data-id=\"7258efc9\" data-element_type=\"section\">\n\t\t\t\t\t\t<div class=\"elementor-container elementor-column-gap-extended\">\n\t\t\t\t\t\t\t<div class=\"elementor-row\">\n\t\t\t\t\t<div class=\"elementor-column elementor-col-100 elementor-inner-column elementor-element elementor-element-4a04223f\" data-id=\"4a04223f\" data-element_type=\"column\">\n\t\t\t<div class=\"elementor-column-wrap elementor-element-populated\">\n\t\t\t\t\t\t\t<div class=\"elementor-widget-wrap\">\n\t\t\t\t\t\t<div class=\"elementor-element elementor-element-2f2a4e65 elementor-widget elementor-widget-text-editor\" data-id=\"2f2a4e65\" data-element_type=\"widget\" data-widget_type=\"text-editor.default\">\n\t\t\t\t<div class=\"elementor-widget-container\">\n\t\t\t\t\t<div class=\"elementor-text-editor elementor-clearfix\"><h5><span style=\"color: #ffffff;\"><b><span style=\"font-family: var( --e-global-typography-text-font-family );\">M\/12 |\u00a0 BILHETES : 3\u20ac a 7,5\u20ac<\/span><\/b><\/span><\/h5><\/div>\n\t\t\t\t<\/div>\n\t\t\t\t<\/div>\n\t\t\t\t\t\t<\/div>\n\t\t\t\t\t<\/div>\n\t\t<\/div>\n\t\t\t\t\t\t\t\t<\/div>\n\t\t\t\t\t<\/div>\n\t\t<\/section>\n\t\t\t\t\t\t<\/div>\n\t\t\t\t\t<\/div>\n\t\t<\/div>\n\t\t\t\t\t\t\t\t<\/div>\n\t\t\t\t\t<\/div>\n\t\t<\/section>\n\t\t\t\t<section class=\"elementor-section elementor-top-section elementor-element elementor-element-51d89f62 elementor-section-boxed elementor-section-height-default elementor-section-height-default\" data-id=\"51d89f62\" data-element_type=\"section\" data-settings=\"{&quot;background_background&quot;:&quot;classic&quot;}\">\n\t\t\t\t\t\t<div class=\"elementor-container elementor-column-gap-default\">\n\t\t\t\t\t\t\t<div class=\"elementor-row\">\n\t\t\t\t\t<div class=\"elementor-column elementor-col-33 elementor-top-column elementor-element elementor-element-1b395d6e\" data-id=\"1b395d6e\" data-element_type=\"column\">\n\t\t\t<div class=\"elementor-column-wrap elementor-element-populated\">\n\t\t\t\t\t\t\t<div class=\"elementor-widget-wrap\">\n\t\t\t\t\t\t<div class=\"elementor-element elementor-element-52d14c31 elementor-widget elementor-widget-spacer\" data-id=\"52d14c31\" data-element_type=\"widget\" data-widget_type=\"spacer.default\">\n\t\t\t\t<div class=\"elementor-widget-container\">\n\t\t\t\t\t<div class=\"elementor-spacer\">\n\t\t\t<div class=\"elementor-spacer-inner\"><\/div>\n\t\t<\/div>\n\t\t\t\t<\/div>\n\t\t\t\t<\/div>\n\t\t\t\t<div class=\"elementor-element elementor-element-2fb53dbc elementor-widget elementor-widget-text-editor\" data-id=\"2fb53dbc\" data-element_type=\"widget\" data-widget_type=\"text-editor.default\">\n\t\t\t\t<div class=\"elementor-widget-container\">\n\t\t\t\t\t<div class=\"elementor-text-editor elementor-clearfix\"><p class=\"p1\">\u201cCaminhamos pelo teto, como se fosse um campo vasto. Faetonte no seu Apolo Descapot\u00e1vel, fulminante e amarelo, encontra-se suspenso entre o C\u00e9u e a Terra; em queda, muito lenta e cont\u00ednua.<\/p><p class=\"p1\">Faetonte procura o original do retrato m\u00e1gico, naufragado, o retrato de todas as cores e tamanhos, o retrato do seu amor, uma c\u00f3pia muito melhor do que o original: \u201ccomprometo-me a fazer investimentos gigantes!\u201d. H\u00e1 conspira\u00e7\u00f5es que mudam os nomes dos Planetas e transformam os Homens.<\/p><p class=\"p1\">E n\u00f3s cruzamos as m\u00e3os debaixo dos bra\u00e7os. Somos os espetadores da Cat\u00e1strofe.\u201d<\/p><p class=\"p1\">Alma d\u2019Arame regressa ao fimp. Desta vez aos comandos do seu Apolo Descapot\u00e1vel, uma pe\u00e7a que se inscreve na sua linha que cruza a dramaturgia portuguesa original, o teatro f\u00edsico e o universo do objeto.<\/p><h6 class=\"p1\"><span style=\"color: #003366;\">&#8220;We walk along the rooftop, as if it were a vast field. Phaethon in his Apollo Convertible, fulminating and yellow, is suspended between Heaven and Earth; falling, very slowly and continuously.<\/span><\/h6><h6 class=\"p1\"><span style=\"color: #003366;\">Phaethon seeks the original of the magical, shipwrecked portrait, the portrait of all colours and sizes, the portrait of his love, a copy much better than the original: &#8220;I am committed to making giant strides!&#8221; There are conspiracies that change the names of planets and transform humankind.<\/span><\/h6><h6 class=\"p1\"><span style=\"color: #003366;\">And we cross our arms, hiding our hands. We are the spectators of the Catastrophe.&#8221;<\/span><\/h6><h6 class=\"p1\"><span style=\"color: #003366;\">Alma d&#8217;Arame returns to fimp. This time at the controls of its Apollo Convertible, a play that is true to its style of crossing original Portuguese dramaturgy with physical theatre and the universe of the object.<\/span><\/h6><\/div>\n\t\t\t\t<\/div>\n\t\t\t\t<\/div>\n\t\t\t\t\t\t<\/div>\n\t\t\t\t\t<\/div>\n\t\t<\/div>\n\t\t\t\t<div class=\"elementor-column elementor-col-33 elementor-top-column elementor-element elementor-element-236e45b1\" data-id=\"236e45b1\" data-element_type=\"column\" data-settings=\"{&quot;background_background&quot;:&quot;classic&quot;}\">\n\t\t\t<div class=\"elementor-column-wrap elementor-element-populated\">\n\t\t\t\t\t<div class=\"elementor-background-overlay\"><\/div>\n\t\t\t\t\t\t\t<div class=\"elementor-widget-wrap\">\n\t\t\t\t\t\t<div class=\"elementor-element elementor-element-967208f elementor-widget elementor-widget-spacer\" data-id=\"967208f\" data-element_type=\"widget\" data-widget_type=\"spacer.default\">\n\t\t\t\t<div class=\"elementor-widget-container\">\n\t\t\t\t\t<div class=\"elementor-spacer\">\n\t\t\t<div class=\"elementor-spacer-inner\"><\/div>\n\t\t<\/div>\n\t\t\t\t<\/div>\n\t\t\t\t<\/div>\n\t\t\t\t\t\t<\/div>\n\t\t\t\t\t<\/div>\n\t\t<\/div>\n\t\t\t\t<div class=\"elementor-column elementor-col-33 elementor-top-column elementor-element elementor-element-6c8606f6\" data-id=\"6c8606f6\" data-element_type=\"column\" data-settings=\"{&quot;background_background&quot;:&quot;classic&quot;}\">\n\t\t\t<div class=\"elementor-column-wrap elementor-element-populated\">\n\t\t\t\t\t<div class=\"elementor-background-overlay\"><\/div>\n\t\t\t\t\t\t\t<div class=\"elementor-widget-wrap\">\n\t\t\t\t\t\t<div class=\"elementor-element elementor-element-de2c9db elementor-aspect-ratio-11 elementor-widget elementor-widget-video\" data-id=\"de2c9db\" data-element_type=\"widget\" data-settings=\"{&quot;aspect_ratio&quot;:&quot;11&quot;}\" data-widget_type=\"video.default\">\n\t\t\t\t<div class=\"elementor-widget-container\">\n\t\t\t\t\t<div class=\"elementor-wrapper elementor-fit-aspect-ratio elementor-open-inline\">\n\t\t\t\t\t<video class=\"elementor-video\" src=\"http:\/\/thsc.pt\/wp-content\/uploads\/2022\/10\/Apolo-Descapota\u0301vel-II.mp4\" autoplay=\"\" playsinline=\"\" controlsList=\"nodownload\"><\/video>\n\t\t\t\t<\/div>\n\t\t\t\t<\/div>\n\t\t\t\t<\/div>\n\t\t\t\t<div class=\"elementor-element elementor-element-57752eed elementor-widget elementor-widget-spacer\" data-id=\"57752eed\" data-element_type=\"widget\" data-widget_type=\"spacer.default\">\n\t\t\t\t<div class=\"elementor-widget-container\">\n\t\t\t\t\t<div class=\"elementor-spacer\">\n\t\t\t<div class=\"elementor-spacer-inner\"><\/div>\n\t\t<\/div>\n\t\t\t\t<\/div>\n\t\t\t\t<\/div>\n\t\t\t\t\t\t<\/div>\n\t\t\t\t\t<\/div>\n\t\t<\/div>\n\t\t\t\t\t\t\t\t<\/div>\n\t\t\t\t\t<\/div>\n\t\t<\/section>\n\t\t\t\t<section class=\"elementor-section elementor-top-section elementor-element elementor-element-a532e95 elementor-section-boxed elementor-section-height-default elementor-section-height-default\" data-id=\"a532e95\" data-element_type=\"section\" data-settings=\"{&quot;background_background&quot;:&quot;classic&quot;}\">\n\t\t\t\t\t\t<div class=\"elementor-container elementor-column-gap-default\">\n\t\t\t\t\t\t\t<div class=\"elementor-row\">\n\t\t\t\t\t<div class=\"elementor-column elementor-col-33 elementor-top-column elementor-element elementor-element-5983f05\" data-id=\"5983f05\" data-element_type=\"column\" data-settings=\"{&quot;background_background&quot;:&quot;classic&quot;}\">\n\t\t\t<div class=\"elementor-column-wrap elementor-element-populated\">\n\t\t\t\t\t<div class=\"elementor-background-overlay\"><\/div>\n\t\t\t\t\t\t\t<div class=\"elementor-widget-wrap\">\n\t\t\t\t\t\t<div class=\"elementor-element elementor-element-5cfcd5c elementor-widget elementor-widget-spacer\" data-id=\"5cfcd5c\" data-element_type=\"widget\" data-widget_type=\"spacer.default\">\n\t\t\t\t<div class=\"elementor-widget-container\">\n\t\t\t\t\t<div class=\"elementor-spacer\">\n\t\t\t<div class=\"elementor-spacer-inner\"><\/div>\n\t\t<\/div>\n\t\t\t\t<\/div>\n\t\t\t\t<\/div>\n\t\t\t\t\t\t<\/div>\n\t\t\t\t\t<\/div>\n\t\t<\/div>\n\t\t\t\t<div class=\"elementor-column elementor-col-33 elementor-top-column elementor-element elementor-element-31b8b4f\" data-id=\"31b8b4f\" data-element_type=\"column\" data-settings=\"{&quot;background_background&quot;:&quot;classic&quot;}\">\n\t\t\t<div class=\"elementor-column-wrap elementor-element-populated\">\n\t\t\t\t\t<div class=\"elementor-background-overlay\"><\/div>\n\t\t\t\t\t\t\t<div class=\"elementor-widget-wrap\">\n\t\t\t\t\t\t<div class=\"elementor-element elementor-element-a5fb8c4 elementor-widget elementor-widget-spacer\" data-id=\"a5fb8c4\" data-element_type=\"widget\" data-widget_type=\"spacer.default\">\n\t\t\t\t<div class=\"elementor-widget-container\">\n\t\t\t\t\t<div class=\"elementor-spacer\">\n\t\t\t<div class=\"elementor-spacer-inner\"><\/div>\n\t\t<\/div>\n\t\t\t\t<\/div>\n\t\t\t\t<\/div>\n\t\t\t\t\t\t<\/div>\n\t\t\t\t\t<\/div>\n\t\t<\/div>\n\t\t\t\t<div class=\"elementor-column elementor-col-33 elementor-top-column elementor-element elementor-element-b485786\" data-id=\"b485786\" data-element_type=\"column\" data-settings=\"{&quot;background_background&quot;:&quot;classic&quot;}\">\n\t\t\t<div class=\"elementor-column-wrap elementor-element-populated\">\n\t\t\t\t\t<div class=\"elementor-background-overlay\"><\/div>\n\t\t\t\t\t\t\t<div class=\"elementor-widget-wrap\">\n\t\t\t\t\t\t<div class=\"elementor-element elementor-element-39f5c15 elementor-widget elementor-widget-spacer\" data-id=\"39f5c15\" data-element_type=\"widget\" data-widget_type=\"spacer.default\">\n\t\t\t\t<div class=\"elementor-widget-container\">\n\t\t\t\t\t<div class=\"elementor-spacer\">\n\t\t\t<div class=\"elementor-spacer-inner\"><\/div>\n\t\t<\/div>\n\t\t\t\t<\/div>\n\t\t\t\t<\/div>\n\t\t\t\t\t\t<\/div>\n\t\t\t\t\t<\/div>\n\t\t<\/div>\n\t\t\t\t\t\t\t\t<\/div>\n\t\t\t\t\t<\/div>\n\t\t<\/section>\n\t\t\t\t<section class=\"elementor-section elementor-top-section elementor-element elementor-element-c8ec64b elementor-section-full_width elementor-section-height-min-height elementor-section-height-default elementor-section-items-middle\" data-id=\"c8ec64b\" data-element_type=\"section\" data-settings=\"{&quot;background_background&quot;:&quot;classic&quot;}\">\n\t\t\t\t\t\t<div class=\"elementor-container elementor-column-gap-no\">\n\t\t\t\t\t\t\t<div class=\"elementor-row\">\n\t\t\t\t\t<div class=\"elementor-column elementor-col-50 elementor-top-column elementor-element elementor-element-7c5e29bd\" data-id=\"7c5e29bd\" data-element_type=\"column\">\n\t\t\t<div class=\"elementor-column-wrap elementor-element-populated\">\n\t\t\t\t\t\t\t<div class=\"elementor-widget-wrap\">\n\t\t\t\t\t\t<div class=\"elementor-element elementor-element-7c1bf8ae elementor-widget elementor-widget-text-editor\" data-id=\"7c1bf8ae\" data-element_type=\"widget\" data-widget_type=\"text-editor.default\">\n\t\t\t\t<div class=\"elementor-widget-container\">\n\t\t\t\t\t<div class=\"elementor-text-editor elementor-clearfix\"><blockquote><p class=\"p1\"><span style=\"color: #333333;\"><strong>Ficha Art\u00edstica<\/strong><\/span><\/p><\/blockquote><p class=\"p1\"><strong>Ideia \/ Idea<\/strong><br \/>Am\u00e2ndio Anast\u00e1cio<\/p><p class=\"p1\"><strong>Encena\u00e7\u00e3o e Cenografia \/ Direction and set design<\/strong><br \/>Am\u00e2ndio Anast\u00e1cio<br \/>Paulo Oliveira<\/p><p class=\"p1\"><strong>Texto \/ Text<\/strong><br \/>Paulo Oliveira [a partir d\u2019O Precip\u00edcio de Faetonte, 1738, de Ant\u00f3nio Jos\u00e9 da Silva]<\/p><p class=\"p1\"><strong>Interpreta\u00e7\u00e3o\/ Cast<\/strong><br \/>Jorge Serena e Paulo Quedas<\/p><p class=\"p1\"><strong>M\u00fasica \/ Music<\/strong><br \/>Jo\u00e3o Bastos<\/p><p class=\"p1\"><strong>Desenho de Luz e Montagem \/ Light design and light assembly<\/strong><br \/>Jo\u00e3o Sofio<\/p><p class=\"p1\"><strong>Constru\u00e7\u00e3o de Cen\u00e1rio \/ Set construction<\/strong><br \/>Decor Galamba, Lda.<\/p><p class=\"p1\"><strong>Costureira \/ Seamstress<\/strong><br \/>Susana Oliveira<\/p><p class=\"p1\"><strong>Produ\u00e7\u00e3o Executiva \/ Executive production<\/strong><br \/>Bernardo Xavier<\/p><p class=\"p1\"><strong>Comunica\u00e7\u00e3o, Difus\u00e3o e Circula\u00e7\u00e3o \/ Communication, promotion and booking<\/strong><br \/>Jo\u00e3o Murteira<\/p><p>\u00a0<\/p><p>\u00a0<\/p><\/div>\n\t\t\t\t<\/div>\n\t\t\t\t<\/div>\n\t\t\t\t\t\t<\/div>\n\t\t\t\t\t<\/div>\n\t\t<\/div>\n\t\t\t\t<div class=\"elementor-column elementor-col-50 elementor-top-column elementor-element elementor-element-32e260a1\" data-id=\"32e260a1\" data-element_type=\"column\">\n\t\t\t<div class=\"elementor-column-wrap elementor-element-populated\">\n\t\t\t\t\t\t\t<div class=\"elementor-widget-wrap\">\n\t\t\t\t\t\t<div class=\"elementor-element elementor-element-2ee9e6f7 elementor-widget elementor-widget-text-editor\" data-id=\"2ee9e6f7\" data-element_type=\"widget\" data-widget_type=\"text-editor.default\">\n\t\t\t\t<div class=\"elementor-widget-container\">\n\t\t\t\t\t<div class=\"elementor-text-editor elementor-clearfix\"><p class=\"p1\"><strong>Gest\u00e3o Administrativa \/ Administrative managment<\/strong><br \/>P\u00e9 de Cabra, Lda.<\/p><p class=\"p1\"><strong>Assessoria de Imprensa \/ Press<\/strong><br \/>HORA, Marketing e Comunica\u00e7\u00e3o, Lda.<\/p><p class=\"p1\"><strong>Redes Sociais e Plataformas Digitais \/ Social platforms<\/strong><br \/>Jo\u00e3o Murteira<\/p><p class=\"p1\"><strong>Website<\/strong><br \/>DWP \u2013 Digital Workplace, Lda.<\/p><p class=\"p1\"><strong>Cartaz \/ Poster<\/strong><br \/>Paulo Oliveira<\/p><p class=\"p1\"><strong>Design\/ Design<\/strong><br \/>Jo\u00e3o Murteira<\/p><p class=\"p1\"><strong>V\u00eddeo \/ Video<\/strong><br \/>Cooperativa CAL<\/p><p class=\"p1\"><strong>Fotografia \/ Photography<\/strong><br \/>Tiago Fr\u00f3is<\/p><p class=\"p1\"><strong>Produ\u00e7\u00e3o \/ Production<\/strong><br \/>Alma d\u2019Arame<\/p><p class=\"p1\"><strong>Coprodu\u00e7\u00e3o \/ Co-production<\/strong><br \/>Teatro Ib\u00e9rico<\/p><p>\u00a0<\/p><p class=\"p1\"><strong>A Alma d\u2019Arame \u00e9 uma estrutura financiada\/ financed by:<br \/>Rep\u00fablica Portuguesa \u2013 Cultura,Dire\u00e7\u00e3o-Geral das Artes<\/strong><\/p><\/div>\n\t\t\t\t<\/div>\n\t\t\t\t<\/div>\n\t\t\t\t\t\t<\/div>\n\t\t\t\t\t<\/div>\n\t\t<\/div>\n\t\t\t\t\t\t\t\t<\/div>\n\t\t\t\t\t<\/div>\n\t\t<\/section>\n\t\t\t\t\t\t<\/div>\n\t\t\t\t\t\t<\/div>\n\t\t\t\t\t<\/div>\n\t\t","protected":false},"excerpt":{"rendered":"<p>APOLO DESCAPOT\u00c1VEL ALMA D\u2019ARAME (PT) | FIMP\u201922 &#8211; 9 de outubro &#8211;\u00a0 Domingo , 29 de outubro \u2013 21h00 M\/12 [&hellip;]<\/p>\n","protected":false},"author":1,"featured_media":0,"parent":0,"menu_order":0,"comment_status":"closed","ping_status":"closed","template":"","meta":[],"_links":{"self":[{"href":"http:\/\/thsc.pt\/index.php?rest_route=\/wp\/v2\/pages\/3529"}],"collection":[{"href":"http:\/\/thsc.pt\/index.php?rest_route=\/wp\/v2\/pages"}],"about":[{"href":"http:\/\/thsc.pt\/index.php?rest_route=\/wp\/v2\/types\/page"}],"author":[{"embeddable":true,"href":"http:\/\/thsc.pt\/index.php?rest_route=\/wp\/v2\/users\/1"}],"replies":[{"embeddable":true,"href":"http:\/\/thsc.pt\/index.php?rest_route=%2Fwp%2Fv2%2Fcomments&post=3529"}],"version-history":[{"count":7,"href":"http:\/\/thsc.pt\/index.php?rest_route=\/wp\/v2\/pages\/3529\/revisions"}],"predecessor-version":[{"id":3561,"href":"http:\/\/thsc.pt\/index.php?rest_route=\/wp\/v2\/pages\/3529\/revisions\/3561"}],"wp:attachment":[{"href":"http:\/\/thsc.pt\/index.php?rest_route=%2Fwp%2Fv2%2Fmedia&parent=3529"}],"curies":[{"name":"wp","href":"https:\/\/api.w.org\/{rel}","templated":true}]}}