{"id":3493,"date":"2022-06-30T18:20:57","date_gmt":"2022-06-30T17:20:57","guid":{"rendered":"http:\/\/thsc.pt\/?page_id=3493"},"modified":"2022-07-07T12:51:33","modified_gmt":"2022-07-07T11:51:33","slug":"quem-sou-eu-2","status":"publish","type":"page","link":"http:\/\/thsc.pt\/?page_id=3493","title":{"rendered":"Quem sou eu?"},"content":{"rendered":"\t\t<div data-elementor-type=\"wp-page\" data-elementor-id=\"3493\" class=\"elementor elementor-3493\" data-elementor-settings=\"[]\">\n\t\t\t\t\t\t<div class=\"elementor-inner\">\n\t\t\t\t\t\t\t<div class=\"elementor-section-wrap\">\n\t\t\t\t\t\t\t<section class=\"elementor-section elementor-top-section elementor-element elementor-element-67a2f2a3 elementor-section-height-min-height elementor-section-boxed elementor-section-height-default elementor-section-items-middle\" data-id=\"67a2f2a3\" data-element_type=\"section\" data-settings=\"{&quot;background_background&quot;:&quot;classic&quot;}\">\n\t\t\t\t\t\t\t<div class=\"elementor-background-overlay\"><\/div>\n\t\t\t\t\t\t\t<div class=\"elementor-container elementor-column-gap-default\">\n\t\t\t\t\t\t\t<div class=\"elementor-row\">\n\t\t\t\t\t<div class=\"elementor-column elementor-col-100 elementor-top-column elementor-element elementor-element-4336df63\" data-id=\"4336df63\" data-element_type=\"column\">\n\t\t\t<div class=\"elementor-column-wrap elementor-element-populated\">\n\t\t\t\t\t\t\t<div class=\"elementor-widget-wrap\">\n\t\t\t\t\t\t<div class=\"elementor-element elementor-element-7f137fc4 elementor-widget elementor-widget-spacer\" data-id=\"7f137fc4\" data-element_type=\"widget\" data-widget_type=\"spacer.default\">\n\t\t\t\t<div class=\"elementor-widget-container\">\n\t\t\t\t\t<div class=\"elementor-spacer\">\n\t\t\t<div class=\"elementor-spacer-inner\"><\/div>\n\t\t<\/div>\n\t\t\t\t<\/div>\n\t\t\t\t<\/div>\n\t\t\t\t<div class=\"elementor-element elementor-element-2897d5c9 elementor-widget elementor-widget-heading\" data-id=\"2897d5c9\" data-element_type=\"widget\" data-widget_type=\"heading.default\">\n\t\t\t\t<div class=\"elementor-widget-container\">\n\t\t\t<h1 class=\"elementor-heading-title elementor-size-large\">QUEM SOU EU?<\/h1>\t\t<\/div>\n\t\t\t\t<\/div>\n\t\t\t\t<div class=\"elementor-element elementor-element-67765d88 elementor-widget elementor-widget-heading\" data-id=\"67765d88\" data-element_type=\"widget\" data-widget_type=\"heading.default\">\n\t\t\t\t<div class=\"elementor-widget-container\">\n\t\t\t<h3 class=\"elementor-heading-title elementor-size-medium\">4\u00aa EDI\u00c7\u00c3O | TEATRO MARIONETAS DO PORTO<\/h3>\t\t<\/div>\n\t\t\t\t<\/div>\n\t\t\t\t<div class=\"elementor-element elementor-element-7f7fc7e4 elementor-widget elementor-widget-text-editor\" data-id=\"7f7fc7e4\" data-element_type=\"widget\" data-widget_type=\"text-editor.default\">\n\t\t\t\t<div class=\"elementor-widget-container\">\n\t\t\t\t\t<div class=\"elementor-text-editor elementor-clearfix\"><h2><span style=\"color: #ffffff;\"><strong>&#8211; 17 de julho &#8211;\u00a0<\/strong><\/span><\/h2><p>Domingo, 17 de julho \u2013 17h00<\/p><\/div>\n\t\t\t\t<\/div>\n\t\t\t\t<\/div>\n\t\t\t\t<section class=\"elementor-section elementor-inner-section elementor-element elementor-element-412c291e elementor-section-content-middle elementor-section-boxed elementor-section-height-default elementor-section-height-default\" data-id=\"412c291e\" data-element_type=\"section\">\n\t\t\t\t\t\t<div class=\"elementor-container elementor-column-gap-extended\">\n\t\t\t\t\t\t\t<div class=\"elementor-row\">\n\t\t\t\t\t<div class=\"elementor-column elementor-col-100 elementor-inner-column elementor-element elementor-element-1695d3\" data-id=\"1695d3\" data-element_type=\"column\">\n\t\t\t<div class=\"elementor-column-wrap elementor-element-populated\">\n\t\t\t\t\t\t\t<div class=\"elementor-widget-wrap\">\n\t\t\t\t\t\t<div class=\"elementor-element elementor-element-4185692d elementor-widget elementor-widget-text-editor\" data-id=\"4185692d\" data-element_type=\"widget\" data-widget_type=\"text-editor.default\">\n\t\t\t\t<div class=\"elementor-widget-container\">\n\t\t\t\t\t<div class=\"elementor-text-editor elementor-clearfix\"><p class=\"p1\"><strong><span style=\"color: #ffffff;\">Entrada gratuita<\/span><\/strong> (at\u00e9 ao limite da lota\u00e7\u00e3o da sala)<br \/><strong><span style=\"color: #ffffff;\">Reserva obrigat\u00f3ria<\/span><\/strong> atrav\u00e9s do <strong><span style=\"color: #ffffff;\">222 089 175<\/span><\/strong><\/p><h5><span style=\"color: #ffffff;\"><b><span style=\"font-family: var( --e-global-typography-text-font-family );\">M\/6<\/span><\/b><\/span><\/h5><\/div>\n\t\t\t\t<\/div>\n\t\t\t\t<\/div>\n\t\t\t\t\t\t<\/div>\n\t\t\t\t\t<\/div>\n\t\t<\/div>\n\t\t\t\t\t\t\t\t<\/div>\n\t\t\t\t\t<\/div>\n\t\t<\/section>\n\t\t\t\t\t\t<\/div>\n\t\t\t\t\t<\/div>\n\t\t<\/div>\n\t\t\t\t\t\t\t\t<\/div>\n\t\t\t\t\t<\/div>\n\t\t<\/section>\n\t\t\t\t<section class=\"elementor-section elementor-top-section elementor-element elementor-element-494feb87 elementor-section-boxed elementor-section-height-default elementor-section-height-default\" data-id=\"494feb87\" data-element_type=\"section\" data-settings=\"{&quot;background_background&quot;:&quot;classic&quot;}\">\n\t\t\t\t\t\t<div class=\"elementor-container elementor-column-gap-default\">\n\t\t\t\t\t\t\t<div class=\"elementor-row\">\n\t\t\t\t\t<div class=\"elementor-column elementor-col-33 elementor-top-column elementor-element elementor-element-2855361b\" data-id=\"2855361b\" data-element_type=\"column\">\n\t\t\t<div class=\"elementor-column-wrap elementor-element-populated\">\n\t\t\t\t\t\t\t<div class=\"elementor-widget-wrap\">\n\t\t\t\t\t\t<div class=\"elementor-element elementor-element-db6707a elementor-widget elementor-widget-spacer\" data-id=\"db6707a\" data-element_type=\"widget\" data-widget_type=\"spacer.default\">\n\t\t\t\t<div class=\"elementor-widget-container\">\n\t\t\t\t\t<div class=\"elementor-spacer\">\n\t\t\t<div class=\"elementor-spacer-inner\"><\/div>\n\t\t<\/div>\n\t\t\t\t<\/div>\n\t\t\t\t<\/div>\n\t\t\t\t<div class=\"elementor-element elementor-element-640aa41c elementor-widget elementor-widget-text-editor\" data-id=\"640aa41c\" data-element_type=\"widget\" data-widget_type=\"text-editor.default\">\n\t\t\t\t<div class=\"elementor-widget-container\">\n\t\t\t\t\t<div class=\"elementor-text-editor elementor-clearfix\"><p class=\"p1\">Quem sou eu? \u00c9 um projeto de cria\u00e7\u00e3o, que surgiu da forte motiva\u00e7\u00e3o para trabalhar com comunidades numa perspetiva de sensibiliza\u00e7\u00e3o art\u00edstica e de inclus\u00e3o social, com o apoio da Divis\u00e3o Municipal de Desenvolvimento Social\/C\u00e2mara Municipal do Porto.<\/p><p class=\"p1\">Ap\u00f3s tr\u00eas edi\u00e7\u00f5es (2018, 2020 e 2021) tem sido criada uma forte aproxima\u00e7\u00e3o \u00e0 popula\u00e7\u00e3o s\u00e9nior de v\u00e1rios pontos da cidade, atrav\u00e9s de um trabalho de cria\u00e7\u00e3o que implica os participantes seniores de forma intensa e sens\u00edvel.<\/p><p class=\"p1\">Na 4\u00aa edi\u00e7\u00e3o, Quem sou eu? foi criado com os utentes do Centro de dia, do Centro Social da S\u00e9 Catedral do Porto.<\/p><p class=\"p1\">Quem sou eu? \u00e9 uma viagem constru\u00edda com as pessoas idosas, \u00e0 procura do belo que h\u00e1 em cada um.<\/p><p class=\"p1\" style=\"text-align: right;\">Isabel Barros<\/p><\/div>\n\t\t\t\t<\/div>\n\t\t\t\t<\/div>\n\t\t\t\t\t\t<\/div>\n\t\t\t\t\t<\/div>\n\t\t<\/div>\n\t\t\t\t<div class=\"elementor-column elementor-col-33 elementor-top-column elementor-element elementor-element-2406b003\" data-id=\"2406b003\" data-element_type=\"column\" data-settings=\"{&quot;background_background&quot;:&quot;classic&quot;}\">\n\t\t\t<div class=\"elementor-column-wrap elementor-element-populated\">\n\t\t\t\t\t<div class=\"elementor-background-overlay\"><\/div>\n\t\t\t\t\t\t\t<div class=\"elementor-widget-wrap\">\n\t\t\t\t\t\t<div class=\"elementor-element elementor-element-4fc4f987 elementor-widget elementor-widget-spacer\" data-id=\"4fc4f987\" data-element_type=\"widget\" data-widget_type=\"spacer.default\">\n\t\t\t\t<div class=\"elementor-widget-container\">\n\t\t\t\t\t<div class=\"elementor-spacer\">\n\t\t\t<div class=\"elementor-spacer-inner\"><\/div>\n\t\t<\/div>\n\t\t\t\t<\/div>\n\t\t\t\t<\/div>\n\t\t\t\t\t\t<\/div>\n\t\t\t\t\t<\/div>\n\t\t<\/div>\n\t\t\t\t<div class=\"elementor-column elementor-col-33 elementor-top-column elementor-element elementor-element-2d880dc\" data-id=\"2d880dc\" data-element_type=\"column\" data-settings=\"{&quot;background_background&quot;:&quot;classic&quot;}\">\n\t\t\t<div class=\"elementor-column-wrap elementor-element-populated\">\n\t\t\t\t\t<div class=\"elementor-background-overlay\"><\/div>\n\t\t\t\t\t\t\t<div class=\"elementor-widget-wrap\">\n\t\t\t\t\t\t<div class=\"elementor-element elementor-element-5f4f86d2 elementor-widget elementor-widget-spacer\" data-id=\"5f4f86d2\" data-element_type=\"widget\" data-widget_type=\"spacer.default\">\n\t\t\t\t<div class=\"elementor-widget-container\">\n\t\t\t\t\t<div class=\"elementor-spacer\">\n\t\t\t<div class=\"elementor-spacer-inner\"><\/div>\n\t\t<\/div>\n\t\t\t\t<\/div>\n\t\t\t\t<\/div>\n\t\t\t\t\t\t<\/div>\n\t\t\t\t\t<\/div>\n\t\t<\/div>\n\t\t\t\t\t\t\t\t<\/div>\n\t\t\t\t\t<\/div>\n\t\t<\/section>\n\t\t\t\t<section class=\"elementor-section elementor-top-section elementor-element elementor-element-43a262ac elementor-section-full_width elementor-section-height-min-height elementor-section-height-default elementor-section-items-middle\" data-id=\"43a262ac\" data-element_type=\"section\" data-settings=\"{&quot;background_background&quot;:&quot;classic&quot;}\">\n\t\t\t\t\t\t<div class=\"elementor-container elementor-column-gap-no\">\n\t\t\t\t\t\t\t<div class=\"elementor-row\">\n\t\t\t\t\t<div class=\"elementor-column elementor-col-50 elementor-top-column elementor-element elementor-element-334fe2bd\" data-id=\"334fe2bd\" data-element_type=\"column\">\n\t\t\t<div class=\"elementor-column-wrap elementor-element-populated\">\n\t\t\t\t\t\t\t<div class=\"elementor-widget-wrap\">\n\t\t\t\t\t\t<div class=\"elementor-element elementor-element-2467646 elementor-widget elementor-widget-text-editor\" data-id=\"2467646\" data-element_type=\"widget\" data-widget_type=\"text-editor.default\">\n\t\t\t\t<div class=\"elementor-widget-container\">\n\t\t\t\t\t<div class=\"elementor-text-editor elementor-clearfix\"><blockquote><p class=\"p1\"><span style=\"color: #333333;\"><strong>Ficha T\u00e9cnica<\/strong><\/span><\/p><\/blockquote><p class=\"p1\"><strong>Conceito<\/strong><br \/>Isabel Barros<\/p><p class=\"p1\"><strong>Encena\u00e7\u00e3o<\/strong><br \/>Isabel Barros e Mariana L. Ferreira<\/p><p class=\"p1\"><strong>M\u00fasica<\/strong><br \/>Jorge Queijo<\/p><p class=\"p1\"><strong>Objetos\/adere\u00e7os<\/strong><br \/>Catarina Falc\u00e3o\/Jo\u00e3o Pedro Trindade<\/p><p class=\"p1\"><strong>Desenho de luz<\/strong><br \/>Filipe Azevedo<\/p><p class=\"p1\"><strong>Int\u00e9rpretes<\/strong><br \/>Adriana Rodrigues<br \/>Belmira Pinto<br \/>Deolinda Caldas<br \/>Helena Miranda<br \/>Isabel Farinha<br \/>Isilda Ara\u00fajo<br \/>Laurinda Lopes<br \/>Laurinda Soares<br \/><br \/><\/p><\/div>\n\t\t\t\t<\/div>\n\t\t\t\t<\/div>\n\t\t\t\t\t\t<\/div>\n\t\t\t\t\t<\/div>\n\t\t<\/div>\n\t\t\t\t<div class=\"elementor-column elementor-col-50 elementor-top-column elementor-element elementor-element-5af7fd5c\" data-id=\"5af7fd5c\" data-element_type=\"column\">\n\t\t\t<div class=\"elementor-column-wrap elementor-element-populated\">\n\t\t\t\t\t\t\t<div class=\"elementor-widget-wrap\">\n\t\t\t\t\t\t<div class=\"elementor-element elementor-element-5d5eea39 elementor-widget elementor-widget-text-editor\" data-id=\"5d5eea39\" data-element_type=\"widget\" data-widget_type=\"text-editor.default\">\n\t\t\t\t<div class=\"elementor-widget-container\">\n\t\t\t\t\t<div class=\"elementor-text-editor elementor-clearfix\"><p class=\"p1\">Lurdes Farinha<br \/>Maria Augusta C\u00e2ndido<br \/>Maria do Patroc\u00ednio Carvalho<br \/>Maria dos Anjos Peralta<br \/>Maria Jos\u00e9 Pereira<br \/>Olga Mour\u00e3o<br \/>Rosa Correia<\/p><p class=\"p1\"><strong>Participa\u00e7\u00e3o especial<\/strong><br \/>Paulo Brito<\/p><p class=\"p1\"><strong>Produ\u00e7\u00e3o<\/strong><br \/>Sofia Carvalho<\/p><p class=\"p1\"><strong>Opera\u00e7\u00e3o de luz e som<\/strong><br \/>Filipe Azevedo<\/p><p class=\"p1\"><strong>Apoio<\/strong><br \/>Divis\u00e3o Municipal de Desenvolvimento Social\/C\u00e2mara Municipal do Porto<\/p><\/div>\n\t\t\t\t<\/div>\n\t\t\t\t<\/div>\n\t\t\t\t\t\t<\/div>\n\t\t\t\t\t<\/div>\n\t\t<\/div>\n\t\t\t\t\t\t\t\t<\/div>\n\t\t\t\t\t<\/div>\n\t\t<\/section>\n\t\t\t\t\t\t<\/div>\n\t\t\t\t\t\t<\/div>\n\t\t\t\t\t<\/div>\n\t\t","protected":false},"excerpt":{"rendered":"<p>QUEM SOU EU? 4\u00aa EDI\u00c7\u00c3O | TEATRO MARIONETAS DO PORTO &#8211; 17 de julho &#8211;\u00a0 Domingo, 17 de julho \u2013 [&hellip;]<\/p>\n","protected":false},"author":1,"featured_media":0,"parent":0,"menu_order":0,"comment_status":"closed","ping_status":"closed","template":"","meta":[],"_links":{"self":[{"href":"http:\/\/thsc.pt\/index.php?rest_route=\/wp\/v2\/pages\/3493"}],"collection":[{"href":"http:\/\/thsc.pt\/index.php?rest_route=\/wp\/v2\/pages"}],"about":[{"href":"http:\/\/thsc.pt\/index.php?rest_route=\/wp\/v2\/types\/page"}],"author":[{"embeddable":true,"href":"http:\/\/thsc.pt\/index.php?rest_route=\/wp\/v2\/users\/1"}],"replies":[{"embeddable":true,"href":"http:\/\/thsc.pt\/index.php?rest_route=%2Fwp%2Fv2%2Fcomments&post=3493"}],"version-history":[{"count":3,"href":"http:\/\/thsc.pt\/index.php?rest_route=\/wp\/v2\/pages\/3493\/revisions"}],"predecessor-version":[{"id":3506,"href":"http:\/\/thsc.pt\/index.php?rest_route=\/wp\/v2\/pages\/3493\/revisions\/3506"}],"wp:attachment":[{"href":"http:\/\/thsc.pt\/index.php?rest_route=%2Fwp%2Fv2%2Fmedia&parent=3493"}],"curies":[{"name":"wp","href":"https:\/\/api.w.org\/{rel}","templated":true}]}}