{"id":3458,"date":"2022-06-20T11:28:17","date_gmt":"2022-06-20T10:28:17","guid":{"rendered":"http:\/\/thsc.pt\/?page_id=3458"},"modified":"2022-06-28T12:07:19","modified_gmt":"2022-06-28T11:07:19","slug":"o-jogo-das-perguntas","status":"publish","type":"page","link":"http:\/\/thsc.pt\/?page_id=3458","title":{"rendered":"O jogo das perguntas"},"content":{"rendered":"\t\t<div data-elementor-type=\"wp-page\" data-elementor-id=\"3458\" class=\"elementor elementor-3458\" data-elementor-settings=\"[]\">\n\t\t\t\t\t\t<div class=\"elementor-inner\">\n\t\t\t\t\t\t\t<div class=\"elementor-section-wrap\">\n\t\t\t\t\t\t\t<section class=\"elementor-section elementor-top-section elementor-element elementor-element-3cf18e98 elementor-section-height-min-height elementor-section-boxed elementor-section-height-default elementor-section-items-middle\" data-id=\"3cf18e98\" data-element_type=\"section\" data-settings=\"{&quot;background_background&quot;:&quot;classic&quot;}\">\n\t\t\t\t\t\t\t<div class=\"elementor-background-overlay\"><\/div>\n\t\t\t\t\t\t\t<div class=\"elementor-container elementor-column-gap-default\">\n\t\t\t\t\t\t\t<div class=\"elementor-row\">\n\t\t\t\t\t<div class=\"elementor-column elementor-col-100 elementor-top-column elementor-element elementor-element-133f4f76\" data-id=\"133f4f76\" data-element_type=\"column\">\n\t\t\t<div class=\"elementor-column-wrap elementor-element-populated\">\n\t\t\t\t\t\t\t<div class=\"elementor-widget-wrap\">\n\t\t\t\t\t\t<div class=\"elementor-element elementor-element-241719d9 elementor-widget elementor-widget-spacer\" data-id=\"241719d9\" data-element_type=\"widget\" data-widget_type=\"spacer.default\">\n\t\t\t\t<div class=\"elementor-widget-container\">\n\t\t\t\t\t<div class=\"elementor-spacer\">\n\t\t\t<div class=\"elementor-spacer-inner\"><\/div>\n\t\t<\/div>\n\t\t\t\t<\/div>\n\t\t\t\t<\/div>\n\t\t\t\t<div class=\"elementor-element elementor-element-1fa8c9d0 elementor-widget elementor-widget-heading\" data-id=\"1fa8c9d0\" data-element_type=\"widget\" data-widget_type=\"heading.default\">\n\t\t\t\t<div class=\"elementor-widget-container\">\n\t\t\t<h1 class=\"elementor-heading-title elementor-size-large\">O Jogo das Perguntas<br>ou <br>A Viagem \u00e0 Terra Sonora<\/h1>\t\t<\/div>\n\t\t\t\t<\/div>\n\t\t\t\t<div class=\"elementor-element elementor-element-6dce14ec elementor-widget elementor-widget-heading\" data-id=\"6dce14ec\" data-element_type=\"widget\" data-widget_type=\"heading.default\">\n\t\t\t\t<div class=\"elementor-widget-container\">\n\t\t\t<h3 class=\"elementor-heading-title elementor-size-medium\">Exerc\u00edcio-espet\u00e1culo dos alunos finalistas em teatro da ESMAE\n<\/h3>\t\t<\/div>\n\t\t\t\t<\/div>\n\t\t\t\t<div class=\"elementor-element elementor-element-79a1273b elementor-widget elementor-widget-text-editor\" data-id=\"79a1273b\" data-element_type=\"widget\" data-widget_type=\"text-editor.default\">\n\t\t\t\t<div class=\"elementor-widget-container\">\n\t\t\t\t\t<div class=\"elementor-text-editor elementor-clearfix\"><h2><span style=\"color: #ffffff;\"><strong>&#8211; 29 de junho a 3 de julho &#8211;\u00a0<\/strong><\/span><\/h2><p>Quarta-feira a s\u00e1bado , 29 de junho a 2 de julho\u00a0 \u2013 21h00<br \/>Domingo, 3 de julho &#8211; 16h00\u00a0<\/p><\/div>\n\t\t\t\t<\/div>\n\t\t\t\t<\/div>\n\t\t\t\t<section class=\"elementor-section elementor-inner-section elementor-element elementor-element-421e0f88 elementor-section-content-middle elementor-section-boxed elementor-section-height-default elementor-section-height-default\" data-id=\"421e0f88\" data-element_type=\"section\">\n\t\t\t\t\t\t<div class=\"elementor-container elementor-column-gap-extended\">\n\t\t\t\t\t\t\t<div class=\"elementor-row\">\n\t\t\t\t\t<div class=\"elementor-column elementor-col-100 elementor-inner-column elementor-element elementor-element-5253e696\" data-id=\"5253e696\" data-element_type=\"column\">\n\t\t\t<div class=\"elementor-column-wrap elementor-element-populated\">\n\t\t\t\t\t\t\t<div class=\"elementor-widget-wrap\">\n\t\t\t\t\t\t<div class=\"elementor-element elementor-element-3cfc3cb8 elementor-widget elementor-widget-text-editor\" data-id=\"3cfc3cb8\" data-element_type=\"widget\" data-widget_type=\"text-editor.default\">\n\t\t\t\t<div class=\"elementor-widget-container\">\n\t\t\t\t\t<div class=\"elementor-text-editor elementor-clearfix\"><h6><span style=\"color: #ffffff;\"><b><span style=\"font-family: var( --e-global-typography-text-font-family );\">M\/14 | BILHETES : 5\u20ac\u00a0<\/span><\/b><\/span><\/h6><\/div>\n\t\t\t\t<\/div>\n\t\t\t\t<\/div>\n\t\t\t\t\t\t<\/div>\n\t\t\t\t\t<\/div>\n\t\t<\/div>\n\t\t\t\t\t\t\t\t<\/div>\n\t\t\t\t\t<\/div>\n\t\t<\/section>\n\t\t\t\t\t\t<\/div>\n\t\t\t\t\t<\/div>\n\t\t<\/div>\n\t\t\t\t\t\t\t\t<\/div>\n\t\t\t\t\t<\/div>\n\t\t<\/section>\n\t\t\t\t<section class=\"elementor-section elementor-top-section elementor-element elementor-element-47d93fe9 elementor-section-boxed elementor-section-height-default elementor-section-height-default\" data-id=\"47d93fe9\" data-element_type=\"section\" data-settings=\"{&quot;background_background&quot;:&quot;classic&quot;}\">\n\t\t\t\t\t\t<div class=\"elementor-container elementor-column-gap-default\">\n\t\t\t\t\t\t\t<div class=\"elementor-row\">\n\t\t\t\t\t<div class=\"elementor-column elementor-col-33 elementor-top-column elementor-element elementor-element-6e973687\" data-id=\"6e973687\" data-element_type=\"column\">\n\t\t\t<div class=\"elementor-column-wrap elementor-element-populated\">\n\t\t\t\t\t\t\t<div class=\"elementor-widget-wrap\">\n\t\t\t\t\t\t<div class=\"elementor-element elementor-element-2dc29819 elementor-widget elementor-widget-spacer\" data-id=\"2dc29819\" data-element_type=\"widget\" data-widget_type=\"spacer.default\">\n\t\t\t\t<div class=\"elementor-widget-container\">\n\t\t\t\t\t<div class=\"elementor-spacer\">\n\t\t\t<div class=\"elementor-spacer-inner\"><\/div>\n\t\t<\/div>\n\t\t\t\t<\/div>\n\t\t\t\t<\/div>\n\t\t\t\t<div class=\"elementor-element elementor-element-138764cc elementor-widget elementor-widget-text-editor\" data-id=\"138764cc\" data-element_type=\"widget\" data-widget_type=\"text-editor.default\">\n\t\t\t\t<div class=\"elementor-widget-container\">\n\t\t\t\t\t<div class=\"elementor-text-editor elementor-clearfix\"><p class=\"p2\"><strong>LIBERTAR-ME DAS PERGUNTAS SEM DEIXAR DE ME QUESTIONAR.<span class=\"Apple-converted-space\">\u00a0<\/span><\/strong><\/p><p class=\"p2\">Lembro-me como uma das experi\u00eancias mais marcantes da minha vida foi quando, em 1994, ainda estudante de Antropologia, em Lisboa, vi no Teatro da Cornuc\u00f3pia, O Jogo das Perguntas, de Peter Handke. Os melhores anos da nossa vida, s\u00e3o mesmo esses em que entre os 20 e os 23 anos de idade deambulamos por cidades ou vilas onde levamos a nossa vida, com o vi\u00e7o do corpo, com a frescura da mente!<span class=\"Apple-converted-space\">\u00a0<\/span><\/p><p class=\"p2\">Cruzar-me com este texto, com os grandes actores e actrizes do Teatro da Cornuc\u00f3pia, com a sua seriedade e o seu compromisso est\u00e9tico, revolveu-me a mente. Tudo foi perguntado, nada foi respondido. Quase tudo foi compreendido. Tudo t\u00e3o complexo e ao mesmo tempo t\u00e3o simples, cristalino.<span class=\"Apple-converted-space\">\u00a0<\/span><\/p><p class=\"p2\">Atrav\u00e9s da viagem \u00e0 terra interior, 7 personagens (como as pl\u00eaiades), que representam quatro fases da vida (inf\u00e2ncia, juventude, meia-idade e velhice) jogam ao jogo das perguntas, algo que lhes poder\u00e1 permitir voltar a casa transformados, nesse processo, tamb\u00e9m se cruzam com um habitante dessa mesma terra, o zelador do jogo.<span class=\"Apple-converted-space\">\u00a0<\/span><\/p><p class=\"p2\">Essa terra interior \u00e9 tamb\u00e9m o palco, a cena teatral, como grande espelho do mundo, onde todos n\u00f3s ficamos a conhecer-nos melhor. Meta-teatralidade, sim, recurso estil\u00edstico fundamental para perceber, que muito do que se v\u00ea s\u00e3o mecanismos teatrais, efeitos, personagens. Mas \u00e9 esse mesmo teatro que nos devolve \u00e0 vida, \u00e0s grandes quest\u00f5es, que nos ajuda a sobreviver ao inexor\u00e1vel peso da realidade. Estas personagens: Parsifal, a incorpora\u00e7\u00e3o da pureza, da inoc\u00eancia, do medo, da animalidade, da viol\u00eancia, um menino esponja do que possa vir, do que possa ser perguntado. O casal de actores, inebriados na sua pr\u00f3pria \u201cbolha\u201d, o actor buscando a verdade, a actriz, o desejo. Incapazes de se encontrarem, em jogos constantes, mas ao mesmo tempo, t\u00e3o cheios de futuro e de vida. Desmancha-Prazeres e Observador, polos opostos, de meia-idade, o pessimista e o optimista, parelha becketiana, v\u00f3rtices de todas as perguntas, motores da obra, solit\u00e1rios, vagabundos, arqu\u00e9tipos que nos ajudam a conhecer melhor o mundo. O casal de velhos, esse, j\u00e1 se transformou numa \u00fanica personagem: o do casal, a experi\u00eancia e tamb\u00e9m o senso comum, reflectidos nas suas quest\u00f5es mundanas, mas lugar de sapi\u00eancia, lugar de encontro com a inf\u00e2ncia. O-Da-Terra \u00e9 o or\u00e1culo, o trans, o Tir\u00e9sias, o contra-regra. O arqu\u00e9tipo da s\u00edntese do que pode ser uma personagem: o mimo.<span class=\"Apple-converted-space\">\u00a0<\/span><\/p><p class=\"p2\">Estas personagens s\u00e3o a constela\u00e7\u00e3o de Handke, s\u00e3o eles que nos s\u00e3o dados a ver, para que nos possamos compreender melhor, num mundo confuso, violento, classista, o de 1989 (ano do texto) e o de 2022, o que ainda nos poder\u00e1 dar raz\u00e3o para viver, o que poder\u00e1 dar sentido \u00e0 nossa exist\u00eancia em conjunto?<span class=\"Apple-converted-space\">\u00a0<\/span><\/p><p class=\"p2\">\u201cComo j\u00e1 fiz todas as perguntas que podia fazer hoje, j\u00e1 posso dormir descansado.\u201d<span class=\"Apple-converted-space\">\u00a0<\/span><\/p><p class=\"p2\">Ser\u00e1 mesmo assim?<span class=\"Apple-converted-space\">\u00a0<\/span><\/p><p class=\"p2\" style=\"text-align: right;\"><em>Gon\u00e7alo Amorim<span class=\"Apple-converted-space\">\u00a0<\/span><\/em><\/p><\/div>\n\t\t\t\t<\/div>\n\t\t\t\t<\/div>\n\t\t\t\t\t\t<\/div>\n\t\t\t\t\t<\/div>\n\t\t<\/div>\n\t\t\t\t<div class=\"elementor-column elementor-col-33 elementor-top-column elementor-element elementor-element-1d5efa3e\" data-id=\"1d5efa3e\" data-element_type=\"column\" data-settings=\"{&quot;background_background&quot;:&quot;classic&quot;}\">\n\t\t\t<div class=\"elementor-column-wrap elementor-element-populated\">\n\t\t\t\t\t<div class=\"elementor-background-overlay\"><\/div>\n\t\t\t\t\t\t\t<div class=\"elementor-widget-wrap\">\n\t\t\t\t\t\t<div class=\"elementor-element elementor-element-79b9d8af elementor-widget elementor-widget-spacer\" data-id=\"79b9d8af\" data-element_type=\"widget\" data-widget_type=\"spacer.default\">\n\t\t\t\t<div class=\"elementor-widget-container\">\n\t\t\t\t\t<div class=\"elementor-spacer\">\n\t\t\t<div class=\"elementor-spacer-inner\"><\/div>\n\t\t<\/div>\n\t\t\t\t<\/div>\n\t\t\t\t<\/div>\n\t\t\t\t\t\t<\/div>\n\t\t\t\t\t<\/div>\n\t\t<\/div>\n\t\t\t\t<div class=\"elementor-column elementor-col-33 elementor-top-column elementor-element elementor-element-7bcbee80\" data-id=\"7bcbee80\" data-element_type=\"column\" data-settings=\"{&quot;background_background&quot;:&quot;classic&quot;}\">\n\t\t\t<div class=\"elementor-column-wrap elementor-element-populated\">\n\t\t\t\t\t<div class=\"elementor-background-overlay\"><\/div>\n\t\t\t\t\t\t\t<div class=\"elementor-widget-wrap\">\n\t\t\t\t\t\t<div class=\"elementor-element elementor-element-57db49c1 elementor-widget elementor-widget-spacer\" data-id=\"57db49c1\" data-element_type=\"widget\" data-widget_type=\"spacer.default\">\n\t\t\t\t<div class=\"elementor-widget-container\">\n\t\t\t\t\t<div class=\"elementor-spacer\">\n\t\t\t<div class=\"elementor-spacer-inner\"><\/div>\n\t\t<\/div>\n\t\t\t\t<\/div>\n\t\t\t\t<\/div>\n\t\t\t\t\t\t<\/div>\n\t\t\t\t\t<\/div>\n\t\t<\/div>\n\t\t\t\t\t\t\t\t<\/div>\n\t\t\t\t\t<\/div>\n\t\t<\/section>\n\t\t\t\t<section class=\"elementor-section elementor-top-section elementor-element elementor-element-2758a91 elementor-section-boxed elementor-section-height-default elementor-section-height-default\" data-id=\"2758a91\" data-element_type=\"section\" data-settings=\"{&quot;background_background&quot;:&quot;classic&quot;}\">\n\t\t\t\t\t\t<div class=\"elementor-container elementor-column-gap-default\">\n\t\t\t\t\t\t\t<div class=\"elementor-row\">\n\t\t\t\t\t\t\t\t\t<\/div>\n\t\t\t\t\t<\/div>\n\t\t<\/section>\n\t\t\t\t<section class=\"elementor-section elementor-top-section elementor-element elementor-element-42069940 elementor-section-full_width elementor-section-height-min-height elementor-section-height-default elementor-section-items-middle\" data-id=\"42069940\" data-element_type=\"section\" data-settings=\"{&quot;background_background&quot;:&quot;classic&quot;}\">\n\t\t\t\t\t\t<div class=\"elementor-container elementor-column-gap-no\">\n\t\t\t\t\t\t\t<div class=\"elementor-row\">\n\t\t\t\t\t<div class=\"elementor-column elementor-col-50 elementor-top-column elementor-element elementor-element-1ed8d236\" data-id=\"1ed8d236\" data-element_type=\"column\">\n\t\t\t<div class=\"elementor-column-wrap elementor-element-populated\">\n\t\t\t\t\t\t\t<div class=\"elementor-widget-wrap\">\n\t\t\t\t\t\t<div class=\"elementor-element elementor-element-657841d7 elementor-widget elementor-widget-text-editor\" data-id=\"657841d7\" data-element_type=\"widget\" data-widget_type=\"text-editor.default\">\n\t\t\t\t<div class=\"elementor-widget-container\">\n\t\t\t\t\t<div class=\"elementor-text-editor elementor-clearfix\"><blockquote><p class=\"p1\"><span style=\"color: #333333;\"><strong>Ficha T\u00e9cnica<\/strong><\/span><\/p><\/blockquote><p class=\"p2\"><b>Autor<br \/><\/b>Peter Handke<span class=\"Apple-converted-space\">\u00a0<\/span><\/p><p class=\"p2\"><b>Tradutor<br \/><\/b>Jo\u00e3o Barrento<span class=\"Apple-converted-space\">\u00a0<\/span><\/p><p class=\"p2\"><b>Encena\u00e7\u00e3o<br \/><\/b>Gon\u00e7alo Amorim<span class=\"Apple-converted-space\">\u00a0<\/span><\/p><p class=\"p2\"><b>Assist\u00eancia de Encena\u00e7\u00e3o<br \/><\/b>Jo\u00e3o Miguel Mota<span class=\"Apple-converted-space\">\u00a0<\/span><\/p><p class=\"p1\"><strong>Interpreta\u00e7\u00e3o<br \/><\/strong>Ana Ramos<br \/>B\u00e1rbara Machado<br \/>Catarina Chora<br \/>Cristiana Sousa<br \/>Daniel Teixeira<br \/>Filipa Saavedra<br \/>Filipe Correia<br \/>Gabriela Le\u00e3o<br \/>Henrique Ra\u00ednho<br \/>In\u00eas Carneiro<br \/>Jaime Castelo Branco<br \/>Margarida Neto<br \/>Mariana Lamego<br \/>Sandra Dias Pereira<br \/>Soraia Gurgo<br \/>Thiago Vasconcellos<br \/>Tom\u00e9 Nunes Pinto<\/p><p><strong>Cenografia<\/strong><br \/>In\u00eas Sarmento<br \/>Rita Cruz<\/p><p>\u00a0<\/p><p>\u00a0<\/p><\/div>\n\t\t\t\t<\/div>\n\t\t\t\t<\/div>\n\t\t\t\t\t\t<\/div>\n\t\t\t\t\t<\/div>\n\t\t<\/div>\n\t\t\t\t<div class=\"elementor-column elementor-col-50 elementor-top-column elementor-element elementor-element-506815be\" data-id=\"506815be\" data-element_type=\"column\">\n\t\t\t<div class=\"elementor-column-wrap elementor-element-populated\">\n\t\t\t\t\t\t\t<div class=\"elementor-widget-wrap\">\n\t\t\t\t\t\t<div class=\"elementor-element elementor-element-30342b63 elementor-widget elementor-widget-text-editor\" data-id=\"30342b63\" data-element_type=\"widget\" data-widget_type=\"text-editor.default\">\n\t\t\t\t<div class=\"elementor-widget-container\">\n\t\t\t\t\t<div class=\"elementor-text-editor elementor-clearfix\"><p class=\"p1\">\u00a0<\/p><p class=\"p1\"><strong>Figurinos<\/strong><br \/>Beatriz Ver\u00edssimo<br \/>Jo\u00e3o Gomes<\/p><p class=\"p1\"><strong>Design de Luz<\/strong><br \/>Bruno Pacheco<br \/>Filipe Carvalho<br \/>Francisco Alves<\/p><p class=\"p1\"><strong>Sonoplastia<\/strong><br \/>Bruno Pacheco<br \/>Filipe Carvalho<br \/>Francisco Alves<br \/>Mileu<br \/>Tom\u00e9 Silva<\/p><p class=\"p1\"><strong>Dire\u00e7\u00e3o de cena e produ\u00e7\u00e3o<br \/><\/strong>Jo\u00e3o Vaz Cunha<br \/>Mariana Lima Costa<br \/>Rute Marques da Silva<\/p><p class=\"p1\"><strong>Docentes orientadores<\/strong><br \/>Interpreta\u00e7\u00e3o \u2013 Ant\u00f3nio Dur\u00e3es<br \/>Apoio a Voz \u2013 Carlos Meireles<br \/>Apoio a Movimento \u2013 Catarina Lacerda<br \/>Cenografia \u2013 H\u00e9lder Maia<br \/>Figurinos \u2013 Filipa Martins<br \/>Luz \u2013 Pedro Cabral |<span class=\"Apple-converted-space\">\u00a0 <\/span>Rui Damas<br \/>Som \u2013 Rui Coelho<br \/>Dire\u00e7\u00e3o de Cena e Produ\u00e7\u00e3o \u2013 Regina Castro<\/p><\/div>\n\t\t\t\t<\/div>\n\t\t\t\t<\/div>\n\t\t\t\t\t\t<\/div>\n\t\t\t\t\t<\/div>\n\t\t<\/div>\n\t\t\t\t\t\t\t\t<\/div>\n\t\t\t\t\t<\/div>\n\t\t<\/section>\n\t\t\t\t\t\t<\/div>\n\t\t\t\t\t\t<\/div>\n\t\t\t\t\t<\/div>\n\t\t","protected":false},"excerpt":{"rendered":"<p>O Jogo das Perguntasou A Viagem \u00e0 Terra Sonora Exerc\u00edcio-espet\u00e1culo dos alunos finalistas em teatro da ESMAE &#8211; 29 de [&hellip;]<\/p>\n","protected":false},"author":1,"featured_media":0,"parent":0,"menu_order":0,"comment_status":"closed","ping_status":"closed","template":"","meta":[],"_links":{"self":[{"href":"http:\/\/thsc.pt\/index.php?rest_route=\/wp\/v2\/pages\/3458"}],"collection":[{"href":"http:\/\/thsc.pt\/index.php?rest_route=\/wp\/v2\/pages"}],"about":[{"href":"http:\/\/thsc.pt\/index.php?rest_route=\/wp\/v2\/types\/page"}],"author":[{"embeddable":true,"href":"http:\/\/thsc.pt\/index.php?rest_route=\/wp\/v2\/users\/1"}],"replies":[{"embeddable":true,"href":"http:\/\/thsc.pt\/index.php?rest_route=%2Fwp%2Fv2%2Fcomments&post=3458"}],"version-history":[{"count":7,"href":"http:\/\/thsc.pt\/index.php?rest_route=\/wp\/v2\/pages\/3458\/revisions"}],"predecessor-version":[{"id":3487,"href":"http:\/\/thsc.pt\/index.php?rest_route=\/wp\/v2\/pages\/3458\/revisions\/3487"}],"wp:attachment":[{"href":"http:\/\/thsc.pt\/index.php?rest_route=%2Fwp%2Fv2%2Fmedia&parent=3458"}],"curies":[{"name":"wp","href":"https:\/\/api.w.org\/{rel}","templated":true}]}}