{"id":3345,"date":"2022-04-20T14:54:05","date_gmt":"2022-04-20T13:54:05","guid":{"rendered":"http:\/\/thsc.pt\/?page_id=3345"},"modified":"2022-10-19T16:16:07","modified_gmt":"2022-10-19T15:16:07","slug":"dia-x-de-tal-de-algo-que-nao-existe-coletivo-breathe","status":"publish","type":"page","link":"http:\/\/thsc.pt\/?page_id=3345","title":{"rendered":"DIA X DE TAL DE ALGO QUE N\u00c3O EXISTE  COLETIVO BREATHE!"},"content":{"rendered":"\t\t<div data-elementor-type=\"wp-page\" data-elementor-id=\"3345\" class=\"elementor elementor-3345\" data-elementor-settings=\"[]\">\n\t\t\t\t\t\t<div class=\"elementor-inner\">\n\t\t\t\t\t\t\t<div class=\"elementor-section-wrap\">\n\t\t\t\t\t\t\t<section class=\"elementor-section elementor-top-section elementor-element elementor-element-13ae5023 elementor-section-height-min-height elementor-section-boxed elementor-section-height-default elementor-section-items-middle\" data-id=\"13ae5023\" data-element_type=\"section\" data-settings=\"{&quot;background_background&quot;:&quot;classic&quot;}\">\n\t\t\t\t\t\t\t<div class=\"elementor-background-overlay\"><\/div>\n\t\t\t\t\t\t\t<div class=\"elementor-container elementor-column-gap-default\">\n\t\t\t\t\t\t\t<div class=\"elementor-row\">\n\t\t\t\t\t<div class=\"elementor-column elementor-col-100 elementor-top-column elementor-element elementor-element-4af6cef8\" data-id=\"4af6cef8\" data-element_type=\"column\">\n\t\t\t<div class=\"elementor-column-wrap elementor-element-populated\">\n\t\t\t\t\t\t\t<div class=\"elementor-widget-wrap\">\n\t\t\t\t\t\t<div class=\"elementor-element elementor-element-36c6da6 elementor-widget elementor-widget-spacer\" data-id=\"36c6da6\" data-element_type=\"widget\" data-widget_type=\"spacer.default\">\n\t\t\t\t<div class=\"elementor-widget-container\">\n\t\t\t\t\t<div class=\"elementor-spacer\">\n\t\t\t<div class=\"elementor-spacer-inner\"><\/div>\n\t\t<\/div>\n\t\t\t\t<\/div>\n\t\t\t\t<\/div>\n\t\t\t\t<div class=\"elementor-element elementor-element-6915d33d elementor-widget elementor-widget-heading\" data-id=\"6915d33d\" data-element_type=\"widget\" data-widget_type=\"heading.default\">\n\t\t\t\t<div class=\"elementor-widget-container\">\n\t\t\t<h1 class=\"elementor-heading-title elementor-size-large\">DIA X DE TAL DE ALGO QUE N\u00c3O EXISTE <\/h1>\t\t<\/div>\n\t\t\t\t<\/div>\n\t\t\t\t<div class=\"elementor-element elementor-element-652fe112 elementor-widget elementor-widget-heading\" data-id=\"652fe112\" data-element_type=\"widget\" data-widget_type=\"heading.default\">\n\t\t\t\t<div class=\"elementor-widget-container\">\n\t\t\t<h3 class=\"elementor-heading-title elementor-size-medium\">COLETIVO BREATHE!<\/h3>\t\t<\/div>\n\t\t\t\t<\/div>\n\t\t\t\t<div class=\"elementor-element elementor-element-72c66f02 elementor-widget elementor-widget-text-editor\" data-id=\"72c66f02\" data-element_type=\"widget\" data-widget_type=\"text-editor.default\">\n\t\t\t\t<div class=\"elementor-widget-container\">\n\t\t\t\t\t<div class=\"elementor-text-editor elementor-clearfix\"><h2><span style=\"color: #ffffff;\"><strong>&#8211; 25 de maio &#8211;\u00a0<\/strong><\/span><\/h2><p>Quarta-feira , 25 de maio &#8211; 21h30<br \/><br \/><\/p><\/div>\n\t\t\t\t<\/div>\n\t\t\t\t<\/div>\n\t\t\t\t<section class=\"elementor-section elementor-inner-section elementor-element elementor-element-66e00909 elementor-section-content-middle elementor-section-boxed elementor-section-height-default elementor-section-height-default\" data-id=\"66e00909\" data-element_type=\"section\">\n\t\t\t\t\t\t<div class=\"elementor-container elementor-column-gap-extended\">\n\t\t\t\t\t\t\t<div class=\"elementor-row\">\n\t\t\t\t\t<div class=\"elementor-column elementor-col-100 elementor-inner-column elementor-element elementor-element-692e9049\" data-id=\"692e9049\" data-element_type=\"column\">\n\t\t\t<div class=\"elementor-column-wrap elementor-element-populated\">\n\t\t\t\t\t\t\t<div class=\"elementor-widget-wrap\">\n\t\t\t\t\t\t<div class=\"elementor-element elementor-element-6429200b elementor-widget elementor-widget-text-editor\" data-id=\"6429200b\" data-element_type=\"widget\" data-widget_type=\"text-editor.default\">\n\t\t\t\t<div class=\"elementor-widget-container\">\n\t\t\t\t\t<div class=\"elementor-text-editor elementor-clearfix\"><h5><span style=\"color: #ffffff;\"><b><span style=\"font-family: var( --e-global-typography-text-font-family );\">M\/12 | BILHETES : 3 a 5\u20ac\u00a0<\/span><\/b><\/span><\/h5><p>\u00a0<\/p><\/div>\n\t\t\t\t<\/div>\n\t\t\t\t<\/div>\n\t\t\t\t\t\t<\/div>\n\t\t\t\t\t<\/div>\n\t\t<\/div>\n\t\t\t\t\t\t\t\t<\/div>\n\t\t\t\t\t<\/div>\n\t\t<\/section>\n\t\t\t\t\t\t<\/div>\n\t\t\t\t\t<\/div>\n\t\t<\/div>\n\t\t\t\t\t\t\t\t<\/div>\n\t\t\t\t\t<\/div>\n\t\t<\/section>\n\t\t\t\t<section class=\"elementor-section elementor-top-section elementor-element elementor-element-4568ec1b elementor-section-boxed elementor-section-height-default elementor-section-height-default\" data-id=\"4568ec1b\" data-element_type=\"section\" data-settings=\"{&quot;background_background&quot;:&quot;classic&quot;}\">\n\t\t\t\t\t\t<div class=\"elementor-container elementor-column-gap-default\">\n\t\t\t\t\t\t\t<div class=\"elementor-row\">\n\t\t\t\t\t<div class=\"elementor-column elementor-col-33 elementor-top-column elementor-element elementor-element-3f0913a5\" data-id=\"3f0913a5\" data-element_type=\"column\">\n\t\t\t<div class=\"elementor-column-wrap elementor-element-populated\">\n\t\t\t\t\t\t\t<div class=\"elementor-widget-wrap\">\n\t\t\t\t\t\t<div class=\"elementor-element elementor-element-79c5f75d elementor-widget elementor-widget-spacer\" data-id=\"79c5f75d\" data-element_type=\"widget\" data-widget_type=\"spacer.default\">\n\t\t\t\t<div class=\"elementor-widget-container\">\n\t\t\t\t\t<div class=\"elementor-spacer\">\n\t\t\t<div class=\"elementor-spacer-inner\"><\/div>\n\t\t<\/div>\n\t\t\t\t<\/div>\n\t\t\t\t<\/div>\n\t\t\t\t<div class=\"elementor-element elementor-element-661f5f96 elementor-widget elementor-widget-text-editor\" data-id=\"661f5f96\" data-element_type=\"widget\" data-widget_type=\"text-editor.default\">\n\t\t\t\t<div class=\"elementor-widget-container\">\n\t\t\t\t\t<div class=\"elementor-text-editor elementor-clearfix\"><blockquote><p style=\"text-align: left;\"><em>Se \u00e9 para aguardar, a gente aguarda.<br \/>Espera. N\u00e3o desespera. <br \/><\/em><em>Porque desesperar apenas nos traz uma espera sem esperan\u00e7a. <br \/><\/em><em>E <\/em><em>esperan\u00e7a \u00e9 fundamental para permanecer \u00e0 espera que a mudan\u00e7a chegue e nos mude e limpe a alma.<\/em><\/p><\/blockquote><p style=\"text-align: right;\">Miguel Branca<\/p><p>\u00a0<\/p><p>\u00a0<\/p><p style=\"text-align: left;\">\u201cDia X de tal de algo que n\u00e3o existe\u201d n\u00e3o \u00e9 um concerto, mas tamb\u00e9m n\u00e3o \u00e9 uma pe\u00e7a de teatro. Decidimos, para j\u00e1, que ser\u00e1 um espet\u00e1culo de m\u00fasica teatral e n\u00e3o teatro musical.<\/p><p style=\"text-align: left;\">No princ\u00edpio da sua constru\u00e7\u00e3o esteve a hist\u00f3ria de um homem que espera, s\u00f3, num quarto herdado certamente pela morte de quem o havia antes ocupado. Esse homem, Malone (do romance \u201cMalone Meurt\u201d, de Samuel Beckett), foi o ponto de partida para uma viagem a quatro, iniciada pelo Coletivo Breathe! e \u00e0 qual se juntaram o Manuel Br\u00e1sio e o Miguel Branca. Essa viagem, quase \u00e0 deriva, percorreu durante alguns meses quest\u00f5es labir\u00ednticas. Quando \u00e9 que estamos \u00e0 espera? Estaremos n\u00f3s sempre \u00e0 espera? Ou deixamos de esperar quando ocupamos a nossa espera?<\/p><p style=\"text-align: left;\">Neste ponto da viagem, n\u00e3o temos respostas, antes possibilidades que decidimos organizar numa sucess\u00e3o de quadros explorat\u00f3rios sobre a espera, o tempo, a mudan\u00e7a, a esperan\u00e7a, e o fim.<\/p><\/div>\n\t\t\t\t<\/div>\n\t\t\t\t<\/div>\n\t\t\t\t\t\t<\/div>\n\t\t\t\t\t<\/div>\n\t\t<\/div>\n\t\t\t\t<div class=\"elementor-column elementor-col-33 elementor-top-column elementor-element elementor-element-43c2240d\" data-id=\"43c2240d\" data-element_type=\"column\" data-settings=\"{&quot;background_background&quot;:&quot;classic&quot;}\">\n\t\t\t<div class=\"elementor-column-wrap elementor-element-populated\">\n\t\t\t\t\t<div class=\"elementor-background-overlay\"><\/div>\n\t\t\t\t\t\t\t<div class=\"elementor-widget-wrap\">\n\t\t\t\t\t\t<div class=\"elementor-element elementor-element-117f3c93 elementor-widget elementor-widget-spacer\" data-id=\"117f3c93\" data-element_type=\"widget\" data-widget_type=\"spacer.default\">\n\t\t\t\t<div class=\"elementor-widget-container\">\n\t\t\t\t\t<div class=\"elementor-spacer\">\n\t\t\t<div class=\"elementor-spacer-inner\"><\/div>\n\t\t<\/div>\n\t\t\t\t<\/div>\n\t\t\t\t<\/div>\n\t\t\t\t\t\t<\/div>\n\t\t\t\t\t<\/div>\n\t\t<\/div>\n\t\t\t\t<div class=\"elementor-column elementor-col-33 elementor-top-column elementor-element elementor-element-53927da8\" data-id=\"53927da8\" data-element_type=\"column\" data-settings=\"{&quot;background_background&quot;:&quot;classic&quot;}\">\n\t\t\t<div class=\"elementor-column-wrap elementor-element-populated\">\n\t\t\t\t\t<div class=\"elementor-background-overlay\"><\/div>\n\t\t\t\t\t\t\t<div class=\"elementor-widget-wrap\">\n\t\t\t\t\t\t<div class=\"elementor-element elementor-element-251caaf elementor-widget elementor-widget-image\" data-id=\"251caaf\" data-element_type=\"widget\" data-widget_type=\"image.default\">\n\t\t\t\t<div class=\"elementor-widget-container\">\n\t\t\t\t\t<div class=\"elementor-image\">\n\t\t\t\t\t\t\t\t\t\t<img width=\"759\" height=\"1024\" src=\"http:\/\/thsc.pt\/wp-content\/uploads\/2022\/05\/2-POSTER-A3--759x1024.jpg\" class=\"attachment-large size-large\" alt=\"\" decoding=\"async\" loading=\"lazy\" srcset=\"http:\/\/thsc.pt\/wp-content\/uploads\/2022\/05\/2-POSTER-A3--759x1024.jpg 759w, http:\/\/thsc.pt\/wp-content\/uploads\/2022\/05\/2-POSTER-A3--223x300.jpg 223w, http:\/\/thsc.pt\/wp-content\/uploads\/2022\/05\/2-POSTER-A3--768x1035.jpg 768w, http:\/\/thsc.pt\/wp-content\/uploads\/2022\/05\/2-POSTER-A3--1139x1536.jpg 1139w, http:\/\/thsc.pt\/wp-content\/uploads\/2022\/05\/2-POSTER-A3--1519x2048.jpg 1519w, http:\/\/thsc.pt\/wp-content\/uploads\/2022\/05\/2-POSTER-A3--scaled.jpg 1899w\" sizes=\"(max-width: 759px) 100vw, 759px\" \/>\t\t\t\t\t\t\t\t\t\t\t<\/div>\n\t\t\t\t<\/div>\n\t\t\t\t<\/div>\n\t\t\t\t<div class=\"elementor-element elementor-element-68e1894c elementor-widget elementor-widget-spacer\" data-id=\"68e1894c\" data-element_type=\"widget\" data-widget_type=\"spacer.default\">\n\t\t\t\t<div class=\"elementor-widget-container\">\n\t\t\t\t\t<div class=\"elementor-spacer\">\n\t\t\t<div class=\"elementor-spacer-inner\"><\/div>\n\t\t<\/div>\n\t\t\t\t<\/div>\n\t\t\t\t<\/div>\n\t\t\t\t\t\t<\/div>\n\t\t\t\t\t<\/div>\n\t\t<\/div>\n\t\t\t\t\t\t\t\t<\/div>\n\t\t\t\t\t<\/div>\n\t\t<\/section>\n\t\t\t\t<section class=\"elementor-section elementor-top-section elementor-element elementor-element-9514481 elementor-section-boxed elementor-section-height-default elementor-section-height-default\" data-id=\"9514481\" data-element_type=\"section\" data-settings=\"{&quot;background_background&quot;:&quot;classic&quot;}\">\n\t\t\t\t\t\t<div class=\"elementor-container elementor-column-gap-default\">\n\t\t\t\t\t\t\t<div class=\"elementor-row\">\n\t\t\t\t\t\t\t\t\t<\/div>\n\t\t\t\t\t<\/div>\n\t\t<\/section>\n\t\t\t\t<section class=\"elementor-section elementor-top-section elementor-element elementor-element-e1122c6 elementor-section-full_width elementor-section-height-min-height elementor-section-height-default elementor-section-items-middle\" data-id=\"e1122c6\" data-element_type=\"section\" data-settings=\"{&quot;background_background&quot;:&quot;classic&quot;}\">\n\t\t\t\t\t\t<div class=\"elementor-container elementor-column-gap-no\">\n\t\t\t\t\t\t\t<div class=\"elementor-row\">\n\t\t\t\t\t<div class=\"elementor-column elementor-col-50 elementor-top-column elementor-element elementor-element-1596f131\" data-id=\"1596f131\" data-element_type=\"column\">\n\t\t\t<div class=\"elementor-column-wrap elementor-element-populated\">\n\t\t\t\t\t\t\t<div class=\"elementor-widget-wrap\">\n\t\t\t\t\t\t<div class=\"elementor-element elementor-element-5cddc5af elementor-widget elementor-widget-text-editor\" data-id=\"5cddc5af\" data-element_type=\"widget\" data-widget_type=\"text-editor.default\">\n\t\t\t\t<div class=\"elementor-widget-container\">\n\t\t\t\t\t<div class=\"elementor-text-editor elementor-clearfix\"><blockquote><p class=\"p1\"><span style=\"color: #333333;\"><strong>Ficha Artistica e T\u00e9cnica<\/strong><\/span><\/p><\/blockquote><p><strong>Interpreta\u00e7\u00e3o<\/strong><br \/>Coletivo Breathe!<br \/>Beatriz Mendes (trombone)<br \/>In\u00eas Luzio (euf\u00f3nio)<\/p><p><strong>M\u00fasica e opera\u00e7\u00e3o de som<\/strong><br \/>Manuel Br\u00e1sio<\/p><p><strong>Texto e encena\u00e7\u00e3o<\/strong><br \/>Miguel Branca<\/p><p><strong>Desenho de luz<\/strong><br \/>Car\u00edn Geada<\/p><p><strong>Opera\u00e7\u00e3o de luz<\/strong><br \/>Jo\u00e3o Valentim<\/p><p><strong>Cenografia<\/strong><br \/>Projeto EZ, Coletivo Breathe!<\/p><p><strong>Figurinos<\/strong><br \/>Beatriz Prada<br \/>Coletivo Breathe!<\/p><p><strong>Design gr\u00e1fico<\/strong><br \/>Gracja Zegarowicz<\/p><p><strong>V\u00eddeo e fotografia<\/strong><br \/>Vasco Mendes<\/p><\/div>\n\t\t\t\t<\/div>\n\t\t\t\t<\/div>\n\t\t\t\t\t\t<\/div>\n\t\t\t\t\t<\/div>\n\t\t<\/div>\n\t\t\t\t<div class=\"elementor-column elementor-col-50 elementor-top-column elementor-element elementor-element-66881d88\" data-id=\"66881d88\" data-element_type=\"column\">\n\t\t\t<div class=\"elementor-column-wrap elementor-element-populated\">\n\t\t\t\t\t\t\t<div class=\"elementor-widget-wrap\">\n\t\t\t\t\t\t<div class=\"elementor-element elementor-element-757032ff elementor-widget elementor-widget-text-editor\" data-id=\"757032ff\" data-element_type=\"widget\" data-widget_type=\"text-editor.default\">\n\t\t\t\t<div class=\"elementor-widget-container\">\n\t\t\t\t\t<div class=\"elementor-text-editor elementor-clearfix\"><p><strong>Coprodu\u00e7\u00e3o<\/strong><br \/>Coletivo Breathe!<br \/>Associa\u00e7\u00e3o Juvenil C.U.M.E.<\/p><p><strong>Apoios<\/strong><br \/>Rep\u00fablica Portuguesa &#8211; Cultura \/Direc\u00e7\u00e3o-Geral das Artes<br \/>Interfer\u00eancia \u2013 Associa\u00e7\u00e3o de Interven\u00e7\u00e3o na Pr\u00e1tica Art\u00edstica<br \/>Instituto Polit\u00e9cnico do Porto\/ ESMAE\/ Teatro Helena S\u00e1 e Costa<br \/>Mun\u00edcipio de Arganil<br \/>C\u00e2mara Municipal de Castelo Branco\/ F\u00e1brica da Criatividade<br \/>Junta de Freguesia de Couto de Dornelas<br \/>CAMPUS Paulo Cunha e Silva<\/p><p><strong>Agradecimentos<\/strong><br \/>Grupo Dram\u00e1tico de Vilar do Para\u00edso<br \/>NucliSol Jean Piaget \u2014 Unidade Integrada de Vila Real<br \/>Assist\u00eancia Folquense<br \/>Associa\u00e7\u00e3o INDIEROR<br \/>Assist\u00eancia Folquense<br \/>Pedro Guimar\u00e3es<br \/>Fernando Almeida<\/p><\/div>\n\t\t\t\t<\/div>\n\t\t\t\t<\/div>\n\t\t\t\t\t\t<\/div>\n\t\t\t\t\t<\/div>\n\t\t<\/div>\n\t\t\t\t\t\t\t\t<\/div>\n\t\t\t\t\t<\/div>\n\t\t<\/section>\n\t\t\t\t<section class=\"elementor-section elementor-top-section elementor-element elementor-element-5ee0d89f elementor-section-full_width elementor-section-stretched elementor-section-height-default elementor-section-height-default\" data-id=\"5ee0d89f\" data-element_type=\"section\" data-settings=\"{&quot;stretch_section&quot;:&quot;section-stretched&quot;,&quot;background_background&quot;:&quot;classic&quot;}\">\n\t\t\t\t\t\t<div class=\"elementor-container elementor-column-gap-default\">\n\t\t\t\t\t\t\t<div class=\"elementor-row\">\n\t\t\t\t\t<div class=\"elementor-column elementor-col-100 elementor-top-column elementor-element elementor-element-37301cb9\" data-id=\"37301cb9\" data-element_type=\"column\">\n\t\t\t<div class=\"elementor-column-wrap elementor-element-populated\">\n\t\t\t\t\t\t\t<div class=\"elementor-widget-wrap\">\n\t\t\t\t\t\t<div class=\"elementor-element elementor-element-23be6a92 elementor-widget elementor-widget-gallery\" data-id=\"23be6a92\" data-element_type=\"widget\" data-settings=\"{&quot;gallery_layout&quot;:&quot;masonry&quot;,&quot;columns_tablet&quot;:3,&quot;columns_mobile&quot;:2,&quot;lazyload&quot;:&quot;yes&quot;,&quot;columns&quot;:4,&quot;gap&quot;:{&quot;unit&quot;:&quot;px&quot;,&quot;size&quot;:10,&quot;sizes&quot;:[]},&quot;gap_tablet&quot;:{&quot;unit&quot;:&quot;px&quot;,&quot;size&quot;:10,&quot;sizes&quot;:[]},&quot;gap_mobile&quot;:{&quot;unit&quot;:&quot;px&quot;,&quot;size&quot;:10,&quot;sizes&quot;:[]},&quot;overlay_background&quot;:&quot;yes&quot;,&quot;content_hover_animation&quot;:&quot;fade-in&quot;}\" data-widget_type=\"gallery.default\">\n\t\t\t\t<div class=\"elementor-widget-container\">\n\t\t\t\t\t<div class=\"elementor-gallery__container\">\n\t\t\t\t\t\t\t<div class=\"e-gallery-item elementor-gallery-item elementor-animated-content\">\n\t\t\t\t\t<div class=\"e-gallery-image elementor-gallery-item__image\" data-thumbnail=\"http:\/\/thsc.pt\/wp-content\/uploads\/2022\/04\/BREATHE_WIDE_-32-1024x540.jpg\" data-width=\"1024\" data-height=\"540\" alt=\"\" ><\/div>\n\t\t\t\t\t\t\t\t\t\t<div class=\"elementor-gallery-item__overlay\"><\/div>\n\t\t\t\t\t\t\t\t\t\t\t\t\t\t<\/div>\n\t\t\t\t\t\t\t<div class=\"e-gallery-item elementor-gallery-item elementor-animated-content\">\n\t\t\t\t\t<div class=\"e-gallery-image elementor-gallery-item__image\" data-thumbnail=\"http:\/\/thsc.pt\/wp-content\/uploads\/2022\/04\/BREATHE_WIDE_-34-1024x540.jpg\" data-width=\"1024\" data-height=\"540\" alt=\"\" ><\/div>\n\t\t\t\t\t\t\t\t\t\t<div class=\"elementor-gallery-item__overlay\"><\/div>\n\t\t\t\t\t\t\t\t\t\t\t\t\t\t<\/div>\n\t\t\t\t\t\t\t<div class=\"e-gallery-item elementor-gallery-item elementor-animated-content\">\n\t\t\t\t\t<div class=\"e-gallery-image elementor-gallery-item__image\" data-thumbnail=\"http:\/\/thsc.pt\/wp-content\/uploads\/2022\/04\/BREATHE_WIDE_-33-1024x540.jpg\" data-width=\"1024\" data-height=\"540\" alt=\"\" ><\/div>\n\t\t\t\t\t\t\t\t\t\t<div class=\"elementor-gallery-item__overlay\"><\/div>\n\t\t\t\t\t\t\t\t\t\t\t\t\t\t<\/div>\n\t\t\t\t\t\t\t<div class=\"e-gallery-item elementor-gallery-item elementor-animated-content\">\n\t\t\t\t\t<div class=\"e-gallery-image elementor-gallery-item__image\" data-thumbnail=\"http:\/\/thsc.pt\/wp-content\/uploads\/2022\/04\/BREATHE_WIDE_-32-1-1024x540.jpg\" data-width=\"1024\" data-height=\"540\" alt=\"\" ><\/div>\n\t\t\t\t\t\t\t\t\t\t<div class=\"elementor-gallery-item__overlay\"><\/div>\n\t\t\t\t\t\t\t\t\t\t\t\t\t\t<\/div>\n\t\t\t\t\t\t\t<div class=\"e-gallery-item elementor-gallery-item elementor-animated-content\">\n\t\t\t\t\t<div class=\"e-gallery-image elementor-gallery-item__image\" data-thumbnail=\"http:\/\/thsc.pt\/wp-content\/uploads\/2022\/04\/BREATHE_WIDE_-3-1024x540.jpg\" data-width=\"1024\" data-height=\"540\" alt=\"\" ><\/div>\n\t\t\t\t\t\t\t\t\t\t<div class=\"elementor-gallery-item__overlay\"><\/div>\n\t\t\t\t\t\t\t\t\t\t\t\t\t\t<\/div>\n\t\t\t\t\t\t\t<div class=\"e-gallery-item elementor-gallery-item elementor-animated-content\">\n\t\t\t\t\t<div class=\"e-gallery-image elementor-gallery-item__image\" data-thumbnail=\"http:\/\/thsc.pt\/wp-content\/uploads\/2022\/04\/BREATHE_WIDE_-2-1024x540.jpg\" data-width=\"1024\" data-height=\"540\" alt=\"\" ><\/div>\n\t\t\t\t\t\t\t\t\t\t<div class=\"elementor-gallery-item__overlay\"><\/div>\n\t\t\t\t\t\t\t\t\t\t\t\t\t\t<\/div>\n\t\t\t\t\t\t\t<div class=\"e-gallery-item elementor-gallery-item elementor-animated-content\">\n\t\t\t\t\t<div class=\"e-gallery-image elementor-gallery-item__image\" data-thumbnail=\"http:\/\/thsc.pt\/wp-content\/uploads\/2022\/04\/BREATHE_WIDE_-1-1024x540.jpg\" data-width=\"1024\" data-height=\"540\" alt=\"\" ><\/div>\n\t\t\t\t\t\t\t\t\t\t<div class=\"elementor-gallery-item__overlay\"><\/div>\n\t\t\t\t\t\t\t\t\t\t\t\t\t\t<\/div>\n\t\t\t\t\t<\/div>\n\t\t\t<\/div>\n\t\t\t\t<\/div>\n\t\t\t\t\t\t<\/div>\n\t\t\t\t\t<\/div>\n\t\t<\/div>\n\t\t\t\t\t\t\t\t<\/div>\n\t\t\t\t\t<\/div>\n\t\t<\/section>\n\t\t\t\t\t\t<\/div>\n\t\t\t\t\t\t<\/div>\n\t\t\t\t\t<\/div>\n\t\t","protected":false},"excerpt":{"rendered":"<p>DIA X DE TAL DE ALGO QUE N\u00c3O EXISTE COLETIVO BREATHE! &#8211; 25 de maio &#8211;\u00a0 Quarta-feira , 25 de [&hellip;]<\/p>\n","protected":false},"author":1,"featured_media":0,"parent":0,"menu_order":0,"comment_status":"closed","ping_status":"closed","template":"","meta":[],"_links":{"self":[{"href":"http:\/\/thsc.pt\/index.php?rest_route=\/wp\/v2\/pages\/3345"}],"collection":[{"href":"http:\/\/thsc.pt\/index.php?rest_route=\/wp\/v2\/pages"}],"about":[{"href":"http:\/\/thsc.pt\/index.php?rest_route=\/wp\/v2\/types\/page"}],"author":[{"embeddable":true,"href":"http:\/\/thsc.pt\/index.php?rest_route=\/wp\/v2\/users\/1"}],"replies":[{"embeddable":true,"href":"http:\/\/thsc.pt\/index.php?rest_route=%2Fwp%2Fv2%2Fcomments&post=3345"}],"version-history":[{"count":6,"href":"http:\/\/thsc.pt\/index.php?rest_route=\/wp\/v2\/pages\/3345\/revisions"}],"predecessor-version":[{"id":3678,"href":"http:\/\/thsc.pt\/index.php?rest_route=\/wp\/v2\/pages\/3345\/revisions\/3678"}],"wp:attachment":[{"href":"http:\/\/thsc.pt\/index.php?rest_route=%2Fwp%2Fv2%2Fmedia&parent=3345"}],"curies":[{"name":"wp","href":"https:\/\/api.w.org\/{rel}","templated":true}]}}