{"id":3299,"date":"2022-03-15T13:42:10","date_gmt":"2022-03-15T12:42:10","guid":{"rendered":"http:\/\/thsc.pt\/?page_id=3299"},"modified":"2022-10-19T14:41:37","modified_gmt":"2022-10-19T13:41:37","slug":"bem-comum","status":"publish","type":"page","link":"http:\/\/thsc.pt\/?page_id=3299","title":{"rendered":"BEM COMUM"},"content":{"rendered":"\t\t<div data-elementor-type=\"wp-page\" data-elementor-id=\"3299\" class=\"elementor elementor-3299\" data-elementor-settings=\"[]\">\n\t\t\t\t\t\t<div class=\"elementor-inner\">\n\t\t\t\t\t\t\t<div class=\"elementor-section-wrap\">\n\t\t\t\t\t\t\t<section class=\"elementor-section elementor-top-section elementor-element elementor-element-9c06d24 elementor-section-height-min-height elementor-section-boxed elementor-section-height-default elementor-section-items-middle\" data-id=\"9c06d24\" data-element_type=\"section\" data-settings=\"{&quot;background_background&quot;:&quot;classic&quot;}\">\n\t\t\t\t\t\t\t<div class=\"elementor-background-overlay\"><\/div>\n\t\t\t\t\t\t\t<div class=\"elementor-container elementor-column-gap-default\">\n\t\t\t\t\t\t\t<div class=\"elementor-row\">\n\t\t\t\t\t<div class=\"elementor-column elementor-col-100 elementor-top-column elementor-element elementor-element-2a101557\" data-id=\"2a101557\" data-element_type=\"column\">\n\t\t\t<div class=\"elementor-column-wrap elementor-element-populated\">\n\t\t\t\t\t\t\t<div class=\"elementor-widget-wrap\">\n\t\t\t\t\t\t<div class=\"elementor-element elementor-element-30de3d5b elementor-widget elementor-widget-spacer\" data-id=\"30de3d5b\" data-element_type=\"widget\" data-widget_type=\"spacer.default\">\n\t\t\t\t<div class=\"elementor-widget-container\">\n\t\t\t\t\t<div class=\"elementor-spacer\">\n\t\t\t<div class=\"elementor-spacer-inner\"><\/div>\n\t\t<\/div>\n\t\t\t\t<\/div>\n\t\t\t\t<\/div>\n\t\t\t\t<div class=\"elementor-element elementor-element-472412cd elementor-widget elementor-widget-heading\" data-id=\"472412cd\" data-element_type=\"widget\" data-widget_type=\"heading.default\">\n\t\t\t\t<div class=\"elementor-widget-container\">\n\t\t\t<h1 class=\"elementor-heading-title elementor-size-large\">BEM COMUM<\/h1>\t\t<\/div>\n\t\t\t\t<\/div>\n\t\t\t\t<div class=\"elementor-element elementor-element-3e457706 elementor-widget elementor-widget-heading\" data-id=\"3e457706\" data-element_type=\"widget\" data-widget_type=\"heading.default\">\n\t\t\t\t<div class=\"elementor-widget-container\">\n\t\t\t<h3 class=\"elementor-heading-title elementor-size-medium\">FUGIR DO MEDO \u2013 ASSOCIA\u00c7\u00c3O CULTURAL<\/h3>\t\t<\/div>\n\t\t\t\t<\/div>\n\t\t\t\t<div class=\"elementor-element elementor-element-5506eeb9 elementor-widget elementor-widget-text-editor\" data-id=\"5506eeb9\" data-element_type=\"widget\" data-widget_type=\"text-editor.default\">\n\t\t\t\t<div class=\"elementor-widget-container\">\n\t\t\t\t\t<div class=\"elementor-text-editor elementor-clearfix\"><h2><span style=\"color: #ffffff;\"><strong>&#8211; 8 de abril &#8211;\u00a0<\/strong><\/span><\/h2><p>Sexta-feira , 8 de abril \u2013 21h30<\/p><\/div>\n\t\t\t\t<\/div>\n\t\t\t\t<\/div>\n\t\t\t\t<section class=\"elementor-section elementor-inner-section elementor-element elementor-element-73eabf06 elementor-section-content-middle elementor-section-boxed elementor-section-height-default elementor-section-height-default\" data-id=\"73eabf06\" data-element_type=\"section\">\n\t\t\t\t\t\t<div class=\"elementor-container elementor-column-gap-extended\">\n\t\t\t\t\t\t\t<div class=\"elementor-row\">\n\t\t\t\t\t<div class=\"elementor-column elementor-col-100 elementor-inner-column elementor-element elementor-element-42b5b85e\" data-id=\"42b5b85e\" data-element_type=\"column\">\n\t\t\t<div class=\"elementor-column-wrap elementor-element-populated\">\n\t\t\t\t\t\t\t<div class=\"elementor-widget-wrap\">\n\t\t\t\t\t\t<div class=\"elementor-element elementor-element-6ff9c16a elementor-widget elementor-widget-text-editor\" data-id=\"6ff9c16a\" data-element_type=\"widget\" data-widget_type=\"text-editor.default\">\n\t\t\t\t<div class=\"elementor-widget-container\">\n\t\t\t\t\t<div class=\"elementor-text-editor elementor-clearfix\"><h5><span style=\"color: #ffffff;\"><b><span style=\"font-family: var( --e-global-typography-text-font-family );\">M\/12 | BILHETES : 3\u20ac &#8211; 5\u20ac\u00a0<\/span><\/b><\/span><\/h5><\/div>\n\t\t\t\t<\/div>\n\t\t\t\t<\/div>\n\t\t\t\t\t\t<\/div>\n\t\t\t\t\t<\/div>\n\t\t<\/div>\n\t\t\t\t\t\t\t\t<\/div>\n\t\t\t\t\t<\/div>\n\t\t<\/section>\n\t\t\t\t\t\t<\/div>\n\t\t\t\t\t<\/div>\n\t\t<\/div>\n\t\t\t\t\t\t\t\t<\/div>\n\t\t\t\t\t<\/div>\n\t\t<\/section>\n\t\t\t\t<section class=\"elementor-section elementor-top-section elementor-element elementor-element-17b4213e elementor-section-boxed elementor-section-height-default elementor-section-height-default\" data-id=\"17b4213e\" data-element_type=\"section\" data-settings=\"{&quot;background_background&quot;:&quot;classic&quot;}\">\n\t\t\t\t\t\t<div class=\"elementor-container elementor-column-gap-default\">\n\t\t\t\t\t\t\t<div class=\"elementor-row\">\n\t\t\t\t\t<div class=\"elementor-column elementor-col-33 elementor-top-column elementor-element elementor-element-1b0ef6d5\" data-id=\"1b0ef6d5\" data-element_type=\"column\">\n\t\t\t<div class=\"elementor-column-wrap elementor-element-populated\">\n\t\t\t\t\t\t\t<div class=\"elementor-widget-wrap\">\n\t\t\t\t\t\t<div class=\"elementor-element elementor-element-37af6602 elementor-widget elementor-widget-spacer\" data-id=\"37af6602\" data-element_type=\"widget\" data-widget_type=\"spacer.default\">\n\t\t\t\t<div class=\"elementor-widget-container\">\n\t\t\t\t\t<div class=\"elementor-spacer\">\n\t\t\t<div class=\"elementor-spacer-inner\"><\/div>\n\t\t<\/div>\n\t\t\t\t<\/div>\n\t\t\t\t<\/div>\n\t\t\t\t<div class=\"elementor-element elementor-element-3c805076 elementor-widget elementor-widget-text-editor\" data-id=\"3c805076\" data-element_type=\"widget\" data-widget_type=\"text-editor.default\">\n\t\t\t\t<div class=\"elementor-widget-container\">\n\t\t\t\t\t<div class=\"elementor-text-editor elementor-clearfix\"><p class=\"p1\">Como chegamos at\u00e9 aqui? Desde os homin\u00eddeos ca\u00e7adores-recoletores at\u00e9 ao humano criador de estados sociais, regimes democr\u00e1ticos e direitos humanos, percorremos um caminho tortuoso, pontuado de conquistas e quimeras. Perguntamo-nos se ser\u00e1 exatamente um caminho, ou antes um territ\u00f3rio agreste que continuamos a desbravar. Nesse territ\u00f3rio nasce Rodolfo In\u00e1cio Anacleto, fadado para estabelecer a paz entre os da sua esp\u00e9cie, apesar da sua for\u00e7a e do seu desespero. Por esse des\u00edgnio, ele atravessa os tempos, procura solu\u00e7\u00f5es, espanta-se. Mas ser her\u00f3i \u00e9-lhe desconfort\u00e1vel. Rodolfo \u00e9 demasiado humano. Erra. O espet\u00e1culo cruza o trabalho de ator em torno de uma personagem de inspira\u00e7\u00e3o epopeica com o trabalho de coro de um conjunto de participantes do laborat\u00f3rio de teatro com a comunidade. Abordando alguns eventos hist\u00f3ricos estruturantes da nossa civiliza\u00e7\u00e3o, queremos olhar para n\u00f3s pr\u00f3prios e, em conjunto, tra\u00e7ar caminhos para as perguntas, as inquieta\u00e7\u00f5es, os espantos e os pensamentos que nutrem esta quimera: o bem comum.<\/p><\/div>\n\t\t\t\t<\/div>\n\t\t\t\t<\/div>\n\t\t\t\t\t\t<\/div>\n\t\t\t\t\t<\/div>\n\t\t<\/div>\n\t\t\t\t<div class=\"elementor-column elementor-col-33 elementor-top-column elementor-element elementor-element-f5b9ea3\" data-id=\"f5b9ea3\" data-element_type=\"column\" data-settings=\"{&quot;background_background&quot;:&quot;classic&quot;}\">\n\t\t\t<div class=\"elementor-column-wrap elementor-element-populated\">\n\t\t\t\t\t<div class=\"elementor-background-overlay\"><\/div>\n\t\t\t\t\t\t\t<div class=\"elementor-widget-wrap\">\n\t\t\t\t\t\t<div class=\"elementor-element elementor-element-5952913c elementor-widget elementor-widget-spacer\" data-id=\"5952913c\" data-element_type=\"widget\" data-widget_type=\"spacer.default\">\n\t\t\t\t<div class=\"elementor-widget-container\">\n\t\t\t\t\t<div class=\"elementor-spacer\">\n\t\t\t<div class=\"elementor-spacer-inner\"><\/div>\n\t\t<\/div>\n\t\t\t\t<\/div>\n\t\t\t\t<\/div>\n\t\t\t\t\t\t<\/div>\n\t\t\t\t\t<\/div>\n\t\t<\/div>\n\t\t\t\t<div class=\"elementor-column elementor-col-33 elementor-top-column elementor-element elementor-element-57970e02\" data-id=\"57970e02\" data-element_type=\"column\" data-settings=\"{&quot;background_background&quot;:&quot;classic&quot;}\">\n\t\t\t<div class=\"elementor-column-wrap elementor-element-populated\">\n\t\t\t\t\t<div class=\"elementor-background-overlay\"><\/div>\n\t\t\t\t\t\t\t<div class=\"elementor-widget-wrap\">\n\t\t\t\t\t\t<div class=\"elementor-element elementor-element-3b77dd4 elementor-widget elementor-widget-spacer\" data-id=\"3b77dd4\" data-element_type=\"widget\" data-widget_type=\"spacer.default\">\n\t\t\t\t<div class=\"elementor-widget-container\">\n\t\t\t\t\t<div class=\"elementor-spacer\">\n\t\t\t<div class=\"elementor-spacer-inner\"><\/div>\n\t\t<\/div>\n\t\t\t\t<\/div>\n\t\t\t\t<\/div>\n\t\t\t\t<div class=\"elementor-element elementor-element-bf672f2 elementor-widget elementor-widget-image\" data-id=\"bf672f2\" data-element_type=\"widget\" data-widget_type=\"image.default\">\n\t\t\t\t<div class=\"elementor-widget-container\">\n\t\t\t\t\t<div class=\"elementor-image\">\n\t\t\t\t\t\t\t\t\t\t<img decoding=\"async\" src=\"http:\/\/thsc.pt\/wp-content\/uploads\/elementor\/thumbs\/BEMCOMUM_cartazpequeno-scaled-pm8tttn8tzp9xmz506yv2pugxriepi8hzu8p9b78rk.jpg\" title=\"BEMCOMUM_cartazpequeno\" alt=\"BEMCOMUM_cartazpequeno\" \/>\t\t\t\t\t\t\t\t\t\t\t<\/div>\n\t\t\t\t<\/div>\n\t\t\t\t<\/div>\n\t\t\t\t\t\t<\/div>\n\t\t\t\t\t<\/div>\n\t\t<\/div>\n\t\t\t\t\t\t\t\t<\/div>\n\t\t\t\t\t<\/div>\n\t\t<\/section>\n\t\t\t\t<section class=\"elementor-section elementor-top-section elementor-element elementor-element-4178ad95 elementor-section-boxed elementor-section-height-default elementor-section-height-default\" data-id=\"4178ad95\" data-element_type=\"section\" data-settings=\"{&quot;background_background&quot;:&quot;classic&quot;}\">\n\t\t\t\t\t\t<div class=\"elementor-container elementor-column-gap-default\">\n\t\t\t\t\t\t\t<div class=\"elementor-row\">\n\t\t\t\t\t\t\t\t\t<\/div>\n\t\t\t\t\t<\/div>\n\t\t<\/section>\n\t\t\t\t<section class=\"elementor-section elementor-top-section elementor-element elementor-element-3335a50c elementor-section-full_width elementor-section-height-min-height elementor-section-height-default elementor-section-items-middle\" data-id=\"3335a50c\" data-element_type=\"section\" data-settings=\"{&quot;background_background&quot;:&quot;classic&quot;}\">\n\t\t\t\t\t\t<div class=\"elementor-container elementor-column-gap-no\">\n\t\t\t\t\t\t\t<div class=\"elementor-row\">\n\t\t\t\t\t<div class=\"elementor-column elementor-col-50 elementor-top-column elementor-element elementor-element-7caf886\" data-id=\"7caf886\" data-element_type=\"column\">\n\t\t\t<div class=\"elementor-column-wrap elementor-element-populated\">\n\t\t\t\t\t\t\t<div class=\"elementor-widget-wrap\">\n\t\t\t\t\t\t<div class=\"elementor-element elementor-element-8708c61 elementor-widget elementor-widget-text-editor\" data-id=\"8708c61\" data-element_type=\"widget\" data-widget_type=\"text-editor.default\">\n\t\t\t\t<div class=\"elementor-widget-container\">\n\t\t\t\t\t<div class=\"elementor-text-editor elementor-clearfix\"><blockquote><p class=\"p1\"><span style=\"color: #333333;\"><strong>Ficha T\u00e9cnica<\/strong><\/span><\/p><\/blockquote><p class=\"p1\"><strong>Encena\u00e7\u00e3o e dramaturgia<\/strong><br \/>Isabel Fernandes Pinto<\/p><p class=\"p2\"><strong>Interpreta\u00e7\u00e3o<\/strong><br \/>Constan\u00e7a Carvalho Homem<\/p><p class=\"p3\"><strong>Coro<\/strong><br \/>(participantes do Laborat\u00f3rio de Teatro com a Comunidade)<br \/>Ana Cec\u00edlia Abreu<br \/>Cassandra Ramos<br \/>Daniel Rento Laureano<br \/>Mariana Nunes<br \/>M\u00f3nica Martins<br \/>Viviane Mohr<\/p><p><strong>Dire\u00e7\u00e3o musical e m\u00fasica eletr\u00f3nica ao vivo<\/strong><br \/>Xavier Marques<\/p><p class=\"p4\"><strong>V\u00eddeo, fotografia e assist\u00eancia art\u00edstica<\/strong><br \/>Joaquim Pav\u00e3o<\/p><p><strong>Produ\u00e7\u00e3o<\/strong><br \/>Fugir do Medo, associa\u00e7\u00e3o cultural<\/p><p class=\"p4\">\u00a0<\/p><p class=\"p2\">\u00a0<\/p><\/div>\n\t\t\t\t<\/div>\n\t\t\t\t<\/div>\n\t\t\t\t\t\t<\/div>\n\t\t\t\t\t<\/div>\n\t\t<\/div>\n\t\t\t\t<div class=\"elementor-column elementor-col-50 elementor-top-column elementor-element elementor-element-1f6cba7d\" data-id=\"1f6cba7d\" data-element_type=\"column\">\n\t\t\t<div class=\"elementor-column-wrap elementor-element-populated\">\n\t\t\t\t\t\t\t<div class=\"elementor-widget-wrap\">\n\t\t\t\t\t\t<div class=\"elementor-element elementor-element-49216979 elementor-widget elementor-widget-text-editor\" data-id=\"49216979\" data-element_type=\"widget\" data-widget_type=\"text-editor.default\">\n\t\t\t\t<div class=\"elementor-widget-container\">\n\t\t\t\t\t<div class=\"elementor-text-editor elementor-clearfix\"><p class=\"p5\"><strong>Parceiros<br \/><\/strong>Bombeiros Volunt\u00e1rios da Aguda<br \/>Cineclube de Avanca<br \/>Avanca International Cinema Festival<\/p><p class=\"p5\"><strong>Parceiros institucionais<\/strong><br \/>Escola Superior de Educa\u00e7\u00e3o do Instituto Polit\u00e9cnico do Porto<br \/>Teatro Helena S\u00e1 e Costa \u2013 ESMAE-IPP<\/p><p class=\"p4\"><strong>Agradecimentos<\/strong><br \/>Catarina Martins<br \/>D\u00e1rida Fernandes<br \/>Diana Barbieri<br \/>F\u00e1bio de Sousa<br \/>Lu\u00edsa Ferreira<br \/>Manuel Guedes<br \/>Rui Bessa<br \/>S\u00f3nia Barbosa<\/p><p class=\"p2\"><strong>Apoio<\/strong><br \/>DGArtes<br \/>Minist\u00e9rio da Cultura da Rep\u00fablica Portuguesa<\/p><\/div>\n\t\t\t\t<\/div>\n\t\t\t\t<\/div>\n\t\t\t\t\t\t<\/div>\n\t\t\t\t\t<\/div>\n\t\t<\/div>\n\t\t\t\t\t\t\t\t<\/div>\n\t\t\t\t\t<\/div>\n\t\t<\/section>\n\t\t\t\t<section class=\"elementor-section elementor-top-section elementor-element elementor-element-339a83b2 elementor-section-full_width elementor-section-stretched elementor-section-height-default elementor-section-height-default\" data-id=\"339a83b2\" data-element_type=\"section\" data-settings=\"{&quot;stretch_section&quot;:&quot;section-stretched&quot;,&quot;background_background&quot;:&quot;classic&quot;}\">\n\t\t\t\t\t\t<div class=\"elementor-container elementor-column-gap-default\">\n\t\t\t\t\t\t\t<div class=\"elementor-row\">\n\t\t\t\t\t<div class=\"elementor-column elementor-col-100 elementor-top-column elementor-element elementor-element-30daea13\" data-id=\"30daea13\" data-element_type=\"column\">\n\t\t\t<div class=\"elementor-column-wrap elementor-element-populated\">\n\t\t\t\t\t\t\t<div class=\"elementor-widget-wrap\">\n\t\t\t\t\t\t<div class=\"elementor-element elementor-element-32d6aec2 elementor-widget elementor-widget-gallery\" data-id=\"32d6aec2\" data-element_type=\"widget\" data-settings=\"{&quot;gallery_layout&quot;:&quot;masonry&quot;,&quot;columns&quot;:3,&quot;columns_tablet&quot;:3,&quot;columns_mobile&quot;:2,&quot;lazyload&quot;:&quot;yes&quot;,&quot;gap&quot;:{&quot;unit&quot;:&quot;px&quot;,&quot;size&quot;:10,&quot;sizes&quot;:[]},&quot;gap_tablet&quot;:{&quot;unit&quot;:&quot;px&quot;,&quot;size&quot;:10,&quot;sizes&quot;:[]},&quot;gap_mobile&quot;:{&quot;unit&quot;:&quot;px&quot;,&quot;size&quot;:10,&quot;sizes&quot;:[]},&quot;overlay_background&quot;:&quot;yes&quot;,&quot;content_hover_animation&quot;:&quot;fade-in&quot;}\" data-widget_type=\"gallery.default\">\n\t\t\t\t<div class=\"elementor-widget-container\">\n\t\t\t\t\t<div class=\"elementor-gallery__container\">\n\t\t\t\t\t\t\t<div class=\"e-gallery-item elementor-gallery-item elementor-animated-content\">\n\t\t\t\t\t<div class=\"e-gallery-image elementor-gallery-item__image\" data-thumbnail=\"http:\/\/thsc.pt\/wp-content\/uploads\/2022\/03\/A009_02191225_C004-12-38-44-00-scaled.jpg\" data-width=\"2560\" data-height=\"1065\" alt=\"\" ><\/div>\n\t\t\t\t\t\t\t\t\t\t<div class=\"elementor-gallery-item__overlay\"><\/div>\n\t\t\t\t\t\t\t\t\t\t\t\t\t\t<\/div>\n\t\t\t\t\t\t\t<div class=\"e-gallery-item elementor-gallery-item elementor-animated-content\">\n\t\t\t\t\t<div class=\"e-gallery-image elementor-gallery-item__image\" data-thumbnail=\"http:\/\/thsc.pt\/wp-content\/uploads\/2022\/03\/A009_02191225_C004-12-31-00-03-scaled.jpg\" data-width=\"2560\" data-height=\"1065\" alt=\"\" ><\/div>\n\t\t\t\t\t\t\t\t\t\t<div class=\"elementor-gallery-item__overlay\"><\/div>\n\t\t\t\t\t\t\t\t\t\t\t\t\t\t<\/div>\n\t\t\t\t\t\t\t<div class=\"e-gallery-item elementor-gallery-item elementor-animated-content\">\n\t\t\t\t\t<div class=\"e-gallery-image elementor-gallery-item__image\" data-thumbnail=\"http:\/\/thsc.pt\/wp-content\/uploads\/2022\/03\/A009_02191225_C004-12-34-38-07-scaled.jpg\" data-width=\"2560\" data-height=\"1065\" alt=\"\" ><\/div>\n\t\t\t\t\t\t\t\t\t\t<div class=\"elementor-gallery-item__overlay\"><\/div>\n\t\t\t\t\t\t\t\t\t\t\t\t\t\t<\/div>\n\t\t\t\t\t<\/div>\n\t\t\t<\/div>\n\t\t\t\t<\/div>\n\t\t\t\t\t\t<\/div>\n\t\t\t\t\t<\/div>\n\t\t<\/div>\n\t\t\t\t\t\t\t\t<\/div>\n\t\t\t\t\t<\/div>\n\t\t<\/section>\n\t\t\t\t\t\t<\/div>\n\t\t\t\t\t\t<\/div>\n\t\t\t\t\t<\/div>\n\t\t","protected":false},"excerpt":{"rendered":"<p>BEM COMUM FUGIR DO MEDO \u2013 ASSOCIA\u00c7\u00c3O CULTURAL &#8211; 8 de abril &#8211;\u00a0 Sexta-feira , 8 de abril \u2013 21h30 [&hellip;]<\/p>\n","protected":false},"author":1,"featured_media":0,"parent":0,"menu_order":0,"comment_status":"closed","ping_status":"closed","template":"","meta":[],"_links":{"self":[{"href":"http:\/\/thsc.pt\/index.php?rest_route=\/wp\/v2\/pages\/3299"}],"collection":[{"href":"http:\/\/thsc.pt\/index.php?rest_route=\/wp\/v2\/pages"}],"about":[{"href":"http:\/\/thsc.pt\/index.php?rest_route=\/wp\/v2\/types\/page"}],"author":[{"embeddable":true,"href":"http:\/\/thsc.pt\/index.php?rest_route=\/wp\/v2\/users\/1"}],"replies":[{"embeddable":true,"href":"http:\/\/thsc.pt\/index.php?rest_route=%2Fwp%2Fv2%2Fcomments&post=3299"}],"version-history":[{"count":5,"href":"http:\/\/thsc.pt\/index.php?rest_route=\/wp\/v2\/pages\/3299\/revisions"}],"predecessor-version":[{"id":3674,"href":"http:\/\/thsc.pt\/index.php?rest_route=\/wp\/v2\/pages\/3299\/revisions\/3674"}],"wp:attachment":[{"href":"http:\/\/thsc.pt\/index.php?rest_route=%2Fwp%2Fv2%2Fmedia&parent=3299"}],"curies":[{"name":"wp","href":"https:\/\/api.w.org\/{rel}","templated":true}]}}