{"id":3113,"date":"2022-01-27T19:33:21","date_gmt":"2022-01-27T18:33:21","guid":{"rendered":"http:\/\/thsc.pt\/?page_id=3113"},"modified":"2022-02-01T16:36:24","modified_gmt":"2022-02-01T15:36:24","slug":"a-verdade","status":"publish","type":"page","link":"http:\/\/thsc.pt\/?page_id=3113","title":{"rendered":"A VERDADE"},"content":{"rendered":"\t\t<div data-elementor-type=\"wp-page\" data-elementor-id=\"3113\" class=\"elementor elementor-3113\" data-elementor-settings=\"[]\">\n\t\t\t\t\t\t<div class=\"elementor-inner\">\n\t\t\t\t\t\t\t<div class=\"elementor-section-wrap\">\n\t\t\t\t\t\t\t<section class=\"elementor-section elementor-top-section elementor-element elementor-element-5360680e elementor-section-height-min-height elementor-section-boxed elementor-section-height-default elementor-section-items-middle\" data-id=\"5360680e\" data-element_type=\"section\" data-settings=\"{&quot;background_background&quot;:&quot;classic&quot;}\">\n\t\t\t\t\t\t\t<div class=\"elementor-background-overlay\"><\/div>\n\t\t\t\t\t\t\t<div class=\"elementor-container elementor-column-gap-default\">\n\t\t\t\t\t\t\t<div class=\"elementor-row\">\n\t\t\t\t\t<div class=\"elementor-column elementor-col-100 elementor-top-column elementor-element elementor-element-1098a4fa\" data-id=\"1098a4fa\" data-element_type=\"column\">\n\t\t\t<div class=\"elementor-column-wrap elementor-element-populated\">\n\t\t\t\t\t\t\t<div class=\"elementor-widget-wrap\">\n\t\t\t\t\t\t<div class=\"elementor-element elementor-element-20a63093 elementor-widget elementor-widget-spacer\" data-id=\"20a63093\" data-element_type=\"widget\" data-widget_type=\"spacer.default\">\n\t\t\t\t<div class=\"elementor-widget-container\">\n\t\t\t\t\t<div class=\"elementor-spacer\">\n\t\t\t<div class=\"elementor-spacer-inner\"><\/div>\n\t\t<\/div>\n\t\t\t\t<\/div>\n\t\t\t\t<\/div>\n\t\t\t\t<div class=\"elementor-element elementor-element-6cb9db41 elementor-widget elementor-widget-heading\" data-id=\"6cb9db41\" data-element_type=\"widget\" data-widget_type=\"heading.default\">\n\t\t\t\t<div class=\"elementor-widget-container\">\n\t\t\t<h1 class=\"elementor-heading-title elementor-size-large\">A VERDADE<\/h1>\t\t<\/div>\n\t\t\t\t<\/div>\n\t\t\t\t<div class=\"elementor-element elementor-element-1b2a60aa elementor-widget elementor-widget-text-editor\" data-id=\"1b2a60aa\" data-element_type=\"widget\" data-widget_type=\"text-editor.default\">\n\t\t\t\t<div class=\"elementor-widget-container\">\n\t\t\t\t\t<div class=\"elementor-text-editor elementor-clearfix\"><h2><span style=\"color: #ffffff;\"><strong>&#8211; 11 e 12 de fevereiro &#8211;\u00a0<\/strong><\/span><\/h2><p>Sexta-feira , 11 de fevereiro \u2013 21h00<br \/>S\u00e1bado, 12 de fevereiro \u2013 21h00<\/p><\/div>\n\t\t\t\t<\/div>\n\t\t\t\t<\/div>\n\t\t\t\t<section class=\"elementor-section elementor-inner-section elementor-element elementor-element-43f6347 elementor-section-content-middle elementor-section-boxed elementor-section-height-default elementor-section-height-default\" data-id=\"43f6347\" data-element_type=\"section\">\n\t\t\t\t\t\t<div class=\"elementor-container elementor-column-gap-extended\">\n\t\t\t\t\t\t\t<div class=\"elementor-row\">\n\t\t\t\t\t<div class=\"elementor-column elementor-col-100 elementor-inner-column elementor-element elementor-element-40ea5759\" data-id=\"40ea5759\" data-element_type=\"column\">\n\t\t\t<div class=\"elementor-column-wrap elementor-element-populated\">\n\t\t\t\t\t\t\t<div class=\"elementor-widget-wrap\">\n\t\t\t\t\t\t<div class=\"elementor-element elementor-element-44362247 elementor-widget elementor-widget-text-editor\" data-id=\"44362247\" data-element_type=\"widget\" data-widget_type=\"text-editor.default\">\n\t\t\t\t<div class=\"elementor-widget-container\">\n\t\t\t\t\t<div class=\"elementor-text-editor elementor-clearfix\"><h5><span style=\"color: #ffffff;\"><b><span style=\"font-family: var( --e-global-typography-text-font-family );\">M\/12 |\u00a0 BILHETES : 5 a 7\u20ac\u00a0<\/span><\/b><\/span><\/h5><\/div>\n\t\t\t\t<\/div>\n\t\t\t\t<\/div>\n\t\t\t\t\t\t<\/div>\n\t\t\t\t\t<\/div>\n\t\t<\/div>\n\t\t\t\t\t\t\t\t<\/div>\n\t\t\t\t\t<\/div>\n\t\t<\/section>\n\t\t\t\t\t\t<\/div>\n\t\t\t\t\t<\/div>\n\t\t<\/div>\n\t\t\t\t\t\t\t\t<\/div>\n\t\t\t\t\t<\/div>\n\t\t<\/section>\n\t\t\t\t<section class=\"elementor-section elementor-top-section elementor-element elementor-element-5375e054 elementor-section-boxed elementor-section-height-default elementor-section-height-default\" data-id=\"5375e054\" data-element_type=\"section\" data-settings=\"{&quot;background_background&quot;:&quot;classic&quot;}\">\n\t\t\t\t\t\t<div class=\"elementor-container elementor-column-gap-default\">\n\t\t\t\t\t\t\t<div class=\"elementor-row\">\n\t\t\t\t\t<div class=\"elementor-column elementor-col-50 elementor-top-column elementor-element elementor-element-29487b28\" data-id=\"29487b28\" data-element_type=\"column\">\n\t\t\t<div class=\"elementor-column-wrap elementor-element-populated\">\n\t\t\t\t\t\t\t<div class=\"elementor-widget-wrap\">\n\t\t\t\t\t\t<div class=\"elementor-element elementor-element-6bcd94f8 elementor-widget elementor-widget-spacer\" data-id=\"6bcd94f8\" data-element_type=\"widget\" data-widget_type=\"spacer.default\">\n\t\t\t\t<div class=\"elementor-widget-container\">\n\t\t\t\t\t<div class=\"elementor-spacer\">\n\t\t\t<div class=\"elementor-spacer-inner\"><\/div>\n\t\t<\/div>\n\t\t\t\t<\/div>\n\t\t\t\t<\/div>\n\t\t\t\t<div class=\"elementor-element elementor-element-38426602 elementor-widget elementor-widget-text-editor\" data-id=\"38426602\" data-element_type=\"widget\" data-widget_type=\"text-editor.default\">\n\t\t\t\t<div class=\"elementor-widget-container\">\n\t\t\t\t\t<div class=\"elementor-text-editor elementor-clearfix\"><p><strong>A VERDADE<\/strong> \u2013 \u00e9 um espet\u00e1culo Cabar\u00e9-Crime sobre o feminismo<strong><sup>1<\/sup><\/strong>, que satiriza o papel da Mulher (com M grande) durante toda a hist\u00f3ria do Homem (com H grande). Nesta proposta mordaz, duas mulheres reivindicam uma narrativa \u2013 cada uma \u00e0 sua maneira, no seu tempo, no seu espa\u00e7o e ao seu ritmo. Tudo isto, na perspetiva de revelar o segredo de um misterioso crime: de quem \u00e9 o sangue presente nas suas m\u00e3os e roupas? Mas calma, tudo \u00e9 espet\u00e1culo! Tudo \u00e9 show! Ser\u00e1 mesmo que existe sangue? Decerto que tudo n\u00e3o passar\u00e1 de um mal-entendido, e este ser\u00e1 apenas mais um show de cabar\u00e9 a que estamos todos habituados. O que pode correr mal? N\u00e3o \u00e9 como se elas se pudessem come\u00e7ar a aperceber das amarras do dispositivo, e come\u00e7assem a questionar toda a verdade em seu redor\u2026 certo?<\/p><p style=\"text-align: right;\"><em>Assinado: um homem<\/em><\/p><p>\u00a0<\/p><p><strong>Aviso:<\/strong> <u>Este espet\u00e1culo n\u00e3o passa o teste de Bechdel<strong><sup>2<\/sup><\/strong>.<\/u><\/p><p>\u00a0<\/p><\/div>\n\t\t\t\t<\/div>\n\t\t\t\t<\/div>\n\t\t\t\t<div class=\"elementor-element elementor-element-a7fdf80 elementor-widget elementor-widget-text-editor\" data-id=\"a7fdf80\" data-element_type=\"widget\" data-widget_type=\"text-editor.default\">\n\t\t\t\t<div class=\"elementor-widget-container\">\n\t\t\t\t\t<div class=\"elementor-text-editor elementor-clearfix\"><p><strong><sup>1<\/sup><\/strong> <strong>Feminismo<\/strong> [fe-mi-nis-mo] <em>(nome masculino; singular)<\/em>: Quando duas ou mais mulheres se juntam, normalmente numa queima de soutiens, para tentar alcan\u00e7ar algo \u00e0 custa dos direitos e prazeres dos homens. Felizmente, os membros do movimento s\u00e3o de f\u00e1cil identifica\u00e7\u00e3o: geralmente usam cal\u00e7as, n\u00e3o cozinham nem passam a ferro e compram giletes na sec\u00e7\u00e3o masculina &#8211; mas para decorar a casa, porque n\u00e3o fazem depila\u00e7\u00e3o.<\/p><p><strong><sup>2<\/sup><\/strong> <strong>Teste de Bechdel<\/strong> <em>(segundo o Wikip\u00e9dia)<\/em> = \u201cO teste de Bechdel pergunta\/questiona se uma obra de fic\u00e7\u00e3o possui pelo menos duas mulheres que conversam entre si sobre algo que n\u00e3o seja um homem. Algumas vezes se adiciona a condi\u00e7\u00e3o de que as duas mulheres tenham nomes. Muitas obras contempor\u00e2neas falham o teste, o que \u00e9 um indicativo de preconceito de g\u00e9nero.\u201d<\/p><\/div>\n\t\t\t\t<\/div>\n\t\t\t\t<\/div>\n\t\t\t\t\t\t<\/div>\n\t\t\t\t\t<\/div>\n\t\t<\/div>\n\t\t\t\t<div class=\"elementor-column elementor-col-50 elementor-top-column elementor-element elementor-element-2f7e599d\" data-id=\"2f7e599d\" data-element_type=\"column\" data-settings=\"{&quot;background_background&quot;:&quot;classic&quot;}\">\n\t\t\t<div class=\"elementor-column-wrap elementor-element-populated\">\n\t\t\t\t\t<div class=\"elementor-background-overlay\"><\/div>\n\t\t\t\t\t\t\t<div class=\"elementor-widget-wrap\">\n\t\t\t\t\t\t<div class=\"elementor-element elementor-element-f2bf3f6 elementor-widget elementor-widget-image\" data-id=\"f2bf3f6\" data-element_type=\"widget\" data-widget_type=\"image.default\">\n\t\t\t\t<div class=\"elementor-widget-container\">\n\t\t\t\t\t<div class=\"elementor-image\">\n\t\t\t\t\t\t\t\t\t\t<img decoding=\"async\" src=\"http:\/\/thsc.pt\/wp-content\/uploads\/elementor\/thumbs\/A-VERDADE-Com-data-2022-copiar-scaled-pjvltf4sqtmq1pxaz94r5ec26m7km95fjjyexy4cu8.jpg\" title=\"A VERDADE\" alt=\"A VERDADE\" \/>\t\t\t\t\t\t\t\t\t\t\t<\/div>\n\t\t\t\t<\/div>\n\t\t\t\t<\/div>\n\t\t\t\t\t\t<\/div>\n\t\t\t\t\t<\/div>\n\t\t<\/div>\n\t\t\t\t\t\t\t\t<\/div>\n\t\t\t\t\t<\/div>\n\t\t<\/section>\n\t\t\t\t<section class=\"elementor-section elementor-top-section elementor-element elementor-element-6fee86d1 elementor-section-boxed elementor-section-height-default elementor-section-height-default\" data-id=\"6fee86d1\" data-element_type=\"section\" data-settings=\"{&quot;background_background&quot;:&quot;classic&quot;}\">\n\t\t\t\t\t\t<div class=\"elementor-container elementor-column-gap-default\">\n\t\t\t\t\t\t\t<div class=\"elementor-row\">\n\t\t\t\t\t\t\t\t\t<\/div>\n\t\t\t\t\t<\/div>\n\t\t<\/section>\n\t\t\t\t<section class=\"elementor-section elementor-top-section elementor-element elementor-element-24af465b elementor-section-full_width elementor-section-height-min-height elementor-section-height-default elementor-section-items-middle\" data-id=\"24af465b\" data-element_type=\"section\" data-settings=\"{&quot;background_background&quot;:&quot;classic&quot;}\">\n\t\t\t\t\t\t<div class=\"elementor-container elementor-column-gap-no\">\n\t\t\t\t\t\t\t<div class=\"elementor-row\">\n\t\t\t\t\t<div class=\"elementor-column elementor-col-50 elementor-top-column elementor-element elementor-element-5630dd13\" data-id=\"5630dd13\" data-element_type=\"column\">\n\t\t\t<div class=\"elementor-column-wrap elementor-element-populated\">\n\t\t\t\t\t\t\t<div class=\"elementor-widget-wrap\">\n\t\t\t\t\t\t<div class=\"elementor-element elementor-element-3560da3e elementor-widget elementor-widget-text-editor\" data-id=\"3560da3e\" data-element_type=\"widget\" data-widget_type=\"text-editor.default\">\n\t\t\t\t<div class=\"elementor-widget-container\">\n\t\t\t\t\t<div class=\"elementor-text-editor elementor-clearfix\"><blockquote><p class=\"p1\"><span style=\"color: #333333;\"><strong>Ficha Art\u00edstica<\/strong><\/span><\/p><\/blockquote><p><strong>Encena\u00e7\u00e3o e Dramaturgia<\/strong><br \/>Filipe Gouveia<\/p><p><strong>Interpreta\u00e7\u00e3o<\/strong><br \/>In\u00eas Villadelprat<br \/>Sara Maia<\/p><p><strong>Bailarinos<\/strong><br \/>Bernardo Alves<br \/>Gustavo Ramos<\/p><p><strong>M\u00fasica<\/strong><br \/>Paulo Pires<\/p><p><strong>Figurinos<\/strong><br \/>Ana Catarina Silva<\/p><p><strong>Cenografia<\/strong><br \/>Rita Cruz<\/p><p><strong>Coreografia<\/strong><br \/>Daniela Ferreira<\/p><p><strong>Design de Luz<\/strong><br \/>Pedro Abreu<\/p><\/div>\n\t\t\t\t<\/div>\n\t\t\t\t<\/div>\n\t\t\t\t\t\t<\/div>\n\t\t\t\t\t<\/div>\n\t\t<\/div>\n\t\t\t\t<div class=\"elementor-column elementor-col-50 elementor-top-column elementor-element elementor-element-4f1b09ce\" data-id=\"4f1b09ce\" data-element_type=\"column\">\n\t\t\t<div class=\"elementor-column-wrap elementor-element-populated\">\n\t\t\t\t\t\t\t<div class=\"elementor-widget-wrap\">\n\t\t\t\t\t\t<div class=\"elementor-element elementor-element-3d236274 elementor-widget elementor-widget-text-editor\" data-id=\"3d236274\" data-element_type=\"widget\" data-widget_type=\"text-editor.default\">\n\t\t\t\t<div class=\"elementor-widget-container\">\n\t\t\t\t\t<div class=\"elementor-text-editor elementor-clearfix\"><p><strong>Opera\u00e7\u00e3o de Luz<\/strong><br \/>Jo\u00e3o Abreu<\/p><p><strong>Design e opera\u00e7\u00e3o de Som<\/strong><br \/>Bernardo Bourbon<\/p><p><strong>Produ\u00e7\u00e3o Executiva<\/strong><br \/>Mafalda Bastos<\/p><p><strong>Produ\u00e7\u00e3o<\/strong><br \/>AGON<\/p><p><strong>Parceiro institucional<\/strong><br \/>Garantir Cultural \/ Rep\u00fablica Portuguesa &#8211; Minist\u00e9rio da Cultura<\/p><p><strong>Apoios<\/strong><br \/>Decormor<\/p><p><strong>Agradecimentos<\/strong><br \/>ACTION Performing Arts Center<br \/>Campus Paulo Cunha e Silva<\/p><\/div>\n\t\t\t\t<\/div>\n\t\t\t\t<\/div>\n\t\t\t\t\t\t<\/div>\n\t\t\t\t\t<\/div>\n\t\t<\/div>\n\t\t\t\t\t\t\t\t<\/div>\n\t\t\t\t\t<\/div>\n\t\t<\/section>\n\t\t\t\t\t\t<\/div>\n\t\t\t\t\t\t<\/div>\n\t\t\t\t\t<\/div>\n\t\t","protected":false},"excerpt":{"rendered":"<p>A VERDADE &#8211; 11 e 12 de fevereiro &#8211;\u00a0 Sexta-feira , 11 de fevereiro \u2013 21h00S\u00e1bado, 12 de fevereiro \u2013 [&hellip;]<\/p>\n","protected":false},"author":1,"featured_media":0,"parent":0,"menu_order":0,"comment_status":"closed","ping_status":"closed","template":"","meta":[],"_links":{"self":[{"href":"http:\/\/thsc.pt\/index.php?rest_route=\/wp\/v2\/pages\/3113"}],"collection":[{"href":"http:\/\/thsc.pt\/index.php?rest_route=\/wp\/v2\/pages"}],"about":[{"href":"http:\/\/thsc.pt\/index.php?rest_route=\/wp\/v2\/types\/page"}],"author":[{"embeddable":true,"href":"http:\/\/thsc.pt\/index.php?rest_route=\/wp\/v2\/users\/1"}],"replies":[{"embeddable":true,"href":"http:\/\/thsc.pt\/index.php?rest_route=%2Fwp%2Fv2%2Fcomments&post=3113"}],"version-history":[{"count":8,"href":"http:\/\/thsc.pt\/index.php?rest_route=\/wp\/v2\/pages\/3113\/revisions"}],"predecessor-version":[{"id":3136,"href":"http:\/\/thsc.pt\/index.php?rest_route=\/wp\/v2\/pages\/3113\/revisions\/3136"}],"wp:attachment":[{"href":"http:\/\/thsc.pt\/index.php?rest_route=%2Fwp%2Fv2%2Fmedia&parent=3113"}],"curies":[{"name":"wp","href":"https:\/\/api.w.org\/{rel}","templated":true}]}}