{"id":3043,"date":"2021-12-23T20:44:32","date_gmt":"2021-12-23T19:44:32","guid":{"rendered":"http:\/\/thsc.pt\/?page_id=3043"},"modified":"2022-01-18T15:37:15","modified_gmt":"2022-01-18T14:37:15","slug":"a-valvula","status":"publish","type":"page","link":"http:\/\/thsc.pt\/?page_id=3043","title":{"rendered":"A V\u00c1LVULA"},"content":{"rendered":"\t\t<div data-elementor-type=\"wp-page\" data-elementor-id=\"3043\" class=\"elementor elementor-3043\" data-elementor-settings=\"[]\">\n\t\t\t\t\t\t<div class=\"elementor-inner\">\n\t\t\t\t\t\t\t<div class=\"elementor-section-wrap\">\n\t\t\t\t\t\t\t<section class=\"elementor-section elementor-top-section elementor-element elementor-element-b3821d8 elementor-section-height-min-height elementor-section-boxed elementor-section-height-default elementor-section-items-middle\" data-id=\"b3821d8\" data-element_type=\"section\" data-settings=\"{&quot;background_background&quot;:&quot;classic&quot;}\">\n\t\t\t\t\t\t\t<div class=\"elementor-background-overlay\"><\/div>\n\t\t\t\t\t\t\t<div class=\"elementor-container elementor-column-gap-default\">\n\t\t\t\t\t\t\t<div class=\"elementor-row\">\n\t\t\t\t\t<div class=\"elementor-column elementor-col-100 elementor-top-column elementor-element elementor-element-43876912\" data-id=\"43876912\" data-element_type=\"column\">\n\t\t\t<div class=\"elementor-column-wrap elementor-element-populated\">\n\t\t\t\t\t\t\t<div class=\"elementor-widget-wrap\">\n\t\t\t\t\t\t<div class=\"elementor-element elementor-element-4c02ce78 elementor-widget elementor-widget-spacer\" data-id=\"4c02ce78\" data-element_type=\"widget\" data-widget_type=\"spacer.default\">\n\t\t\t\t<div class=\"elementor-widget-container\">\n\t\t\t\t\t<div class=\"elementor-spacer\">\n\t\t\t<div class=\"elementor-spacer-inner\"><\/div>\n\t\t<\/div>\n\t\t\t\t<\/div>\n\t\t\t\t<\/div>\n\t\t\t\t<div class=\"elementor-element elementor-element-3b919f05 elementor-widget elementor-widget-heading\" data-id=\"3b919f05\" data-element_type=\"widget\" data-widget_type=\"heading.default\">\n\t\t\t\t<div class=\"elementor-widget-container\">\n\t\t\t<h1 class=\"elementor-heading-title elementor-size-large\">A V\u00c1LVULA<\/h1>\t\t<\/div>\n\t\t\t\t<\/div>\n\t\t\t\t<div class=\"elementor-element elementor-element-8d1add6 elementor-widget elementor-widget-text-editor\" data-id=\"8d1add6\" data-element_type=\"widget\" data-widget_type=\"text-editor.default\">\n\t\t\t\t<div class=\"elementor-widget-container\">\n\t\t\t\t\t<div class=\"elementor-text-editor elementor-clearfix\"><h2><span style=\"color: #ffffff;\"><strong>&#8211; 22 de janeiro-\u00a0<\/strong><\/span><\/h2><p>S\u00e1bado , 22 de janeiro \u2013 21h30<br \/><br \/><\/p><\/div>\n\t\t\t\t<\/div>\n\t\t\t\t<\/div>\n\t\t\t\t<section class=\"elementor-section elementor-inner-section elementor-element elementor-element-448fb7f1 elementor-section-content-middle elementor-section-boxed elementor-section-height-default elementor-section-height-default\" data-id=\"448fb7f1\" data-element_type=\"section\">\n\t\t\t\t\t\t<div class=\"elementor-container elementor-column-gap-extended\">\n\t\t\t\t\t\t\t<div class=\"elementor-row\">\n\t\t\t\t\t<div class=\"elementor-column elementor-col-100 elementor-inner-column elementor-element elementor-element-5be0e1e6\" data-id=\"5be0e1e6\" data-element_type=\"column\">\n\t\t\t<div class=\"elementor-column-wrap elementor-element-populated\">\n\t\t\t\t\t\t\t<div class=\"elementor-widget-wrap\">\n\t\t\t\t\t\t<div class=\"elementor-element elementor-element-57c96bb6 elementor-widget elementor-widget-text-editor\" data-id=\"57c96bb6\" data-element_type=\"widget\" data-widget_type=\"text-editor.default\">\n\t\t\t\t<div class=\"elementor-widget-container\">\n\t\t\t\t\t<div class=\"elementor-text-editor elementor-clearfix\"><p class=\"p1\">\u00a0<\/p><p class=\"p1\"><strong><span style=\"color: #ffffff;\"><span style=\"font-family: var( --e-global-typography-text-font-family );\">M\/12 | BILHETES : 5\u20ac\u00a0<\/span><\/span><\/strong><\/p><\/div>\n\t\t\t\t<\/div>\n\t\t\t\t<\/div>\n\t\t\t\t\t\t<\/div>\n\t\t\t\t\t<\/div>\n\t\t<\/div>\n\t\t\t\t\t\t\t\t<\/div>\n\t\t\t\t\t<\/div>\n\t\t<\/section>\n\t\t\t\t\t\t<\/div>\n\t\t\t\t\t<\/div>\n\t\t<\/div>\n\t\t\t\t\t\t\t\t<\/div>\n\t\t\t\t\t<\/div>\n\t\t<\/section>\n\t\t\t\t<section class=\"elementor-section elementor-top-section elementor-element elementor-element-1413359e elementor-section-boxed elementor-section-height-default elementor-section-height-default\" data-id=\"1413359e\" data-element_type=\"section\" data-settings=\"{&quot;background_background&quot;:&quot;classic&quot;}\">\n\t\t\t\t\t\t<div class=\"elementor-container elementor-column-gap-default\">\n\t\t\t\t\t\t\t<div class=\"elementor-row\">\n\t\t\t\t\t<div class=\"elementor-column elementor-col-33 elementor-top-column elementor-element elementor-element-1b22b1aa\" data-id=\"1b22b1aa\" data-element_type=\"column\">\n\t\t\t<div class=\"elementor-column-wrap elementor-element-populated\">\n\t\t\t\t\t\t\t<div class=\"elementor-widget-wrap\">\n\t\t\t\t\t\t<div class=\"elementor-element elementor-element-be2e70b elementor-widget elementor-widget-spacer\" data-id=\"be2e70b\" data-element_type=\"widget\" data-widget_type=\"spacer.default\">\n\t\t\t\t<div class=\"elementor-widget-container\">\n\t\t\t\t\t<div class=\"elementor-spacer\">\n\t\t\t<div class=\"elementor-spacer-inner\"><\/div>\n\t\t<\/div>\n\t\t\t\t<\/div>\n\t\t\t\t<\/div>\n\t\t\t\t<div class=\"elementor-element elementor-element-440d9d64 elementor-widget elementor-widget-text-editor\" data-id=\"440d9d64\" data-element_type=\"widget\" data-widget_type=\"text-editor.default\">\n\t\t\t\t<div class=\"elementor-widget-container\">\n\t\t\t\t\t<div class=\"elementor-text-editor elementor-clearfix\"><p class=\"p1\">Dois corpos perto do ponto de ruptura. N\u00e3o param, n\u00e3o podem parar. Continuam, continuam sempre. As v\u00e1lvulas de descompress\u00e3o abertas ao m\u00e1ximo. N\u00e3o \u00e9 suficiente, j\u00e1 n\u00e3o chega.<\/p><p class=\"p1\">Rompem. O que vem depois da ruptura?! A V\u00e1lvula\u201d parte do movimento infinito de S\u00edsifo e liga este mito \u00e0 nossa condi\u00e7\u00e3o contempor\u00e2nea. Vivemos presos num loop e estamos continuamente \u00e0 procura de v\u00e1lvulas que nos permitam aliviar a press\u00e3o. E, a seguir, recome\u00e7amos.<\/p><\/div>\n\t\t\t\t<\/div>\n\t\t\t\t<\/div>\n\t\t\t\t\t\t<\/div>\n\t\t\t\t\t<\/div>\n\t\t<\/div>\n\t\t\t\t<div class=\"elementor-column elementor-col-33 elementor-top-column elementor-element elementor-element-49afa322\" data-id=\"49afa322\" data-element_type=\"column\" data-settings=\"{&quot;background_background&quot;:&quot;classic&quot;}\">\n\t\t\t<div class=\"elementor-column-wrap elementor-element-populated\">\n\t\t\t\t\t<div class=\"elementor-background-overlay\"><\/div>\n\t\t\t\t\t\t\t<div class=\"elementor-widget-wrap\">\n\t\t\t\t\t\t<div class=\"elementor-element elementor-element-1919ecd9 elementor-widget elementor-widget-spacer\" data-id=\"1919ecd9\" data-element_type=\"widget\" data-widget_type=\"spacer.default\">\n\t\t\t\t<div class=\"elementor-widget-container\">\n\t\t\t\t\t<div class=\"elementor-spacer\">\n\t\t\t<div class=\"elementor-spacer-inner\"><\/div>\n\t\t<\/div>\n\t\t\t\t<\/div>\n\t\t\t\t<\/div>\n\t\t\t\t\t\t<\/div>\n\t\t\t\t\t<\/div>\n\t\t<\/div>\n\t\t\t\t<div class=\"elementor-column elementor-col-33 elementor-top-column elementor-element elementor-element-79dcc531\" data-id=\"79dcc531\" data-element_type=\"column\" data-settings=\"{&quot;background_background&quot;:&quot;classic&quot;}\">\n\t\t\t<div class=\"elementor-column-wrap elementor-element-populated\">\n\t\t\t\t\t<div class=\"elementor-background-overlay\"><\/div>\n\t\t\t\t\t\t\t<div class=\"elementor-widget-wrap\">\n\t\t\t\t\t\t<div class=\"elementor-element elementor-element-82d2ed6 elementor-widget elementor-widget-image\" data-id=\"82d2ed6\" data-element_type=\"widget\" data-widget_type=\"image.default\">\n\t\t\t\t<div class=\"elementor-widget-container\">\n\t\t\t\t\t<div class=\"elementor-image\">\n\t\t\t\t\t\t\t\t\t\t<img decoding=\"async\" src=\"http:\/\/thsc.pt\/wp-content\/uploads\/elementor\/thumbs\/a-va\u0301lvula-poster-logos-72-ppi-pj084j6h2yqzdcgcrkow160xvhn1xotvodytywd1s2.jpg\" title=\"a valvula_poster\" alt=\"a valvula_poster\" \/>\t\t\t\t\t\t\t\t\t\t\t<\/div>\n\t\t\t\t<\/div>\n\t\t\t\t<\/div>\n\t\t\t\t<div class=\"elementor-element elementor-element-490905ed elementor-widget elementor-widget-spacer\" data-id=\"490905ed\" data-element_type=\"widget\" data-widget_type=\"spacer.default\">\n\t\t\t\t<div class=\"elementor-widget-container\">\n\t\t\t\t\t<div class=\"elementor-spacer\">\n\t\t\t<div class=\"elementor-spacer-inner\"><\/div>\n\t\t<\/div>\n\t\t\t\t<\/div>\n\t\t\t\t<\/div>\n\t\t\t\t\t\t<\/div>\n\t\t\t\t\t<\/div>\n\t\t<\/div>\n\t\t\t\t\t\t\t\t<\/div>\n\t\t\t\t\t<\/div>\n\t\t<\/section>\n\t\t\t\t<section class=\"elementor-section elementor-top-section elementor-element elementor-element-2182b3b3 elementor-section-boxed elementor-section-height-default elementor-section-height-default\" data-id=\"2182b3b3\" data-element_type=\"section\" data-settings=\"{&quot;background_background&quot;:&quot;classic&quot;}\">\n\t\t\t\t\t\t<div class=\"elementor-container elementor-column-gap-default\">\n\t\t\t\t\t\t\t<div class=\"elementor-row\">\n\t\t\t\t\t\t\t\t\t<\/div>\n\t\t\t\t\t<\/div>\n\t\t<\/section>\n\t\t\t\t<section class=\"elementor-section elementor-top-section elementor-element elementor-element-3b28f890 elementor-section-full_width elementor-section-height-min-height elementor-section-height-default elementor-section-items-middle\" data-id=\"3b28f890\" data-element_type=\"section\" data-settings=\"{&quot;background_background&quot;:&quot;classic&quot;}\">\n\t\t\t\t\t\t<div class=\"elementor-container elementor-column-gap-no\">\n\t\t\t\t\t\t\t<div class=\"elementor-row\">\n\t\t\t\t\t<div class=\"elementor-column elementor-col-50 elementor-top-column elementor-element elementor-element-563b417\" data-id=\"563b417\" data-element_type=\"column\">\n\t\t\t<div class=\"elementor-column-wrap elementor-element-populated\">\n\t\t\t\t\t\t\t<div class=\"elementor-widget-wrap\">\n\t\t\t\t\t\t<div class=\"elementor-element elementor-element-422665d4 elementor-widget elementor-widget-text-editor\" data-id=\"422665d4\" data-element_type=\"widget\" data-widget_type=\"text-editor.default\">\n\t\t\t\t<div class=\"elementor-widget-container\">\n\t\t\t\t\t<div class=\"elementor-text-editor elementor-clearfix\"><blockquote><p class=\"p1\"><span style=\"color: #333333;\"><strong>Ficha T\u00e9cnica<\/strong><\/span><\/p><\/blockquote><p class=\"p1\"><b>Cria\u00e7\u00e3o, Encena\u00e7\u00e3o e Dramaturgia<br \/><\/b>Jo\u00e3o Delgado Louren\u00e7o<\/p><p class=\"p1\"><b>Interpreta\u00e7\u00e3o<br \/><\/b>Diogo Martins<br \/>Mafalda Canhola<\/p><p class=\"p1\"><b>Participa\u00e7\u00e3o Especial<br \/><\/b>Beatriz Cruz<br \/>Jo\u00e3o Delgado Louren\u00e7o<br \/>Z\u00e9 Pedro<br \/>Kika Sobrinho<\/p><p class=\"p1\"><b>Cenografia<br \/><\/b>Rossana Ribeiro<\/p><p class=\"p1\"><b>M\u00fasica Original e Desenho de Som<br \/><\/b> Jo\u00e3o Monteiro<br \/>Leandro Leit\u00e3o (Outcube)<\/p><p class=\"p1\"><b>Opera\u00e7\u00e3o de Som<br \/><\/b> Leandro Leit\u00e3o<\/p><p class=\"p1\"><b>Desenho de Luz<br \/><\/b> Marugga<br \/>Tiago Silva (Outcube)<\/p><p class=\"p1\"><b>Opera\u00e7\u00e3o de Luz<br \/><\/b>Marugga<\/p><p class=\"p1\"><b>Figurinos<br \/><\/b>Jo\u00e3o Delgado Louren\u00e7o<br \/>Rossana Ribeiro<\/p><\/div>\n\t\t\t\t<\/div>\n\t\t\t\t<\/div>\n\t\t\t\t\t\t<\/div>\n\t\t\t\t\t<\/div>\n\t\t<\/div>\n\t\t\t\t<div class=\"elementor-column elementor-col-50 elementor-top-column elementor-element elementor-element-c36fc2b\" data-id=\"c36fc2b\" data-element_type=\"column\">\n\t\t\t<div class=\"elementor-column-wrap elementor-element-populated\">\n\t\t\t\t\t\t\t<div class=\"elementor-widget-wrap\">\n\t\t\t\t\t\t<div class=\"elementor-element elementor-element-15af1e9d elementor-widget elementor-widget-text-editor\" data-id=\"15af1e9d\" data-element_type=\"widget\" data-widget_type=\"text-editor.default\">\n\t\t\t\t<div class=\"elementor-widget-container\">\n\t\t\t\t\t<div class=\"elementor-text-editor elementor-clearfix\"><p class=\"p1\"><b>Produ\u00e7\u00e3o<br>\n<\/b>Jo\u00e3o Delgado Louren\u00e7o<br>\nJos\u00e9 Pedro Lopes<br>\nRossana Ribeiro<\/p>\n<p class=\"p1\"><b>Fotografia<br>\n<\/b>Gisele Cupolillo<\/p>\n<p class=\"p1\"><b>V\u00eddeo<br>\n<\/b>Jos\u00e9 Pedro Lopes<\/p>\n<p class=\"p1\"><b>Pesquisa<br>\n<\/b>Jo\u00e3o Delgado Louren\u00e7o<br>\n\u00d3scar Silva<br>\nRossana Ribeiro<\/p>\n<p class=\"p1\"><b>Apoios<br>\n<\/b>Rep\u00fablica Portuguesa &#8211; Garantir Cultura<br>\nTeatro Helena S\u00e1 e Costa<br>\nESMAE \u2013 Escola Superior de M\u00fasica e Artes do Espet\u00e1culo<br>\nInst\u00e1vel \u2013 Centro Coreogr\u00e1fico<br>\nTUP<br>ETCetera Teatro<br>\nCampus Paulo Cunha e Silva&nbsp;<\/p><p class=\"p1\"><br><\/p><\/div>\n\t\t\t\t<\/div>\n\t\t\t\t<\/div>\n\t\t\t\t\t\t<\/div>\n\t\t\t\t\t<\/div>\n\t\t<\/div>\n\t\t\t\t\t\t\t\t<\/div>\n\t\t\t\t\t<\/div>\n\t\t<\/section>\n\t\t\t\t\t\t<\/div>\n\t\t\t\t\t\t<\/div>\n\t\t\t\t\t<\/div>\n\t\t","protected":false},"excerpt":{"rendered":"<p>A V\u00c1LVULA &#8211; 22 de janeiro-\u00a0 S\u00e1bado , 22 de janeiro \u2013 21h30 \u00a0 M\/12 | BILHETES : 5\u20ac\u00a0 Dois [&hellip;]<\/p>\n","protected":false},"author":1,"featured_media":0,"parent":0,"menu_order":0,"comment_status":"closed","ping_status":"closed","template":"","meta":[],"_links":{"self":[{"href":"http:\/\/thsc.pt\/index.php?rest_route=\/wp\/v2\/pages\/3043"}],"collection":[{"href":"http:\/\/thsc.pt\/index.php?rest_route=\/wp\/v2\/pages"}],"about":[{"href":"http:\/\/thsc.pt\/index.php?rest_route=\/wp\/v2\/types\/page"}],"author":[{"embeddable":true,"href":"http:\/\/thsc.pt\/index.php?rest_route=\/wp\/v2\/users\/1"}],"replies":[{"embeddable":true,"href":"http:\/\/thsc.pt\/index.php?rest_route=%2Fwp%2Fv2%2Fcomments&post=3043"}],"version-history":[{"count":7,"href":"http:\/\/thsc.pt\/index.php?rest_route=\/wp\/v2\/pages\/3043\/revisions"}],"predecessor-version":[{"id":3078,"href":"http:\/\/thsc.pt\/index.php?rest_route=\/wp\/v2\/pages\/3043\/revisions\/3078"}],"wp:attachment":[{"href":"http:\/\/thsc.pt\/index.php?rest_route=%2Fwp%2Fv2%2Fmedia&parent=3043"}],"curies":[{"name":"wp","href":"https:\/\/api.w.org\/{rel}","templated":true}]}}