{"id":2891,"date":"2021-11-11T17:03:51","date_gmt":"2021-11-11T16:03:51","guid":{"rendered":"http:\/\/thsc.pt\/?page_id=2891"},"modified":"2021-11-30T13:05:35","modified_gmt":"2021-11-30T12:05:35","slug":"dramaturgias-itinerantes","status":"publish","type":"page","link":"http:\/\/thsc.pt\/?page_id=2891","title":{"rendered":"DRAMATURGIAS ITINERANTES"},"content":{"rendered":"\t\t<div data-elementor-type=\"wp-page\" data-elementor-id=\"2891\" class=\"elementor elementor-2891\" data-elementor-settings=\"[]\">\n\t\t\t\t\t\t<div class=\"elementor-inner\">\n\t\t\t\t\t\t\t<div class=\"elementor-section-wrap\">\n\t\t\t\t\t\t\t<section class=\"elementor-section elementor-top-section elementor-element elementor-element-6bc54e69 elementor-section-height-min-height elementor-section-boxed elementor-section-height-default elementor-section-items-middle\" data-id=\"6bc54e69\" data-element_type=\"section\" data-settings=\"{&quot;background_background&quot;:&quot;classic&quot;}\">\n\t\t\t\t\t\t\t<div class=\"elementor-background-overlay\"><\/div>\n\t\t\t\t\t\t\t<div class=\"elementor-container elementor-column-gap-default\">\n\t\t\t\t\t\t\t<div class=\"elementor-row\">\n\t\t\t\t\t<div class=\"elementor-column elementor-col-100 elementor-top-column elementor-element elementor-element-617430d\" data-id=\"617430d\" data-element_type=\"column\">\n\t\t\t<div class=\"elementor-column-wrap elementor-element-populated\">\n\t\t\t\t\t\t\t<div class=\"elementor-widget-wrap\">\n\t\t\t\t\t\t<div class=\"elementor-element elementor-element-715d4b9b elementor-widget elementor-widget-spacer\" data-id=\"715d4b9b\" data-element_type=\"widget\" data-widget_type=\"spacer.default\">\n\t\t\t\t<div class=\"elementor-widget-container\">\n\t\t\t\t\t<div class=\"elementor-spacer\">\n\t\t\t<div class=\"elementor-spacer-inner\"><\/div>\n\t\t<\/div>\n\t\t\t\t<\/div>\n\t\t\t\t<\/div>\n\t\t\t\t<div class=\"elementor-element elementor-element-4a25b40a elementor-widget elementor-widget-heading\" data-id=\"4a25b40a\" data-element_type=\"widget\" data-widget_type=\"heading.default\">\n\t\t\t\t<div class=\"elementor-widget-container\">\n\t\t\t<h1 class=\"elementor-heading-title elementor-size-large\">DRAMATURGIAS ITINERANTES\n<\/h1>\t\t<\/div>\n\t\t\t\t<\/div>\n\t\t\t\t<div class=\"elementor-element elementor-element-6d406dd1 elementor-widget elementor-widget-heading\" data-id=\"6d406dd1\" data-element_type=\"widget\" data-widget_type=\"heading.default\">\n\t\t\t\t<div class=\"elementor-widget-container\">\n\t\t\t<h3 class=\"elementor-heading-title elementor-size-medium\">REINO DA EXTINCI\u00d3N | CAMALEOA. DO CORPO AO MANIFESTO\n\n<\/h3>\t\t<\/div>\n\t\t\t\t<\/div>\n\t\t\t\t<div class=\"elementor-element elementor-element-60cc2f23 elementor-widget elementor-widget-text-editor\" data-id=\"60cc2f23\" data-element_type=\"widget\" data-widget_type=\"text-editor.default\">\n\t\t\t\t<div class=\"elementor-widget-container\">\n\t\t\t\t\t<div class=\"elementor-text-editor elementor-clearfix\"><h2><span style=\"color: #ffffff;\"><strong>&#8211; 30 de outubro &#8211;\u00a0<\/strong><\/span><\/h2><p>Ter\u00e7a-feira, 30 de novembro &#8211; 19h00\u00a0<\/p><\/div>\n\t\t\t\t<\/div>\n\t\t\t\t<\/div>\n\t\t\t\t<section class=\"elementor-section elementor-inner-section elementor-element elementor-element-1dec83e1 elementor-section-content-middle elementor-section-boxed elementor-section-height-default elementor-section-height-default\" data-id=\"1dec83e1\" data-element_type=\"section\">\n\t\t\t\t\t\t<div class=\"elementor-container elementor-column-gap-extended\">\n\t\t\t\t\t\t\t<div class=\"elementor-row\">\n\t\t\t\t\t<div class=\"elementor-column elementor-col-100 elementor-inner-column elementor-element elementor-element-3cf26a88\" data-id=\"3cf26a88\" data-element_type=\"column\">\n\t\t\t<div class=\"elementor-column-wrap elementor-element-populated\">\n\t\t\t\t\t\t\t<div class=\"elementor-widget-wrap\">\n\t\t\t\t\t\t<div class=\"elementor-element elementor-element-6491b2fc elementor-widget elementor-widget-text-editor\" data-id=\"6491b2fc\" data-element_type=\"widget\" data-widget_type=\"text-editor.default\">\n\t\t\t\t<div class=\"elementor-widget-container\">\n\t\t\t\t\t<div class=\"elementor-text-editor elementor-clearfix\"><h6><span style=\"color: #ffffff;\"><strong>Entrada gratuita<\/strong> (at\u00e9 ao limite da lota\u00e7\u00e3o da sala)<\/span><\/h6><\/div>\n\t\t\t\t<\/div>\n\t\t\t\t<\/div>\n\t\t\t\t\t\t<\/div>\n\t\t\t\t\t<\/div>\n\t\t<\/div>\n\t\t\t\t\t\t\t\t<\/div>\n\t\t\t\t\t<\/div>\n\t\t<\/section>\n\t\t\t\t\t\t<\/div>\n\t\t\t\t\t<\/div>\n\t\t<\/div>\n\t\t\t\t\t\t\t\t<\/div>\n\t\t\t\t\t<\/div>\n\t\t<\/section>\n\t\t\t\t<section class=\"elementor-section elementor-top-section elementor-element elementor-element-2302ca37 elementor-section-boxed elementor-section-height-default elementor-section-height-default\" data-id=\"2302ca37\" data-element_type=\"section\" data-settings=\"{&quot;background_background&quot;:&quot;classic&quot;}\">\n\t\t\t\t\t\t<div class=\"elementor-container elementor-column-gap-default\">\n\t\t\t\t\t\t\t<div class=\"elementor-row\">\n\t\t\t\t\t<div class=\"elementor-column elementor-col-33 elementor-top-column elementor-element elementor-element-2a4f1768\" data-id=\"2a4f1768\" data-element_type=\"column\">\n\t\t\t<div class=\"elementor-column-wrap elementor-element-populated\">\n\t\t\t\t\t\t\t<div class=\"elementor-widget-wrap\">\n\t\t\t\t\t\t<div class=\"elementor-element elementor-element-6b27d765 elementor-widget elementor-widget-spacer\" data-id=\"6b27d765\" data-element_type=\"widget\" data-widget_type=\"spacer.default\">\n\t\t\t\t<div class=\"elementor-widget-container\">\n\t\t\t\t\t<div class=\"elementor-spacer\">\n\t\t\t<div class=\"elementor-spacer-inner\"><\/div>\n\t\t<\/div>\n\t\t\t\t<\/div>\n\t\t\t\t<\/div>\n\t\t\t\t<div class=\"elementor-element elementor-element-7fdeb688 elementor-widget elementor-widget-text-editor\" data-id=\"7fdeb688\" data-element_type=\"widget\" data-widget_type=\"text-editor.default\">\n\t\t\t\t<div class=\"elementor-widget-container\">\n\t\t\t\t\t<div class=\"elementor-text-editor elementor-clearfix\"><p>O programa\u00a0\u201cDramaturxias itinerantes\/Dramaturgias itinerantes\u201d, iniciado en 2019, \u00e9 froito da colaboraci\u00f3n institucional entre o Consello\u00a0da Cultura Galega, o Instituto Cam\u00f5es-Centro Cultural Portugu\u00eas de Vigo e a Escola Superior de Arte Dram\u00e1tica de Galicia e ten como obxectivo promover un mellor co\u00f1ecemento mutuo da escrita teatral m\u00e1is\u00a0contempor\u00e1nea de Galicia e Portugal. A partir de este punto de partida, o proxecto puxo o foco nas novas xeraci\u00f3ns de profesionais das artes esc\u00e9nicas que se est\u00e1n a formar nas nosas escolas, e na dramaturxia de autor\u00eda feminina, coa vontade de rescatar esta da invisibilidade e de po\u00f1er en valor todo o seu potencial renovador.<\/p><p>Paseni\u00f1o, o ciclo foi sumando edici\u00f3ns, nomes e encontros esc\u00e9nicos, mesmo sorteando as incertezas da pandemia cunha edici\u00f3n a finais de 2020 que foi tam\u00e9n un xesto de confianza na capacidade resiliente do teatro. Nas voces galegas e portuguesas foron chegando aos p\u00fablicos os textos de Patr\u00edcia Portela e AveLina P\u00e9rez, de Ana Carreira e Joana Craveiro, de Clara Gayo e Cl\u00e1udia Lucas Ch\u00e9u e hoxe congratul\u00e1monos de escoitar os de Rita Pinheiro e Laura Porto: todos eles poden atoparse en edici\u00f3n dixital en\u00a0<a href=\"http:\/\/consellodacultura.gal\/\">http:\/\/consellodacultura.gal\/<\/a>.<\/p><p>Nesta edici\u00f3n 2022\u00a0s\u00famase\u00a0ao proxecto a ESMAE de Porto \u00e1 que lle agradecemos o entusiasmo e a complicidade. Oxal\u00e1 poida acompa\u00f1arnos por moitos anos m\u00e1is nesta viaxe.\u00a0<\/p><h6 style=\"text-align: right;\"><em>Dolores Vilavedra, secretaria do Consello da Cultura Galega<\/em><\/h6><h4><b>Reino da extinci\u00f3n<\/b><b><br \/><\/b><\/h4><p><em>Reino da extinci\u00f3n<\/em> cruza as perspectivas de catro personaxes an\u00f3nimas procedentes de diferentes \u00e9pocas da Historia galega, que tras morrer son enviadas a un Al\u00e9n moi particular, que en realidade \u00e9 o Purgatorio.<\/p><p>Para trascender deben chegar a entenderse, e colaborar na resoluci\u00f3n dun enigma absurdo que as enfronta, en realidade, consigo mesmas, coa insidiosa autopercepci\u00f3n de perfecci\u00f3n moral que as atrapa no inmovilismo e que, ao crebar, pon a proba a s\u00faa idea do que significa ser galegas, vivir en Galiza e falar galego.<\/p><p>Tres das personaxes son a sublimaci\u00f3n das \u00e9pocas m\u00e1is ic\u00f3nicas da Historia galega: a Prehistoria, o Medievo e os S\u00e9culos Escuros, mais non se constr\u00faen en base ao realismo hist\u00f3rico sen\u00f3n en base \u00e1 percepci\u00f3n m\u00edtica, moitas veces estereotipada, que as galegas temos da nosa propia Historia. A cuarta personaxe procede do futuro inmediato, no que a apocalipse cultural semella pr\u00f3xima, mais as dores e so\u00f1os da s\u00faa comunidade seguen a ser as mesmas que hai s\u00e9culos.<\/p><h4><strong>CAMALEOA. Do corpo ao manifesto<\/strong><\/h4><p>Uma camaleoa muda de cor para se camuflar, mediante o ambiente onde se encontra ou o seu estado emocional.\u00a0Mas muitas vezes esta mudan\u00e7a acontece para defender o seu territ\u00f3rio e se tornar vis\u00edvel.\u00a0<\/p><p>Camaleoa surge a partir de testemunhos de trabalhadores do sexo e pretende dar voz a quem tem vivido \u00e0 margem. Numa viagem po\u00e9tica, fala-se de percursos e trajet\u00f3rias introduzindo o p\u00fablico num universo camuflado por cren\u00e7as.\u00a0<\/p><p>\u00a0\u201cMas quem \u00e9 que definiu os par\u00e2metros da dignidade? Eu decidi usar o meu corpo como uma armadura e deixar de ser uma v\u00edtima do sistema. Foi isso que aconteceu\u201d<\/p><\/div>\n\t\t\t\t<\/div>\n\t\t\t\t<\/div>\n\t\t\t\t\t\t<\/div>\n\t\t\t\t\t<\/div>\n\t\t<\/div>\n\t\t\t\t<div class=\"elementor-column elementor-col-33 elementor-top-column elementor-element elementor-element-17a870c3\" data-id=\"17a870c3\" data-element_type=\"column\" data-settings=\"{&quot;background_background&quot;:&quot;classic&quot;}\">\n\t\t\t<div class=\"elementor-column-wrap elementor-element-populated\">\n\t\t\t\t\t<div class=\"elementor-background-overlay\"><\/div>\n\t\t\t\t\t\t\t<div class=\"elementor-widget-wrap\">\n\t\t\t\t\t\t<div class=\"elementor-element elementor-element-2bf6859e elementor-widget elementor-widget-spacer\" data-id=\"2bf6859e\" data-element_type=\"widget\" data-widget_type=\"spacer.default\">\n\t\t\t\t<div class=\"elementor-widget-container\">\n\t\t\t\t\t<div class=\"elementor-spacer\">\n\t\t\t<div class=\"elementor-spacer-inner\"><\/div>\n\t\t<\/div>\n\t\t\t\t<\/div>\n\t\t\t\t<\/div>\n\t\t\t\t\t\t<\/div>\n\t\t\t\t\t<\/div>\n\t\t<\/div>\n\t\t\t\t<div class=\"elementor-column elementor-col-33 elementor-top-column elementor-element elementor-element-cd41d8e\" data-id=\"cd41d8e\" data-element_type=\"column\" data-settings=\"{&quot;background_background&quot;:&quot;classic&quot;}\">\n\t\t\t<div class=\"elementor-column-wrap elementor-element-populated\">\n\t\t\t\t\t<div class=\"elementor-background-overlay\"><\/div>\n\t\t\t\t\t\t\t<div class=\"elementor-widget-wrap\">\n\t\t\t\t\t\t<div class=\"elementor-element elementor-element-8ef5cb0 elementor-widget elementor-widget-spacer\" data-id=\"8ef5cb0\" data-element_type=\"widget\" data-widget_type=\"spacer.default\">\n\t\t\t\t<div class=\"elementor-widget-container\">\n\t\t\t\t\t<div class=\"elementor-spacer\">\n\t\t\t<div class=\"elementor-spacer-inner\"><\/div>\n\t\t<\/div>\n\t\t\t\t<\/div>\n\t\t\t\t<\/div>\n\t\t\t\t\t\t<\/div>\n\t\t\t\t\t<\/div>\n\t\t<\/div>\n\t\t\t\t\t\t\t\t<\/div>\n\t\t\t\t\t<\/div>\n\t\t<\/section>\n\t\t\t\t<section class=\"elementor-section elementor-top-section elementor-element elementor-element-4ad1c5f0 elementor-section-boxed elementor-section-height-default elementor-section-height-default\" data-id=\"4ad1c5f0\" data-element_type=\"section\" data-settings=\"{&quot;background_background&quot;:&quot;classic&quot;}\">\n\t\t\t\t\t\t<div class=\"elementor-container elementor-column-gap-default\">\n\t\t\t\t\t\t\t<div class=\"elementor-row\">\n\t\t\t\t\t\t\t\t\t<\/div>\n\t\t\t\t\t<\/div>\n\t\t<\/section>\n\t\t\t\t<section class=\"elementor-section elementor-top-section elementor-element elementor-element-d69d3e elementor-section-full_width elementor-section-height-min-height elementor-section-height-default elementor-section-items-middle\" data-id=\"d69d3e\" data-element_type=\"section\" data-settings=\"{&quot;background_background&quot;:&quot;classic&quot;}\">\n\t\t\t\t\t\t<div class=\"elementor-container elementor-column-gap-no\">\n\t\t\t\t\t\t\t<div class=\"elementor-row\">\n\t\t\t\t\t<div class=\"elementor-column elementor-col-50 elementor-top-column elementor-element elementor-element-96a1c6f\" data-id=\"96a1c6f\" data-element_type=\"column\">\n\t\t\t<div class=\"elementor-column-wrap elementor-element-populated\">\n\t\t\t\t\t\t\t<div class=\"elementor-widget-wrap\">\n\t\t\t\t\t\t<div class=\"elementor-element elementor-element-7194a08f elementor-widget elementor-widget-text-editor\" data-id=\"7194a08f\" data-element_type=\"widget\" data-widget_type=\"text-editor.default\">\n\t\t\t\t<div class=\"elementor-widget-container\">\n\t\t\t\t\t<div class=\"elementor-text-editor elementor-clearfix\"><blockquote><p class=\"p1\"><span style=\"color: #333333;\"><strong>Ficha T\u00e9cnica<\/strong><\/span><\/p><\/blockquote><p><strong>Reino da extinci\u00f3n<\/strong> de Laura Porto<\/p><p><strong>Autora<\/strong><br \/>Laura Porto<\/p><p><strong>Dire\u00e7\u00e3o C\u00e9nica<\/strong><br \/>Dami\u00e1n Contreras<\/p><p><strong>Int\u00e9rpretes<\/strong><br \/>Dani Lago<br \/>Ux\u00eda Oca\u00f1a<br \/>Laura Garc\u00eda<br \/>Ainara Dalmau\u00a0<\/p><\/div>\n\t\t\t\t<\/div>\n\t\t\t\t<\/div>\n\t\t\t\t\t\t<\/div>\n\t\t\t\t\t<\/div>\n\t\t<\/div>\n\t\t\t\t<div class=\"elementor-column elementor-col-50 elementor-top-column elementor-element elementor-element-6b51057\" data-id=\"6b51057\" data-element_type=\"column\">\n\t\t\t<div class=\"elementor-column-wrap elementor-element-populated\">\n\t\t\t\t\t\t\t<div class=\"elementor-widget-wrap\">\n\t\t\t\t\t\t<div class=\"elementor-element elementor-element-35da1a81 elementor-widget elementor-widget-text-editor\" data-id=\"35da1a81\" data-element_type=\"widget\" data-widget_type=\"text-editor.default\">\n\t\t\t\t<div class=\"elementor-widget-container\">\n\t\t\t\t\t<div class=\"elementor-text-editor elementor-clearfix\"><p class=\"p1\">\u00a0<\/p><p><strong>CAMALEOA. Do corpo ao manifesto<\/strong> de Rita Pinheiro<\/p><p><strong>Autora<\/strong><br \/>Rita Pinheiro<\/p><p><strong>Int\u00e9rprete<\/strong><br \/>Rita Pinheiro<\/p><p><strong>Dire\u00e7\u00e3o C\u00e9nica<\/strong><br \/>Rita Pinheiro<\/p><p><strong>M\u00fasica<\/strong><br \/>Jo\u00e3o Reis\u00a0<\/p><\/div>\n\t\t\t\t<\/div>\n\t\t\t\t<\/div>\n\t\t\t\t\t\t<\/div>\n\t\t\t\t\t<\/div>\n\t\t<\/div>\n\t\t\t\t\t\t\t\t<\/div>\n\t\t\t\t\t<\/div>\n\t\t<\/section>\n\t\t\t\t\t\t<\/div>\n\t\t\t\t\t\t<\/div>\n\t\t\t\t\t<\/div>\n\t\t","protected":false},"excerpt":{"rendered":"<p>DRAMATURGIAS ITINERANTES REINO DA EXTINCI\u00d3N | CAMALEOA. DO CORPO AO MANIFESTO &#8211; 30 de outubro &#8211;\u00a0 Ter\u00e7a-feira, 30 de novembro [&hellip;]<\/p>\n","protected":false},"author":1,"featured_media":0,"parent":0,"menu_order":0,"comment_status":"closed","ping_status":"closed","template":"","meta":[],"_links":{"self":[{"href":"http:\/\/thsc.pt\/index.php?rest_route=\/wp\/v2\/pages\/2891"}],"collection":[{"href":"http:\/\/thsc.pt\/index.php?rest_route=\/wp\/v2\/pages"}],"about":[{"href":"http:\/\/thsc.pt\/index.php?rest_route=\/wp\/v2\/types\/page"}],"author":[{"embeddable":true,"href":"http:\/\/thsc.pt\/index.php?rest_route=\/wp\/v2\/users\/1"}],"replies":[{"embeddable":true,"href":"http:\/\/thsc.pt\/index.php?rest_route=%2Fwp%2Fv2%2Fcomments&post=2891"}],"version-history":[{"count":7,"href":"http:\/\/thsc.pt\/index.php?rest_route=\/wp\/v2\/pages\/2891\/revisions"}],"predecessor-version":[{"id":2935,"href":"http:\/\/thsc.pt\/index.php?rest_route=\/wp\/v2\/pages\/2891\/revisions\/2935"}],"wp:attachment":[{"href":"http:\/\/thsc.pt\/index.php?rest_route=%2Fwp%2Fv2%2Fmedia&parent=2891"}],"curies":[{"name":"wp","href":"https:\/\/api.w.org\/{rel}","templated":true}]}}