{"id":2851,"date":"2021-11-02T13:37:57","date_gmt":"2021-11-02T12:37:57","guid":{"rendered":"http:\/\/thsc.pt\/?page_id=2851"},"modified":"2021-11-23T16:09:55","modified_gmt":"2021-11-23T15:09:55","slug":"titus-andronicus","status":"publish","type":"page","link":"http:\/\/thsc.pt\/?page_id=2851","title":{"rendered":"TITUS ANDRONICUS"},"content":{"rendered":"\t\t<div data-elementor-type=\"wp-page\" data-elementor-id=\"2851\" class=\"elementor elementor-2851\" data-elementor-settings=\"[]\">\n\t\t\t\t\t\t<div class=\"elementor-inner\">\n\t\t\t\t\t\t\t<div class=\"elementor-section-wrap\">\n\t\t\t\t\t\t\t<section class=\"elementor-section elementor-top-section elementor-element elementor-element-14bf0d1c elementor-section-height-min-height elementor-section-boxed elementor-section-height-default elementor-section-items-middle\" data-id=\"14bf0d1c\" data-element_type=\"section\" data-settings=\"{&quot;background_background&quot;:&quot;classic&quot;}\">\n\t\t\t\t\t\t\t<div class=\"elementor-background-overlay\"><\/div>\n\t\t\t\t\t\t\t<div class=\"elementor-container elementor-column-gap-default\">\n\t\t\t\t\t\t\t<div class=\"elementor-row\">\n\t\t\t\t\t<div class=\"elementor-column elementor-col-100 elementor-top-column elementor-element elementor-element-3cb8fe12\" data-id=\"3cb8fe12\" data-element_type=\"column\">\n\t\t\t<div class=\"elementor-column-wrap elementor-element-populated\">\n\t\t\t\t\t\t\t<div class=\"elementor-widget-wrap\">\n\t\t\t\t\t\t<div class=\"elementor-element elementor-element-34619d6f elementor-widget elementor-widget-spacer\" data-id=\"34619d6f\" data-element_type=\"widget\" data-widget_type=\"spacer.default\">\n\t\t\t\t<div class=\"elementor-widget-container\">\n\t\t\t\t\t<div class=\"elementor-spacer\">\n\t\t\t<div class=\"elementor-spacer-inner\"><\/div>\n\t\t<\/div>\n\t\t\t\t<\/div>\n\t\t\t\t<\/div>\n\t\t\t\t<div class=\"elementor-element elementor-element-6b0d2cf5 elementor-widget elementor-widget-heading\" data-id=\"6b0d2cf5\" data-element_type=\"widget\" data-widget_type=\"heading.default\">\n\t\t\t\t<div class=\"elementor-widget-container\">\n\t\t\t<h1 class=\"elementor-heading-title elementor-size-large\">TITUS ANDRONICUS<\/h1>\t\t<\/div>\n\t\t\t\t<\/div>\n\t\t\t\t<div class=\"elementor-element elementor-element-4844a278 elementor-widget elementor-widget-text-editor\" data-id=\"4844a278\" data-element_type=\"widget\" data-widget_type=\"text-editor.default\">\n\t\t\t\t<div class=\"elementor-widget-container\">\n\t\t\t\t\t<div class=\"elementor-text-editor elementor-clearfix\"><h2><span style=\"color: #ffffff;\"><strong>&#8211; de 24 a 27 de novembro &#8211;\u00a0<\/strong><\/span><\/h2><p>Quarta a Sexta-feira, 24 a 26 de novembro \u2013 21h00<br \/>S\u00e1bado, 27 de novembro &#8211; 16h00 e 21h00<\/p><\/div>\n\t\t\t\t<\/div>\n\t\t\t\t<\/div>\n\t\t\t\t<section class=\"elementor-section elementor-inner-section elementor-element elementor-element-623ceb0c elementor-section-content-middle elementor-section-boxed elementor-section-height-default elementor-section-height-default\" data-id=\"623ceb0c\" data-element_type=\"section\">\n\t\t\t\t\t\t<div class=\"elementor-container elementor-column-gap-extended\">\n\t\t\t\t\t\t\t<div class=\"elementor-row\">\n\t\t\t\t\t<div class=\"elementor-column elementor-col-100 elementor-inner-column elementor-element elementor-element-3f47d342\" data-id=\"3f47d342\" data-element_type=\"column\">\n\t\t\t<div class=\"elementor-column-wrap elementor-element-populated\">\n\t\t\t\t\t\t\t<div class=\"elementor-widget-wrap\">\n\t\t\t\t\t\t<div class=\"elementor-element elementor-element-3fb64199 elementor-widget elementor-widget-text-editor\" data-id=\"3fb64199\" data-element_type=\"widget\" data-widget_type=\"text-editor.default\">\n\t\t\t\t<div class=\"elementor-widget-container\">\n\t\t\t\t\t<div class=\"elementor-text-editor elementor-clearfix\"><h5><span style=\"color: #ffffff;\"><b><span style=\"font-family: var( --e-global-typography-text-font-family );\">M\/16 | BILHETES : 5\u20ac\u00a0<\/span><\/b><\/span><\/h5><\/div>\n\t\t\t\t<\/div>\n\t\t\t\t<\/div>\n\t\t\t\t\t\t<\/div>\n\t\t\t\t\t<\/div>\n\t\t<\/div>\n\t\t\t\t\t\t\t\t<\/div>\n\t\t\t\t\t<\/div>\n\t\t<\/section>\n\t\t\t\t\t\t<\/div>\n\t\t\t\t\t<\/div>\n\t\t<\/div>\n\t\t\t\t\t\t\t\t<\/div>\n\t\t\t\t\t<\/div>\n\t\t<\/section>\n\t\t\t\t<section class=\"elementor-section elementor-top-section elementor-element elementor-element-7d30fa32 elementor-section-boxed elementor-section-height-default elementor-section-height-default\" data-id=\"7d30fa32\" data-element_type=\"section\" data-settings=\"{&quot;background_background&quot;:&quot;classic&quot;}\">\n\t\t\t\t\t\t<div class=\"elementor-container elementor-column-gap-default\">\n\t\t\t\t\t\t\t<div class=\"elementor-row\">\n\t\t\t\t\t<div class=\"elementor-column elementor-col-33 elementor-top-column elementor-element elementor-element-433f8d88\" data-id=\"433f8d88\" data-element_type=\"column\">\n\t\t\t<div class=\"elementor-column-wrap elementor-element-populated\">\n\t\t\t\t\t\t\t<div class=\"elementor-widget-wrap\">\n\t\t\t\t\t\t<div class=\"elementor-element elementor-element-4cb0b20 elementor-widget elementor-widget-spacer\" data-id=\"4cb0b20\" data-element_type=\"widget\" data-widget_type=\"spacer.default\">\n\t\t\t\t<div class=\"elementor-widget-container\">\n\t\t\t\t\t<div class=\"elementor-spacer\">\n\t\t\t<div class=\"elementor-spacer-inner\"><\/div>\n\t\t<\/div>\n\t\t\t\t<\/div>\n\t\t\t\t<\/div>\n\t\t\t\t<div class=\"elementor-element elementor-element-4bddff44 elementor-widget elementor-widget-text-editor\" data-id=\"4bddff44\" data-element_type=\"widget\" data-widget_type=\"text-editor.default\">\n\t\t\t\t<div class=\"elementor-widget-container\">\n\t\t\t\t\t<div class=\"elementor-text-editor elementor-clearfix\"><p class=\"p1\"><strong>EXERC\u00cdCIO-ESPET\u00c1CULO DOS ALUNOS FINALISTAS EM TEATRO DA ESMAE<\/strong><\/p><p>\u00a0<\/p><p class=\"p1\">Numa Roma decapitada que procura agora um novo imperador, o general Titus Andronicus regressa vitorioso da guerra contra os Godos. Para que os seus filhos perdidos na guerra sejam honrados, um filho de Tamora, rainha dos Godos, \u00e9 sacrificado friamente. Esta morte espoleta toda uma sede de vingan\u00e7a que p\u00f5e em causa toda a estrutura pol\u00edtica de Roma.<\/p><p class=\"p1\">Num jogo de gato e rato, em que todos s\u00e3o predadores e todos s\u00e3o presas, os actores e p\u00fablico s\u00e3o desafiados a percorrer as mais pervertidas mentes que desejam vingan\u00e7a acima de tudo. Shakespeare serve-nos, deste modo, uma trag\u00e9dia repleta de lutas de poder, honras familiares e mutila\u00e7\u00f5es horrorosas como prato principal.<\/p><\/div>\n\t\t\t\t<\/div>\n\t\t\t\t<\/div>\n\t\t\t\t\t\t<\/div>\n\t\t\t\t\t<\/div>\n\t\t<\/div>\n\t\t\t\t<div class=\"elementor-column elementor-col-33 elementor-top-column elementor-element elementor-element-2b1c6a83\" data-id=\"2b1c6a83\" data-element_type=\"column\" data-settings=\"{&quot;background_background&quot;:&quot;classic&quot;}\">\n\t\t\t<div class=\"elementor-column-wrap elementor-element-populated\">\n\t\t\t\t\t<div class=\"elementor-background-overlay\"><\/div>\n\t\t\t\t\t\t\t<div class=\"elementor-widget-wrap\">\n\t\t\t\t\t\t<div class=\"elementor-element elementor-element-34829cac elementor-widget elementor-widget-spacer\" data-id=\"34829cac\" data-element_type=\"widget\" data-widget_type=\"spacer.default\">\n\t\t\t\t<div class=\"elementor-widget-container\">\n\t\t\t\t\t<div class=\"elementor-spacer\">\n\t\t\t<div class=\"elementor-spacer-inner\"><\/div>\n\t\t<\/div>\n\t\t\t\t<\/div>\n\t\t\t\t<\/div>\n\t\t\t\t\t\t<\/div>\n\t\t\t\t\t<\/div>\n\t\t<\/div>\n\t\t\t\t<div class=\"elementor-column elementor-col-33 elementor-top-column elementor-element elementor-element-47ec9b2\" data-id=\"47ec9b2\" data-element_type=\"column\" data-settings=\"{&quot;background_background&quot;:&quot;classic&quot;}\">\n\t\t\t<div class=\"elementor-column-wrap elementor-element-populated\">\n\t\t\t\t\t<div class=\"elementor-background-overlay\"><\/div>\n\t\t\t\t\t\t\t<div class=\"elementor-widget-wrap\">\n\t\t\t\t\t\t<div class=\"elementor-element elementor-element-9f9ff60 elementor-widget elementor-widget-spacer\" data-id=\"9f9ff60\" data-element_type=\"widget\" data-widget_type=\"spacer.default\">\n\t\t\t\t<div class=\"elementor-widget-container\">\n\t\t\t\t\t<div class=\"elementor-spacer\">\n\t\t\t<div class=\"elementor-spacer-inner\"><\/div>\n\t\t<\/div>\n\t\t\t\t<\/div>\n\t\t\t\t<\/div>\n\t\t\t\t\t\t<\/div>\n\t\t\t\t\t<\/div>\n\t\t<\/div>\n\t\t\t\t\t\t\t\t<\/div>\n\t\t\t\t\t<\/div>\n\t\t<\/section>\n\t\t\t\t<section class=\"elementor-section elementor-top-section elementor-element elementor-element-4002512c elementor-section-boxed elementor-section-height-default elementor-section-height-default\" data-id=\"4002512c\" data-element_type=\"section\" data-settings=\"{&quot;background_background&quot;:&quot;classic&quot;}\">\n\t\t\t\t\t\t<div class=\"elementor-container elementor-column-gap-default\">\n\t\t\t\t\t\t\t<div class=\"elementor-row\">\n\t\t\t\t\t\t\t\t\t<\/div>\n\t\t\t\t\t<\/div>\n\t\t<\/section>\n\t\t\t\t<section class=\"elementor-section elementor-top-section elementor-element elementor-element-234be892 elementor-section-full_width elementor-section-height-min-height elementor-section-height-default elementor-section-items-middle\" data-id=\"234be892\" data-element_type=\"section\" data-settings=\"{&quot;background_background&quot;:&quot;classic&quot;}\">\n\t\t\t\t\t\t<div class=\"elementor-container elementor-column-gap-no\">\n\t\t\t\t\t\t\t<div class=\"elementor-row\">\n\t\t\t\t\t<div class=\"elementor-column elementor-col-50 elementor-top-column elementor-element elementor-element-1be2299f\" data-id=\"1be2299f\" data-element_type=\"column\">\n\t\t\t<div class=\"elementor-column-wrap elementor-element-populated\">\n\t\t\t\t\t\t\t<div class=\"elementor-widget-wrap\">\n\t\t\t\t\t\t<div class=\"elementor-element elementor-element-24e1060d elementor-widget elementor-widget-text-editor\" data-id=\"24e1060d\" data-element_type=\"widget\" data-widget_type=\"text-editor.default\">\n\t\t\t\t<div class=\"elementor-widget-container\">\n\t\t\t\t\t<div class=\"elementor-text-editor elementor-clearfix\"><blockquote>\n<p class=\"p1\"><span style=\"color: #333333;\"><strong>Equipa Criativa e Art\u00edstica<\/strong><\/span><\/p>\n<\/blockquote>\n<p class=\"p1\" style=\"padding-left: 40px;\"><span style=\"color: #333333;\"><strong>Encena\u00e7\u00e3o<\/strong><BR><\/span>Paulo Calatr\u00e9<\/p>\n<p class=\"p1\" style=\"padding-left: 40px;\"><span style=\"color: #333333;\"><strong>Interpreta\u00e7\u00e3o<\/strong><\/span><BR>Ana Ramos<BR>B\u00e1rbara Machado<BR>Catarina Chora<BR>Cristiana Sousa<BR>Daniel Teixeira<BR>Filipa Saavedra<BR>Filipe Correia<BR>Henrique Ra\u00ednho<BR>In\u00eas Carneiro<BR>Jaime Castelo-Branco<BR>Margarida Neto<BR>Mariana Lamego<BR>Mariana Vieira<BR>Rafael Ferreira<BR>Sandra Dias Pereira<BR>Soraia Gurgo<BR>Thiago Vasconcellos<BR>Tom\u00e9 Nunes Pinto<\/p>\n<p class=\"p1\" style=\"padding-left: 40px;\"><span style=\"color: #333333;\"><strong>Cenografia<\/strong><BR><\/span>In\u00eas Sarmento<BR>Gabija Pamakstyte<BR>Meira Paola<BR>Rita Cruz<\/p>\n<p style=\"padding-left: 40px;\"><span style=\"color: #333333;\"><strong>Figurinos<\/strong><BR><\/span>Beatriz Ver\u00edssimo<BR>Jo\u00e3o Gomes<BR>Sandra Barbosa<\/p>\n<p class=\"p1\" style=\"padding-left: 80px;\"><\/p>\n<p class=\"p1\" style=\"padding-left: 40px;\"><\/p><\/div>\n\t\t\t\t<\/div>\n\t\t\t\t<\/div>\n\t\t\t\t\t\t<\/div>\n\t\t\t\t\t<\/div>\n\t\t<\/div>\n\t\t\t\t<div class=\"elementor-column elementor-col-50 elementor-top-column elementor-element elementor-element-d4c491b\" data-id=\"d4c491b\" data-element_type=\"column\">\n\t\t\t<div class=\"elementor-column-wrap elementor-element-populated\">\n\t\t\t\t\t\t\t<div class=\"elementor-widget-wrap\">\n\t\t\t\t\t\t<div class=\"elementor-element elementor-element-3effaed1 elementor-widget elementor-widget-text-editor\" data-id=\"3effaed1\" data-element_type=\"widget\" data-widget_type=\"text-editor.default\">\n\t\t\t\t<div class=\"elementor-widget-container\">\n\t\t\t\t\t<div class=\"elementor-text-editor elementor-clearfix\"><p class=\"p1\"><span style=\"color: #333333;\"><strong>Luz &amp; Som<\/strong><br \/><\/span>Afonso Lemos<br \/>Bernardo Santo-Tirso<br \/>Bruno Pacheco<br \/>Filipe Carvalho<br \/>Francisco Alves<br \/>Henrique Costa<br \/>Sara Nogueira<\/p><p class=\"p1\"><span style=\"color: #333333;\"><strong>Dire\u00e7\u00e3o de Cena &amp; Produ\u00e7\u00e3o<\/strong><\/span><br \/>Jo\u00e3o Vaz Cunha<br \/>Mariana Lima Costa<br \/>Rute Marques da Silva<\/p><p class=\"p1\"><span style=\"color: #333333;\"><strong>Docentes Coordenadores <\/strong><\/span><br \/><span style=\"color: #333333;\"><b><span style=\"color: #0000ff;\">Interpreta\u00e7\u00e3o<\/span><br \/><\/b><\/span>Maria Lu\u00eds Fran\u00e7a | In\u00eas Lua<\/p><p><strong><span style=\"color: #0000ff;\">Cenografia<\/span><\/strong><br \/>Marta Silva | Elisabete Le\u00e3o<\/p><p><strong><span style=\"color: #0000ff;\">Figurinos<\/span><\/strong><br \/>Manuela Ferreira<\/p><p><strong><span style=\"color: #0000ff;\">Luz<\/span><\/strong><br \/>Francisco Teles<\/p><p><strong><span style=\"color: #0000ff;\">Som<\/span><\/strong><br \/>Rui Coelho<\/p><p><strong><span style=\"color: #0000ff;\">Dire\u00e7\u00e3o de Cena e Produ\u00e7\u00e3o<\/span><\/strong><br \/>T\u00e2nia Rodrigues | Ana Figueira<\/p><\/div>\n\t\t\t\t<\/div>\n\t\t\t\t<\/div>\n\t\t\t\t\t\t<\/div>\n\t\t\t\t\t<\/div>\n\t\t<\/div>\n\t\t\t\t\t\t\t\t<\/div>\n\t\t\t\t\t<\/div>\n\t\t<\/section>\n\t\t\t\t\t\t<\/div>\n\t\t\t\t\t\t<\/div>\n\t\t\t\t\t<\/div>\n\t\t","protected":false},"excerpt":{"rendered":"<p>TITUS ANDRONICUS &#8211; de 24 a 27 de novembro &#8211;\u00a0 Quarta a Sexta-feira, 24 a 26 de novembro \u2013 21h00S\u00e1bado, [&hellip;]<\/p>\n","protected":false},"author":1,"featured_media":0,"parent":0,"menu_order":0,"comment_status":"closed","ping_status":"closed","template":"","meta":[],"_links":{"self":[{"href":"http:\/\/thsc.pt\/index.php?rest_route=\/wp\/v2\/pages\/2851"}],"collection":[{"href":"http:\/\/thsc.pt\/index.php?rest_route=\/wp\/v2\/pages"}],"about":[{"href":"http:\/\/thsc.pt\/index.php?rest_route=\/wp\/v2\/types\/page"}],"author":[{"embeddable":true,"href":"http:\/\/thsc.pt\/index.php?rest_route=\/wp\/v2\/users\/1"}],"replies":[{"embeddable":true,"href":"http:\/\/thsc.pt\/index.php?rest_route=%2Fwp%2Fv2%2Fcomments&post=2851"}],"version-history":[{"count":6,"href":"http:\/\/thsc.pt\/index.php?rest_route=\/wp\/v2\/pages\/2851\/revisions"}],"predecessor-version":[{"id":2924,"href":"http:\/\/thsc.pt\/index.php?rest_route=\/wp\/v2\/pages\/2851\/revisions\/2924"}],"wp:attachment":[{"href":"http:\/\/thsc.pt\/index.php?rest_route=%2Fwp%2Fv2%2Fmedia&parent=2851"}],"curies":[{"name":"wp","href":"https:\/\/api.w.org\/{rel}","templated":true}]}}