{"id":2716,"date":"2021-10-15T15:54:24","date_gmt":"2021-10-15T15:54:24","guid":{"rendered":"http:\/\/thsc.pt\/?page_id=2716"},"modified":"2021-11-04T13:55:35","modified_gmt":"2021-11-04T12:55:35","slug":"quem-sou-eu","status":"publish","type":"page","link":"http:\/\/thsc.pt\/?page_id=2716","title":{"rendered":"QUEM SOU EU?"},"content":{"rendered":"\t\t<div data-elementor-type=\"wp-page\" data-elementor-id=\"2716\" class=\"elementor elementor-2716\" data-elementor-settings=\"[]\">\n\t\t\t\t\t\t<div class=\"elementor-inner\">\n\t\t\t\t\t\t\t<div class=\"elementor-section-wrap\">\n\t\t\t\t\t\t\t<section class=\"elementor-section elementor-top-section elementor-element elementor-element-391a036f elementor-section-height-min-height elementor-section-boxed elementor-section-height-default elementor-section-items-middle\" data-id=\"391a036f\" data-element_type=\"section\" data-settings=\"{&quot;background_background&quot;:&quot;classic&quot;}\">\n\t\t\t\t\t\t\t<div class=\"elementor-background-overlay\"><\/div>\n\t\t\t\t\t\t\t<div class=\"elementor-container elementor-column-gap-default\">\n\t\t\t\t\t\t\t<div class=\"elementor-row\">\n\t\t\t\t\t<div class=\"elementor-column elementor-col-100 elementor-top-column elementor-element elementor-element-33863d87\" data-id=\"33863d87\" data-element_type=\"column\">\n\t\t\t<div class=\"elementor-column-wrap elementor-element-populated\">\n\t\t\t\t\t\t\t<div class=\"elementor-widget-wrap\">\n\t\t\t\t\t\t<div class=\"elementor-element elementor-element-39ef2b68 elementor-widget elementor-widget-spacer\" data-id=\"39ef2b68\" data-element_type=\"widget\" data-widget_type=\"spacer.default\">\n\t\t\t\t<div class=\"elementor-widget-container\">\n\t\t\t\t\t<div class=\"elementor-spacer\">\n\t\t\t<div class=\"elementor-spacer-inner\"><\/div>\n\t\t<\/div>\n\t\t\t\t<\/div>\n\t\t\t\t<\/div>\n\t\t\t\t<div class=\"elementor-element elementor-element-15f274ae elementor-widget elementor-widget-heading\" data-id=\"15f274ae\" data-element_type=\"widget\" data-widget_type=\"heading.default\">\n\t\t\t\t<div class=\"elementor-widget-container\">\n\t\t\t<h1 class=\"elementor-heading-title elementor-size-large\">QUEM SOU EU?<\/h1>\t\t<\/div>\n\t\t\t\t<\/div>\n\t\t\t\t<div class=\"elementor-element elementor-element-157783c6 elementor-widget elementor-widget-text-editor\" data-id=\"157783c6\" data-element_type=\"widget\" data-widget_type=\"text-editor.default\">\n\t\t\t\t<div class=\"elementor-widget-container\">\n\t\t\t\t\t<div class=\"elementor-text-editor elementor-clearfix\"><h2><span style=\"color: #ffffff;\"><strong>&#8211; 7 de novembro &#8211;\u00a0<\/strong><\/span><\/h2><p>Domingo, 7 de novembro \u2013 17h00<\/p><\/div>\n\t\t\t\t<\/div>\n\t\t\t\t<\/div>\n\t\t\t\t<section class=\"elementor-section elementor-inner-section elementor-element elementor-element-5e58bd83 elementor-section-content-middle elementor-section-boxed elementor-section-height-default elementor-section-height-default\" data-id=\"5e58bd83\" data-element_type=\"section\">\n\t\t\t\t\t\t<div class=\"elementor-container elementor-column-gap-extended\">\n\t\t\t\t\t\t\t<div class=\"elementor-row\">\n\t\t\t\t\t<div class=\"elementor-column elementor-col-100 elementor-inner-column elementor-element elementor-element-42fc6f12\" data-id=\"42fc6f12\" data-element_type=\"column\">\n\t\t\t<div class=\"elementor-column-wrap elementor-element-populated\">\n\t\t\t\t\t\t\t<div class=\"elementor-widget-wrap\">\n\t\t\t\t\t\t<div class=\"elementor-element elementor-element-6721ecdc elementor-widget elementor-widget-text-editor\" data-id=\"6721ecdc\" data-element_type=\"widget\" data-widget_type=\"text-editor.default\">\n\t\t\t\t<div class=\"elementor-widget-container\">\n\t\t\t\t\t<div class=\"elementor-text-editor elementor-clearfix\"><p><b><span style=\"color: #ffffff;\">Entrada gratuita<\/span> <\/b>(at\u00e9 ao limite da lota\u00e7\u00e3o da sala)<\/p><p><span style=\"color: #ffffff;\">Reservas atrav\u00e9s de tel. 222 089 175 ou email\u00a0<a style=\"color: #ffffff;\" href=\"mailto:teatro@marionetasdoporto.pt\" target=\"_blank\" rel=\"noopener noreferrer\" data-auth=\"NotApplicable\" data-linkindex=\"0\">teatro@marionetasdoporto.pt<\/a><\/span><\/p><\/div>\n\t\t\t\t<\/div>\n\t\t\t\t<\/div>\n\t\t\t\t\t\t<\/div>\n\t\t\t\t\t<\/div>\n\t\t<\/div>\n\t\t\t\t\t\t\t\t<\/div>\n\t\t\t\t\t<\/div>\n\t\t<\/section>\n\t\t\t\t\t\t<\/div>\n\t\t\t\t\t<\/div>\n\t\t<\/div>\n\t\t\t\t\t\t\t\t<\/div>\n\t\t\t\t\t<\/div>\n\t\t<\/section>\n\t\t\t\t<section class=\"elementor-section elementor-top-section elementor-element elementor-element-65fcb37b elementor-section-boxed elementor-section-height-default elementor-section-height-default\" data-id=\"65fcb37b\" data-element_type=\"section\" data-settings=\"{&quot;background_background&quot;:&quot;classic&quot;}\">\n\t\t\t\t\t\t<div class=\"elementor-container elementor-column-gap-default\">\n\t\t\t\t\t\t\t<div class=\"elementor-row\">\n\t\t\t\t\t<div class=\"elementor-column elementor-col-50 elementor-top-column elementor-element elementor-element-3aedfa6c\" data-id=\"3aedfa6c\" data-element_type=\"column\">\n\t\t\t<div class=\"elementor-column-wrap elementor-element-populated\">\n\t\t\t\t\t\t\t<div class=\"elementor-widget-wrap\">\n\t\t\t\t\t\t<div class=\"elementor-element elementor-element-2548d5c5 elementor-widget elementor-widget-spacer\" data-id=\"2548d5c5\" data-element_type=\"widget\" data-widget_type=\"spacer.default\">\n\t\t\t\t<div class=\"elementor-widget-container\">\n\t\t\t\t\t<div class=\"elementor-spacer\">\n\t\t\t<div class=\"elementor-spacer-inner\"><\/div>\n\t\t<\/div>\n\t\t\t\t<\/div>\n\t\t\t\t<\/div>\n\t\t\t\t<div class=\"elementor-element elementor-element-47aea544 elementor-widget elementor-widget-text-editor\" data-id=\"47aea544\" data-element_type=\"widget\" data-widget_type=\"text-editor.default\">\n\t\t\t\t<div class=\"elementor-widget-container\">\n\t\t\t\t\t<div class=\"elementor-text-editor elementor-clearfix\"><p><strong>QUEM SOU EU?<\/strong><\/p><p>Em Quem sou eu? Celebramos a vida. Celebramos o estar presente e mais consciente ainda, ap\u00f3s longos meses de pandemia, resgatando o encontro, a partilha, o amor que salva e fortalece, criando uma forma sens\u00edvel de estar e sentir o mundo.<\/p><p>Com os int\u00e9rpretes foi criado o texto, foram constru\u00eddas as marionetas, e desenvolvido um trabalho de ator, em toda a sua dimens\u00e3o. Partindo das viv\u00eancias, mem\u00f3rias e cren\u00e7as de cada um, neste espet\u00e1culo falamos da vida, da solid\u00e3o e do amor, integrando as Marionetas nesse di\u00e1logo com os int\u00e9rpretes.<\/p><p>Quem sou eu? \u00e9 mais uma viagem, feita de muitos passos impressos por estas pessoas que ao percorrerem o seu caminho nos ajudam a encontrar o belo que h\u00e1 em cada um.<\/p><p style=\"text-align: right;\">Isabel Barros<\/p><p><em>Todos \u2013 (coro) Vivemos aqui e ali <br \/>Contamos hist\u00f3rias aqui e acol\u00e1 <br \/>Sabemos rir<br \/>Sabemos brincar <br \/>\u00c0s vezes o passo pode ser mais lento, mas vamos l\u00e1. <br \/>No nosso tempo, ao nosso tempo. <br \/>E o tempo n\u00e3o para! <br \/>O espet\u00e1culo acaba. <br \/>Vai acabar <br \/>Mas a festa \u00e9 infinita e est\u00e1 agora a come\u00e7ar.\u00a0\u00a0<\/em><\/p><p style=\"text-align: left;\">\u00a0\u00a0\u00a0\u00a0\u00a0\u00a0\u00a0\u00a0\u00a0\u00a0\u00a0\u00a0\u00a0\u00a0\u00a0\u00a0\u00a0\u00a0\u00a0\u00a0\u00a0\u00a0\u00a0\u00a0\u00a0\u00a0\u00a0\u00a0\u00a0\u00a0\u00a0\u00a0\u00a0\u00a0\u00a0\u00a0\u00a0\u00a0\u00a0\u00a0\u00a0\u00a0\u00a0\u00a0\u00a0\u00a0\u00a0\u00a0\u00a0\u00a0\u00a0\u00a0\u00a0\u00a0\u00a0\u00a0\u00a0\u00a0 Micaela Soares<\/p><\/div>\n\t\t\t\t<\/div>\n\t\t\t\t<\/div>\n\t\t\t\t\t\t<\/div>\n\t\t\t\t\t<\/div>\n\t\t<\/div>\n\t\t\t\t<div class=\"elementor-column elementor-col-50 elementor-top-column elementor-element elementor-element-1e54316f\" data-id=\"1e54316f\" data-element_type=\"column\" data-settings=\"{&quot;background_background&quot;:&quot;classic&quot;}\">\n\t\t\t<div class=\"elementor-column-wrap elementor-element-populated\">\n\t\t\t\t\t<div class=\"elementor-background-overlay\"><\/div>\n\t\t\t\t\t\t\t<div class=\"elementor-widget-wrap\">\n\t\t\t\t\t\t<div class=\"elementor-element elementor-element-67a24b3 elementor-widget elementor-widget-spacer\" data-id=\"67a24b3\" data-element_type=\"widget\" data-widget_type=\"spacer.default\">\n\t\t\t\t<div class=\"elementor-widget-container\">\n\t\t\t\t\t<div class=\"elementor-spacer\">\n\t\t\t<div class=\"elementor-spacer-inner\"><\/div>\n\t\t<\/div>\n\t\t\t\t<\/div>\n\t\t\t\t<\/div>\n\t\t\t\t\t\t<\/div>\n\t\t\t\t\t<\/div>\n\t\t<\/div>\n\t\t\t\t\t\t\t\t<\/div>\n\t\t\t\t\t<\/div>\n\t\t<\/section>\n\t\t\t\t<section class=\"elementor-section elementor-top-section elementor-element elementor-element-660ce44d elementor-section-boxed elementor-section-height-default elementor-section-height-default\" data-id=\"660ce44d\" data-element_type=\"section\" data-settings=\"{&quot;background_background&quot;:&quot;classic&quot;}\">\n\t\t\t\t\t\t<div class=\"elementor-container elementor-column-gap-default\">\n\t\t\t\t\t\t\t<div class=\"elementor-row\">\n\t\t\t\t\t\t\t\t\t<\/div>\n\t\t\t\t\t<\/div>\n\t\t<\/section>\n\t\t\t\t<section class=\"elementor-section elementor-top-section elementor-element elementor-element-3a5e15e0 elementor-section-full_width elementor-section-height-min-height elementor-section-height-default elementor-section-items-middle\" data-id=\"3a5e15e0\" data-element_type=\"section\" data-settings=\"{&quot;background_background&quot;:&quot;classic&quot;}\">\n\t\t\t\t\t\t<div class=\"elementor-container elementor-column-gap-no\">\n\t\t\t\t\t\t\t<div class=\"elementor-row\">\n\t\t\t\t\t<div class=\"elementor-column elementor-col-50 elementor-top-column elementor-element elementor-element-5a5b81a7\" data-id=\"5a5b81a7\" data-element_type=\"column\">\n\t\t\t<div class=\"elementor-column-wrap elementor-element-populated\">\n\t\t\t\t\t\t\t<div class=\"elementor-widget-wrap\">\n\t\t\t\t\t\t<div class=\"elementor-element elementor-element-37f3d395 elementor-widget elementor-widget-text-editor\" data-id=\"37f3d395\" data-element_type=\"widget\" data-widget_type=\"text-editor.default\">\n\t\t\t\t<div class=\"elementor-widget-container\">\n\t\t\t\t\t<div class=\"elementor-text-editor elementor-clearfix\"><blockquote><p class=\"p1\"><span style=\"color: #333333;\"><strong>Equipa Criativa e Art\u00edstica<\/strong><\/span><\/p><\/blockquote><p class=\"p1\" style=\"padding-left: 40px;\"><strong>Conceito e Encena\u00e7\u00e3o e Dramaturgia<\/strong><br \/>Isabel Barros<\/p><p class=\"p1\" style=\"padding-left: 40px;\"><strong>Texto<\/strong><br \/>Micaela Soares<\/p><p class=\"p1\" style=\"padding-left: 40px;\"><strong>M\u00fasica<\/strong><br \/>Jorge Queijo<\/p><p class=\"p1\" style=\"padding-left: 40px;\"><strong>Marionetas<\/strong><br \/>Jo\u00e3o Pedro Trindade<\/p><p class=\"p1\" style=\"padding-left: 40px;\"><strong>Desenho de luz<\/strong><br \/>Filipe Azevedo<\/p><p class=\"p1\" style=\"padding-left: 40px;\"><strong>Opera\u00e7\u00e3o luz e som<\/strong><br \/>Filipe Azevedo<\/p><p>\u00a0<\/p><p>\u00a0<\/p><p class=\"p1\" style=\"padding-left: 40px;\">Este texto foi constru\u00eddo no \u00e2mbito de um est\u00e1gio de Mestrado em Artes C\u00e9nicas, Especializa\u00e7\u00e3o em Interpreta\u00e7\u00e3o e Dire\u00e7\u00e3o Art\u00edstica da ESMAE, no Teatro de Marionetas do Porto, para o espet\u00e1culo Quem sou eu? em cena no Teatro Helena S\u00e1 e Costa em novembro de 2021.<\/p><\/div>\n\t\t\t\t<\/div>\n\t\t\t\t<\/div>\n\t\t\t\t\t\t<\/div>\n\t\t\t\t\t<\/div>\n\t\t<\/div>\n\t\t\t\t<div class=\"elementor-column elementor-col-50 elementor-top-column elementor-element elementor-element-317443b8\" data-id=\"317443b8\" data-element_type=\"column\">\n\t\t\t<div class=\"elementor-column-wrap elementor-element-populated\">\n\t\t\t\t\t\t\t<div class=\"elementor-widget-wrap\">\n\t\t\t\t\t\t<div class=\"elementor-element elementor-element-46627454 elementor-widget elementor-widget-text-editor\" data-id=\"46627454\" data-element_type=\"widget\" data-widget_type=\"text-editor.default\">\n\t\t\t\t<div class=\"elementor-widget-container\">\n\t\t\t\t\t<div class=\"elementor-text-editor elementor-clearfix\"><p class=\"p1\" style=\"padding-left: 40px;\"><strong>Int\u00e9rpretes<\/strong><br \/>Adelaide Pereira<br \/>Alice Rios<br \/>Ana Oliveira<br \/>Delfina Ferreira<br \/>Em\u00edlia Freitas<br \/>Felicidade Costa<br \/>Idalina Taborda<br \/>Joaquim Santos<br \/>Margarete Pereira<br \/>Paulo Santos<br \/>Rosa Moreira<br \/>Virgina Portugal (Associa\u00e7\u00e3o do Monte Pedral)<\/p><p class=\"p1\" style=\"padding-left: 40px;\"><strong>Atriz convidada<\/strong><br \/>Catarina Soromenho<\/p><p style=\"padding-left: 40px;\"><strong>Atriz Marionetas do Porto<\/strong><br \/>Micaela Soares<\/p><p style=\"padding-left: 40px;\"><strong>Produ\u00e7\u00e3o<\/strong><br \/>Sofia Carvalho<\/p><p style=\"padding-left: 40px;\"><strong>Apoio<\/strong><br \/>Divis\u00e3o Municipal de Desenvolvimento Social\/C\u00e2mara Municipal do Porto<\/p><\/div>\n\t\t\t\t<\/div>\n\t\t\t\t<\/div>\n\t\t\t\t\t\t<\/div>\n\t\t\t\t\t<\/div>\n\t\t<\/div>\n\t\t\t\t\t\t\t\t<\/div>\n\t\t\t\t\t<\/div>\n\t\t<\/section>\n\t\t\t\t\t\t<\/div>\n\t\t\t\t\t\t<\/div>\n\t\t\t\t\t<\/div>\n\t\t","protected":false},"excerpt":{"rendered":"<p>QUEM SOU EU? &#8211; 7 de novembro &#8211;\u00a0 Domingo, 7 de novembro \u2013 17h00 Entrada gratuita (at\u00e9 ao limite da [&hellip;]<\/p>\n","protected":false},"author":1,"featured_media":0,"parent":0,"menu_order":0,"comment_status":"closed","ping_status":"closed","template":"","meta":[],"_links":{"self":[{"href":"http:\/\/thsc.pt\/index.php?rest_route=\/wp\/v2\/pages\/2716"}],"collection":[{"href":"http:\/\/thsc.pt\/index.php?rest_route=\/wp\/v2\/pages"}],"about":[{"href":"http:\/\/thsc.pt\/index.php?rest_route=\/wp\/v2\/types\/page"}],"author":[{"embeddable":true,"href":"http:\/\/thsc.pt\/index.php?rest_route=\/wp\/v2\/users\/1"}],"replies":[{"embeddable":true,"href":"http:\/\/thsc.pt\/index.php?rest_route=%2Fwp%2Fv2%2Fcomments&post=2716"}],"version-history":[{"count":6,"href":"http:\/\/thsc.pt\/index.php?rest_route=\/wp\/v2\/pages\/2716\/revisions"}],"predecessor-version":[{"id":2873,"href":"http:\/\/thsc.pt\/index.php?rest_route=\/wp\/v2\/pages\/2716\/revisions\/2873"}],"wp:attachment":[{"href":"http:\/\/thsc.pt\/index.php?rest_route=%2Fwp%2Fv2%2Fmedia&parent=2716"}],"curies":[{"name":"wp","href":"https:\/\/api.w.org\/{rel}","templated":true}]}}