{"id":2580,"date":"2021-09-27T16:27:20","date_gmt":"2021-09-27T16:27:20","guid":{"rendered":"http:\/\/thsc.pt\/?page_id=2580"},"modified":"2021-09-27T17:59:53","modified_gmt":"2021-09-27T17:59:53","slug":"turismo","status":"publish","type":"page","link":"http:\/\/thsc.pt\/?page_id=2580","title":{"rendered":"TURISMO"},"content":{"rendered":"\t\t<div data-elementor-type=\"wp-page\" data-elementor-id=\"2580\" class=\"elementor elementor-2580\" data-elementor-settings=\"[]\">\n\t\t\t\t\t\t<div class=\"elementor-inner\">\n\t\t\t\t\t\t\t<div class=\"elementor-section-wrap\">\n\t\t\t\t\t\t\t<section class=\"elementor-section elementor-top-section elementor-element elementor-element-466cc897 elementor-section-height-min-height elementor-section-boxed elementor-section-height-default elementor-section-items-middle\" data-id=\"466cc897\" data-element_type=\"section\" data-settings=\"{&quot;background_background&quot;:&quot;classic&quot;}\">\n\t\t\t\t\t\t\t<div class=\"elementor-background-overlay\"><\/div>\n\t\t\t\t\t\t\t<div class=\"elementor-container elementor-column-gap-default\">\n\t\t\t\t\t\t\t<div class=\"elementor-row\">\n\t\t\t\t\t<div class=\"elementor-column elementor-col-100 elementor-top-column elementor-element elementor-element-39f24aca\" data-id=\"39f24aca\" data-element_type=\"column\">\n\t\t\t<div class=\"elementor-column-wrap elementor-element-populated\">\n\t\t\t\t\t\t\t<div class=\"elementor-widget-wrap\">\n\t\t\t\t\t\t<div class=\"elementor-element elementor-element-76eb9203 elementor-widget elementor-widget-spacer\" data-id=\"76eb9203\" data-element_type=\"widget\" data-widget_type=\"spacer.default\">\n\t\t\t\t<div class=\"elementor-widget-container\">\n\t\t\t\t\t<div class=\"elementor-spacer\">\n\t\t\t<div class=\"elementor-spacer-inner\"><\/div>\n\t\t<\/div>\n\t\t\t\t<\/div>\n\t\t\t\t<\/div>\n\t\t\t\t<div class=\"elementor-element elementor-element-2e9d7758 elementor-widget elementor-widget-heading\" data-id=\"2e9d7758\" data-element_type=\"widget\" data-widget_type=\"heading.default\">\n\t\t\t\t<div class=\"elementor-widget-container\">\n\t\t\t<h1 class=\"elementor-heading-title elementor-size-large\">TURISMO<\/h1>\t\t<\/div>\n\t\t\t\t<\/div>\n\t\t\t\t<div class=\"elementor-element elementor-element-6cc62fe1 elementor-widget elementor-widget-text-editor\" data-id=\"6cc62fe1\" data-element_type=\"widget\" data-widget_type=\"text-editor.default\">\n\t\t\t\t<div class=\"elementor-widget-container\">\n\t\t\t\t\t<div class=\"elementor-text-editor elementor-clearfix\"><h2><span style=\"color: #ffffff;\"><strong>&#8211; de 8 a 10 de outubro &#8211;\u00a0<\/strong><\/span><\/h2><p>Sexta-feira e s\u00e1bado, 8 e 9 de outubro \u2013 21h00<br \/>Domingo, 10 de outubro &#8211; 17h00<\/p><\/div>\n\t\t\t\t<\/div>\n\t\t\t\t<\/div>\n\t\t\t\t<section class=\"elementor-section elementor-inner-section elementor-element elementor-element-116a7f7b elementor-section-content-middle elementor-section-boxed elementor-section-height-default elementor-section-height-default\" data-id=\"116a7f7b\" data-element_type=\"section\">\n\t\t\t\t\t\t<div class=\"elementor-container elementor-column-gap-extended\">\n\t\t\t\t\t\t\t<div class=\"elementor-row\">\n\t\t\t\t\t<div class=\"elementor-column elementor-col-100 elementor-inner-column elementor-element elementor-element-529864d0\" data-id=\"529864d0\" data-element_type=\"column\">\n\t\t\t<div class=\"elementor-column-wrap elementor-element-populated\">\n\t\t\t\t\t\t\t<div class=\"elementor-widget-wrap\">\n\t\t\t\t\t\t<div class=\"elementor-element elementor-element-6899ebf elementor-widget elementor-widget-text-editor\" data-id=\"6899ebf\" data-element_type=\"widget\" data-widget_type=\"text-editor.default\">\n\t\t\t\t<div class=\"elementor-widget-container\">\n\t\t\t\t\t<div class=\"elementor-text-editor elementor-clearfix\"><h5><span style=\"color: #ffffff;\"><b><span style=\"font-family: var( --e-global-typography-text-font-family );\">M\/14 |\u00a0 BILHETES : 6 a 12\u20ac\u00a0<\/span><\/b><\/span><\/h5><\/div>\n\t\t\t\t<\/div>\n\t\t\t\t<\/div>\n\t\t\t\t\t\t<\/div>\n\t\t\t\t\t<\/div>\n\t\t<\/div>\n\t\t\t\t\t\t\t\t<\/div>\n\t\t\t\t\t<\/div>\n\t\t<\/section>\n\t\t\t\t\t\t<\/div>\n\t\t\t\t\t<\/div>\n\t\t<\/div>\n\t\t\t\t\t\t\t\t<\/div>\n\t\t\t\t\t<\/div>\n\t\t<\/section>\n\t\t\t\t<section class=\"elementor-section elementor-top-section elementor-element elementor-element-233ccca2 elementor-section-boxed elementor-section-height-default elementor-section-height-default\" data-id=\"233ccca2\" data-element_type=\"section\" data-settings=\"{&quot;background_background&quot;:&quot;classic&quot;}\">\n\t\t\t\t\t\t<div class=\"elementor-container elementor-column-gap-default\">\n\t\t\t\t\t\t\t<div class=\"elementor-row\">\n\t\t\t\t\t<div class=\"elementor-column elementor-col-50 elementor-top-column elementor-element elementor-element-298911b8\" data-id=\"298911b8\" data-element_type=\"column\">\n\t\t\t<div class=\"elementor-column-wrap elementor-element-populated\">\n\t\t\t\t\t\t\t<div class=\"elementor-widget-wrap\">\n\t\t\t\t\t\t<div class=\"elementor-element elementor-element-b96c3c9 elementor-widget elementor-widget-spacer\" data-id=\"b96c3c9\" data-element_type=\"widget\" data-widget_type=\"spacer.default\">\n\t\t\t\t<div class=\"elementor-widget-container\">\n\t\t\t\t\t<div class=\"elementor-spacer\">\n\t\t\t<div class=\"elementor-spacer-inner\"><\/div>\n\t\t<\/div>\n\t\t\t\t<\/div>\n\t\t\t\t<\/div>\n\t\t\t\t<div class=\"elementor-element elementor-element-546f74d0 elementor-widget elementor-widget-text-editor\" data-id=\"546f74d0\" data-element_type=\"widget\" data-widget_type=\"text-editor.default\">\n\t\t\t\t<div class=\"elementor-widget-container\">\n\t\t\t\t\t<div class=\"elementor-text-editor elementor-clearfix\"><p>&#8220;Uma cidade ferida no cora\u00e7\u00e3o pelo fen\u00f3meno tur\u00edstico. Durante tr\u00eas dias e tr\u00eas noites vertiginosas, seis personagens conflituam e debatem-se com o fechamento de horizontes que a nova ordem neoliberal lhes imp\u00f5e. A CIDADE, espa\u00e7o f\u00edsico e mental onde estas hist\u00f3rias de vida se encadeiam, cruzam e desaguam, n\u00e3o se apresenta como um mero pano de fundo, pois os seus pr\u00f3prios dramas e dores de crescimento assumem total protagonismo. \u00c0 urbe cartograf\u00e1vel sobrep\u00f5em-se geografias sentimentais, retrospec\u00e7\u00f5es e projec\u00e7\u00f5es que constroem um lugar comp\u00f3sito, multifacetado a ponto de se tornar transversal \u00e0s cidades ocidentais. Pelo que, a par de uma reflex\u00e3o acerca de quest\u00f5es que assombram o nosso \u00abaqui e agora\u00bb, evidenciam-se a pujan\u00e7a e a fragilidade das rela\u00e7\u00f5es humanas moldadas pelo medo e problematizam-se quest\u00f5es como a identidade, a mem\u00f3ria, a dignidade, o amor e a justi\u00e7a.&#8221;<\/p><p><br \/>Regina Guimar\u00e3es<\/p><\/div>\n\t\t\t\t<\/div>\n\t\t\t\t<\/div>\n\t\t\t\t\t\t<\/div>\n\t\t\t\t\t<\/div>\n\t\t<\/div>\n\t\t\t\t<div class=\"elementor-column elementor-col-50 elementor-top-column elementor-element elementor-element-7c38cbdb\" data-id=\"7c38cbdb\" data-element_type=\"column\" data-settings=\"{&quot;background_background&quot;:&quot;classic&quot;}\">\n\t\t\t<div class=\"elementor-column-wrap elementor-element-populated\">\n\t\t\t\t\t<div class=\"elementor-background-overlay\"><\/div>\n\t\t\t\t\t\t\t<div class=\"elementor-widget-wrap\">\n\t\t\t\t\t\t<div class=\"elementor-element elementor-element-3d26fc57 elementor-widget elementor-widget-spacer\" data-id=\"3d26fc57\" data-element_type=\"widget\" data-widget_type=\"spacer.default\">\n\t\t\t\t<div class=\"elementor-widget-container\">\n\t\t\t\t\t<div class=\"elementor-spacer\">\n\t\t\t<div class=\"elementor-spacer-inner\"><\/div>\n\t\t<\/div>\n\t\t\t\t<\/div>\n\t\t\t\t<\/div>\n\t\t\t\t<div class=\"elementor-element elementor-element-1a302167 elementor-widget elementor-widget-image\" data-id=\"1a302167\" data-element_type=\"widget\" data-widget_type=\"image.default\">\n\t\t\t\t<div class=\"elementor-widget-container\">\n\t\t\t\t\t<div class=\"elementor-image\">\n\t\t\t\t\t\t\t\t\t\t<img decoding=\"async\" src=\"http:\/\/thsc.pt\/wp-content\/uploads\/elementor\/thumbs\/Turismo_Oct2021_A3_Poster-pdqma1xpdw8yiloo681e3ebl6vw63dv0vfvdvze55q.jpg\" title=\"Turismo_Poster\" alt=\"Turismo_Poster\" \/>\t\t\t\t\t\t\t\t\t\t\t<\/div>\n\t\t\t\t<\/div>\n\t\t\t\t<\/div>\n\t\t\t\t\t\t<\/div>\n\t\t\t\t\t<\/div>\n\t\t<\/div>\n\t\t\t\t\t\t\t\t<\/div>\n\t\t\t\t\t<\/div>\n\t\t<\/section>\n\t\t\t\t<section class=\"elementor-section elementor-top-section elementor-element elementor-element-703a6473 elementor-section-boxed elementor-section-height-default elementor-section-height-default\" data-id=\"703a6473\" data-element_type=\"section\" data-settings=\"{&quot;background_background&quot;:&quot;classic&quot;}\">\n\t\t\t\t\t\t<div class=\"elementor-container elementor-column-gap-default\">\n\t\t\t\t\t\t\t<div class=\"elementor-row\">\n\t\t\t\t\t\t\t\t\t<\/div>\n\t\t\t\t\t<\/div>\n\t\t<\/section>\n\t\t\t\t<section class=\"elementor-section elementor-top-section elementor-element elementor-element-3bc6a556 elementor-section-full_width elementor-section-height-min-height elementor-section-height-default elementor-section-items-middle\" data-id=\"3bc6a556\" data-element_type=\"section\" data-settings=\"{&quot;background_background&quot;:&quot;classic&quot;}\">\n\t\t\t\t\t\t<div class=\"elementor-container elementor-column-gap-no\">\n\t\t\t\t\t\t\t<div class=\"elementor-row\">\n\t\t\t\t\t<div class=\"elementor-column elementor-col-50 elementor-top-column elementor-element elementor-element-71f0ba41\" data-id=\"71f0ba41\" data-element_type=\"column\">\n\t\t\t<div class=\"elementor-column-wrap elementor-element-populated\">\n\t\t\t\t\t\t\t<div class=\"elementor-widget-wrap\">\n\t\t\t\t\t\t<div class=\"elementor-element elementor-element-d95981 elementor-widget elementor-widget-text-editor\" data-id=\"d95981\" data-element_type=\"widget\" data-widget_type=\"text-editor.default\">\n\t\t\t\t<div class=\"elementor-widget-container\">\n\t\t\t\t\t<div class=\"elementor-text-editor elementor-clearfix\"><blockquote><p class=\"p1\"><span style=\"color: #333333;\"><strong>Ficha Art\u00edstica<\/strong><\/span><\/p><\/blockquote><p><strong>Texto original e encena\u00e7\u00e3o<\/strong><br \/>Tiago Correia<\/p><p><strong>Consultoria art\u00edstica e tradu\u00e7\u00e3o<\/strong><br \/>Regina Guimar\u00e3es<\/p><p><strong>Interpreta\u00e7\u00e3o<\/strong><br \/>Andr\u00e9 J\u00falio Teixeira<br \/>Claudia L\u00e1zaro<br \/>In\u00eas Curado<br \/>Jos\u00e9 Eduardo Silva<br \/>Paulo Lages<br \/>Romi Soares<\/p><p><strong>Cenografia<\/strong><br \/>Ana Gormicho<\/p><p><strong>Desenho de figurinos<\/strong><br \/>Sara Miro<\/p><p><strong>Desenho de luz<\/strong><br \/>Rui Monteiro<br \/>Teresa Antunes<\/p><p><strong>Desenho de som e m\u00fasica original<\/strong><br \/>Rui Lima<br \/>S\u00e9rgio Martins<\/p><p><strong>Desenho de v\u00eddeo e realiza\u00e7\u00e3o<\/strong><br \/>Francisco Lobo<\/p><p>\u00a0<\/p><\/div>\n\t\t\t\t<\/div>\n\t\t\t\t<\/div>\n\t\t\t\t\t\t<\/div>\n\t\t\t\t\t<\/div>\n\t\t<\/div>\n\t\t\t\t<div class=\"elementor-column elementor-col-50 elementor-top-column elementor-element elementor-element-448925f8\" data-id=\"448925f8\" data-element_type=\"column\">\n\t\t\t<div class=\"elementor-column-wrap elementor-element-populated\">\n\t\t\t\t\t\t\t<div class=\"elementor-widget-wrap\">\n\t\t\t\t\t\t<div class=\"elementor-element elementor-element-3a9f2b8d elementor-widget elementor-widget-text-editor\" data-id=\"3a9f2b8d\" data-element_type=\"widget\" data-widget_type=\"text-editor.default\">\n\t\t\t\t<div class=\"elementor-widget-container\">\n\t\t\t\t\t<div class=\"elementor-text-editor elementor-clearfix\"><p><strong>Dire\u00e7\u00e3o t\u00e9cnica<\/strong><br \/>Z\u00e9 Diogo Cunha<br \/>Pedro Nabais<\/p><p><strong>Assist\u00eancia \u00e0 elocu\u00e7\u00e3o \u00e0 l\u00edngua francesa<\/strong><br \/>Absinte Abramovici<\/p><p><strong>Legendagem e produ\u00e7\u00e3o executiva<\/strong><br \/>In\u00eas Carvalho e Lemos (circula\u00e7\u00e3o 2021)<br \/>Maria Pinto (cria\u00e7\u00e3o e circula\u00e7\u00e3o 2020)<\/p><p><strong>Produ\u00e7\u00e3o administrativa<\/strong><br \/>Mafalda Bastos (2021) e Ludovica Daddi<br \/>Rita Pinto e Maria Pinto (2020)<\/p><p><strong>Produ\u00e7\u00e3o<\/strong><br \/>A Turma<\/p><p><strong>Coprodu\u00e7\u00e3o<\/strong><br \/>Teatro Municipal do Porto &#8211; Rivoli . Campo Alegre<br \/>Cine-Teatro Louletano<\/p><p><strong>Parceiro editorial<\/strong><br \/>Edi\u00e7\u00f5es H\u00famus<\/p><\/div>\n\t\t\t\t<\/div>\n\t\t\t\t<\/div>\n\t\t\t\t\t\t<\/div>\n\t\t\t\t\t<\/div>\n\t\t<\/div>\n\t\t\t\t\t\t\t\t<\/div>\n\t\t\t\t\t<\/div>\n\t\t<\/section>\n\t\t\t\t\t\t<\/div>\n\t\t\t\t\t\t<\/div>\n\t\t\t\t\t<\/div>\n\t\t","protected":false},"excerpt":{"rendered":"<p>TURISMO &#8211; de 8 a 10 de outubro &#8211;\u00a0 Sexta-feira e s\u00e1bado, 8 e 9 de outubro \u2013 21h00Domingo, 10 [&hellip;]<\/p>\n","protected":false},"author":1,"featured_media":0,"parent":0,"menu_order":0,"comment_status":"closed","ping_status":"closed","template":"","meta":[],"_links":{"self":[{"href":"http:\/\/thsc.pt\/index.php?rest_route=\/wp\/v2\/pages\/2580"}],"collection":[{"href":"http:\/\/thsc.pt\/index.php?rest_route=\/wp\/v2\/pages"}],"about":[{"href":"http:\/\/thsc.pt\/index.php?rest_route=\/wp\/v2\/types\/page"}],"author":[{"embeddable":true,"href":"http:\/\/thsc.pt\/index.php?rest_route=\/wp\/v2\/users\/1"}],"replies":[{"embeddable":true,"href":"http:\/\/thsc.pt\/index.php?rest_route=%2Fwp%2Fv2%2Fcomments&post=2580"}],"version-history":[{"count":7,"href":"http:\/\/thsc.pt\/index.php?rest_route=\/wp\/v2\/pages\/2580\/revisions"}],"predecessor-version":[{"id":2589,"href":"http:\/\/thsc.pt\/index.php?rest_route=\/wp\/v2\/pages\/2580\/revisions\/2589"}],"wp:attachment":[{"href":"http:\/\/thsc.pt\/index.php?rest_route=%2Fwp%2Fv2%2Fmedia&parent=2580"}],"curies":[{"name":"wp","href":"https:\/\/api.w.org\/{rel}","templated":true}]}}