{"id":2440,"date":"2021-06-28T15:24:28","date_gmt":"2021-06-28T15:24:28","guid":{"rendered":"http:\/\/thsc.pt\/?page_id=2440"},"modified":"2021-07-12T11:17:37","modified_gmt":"2021-07-12T11:17:37","slug":"refugios","status":"publish","type":"page","link":"http:\/\/thsc.pt\/?page_id=2440","title":{"rendered":"REF\u00daGIOS"},"content":{"rendered":"\t\t<div data-elementor-type=\"wp-page\" data-elementor-id=\"2440\" class=\"elementor elementor-2440\" data-elementor-settings=\"[]\">\n\t\t\t\t\t\t<div class=\"elementor-inner\">\n\t\t\t\t\t\t\t<div class=\"elementor-section-wrap\">\n\t\t\t\t\t\t\t<section class=\"elementor-section elementor-top-section elementor-element elementor-element-46643c32 elementor-section-height-min-height elementor-section-boxed elementor-section-height-default elementor-section-items-middle\" data-id=\"46643c32\" data-element_type=\"section\" data-settings=\"{&quot;background_background&quot;:&quot;classic&quot;}\">\n\t\t\t\t\t\t\t<div class=\"elementor-background-overlay\"><\/div>\n\t\t\t\t\t\t\t<div class=\"elementor-container elementor-column-gap-default\">\n\t\t\t\t\t\t\t<div class=\"elementor-row\">\n\t\t\t\t\t<div class=\"elementor-column elementor-col-100 elementor-top-column elementor-element elementor-element-273c2c3f\" data-id=\"273c2c3f\" data-element_type=\"column\">\n\t\t\t<div class=\"elementor-column-wrap elementor-element-populated\">\n\t\t\t\t\t\t\t<div class=\"elementor-widget-wrap\">\n\t\t\t\t\t\t<div class=\"elementor-element elementor-element-20187b32 elementor-widget elementor-widget-spacer\" data-id=\"20187b32\" data-element_type=\"widget\" data-widget_type=\"spacer.default\">\n\t\t\t\t<div class=\"elementor-widget-container\">\n\t\t\t\t\t<div class=\"elementor-spacer\">\n\t\t\t<div class=\"elementor-spacer-inner\"><\/div>\n\t\t<\/div>\n\t\t\t\t<\/div>\n\t\t\t\t<\/div>\n\t\t\t\t<div class=\"elementor-element elementor-element-3692d105 elementor-widget elementor-widget-heading\" data-id=\"3692d105\" data-element_type=\"widget\" data-widget_type=\"heading.default\">\n\t\t\t\t<div class=\"elementor-widget-container\">\n\t\t\t<h1 class=\"elementor-heading-title elementor-size-large\">REF\u00daGIOS<\/h1>\t\t<\/div>\n\t\t\t\t<\/div>\n\t\t\t\t<div class=\"elementor-element elementor-element-62276b58 elementor-widget elementor-widget-text-editor\" data-id=\"62276b58\" data-element_type=\"widget\" data-widget_type=\"text-editor.default\">\n\t\t\t\t<div class=\"elementor-widget-container\">\n\t\t\t\t\t<div class=\"elementor-text-editor elementor-clearfix\"><h2><span style=\"color: #ffffff;\"><strong>&#8211; 13 de julho &#8211;\u00a0<\/strong><\/span><\/h2><p>Ter\u00e7a-feira, 13 de julho \u2013 21h00<\/p><\/div>\n\t\t\t\t<\/div>\n\t\t\t\t<\/div>\n\t\t\t\t<section class=\"elementor-section elementor-inner-section elementor-element elementor-element-4cca25e elementor-section-content-middle elementor-section-boxed elementor-section-height-default elementor-section-height-default\" data-id=\"4cca25e\" data-element_type=\"section\">\n\t\t\t\t\t\t<div class=\"elementor-container elementor-column-gap-extended\">\n\t\t\t\t\t\t\t<div class=\"elementor-row\">\n\t\t\t\t\t<div class=\"elementor-column elementor-col-100 elementor-inner-column elementor-element elementor-element-4034789e\" data-id=\"4034789e\" data-element_type=\"column\">\n\t\t\t<div class=\"elementor-column-wrap elementor-element-populated\">\n\t\t\t\t\t\t\t<div class=\"elementor-widget-wrap\">\n\t\t\t\t\t\t<div class=\"elementor-element elementor-element-661fc8c elementor-widget elementor-widget-text-editor\" data-id=\"661fc8c\" data-element_type=\"widget\" data-widget_type=\"text-editor.default\">\n\t\t\t\t<div class=\"elementor-widget-container\">\n\t\t\t\t\t<div class=\"elementor-text-editor elementor-clearfix\"><h5><span style=\"color: #ffffff;\"><b><span style=\"font-family: var( --e-global-typography-text-font-family );\">M\/6 | BILHETES : 5\u20ac<\/span><\/b><\/span><\/h5><\/div>\n\t\t\t\t<\/div>\n\t\t\t\t<\/div>\n\t\t\t\t\t\t<\/div>\n\t\t\t\t\t<\/div>\n\t\t<\/div>\n\t\t\t\t\t\t\t\t<\/div>\n\t\t\t\t\t<\/div>\n\t\t<\/section>\n\t\t\t\t\t\t<\/div>\n\t\t\t\t\t<\/div>\n\t\t<\/div>\n\t\t\t\t\t\t\t\t<\/div>\n\t\t\t\t\t<\/div>\n\t\t<\/section>\n\t\t\t\t<section class=\"elementor-section elementor-top-section elementor-element elementor-element-c397a62 elementor-section-boxed elementor-section-height-default elementor-section-height-default\" data-id=\"c397a62\" data-element_type=\"section\" data-settings=\"{&quot;background_background&quot;:&quot;classic&quot;}\">\n\t\t\t\t\t\t<div class=\"elementor-container elementor-column-gap-default\">\n\t\t\t\t\t\t\t<div class=\"elementor-row\">\n\t\t\t\t\t<div class=\"elementor-column elementor-col-50 elementor-top-column elementor-element elementor-element-70bbc7f7\" data-id=\"70bbc7f7\" data-element_type=\"column\">\n\t\t\t<div class=\"elementor-column-wrap elementor-element-populated\">\n\t\t\t\t\t\t\t<div class=\"elementor-widget-wrap\">\n\t\t\t\t\t\t<div class=\"elementor-element elementor-element-4b567c6a elementor-widget elementor-widget-spacer\" data-id=\"4b567c6a\" data-element_type=\"widget\" data-widget_type=\"spacer.default\">\n\t\t\t\t<div class=\"elementor-widget-container\">\n\t\t\t\t\t<div class=\"elementor-spacer\">\n\t\t\t<div class=\"elementor-spacer-inner\"><\/div>\n\t\t<\/div>\n\t\t\t\t<\/div>\n\t\t\t\t<\/div>\n\t\t\t\t<div class=\"elementor-element elementor-element-79e3c0af elementor-widget elementor-widget-text-editor\" data-id=\"79e3c0af\" data-element_type=\"widget\" data-widget_type=\"text-editor.default\">\n\t\t\t\t<div class=\"elementor-widget-container\">\n\t\t\t\t\t<div class=\"elementor-text-editor elementor-clearfix\"><blockquote><p class=\"p1\"><span style=\"color: #333333;\"><strong>Recital de Composi\u00e7\u00e3o de Jos\u00e9 Brand\u00e3o e Ema Ferreira<\/strong><\/span><\/p><\/blockquote><p class=\"p1\">Ref\u00fagio. Ref\u00fagio de n\u00f3s pr\u00f3prios e ref\u00fagio do mundo. Fugir de tudo. Encontrar uma verdade que ressoe. Simples. Algo que nos transforme. Algo que nos fa\u00e7a ser o que realmente somos.<\/p><p class=\"p1\">Simples. Primitivo e ancestral. Um ref\u00fagio que nos proteja dos fantasmas. Um ref\u00fagio que nos proteja dos medos, da ambi\u00e7\u00e3o. Simplesmente ser. Ser como h\u00e1 muito fomos. Nostalgia.<\/p><p class=\"p1\">Nostalgia por um tempo perdido. Por um tempo inalcan\u00e7\u00e1vel. Sabendo que sabemos demasiado. Toda a ang\u00fastia e amargura. Eternas. Inescap\u00e1veis. F\u00fateis. Verdadeiramente f\u00fateis. Queremos um ref\u00fagio que nunca iremos encontrar. Queremos ir para longe de n\u00f3s, para longe de tudo. Conhecer apenas o que precisamos de conhecer. Talvez precisemos de conhecer tudo. N\u00f3s. Sem nome. Sem ref\u00fagio.<\/p><p class=\"p1\" style=\"text-align: right;\">Jos\u00e9 Brand\u00e3o<\/p><\/div>\n\t\t\t\t<\/div>\n\t\t\t\t<\/div>\n\t\t\t\t\t\t<\/div>\n\t\t\t\t\t<\/div>\n\t\t<\/div>\n\t\t\t\t<div class=\"elementor-column elementor-col-50 elementor-top-column elementor-element elementor-element-46e81427\" data-id=\"46e81427\" data-element_type=\"column\" data-settings=\"{&quot;background_background&quot;:&quot;classic&quot;}\">\n\t\t\t<div class=\"elementor-column-wrap elementor-element-populated\">\n\t\t\t\t\t<div class=\"elementor-background-overlay\"><\/div>\n\t\t\t\t\t\t\t<div class=\"elementor-widget-wrap\">\n\t\t\t\t\t\t<div class=\"elementor-element elementor-element-14c4a98a elementor-widget elementor-widget-spacer\" data-id=\"14c4a98a\" data-element_type=\"widget\" data-widget_type=\"spacer.default\">\n\t\t\t\t<div class=\"elementor-widget-container\">\n\t\t\t\t\t<div class=\"elementor-spacer\">\n\t\t\t<div class=\"elementor-spacer-inner\"><\/div>\n\t\t<\/div>\n\t\t\t\t<\/div>\n\t\t\t\t<\/div>\n\t\t\t\t<div class=\"elementor-element elementor-element-4fdb903f elementor-widget elementor-widget-image\" data-id=\"4fdb903f\" data-element_type=\"widget\" data-widget_type=\"image.default\">\n\t\t\t\t<div class=\"elementor-widget-container\">\n\t\t\t\t\t<div class=\"elementor-image\">\n\t\t\t\t\t\t\t\t\t\t<img decoding=\"async\" src=\"http:\/\/thsc.pt\/wp-content\/uploads\/elementor\/thumbs\/Refu\u0301gios-Cartaz-01-pa07hltjjyfzt7qt2um5n9iymo0eyq1f32qbki7a5w.png\" title=\"refugios_cartaz\" alt=\"refugios_cartaz\" \/>\t\t\t\t\t\t\t\t\t\t\t<\/div>\n\t\t\t\t<\/div>\n\t\t\t\t<\/div>\n\t\t\t\t\t\t<\/div>\n\t\t\t\t\t<\/div>\n\t\t<\/div>\n\t\t\t\t\t\t\t\t<\/div>\n\t\t\t\t\t<\/div>\n\t\t<\/section>\n\t\t\t\t<section class=\"elementor-section elementor-top-section elementor-element elementor-element-514dee01 elementor-section-boxed elementor-section-height-default elementor-section-height-default\" data-id=\"514dee01\" data-element_type=\"section\" data-settings=\"{&quot;background_background&quot;:&quot;classic&quot;}\">\n\t\t\t\t\t\t<div class=\"elementor-container elementor-column-gap-default\">\n\t\t\t\t\t\t\t<div class=\"elementor-row\">\n\t\t\t\t\t\t\t\t\t<\/div>\n\t\t\t\t\t<\/div>\n\t\t<\/section>\n\t\t\t\t<section class=\"elementor-section elementor-top-section elementor-element elementor-element-5badfc1b elementor-section-full_width elementor-section-height-min-height elementor-section-height-default elementor-section-items-middle\" data-id=\"5badfc1b\" data-element_type=\"section\" data-settings=\"{&quot;background_background&quot;:&quot;classic&quot;}\">\n\t\t\t\t\t\t<div class=\"elementor-container elementor-column-gap-no\">\n\t\t\t\t\t\t\t<div class=\"elementor-row\">\n\t\t\t\t\t<div class=\"elementor-column elementor-col-50 elementor-top-column elementor-element elementor-element-31c1dc4e\" data-id=\"31c1dc4e\" data-element_type=\"column\">\n\t\t\t<div class=\"elementor-column-wrap elementor-element-populated\">\n\t\t\t\t\t\t\t<div class=\"elementor-widget-wrap\">\n\t\t\t\t\t\t<div class=\"elementor-element elementor-element-256bf41 elementor-widget elementor-widget-text-editor\" data-id=\"256bf41\" data-element_type=\"widget\" data-widget_type=\"text-editor.default\">\n\t\t\t\t<div class=\"elementor-widget-container\">\n\t\t\t\t\t<div class=\"elementor-text-editor elementor-clearfix\"><blockquote>\n<p class=\"p1\"><span style=\"color: #333333;\"><strong>Programa<\/strong><\/span><\/p>\n<\/blockquote>\n<p class=\"p1\"><strong><span style=\"color: #000000;\">Three Buchla Studies &#8211; 1st Running<\/span><br><\/strong>Composi\u00e7\u00e3o: Ema Ferreira<\/p>\n<p class=\"p1\"><strong><span style=\"color: #000000;\">Nice \/ No Breathing<\/span><\/strong><br>Composi\u00e7\u00e3o: Jos\u00e9 Brand\u00e3o<br>Vibrafone: Tiago Sousa<\/p>\n<p class=\"p1\"><strong><span style=\"color: #000000;\">Three Buchla Studies &#8211; 2nd Noising<\/span><\/strong><br>Composi\u00e7\u00e3o: Ema Ferreira<\/p>\n<p class=\"p1\" style=\"padding-left: 40px;\"><\/p><\/div>\n\t\t\t\t<\/div>\n\t\t\t\t<\/div>\n\t\t\t\t\t\t<\/div>\n\t\t\t\t\t<\/div>\n\t\t<\/div>\n\t\t\t\t<div class=\"elementor-column elementor-col-50 elementor-top-column elementor-element elementor-element-4f7a39aa\" data-id=\"4f7a39aa\" data-element_type=\"column\">\n\t\t\t<div class=\"elementor-column-wrap elementor-element-populated\">\n\t\t\t\t\t\t\t<div class=\"elementor-widget-wrap\">\n\t\t\t\t\t\t<div class=\"elementor-element elementor-element-6f23b81e elementor-widget elementor-widget-text-editor\" data-id=\"6f23b81e\" data-element_type=\"widget\" data-widget_type=\"text-editor.default\">\n\t\t\t\t<div class=\"elementor-widget-container\">\n\t\t\t\t\t<div class=\"elementor-text-editor elementor-clearfix\"><p class=\"p1\"><strong><span style=\"color: #000000;\">Quero Ir<\/span><\/strong><br>Composi\u00e7\u00e3o: Ema FerreiraTexto: Beatriz Ramos<br>Voz: Beatriz Ramos<\/p>\n<p class=\"p1\"><strong><span style=\"color: #000000;\">Three Buchla Studies &#8211; 3rd Dronning<\/span><\/strong><br>Composi\u00e7\u00e3o: Ema Ferreira<\/p>\n<p class=\"p1\"><span style=\"color: #000000;\"><strong>Nostalgia<\/strong><\/span><br>Composi\u00e7\u00e3o: Jos\u00e9 Brand\u00e3o<br>Clarinete: Jos\u00e9 Brand\u00e3o<br>Piano: Mariana Coelho<br>Violoncelo: Marco Pereira<br>Guitarra El\u00e9trica: Diogo Faria<br>Eletr\u00f3nica ao Vivo: Ema Ferreira<\/p><\/div>\n\t\t\t\t<\/div>\n\t\t\t\t<\/div>\n\t\t\t\t\t\t<\/div>\n\t\t\t\t\t<\/div>\n\t\t<\/div>\n\t\t\t\t\t\t\t\t<\/div>\n\t\t\t\t\t<\/div>\n\t\t<\/section>\n\t\t\t\t\t\t<\/div>\n\t\t\t\t\t\t<\/div>\n\t\t\t\t\t<\/div>\n\t\t","protected":false},"excerpt":{"rendered":"<p>REF\u00daGIOS &#8211; 13 de julho &#8211;\u00a0 Ter\u00e7a-feira, 13 de julho \u2013 21h00 M\/6 | BILHETES : 5\u20ac Recital de Composi\u00e7\u00e3o [&hellip;]<\/p>\n","protected":false},"author":1,"featured_media":0,"parent":0,"menu_order":0,"comment_status":"closed","ping_status":"closed","template":"","meta":[],"_links":{"self":[{"href":"http:\/\/thsc.pt\/index.php?rest_route=\/wp\/v2\/pages\/2440"}],"collection":[{"href":"http:\/\/thsc.pt\/index.php?rest_route=\/wp\/v2\/pages"}],"about":[{"href":"http:\/\/thsc.pt\/index.php?rest_route=\/wp\/v2\/types\/page"}],"author":[{"embeddable":true,"href":"http:\/\/thsc.pt\/index.php?rest_route=\/wp\/v2\/users\/1"}],"replies":[{"embeddable":true,"href":"http:\/\/thsc.pt\/index.php?rest_route=%2Fwp%2Fv2%2Fcomments&post=2440"}],"version-history":[{"count":9,"href":"http:\/\/thsc.pt\/index.php?rest_route=\/wp\/v2\/pages\/2440\/revisions"}],"predecessor-version":[{"id":2515,"href":"http:\/\/thsc.pt\/index.php?rest_route=\/wp\/v2\/pages\/2440\/revisions\/2515"}],"wp:attachment":[{"href":"http:\/\/thsc.pt\/index.php?rest_route=%2Fwp%2Fv2%2Fmedia&parent=2440"}],"curies":[{"name":"wp","href":"https:\/\/api.w.org\/{rel}","templated":true}]}}