{"id":2420,"date":"2021-05-20T11:08:05","date_gmt":"2021-05-20T11:08:05","guid":{"rendered":"http:\/\/thsc.pt\/?page_id=2420"},"modified":"2021-05-20T11:51:22","modified_gmt":"2021-05-20T11:51:22","slug":"mats-lab","status":"publish","type":"page","link":"http:\/\/thsc.pt\/?page_id=2420","title":{"rendered":"MATS Lab"},"content":{"rendered":"\t\t<div data-elementor-type=\"wp-page\" data-elementor-id=\"2420\" class=\"elementor elementor-2420\" data-elementor-settings=\"[]\">\n\t\t\t\t\t\t<div class=\"elementor-inner\">\n\t\t\t\t\t\t\t<div class=\"elementor-section-wrap\">\n\t\t\t\t\t\t\t<section class=\"elementor-section elementor-top-section elementor-element elementor-element-680c200 elementor-section-height-min-height elementor-section-boxed elementor-section-height-default elementor-section-items-middle\" data-id=\"680c200\" data-element_type=\"section\" data-settings=\"{&quot;background_background&quot;:&quot;classic&quot;}\">\n\t\t\t\t\t\t\t<div class=\"elementor-background-overlay\"><\/div>\n\t\t\t\t\t\t\t<div class=\"elementor-container elementor-column-gap-default\">\n\t\t\t\t\t\t\t<div class=\"elementor-row\">\n\t\t\t\t\t<div class=\"elementor-column elementor-col-100 elementor-top-column elementor-element elementor-element-4fba6f4d\" data-id=\"4fba6f4d\" data-element_type=\"column\">\n\t\t\t<div class=\"elementor-column-wrap elementor-element-populated\">\n\t\t\t\t\t\t\t<div class=\"elementor-widget-wrap\">\n\t\t\t\t\t\t<div class=\"elementor-element elementor-element-302b97e8 elementor-widget elementor-widget-spacer\" data-id=\"302b97e8\" data-element_type=\"widget\" data-widget_type=\"spacer.default\">\n\t\t\t\t<div class=\"elementor-widget-container\">\n\t\t\t\t\t<div class=\"elementor-spacer\">\n\t\t\t<div class=\"elementor-spacer-inner\"><\/div>\n\t\t<\/div>\n\t\t\t\t<\/div>\n\t\t\t\t<\/div>\n\t\t\t\t<div class=\"elementor-element elementor-element-62ac21ae elementor-widget elementor-widget-heading\" data-id=\"62ac21ae\" data-element_type=\"widget\" data-widget_type=\"heading.default\">\n\t\t\t\t<div class=\"elementor-widget-container\">\n\t\t\t<h1 class=\"elementor-heading-title elementor-size-large\">MATS Lab<\/h1>\t\t<\/div>\n\t\t\t\t<\/div>\n\t\t\t\t<div class=\"elementor-element elementor-element-ae9af16 elementor-widget elementor-widget-text-editor\" data-id=\"ae9af16\" data-element_type=\"widget\" data-widget_type=\"text-editor.default\">\n\t\t\t\t<div class=\"elementor-widget-container\">\n\t\t\t\t\t<div class=\"elementor-text-editor elementor-clearfix\"><h2><span style=\"color: #ffffff;\"><strong>&#8211; 23 e 25 de maio &#8211;\u00a0<\/strong><\/span><\/h2><p>Domingo, 23 de maio \u2013 11h00 | 15h00 | 17h00<br \/>Ter\u00e7a-feira, 25 de maio &#8211; 10h30 | 12h00<\/p><\/div>\n\t\t\t\t<\/div>\n\t\t\t\t<\/div>\n\t\t\t\t<section class=\"elementor-section elementor-inner-section elementor-element elementor-element-f44eb8b elementor-section-content-middle elementor-section-boxed elementor-section-height-default elementor-section-height-default\" data-id=\"f44eb8b\" data-element_type=\"section\">\n\t\t\t\t\t\t<div class=\"elementor-container elementor-column-gap-extended\">\n\t\t\t\t\t\t\t<div class=\"elementor-row\">\n\t\t\t\t\t<div class=\"elementor-column elementor-col-100 elementor-inner-column elementor-element elementor-element-1d930a52\" data-id=\"1d930a52\" data-element_type=\"column\">\n\t\t\t<div class=\"elementor-column-wrap elementor-element-populated\">\n\t\t\t\t\t\t\t<div class=\"elementor-widget-wrap\">\n\t\t\t\t\t\t<div class=\"elementor-element elementor-element-261b3682 elementor-widget elementor-widget-text-editor\" data-id=\"261b3682\" data-element_type=\"widget\" data-widget_type=\"text-editor.default\">\n\t\t\t\t<div class=\"elementor-widget-container\">\n\t\t\t\t\t<div class=\"elementor-text-editor elementor-clearfix\"><h6><span style=\"color: #ffffff;\">Lota\u00e7\u00e3o m\u00e1xima: 15 pessoas<\/span><br \/><span style=\"color: #ffffff;\">Entrada livre sujeita a pr\u00e9-reserva via<em> <a style=\"color: #ffffff;\" href=\"mailto:brunopereira@esmae.ipp.pt\">brunopereira@esmae.ipp.pt<\/a><\/em><\/span><\/h6><\/div>\n\t\t\t\t<\/div>\n\t\t\t\t<\/div>\n\t\t\t\t\t\t<\/div>\n\t\t\t\t\t<\/div>\n\t\t<\/div>\n\t\t\t\t\t\t\t\t<\/div>\n\t\t\t\t\t<\/div>\n\t\t<\/section>\n\t\t\t\t\t\t<\/div>\n\t\t\t\t\t<\/div>\n\t\t<\/div>\n\t\t\t\t\t\t\t\t<\/div>\n\t\t\t\t\t<\/div>\n\t\t<\/section>\n\t\t\t\t<section class=\"elementor-section elementor-top-section elementor-element elementor-element-73896ab0 elementor-section-boxed elementor-section-height-default elementor-section-height-default\" data-id=\"73896ab0\" data-element_type=\"section\" data-settings=\"{&quot;background_background&quot;:&quot;classic&quot;}\">\n\t\t\t\t\t\t<div class=\"elementor-container elementor-column-gap-default\">\n\t\t\t\t\t\t\t<div class=\"elementor-row\">\n\t\t\t\t\t<div class=\"elementor-column elementor-col-50 elementor-top-column elementor-element elementor-element-5071d5b0\" data-id=\"5071d5b0\" data-element_type=\"column\">\n\t\t\t<div class=\"elementor-column-wrap elementor-element-populated\">\n\t\t\t\t\t\t\t<div class=\"elementor-widget-wrap\">\n\t\t\t\t\t\t<div class=\"elementor-element elementor-element-6e0efdc7 elementor-widget elementor-widget-spacer\" data-id=\"6e0efdc7\" data-element_type=\"widget\" data-widget_type=\"spacer.default\">\n\t\t\t\t<div class=\"elementor-widget-container\">\n\t\t\t\t\t<div class=\"elementor-spacer\">\n\t\t\t<div class=\"elementor-spacer-inner\"><\/div>\n\t\t<\/div>\n\t\t\t\t<\/div>\n\t\t\t\t<\/div>\n\t\t\t\t<div class=\"elementor-element elementor-element-1335cf7c elementor-widget elementor-widget-text-editor\" data-id=\"1335cf7c\" data-element_type=\"widget\" data-widget_type=\"text-editor.default\">\n\t\t\t\t<div class=\"elementor-widget-container\">\n\t\t\t\t\t<div class=\"elementor-text-editor elementor-clearfix\"><p><span style=\"color: #000000;\"><strong>Trabalhos de Laborat\u00f3rio de Cria\u00e7\u00e3o do Mestrado em Artes e Tecnologias do Som.<\/strong><\/span><\/p><p><strong>Vozes<\/strong><br \/>A pandemia trouxe tempos obscuros para todos os amantes da cultura, no entanto para alguns, a escurid\u00e3o envolveu a sua vida por completo. Desde o in\u00edcio da pandemia, com apenas alguns eventos a serem cancelados, ao escalamento da situa\u00e7\u00e3o, que levou ao fecho de v\u00e1rios palcos e a perda de oportunidades de trabalho de maior parte dos trabalhadores da \u00e1rea. O impacto do v\u00edrus desolou um setor essencial da sociedade, e deixou milhares sem a sua forma principal de sustento. A performance a acontecer na plateia do Teatro Helena S\u00e1 e Costa, procura levar o espetador a refletir sobre a ansiedade \u00e0queles que fazem da cultura a sua vida, sentiram com o agravamento da situa\u00e7\u00e3o. O p\u00fablico \u00e9 transportado para uma numa viagem cronol\u00f3gica pelos eventos da pandemia e as suas consequ\u00eancias na cultura. A atmosfera, o som, as imagens e o ritmo dar\u00e3o a oportunidade ao espetador de sentir em primeira m\u00e3o os altos e baixos da pandemia, inserindo-o na pele de um profissional da cultura nos dias de hoje, desde a incerteza inicial do primeiro confinamento, ao desespero sentido ainda atualmente. Atrav\u00e9s da performance, procurar-se-\u00e1 mostrar a resili\u00eancia, a determina\u00e7\u00e3o e a coragem de artistas e t\u00e9cnicos cujas atividades abrangem as artes e a cultura.<\/p><p><strong>Rastos<\/strong><br \/>No rasto coexistem aus\u00eancia e presen\u00e7a. \u00c9 o longe atualizado nos vest\u00edgios que deixa, a durar, intang\u00edveis. Com a instala\u00e7\u00e3o sonora no palco do Teatro Helena S\u00e1 e Costa, propomos a escuta dos ecos de diferentes tempos impregnados no espa\u00e7o, a partir de sua reconstru\u00e7\u00e3o em recorda\u00e7\u00f5es e especula\u00e7\u00f5es, e capta\u00e7\u00e3o sonora ao vivo. S\u00e3o tr\u00eas as camadas sonoras: uma de vozes de ex-alunos do Magist\u00e9rio Prim\u00e1rio que ocupavam o edif\u00edcio no per\u00edodo do Estado Novo e na transi\u00e7\u00e3o para a democracia; outra de field recordings realizadas no espa\u00e7o da escola -ecos do \u00e1trio que existia antes da constru\u00e7\u00e3o do teatro; e uma terceira de capta\u00e7\u00e3o em tempo real de ondas eletromagn\u00e9ticas emitidas pelos circuitos el\u00e9tricos do teatro, pass\u00edveis de interfer\u00eancia por quem l\u00e1 passe.\u00a0 Tais perspetivas sonoras, normalmente ignoradas ou vistas como perif\u00e9ricas em teatros convencionais, s\u00e3o vocalizadas no centro do palco e tornadas contempor\u00e2neas umas \u00e0s outras, transmitidas por um r\u00e1dio anal\u00f3gico -s\u00edmbolo do 25 de abril -sintonizado manualmente, e por uma nuvem de micro altifalantes suspensos. O resultado \u00e9 uma rede temporal \u00fanica, sem in\u00edcio e sem fim, que acaba por deixar as suas pr\u00f3prias pegadas.<\/p><p><strong>CAT.<\/strong><br \/>Criando um bypass \u00e0 no\u00e7\u00e3o de uma instala\u00e7\u00e3o <em>site specific<\/em>, a ideia come\u00e7a por colocar a audi\u00eancia num espa\u00e7o qualquer, sendo que este se apresenta vazio. Atrav\u00e9s de uma apresenta\u00e7\u00e3o audiovisual, a instala\u00e7\u00e3o consiste na reflex\u00e3o de cat\u00e1strofes com o sincronismo\/assincronismo de uma composi\u00e7\u00e3o sonora que acompanhar\u00e1 linearmente ou n\u00e3o, a montagem das imagens transmitidas em v\u00eddeo. A apresenta\u00e7\u00e3o envolve trabalho de luz, som e imagem e pretende criar uma tens\u00e3o entre a obra de arte e o p\u00fablico, passando, todos os elementos, pelas fases \u201cnormalidade \u2013cat\u00e1strofe \u2013reconstru\u00e7\u00e3o \u2013normalidade oposta\u201d.<\/p><\/div>\n\t\t\t\t<\/div>\n\t\t\t\t<\/div>\n\t\t\t\t\t\t<\/div>\n\t\t\t\t\t<\/div>\n\t\t<\/div>\n\t\t\t\t<div class=\"elementor-column elementor-col-50 elementor-top-column elementor-element elementor-element-29a8ab24\" data-id=\"29a8ab24\" data-element_type=\"column\" data-settings=\"{&quot;background_background&quot;:&quot;classic&quot;}\">\n\t\t\t<div class=\"elementor-column-wrap elementor-element-populated\">\n\t\t\t\t\t<div class=\"elementor-background-overlay\"><\/div>\n\t\t\t\t\t\t\t<div class=\"elementor-widget-wrap\">\n\t\t\t\t\t\t<div class=\"elementor-element elementor-element-12bb0d13 elementor-widget elementor-widget-spacer\" data-id=\"12bb0d13\" data-element_type=\"widget\" data-widget_type=\"spacer.default\">\n\t\t\t\t<div class=\"elementor-widget-container\">\n\t\t\t\t\t<div class=\"elementor-spacer\">\n\t\t\t<div class=\"elementor-spacer-inner\"><\/div>\n\t\t<\/div>\n\t\t\t\t<\/div>\n\t\t\t\t<\/div>\n\t\t\t\t<div class=\"elementor-element elementor-element-651112cb elementor-widget elementor-widget-image\" data-id=\"651112cb\" data-element_type=\"widget\" data-widget_type=\"image.default\">\n\t\t\t\t<div class=\"elementor-widget-container\">\n\t\t\t\t\t<div class=\"elementor-image\">\n\t\t\t\t\t\t\t\t\t\t<img decoding=\"async\" src=\"http:\/\/thsc.pt\/wp-content\/uploads\/elementor\/thumbs\/matslabcaratz-site@3x-p7fyog1i0h3w2rxn1w2tzmthzt2zkqonp1x3kh12fk.png\" title=\"matslabcartaz\" alt=\"matslabcartaz\" \/>\t\t\t\t\t\t\t\t\t\t\t<\/div>\n\t\t\t\t<\/div>\n\t\t\t\t<\/div>\n\t\t\t\t\t\t<\/div>\n\t\t\t\t\t<\/div>\n\t\t<\/div>\n\t\t\t\t\t\t\t\t<\/div>\n\t\t\t\t\t<\/div>\n\t\t<\/section>\n\t\t\t\t<section class=\"elementor-section elementor-top-section elementor-element elementor-element-5d7d201c elementor-section-boxed elementor-section-height-default elementor-section-height-default\" data-id=\"5d7d201c\" data-element_type=\"section\" data-settings=\"{&quot;background_background&quot;:&quot;classic&quot;}\">\n\t\t\t\t\t\t<div class=\"elementor-container elementor-column-gap-default\">\n\t\t\t\t\t\t\t<div class=\"elementor-row\">\n\t\t\t\t\t\t\t\t\t<\/div>\n\t\t\t\t\t<\/div>\n\t\t<\/section>\n\t\t\t\t<section class=\"elementor-section elementor-top-section elementor-element elementor-element-1a44d755 elementor-section-full_width elementor-section-height-min-height elementor-section-height-default elementor-section-items-middle\" data-id=\"1a44d755\" data-element_type=\"section\" data-settings=\"{&quot;background_background&quot;:&quot;classic&quot;}\">\n\t\t\t\t\t\t<div class=\"elementor-container elementor-column-gap-no\">\n\t\t\t\t\t\t\t<div class=\"elementor-row\">\n\t\t\t\t\t<div class=\"elementor-column elementor-col-50 elementor-top-column elementor-element elementor-element-1a47b2ac\" data-id=\"1a47b2ac\" data-element_type=\"column\">\n\t\t\t<div class=\"elementor-column-wrap elementor-element-populated\">\n\t\t\t\t\t\t\t<div class=\"elementor-widget-wrap\">\n\t\t\t\t\t\t<div class=\"elementor-element elementor-element-1aad2caf elementor-widget elementor-widget-text-editor\" data-id=\"1aad2caf\" data-element_type=\"widget\" data-widget_type=\"text-editor.default\">\n\t\t\t\t<div class=\"elementor-widget-container\">\n\t\t\t\t\t<div class=\"elementor-text-editor elementor-clearfix\"><blockquote><p class=\"p1\"><span style=\"color: #333333;\"><strong>Ficha T\u00e9cnica<\/strong><\/span><\/p><\/blockquote><p><span style=\"color: #000000;\"><strong>Vozes<\/strong><\/span><br \/><span style=\"color: #000000;\">Alexandre Esteves<\/span><br \/><span style=\"color: #000000;\">Helena Cristina<\/span><br \/><span style=\"color: #000000;\">Vasco Faim<\/span><\/p><p><span style=\"color: #000000;\"><b>Rastos<\/b><b><\/b><\/span><br \/><span style=\"color: #000000;\">Diogo Freitas<\/span><br \/><span style=\"color: #000000;\">Lea Taragona<\/span><br \/><span style=\"color: #000000;\">Tom\u00e1s Quintais<\/span><\/p><\/div>\n\t\t\t\t<\/div>\n\t\t\t\t<\/div>\n\t\t\t\t\t\t<\/div>\n\t\t\t\t\t<\/div>\n\t\t<\/div>\n\t\t\t\t<div class=\"elementor-column elementor-col-50 elementor-top-column elementor-element elementor-element-7bf2c94d\" data-id=\"7bf2c94d\" data-element_type=\"column\">\n\t\t\t<div class=\"elementor-column-wrap elementor-element-populated\">\n\t\t\t\t\t\t\t<div class=\"elementor-widget-wrap\">\n\t\t\t\t\t\t<div class=\"elementor-element elementor-element-5a6373d elementor-widget elementor-widget-text-editor\" data-id=\"5a6373d\" data-element_type=\"widget\" data-widget_type=\"text-editor.default\">\n\t\t\t\t<div class=\"elementor-widget-container\">\n\t\t\t\t\t<div class=\"elementor-text-editor elementor-clearfix\"><p>\u00a0<\/p><p>\u00a0<\/p><p><span style=\"color: #000000;\"><strong>CAT.<\/strong><\/span><br \/><span style=\"color: #000000;\">Bruna Curva<\/span><br \/><span style=\"color: #000000;\">Guilherme Bezerra<\/span><br \/><span style=\"color: #000000;\">Jo\u00e3o Alves<\/span><\/p><\/div>\n\t\t\t\t<\/div>\n\t\t\t\t<\/div>\n\t\t\t\t\t\t<\/div>\n\t\t\t\t\t<\/div>\n\t\t<\/div>\n\t\t\t\t\t\t\t\t<\/div>\n\t\t\t\t\t<\/div>\n\t\t<\/section>\n\t\t\t\t\t\t<\/div>\n\t\t\t\t\t\t<\/div>\n\t\t\t\t\t<\/div>\n\t\t","protected":false},"excerpt":{"rendered":"<p>MATS Lab &#8211; 23 e 25 de maio &#8211;\u00a0 Domingo, 23 de maio \u2013 11h00 | 15h00 | 17h00Ter\u00e7a-feira, 25 [&hellip;]<\/p>\n","protected":false},"author":1,"featured_media":0,"parent":0,"menu_order":0,"comment_status":"closed","ping_status":"closed","template":"","meta":[],"_links":{"self":[{"href":"http:\/\/thsc.pt\/index.php?rest_route=\/wp\/v2\/pages\/2420"}],"collection":[{"href":"http:\/\/thsc.pt\/index.php?rest_route=\/wp\/v2\/pages"}],"about":[{"href":"http:\/\/thsc.pt\/index.php?rest_route=\/wp\/v2\/types\/page"}],"author":[{"embeddable":true,"href":"http:\/\/thsc.pt\/index.php?rest_route=\/wp\/v2\/users\/1"}],"replies":[{"embeddable":true,"href":"http:\/\/thsc.pt\/index.php?rest_route=%2Fwp%2Fv2%2Fcomments&post=2420"}],"version-history":[{"count":3,"href":"http:\/\/thsc.pt\/index.php?rest_route=\/wp\/v2\/pages\/2420\/revisions"}],"predecessor-version":[{"id":2429,"href":"http:\/\/thsc.pt\/index.php?rest_route=\/wp\/v2\/pages\/2420\/revisions\/2429"}],"wp:attachment":[{"href":"http:\/\/thsc.pt\/index.php?rest_route=%2Fwp%2Fv2%2Fmedia&parent=2420"}],"curies":[{"name":"wp","href":"https:\/\/api.w.org\/{rel}","templated":true}]}}