{"id":2394,"date":"2021-05-07T16:57:17","date_gmt":"2021-05-07T16:57:17","guid":{"rendered":"http:\/\/thsc.pt\/?page_id=2394"},"modified":"2021-05-28T09:48:03","modified_gmt":"2021-05-28T09:48:03","slug":"aqui","status":"publish","type":"page","link":"http:\/\/thsc.pt\/?page_id=2394","title":{"rendered":"AQUI"},"content":{"rendered":"\t\t<div data-elementor-type=\"wp-page\" data-elementor-id=\"2394\" class=\"elementor elementor-2394\" data-elementor-settings=\"[]\">\n\t\t\t\t\t\t<div class=\"elementor-inner\">\n\t\t\t\t\t\t\t<div class=\"elementor-section-wrap\">\n\t\t\t\t\t\t\t<section class=\"elementor-section elementor-top-section elementor-element elementor-element-1ce7a7cb elementor-section-height-min-height elementor-section-boxed elementor-section-height-default elementor-section-items-middle\" data-id=\"1ce7a7cb\" data-element_type=\"section\" data-settings=\"{&quot;background_background&quot;:&quot;classic&quot;}\">\n\t\t\t\t\t\t\t<div class=\"elementor-background-overlay\"><\/div>\n\t\t\t\t\t\t\t<div class=\"elementor-container elementor-column-gap-default\">\n\t\t\t\t\t\t\t<div class=\"elementor-row\">\n\t\t\t\t\t<div class=\"elementor-column elementor-col-100 elementor-top-column elementor-element elementor-element-3fd1c99b\" data-id=\"3fd1c99b\" data-element_type=\"column\">\n\t\t\t<div class=\"elementor-column-wrap elementor-element-populated\">\n\t\t\t\t\t\t\t<div class=\"elementor-widget-wrap\">\n\t\t\t\t\t\t<div class=\"elementor-element elementor-element-3bf1784b elementor-widget elementor-widget-spacer\" data-id=\"3bf1784b\" data-element_type=\"widget\" data-widget_type=\"spacer.default\">\n\t\t\t\t<div class=\"elementor-widget-container\">\n\t\t\t\t\t<div class=\"elementor-spacer\">\n\t\t\t<div class=\"elementor-spacer-inner\"><\/div>\n\t\t<\/div>\n\t\t\t\t<\/div>\n\t\t\t\t<\/div>\n\t\t\t\t<div class=\"elementor-element elementor-element-20621108 elementor-widget elementor-widget-heading\" data-id=\"20621108\" data-element_type=\"widget\" data-widget_type=\"heading.default\">\n\t\t\t\t<div class=\"elementor-widget-container\">\n\t\t\t<h1 class=\"elementor-heading-title elementor-size-large\">AQUI<\/h1>\t\t<\/div>\n\t\t\t\t<\/div>\n\t\t\t\t<div class=\"elementor-element elementor-element-32bdf5ba elementor-widget elementor-widget-text-editor\" data-id=\"32bdf5ba\" data-element_type=\"widget\" data-widget_type=\"text-editor.default\">\n\t\t\t\t<div class=\"elementor-widget-container\">\n\t\t\t\t\t<div class=\"elementor-text-editor elementor-clearfix\"><h2><strong><span style=\"color: #ffffff;\">&#8211; 11 e 12 de junho &#8211;\u00a0<\/span><\/strong><\/h2><p>Sexta-feira, 11 de junho \u2013 19h30<br \/>S\u00e1bado, 12 de junho &#8211; 19h30<\/p><\/div>\n\t\t\t\t<\/div>\n\t\t\t\t<\/div>\n\t\t\t\t<section class=\"elementor-section elementor-inner-section elementor-element elementor-element-19eead7c elementor-section-content-middle elementor-section-boxed elementor-section-height-default elementor-section-height-default\" data-id=\"19eead7c\" data-element_type=\"section\">\n\t\t\t\t\t\t<div class=\"elementor-container elementor-column-gap-extended\">\n\t\t\t\t\t\t\t<div class=\"elementor-row\">\n\t\t\t\t\t<div class=\"elementor-column elementor-col-100 elementor-inner-column elementor-element elementor-element-602596f\" data-id=\"602596f\" data-element_type=\"column\">\n\t\t\t<div class=\"elementor-column-wrap elementor-element-populated\">\n\t\t\t\t\t\t\t<div class=\"elementor-widget-wrap\">\n\t\t\t\t\t\t<div class=\"elementor-element elementor-element-453c981a elementor-widget elementor-widget-text-editor\" data-id=\"453c981a\" data-element_type=\"widget\" data-widget_type=\"text-editor.default\">\n\t\t\t\t<div class=\"elementor-widget-container\">\n\t\t\t\t\t<div class=\"elementor-text-editor elementor-clearfix\"><h5><span style=\"color: #ffffff;\"><b><span style=\"font-family: var( --e-global-typography-text-font-family );\">\u00a0M\/12 | BILHETES : 5\u20ac\u00a0<\/span><\/b><\/span><\/h5><\/div>\n\t\t\t\t<\/div>\n\t\t\t\t<\/div>\n\t\t\t\t\t\t<\/div>\n\t\t\t\t\t<\/div>\n\t\t<\/div>\n\t\t\t\t\t\t\t\t<\/div>\n\t\t\t\t\t<\/div>\n\t\t<\/section>\n\t\t\t\t\t\t<\/div>\n\t\t\t\t\t<\/div>\n\t\t<\/div>\n\t\t\t\t\t\t\t\t<\/div>\n\t\t\t\t\t<\/div>\n\t\t<\/section>\n\t\t\t\t<section class=\"elementor-section elementor-top-section elementor-element elementor-element-344bef7a elementor-section-boxed elementor-section-height-default elementor-section-height-default\" data-id=\"344bef7a\" data-element_type=\"section\" data-settings=\"{&quot;background_background&quot;:&quot;classic&quot;}\">\n\t\t\t\t\t\t<div class=\"elementor-container elementor-column-gap-default\">\n\t\t\t\t\t\t\t<div class=\"elementor-row\">\n\t\t\t\t\t<div class=\"elementor-column elementor-col-50 elementor-top-column elementor-element elementor-element-2d09f5a7\" data-id=\"2d09f5a7\" data-element_type=\"column\">\n\t\t\t<div class=\"elementor-column-wrap elementor-element-populated\">\n\t\t\t\t\t\t\t<div class=\"elementor-widget-wrap\">\n\t\t\t\t\t\t<div class=\"elementor-element elementor-element-3b9bcf60 elementor-widget elementor-widget-spacer\" data-id=\"3b9bcf60\" data-element_type=\"widget\" data-widget_type=\"spacer.default\">\n\t\t\t\t<div class=\"elementor-widget-container\">\n\t\t\t\t\t<div class=\"elementor-spacer\">\n\t\t\t<div class=\"elementor-spacer-inner\"><\/div>\n\t\t<\/div>\n\t\t\t\t<\/div>\n\t\t\t\t<\/div>\n\t\t\t\t<div class=\"elementor-element elementor-element-57dec235 elementor-widget elementor-widget-text-editor\" data-id=\"57dec235\" data-element_type=\"widget\" data-widget_type=\"text-editor.default\">\n\t\t\t\t<div class=\"elementor-widget-container\">\n\t\t\t\t\t<div class=\"elementor-text-editor elementor-clearfix\"><p><strong>EXERCICIO-ESPET\u00c1CULO DOS ALUNOS DE MESTRADO EM ARTES C\u00c9NICAS DA ESMAE<\/strong><\/p><p>Projeto de investiga\u00e7\u00e3o do 1\u00ba ano do Mestrado em Artes C\u00e9nicas que reflete algumas das vontades de pesquisa pr\u00e1tica em artes. A equipa, constitu\u00edda por Ana Carolina Santos, Ana Vargas, Andreia Fraga, Ant\u00f3nio J\u00falio, Beatriz Filomeno, Clementina Delgado, Francisco Almeida, L\u00facia Lopes, Jordann Santos e Susana Lamar\u00e3o, desenvolve alguns dos interesses que aqui se expressam:<\/p><p>Aqui, n\u00e3o estar dentro nem fora mas entre. Adentrar uma linha e perder-se.<\/p><p>Aqui, os desfasamentos da penumbra \u2013 onde n\u00e3o h\u00e1 luz poss\u00edvel sem os seus rastos de escurid\u00e3o.<\/p><p>Aqui, cada casca uma persona. Persona visual. Transmuta\u00e7\u00e3o.<\/p><p>Aqui, o lugar de exist\u00eancia. De fragmenta\u00e7\u00e3o.<\/p><p>Aqui, os batimentos de luz que se transformam em rastos de um eco.<\/p><p>Aqui, os sinais de quem se deixa permanecer.<\/p><p><span style=\"text-decoration: line-through;\">\u00a0<\/span><\/p><p>Aqui, onde em cada queda nasce uma flor.<\/p><p>Aqui, perto de um amante inexistente, por\u00e9m, vis\u00edvel.<\/p><p>Aqui, o corpo \u2013 a prova de um crime.<\/p><p>Aqui, o ru\u00eddo envolvente, que faz do presente uma sala vazia e espelhada que s\u00f3 vive virada para dentro.<\/p><p>Aqui perto, havia um lago. As \u00e1guas eram paradas e quando chovia ficavam da cor da terra. Castanha. Na primavera, eu e os meus amigos corr\u00edamos at\u00e9 l\u00e1 e divert\u00edamo-nos a atirar pedrinhas para a \u00e1gua. Gost\u00e1vamos de nos ver refletidos, \u00e9ramos n\u00f3s em movimento. No inverno a \u00e1gua ficava da cor do c\u00e9u. Escura. \u00cdamos l\u00e1 muitas vezes para nos vermos mais velhos. H\u00e1 pouco tempo voltei aqui. Chovia nesse dia. O c\u00e9u estava carregado. A \u00e1gua escura. Mas resolvi atirar as pedrinhas e ver-me em movimento.<\/p><\/div>\n\t\t\t\t<\/div>\n\t\t\t\t<\/div>\n\t\t\t\t\t\t<\/div>\n\t\t\t\t\t<\/div>\n\t\t<\/div>\n\t\t\t\t<div class=\"elementor-column elementor-col-50 elementor-top-column elementor-element elementor-element-215c086c\" data-id=\"215c086c\" data-element_type=\"column\" data-settings=\"{&quot;background_background&quot;:&quot;classic&quot;}\">\n\t\t\t<div class=\"elementor-column-wrap elementor-element-populated\">\n\t\t\t\t\t<div class=\"elementor-background-overlay\"><\/div>\n\t\t\t\t\t\t\t<div class=\"elementor-widget-wrap\">\n\t\t\t\t\t\t<div class=\"elementor-element elementor-element-597c56cb elementor-widget elementor-widget-spacer\" data-id=\"597c56cb\" data-element_type=\"widget\" data-widget_type=\"spacer.default\">\n\t\t\t\t<div class=\"elementor-widget-container\">\n\t\t\t\t\t<div class=\"elementor-spacer\">\n\t\t\t<div class=\"elementor-spacer-inner\"><\/div>\n\t\t<\/div>\n\t\t\t\t<\/div>\n\t\t\t\t<\/div>\n\t\t\t\t<div class=\"elementor-element elementor-element-36bd1712 elementor-widget elementor-widget-image\" data-id=\"36bd1712\" data-element_type=\"widget\" data-widget_type=\"image.default\">\n\t\t\t\t<div class=\"elementor-widget-container\">\n\t\t\t\t\t<div class=\"elementor-image\">\n\t\t\t\t\t\t\t\t\t\t<img decoding=\"async\" src=\"http:\/\/thsc.pt\/wp-content\/uploads\/elementor\/thumbs\/Imagem-de-referencia-FINAL-com-reflexo-sem-data_page-0001-p6tqxtm7g6wyulx52hhrcci2qgecr8wocp7sdf68i8.jpg\" title=\"metamorfoses_aqui\" alt=\"metamorfoses_aqui\" \/>\t\t\t\t\t\t\t\t\t\t\t<\/div>\n\t\t\t\t<\/div>\n\t\t\t\t<\/div>\n\t\t\t\t\t\t<\/div>\n\t\t\t\t\t<\/div>\n\t\t<\/div>\n\t\t\t\t\t\t\t\t<\/div>\n\t\t\t\t\t<\/div>\n\t\t<\/section>\n\t\t\t\t<section class=\"elementor-section elementor-top-section elementor-element elementor-element-438e6b65 elementor-section-boxed elementor-section-height-default elementor-section-height-default\" data-id=\"438e6b65\" data-element_type=\"section\" data-settings=\"{&quot;background_background&quot;:&quot;classic&quot;}\">\n\t\t\t\t\t\t<div class=\"elementor-container elementor-column-gap-default\">\n\t\t\t\t\t\t\t<div class=\"elementor-row\">\n\t\t\t\t\t\t\t\t\t<\/div>\n\t\t\t\t\t<\/div>\n\t\t<\/section>\n\t\t\t\t<section class=\"elementor-section elementor-top-section elementor-element elementor-element-32080a7d elementor-section-full_width elementor-section-height-min-height elementor-section-height-default elementor-section-items-middle\" data-id=\"32080a7d\" data-element_type=\"section\" data-settings=\"{&quot;background_background&quot;:&quot;classic&quot;}\">\n\t\t\t\t\t\t<div class=\"elementor-container elementor-column-gap-no\">\n\t\t\t\t\t\t\t<div class=\"elementor-row\">\n\t\t\t\t\t<div class=\"elementor-column elementor-col-50 elementor-top-column elementor-element elementor-element-484f64db\" data-id=\"484f64db\" data-element_type=\"column\">\n\t\t\t<div class=\"elementor-column-wrap\">\n\t\t\t\t\t\t\t<div class=\"elementor-widget-wrap\">\n\t\t\t\t\t\t\t\t<\/div>\n\t\t\t\t\t<\/div>\n\t\t<\/div>\n\t\t\t\t<div class=\"elementor-column elementor-col-50 elementor-top-column elementor-element elementor-element-21a58901\" data-id=\"21a58901\" data-element_type=\"column\">\n\t\t\t<div class=\"elementor-column-wrap\">\n\t\t\t\t\t\t\t<div class=\"elementor-widget-wrap\">\n\t\t\t\t\t\t\t\t<\/div>\n\t\t\t\t\t<\/div>\n\t\t<\/div>\n\t\t\t\t\t\t\t\t<\/div>\n\t\t\t\t\t<\/div>\n\t\t<\/section>\n\t\t\t\t\t\t<\/div>\n\t\t\t\t\t\t<\/div>\n\t\t\t\t\t<\/div>\n\t\t","protected":false},"excerpt":{"rendered":"<p>AQUI &#8211; 11 e 12 de junho &#8211;\u00a0 Sexta-feira, 11 de junho \u2013 19h30S\u00e1bado, 12 de junho &#8211; 19h30 \u00a0M\/12 [&hellip;]<\/p>\n","protected":false},"author":1,"featured_media":0,"parent":0,"menu_order":0,"comment_status":"closed","ping_status":"closed","template":"","meta":[],"_links":{"self":[{"href":"http:\/\/thsc.pt\/index.php?rest_route=\/wp\/v2\/pages\/2394"}],"collection":[{"href":"http:\/\/thsc.pt\/index.php?rest_route=\/wp\/v2\/pages"}],"about":[{"href":"http:\/\/thsc.pt\/index.php?rest_route=\/wp\/v2\/types\/page"}],"author":[{"embeddable":true,"href":"http:\/\/thsc.pt\/index.php?rest_route=\/wp\/v2\/users\/1"}],"replies":[{"embeddable":true,"href":"http:\/\/thsc.pt\/index.php?rest_route=%2Fwp%2Fv2%2Fcomments&post=2394"}],"version-history":[{"count":3,"href":"http:\/\/thsc.pt\/index.php?rest_route=\/wp\/v2\/pages\/2394\/revisions"}],"predecessor-version":[{"id":2434,"href":"http:\/\/thsc.pt\/index.php?rest_route=\/wp\/v2\/pages\/2394\/revisions\/2434"}],"wp:attachment":[{"href":"http:\/\/thsc.pt\/index.php?rest_route=%2Fwp%2Fv2%2Fmedia&parent=2394"}],"curies":[{"name":"wp","href":"https:\/\/api.w.org\/{rel}","templated":true}]}}