{"id":2348,"date":"2021-05-06T15:45:42","date_gmt":"2021-05-06T15:45:42","guid":{"rendered":"http:\/\/thsc.pt\/?page_id=2348"},"modified":"2021-05-11T11:57:33","modified_gmt":"2021-05-11T11:57:33","slug":"autoficcoes","status":"publish","type":"page","link":"http:\/\/thsc.pt\/?page_id=2348","title":{"rendered":"Autofic\u00e7\u00f5es"},"content":{"rendered":"\t\t<div data-elementor-type=\"wp-page\" data-elementor-id=\"2348\" class=\"elementor elementor-2348\" data-elementor-settings=\"[]\">\n\t\t\t\t\t\t<div class=\"elementor-inner\">\n\t\t\t\t\t\t\t<div class=\"elementor-section-wrap\">\n\t\t\t\t\t\t\t<section class=\"elementor-section elementor-top-section elementor-element elementor-element-349fcdcf elementor-section-height-min-height elementor-section-boxed elementor-section-height-default elementor-section-items-middle\" data-id=\"349fcdcf\" data-element_type=\"section\" data-settings=\"{&quot;background_background&quot;:&quot;classic&quot;}\">\n\t\t\t\t\t\t\t<div class=\"elementor-background-overlay\"><\/div>\n\t\t\t\t\t\t\t<div class=\"elementor-container elementor-column-gap-default\">\n\t\t\t\t\t\t\t<div class=\"elementor-row\">\n\t\t\t\t\t<div class=\"elementor-column elementor-col-100 elementor-top-column elementor-element elementor-element-3e28117c\" data-id=\"3e28117c\" data-element_type=\"column\">\n\t\t\t<div class=\"elementor-column-wrap elementor-element-populated\">\n\t\t\t\t\t\t\t<div class=\"elementor-widget-wrap\">\n\t\t\t\t\t\t<div class=\"elementor-element elementor-element-421c83d3 elementor-widget elementor-widget-spacer\" data-id=\"421c83d3\" data-element_type=\"widget\" data-widget_type=\"spacer.default\">\n\t\t\t\t<div class=\"elementor-widget-container\">\n\t\t\t\t\t<div class=\"elementor-spacer\">\n\t\t\t<div class=\"elementor-spacer-inner\"><\/div>\n\t\t<\/div>\n\t\t\t\t<\/div>\n\t\t\t\t<\/div>\n\t\t\t\t<div class=\"elementor-element elementor-element-4ed36d54 elementor-widget elementor-widget-heading\" data-id=\"4ed36d54\" data-element_type=\"widget\" data-widget_type=\"heading.default\">\n\t\t\t\t<div class=\"elementor-widget-container\">\n\t\t\t<h1 class=\"elementor-heading-title elementor-size-large\">AUTOFIC\u00c7\u00d5ES<\/h1>\t\t<\/div>\n\t\t\t\t<\/div>\n\t\t\t\t<div class=\"elementor-element elementor-element-6a326d19 elementor-widget elementor-widget-text-editor\" data-id=\"6a326d19\" data-element_type=\"widget\" data-widget_type=\"text-editor.default\">\n\t\t\t\t<div class=\"elementor-widget-container\">\n\t\t\t\t\t<div class=\"elementor-text-editor elementor-clearfix\"><h2><span style=\"color: #ffffff;\"><strong>&#8211; 15 de maio &#8211;\u00a0<\/strong><\/span><\/h2><p><br \/>S\u00e1bado, 15 de maio &#8211; 21h00<\/p><\/div>\n\t\t\t\t<\/div>\n\t\t\t\t<\/div>\n\t\t\t\t<section class=\"elementor-section elementor-inner-section elementor-element elementor-element-3c9e8534 elementor-section-content-middle elementor-section-boxed elementor-section-height-default elementor-section-height-default\" data-id=\"3c9e8534\" data-element_type=\"section\">\n\t\t\t\t\t\t<div class=\"elementor-container elementor-column-gap-extended\">\n\t\t\t\t\t\t\t<div class=\"elementor-row\">\n\t\t\t\t\t<div class=\"elementor-column elementor-col-100 elementor-inner-column elementor-element elementor-element-44c7db2e\" data-id=\"44c7db2e\" data-element_type=\"column\">\n\t\t\t<div class=\"elementor-column-wrap elementor-element-populated\">\n\t\t\t\t\t\t\t<div class=\"elementor-widget-wrap\">\n\t\t\t\t\t\t<div class=\"elementor-element elementor-element-793c4d2a elementor-widget elementor-widget-text-editor\" data-id=\"793c4d2a\" data-element_type=\"widget\" data-widget_type=\"text-editor.default\">\n\t\t\t\t<div class=\"elementor-widget-container\">\n\t\t\t\t\t<div class=\"elementor-text-editor elementor-clearfix\"><p>Entrada gratuita (at\u00e9 ao limite da lota\u00e7\u00e3o da sala)<\/p><\/div>\n\t\t\t\t<\/div>\n\t\t\t\t<\/div>\n\t\t\t\t\t\t<\/div>\n\t\t\t\t\t<\/div>\n\t\t<\/div>\n\t\t\t\t\t\t\t\t<\/div>\n\t\t\t\t\t<\/div>\n\t\t<\/section>\n\t\t\t\t\t\t<\/div>\n\t\t\t\t\t<\/div>\n\t\t<\/div>\n\t\t\t\t\t\t\t\t<\/div>\n\t\t\t\t\t<\/div>\n\t\t<\/section>\n\t\t\t\t<section class=\"elementor-section elementor-top-section elementor-element elementor-element-893abd4 elementor-section-boxed elementor-section-height-default elementor-section-height-default\" data-id=\"893abd4\" data-element_type=\"section\" data-settings=\"{&quot;background_background&quot;:&quot;classic&quot;}\">\n\t\t\t\t\t\t<div class=\"elementor-container elementor-column-gap-default\">\n\t\t\t\t\t\t\t<div class=\"elementor-row\">\n\t\t\t\t\t<div class=\"elementor-column elementor-col-50 elementor-top-column elementor-element elementor-element-4f1dd149\" data-id=\"4f1dd149\" data-element_type=\"column\">\n\t\t\t<div class=\"elementor-column-wrap elementor-element-populated\">\n\t\t\t\t\t\t\t<div class=\"elementor-widget-wrap\">\n\t\t\t\t\t\t<div class=\"elementor-element elementor-element-70960b19 elementor-widget elementor-widget-spacer\" data-id=\"70960b19\" data-element_type=\"widget\" data-widget_type=\"spacer.default\">\n\t\t\t\t<div class=\"elementor-widget-container\">\n\t\t\t\t\t<div class=\"elementor-spacer\">\n\t\t\t<div class=\"elementor-spacer-inner\"><\/div>\n\t\t<\/div>\n\t\t\t\t<\/div>\n\t\t\t\t<\/div>\n\t\t\t\t<div class=\"elementor-element elementor-element-33070910 elementor-widget elementor-widget-text-editor\" data-id=\"33070910\" data-element_type=\"widget\" data-widget_type=\"text-editor.default\">\n\t\t\t\t<div class=\"elementor-widget-container\">\n\t\t\t\t\t<div class=\"elementor-text-editor elementor-clearfix\"><p>\u201cHoje \u00e9 dia de fazer um bolo. Tenho de juntar todos os ingredientes. Depois j\u00e1 poderei meter o bolo no forno e observar enquanto ele cresce. Eu estava distra\u00edda e n\u00e3o dei conta que ele queimou. A frustra\u00e7\u00e3o \u00e9 ter perdido todo o trabalho e ter de come\u00e7ar de novo. Sentia-me inquieta e com necessidade de tentar aproveitar os restos bons do bolo queimado. Chego \u00e0 conclus\u00e3o que mesmo no meio de um bolo queimado h\u00e1 sempre algo que se aproveita.\u201d<\/p><p>Aproveitaram-se vidas, viv\u00eancias, epis\u00f3dios de vidas quotidianas, urg\u00eancias de grupo, inquieta\u00e7\u00f5es e frustra\u00e7\u00f5es individuais, hist\u00f3rias reais e\/ou irreais. Nunca saberemos! Em volta de aut\u00eanticas balb\u00fardias entre verdades e\/ou mentiras, fic\u00e7\u00f5es e\/ou realidades, sonhos e\/ou pesadelos abordam-se ambiguidades e dualidades infinitas, criando o que chamamos de Autofic\u00e7\u00f5es, a partir de uma est\u00e9tica p\u00f3s-dram\u00e1tica.<\/p><p>Somos Amadores, com todo amor \u00e0 arte e sem o peso da responsabilidade. Para n\u00f3s o importante \u00e9 a partilha.<\/p><\/div>\n\t\t\t\t<\/div>\n\t\t\t\t<\/div>\n\t\t\t\t\t\t<\/div>\n\t\t\t\t\t<\/div>\n\t\t<\/div>\n\t\t\t\t<div class=\"elementor-column elementor-col-50 elementor-top-column elementor-element elementor-element-2e7cc3c8\" data-id=\"2e7cc3c8\" data-element_type=\"column\" data-settings=\"{&quot;background_background&quot;:&quot;classic&quot;}\">\n\t\t\t<div class=\"elementor-column-wrap elementor-element-populated\">\n\t\t\t\t\t<div class=\"elementor-background-overlay\"><\/div>\n\t\t\t\t\t\t\t<div class=\"elementor-widget-wrap\">\n\t\t\t\t\t\t<div class=\"elementor-element elementor-element-3f207c1d elementor-widget elementor-widget-spacer\" data-id=\"3f207c1d\" data-element_type=\"widget\" data-widget_type=\"spacer.default\">\n\t\t\t\t<div class=\"elementor-widget-container\">\n\t\t\t\t\t<div class=\"elementor-spacer\">\n\t\t\t<div class=\"elementor-spacer-inner\"><\/div>\n\t\t<\/div>\n\t\t\t\t<\/div>\n\t\t\t\t<\/div>\n\t\t\t\t<div class=\"elementor-element elementor-element-18a11c7c elementor-widget elementor-widget-image\" data-id=\"18a11c7c\" data-element_type=\"widget\" data-widget_type=\"image.default\">\n\t\t\t\t<div class=\"elementor-widget-container\">\n\t\t\t\t\t<div class=\"elementor-image\">\n\t\t\t\t\t\t\t\t\t\t<img decoding=\"async\" src=\"http:\/\/thsc.pt\/wp-content\/uploads\/elementor\/thumbs\/cartaz-final_autoficoes-scaled-p70c5jxsmr5whbhg1bxvyvj4gz5ffu1qsg15kn88eo.jpg\" title=\"Cartaz_mestrado\" alt=\"Cartaz_mestrado\" \/>\t\t\t\t\t\t\t\t\t\t\t<\/div>\n\t\t\t\t<\/div>\n\t\t\t\t<\/div>\n\t\t\t\t\t\t<\/div>\n\t\t\t\t\t<\/div>\n\t\t<\/div>\n\t\t\t\t\t\t\t\t<\/div>\n\t\t\t\t\t<\/div>\n\t\t<\/section>\n\t\t\t\t<section class=\"elementor-section elementor-top-section elementor-element elementor-element-758f4ec elementor-section-boxed elementor-section-height-default elementor-section-height-default\" data-id=\"758f4ec\" data-element_type=\"section\" data-settings=\"{&quot;background_background&quot;:&quot;classic&quot;}\">\n\t\t\t\t\t\t<div class=\"elementor-container elementor-column-gap-default\">\n\t\t\t\t\t\t\t<div class=\"elementor-row\">\n\t\t\t\t\t\t\t\t\t<\/div>\n\t\t\t\t\t<\/div>\n\t\t<\/section>\n\t\t\t\t<section class=\"elementor-section elementor-top-section elementor-element elementor-element-76790168 elementor-section-full_width elementor-section-height-min-height elementor-section-height-default elementor-section-items-middle\" data-id=\"76790168\" data-element_type=\"section\" data-settings=\"{&quot;background_background&quot;:&quot;classic&quot;}\">\n\t\t\t\t\t\t<div class=\"elementor-container elementor-column-gap-no\">\n\t\t\t\t\t\t\t<div class=\"elementor-row\">\n\t\t\t\t\t<div class=\"elementor-column elementor-col-50 elementor-top-column elementor-element elementor-element-1a7e8cb4\" data-id=\"1a7e8cb4\" data-element_type=\"column\">\n\t\t\t<div class=\"elementor-column-wrap elementor-element-populated\">\n\t\t\t\t\t\t\t<div class=\"elementor-widget-wrap\">\n\t\t\t\t\t\t<div class=\"elementor-element elementor-element-6833ce7b elementor-widget elementor-widget-text-editor\" data-id=\"6833ce7b\" data-element_type=\"widget\" data-widget_type=\"text-editor.default\">\n\t\t\t\t<div class=\"elementor-widget-container\">\n\t\t\t\t\t<div class=\"elementor-text-editor elementor-clearfix\"><blockquote><p class=\"p1\"><span style=\"color: #000000;\"><strong>Ficha t\u00e9cnica e art\u00edstica<\/strong><\/span><\/p><\/blockquote><p><strong>Dire\u00e7\u00e3o Art\u00edstica e Cria\u00e7\u00e3o<\/strong><br \/>Ana Paula Oliveira<\/p><p><strong>Interpreta\u00e7\u00e3o e Cocria\u00e7\u00e3o<\/strong><br \/>Alexandra de Oliveira<br \/>Carolina Justo Coelho<br \/>J\u00falio Vilas Boas<br \/>T\u00e2nia Vilas Boas<br \/><br \/><strong>Texto<\/strong><br \/>Ana Paula Oliveira<br \/>Alexandra Oliveira<br \/>Carolina Justo<br \/>Coelho<br \/>J\u00falio Vilas Boas<br \/>T\u00e2nia Vilas Boas<br \/><br \/><strong>Sonoplastia<\/strong><br \/>David Moreira<br \/><br \/><\/p><\/div>\n\t\t\t\t<\/div>\n\t\t\t\t<\/div>\n\t\t\t\t\t\t<\/div>\n\t\t\t\t\t<\/div>\n\t\t<\/div>\n\t\t\t\t<div class=\"elementor-column elementor-col-50 elementor-top-column elementor-element elementor-element-2465853f\" data-id=\"2465853f\" data-element_type=\"column\">\n\t\t\t<div class=\"elementor-column-wrap elementor-element-populated\">\n\t\t\t\t\t\t\t<div class=\"elementor-widget-wrap\">\n\t\t\t\t\t\t<div class=\"elementor-element elementor-element-2e0e56b5 elementor-widget elementor-widget-text-editor\" data-id=\"2e0e56b5\" data-element_type=\"widget\" data-widget_type=\"text-editor.default\">\n\t\t\t\t<div class=\"elementor-widget-container\">\n\t\t\t\t\t<div class=\"elementor-text-editor elementor-clearfix\"><p class=\"p1\"><strong><br \/>Fotografia de cena<br \/><\/strong>Rui Miranda<\/p><p class=\"p1\"><strong>Cartaz e Programa<\/strong><br \/>Ana Paula Oliveira<br \/>David Moreira<\/p><p><strong>Agradecimentos<\/strong><br \/>ACIJE<br \/>Camilo Silva<br \/>Claire Binyon<br \/>Cla\u00fadia Marisa<br \/>ESAS<br \/>F\u00e1bio Rocha<br \/>Francisco Faria<br \/>In\u00eas Vicente<br \/>Isaura<br \/>Jos\u00e9<br \/>Miguel Braga<br \/>Samuel Guimar\u00e3es<br \/>S\u00f3nia Passos<br \/>PIF\u2019H<\/p><\/div>\n\t\t\t\t<\/div>\n\t\t\t\t<\/div>\n\t\t\t\t\t\t<\/div>\n\t\t\t\t\t<\/div>\n\t\t<\/div>\n\t\t\t\t\t\t\t\t<\/div>\n\t\t\t\t\t<\/div>\n\t\t<\/section>\n\t\t\t\t\t\t<\/div>\n\t\t\t\t\t\t<\/div>\n\t\t\t\t\t<\/div>\n\t\t","protected":false},"excerpt":{"rendered":"<p>AUTOFIC\u00c7\u00d5ES &#8211; 15 de maio &#8211;\u00a0 S\u00e1bado, 15 de maio &#8211; 21h00 Entrada gratuita (at\u00e9 ao limite da lota\u00e7\u00e3o da [&hellip;]<\/p>\n","protected":false},"author":1,"featured_media":0,"parent":0,"menu_order":0,"comment_status":"closed","ping_status":"closed","template":"","meta":[],"_links":{"self":[{"href":"http:\/\/thsc.pt\/index.php?rest_route=\/wp\/v2\/pages\/2348"}],"collection":[{"href":"http:\/\/thsc.pt\/index.php?rest_route=\/wp\/v2\/pages"}],"about":[{"href":"http:\/\/thsc.pt\/index.php?rest_route=\/wp\/v2\/types\/page"}],"author":[{"embeddable":true,"href":"http:\/\/thsc.pt\/index.php?rest_route=\/wp\/v2\/users\/1"}],"replies":[{"embeddable":true,"href":"http:\/\/thsc.pt\/index.php?rest_route=%2Fwp%2Fv2%2Fcomments&post=2348"}],"version-history":[{"count":6,"href":"http:\/\/thsc.pt\/index.php?rest_route=\/wp\/v2\/pages\/2348\/revisions"}],"predecessor-version":[{"id":2416,"href":"http:\/\/thsc.pt\/index.php?rest_route=\/wp\/v2\/pages\/2348\/revisions\/2416"}],"wp:attachment":[{"href":"http:\/\/thsc.pt\/index.php?rest_route=%2Fwp%2Fv2%2Fmedia&parent=2348"}],"curies":[{"name":"wp","href":"https:\/\/api.w.org\/{rel}","templated":true}]}}