{"id":2296,"date":"2021-04-28T21:05:14","date_gmt":"2021-04-28T21:05:14","guid":{"rendered":"http:\/\/thsc.pt\/?page_id=2296"},"modified":"2021-05-06T21:16:45","modified_gmt":"2021-05-06T21:16:45","slug":"liberdade-non-stop","status":"publish","type":"page","link":"http:\/\/thsc.pt\/?page_id=2296","title":{"rendered":"Liberdade Non-Stop"},"content":{"rendered":"\t\t<div data-elementor-type=\"wp-page\" data-elementor-id=\"2296\" class=\"elementor elementor-2296\" data-elementor-settings=\"[]\">\n\t\t\t\t\t\t<div class=\"elementor-inner\">\n\t\t\t\t\t\t\t<div class=\"elementor-section-wrap\">\n\t\t\t\t\t\t\t<section class=\"elementor-section elementor-top-section elementor-element elementor-element-3d5f5c0e elementor-section-height-min-height elementor-section-boxed elementor-section-height-default elementor-section-items-middle\" data-id=\"3d5f5c0e\" data-element_type=\"section\" data-settings=\"{&quot;background_background&quot;:&quot;classic&quot;}\">\n\t\t\t\t\t\t\t<div class=\"elementor-background-overlay\"><\/div>\n\t\t\t\t\t\t\t<div class=\"elementor-container elementor-column-gap-default\">\n\t\t\t\t\t\t\t<div class=\"elementor-row\">\n\t\t\t\t\t<div class=\"elementor-column elementor-col-100 elementor-top-column elementor-element elementor-element-55ba8050\" data-id=\"55ba8050\" data-element_type=\"column\">\n\t\t\t<div class=\"elementor-column-wrap elementor-element-populated\">\n\t\t\t\t\t\t\t<div class=\"elementor-widget-wrap\">\n\t\t\t\t\t\t<div class=\"elementor-element elementor-element-2122cfb0 elementor-widget elementor-widget-spacer\" data-id=\"2122cfb0\" data-element_type=\"widget\" data-widget_type=\"spacer.default\">\n\t\t\t\t<div class=\"elementor-widget-container\">\n\t\t\t\t\t<div class=\"elementor-spacer\">\n\t\t\t<div class=\"elementor-spacer-inner\"><\/div>\n\t\t<\/div>\n\t\t\t\t<\/div>\n\t\t\t\t<\/div>\n\t\t\t\t<div class=\"elementor-element elementor-element-4c569fbc elementor-widget elementor-widget-heading\" data-id=\"4c569fbc\" data-element_type=\"widget\" data-widget_type=\"heading.default\">\n\t\t\t\t<div class=\"elementor-widget-container\">\n\t\t\t<h1 class=\"elementor-heading-title elementor-size-large\">LIBERDADE <BR>NON-STOP<\/h1>\t\t<\/div>\n\t\t\t\t<\/div>\n\t\t\t\t<div class=\"elementor-element elementor-element-12946047 elementor-widget elementor-widget-text-editor\" data-id=\"12946047\" data-element_type=\"widget\" data-widget_type=\"text-editor.default\">\n\t\t\t\t<div class=\"elementor-widget-container\">\n\t\t\t\t\t<div class=\"elementor-text-editor elementor-clearfix\"><h2><span style=\"color: #ffffff;\"><strong>&#8211; 2 de maio &#8211;\u00a0<\/strong><\/span><\/h2><p>Domingo, 2 de maio \u2013 11h00<\/p><\/div>\n\t\t\t\t<\/div>\n\t\t\t\t<\/div>\n\t\t\t\t<section class=\"elementor-section elementor-inner-section elementor-element elementor-element-6797356b elementor-section-content-middle elementor-section-boxed elementor-section-height-default elementor-section-height-default\" data-id=\"6797356b\" data-element_type=\"section\">\n\t\t\t\t\t\t<div class=\"elementor-container elementor-column-gap-extended\">\n\t\t\t\t\t\t\t<div class=\"elementor-row\">\n\t\t\t\t\t<div class=\"elementor-column elementor-col-100 elementor-inner-column elementor-element elementor-element-75502e19\" data-id=\"75502e19\" data-element_type=\"column\">\n\t\t\t<div class=\"elementor-column-wrap elementor-element-populated\">\n\t\t\t\t\t\t\t<div class=\"elementor-widget-wrap\">\n\t\t\t\t\t\t<div class=\"elementor-element elementor-element-2bc82edc elementor-widget elementor-widget-text-editor\" data-id=\"2bc82edc\" data-element_type=\"widget\" data-widget_type=\"text-editor.default\">\n\t\t\t\t<div class=\"elementor-widget-container\">\n\t\t\t\t\t<div class=\"elementor-text-editor elementor-clearfix\"><h5><span style=\"color: #ffffff;\"><b><span style=\"font-family: var( --e-global-typography-text-font-family );\">M\/6 |\u00a0 BILHETES : 5\u20ac\u00a0<\/span><\/b><\/span><\/h5><\/div>\n\t\t\t\t<\/div>\n\t\t\t\t<\/div>\n\t\t\t\t\t\t<\/div>\n\t\t\t\t\t<\/div>\n\t\t<\/div>\n\t\t\t\t\t\t\t\t<\/div>\n\t\t\t\t\t<\/div>\n\t\t<\/section>\n\t\t\t\t\t\t<\/div>\n\t\t\t\t\t<\/div>\n\t\t<\/div>\n\t\t\t\t\t\t\t\t<\/div>\n\t\t\t\t\t<\/div>\n\t\t<\/section>\n\t\t\t\t<section class=\"elementor-section elementor-top-section elementor-element elementor-element-3e95f78e elementor-section-boxed elementor-section-height-default elementor-section-height-default\" data-id=\"3e95f78e\" data-element_type=\"section\" data-settings=\"{&quot;background_background&quot;:&quot;classic&quot;}\">\n\t\t\t\t\t\t<div class=\"elementor-container elementor-column-gap-default\">\n\t\t\t\t\t\t\t<div class=\"elementor-row\">\n\t\t\t\t\t<div class=\"elementor-column elementor-col-50 elementor-top-column elementor-element elementor-element-2b9b1c28\" data-id=\"2b9b1c28\" data-element_type=\"column\">\n\t\t\t<div class=\"elementor-column-wrap elementor-element-populated\">\n\t\t\t\t\t\t\t<div class=\"elementor-widget-wrap\">\n\t\t\t\t\t\t<div class=\"elementor-element elementor-element-647ccfb elementor-widget elementor-widget-spacer\" data-id=\"647ccfb\" data-element_type=\"widget\" data-widget_type=\"spacer.default\">\n\t\t\t\t<div class=\"elementor-widget-container\">\n\t\t\t\t\t<div class=\"elementor-spacer\">\n\t\t\t<div class=\"elementor-spacer-inner\"><\/div>\n\t\t<\/div>\n\t\t\t\t<\/div>\n\t\t\t\t<\/div>\n\t\t\t\t<div class=\"elementor-element elementor-element-aaa33dd elementor-widget elementor-widget-text-editor\" data-id=\"aaa33dd\" data-element_type=\"widget\" data-widget_type=\"text-editor.default\">\n\t\t\t\t<div class=\"elementor-widget-container\">\n\t\t\t\t\t<div class=\"elementor-text-editor elementor-clearfix\"><p>No dia 25 de Abril de 2020 a classe de Canto do Curso de M\u00fasica Antiga da ESMAE (CMA) fez uma audi\u00e7\u00e3o online para todos a comunidade do CMA. Nesta medida, aquele grupo de jovens cantores preparam v\u00eddeos, de formato livre, que espelharam (e muito) o momento que est\u00e1vamos a viver. Chamei-lhe de <strong>\u201cLiberdade Non-Stop&#8221;<\/strong> porque, apesar de enclausurados e privados do contacto e comunh\u00e3o com aqueles com quem mais gostamos de fazer m\u00fasica, \u00e9 nestes momentos que por vezes a nossa imagina\u00e7\u00e3o vai mais longe.<\/p><p>N\u00e3o eram as circunst\u00e2ncias a que estamos habituados a fazer m\u00fasica e, acrescente-se, nada sab\u00edamos sobre o futuro. Mas esta \u00e9 uma certeza que sempre existe, com ou sem pandemias: nada sabemos sobre o futuro. E, por mais desalento que se possa instalar nas nossas vidas, por mais incertezas que nos enfrentem, importa (pros)seguir e continuar a mentalizar e a materializar, gradualmente, os nossos sonhos. Importa, sim, continuar a cantar e a fazer m\u00fasica.<\/p><p>Neste ano, e continuando a viver circunst\u00e2ncias id\u00eanticas acrescidas -positivamente \u2013 de algumas esperan\u00e7as, apresentamos o concerto <strong>\u201cLiberdade Non-Stop \u2013 parte II\u201d <\/strong>no Teatro Helena S\u00e1 e Costa, a 2 de Maio. Celebramos, assim, o retorno \u00e0 performance no palco, \u00e0 presen\u00e7a do p\u00fablico e \u00e0 partilha da m\u00fasica que os cantores do CMA est\u00e3o a preparar no presente semestre. \u00a0<\/p><p style=\"text-align: right;\">Magna Ferreira<\/p><\/div>\n\t\t\t\t<\/div>\n\t\t\t\t<\/div>\n\t\t\t\t\t\t<\/div>\n\t\t\t\t\t<\/div>\n\t\t<\/div>\n\t\t\t\t<div class=\"elementor-column elementor-col-50 elementor-top-column elementor-element elementor-element-5ac5b99f\" data-id=\"5ac5b99f\" data-element_type=\"column\" data-settings=\"{&quot;background_background&quot;:&quot;classic&quot;}\">\n\t\t\t<div class=\"elementor-column-wrap elementor-element-populated\">\n\t\t\t\t\t<div class=\"elementor-background-overlay\"><\/div>\n\t\t\t\t\t\t\t<div class=\"elementor-widget-wrap\">\n\t\t\t\t\t\t<div class=\"elementor-element elementor-element-3328ab54 elementor-widget elementor-widget-spacer\" data-id=\"3328ab54\" data-element_type=\"widget\" data-widget_type=\"spacer.default\">\n\t\t\t\t<div class=\"elementor-widget-container\">\n\t\t\t\t\t<div class=\"elementor-spacer\">\n\t\t\t<div class=\"elementor-spacer-inner\"><\/div>\n\t\t<\/div>\n\t\t\t\t<\/div>\n\t\t\t\t<\/div>\n\t\t\t\t<div class=\"elementor-element elementor-element-315a697a elementor-widget elementor-widget-image\" data-id=\"315a697a\" data-element_type=\"widget\" data-widget_type=\"image.default\">\n\t\t\t\t<div class=\"elementor-widget-container\">\n\t\t\t\t\t<div class=\"elementor-image\">\n\t\t\t\t\t\t\t\t\t\t<img decoding=\"async\" src=\"http:\/\/thsc.pt\/wp-content\/uploads\/elementor\/thumbs\/20210502layout1_2liberdade-p6ee4a725r7ibq0m2xp21fj5f4jxgj6bh84jjvdtvq.jpg\" title=\"20210502layout1_2liberdade\" alt=\"20210502layout1_2liberdade\" \/>\t\t\t\t\t\t\t\t\t\t\t<\/div>\n\t\t\t\t<\/div>\n\t\t\t\t<\/div>\n\t\t\t\t\t\t<\/div>\n\t\t\t\t\t<\/div>\n\t\t<\/div>\n\t\t\t\t\t\t\t\t<\/div>\n\t\t\t\t\t<\/div>\n\t\t<\/section>\n\t\t\t\t<section class=\"elementor-section elementor-top-section elementor-element elementor-element-475527b5 elementor-section-boxed elementor-section-height-default elementor-section-height-default\" data-id=\"475527b5\" data-element_type=\"section\" data-settings=\"{&quot;background_background&quot;:&quot;classic&quot;}\">\n\t\t\t\t\t\t<div class=\"elementor-container elementor-column-gap-default\">\n\t\t\t\t\t\t\t<div class=\"elementor-row\">\n\t\t\t\t\t\t\t\t\t<\/div>\n\t\t\t\t\t<\/div>\n\t\t<\/section>\n\t\t\t\t<section class=\"elementor-section elementor-top-section elementor-element elementor-element-44be1ff5 elementor-section-full_width elementor-section-height-min-height elementor-section-height-default elementor-section-items-middle\" data-id=\"44be1ff5\" data-element_type=\"section\" data-settings=\"{&quot;background_background&quot;:&quot;classic&quot;}\">\n\t\t\t\t\t\t<div class=\"elementor-container elementor-column-gap-no\">\n\t\t\t\t\t\t\t<div class=\"elementor-row\">\n\t\t\t\t\t<div class=\"elementor-column elementor-col-50 elementor-top-column elementor-element elementor-element-615249\" data-id=\"615249\" data-element_type=\"column\">\n\t\t\t<div class=\"elementor-column-wrap elementor-element-populated\">\n\t\t\t\t\t\t\t<div class=\"elementor-widget-wrap\">\n\t\t\t\t\t\t<div class=\"elementor-element elementor-element-2c3271eb elementor-widget elementor-widget-text-editor\" data-id=\"2c3271eb\" data-element_type=\"widget\" data-widget_type=\"text-editor.default\">\n\t\t\t\t<div class=\"elementor-widget-container\">\n\t\t\t\t\t<div class=\"elementor-text-editor elementor-clearfix\"><blockquote>\n<p class=\"p1\"><span style=\"color: #000000;\"><strong>Programa<\/strong><\/span><\/p>\n<\/blockquote>\n<span style=\"color: #000000;\"><strong>Antonio Vivaldi (1678-1741)<\/strong><\/span>\n<span style=\"color: #000000;\"><em>Filiae Maestae Jerusalem<\/em>, RV 638<\/span>\n<ol>\n \t<li><span style=\"color: #000000;\"><em>Filiae Maestae Jerusalem<\/em> (A1dagio &#8211; RECIT. Accompagnatto)<\/span><\/li>\n \t<li><span style=\"color: #000000;\"><em>Sileant Zephyri<\/em> (Largo &#8211; ARIA)<\/span><\/li>\n \t<li><span style=\"color: #000000;\">\u00a0<em>Sed Tenebris Diffusis<\/em> (Adagio- RECIT. Accompagnatto)<\/span><\/li>\n<\/ol>\n<span style=\"color: #000000;\">Cristiana Alves &#8211; Contratenor<\/span>\n<span style=\"color: #000000;\">Prof. J\u00falio Dias &#8211; Cravo<\/span>\n\n<span style=\"color: #000000;\"><strong>\u00a0<\/strong><\/span>\n\n<span style=\"color: #000000;\"><strong>Georg Friedrich H\u00e4ndel (1685- 1759)<\/strong><\/span>\n<span style=\"color: #000000;\">Cantata <em>Figli del mesto cor<\/em><\/span>\n<p style=\"padding-left: 40px;\"><span style=\"color: #000000;\">Recitativo <em>Figli del mesto cor<\/em><\/span><\/p>\n<p style=\"padding-left: 40px;\"><span style=\"color: #000000;\">\u00c1ria<em> Son pur le lacrime<\/em><\/span><\/p>\n<span style=\"color: #000000;\">\u00d3pera<em> Giulio Cesare <\/em><\/span>\n<p style=\"padding-left: 40px;\"><span style=\"color: #000000;\">\u00c1ria &#8220;Va tacito e nascosto&#8221;<\/span><\/p>\n<span style=\"color: #000000;\">In\u00eas Jo\u00e3o Campos &#8211; Mezzosoprano<\/span><br><span style=\"color: #000000;\">Prof. J\u00falio Dias &#8211; Cravo<\/span>\n\n<span style=\"color: #000000;\"><strong>\u00a0<\/strong><\/span>\n\n<span style=\"color: #000000;\"><em>\u00a0<\/em><\/span>\n\n<span style=\"color: #000000;\"><strong>Domenico Zipoli (1688-1726)<\/strong><\/span>\n\n<span style=\"color: #000000;\">Cantata <em>O Daliso, da quel d\u00ec che partisti <\/em><\/span>\n\n<span style=\"color: #000000;\">Recitativo e \u00e1ria <em>Per pietade aure serene<\/em><\/span>\n\n<span style=\"color: #000000;\"><strong>\u00a0<\/strong><\/span>\n\n<span style=\"color: #000000;\"><strong>Louis-Nicolas Cl\u00e9rambault (1676-1749)<\/strong><\/span>\n\n<span style=\"color: #000000;\">Cantata <em>Orph\u00e9e<\/em><\/span>\n\n<span style=\"color: #000000;\">Recitativo <em>Le fameux chantre de la Thrace<\/em><\/span>\n\n<span style=\"color: #000000;\">\u00c1ria <em>Fidelles Echos de ces Bois<\/em><\/span>\n\n<span style=\"color: #000000;\">Recitativo <em>Mais que sert a mon desespoir<\/em><\/span>\n\n<span style=\"color: #000000;\">\u00c1ria <em>Allez Orph\u00e9e<\/em><\/span>\n\n<span style=\"color: #000000;\">Ros\u00e1rio Tormenta &#8211; Soprano<\/span>\n\n<span style=\"color: #000000;\">Jo\u00e3o T\u00e1vora &#8211; Flauta de Bisel<\/span>\n\n<span style=\"color: #000000;\">Prof. J\u00falio Dias &#8211; Cravo<\/span>\n\n<span style=\"color: #000000;\"><strong>Jean-Philippe Rameau (1683-1764)<\/strong><\/span>\n\n<span style=\"color: #000000;\"><em>Hippolyte et Aricie<\/em><\/span>\n\n<span style=\"color: #000000;\">Recitativo <em>Pour l&#8217;auteur de mes jours<\/em><\/span>\n\n<span style=\"color: #000000;\">\u00c1ria <em>Quel biens!<\/em><\/span>\n\n<span style=\"color: #000000;\"><strong>Giovanni Battista Pergolesi (1710-1736)<\/strong><\/span>\n\n<span style=\"color: #000000;\">Intermezzo <em>La Serva Padrona<\/em><\/span>\n\n<span style=\"color: #000000;\">Recitativo <em>Di\u00a0me, ch&#8217;ho\u00a0pi\u00f9 flemma d&#8217;una bestia<\/em><\/span>\n\n<span style=\"color: #000000;\">\u00c1ria <em>Sempre in contrasti\u00a0con te si sta<\/em><\/span>\n\n<span style=\"color: #000000;\">Miguel Barreira &#8211; Bar\u00edtono<\/span>\n\n<span style=\"color: #000000;\">Prof. J\u00falio Galv\u00e3o &#8211; Cravo<\/span>\n\n<span style=\"color: #000000;\"><strong>Giovanni Bononcini (1670-1747)<\/strong><\/span>\n\n<span style=\"color: #000000;\">Cantata <em>Gia La Stagion d\u2019Amore<\/em><\/span>\n\n<span style=\"color: #000000;\">Recitativo <em>Gia la stagion d\u2019Amore<\/em><\/span>\n\n<span style=\"color: #000000;\">\u00c1ria <em>Vaghe rose aprite il seno<\/em><\/span>\n\n<span style=\"color: #000000;\">Recitativo <em>Pastorella gentile<\/em><\/span>\n\n<span style=\"color: #000000;\">\u00c1ria <em>Ochi vezzosi<\/em><\/span>\n\n<span style=\"color: #000000;\">Francisco Ricardo \u2013 Alto<\/span>\n\n<span style=\"color: #000000;\">Ana Sousa \u2013 Viola da Gamba<\/span>\n\n<span style=\"color: #000000;\">Prof. J\u00falio Dias \u2013 Cravo<\/span>\n<p class=\"p1\" style=\"padding-left: 40px;\"><\/p><\/div>\n\t\t\t\t<\/div>\n\t\t\t\t<\/div>\n\t\t\t\t\t\t<\/div>\n\t\t\t\t\t<\/div>\n\t\t<\/div>\n\t\t\t\t<div class=\"elementor-column elementor-col-50 elementor-top-column elementor-element elementor-element-3a8e29ca\" data-id=\"3a8e29ca\" data-element_type=\"column\">\n\t\t\t<div class=\"elementor-column-wrap elementor-element-populated\">\n\t\t\t\t\t\t\t<div class=\"elementor-widget-wrap\">\n\t\t\t\t\t\t<div class=\"elementor-element elementor-element-6827e34a elementor-widget elementor-widget-text-editor\" data-id=\"6827e34a\" data-element_type=\"widget\" data-widget_type=\"text-editor.default\">\n\t\t\t\t<div class=\"elementor-widget-container\">\n\t\t\t\t\t<div class=\"elementor-text-editor elementor-clearfix\"><\/div>\n\t\t\t\t<\/div>\n\t\t\t\t<\/div>\n\t\t\t\t<div class=\"elementor-element elementor-element-d4d30a1 elementor-widget elementor-widget-text-editor\" data-id=\"d4d30a1\" data-element_type=\"widget\" data-widget_type=\"text-editor.default\">\n\t\t\t\t<div class=\"elementor-widget-container\">\n\t\t\t\t\t<div class=\"elementor-text-editor elementor-clearfix\"><p><span style=\"color: #000000;\"><strong>Georg Friedrich H\u00e4ndel (1685- 1759)<\/strong><\/span><\/p><p><span style=\"color: #000000;\">\u00d3pera<em> Giulio Cesare <\/em><\/span><\/p><p><span style=\"color: #000000;\">Recitativo e \u00e1ria <em>E pur cosi&#8230; Piangero la sorte mia<\/em><\/span><\/p><ol><li><span style=\"color: #000000;\"><strong> G. Kapsbergerg (1580-1651)<\/strong><\/span><\/li><\/ol><p><span style=\"color: #000000;\">\u00c1ria <em>Ancora il re nasce piangendo<\/em><\/span><\/p><p><span style=\"color: #000000;\">Carolina Bermejo &#8211; Soprano<\/span><\/p><p><span style=\"color: #000000;\">Francisca Brum &#8211; Violino Barroco<\/span><\/p><p><span style=\"color: #000000;\">Miguel Azevedo &#8211; Teorba<\/span><\/p><p><span style=\"color: #000000;\">Prof. J\u00falio Dias &#8211; Cravo<\/span><\/p><p><span style=\"color: #000000;\"><strong>Louis-Nicolas Cl\u00e9ramblaut\u00a0(1676-1749)<\/strong><\/span><\/p><p><span style=\"color: #000000;\">Cantata <em>Le Jaloux <\/em><\/span><\/p><p><span style=\"color: #000000;\">\u00c1ria <em>Revien printemps<\/em><\/span><\/p><p><span style=\"color: #000000;\">\u00c1ria <em>Je consens<\/em><\/span><\/p><p><span style=\"color: #000000;\">Recitativo <em>Helas! Pour mon coeur<\/em><\/span><\/p><p><span style=\"color: #000000;\">Jos\u00e9 Carlos Mateus &#8211; Tenor<\/span><\/p><p><span style=\"color: #000000;\">Francisca Brum &#8211; Violino Barroco<\/span><\/p><p><span style=\"color: #000000;\">Ant\u00f3nio Cucu \u2013 Violoncelo Barroco<\/span><\/p><p><span style=\"color: #000000;\">Miguel Azevedo &#8211; Teorba<\/span><\/p><p><span style=\"color: #000000;\">Prof. J\u00falio Dias &#8211; Cravo<\/span><\/p><ol><li><span style=\"color: #000000;\"><strong> Carissimi (<\/strong><strong>1605-1674)<\/strong><\/span><\/li><\/ol><p><span style=\"color: #000000;\"><em>Lamento di Maria Stuarda<\/em><\/span><\/p><p><span style=\"color: #000000;\">Eunice Abranches d&#8217;Aguiar &#8211; Soprano<\/span><\/p><p><span style=\"color: #000000;\">Ezekiel Martins &#8211; Teorba<\/span><\/p><p><span style=\"color: #000000;\">Prof. J\u00falio Dias &#8211; Cravo<\/span><\/p><p><span style=\"color: #000000;\">Prof. Xurxo Varela &#8211; Viola da Gamba<\/span><\/p><p><span style=\"color: #000000;\"><strong>Jean-Baptiste Lully (1632-1687)<\/strong>\u00a0&#8211;\u00a0<em>Cadmus et Hermione<\/em><\/span><\/p><p><span style=\"color: #000000;\"><em>Amour voy quels maux tu nous fais<\/em>\u00a0(\u00c1ria de Hermione)<\/span><\/p><p><span style=\"color: #000000;\"><strong>Jean-Baptiste Lully (1632-1687)<\/strong>\u00a0&#8211;\u00a0<em>Atys<\/em><\/span><\/p><p><span style=\"color: #000000;\"><em>Espoir si cher, et si doux<\/em>\u00a0(\u00c1ria de Cybele)<\/span><\/p><p><span style=\"color: #000000;\"><strong>Michel Lambert (1610-1696)<\/strong><\/span><\/p><p><span style=\"color: #000000;\"><em>Ma Bergere est tendre et fidele<\/em><\/span><\/p><p><span style=\"color: #000000;\">Bianca Alves &#8211; Soprano<\/span><\/p><p><span style=\"color: #000000;\">Francisca Brum \u2013 Violino Barroco<\/span><\/p><p><span style=\"color: #000000;\">Francisco Cymbron \u2013 Violino Barroco<\/span><\/p><p><span style=\"color: #000000;\">Leonor S\u00e1 \u2013 Violoncelo Barroco<\/span><\/p><p><span style=\"color: #000000;\">Pedro Martins &#8211; Ala\u00fade\/Teorba<\/span><\/p><p class=\"p1\" style=\"padding-left: 40px;\"><span style=\"color: #000000;\">Prof. J\u00falio Dias &#8211; Cravo<\/span><\/p><p>\u00a0<\/p><blockquote><p><span style=\"color: #000000;\"><strong>Professoras da Classe de Canto do CMA<\/strong><\/span><\/p><p><span style=\"color: #000000;\">Magna Ferreira, Catarina Costa e Silva, Ana Mafalda Castro.<\/span><\/p><\/blockquote><\/div>\n\t\t\t\t<\/div>\n\t\t\t\t<\/div>\n\t\t\t\t\t\t<\/div>\n\t\t\t\t\t<\/div>\n\t\t<\/div>\n\t\t\t\t\t\t\t\t<\/div>\n\t\t\t\t\t<\/div>\n\t\t<\/section>\n\t\t\t\t\t\t<\/div>\n\t\t\t\t\t\t<\/div>\n\t\t\t\t\t<\/div>\n\t\t","protected":false},"excerpt":{"rendered":"<p>LIBERDADE NON-STOP &#8211; 2 de maio &#8211;\u00a0 Domingo, 2 de maio \u2013 11h00 M\/6 |\u00a0 BILHETES : 5\u20ac\u00a0 No dia [&hellip;]<\/p>\n","protected":false},"author":1,"featured_media":0,"parent":0,"menu_order":0,"comment_status":"closed","ping_status":"closed","template":"","meta":[],"_links":{"self":[{"href":"http:\/\/thsc.pt\/index.php?rest_route=\/wp\/v2\/pages\/2296"}],"collection":[{"href":"http:\/\/thsc.pt\/index.php?rest_route=\/wp\/v2\/pages"}],"about":[{"href":"http:\/\/thsc.pt\/index.php?rest_route=\/wp\/v2\/types\/page"}],"author":[{"embeddable":true,"href":"http:\/\/thsc.pt\/index.php?rest_route=\/wp\/v2\/users\/1"}],"replies":[{"embeddable":true,"href":"http:\/\/thsc.pt\/index.php?rest_route=%2Fwp%2Fv2%2Fcomments&post=2296"}],"version-history":[{"count":4,"href":"http:\/\/thsc.pt\/index.php?rest_route=\/wp\/v2\/pages\/2296\/revisions"}],"predecessor-version":[{"id":2359,"href":"http:\/\/thsc.pt\/index.php?rest_route=\/wp\/v2\/pages\/2296\/revisions\/2359"}],"wp:attachment":[{"href":"http:\/\/thsc.pt\/index.php?rest_route=%2Fwp%2Fv2%2Fmedia&parent=2296"}],"curies":[{"name":"wp","href":"https:\/\/api.w.org\/{rel}","templated":true}]}}